{"id":21340,"date":"2025-10-16T11:55:11","date_gmt":"2025-10-16T11:55:11","guid":{"rendered":"https:\/\/www.ghostysky.com\/?post_type=product&#038;p=21340"},"modified":"2025-10-16T11:55:40","modified_gmt":"2025-10-16T11:55:40","slug":"unitree-a2-standard-version","status":"publish","type":"product","link":"https:\/\/www.ghostysky.com\/fr\/product\/unitree-a2-standard-version\/","title":{"rendered":"Unitree A2 Version Standard"},"content":{"rendered":"<div id=\"model-response-message-contentr_bd6a1f62c43e6c21\" class=\"markdown markdown-main-panel stronger enable-updated-hr-color\" dir=\"ltr\">\n<h3><b>Caract\u00e9ristiques principales<\/b><\/h3>\n<ul>\n<li><b>Capacit\u00e9 de charge utile \u00e0 usage intensif :<\/b><span class=\"citation-141\"> Prend en charge un <\/span><b><span class=\"citation-141\">charge statique maximale jusqu&#039;\u00e0 100 kg<\/span><\/b><span class=\"citation-141\"> et un <\/span><b><span class=\"citation-141\">charge utile de marche continue jusqu&#039;\u00e0 25 kg<\/span><\/b><span class=\"citation-141 citation-end-141\">, ce qui le rend id\u00e9al pour le transport d&#039;outils, d&#039;\u00e9quipements et de r\u00e9seaux de capteurs lourds.<\/span><\/li>\n<li><b><span class=\"citation-140\">Endurance in\u00e9gal\u00e9e :<\/span><\/b><span class=\"citation-140\"> Equip\u00e9 d&#039;un <\/span><b><span class=\"citation-140\">syst\u00e8me \u00e0 double batterie rempla\u00e7able \u00e0 chaud<\/span><\/b><span class=\"citation-140\"> (2x 9000mAh), le A2 peut atteindre jusqu&#039;\u00e0 <\/span><b><span class=\"citation-140 citation-end-140\">5 heures de marche continue (environ<\/span> <span class=\"citation-139\">20 km) \u00e0 vide<\/span><\/b><span class=\"citation-139\">, ou <\/span><b><span class=\"citation-139 citation-end-139\">3 heures (environ)<\/span> <span class=\"citation-138\">12,5 km) avec une charge compl\u00e8te de 25 kg<\/span><\/b><span class=\"citation-138 citation-end-138\">, garantissant que les missions ne soient pas interrompues.<\/span><\/li>\n<li><b><span class=\"citation-137\">Perception z\u00e9ro angle mort :<\/span><\/b><span class=\"citation-137\"> Caract\u00e9ristiques <\/span><b><span class=\"citation-137\">deux capteurs LiDAR de qualit\u00e9 industrielle (avant et arri\u00e8re)<\/span><\/b><span class=\"citation-137\"> combin\u00e9 avec un <\/span><b><span class=\"citation-137\">Cam\u00e9ra HD et \u00e9clairage avant<\/span><\/b><span class=\"citation-137 citation-end-137\">.<\/span> <span class=\"citation-136\">Ce syst\u00e8me avanc\u00e9 fournit <\/span><b><span class=\"citation-136\">Connaissance de la situation \u00e0 360\u00b0<\/span><\/b><span class=\"citation-136 citation-end-136\"> et une cartographie 3D pr\u00e9cise pour une navigation autonome et l&#039;\u00e9vitement des obstacles.<\/span><\/li>\n<li><b><span class=\"citation-135\">Mobilit\u00e9 agressive :<\/span><\/b><span class=\"citation-135 citation-end-135\"> Entra\u00een\u00e9 par 12 moteurs \u00e0 couple \u00e9lev\u00e9 (<\/span><span class=\"math-inline\" data-math=\"\\approx 180 \\text{ N}\\cdot\\text{m}\"><span class=\"katex\"><span class=\"katex-html\" aria-hidden=\"true\"><span class=\"base\"><span class=\"mrel\">\u2248<\/span><\/span><span class=\"base\"><span class=\"mord\">180<\/span><span class=\"mord text\"><span class=\"mord\">\u00a0N<\/span><\/span><span class=\"mbin\">\u22c5<\/span><\/span><span class=\"base\"><span class=\"mord text\"><span class=\"mord\">m<\/span><\/span><\/span><\/span><\/span><\/span><span class=\"citation-134 citation-end-134\">), l&#039;A2 est tr\u00e8s agile, capable d&#039;atteindre une vitesse de pointe allant jusqu&#039;\u00e0 <\/span><b><span class=\"math-inline\" data-math=\"5 \\text{ m\/s}\"><span class=\"katex\"><span class=\"katex-html\" aria-hidden=\"true\"><span class=\"base\"><span class=\"mord\">5<\/span><span class=\"mord text\"><span class=\"mord\">\u00a0MS<\/span><\/span><\/span><\/span><\/span><\/span><\/b><span class=\"citation-133 citation-end-133\">, escalade <\/span><b><span class=\"math-inline\" data-math=\"45^\\circ\"><span class=\"katex\"><span class=\"katex-html\" aria-hidden=\"true\"><span class=\"base\"><span class=\"mord\">4<\/span><span class=\"mord\">5<span class=\"msupsub\"><span class=\"vlist-t\"><span class=\"vlist-r\"><span class=\"vlist\"><span class=\"\"><span class=\"sizing reset-size6 size3 mtight\"><span class=\"mbin mtight\">\u2218<\/span><\/span><\/span><\/span><\/span><\/span><\/span><\/span><\/span><\/span><\/span><\/span><span class=\"citation-132\"> pentes<\/span><\/b><span class=\"citation-132 citation-end-132\">, et n\u00e9gocier les \u00e9tapes et les obstacles jusqu&#039;\u00e0 <\/span><span class=\"math-inline\" data-math=\"1 \\text{ meter}\"><span class=\"katex\"><span class=\"katex-html\" aria-hidden=\"true\"><span class=\"base\"><span class=\"mord\">1<\/span><span class=\"mord text\"><span class=\"mord\">\u00a0m\u00e8tre<\/span><\/span><\/span><\/span><\/span><\/span><span class=\"citation-131 citation-end-131\"> haut.<\/span><\/li>\n<li><b>Fiabilit\u00e9 industrielle :<\/b><span class=\"citation-130\"> Construit avec un alliage d&#039;aluminium et un ch\u00e2ssis en plastique technique \u00e0 haute r\u00e9sistance, le robot a un <\/span><b><span class=\"citation-130\">Indice de protection IP56<\/span><\/b><span class=\"citation-130 citation-end-130\"> pour un fonctionnement fiable dans la poussi\u00e8re et l&#039;eau, et peut fonctionner \u00e0 des temp\u00e9ratures extr\u00eames de <\/span><b><span class=\"math-inline\" data-math=\"-20^\\circ \\text{C}\"><span class=\"katex\"><span class=\"katex-html\" aria-hidden=\"true\"><span class=\"base\"><span class=\"mord\">\u2212<\/span><span class=\"mord\">2<\/span><span class=\"mord\">0<span class=\"msupsub\"><span class=\"vlist-t\"><span class=\"vlist-r\"><span class=\"vlist\"><span class=\"\"><span class=\"sizing reset-size6 size3 mtight\"><span class=\"mbin mtight\">\u2218<\/span><\/span><\/span><\/span><\/span><\/span><\/span><\/span><span class=\"mord text\"><span class=\"mord\">C<\/span><\/span><\/span><\/span><\/span><\/span><span class=\"citation-129 citation-end-129\"> \u00e0 <\/span><span class=\"math-inline\" data-math=\"55^\\circ \\text{C}\"><span class=\"katex\"><span class=\"katex-html\" aria-hidden=\"true\"><span class=\"base\"><span class=\"mord\">5<\/span><span class=\"mord\">5<span class=\"msupsub\"><span class=\"vlist-t\"><span class=\"vlist-r\"><span class=\"vlist\"><span class=\"\"><span class=\"sizing reset-size6 size3 mtight\"><span class=\"mbin mtight\">\u2218<\/span><\/span><\/span><\/span><\/span><\/span><\/span><\/span><span class=\"mord text\"><span class=\"mord\">C<\/span><\/span><\/span><\/span><\/span><\/span><\/b><span class=\"citation-128 citation-end-128\">.<\/span><\/li>\n<li><b><span class=\"citation-127\">Plateforme de d\u00e9veloppement ouverte :<\/span><\/b><span class=\"citation-127\"> Comprend un <\/span><b><span class=\"citation-127\">Processeur hautes performances \u00e0 8 c\u0153urs<\/span><\/b><span class=\"citation-127\"> et un <\/span><b><span class=\"citation-127\">Intel Core i7<\/span><\/b><span class=\"citation-127 citation-end-127\"> processeur pour le d\u00e9veloppement utilisateur, ainsi que plusieurs interfaces (Gigabit Ethernet, USB-C, CAN, RS485) pour prendre en charge les logiciels personnalis\u00e9s et l&#039;int\u00e9gration de capteurs.<\/span><\/li>\n<\/ul>\n<p>La version standard Unitree A2 est la plate-forme id\u00e9ale pour les professionnels n\u00e9cessitant un robot solide, rapide et durable, capable d&#039;\u00eatre d\u00e9ploy\u00e9 sur des terrains difficiles pour des op\u00e9rations prolong\u00e9es et critiques.<\/p>\n<\/div>","protected":false},"excerpt":{"rendered":"<p><b><span class=\"citation-143 citation-end-143\">Le robot quadrup\u00e8de Unitree A2 Standard Version est un robot quadrup\u00e8de de qualit\u00e9 industrielle con\u00e7u pour des performances intensives, une endurance prolong\u00e9e et une perception environnementale avanc\u00e9e dans des applications exigeantes.<\/span><\/b><\/p>\n<p><span class=\"citation-142 citation-end-142\">En tant que plate-forme mat\u00e9rielle mobile robuste, l&#039;A2 est con\u00e7ue pour des t\u00e2ches complexes d&#039;inspection industrielle, de logistique, de recherche et d\u00e9veloppement et de patrouilles de s\u00e9curit\u00e9.<\/span><\/p>\n<div class=\"source-inline-chip-container ng-star-inserted\"><\/div>\n<p>&nbsp;<\/p>","protected":false},"featured_media":21343,"comment_status":"open","ping_status":"closed","template":"","meta":[],"product_brand":[1087],"product_cat":[1039,1037,1085],"product_tag":[1088,1099,1090],"class_list":{"0":"post-21340","1":"product","2":"type-product","3":"status-publish","4":"has-post-thumbnail","6":"product_brand-unitree","7":"product_cat-quadruped","8":"product_cat-robotics","9":"product_cat-unitree-quad-robots","10":"product_tag-unitree","11":"product_tag-unitree-a2b2-series","12":"product_tag-unitree-quadruped-robots","14":"first","15":"onbackorder","16":"taxable","17":"shipping-taxable","18":"purchasable","19":"product-type-simple"},"yoast_head":"<!-- This site is optimized with the Yoast SEO plugin v27.4 - https:\/\/yoast.com\/product\/yoast-seo-wordpress\/ -->\n<title>Unitree A2 Standard Version - Ghostysky<\/title>\n<meta name=\"description\" content=\"The Unitree A2 Standard Version is an industrial-grade quadruped robot engineered for heavy-duty performance, extended endurance, and advanced environmental perception in demanding applications.As a robust mobile hardware platform, the A2 is designed for complex tasks in industrial inspection, logistics, research and development, and security patrols.\" \/>\n<meta name=\"robots\" content=\"index, follow, max-snippet:-1, max-image-preview:large, max-video-preview:-1\" \/>\n<link rel=\"canonical\" href=\"https:\/\/www.ghostysky.com\/fr\/product\/unitree-a2-standard-version\/\" \/>\n<meta property=\"og:locale\" content=\"fr_FR\" \/>\n<meta property=\"og:type\" content=\"article\" \/>\n<meta property=\"og:title\" content=\"Unitree A2 Standard Version - Ghostysky\" \/>\n<meta property=\"og:description\" content=\"The Unitree A2 Standard Version is an industrial-grade quadruped robot engineered for heavy-duty performance, extended endurance, and advanced environmental perception in demanding applications.As a robust mobile hardware platform, the A2 is designed for complex tasks in industrial inspection, logistics, research and development, and security patrols.\" \/>\n<meta property=\"og:url\" content=\"https:\/\/www.ghostysky.com\/fr\/product\/unitree-a2-standard-version\/\" \/>\n<meta property=\"og:site_name\" content=\"Ghostysky\" \/>\n<meta property=\"article:publisher\" content=\"https:\/\/www.facebook.com\/people\/Ghostysky\/100057676170234\/\" \/>\n<meta property=\"article:modified_time\" content=\"2025-10-16T11:55:40+00:00\" \/>\n<meta property=\"og:image\" content=\"https:\/\/www.ghostysky.com\/wp-content\/uploads\/2025\/10\/GH_UnitreeA2_1.webp\" \/>\n\t<meta property=\"og:image:width\" content=\"800\" \/>\n\t<meta property=\"og:image:height\" content=\"800\" \/>\n\t<meta property=\"og:image:type\" content=\"image\/webp\" \/>\n<meta name=\"twitter:card\" content=\"summary_large_image\" \/>\n<meta name=\"twitter:site\" content=\"@Gh0stysky\" \/>\n<meta name=\"twitter:label1\" content=\"Dur\u00e9e de lecture estim\u00e9e\" \/>\n\t<meta name=\"twitter:data1\" content=\"2 minutes\" \/>\n<script type=\"application\/ld+json\" class=\"yoast-schema-graph\">{\"@context\":\"https:\\\/\\\/schema.org\",\"@graph\":[{\"@type\":\"WebPage\",\"@id\":\"https:\\\/\\\/www.ghostysky.com\\\/product\\\/unitree-a2-standard-version\\\/\",\"url\":\"https:\\\/\\\/www.ghostysky.com\\\/product\\\/unitree-a2-standard-version\\\/\",\"name\":\"Unitree A2 Standard Version - Ghostysky\",\"isPartOf\":{\"@id\":\"https:\\\/\\\/www.ghostysky.com\\\/#website\"},\"primaryImageOfPage\":{\"@id\":\"https:\\\/\\\/www.ghostysky.com\\\/product\\\/unitree-a2-standard-version\\\/#primaryimage\"},\"image\":{\"@id\":\"https:\\\/\\\/www.ghostysky.com\\\/product\\\/unitree-a2-standard-version\\\/#primaryimage\"},\"thumbnailUrl\":\"https:\\\/\\\/www.ghostysky.com\\\/wp-content\\\/uploads\\\/2025\\\/10\\\/GH_UnitreeA2_1.webp\",\"datePublished\":\"2025-10-16T11:55:11+00:00\",\"dateModified\":\"2025-10-16T11:55:40+00:00\",\"description\":\"The Unitree A2 Standard Version is an industrial-grade quadruped robot engineered for heavy-duty performance, extended endurance, and advanced environmental perception in demanding applications.As a robust mobile hardware platform, the A2 is designed for complex tasks in industrial inspection, logistics, research and development, and security patrols.\",\"breadcrumb\":{\"@id\":\"https:\\\/\\\/www.ghostysky.com\\\/product\\\/unitree-a2-standard-version\\\/#breadcrumb\"},\"inLanguage\":\"fr-FR\",\"potentialAction\":[{\"@type\":\"ReadAction\",\"target\":[\"https:\\\/\\\/www.ghostysky.com\\\/product\\\/unitree-a2-standard-version\\\/\"]}]},{\"@type\":\"ImageObject\",\"inLanguage\":\"fr-FR\",\"@id\":\"https:\\\/\\\/www.ghostysky.com\\\/product\\\/unitree-a2-standard-version\\\/#primaryimage\",\"url\":\"https:\\\/\\\/www.ghostysky.com\\\/wp-content\\\/uploads\\\/2025\\\/10\\\/GH_UnitreeA2_1.webp\",\"contentUrl\":\"https:\\\/\\\/www.ghostysky.com\\\/wp-content\\\/uploads\\\/2025\\\/10\\\/GH_UnitreeA2_1.webp\",\"width\":800,\"height\":800},{\"@type\":\"BreadcrumbList\",\"@id\":\"https:\\\/\\\/www.ghostysky.com\\\/product\\\/unitree-a2-standard-version\\\/#breadcrumb\",\"itemListElement\":[{\"@type\":\"ListItem\",\"position\":1,\"name\":\"Home\",\"item\":\"https:\\\/\\\/www.ghostysky.com\\\/\"},{\"@type\":\"ListItem\",\"position\":2,\"name\":\"Shop\",\"item\":\"https:\\\/\\\/www.ghostysky.com\\\/shop\\\/\"},{\"@type\":\"ListItem\",\"position\":3,\"name\":\"Unitree A2 Standard Version\"}]},{\"@type\":\"WebSite\",\"@id\":\"https:\\\/\\\/www.ghostysky.com\\\/#website\",\"url\":\"https:\\\/\\\/www.ghostysky.com\\\/\",\"name\":\"Ghostysky\",\"description\":\"Delivering professional drones and services\",\"publisher\":{\"@id\":\"https:\\\/\\\/www.ghostysky.com\\\/#organization\"},\"potentialAction\":[{\"@type\":\"SearchAction\",\"target\":{\"@type\":\"EntryPoint\",\"urlTemplate\":\"https:\\\/\\\/www.ghostysky.com\\\/?s={search_term_string}\"},\"query-input\":{\"@type\":\"PropertyValueSpecification\",\"valueRequired\":true,\"valueName\":\"search_term_string\"}}],\"inLanguage\":\"fr-FR\"},{\"@type\":\"Organization\",\"@id\":\"https:\\\/\\\/www.ghostysky.com\\\/#organization\",\"name\":\"Ghostysky\",\"url\":\"https:\\\/\\\/www.ghostysky.com\\\/\",\"logo\":{\"@type\":\"ImageObject\",\"inLanguage\":\"fr-FR\",\"@id\":\"https:\\\/\\\/www.ghostysky.com\\\/#\\\/schema\\\/logo\\\/image\\\/\",\"url\":\"https:\\\/\\\/www.ghostysky.com\\\/wp-content\\\/uploads\\\/2020\\\/06\\\/cropped-ghostyskylogo_text_white2.png\",\"contentUrl\":\"https:\\\/\\\/www.ghostysky.com\\\/wp-content\\\/uploads\\\/2020\\\/06\\\/cropped-ghostyskylogo_text_white2.png\",\"width\":169,\"height\":56,\"caption\":\"Ghostysky\"},\"image\":{\"@id\":\"https:\\\/\\\/www.ghostysky.com\\\/#\\\/schema\\\/logo\\\/image\\\/\"},\"sameAs\":[\"https:\\\/\\\/www.facebook.com\\\/people\\\/Ghostysky\\\/100057676170234\\\/\",\"https:\\\/\\\/x.com\\\/Gh0stysky\",\"https:\\\/\\\/www.linkedin.com\\\/company\\\/34739653\",\"https:\\\/\\\/www.instagram.com\\\/gh0stysky\"]}]}<\/script>\n<!-- \/ Yoast SEO plugin. -->","yoast_head_json":{"title":"Unitree A2 Version Standard - Ghostysky","description":"Le Unitree A2 Standard Version est un robot quadrup\u00e8de de qualit\u00e9 industrielle con\u00e7u pour des performances robustes, une endurance prolong\u00e9e et une perception environnementale avanc\u00e9e dans des applications exigeantes. En tant que plate-forme mat\u00e9rielle mobile robuste, l&#039;A2 est con\u00e7u pour des t\u00e2ches complexes dans l&#039;inspection industrielle, la logistique, la recherche et le d\u00e9veloppement et les patrouilles de s\u00e9curit\u00e9.","robots":{"index":"index","follow":"follow","max-snippet":"max-snippet:-1","max-image-preview":"max-image-preview:large","max-video-preview":"max-video-preview:-1"},"canonical":"https:\/\/www.ghostysky.com\/fr\/product\/unitree-a2-standard-version\/","og_locale":"fr_FR","og_type":"article","og_title":"Unitree A2 Standard Version - Ghostysky","og_description":"The Unitree A2 Standard Version is an industrial-grade quadruped robot engineered for heavy-duty performance, extended endurance, and advanced environmental perception in demanding applications.As a robust mobile hardware platform, the A2 is designed for complex tasks in industrial inspection, logistics, research and development, and security patrols.","og_url":"https:\/\/www.ghostysky.com\/fr\/product\/unitree-a2-standard-version\/","og_site_name":"Ghostysky","article_publisher":"https:\/\/www.facebook.com\/people\/Ghostysky\/100057676170234\/","article_modified_time":"2025-10-16T11:55:40+00:00","og_image":[{"width":800,"height":800,"url":"https:\/\/www.ghostysky.com\/wp-content\/uploads\/2025\/10\/GH_UnitreeA2_1.webp","type":"image\/webp"}],"twitter_card":"summary_large_image","twitter_site":"@Gh0stysky","twitter_misc":{"Dur\u00e9e de lecture estim\u00e9e":"2 minutes"},"schema":{"@context":"https:\/\/schema.org","@graph":[{"@type":"WebPage","@id":"https:\/\/www.ghostysky.com\/product\/unitree-a2-standard-version\/","url":"https:\/\/www.ghostysky.com\/product\/unitree-a2-standard-version\/","name":"Unitree A2 Version Standard - Ghostysky","isPartOf":{"@id":"https:\/\/www.ghostysky.com\/#website"},"primaryImageOfPage":{"@id":"https:\/\/www.ghostysky.com\/product\/unitree-a2-standard-version\/#primaryimage"},"image":{"@id":"https:\/\/www.ghostysky.com\/product\/unitree-a2-standard-version\/#primaryimage"},"thumbnailUrl":"https:\/\/www.ghostysky.com\/wp-content\/uploads\/2025\/10\/GH_UnitreeA2_1.webp","datePublished":"2025-10-16T11:55:11+00:00","dateModified":"2025-10-16T11:55:40+00:00","description":"Le Unitree A2 Standard Version est un robot quadrup\u00e8de de qualit\u00e9 industrielle con\u00e7u pour des performances robustes, une endurance prolong\u00e9e et une perception environnementale avanc\u00e9e dans des applications exigeantes. En tant que plate-forme mat\u00e9rielle mobile robuste, l&#039;A2 est con\u00e7u pour des t\u00e2ches complexes dans l&#039;inspection industrielle, la logistique, la recherche et le d\u00e9veloppement et les patrouilles de s\u00e9curit\u00e9.","breadcrumb":{"@id":"https:\/\/www.ghostysky.com\/product\/unitree-a2-standard-version\/#breadcrumb"},"inLanguage":"fr-FR","potentialAction":[{"@type":"ReadAction","target":["https:\/\/www.ghostysky.com\/product\/unitree-a2-standard-version\/"]}]},{"@type":"ImageObject","inLanguage":"fr-FR","@id":"https:\/\/www.ghostysky.com\/product\/unitree-a2-standard-version\/#primaryimage","url":"https:\/\/www.ghostysky.com\/wp-content\/uploads\/2025\/10\/GH_UnitreeA2_1.webp","contentUrl":"https:\/\/www.ghostysky.com\/wp-content\/uploads\/2025\/10\/GH_UnitreeA2_1.webp","width":800,"height":800},{"@type":"BreadcrumbList","@id":"https:\/\/www.ghostysky.com\/product\/unitree-a2-standard-version\/#breadcrumb","itemListElement":[{"@type":"ListItem","position":1,"name":"Home","item":"https:\/\/www.ghostysky.com\/"},{"@type":"ListItem","position":2,"name":"Shop","item":"https:\/\/www.ghostysky.com\/shop\/"},{"@type":"ListItem","position":3,"name":"Unitree A2 Standard Version"}]},{"@type":"WebSite","@id":"https:\/\/www.ghostysky.com\/#website","url":"https:\/\/www.ghostysky.com\/","name":"Ghostysky","description":"Livraison de drones et de services professionnels","publisher":{"@id":"https:\/\/www.ghostysky.com\/#organization"},"potentialAction":[{"@type":"SearchAction","target":{"@type":"EntryPoint","urlTemplate":"https:\/\/www.ghostysky.com\/?s={search_term_string}"},"query-input":{"@type":"PropertyValueSpecification","valueRequired":true,"valueName":"search_term_string"}}],"inLanguage":"fr-FR"},{"@type":"Organization","@id":"https:\/\/www.ghostysky.com\/#organization","name":"Ghostysky","url":"https:\/\/www.ghostysky.com\/","logo":{"@type":"ImageObject","inLanguage":"fr-FR","@id":"https:\/\/www.ghostysky.com\/#\/schema\/logo\/image\/","url":"https:\/\/www.ghostysky.com\/wp-content\/uploads\/2020\/06\/cropped-ghostyskylogo_text_white2.png","contentUrl":"https:\/\/www.ghostysky.com\/wp-content\/uploads\/2020\/06\/cropped-ghostyskylogo_text_white2.png","width":169,"height":56,"caption":"Ghostysky"},"image":{"@id":"https:\/\/www.ghostysky.com\/#\/schema\/logo\/image\/"},"sameAs":["https:\/\/www.facebook.com\/people\/Ghostysky\/100057676170234\/","https:\/\/x.com\/Gh0stysky","https:\/\/www.linkedin.com\/company\/34739653","https:\/\/www.instagram.com\/gh0stysky"]}]}},"_links":{"self":[{"href":"https:\/\/www.ghostysky.com\/fr\/wp-json\/wp\/v2\/product\/21340","targetHints":{"allow":["GET"]}}],"collection":[{"href":"https:\/\/www.ghostysky.com\/fr\/wp-json\/wp\/v2\/product"}],"about":[{"href":"https:\/\/www.ghostysky.com\/fr\/wp-json\/wp\/v2\/types\/product"}],"replies":[{"embeddable":true,"href":"https:\/\/www.ghostysky.com\/fr\/wp-json\/wp\/v2\/comments?post=21340"}],"version-history":[{"count":0,"href":"https:\/\/www.ghostysky.com\/fr\/wp-json\/wp\/v2\/product\/21340\/revisions"}],"wp:featuredmedia":[{"embeddable":true,"href":"https:\/\/www.ghostysky.com\/fr\/wp-json\/wp\/v2\/media\/21343"}],"wp:attachment":[{"href":"https:\/\/www.ghostysky.com\/fr\/wp-json\/wp\/v2\/media?parent=21340"}],"wp:term":[{"taxonomy":"product_brand","embeddable":true,"href":"https:\/\/www.ghostysky.com\/fr\/wp-json\/wp\/v2\/product_brand?post=21340"},{"taxonomy":"product_cat","embeddable":true,"href":"https:\/\/www.ghostysky.com\/fr\/wp-json\/wp\/v2\/product_cat?post=21340"},{"taxonomy":"product_tag","embeddable":true,"href":"https:\/\/www.ghostysky.com\/fr\/wp-json\/wp\/v2\/product_tag?post=21340"}],"curies":[{"name":"wp","href":"https:\/\/api.w.org\/{rel}","templated":true}]}}