{"id":21344,"date":"2025-10-16T11:59:10","date_gmt":"2025-10-16T11:59:10","guid":{"rendered":"https:\/\/www.ghostysky.com\/?post_type=product&#038;p=21344"},"modified":"2025-10-16T11:59:40","modified_gmt":"2025-10-16T11:59:40","slug":"unitree-a2-pro","status":"publish","type":"product","link":"https:\/\/www.ghostysky.com\/fr\/product\/unitree-a2-pro\/","title":{"rendered":"Unitree A2 Pro"},"content":{"rendered":"<h3><b>Principales caract\u00e9ristiques de l&#039;A2 Pro<\/b><\/h3>\n<ul>\n<li><b><span class=\"citation-171\">Endurance exceptionnelle et fonctionnement ininterrompu :<\/span><\/b><span class=\"citation-171\"> Equip\u00e9 d&#039;un <\/span><b><span class=\"citation-171\">syst\u00e8me \u00e0 double batterie rempla\u00e7able \u00e0 chaud<\/span><\/b><span class=\"citation-171\">, l&#039;A2 Pro peut fonctionner en continu jusqu&#039;\u00e0 <\/span><b><span class=\"citation-171\">5 heures (\u00e0 vide) ou 3 heures (avec une charge compl\u00e8te de 25 kg)<\/span><\/b><span class=\"citation-171\">, couvrant une gamme allant jusqu&#039;\u00e0 <\/span><b><span class=\"citation-171\">20 km<\/span><\/b><span class=\"citation-171 citation-end-171\">.<sup class=\"superscript\" data-turn-source-index=\"3\">3<\/sup><\/span> <span class=\"citation-170 citation-end-170\">La conception parall\u00e8le de la batterie permet des \u00e9changes fluides en milieu de mission.<\/span><\/li>\n<li><b><span class=\"citation-169\">Capacit\u00e9 de charge utile \u00e9lev\u00e9e :<\/span><\/b><span class=\"citation-169\"> Con\u00e7u pour les t\u00e2ches industrielles, le robot peut transporter une charge de marche continue allant jusqu&#039;\u00e0 <\/span><b><span class=\"citation-169\">25 kg<\/span><\/b><span class=\"citation-169\"> et supporter une charge statique allant jusqu&#039;\u00e0 <\/span><b><span class=\"citation-169\">100 kg<\/span><\/b><span class=\"citation-169 citation-end-169\">.<\/span><\/li>\n<li><b><span class=\"citation-168\">Perception sup\u00e9rieure \u00e0 360\u00b0 :<\/span><\/b><span class=\"citation-168\"> Caract\u00e9ristiques <\/span><b><span class=\"citation-168\">capteurs LiDAR industriels doubles<\/span><\/b><span class=\"citation-168\"> (avant et arri\u00e8re) et un <\/span><b><span class=\"citation-168\">Cam\u00e9ra HD avec \u00e9clairage frontal<\/span><\/b><span class=\"citation-168 citation-end-168\">, offrant z\u00e9ro angle mort, une cartographie pr\u00e9cise de l&#039;environnement et une \u00e9vitement intelligent des obstacles.<\/span><\/li>\n<li><b><span class=\"citation-167\">Autonomie am\u00e9lior\u00e9e (mise \u00e0 niveau Pro)\u00a0:<\/span><\/b><span class=\"citation-167\"> La variante Pro comprend des capteurs de navigation avanc\u00e9s tels que <\/span><b><span class=\"citation-167\">GPS int\u00e9gr\u00e9<\/span><\/b><span class=\"citation-167\"> et un <\/span><b><span class=\"citation-167\">module de positionnement vectoriel sans fil<\/span><\/b><span class=\"citation-167 citation-end-167\"> pour une localisation ext\u00e9rieure tr\u00e8s pr\u00e9cise et une autonomie renforc\u00e9e.<\/span><\/li>\n<li><b>Informatique puissante et \u00e9volutive :<\/b><span class=\"citation-166\"> Livr\u00e9 avec un processeur hautes performances int\u00e9gr\u00e9 et un <\/span><b><span class=\"citation-166\">Intel Core i7<\/span><\/b><span class=\"citation-166\"> pour le d\u00e9veloppement des utilisateurs, le mod\u00e8le Pro comportant souvent un <\/span><b><span class=\"citation-166\">station d&#039;accueil informatique \u00e9tendue<\/span><\/b><span class=\"citation-166 citation-end-166\"> et des capacit\u00e9s de traitement avanc\u00e9es (par exemple, Jetson Orin NX) pour des applications d&#039;IA complexes en temps r\u00e9el et autonomes.<\/span><\/li>\n<li><b>Mobilit\u00e9 tout-terrain robuste :<\/b><span class=\"citation-165\"> Ses 12 moteurs articul\u00e9s hautes performances d\u00e9livrent jusqu&#039;\u00e0 <\/span><b><span class=\"citation-165\">180 N\u00b7m de couple<\/span><\/b><span class=\"citation-165\">, permettant une vitesse de pointe allant jusqu&#039;\u00e0 <\/span><b><span class=\"citation-165\">5 m\/s<\/span><\/b><span class=\"citation-165 citation-end-165\">.<sup class=\"superscript\" data-turn-source-index=\"9\">9<\/sup><\/span> <span class=\"citation-164\">Il peut conqu\u00e9rir des pentes allant jusqu&#039;\u00e0 <\/span><b><span class=\"citation-164\">45\u00b0<\/span><\/b><span class=\"citation-164\"> et surmonter les obstacles\/\u00e9tapes jusqu&#039;\u00e0 <\/span><b><span class=\"citation-164\">1 m\u00e8tre de haut<\/span><\/b><span class=\"citation-164 citation-end-164\">.<\/span><\/li>\n<li><b>Construction de qualit\u00e9 industrielle :<\/b><span class=\"citation-163\"> Construit \u00e0 partir d&#039;un alliage d&#039;aluminium et de plastiques techniques \u00e0 haute r\u00e9sistance, l&#039;A2 Pro dispose d&#039;un <\/span><b><span class=\"citation-163\">IP56<\/span><\/b><span class=\"citation-163\"> ch\u00e2ssis \u00e9valu\u00e9, avec des composants de base \u00e9valu\u00e9s jusqu&#039;\u00e0 <\/span><b><span class=\"citation-163\">IP67<\/span><\/b><span class=\"citation-163 citation-end-163\">, assurant un fonctionnement fiable \u00e0 des temp\u00e9ratures extr\u00eames allant de <sup class=\"superscript\" data-turn-source-index=\"11\">11<\/sup><\/span><b><span class=\"math-inline\" data-math=\"-20^\\circ \\text{C}\">$-20^\\circ \\texte{C}$<\/span><span class=\"citation-162 citation-end-162\"> \u00e0 <sup class=\"superscript\" data-turn-source-index=\"12\">12<\/sup><\/span><span class=\"math-inline\" data-math=\"55^\\circ \\text{C}\">$55^\\circ \\texte{C}$<\/span><\/b><span class=\"citation-161 citation-end-161\">.<\/span><\/li>\n<li><b>Pr\u00eat pour le d\u00e9veloppeur\u00a0:<\/b><span class=\"citation-160\"> Prend en charge le d\u00e9veloppement secondaire ouvert via un SDK, est <\/span><b><span class=\"citation-160\">Compatible ROS<\/span><\/b><span class=\"citation-160 citation-end-160\">, et propose plusieurs interfaces externes (Gigabit Ethernet, USB-C, CAN, RS485) pour l&#039;int\u00e9gration de capteurs ou de modules personnalis\u00e9s.<sup class=\"superscript\" data-turn-source-index=\"14\">14<\/sup><\/span> <span class=\"citation-159\">Les fonctionnalit\u00e9s optionnelles incluent <\/span><b><span class=\"citation-159\">Connectivit\u00e9 4G<\/span><\/b><span class=\"citation-159 citation-end-159\"> pour un fonctionnement \u00e0 distance.<\/span><\/li>\n<\/ul>","protected":false},"excerpt":{"rendered":"<p><span class=\"citation-173\">Le <\/span><b><span class=\"citation-173\">Unitree A2 Pro<\/span><\/b><span class=\"citation-173 citation-end-173\"> est un robot quadrup\u00e8de avanc\u00e9 de qualit\u00e9 industrielle con\u00e7u pour les op\u00e9rations de terrain exigeantes, l&#039;inspection, la logistique et la recherche.<\/span> <span class=\"citation-172 citation-end-172\">Il s&#039;appuie sur les capacit\u00e9s du mod\u00e8le A2 standard avec une autonomie, une robustesse et une puissance de calcul am\u00e9lior\u00e9es, ce qui en fait une plate-forme fiable et polyvalente pour les applications complexes du monde r\u00e9el.<\/span><\/p>","protected":false},"featured_media":21343,"comment_status":"open","ping_status":"closed","template":"","meta":[],"product_brand":[1087],"product_cat":[1039,1037,1085],"product_tag":[1088,1099,1089],"class_list":{"0":"post-21344","1":"product","2":"type-product","3":"status-publish","4":"has-post-thumbnail","6":"product_brand-unitree","7":"product_cat-quadruped","8":"product_cat-robotics","9":"product_cat-unitree-quad-robots","10":"product_tag-unitree","11":"product_tag-unitree-a2b2-series","12":"product_tag-unitree-quadruped","14":"first","15":"onbackorder","16":"taxable","17":"shipping-taxable","18":"purchasable","19":"product-type-simple"},"yoast_head":"<!-- This site is optimized with the Yoast SEO plugin v27.1.1 - https:\/\/yoast.com\/product\/yoast-seo-wordpress\/ -->\n<title>Unitree A2 Pro - Ghostysky<\/title>\n<meta name=\"description\" content=\"The Unitree A2 Pro is an advanced, industrial-grade quadruped robot engineered for demanding field operations, inspection, logistics, and research. It builds upon the capabilities of the standard A2 model with enhanced autonomy, ruggedization, and computing power, making it a reliable and versatile platform for complex, real-world applications.\" \/>\n<meta name=\"robots\" content=\"index, follow, max-snippet:-1, max-image-preview:large, max-video-preview:-1\" \/>\n<link rel=\"canonical\" href=\"https:\/\/www.ghostysky.com\/fr\/product\/unitree-a2-pro\/\" \/>\n<meta property=\"og:locale\" content=\"fr_FR\" \/>\n<meta property=\"og:type\" content=\"article\" \/>\n<meta property=\"og:title\" content=\"Unitree A2 Pro - Ghostysky\" \/>\n<meta property=\"og:description\" content=\"The Unitree A2 Pro is an advanced, industrial-grade quadruped robot engineered for demanding field operations, inspection, logistics, and research. It builds upon the capabilities of the standard A2 model with enhanced autonomy, ruggedization, and computing power, making it a reliable and versatile platform for complex, real-world applications.\" \/>\n<meta property=\"og:url\" content=\"https:\/\/www.ghostysky.com\/fr\/product\/unitree-a2-pro\/\" \/>\n<meta property=\"og:site_name\" content=\"Ghostysky\" \/>\n<meta property=\"article:publisher\" content=\"https:\/\/www.facebook.com\/people\/Ghostysky\/100057676170234\/\" \/>\n<meta property=\"article:modified_time\" content=\"2025-10-16T11:59:40+00:00\" \/>\n<meta property=\"og:image\" content=\"https:\/\/www.ghostysky.com\/wp-content\/uploads\/2025\/10\/GH_UnitreeA2_1.webp\" \/>\n\t<meta property=\"og:image:width\" content=\"800\" \/>\n\t<meta property=\"og:image:height\" content=\"800\" \/>\n\t<meta property=\"og:image:type\" content=\"image\/webp\" \/>\n<meta name=\"twitter:card\" content=\"summary_large_image\" \/>\n<meta name=\"twitter:site\" content=\"@Gh0stysky\" \/>\n<meta name=\"twitter:label1\" content=\"Dur\u00e9e de lecture estim\u00e9e\" \/>\n\t<meta name=\"twitter:data1\" content=\"2 minutes\" \/>\n<script type=\"application\/ld+json\" class=\"yoast-schema-graph\">{\"@context\":\"https:\/\/schema.org\",\"@graph\":[{\"@type\":\"WebPage\",\"@id\":\"https:\/\/www.ghostysky.com\/product\/unitree-a2-pro\/\",\"url\":\"https:\/\/www.ghostysky.com\/product\/unitree-a2-pro\/\",\"name\":\"Unitree A2 Pro - Ghostysky\",\"isPartOf\":{\"@id\":\"https:\/\/www.ghostysky.com\/#website\"},\"primaryImageOfPage\":{\"@id\":\"https:\/\/www.ghostysky.com\/product\/unitree-a2-pro\/#primaryimage\"},\"image\":{\"@id\":\"https:\/\/www.ghostysky.com\/product\/unitree-a2-pro\/#primaryimage\"},\"thumbnailUrl\":\"https:\/\/www.ghostysky.com\/wp-content\/uploads\/2025\/10\/GH_UnitreeA2_1.webp\",\"datePublished\":\"2025-10-16T11:59:10+00:00\",\"dateModified\":\"2025-10-16T11:59:40+00:00\",\"description\":\"The Unitree A2 Pro is an advanced, industrial-grade quadruped robot engineered for demanding field operations, inspection, logistics, and research. It builds upon the capabilities of the standard A2 model with enhanced autonomy, ruggedization, and computing power, making it a reliable and versatile platform for complex, real-world applications.\",\"breadcrumb\":{\"@id\":\"https:\/\/www.ghostysky.com\/product\/unitree-a2-pro\/#breadcrumb\"},\"inLanguage\":\"fr-FR\",\"potentialAction\":[{\"@type\":\"ReadAction\",\"target\":[\"https:\/\/www.ghostysky.com\/product\/unitree-a2-pro\/\"]}]},{\"@type\":\"ImageObject\",\"inLanguage\":\"fr-FR\",\"@id\":\"https:\/\/www.ghostysky.com\/product\/unitree-a2-pro\/#primaryimage\",\"url\":\"https:\/\/www.ghostysky.com\/wp-content\/uploads\/2025\/10\/GH_UnitreeA2_1.webp\",\"contentUrl\":\"https:\/\/www.ghostysky.com\/wp-content\/uploads\/2025\/10\/GH_UnitreeA2_1.webp\",\"width\":800,\"height\":800},{\"@type\":\"BreadcrumbList\",\"@id\":\"https:\/\/www.ghostysky.com\/product\/unitree-a2-pro\/#breadcrumb\",\"itemListElement\":[{\"@type\":\"ListItem\",\"position\":1,\"name\":\"Home\",\"item\":\"https:\/\/www.ghostysky.com\/\"},{\"@type\":\"ListItem\",\"position\":2,\"name\":\"Shop\",\"item\":\"https:\/\/www.ghostysky.com\/shop\/\"},{\"@type\":\"ListItem\",\"position\":3,\"name\":\"Unitree A2 Pro\"}]},{\"@type\":\"WebSite\",\"@id\":\"https:\/\/www.ghostysky.com\/#website\",\"url\":\"https:\/\/www.ghostysky.com\/\",\"name\":\"Ghostysky\",\"description\":\"Delivering professional drones and services\",\"publisher\":{\"@id\":\"https:\/\/www.ghostysky.com\/#organization\"},\"potentialAction\":[{\"@type\":\"SearchAction\",\"target\":{\"@type\":\"EntryPoint\",\"urlTemplate\":\"https:\/\/www.ghostysky.com\/?s={search_term_string}\"},\"query-input\":{\"@type\":\"PropertyValueSpecification\",\"valueRequired\":true,\"valueName\":\"search_term_string\"}}],\"inLanguage\":\"fr-FR\"},{\"@type\":\"Organization\",\"@id\":\"https:\/\/www.ghostysky.com\/#organization\",\"name\":\"Ghostysky\",\"url\":\"https:\/\/www.ghostysky.com\/\",\"logo\":{\"@type\":\"ImageObject\",\"inLanguage\":\"fr-FR\",\"@id\":\"https:\/\/www.ghostysky.com\/#\/schema\/logo\/image\/\",\"url\":\"https:\/\/www.ghostysky.com\/wp-content\/uploads\/2020\/06\/cropped-ghostyskylogo_text_white2.png\",\"contentUrl\":\"https:\/\/www.ghostysky.com\/wp-content\/uploads\/2020\/06\/cropped-ghostyskylogo_text_white2.png\",\"width\":169,\"height\":56,\"caption\":\"Ghostysky\"},\"image\":{\"@id\":\"https:\/\/www.ghostysky.com\/#\/schema\/logo\/image\/\"},\"sameAs\":[\"https:\/\/www.facebook.com\/people\/Ghostysky\/100057676170234\/\",\"https:\/\/x.com\/Gh0stysky\",\"https:\/\/www.linkedin.com\/company\/34739653\",\"https:\/\/www.instagram.com\/gh0stysky\"]}]}<\/script>\n<!-- \/ Yoast SEO plugin. -->","yoast_head_json":{"title":"Unitree A2 Pro - Ghostysky","description":"L&#039;Unitree A2 Pro est un robot quadrup\u00e8de avanc\u00e9 de qualit\u00e9 industrielle, con\u00e7u pour les op\u00e9rations de terrain exigeantes, l&#039;inspection, la logistique et la recherche. Il s&#039;appuie sur les capacit\u00e9s du mod\u00e8le A2 standard, avec une autonomie, une robustesse et une puissance de calcul accrues, ce qui en fait une plateforme fiable et polyvalente pour des applications complexes et concr\u00e8tes.","robots":{"index":"index","follow":"follow","max-snippet":"max-snippet:-1","max-image-preview":"max-image-preview:large","max-video-preview":"max-video-preview:-1"},"canonical":"https:\/\/www.ghostysky.com\/fr\/product\/unitree-a2-pro\/","og_locale":"fr_FR","og_type":"article","og_title":"Unitree A2 Pro - Ghostysky","og_description":"The Unitree A2 Pro is an advanced, industrial-grade quadruped robot engineered for demanding field operations, inspection, logistics, and research. It builds upon the capabilities of the standard A2 model with enhanced autonomy, ruggedization, and computing power, making it a reliable and versatile platform for complex, real-world applications.","og_url":"https:\/\/www.ghostysky.com\/fr\/product\/unitree-a2-pro\/","og_site_name":"Ghostysky","article_publisher":"https:\/\/www.facebook.com\/people\/Ghostysky\/100057676170234\/","article_modified_time":"2025-10-16T11:59:40+00:00","og_image":[{"width":800,"height":800,"url":"https:\/\/www.ghostysky.com\/wp-content\/uploads\/2025\/10\/GH_UnitreeA2_1.webp","type":"image\/webp"}],"twitter_card":"summary_large_image","twitter_site":"@Gh0stysky","twitter_misc":{"Dur\u00e9e de lecture estim\u00e9e":"2 minutes"},"schema":{"@context":"https:\/\/schema.org","@graph":[{"@type":"WebPage","@id":"https:\/\/www.ghostysky.com\/product\/unitree-a2-pro\/","url":"https:\/\/www.ghostysky.com\/product\/unitree-a2-pro\/","name":"Unitree A2 Pro - Ghostysky","isPartOf":{"@id":"https:\/\/www.ghostysky.com\/#website"},"primaryImageOfPage":{"@id":"https:\/\/www.ghostysky.com\/product\/unitree-a2-pro\/#primaryimage"},"image":{"@id":"https:\/\/www.ghostysky.com\/product\/unitree-a2-pro\/#primaryimage"},"thumbnailUrl":"https:\/\/www.ghostysky.com\/wp-content\/uploads\/2025\/10\/GH_UnitreeA2_1.webp","datePublished":"2025-10-16T11:59:10+00:00","dateModified":"2025-10-16T11:59:40+00:00","description":"L&#039;Unitree A2 Pro est un robot quadrup\u00e8de avanc\u00e9 de qualit\u00e9 industrielle, con\u00e7u pour les op\u00e9rations de terrain exigeantes, l&#039;inspection, la logistique et la recherche. Il s&#039;appuie sur les capacit\u00e9s du mod\u00e8le A2 standard, avec une autonomie, une robustesse et une puissance de calcul accrues, ce qui en fait une plateforme fiable et polyvalente pour des applications complexes et concr\u00e8tes.","breadcrumb":{"@id":"https:\/\/www.ghostysky.com\/product\/unitree-a2-pro\/#breadcrumb"},"inLanguage":"fr-FR","potentialAction":[{"@type":"ReadAction","target":["https:\/\/www.ghostysky.com\/product\/unitree-a2-pro\/"]}]},{"@type":"ImageObject","inLanguage":"fr-FR","@id":"https:\/\/www.ghostysky.com\/product\/unitree-a2-pro\/#primaryimage","url":"https:\/\/www.ghostysky.com\/wp-content\/uploads\/2025\/10\/GH_UnitreeA2_1.webp","contentUrl":"https:\/\/www.ghostysky.com\/wp-content\/uploads\/2025\/10\/GH_UnitreeA2_1.webp","width":800,"height":800},{"@type":"BreadcrumbList","@id":"https:\/\/www.ghostysky.com\/product\/unitree-a2-pro\/#breadcrumb","itemListElement":[{"@type":"ListItem","position":1,"name":"Home","item":"https:\/\/www.ghostysky.com\/"},{"@type":"ListItem","position":2,"name":"Shop","item":"https:\/\/www.ghostysky.com\/shop\/"},{"@type":"ListItem","position":3,"name":"Unitree A2 Pro"}]},{"@type":"WebSite","@id":"https:\/\/www.ghostysky.com\/#website","url":"https:\/\/www.ghostysky.com\/","name":"Ghostysky","description":"Livraison de drones et de services professionnels","publisher":{"@id":"https:\/\/www.ghostysky.com\/#organization"},"potentialAction":[{"@type":"SearchAction","target":{"@type":"EntryPoint","urlTemplate":"https:\/\/www.ghostysky.com\/?s={search_term_string}"},"query-input":{"@type":"PropertyValueSpecification","valueRequired":true,"valueName":"search_term_string"}}],"inLanguage":"fr-FR"},{"@type":"Organization","@id":"https:\/\/www.ghostysky.com\/#organization","name":"Ghostysky","url":"https:\/\/www.ghostysky.com\/","logo":{"@type":"ImageObject","inLanguage":"fr-FR","@id":"https:\/\/www.ghostysky.com\/#\/schema\/logo\/image\/","url":"https:\/\/www.ghostysky.com\/wp-content\/uploads\/2020\/06\/cropped-ghostyskylogo_text_white2.png","contentUrl":"https:\/\/www.ghostysky.com\/wp-content\/uploads\/2020\/06\/cropped-ghostyskylogo_text_white2.png","width":169,"height":56,"caption":"Ghostysky"},"image":{"@id":"https:\/\/www.ghostysky.com\/#\/schema\/logo\/image\/"},"sameAs":["https:\/\/www.facebook.com\/people\/Ghostysky\/100057676170234\/","https:\/\/x.com\/Gh0stysky","https:\/\/www.linkedin.com\/company\/34739653","https:\/\/www.instagram.com\/gh0stysky"]}]}},"_links":{"self":[{"href":"https:\/\/www.ghostysky.com\/fr\/wp-json\/wp\/v2\/product\/21344","targetHints":{"allow":["GET"]}}],"collection":[{"href":"https:\/\/www.ghostysky.com\/fr\/wp-json\/wp\/v2\/product"}],"about":[{"href":"https:\/\/www.ghostysky.com\/fr\/wp-json\/wp\/v2\/types\/product"}],"replies":[{"embeddable":true,"href":"https:\/\/www.ghostysky.com\/fr\/wp-json\/wp\/v2\/comments?post=21344"}],"wp:featuredmedia":[{"embeddable":true,"href":"https:\/\/www.ghostysky.com\/fr\/wp-json\/wp\/v2\/media\/21343"}],"wp:attachment":[{"href":"https:\/\/www.ghostysky.com\/fr\/wp-json\/wp\/v2\/media?parent=21344"}],"wp:term":[{"taxonomy":"product_brand","embeddable":true,"href":"https:\/\/www.ghostysky.com\/fr\/wp-json\/wp\/v2\/product_brand?post=21344"},{"taxonomy":"product_cat","embeddable":true,"href":"https:\/\/www.ghostysky.com\/fr\/wp-json\/wp\/v2\/product_cat?post=21344"},{"taxonomy":"product_tag","embeddable":true,"href":"https:\/\/www.ghostysky.com\/fr\/wp-json\/wp\/v2\/product_tag?post=21344"}],"curies":[{"name":"wp","href":"https:\/\/api.w.org\/{rel}","templated":true}]}}