{"id":21386,"date":"2025-10-16T13:35:10","date_gmt":"2025-10-16T13:35:10","guid":{"rendered":"https:\/\/www.ghostysky.com\/?post_type=product&#038;p=21386"},"modified":"2025-10-16T13:35:46","modified_gmt":"2025-10-16T13:35:46","slug":"unitree-a2-charger","status":"publish","type":"product","link":"https:\/\/www.ghostysky.com\/fr\/product\/unitree-a2-charger\/","title":{"rendered":"Chargeur Unitree A2"},"content":{"rendered":"<p><b>Caract\u00e9ristiques principales :<\/b><\/p>\n<ul>\n<li><b><span class=\"citation-358\">Sortie de charge rapide :<\/span><\/b><span class=\"citation-358\"> Fournit un puissant <\/span><b><span class=\"citation-358\">58,8 V \/ 7 A<\/span><\/b><span class=\"citation-358 citation-end-358\"> sortie de charge pour recharger rapidement les deux batteries 9000mAh (453,6Wh chacune) du robot, permettant \u00e0 votre A2 de se remettre au travail rapidement.<\/span><\/li>\n<li><b>Entr\u00e9e universelle :<\/b><span class=\"citation-357\"> Dispose d&#039;une large plage d&#039;entr\u00e9e de <\/span><b><span class=\"citation-357\">100\u2013240 V, 50\/60 Hz<\/span><\/b><span class=\"citation-357 citation-end-357\">, ce qui le rend adapt\u00e9 \u00e0 une utilisation mondiale avec l&#039;adaptateur r\u00e9gional appropri\u00e9.<\/span><\/li>\n<li><b>Robuste et fiable :<\/b><span class=\"citation-356\"> Construit avec un <\/span><b><span class=\"citation-356\">Indice de protection IP67<\/span><\/b><span class=\"citation-356 citation-end-356\"> pour une r\u00e9sistance \u00e0 la poussi\u00e8re et \u00e0 l&#039;eau, garantissant une durabilit\u00e9 et des performances fiables m\u00eame dans des environnements industriels ou ext\u00e9rieurs difficiles.<\/span><\/li>\n<li><b>Optimis\u00e9 pour la s\u00e9rie A2\u00a0:<\/b> Parfaitement adapt\u00e9 aux besoins \u00e9nerg\u00e9tiques des mod\u00e8les Unitree A2 et A2-W, prenant en charge le syst\u00e8me de double batterie rempla\u00e7able \u00e0 chaud qui conf\u00e8re au robot son endurance impressionnante (jusqu&#039;\u00e0 5 heures de marche \u00e0 vide).<\/li>\n<\/ul>\n<p>Assurez-vous que les performances critiques de votre Unitree A2 ne soient jamais interrompues. Le chargeur de batterie Unitree A2\/A2-W est l&#039;accessoire indispensable pour un fonctionnement continu et une efficacit\u00e9 optimale.<\/p>","protected":false},"excerpt":{"rendered":"<p>Maintenez votre robot quadrup\u00e8de Unitree A2 ou A2-W de qualit\u00e9 industrielle en fonctionnement avec le chargeur officiel haute performance <b>Chargeur de batterie Unitree A2\/A2-W<\/b>. <span class=\"citation-359 citation-end-359\">Con\u00e7u sp\u00e9cifiquement pour le puissant syst\u00e8me \u00e0 double batterie du robot, ce chargeur fournit une \u00e9nergie rapide, fiable et s\u00fbre pour garantir un temps d&#039;arr\u00eat minimal et une disponibilit\u00e9 op\u00e9rationnelle maximale.<\/span><\/p>","protected":false},"featured_media":21387,"comment_status":"open","ping_status":"closed","template":"","meta":[],"product_brand":[1087],"product_cat":[1039,1037,1086],"product_tag":[1088,1101,1099],"class_list":{"0":"post-21386","1":"product","2":"type-product","3":"status-publish","4":"has-post-thumbnail","6":"product_brand-unitree","7":"product_cat-quadruped","8":"product_cat-robotics","9":"product_cat-unitree-quad-accessories","10":"product_tag-unitree","11":"product_tag-unitree-a2-b2-accessories","12":"product_tag-unitree-a2b2-series","14":"first","15":"onbackorder","16":"taxable","17":"shipping-taxable","18":"purchasable","19":"product-type-simple"},"yoast_head":"<!-- This site is optimized with the Yoast SEO plugin v27.1.1 - https:\/\/yoast.com\/product\/yoast-seo-wordpress\/ -->\n<title>Unitree A2 charger - Ghostysky<\/title>\n<meta name=\"description\" content=\"Keep your industrial-grade Unitree A2 or A2-W quadruped robot running with the official, high-performance Unitree A2\/A2-W Battery Charger. Designed specifically for the robot&#039;s powerful dual-battery system, this charger delivers fast, reliable, and safe energy to ensure minimal downtime and maximum operational readiness.\" \/>\n<meta name=\"robots\" content=\"index, follow, max-snippet:-1, max-image-preview:large, max-video-preview:-1\" \/>\n<link rel=\"canonical\" href=\"https:\/\/www.ghostysky.com\/fr\/product\/unitree-a2-charger\/\" \/>\n<meta property=\"og:locale\" content=\"fr_FR\" \/>\n<meta property=\"og:type\" content=\"article\" \/>\n<meta property=\"og:title\" content=\"Unitree A2 charger - Ghostysky\" \/>\n<meta property=\"og:description\" content=\"Keep your industrial-grade Unitree A2 or A2-W quadruped robot running with the official, high-performance Unitree A2\/A2-W Battery Charger. Designed specifically for the robot&#039;s powerful dual-battery system, this charger delivers fast, reliable, and safe energy to ensure minimal downtime and maximum operational readiness.\" \/>\n<meta property=\"og:url\" content=\"https:\/\/www.ghostysky.com\/fr\/product\/unitree-a2-charger\/\" \/>\n<meta property=\"og:site_name\" content=\"Ghostysky\" \/>\n<meta property=\"article:publisher\" content=\"https:\/\/www.facebook.com\/people\/Ghostysky\/100057676170234\/\" \/>\n<meta property=\"article:modified_time\" content=\"2025-10-16T13:35:46+00:00\" \/>\n<meta property=\"og:image\" content=\"https:\/\/www.ghostysky.com\/wp-content\/uploads\/2025\/10\/GH_Unitree_A2_Charger_1.webp\" \/>\n\t<meta property=\"og:image:width\" content=\"1000\" \/>\n\t<meta property=\"og:image:height\" content=\"1000\" \/>\n\t<meta property=\"og:image:type\" content=\"image\/webp\" \/>\n<meta name=\"twitter:card\" content=\"summary_large_image\" \/>\n<meta name=\"twitter:site\" content=\"@Gh0stysky\" \/>\n<meta name=\"twitter:label1\" content=\"Dur\u00e9e de lecture estim\u00e9e\" \/>\n\t<meta name=\"twitter:data1\" content=\"1 minute\" \/>\n<script type=\"application\/ld+json\" class=\"yoast-schema-graph\">{\"@context\":\"https:\/\/schema.org\",\"@graph\":[{\"@type\":\"WebPage\",\"@id\":\"https:\/\/www.ghostysky.com\/product\/unitree-a2-charger\/\",\"url\":\"https:\/\/www.ghostysky.com\/product\/unitree-a2-charger\/\",\"name\":\"Unitree A2 charger - Ghostysky\",\"isPartOf\":{\"@id\":\"https:\/\/www.ghostysky.com\/#website\"},\"primaryImageOfPage\":{\"@id\":\"https:\/\/www.ghostysky.com\/product\/unitree-a2-charger\/#primaryimage\"},\"image\":{\"@id\":\"https:\/\/www.ghostysky.com\/product\/unitree-a2-charger\/#primaryimage\"},\"thumbnailUrl\":\"https:\/\/www.ghostysky.com\/wp-content\/uploads\/2025\/10\/GH_Unitree_A2_Charger_1.webp\",\"datePublished\":\"2025-10-16T13:35:10+00:00\",\"dateModified\":\"2025-10-16T13:35:46+00:00\",\"description\":\"Keep your industrial-grade Unitree A2 or A2-W quadruped robot running with the official, high-performance Unitree A2\/A2-W Battery Charger. Designed specifically for the robot's powerful dual-battery system, this charger delivers fast, reliable, and safe energy to ensure minimal downtime and maximum operational readiness.\",\"breadcrumb\":{\"@id\":\"https:\/\/www.ghostysky.com\/product\/unitree-a2-charger\/#breadcrumb\"},\"inLanguage\":\"fr-FR\",\"potentialAction\":[{\"@type\":\"ReadAction\",\"target\":[\"https:\/\/www.ghostysky.com\/product\/unitree-a2-charger\/\"]}]},{\"@type\":\"ImageObject\",\"inLanguage\":\"fr-FR\",\"@id\":\"https:\/\/www.ghostysky.com\/product\/unitree-a2-charger\/#primaryimage\",\"url\":\"https:\/\/www.ghostysky.com\/wp-content\/uploads\/2025\/10\/GH_Unitree_A2_Charger_1.webp\",\"contentUrl\":\"https:\/\/www.ghostysky.com\/wp-content\/uploads\/2025\/10\/GH_Unitree_A2_Charger_1.webp\",\"width\":1000,\"height\":1000},{\"@type\":\"BreadcrumbList\",\"@id\":\"https:\/\/www.ghostysky.com\/product\/unitree-a2-charger\/#breadcrumb\",\"itemListElement\":[{\"@type\":\"ListItem\",\"position\":1,\"name\":\"Home\",\"item\":\"https:\/\/www.ghostysky.com\/\"},{\"@type\":\"ListItem\",\"position\":2,\"name\":\"Shop\",\"item\":\"https:\/\/www.ghostysky.com\/shop\/\"},{\"@type\":\"ListItem\",\"position\":3,\"name\":\"Unitree A2 charger\"}]},{\"@type\":\"WebSite\",\"@id\":\"https:\/\/www.ghostysky.com\/#website\",\"url\":\"https:\/\/www.ghostysky.com\/\",\"name\":\"Ghostysky\",\"description\":\"Delivering professional drones and services\",\"publisher\":{\"@id\":\"https:\/\/www.ghostysky.com\/#organization\"},\"potentialAction\":[{\"@type\":\"SearchAction\",\"target\":{\"@type\":\"EntryPoint\",\"urlTemplate\":\"https:\/\/www.ghostysky.com\/?s={search_term_string}\"},\"query-input\":{\"@type\":\"PropertyValueSpecification\",\"valueRequired\":true,\"valueName\":\"search_term_string\"}}],\"inLanguage\":\"fr-FR\"},{\"@type\":\"Organization\",\"@id\":\"https:\/\/www.ghostysky.com\/#organization\",\"name\":\"Ghostysky\",\"url\":\"https:\/\/www.ghostysky.com\/\",\"logo\":{\"@type\":\"ImageObject\",\"inLanguage\":\"fr-FR\",\"@id\":\"https:\/\/www.ghostysky.com\/#\/schema\/logo\/image\/\",\"url\":\"https:\/\/www.ghostysky.com\/wp-content\/uploads\/2020\/06\/cropped-ghostyskylogo_text_white2.png\",\"contentUrl\":\"https:\/\/www.ghostysky.com\/wp-content\/uploads\/2020\/06\/cropped-ghostyskylogo_text_white2.png\",\"width\":169,\"height\":56,\"caption\":\"Ghostysky\"},\"image\":{\"@id\":\"https:\/\/www.ghostysky.com\/#\/schema\/logo\/image\/\"},\"sameAs\":[\"https:\/\/www.facebook.com\/people\/Ghostysky\/100057676170234\/\",\"https:\/\/x.com\/Gh0stysky\",\"https:\/\/www.linkedin.com\/company\/34739653\",\"https:\/\/www.instagram.com\/gh0stysky\"]}]}<\/script>\n<!-- \/ Yoast SEO plugin. -->","yoast_head_json":{"title":"Chargeur Unitree A2 - Ghostysky","description":"Maintenez le fonctionnement de votre robot quadrup\u00e8de industriel Unitree A2 ou A2-W gr\u00e2ce au chargeur de batterie officiel haute performance Unitree A2\/A2-W. Con\u00e7u sp\u00e9cifiquement pour le puissant syst\u00e8me \u00e0 double batterie du robot, ce chargeur fournit une alimentation rapide, fiable et s\u00fbre pour minimiser les temps d&#039;arr\u00eat et maximiser la disponibilit\u00e9 op\u00e9rationnelle.","robots":{"index":"index","follow":"follow","max-snippet":"max-snippet:-1","max-image-preview":"max-image-preview:large","max-video-preview":"max-video-preview:-1"},"canonical":"https:\/\/www.ghostysky.com\/fr\/product\/unitree-a2-charger\/","og_locale":"fr_FR","og_type":"article","og_title":"Unitree A2 charger - Ghostysky","og_description":"Keep your industrial-grade Unitree A2 or A2-W quadruped robot running with the official, high-performance Unitree A2\/A2-W Battery Charger. Designed specifically for the robot's powerful dual-battery system, this charger delivers fast, reliable, and safe energy to ensure minimal downtime and maximum operational readiness.","og_url":"https:\/\/www.ghostysky.com\/fr\/product\/unitree-a2-charger\/","og_site_name":"Ghostysky","article_publisher":"https:\/\/www.facebook.com\/people\/Ghostysky\/100057676170234\/","article_modified_time":"2025-10-16T13:35:46+00:00","og_image":[{"width":1000,"height":1000,"url":"https:\/\/www.ghostysky.com\/wp-content\/uploads\/2025\/10\/GH_Unitree_A2_Charger_1.webp","type":"image\/webp"}],"twitter_card":"summary_large_image","twitter_site":"@Gh0stysky","twitter_misc":{"Dur\u00e9e de lecture estim\u00e9e":"1 minute"},"schema":{"@context":"https:\/\/schema.org","@graph":[{"@type":"WebPage","@id":"https:\/\/www.ghostysky.com\/product\/unitree-a2-charger\/","url":"https:\/\/www.ghostysky.com\/product\/unitree-a2-charger\/","name":"Chargeur Unitree A2 - Ghostysky","isPartOf":{"@id":"https:\/\/www.ghostysky.com\/#website"},"primaryImageOfPage":{"@id":"https:\/\/www.ghostysky.com\/product\/unitree-a2-charger\/#primaryimage"},"image":{"@id":"https:\/\/www.ghostysky.com\/product\/unitree-a2-charger\/#primaryimage"},"thumbnailUrl":"https:\/\/www.ghostysky.com\/wp-content\/uploads\/2025\/10\/GH_Unitree_A2_Charger_1.webp","datePublished":"2025-10-16T13:35:10+00:00","dateModified":"2025-10-16T13:35:46+00:00","description":"Maintenez le fonctionnement de votre robot quadrup\u00e8de industriel Unitree A2 ou A2-W gr\u00e2ce au chargeur de batterie officiel haute performance Unitree A2\/A2-W. Con\u00e7u sp\u00e9cifiquement pour le puissant syst\u00e8me \u00e0 double batterie du robot, ce chargeur fournit une alimentation rapide, fiable et s\u00fbre pour minimiser les temps d&#039;arr\u00eat et maximiser la disponibilit\u00e9 op\u00e9rationnelle.","breadcrumb":{"@id":"https:\/\/www.ghostysky.com\/product\/unitree-a2-charger\/#breadcrumb"},"inLanguage":"fr-FR","potentialAction":[{"@type":"ReadAction","target":["https:\/\/www.ghostysky.com\/product\/unitree-a2-charger\/"]}]},{"@type":"ImageObject","inLanguage":"fr-FR","@id":"https:\/\/www.ghostysky.com\/product\/unitree-a2-charger\/#primaryimage","url":"https:\/\/www.ghostysky.com\/wp-content\/uploads\/2025\/10\/GH_Unitree_A2_Charger_1.webp","contentUrl":"https:\/\/www.ghostysky.com\/wp-content\/uploads\/2025\/10\/GH_Unitree_A2_Charger_1.webp","width":1000,"height":1000},{"@type":"BreadcrumbList","@id":"https:\/\/www.ghostysky.com\/product\/unitree-a2-charger\/#breadcrumb","itemListElement":[{"@type":"ListItem","position":1,"name":"Home","item":"https:\/\/www.ghostysky.com\/"},{"@type":"ListItem","position":2,"name":"Shop","item":"https:\/\/www.ghostysky.com\/shop\/"},{"@type":"ListItem","position":3,"name":"Unitree A2 charger"}]},{"@type":"WebSite","@id":"https:\/\/www.ghostysky.com\/#website","url":"https:\/\/www.ghostysky.com\/","name":"Ghostysky","description":"Livraison de drones et de services professionnels","publisher":{"@id":"https:\/\/www.ghostysky.com\/#organization"},"potentialAction":[{"@type":"SearchAction","target":{"@type":"EntryPoint","urlTemplate":"https:\/\/www.ghostysky.com\/?s={search_term_string}"},"query-input":{"@type":"PropertyValueSpecification","valueRequired":true,"valueName":"search_term_string"}}],"inLanguage":"fr-FR"},{"@type":"Organization","@id":"https:\/\/www.ghostysky.com\/#organization","name":"Ghostysky","url":"https:\/\/www.ghostysky.com\/","logo":{"@type":"ImageObject","inLanguage":"fr-FR","@id":"https:\/\/www.ghostysky.com\/#\/schema\/logo\/image\/","url":"https:\/\/www.ghostysky.com\/wp-content\/uploads\/2020\/06\/cropped-ghostyskylogo_text_white2.png","contentUrl":"https:\/\/www.ghostysky.com\/wp-content\/uploads\/2020\/06\/cropped-ghostyskylogo_text_white2.png","width":169,"height":56,"caption":"Ghostysky"},"image":{"@id":"https:\/\/www.ghostysky.com\/#\/schema\/logo\/image\/"},"sameAs":["https:\/\/www.facebook.com\/people\/Ghostysky\/100057676170234\/","https:\/\/x.com\/Gh0stysky","https:\/\/www.linkedin.com\/company\/34739653","https:\/\/www.instagram.com\/gh0stysky"]}]}},"_links":{"self":[{"href":"https:\/\/www.ghostysky.com\/fr\/wp-json\/wp\/v2\/product\/21386","targetHints":{"allow":["GET"]}}],"collection":[{"href":"https:\/\/www.ghostysky.com\/fr\/wp-json\/wp\/v2\/product"}],"about":[{"href":"https:\/\/www.ghostysky.com\/fr\/wp-json\/wp\/v2\/types\/product"}],"replies":[{"embeddable":true,"href":"https:\/\/www.ghostysky.com\/fr\/wp-json\/wp\/v2\/comments?post=21386"}],"wp:featuredmedia":[{"embeddable":true,"href":"https:\/\/www.ghostysky.com\/fr\/wp-json\/wp\/v2\/media\/21387"}],"wp:attachment":[{"href":"https:\/\/www.ghostysky.com\/fr\/wp-json\/wp\/v2\/media?parent=21386"}],"wp:term":[{"taxonomy":"product_brand","embeddable":true,"href":"https:\/\/www.ghostysky.com\/fr\/wp-json\/wp\/v2\/product_brand?post=21386"},{"taxonomy":"product_cat","embeddable":true,"href":"https:\/\/www.ghostysky.com\/fr\/wp-json\/wp\/v2\/product_cat?post=21386"},{"taxonomy":"product_tag","embeddable":true,"href":"https:\/\/www.ghostysky.com\/fr\/wp-json\/wp\/v2\/product_tag?post=21386"}],"curies":[{"name":"wp","href":"https:\/\/api.w.org\/{rel}","templated":true}]}}