{"id":21391,"date":"2025-10-16T13:45:39","date_gmt":"2025-10-16T13:45:39","guid":{"rendered":"https:\/\/www.ghostysky.com\/?post_type=product&#038;p=21391"},"modified":"2025-10-16T13:46:09","modified_gmt":"2025-10-16T13:46:09","slug":"unitree-b2-with-32-channel-lidar","status":"publish","type":"product","link":"https:\/\/www.ghostysky.com\/fr\/product\/unitree-b2-with-32-channel-lidar\/","title":{"rendered":"Unitree B2 (avec lidar 32 canaux)"},"content":{"rendered":"<p><b>Principales caract\u00e9ristiques et capacit\u00e9s\u00a0:<\/b><\/p>\n<ul>\n<li><b><span class=\"citation-406\">Perception environnementale 3D avanc\u00e9e :<\/span><\/b><span class=\"citation-406\"> L&#039;int\u00e9gr\u00e9 <\/span><b><span class=\"citation-406\">LiDAR 32 lignes (ou 32 canaux)<\/span><\/b><span class=\"citation-406 citation-end-406\"> (comme RS-Helios) fournit une cartographie 3D haute r\u00e9solution en temps r\u00e9el et une d\u00e9tection d&#039;obstacles sup\u00e9rieure.<sup class=\"superscript\" data-turn-source-index=\"2\">2<\/sup><\/span> Ce capteur de qualit\u00e9 automobile est essentiel pour la navigation autonome avanc\u00e9e, permettant au B2 d&#039;ex\u00e9cuter une planification de trajet complexe sur des terrains dynamiques et encombr\u00e9s avec une s\u00e9curit\u00e9 et une pr\u00e9cision accrues.<\/li>\n<li><b>Mobilit\u00e9 et vitesse extr\u00eames :<\/b><span class=\"citation-405 citation-end-405\"> B\u00e9n\u00e9ficiant d&#039;une vitesse de course maximale de <sup class=\"superscript\" data-turn-source-index=\"3\">3<\/sup><\/span><b><span class=\"math-inline\" data-math=\"&gt;6 \\text{ m\/s}\">$&gt;6 \\texte{ m\/s}$<\/span><\/b><span class=\"citation-404 citation-end-404\">, le B2 est l\u2019un des robots quadrup\u00e8des industriels les plus rapides au monde.<sup class=\"superscript\" data-turn-source-index=\"4\">4<\/sup><\/span> <span class=\"citation-403 citation-end-403\">Il dispose d&#039;un impressionnant <sup class=\"superscript\" data-turn-source-index=\"5\">5<\/sup><\/span><span class=\"math-inline\" data-math=\"360 \\text{ N}\\cdot\\text{m}\">$360 \\texte{ N}\\cdot\\texte{m}$<\/span><span class=\"citation-402 citation-end-402\"> de couple articulaire, fournissant la puissance et l&#039;agilit\u00e9 n\u00e9cessaires pour naviguer sur des pentes allant jusqu&#039;\u00e0 <sup class=\"superscript\" data-turn-source-index=\"6\">6<\/sup><\/span><span class=\"math-inline\" data-math=\"&gt;45^\\circ\">$&gt;45^\\circ$<\/span><span class=\"citation-401 citation-end-401\">.<\/span><\/li>\n<li><b>Adaptabilit\u00e9 tout-terrain sup\u00e9rieure :<\/b><span class=\"citation-400 citation-end-400\"> Le robot s&#039;attaque sans effort aux surfaces difficiles.<sup class=\"superscript\" data-turn-source-index=\"8\">8<\/sup><\/span> <span class=\"citation-399 citation-end-399\">Il peut escalader des obstacles simples et des marches jusqu&#039;\u00e0 <sup class=\"superscript\" data-turn-source-index=\"9\">9<\/sup><\/span><b><span class=\"math-inline\" data-math=\"40 \\text{ cm}\">$40 \\texte{ cm}$<\/span><\/b><span class=\"citation-398 citation-end-398\"> haut et soutient la mont\u00e9e des escaliers conventionnels, tout en restant extr\u00eamement stable et \u00e9quilibr\u00e9.<\/span><\/li>\n<li><b>Capacit\u00e9 de charge utile \u00e9lev\u00e9e et longue endurance :<\/b><span class=\"citation-397 citation-end-397\"> Le B2 est con\u00e7u pour les t\u00e2ches lourdes, supportant une charge statique maximale de <sup class=\"superscript\" data-turn-source-index=\"11\">11<\/sup><\/span><b><span class=\"math-inline\" data-math=\"120 \\text{ kg}\">$120 \\texte{ kg}$<\/span><\/b><span class=\"citation-396 citation-end-396\"> et une charge de marche continue de <sup class=\"superscript\" data-turn-source-index=\"12\">12<\/sup><\/span><b><span class=\"math-inline\" data-math=\"\\geq 40 \\text{ kg}\">$\\geq 40 \\texte{ kg}$<\/span><\/b><span class=\"citation-395 citation-end-395\">.<\/span>\n<ul>\n<li><b>Endurance:<\/b><span class=\"citation-394 citation-end-394\"> Il offre une longue dur\u00e9e de fonctionnement, avec une endurance de marche continue \u00e0 vide de <sup class=\"superscript\" data-turn-source-index=\"14\">14<\/sup><\/span><b><span class=\"math-inline\" data-math=\"&gt;5 \\text{ hours}\">$&gt;5 \\texte{ heures}$<\/span><\/b><span class=\"citation-393 citation-end-393\"> (sur <sup class=\"superscript\" data-turn-source-index=\"15\">15<\/sup><\/span><span class=\"math-inline\" data-math=\"20 \\text{ km}\">$20 \\texte{km}$<\/span><span class=\"citation-392 citation-end-392\"> kilom\u00e9trage) et plus <sup class=\"superscript\" data-turn-source-index=\"16\">16<\/sup><\/span><span class=\"math-inline\" data-math=\"4 \\text{ hours}\">$4 \\texte{ heures}$<\/span><span class=\"citation-391 citation-end-391\"> lorsque vous portez un <sup class=\"superscript\" data-turn-source-index=\"17\">17<\/sup><\/span><span class=\"math-inline\" data-math=\"20 \\text{ kg}\">$20 \\texte{ kg}$<\/span><span class=\"citation-390 citation-end-390\"> charge (sur <sup class=\"superscript\" data-turn-source-index=\"18\">18<\/sup><\/span><span class=\"math-inline\" data-math=\"15 \\text{ km}\">$15 \\texte{km}$<\/span><span class=\"citation-389 citation-end-389\"> kilom\u00e9trage).<\/span><\/li>\n<\/ul>\n<\/li>\n<li><b>Suite compl\u00e8te de capteurs\u00a0:<\/b><span class=\"citation-388 citation-end-388\"> En plus du LiDAR \u00e0 32 canaux, le B2 est g\u00e9n\u00e9ralement \u00e9quip\u00e9 de plusieurs cam\u00e9ras de profondeur et de cam\u00e9ras optiques, permettant une fusion robuste des capteurs pour une commutation de marche en temps r\u00e9el et une planification pr\u00e9cise de l&#039;appui.<\/span><\/li>\n<li><b><span class=\"citation-387\">Conception de qualit\u00e9 industrielle :<\/span><\/b><span class=\"citation-387\"> Avec un <\/span><b><span class=\"citation-387\">Indice de protection IP67<\/span><\/b><span class=\"citation-387 citation-end-387\">, le B2 est enti\u00e8rement prot\u00e9g\u00e9 contre la poussi\u00e8re et l&#039;eau et peut fonctionner dans une large plage de temp\u00e9ratures (par exemple, <sup class=\"superscript\" data-turn-source-index=\"21\">21<\/sup><\/span><span class=\"math-inline\" data-math=\"-20^\\circ \\text{C}\">$-20^\\circ \\texte{C}$<\/span><span class=\"citation-386 citation-end-386\"> \u00e0 <sup class=\"superscript\" data-turn-source-index=\"22\">22<\/sup><\/span><span class=\"math-inline\" data-math=\"55^\\circ \\text{C}\">$55^\\circ \\texte{C}$<\/span><span class=\"citation-385 citation-end-385\">), garantissant une fiabilit\u00e9 dans des conditions industrielles et ext\u00e9rieures difficiles.<\/span><\/li>\n<li><b><span class=\"citation-384\">Plateforme polyvalente :<\/span><\/b><span class=\"citation-384\"> Le B2 prend en charge des fonctionnalit\u00e9s optionnelles telles qu&#039;un <\/span><b><span class=\"citation-384\">forme \u00e0 pattes \u00e0 roues<\/span><\/b><span class=\"citation-384\"> (B2-W) pour une efficacit\u00e9 accrue sur terrain plat et un <\/span><b><span class=\"citation-384\">batterie enfichable<\/span><\/b><span class=\"citation-384 citation-end-384\"> syst\u00e8me avec prise en charge de solutions de recharge autonomes.<\/span><\/li>\n<\/ul>\n<p>L&#039;Unitree B2 avec LiDAR 32 canaux est plus qu&#039;un robot ; c&#039;est une plate-forme intelligente polyvalente et performante, pr\u00eate \u00e0 red\u00e9finir l&#039;efficacit\u00e9 et les capacit\u00e9s dans les applications d&#039;automatisation industrielle, d&#039;inspection et de recherche.<\/p>","protected":false},"excerpt":{"rendered":"<p><span class=\"citation-407 citation-end-407\">L&#039;Unitree B2 avec un LiDAR 32 canaux int\u00e9gr\u00e9 est un robot quadrup\u00e8de de qualit\u00e9 industrielle con\u00e7u pour une vitesse, une r\u00e9sistance et une autonomie intelligente in\u00e9gal\u00e9es dans les environnements les plus exigeants.<\/span> Cette configuration reprend la mobilit\u00e9 de pointe du B2 et l&#039;amplifie avec une perception 3D de haute pr\u00e9cision, ce qui en fait la solution ultime pour l&#039;inspection industrielle, la logistique, la recherche et les interventions d&#039;urgence.<\/p>","protected":false},"featured_media":21392,"comment_status":"open","ping_status":"closed","template":"","meta":[],"product_brand":[1087],"product_cat":[1039,1037,1085],"product_tag":[1088,1099,1089],"class_list":{"0":"post-21391","1":"product","2":"type-product","3":"status-publish","4":"has-post-thumbnail","6":"product_brand-unitree","7":"product_cat-quadruped","8":"product_cat-robotics","9":"product_cat-unitree-quad-robots","10":"product_tag-unitree","11":"product_tag-unitree-a2b2-series","12":"product_tag-unitree-quadruped","14":"first","15":"onbackorder","16":"taxable","17":"shipping-taxable","18":"purchasable","19":"product-type-simple"},"yoast_head":"<!-- This site is optimized with the Yoast SEO plugin v27.4 - https:\/\/yoast.com\/product\/yoast-seo-wordpress\/ -->\n<title>Unitree B2 (with 32-channel lidar) - Ghostysky<\/title>\n<meta name=\"description\" content=\"The Unitree B2 with an integrated 32-Channel LiDAR is an industrial-grade quadruped robot engineered for unmatched speed, strength, and intelligent autonomy in the most demanding environments. This configuration takes the B2&#039;s industry-leading mobility and amplifies it with high-precision 3D perception, making it the ultimate solution for industrial inspection, logistics, research, and emergency response.\" \/>\n<meta name=\"robots\" content=\"index, follow, max-snippet:-1, max-image-preview:large, max-video-preview:-1\" \/>\n<link rel=\"canonical\" href=\"https:\/\/www.ghostysky.com\/fr\/product\/unitree-b2-with-32-channel-lidar\/\" \/>\n<meta property=\"og:locale\" content=\"fr_FR\" \/>\n<meta property=\"og:type\" content=\"article\" \/>\n<meta property=\"og:title\" content=\"Unitree B2 (with 32-channel lidar) - Ghostysky\" \/>\n<meta property=\"og:description\" content=\"The Unitree B2 with an integrated 32-Channel LiDAR is an industrial-grade quadruped robot engineered for unmatched speed, strength, and intelligent autonomy in the most demanding environments. This configuration takes the B2&#039;s industry-leading mobility and amplifies it with high-precision 3D perception, making it the ultimate solution for industrial inspection, logistics, research, and emergency response.\" \/>\n<meta property=\"og:url\" content=\"https:\/\/www.ghostysky.com\/fr\/product\/unitree-b2-with-32-channel-lidar\/\" \/>\n<meta property=\"og:site_name\" content=\"Ghostysky\" \/>\n<meta property=\"article:publisher\" content=\"https:\/\/www.facebook.com\/people\/Ghostysky\/100057676170234\/\" \/>\n<meta property=\"article:modified_time\" content=\"2025-10-16T13:46:09+00:00\" \/>\n<meta property=\"og:image\" content=\"https:\/\/www.ghostysky.com\/wp-content\/uploads\/2025\/10\/GH_B2-with-32-channel-lidar_1.jpg\" \/>\n\t<meta property=\"og:image:width\" content=\"720\" \/>\n\t<meta property=\"og:image:height\" content=\"720\" \/>\n\t<meta property=\"og:image:type\" content=\"image\/jpeg\" \/>\n<meta name=\"twitter:card\" content=\"summary_large_image\" \/>\n<meta name=\"twitter:site\" content=\"@Gh0stysky\" \/>\n<meta name=\"twitter:label1\" content=\"Dur\u00e9e de lecture estim\u00e9e\" \/>\n\t<meta name=\"twitter:data1\" content=\"2 minutes\" \/>\n<script type=\"application\/ld+json\" class=\"yoast-schema-graph\">{\"@context\":\"https:\\\/\\\/schema.org\",\"@graph\":[{\"@type\":\"WebPage\",\"@id\":\"https:\\\/\\\/www.ghostysky.com\\\/product\\\/unitree-b2-with-32-channel-lidar\\\/\",\"url\":\"https:\\\/\\\/www.ghostysky.com\\\/product\\\/unitree-b2-with-32-channel-lidar\\\/\",\"name\":\"Unitree B2 (with 32-channel lidar) - Ghostysky\",\"isPartOf\":{\"@id\":\"https:\\\/\\\/www.ghostysky.com\\\/#website\"},\"primaryImageOfPage\":{\"@id\":\"https:\\\/\\\/www.ghostysky.com\\\/product\\\/unitree-b2-with-32-channel-lidar\\\/#primaryimage\"},\"image\":{\"@id\":\"https:\\\/\\\/www.ghostysky.com\\\/product\\\/unitree-b2-with-32-channel-lidar\\\/#primaryimage\"},\"thumbnailUrl\":\"https:\\\/\\\/www.ghostysky.com\\\/wp-content\\\/uploads\\\/2025\\\/10\\\/GH_B2-with-32-channel-lidar_1.jpg\",\"datePublished\":\"2025-10-16T13:45:39+00:00\",\"dateModified\":\"2025-10-16T13:46:09+00:00\",\"description\":\"The Unitree B2 with an integrated 32-Channel LiDAR is an industrial-grade quadruped robot engineered for unmatched speed, strength, and intelligent autonomy in the most demanding environments. This configuration takes the B2's industry-leading mobility and amplifies it with high-precision 3D perception, making it the ultimate solution for industrial inspection, logistics, research, and emergency response.\",\"breadcrumb\":{\"@id\":\"https:\\\/\\\/www.ghostysky.com\\\/product\\\/unitree-b2-with-32-channel-lidar\\\/#breadcrumb\"},\"inLanguage\":\"fr-FR\",\"potentialAction\":[{\"@type\":\"ReadAction\",\"target\":[\"https:\\\/\\\/www.ghostysky.com\\\/product\\\/unitree-b2-with-32-channel-lidar\\\/\"]}]},{\"@type\":\"ImageObject\",\"inLanguage\":\"fr-FR\",\"@id\":\"https:\\\/\\\/www.ghostysky.com\\\/product\\\/unitree-b2-with-32-channel-lidar\\\/#primaryimage\",\"url\":\"https:\\\/\\\/www.ghostysky.com\\\/wp-content\\\/uploads\\\/2025\\\/10\\\/GH_B2-with-32-channel-lidar_1.jpg\",\"contentUrl\":\"https:\\\/\\\/www.ghostysky.com\\\/wp-content\\\/uploads\\\/2025\\\/10\\\/GH_B2-with-32-channel-lidar_1.jpg\",\"width\":720,\"height\":720},{\"@type\":\"BreadcrumbList\",\"@id\":\"https:\\\/\\\/www.ghostysky.com\\\/product\\\/unitree-b2-with-32-channel-lidar\\\/#breadcrumb\",\"itemListElement\":[{\"@type\":\"ListItem\",\"position\":1,\"name\":\"Home\",\"item\":\"https:\\\/\\\/www.ghostysky.com\\\/\"},{\"@type\":\"ListItem\",\"position\":2,\"name\":\"Shop\",\"item\":\"https:\\\/\\\/www.ghostysky.com\\\/shop\\\/\"},{\"@type\":\"ListItem\",\"position\":3,\"name\":\"Unitree B2 (with 32-channel lidar)\"}]},{\"@type\":\"WebSite\",\"@id\":\"https:\\\/\\\/www.ghostysky.com\\\/#website\",\"url\":\"https:\\\/\\\/www.ghostysky.com\\\/\",\"name\":\"Ghostysky\",\"description\":\"Delivering professional drones and services\",\"publisher\":{\"@id\":\"https:\\\/\\\/www.ghostysky.com\\\/#organization\"},\"potentialAction\":[{\"@type\":\"SearchAction\",\"target\":{\"@type\":\"EntryPoint\",\"urlTemplate\":\"https:\\\/\\\/www.ghostysky.com\\\/?s={search_term_string}\"},\"query-input\":{\"@type\":\"PropertyValueSpecification\",\"valueRequired\":true,\"valueName\":\"search_term_string\"}}],\"inLanguage\":\"fr-FR\"},{\"@type\":\"Organization\",\"@id\":\"https:\\\/\\\/www.ghostysky.com\\\/#organization\",\"name\":\"Ghostysky\",\"url\":\"https:\\\/\\\/www.ghostysky.com\\\/\",\"logo\":{\"@type\":\"ImageObject\",\"inLanguage\":\"fr-FR\",\"@id\":\"https:\\\/\\\/www.ghostysky.com\\\/#\\\/schema\\\/logo\\\/image\\\/\",\"url\":\"https:\\\/\\\/www.ghostysky.com\\\/wp-content\\\/uploads\\\/2020\\\/06\\\/cropped-ghostyskylogo_text_white2.png\",\"contentUrl\":\"https:\\\/\\\/www.ghostysky.com\\\/wp-content\\\/uploads\\\/2020\\\/06\\\/cropped-ghostyskylogo_text_white2.png\",\"width\":169,\"height\":56,\"caption\":\"Ghostysky\"},\"image\":{\"@id\":\"https:\\\/\\\/www.ghostysky.com\\\/#\\\/schema\\\/logo\\\/image\\\/\"},\"sameAs\":[\"https:\\\/\\\/www.facebook.com\\\/people\\\/Ghostysky\\\/100057676170234\\\/\",\"https:\\\/\\\/x.com\\\/Gh0stysky\",\"https:\\\/\\\/www.linkedin.com\\\/company\\\/34739653\",\"https:\\\/\\\/www.instagram.com\\\/gh0stysky\"]}]}<\/script>\n<!-- \/ Yoast SEO plugin. -->","yoast_head_json":{"title":"Unitree B2 (avec lidar 32 canaux) - Ghostysky","description":"L&#039;Unitree B2, \u00e9quip\u00e9 d&#039;un LiDAR 32 canaux int\u00e9gr\u00e9, est un robot quadrup\u00e8de de qualit\u00e9 industrielle con\u00e7u pour offrir une vitesse, une robustesse et une autonomie intelligente in\u00e9gal\u00e9es dans les environnements les plus exigeants. Cette configuration exploite la mobilit\u00e9 de pointe du B2 et l&#039;amplifie gr\u00e2ce \u00e0 une perception 3D de haute pr\u00e9cision, ce qui en fait la solution id\u00e9ale pour l&#039;inspection industrielle, la logistique, la recherche et les interventions d&#039;urgence.","robots":{"index":"index","follow":"follow","max-snippet":"max-snippet:-1","max-image-preview":"max-image-preview:large","max-video-preview":"max-video-preview:-1"},"canonical":"https:\/\/www.ghostysky.com\/fr\/product\/unitree-b2-with-32-channel-lidar\/","og_locale":"fr_FR","og_type":"article","og_title":"Unitree B2 (with 32-channel lidar) - Ghostysky","og_description":"The Unitree B2 with an integrated 32-Channel LiDAR is an industrial-grade quadruped robot engineered for unmatched speed, strength, and intelligent autonomy in the most demanding environments. This configuration takes the B2's industry-leading mobility and amplifies it with high-precision 3D perception, making it the ultimate solution for industrial inspection, logistics, research, and emergency response.","og_url":"https:\/\/www.ghostysky.com\/fr\/product\/unitree-b2-with-32-channel-lidar\/","og_site_name":"Ghostysky","article_publisher":"https:\/\/www.facebook.com\/people\/Ghostysky\/100057676170234\/","article_modified_time":"2025-10-16T13:46:09+00:00","og_image":[{"width":720,"height":720,"url":"https:\/\/www.ghostysky.com\/wp-content\/uploads\/2025\/10\/GH_B2-with-32-channel-lidar_1.jpg","type":"image\/jpeg"}],"twitter_card":"summary_large_image","twitter_site":"@Gh0stysky","twitter_misc":{"Dur\u00e9e de lecture estim\u00e9e":"2 minutes"},"schema":{"@context":"https:\/\/schema.org","@graph":[{"@type":"WebPage","@id":"https:\/\/www.ghostysky.com\/product\/unitree-b2-with-32-channel-lidar\/","url":"https:\/\/www.ghostysky.com\/product\/unitree-b2-with-32-channel-lidar\/","name":"Unitree B2 (avec lidar 32 canaux) - Ghostysky","isPartOf":{"@id":"https:\/\/www.ghostysky.com\/#website"},"primaryImageOfPage":{"@id":"https:\/\/www.ghostysky.com\/product\/unitree-b2-with-32-channel-lidar\/#primaryimage"},"image":{"@id":"https:\/\/www.ghostysky.com\/product\/unitree-b2-with-32-channel-lidar\/#primaryimage"},"thumbnailUrl":"https:\/\/www.ghostysky.com\/wp-content\/uploads\/2025\/10\/GH_B2-with-32-channel-lidar_1.jpg","datePublished":"2025-10-16T13:45:39+00:00","dateModified":"2025-10-16T13:46:09+00:00","description":"L&#039;Unitree B2, \u00e9quip\u00e9 d&#039;un LiDAR 32 canaux int\u00e9gr\u00e9, est un robot quadrup\u00e8de de qualit\u00e9 industrielle con\u00e7u pour offrir une vitesse, une robustesse et une autonomie intelligente in\u00e9gal\u00e9es dans les environnements les plus exigeants. Cette configuration exploite la mobilit\u00e9 de pointe du B2 et l&#039;amplifie gr\u00e2ce \u00e0 une perception 3D de haute pr\u00e9cision, ce qui en fait la solution id\u00e9ale pour l&#039;inspection industrielle, la logistique, la recherche et les interventions d&#039;urgence.","breadcrumb":{"@id":"https:\/\/www.ghostysky.com\/product\/unitree-b2-with-32-channel-lidar\/#breadcrumb"},"inLanguage":"fr-FR","potentialAction":[{"@type":"ReadAction","target":["https:\/\/www.ghostysky.com\/product\/unitree-b2-with-32-channel-lidar\/"]}]},{"@type":"ImageObject","inLanguage":"fr-FR","@id":"https:\/\/www.ghostysky.com\/product\/unitree-b2-with-32-channel-lidar\/#primaryimage","url":"https:\/\/www.ghostysky.com\/wp-content\/uploads\/2025\/10\/GH_B2-with-32-channel-lidar_1.jpg","contentUrl":"https:\/\/www.ghostysky.com\/wp-content\/uploads\/2025\/10\/GH_B2-with-32-channel-lidar_1.jpg","width":720,"height":720},{"@type":"BreadcrumbList","@id":"https:\/\/www.ghostysky.com\/product\/unitree-b2-with-32-channel-lidar\/#breadcrumb","itemListElement":[{"@type":"ListItem","position":1,"name":"Home","item":"https:\/\/www.ghostysky.com\/"},{"@type":"ListItem","position":2,"name":"Shop","item":"https:\/\/www.ghostysky.com\/shop\/"},{"@type":"ListItem","position":3,"name":"Unitree B2 (with 32-channel lidar)"}]},{"@type":"WebSite","@id":"https:\/\/www.ghostysky.com\/#website","url":"https:\/\/www.ghostysky.com\/","name":"Ghostysky","description":"Livraison de drones et de services professionnels","publisher":{"@id":"https:\/\/www.ghostysky.com\/#organization"},"potentialAction":[{"@type":"SearchAction","target":{"@type":"EntryPoint","urlTemplate":"https:\/\/www.ghostysky.com\/?s={search_term_string}"},"query-input":{"@type":"PropertyValueSpecification","valueRequired":true,"valueName":"search_term_string"}}],"inLanguage":"fr-FR"},{"@type":"Organization","@id":"https:\/\/www.ghostysky.com\/#organization","name":"Ghostysky","url":"https:\/\/www.ghostysky.com\/","logo":{"@type":"ImageObject","inLanguage":"fr-FR","@id":"https:\/\/www.ghostysky.com\/#\/schema\/logo\/image\/","url":"https:\/\/www.ghostysky.com\/wp-content\/uploads\/2020\/06\/cropped-ghostyskylogo_text_white2.png","contentUrl":"https:\/\/www.ghostysky.com\/wp-content\/uploads\/2020\/06\/cropped-ghostyskylogo_text_white2.png","width":169,"height":56,"caption":"Ghostysky"},"image":{"@id":"https:\/\/www.ghostysky.com\/#\/schema\/logo\/image\/"},"sameAs":["https:\/\/www.facebook.com\/people\/Ghostysky\/100057676170234\/","https:\/\/x.com\/Gh0stysky","https:\/\/www.linkedin.com\/company\/34739653","https:\/\/www.instagram.com\/gh0stysky"]}]}},"_links":{"self":[{"href":"https:\/\/www.ghostysky.com\/fr\/wp-json\/wp\/v2\/product\/21391","targetHints":{"allow":["GET"]}}],"collection":[{"href":"https:\/\/www.ghostysky.com\/fr\/wp-json\/wp\/v2\/product"}],"about":[{"href":"https:\/\/www.ghostysky.com\/fr\/wp-json\/wp\/v2\/types\/product"}],"replies":[{"embeddable":true,"href":"https:\/\/www.ghostysky.com\/fr\/wp-json\/wp\/v2\/comments?post=21391"}],"wp:featuredmedia":[{"embeddable":true,"href":"https:\/\/www.ghostysky.com\/fr\/wp-json\/wp\/v2\/media\/21392"}],"wp:attachment":[{"href":"https:\/\/www.ghostysky.com\/fr\/wp-json\/wp\/v2\/media?parent=21391"}],"wp:term":[{"taxonomy":"product_brand","embeddable":true,"href":"https:\/\/www.ghostysky.com\/fr\/wp-json\/wp\/v2\/product_brand?post=21391"},{"taxonomy":"product_cat","embeddable":true,"href":"https:\/\/www.ghostysky.com\/fr\/wp-json\/wp\/v2\/product_cat?post=21391"},{"taxonomy":"product_tag","embeddable":true,"href":"https:\/\/www.ghostysky.com\/fr\/wp-json\/wp\/v2\/product_tag?post=21391"}],"curies":[{"name":"wp","href":"https:\/\/api.w.org\/{rel}","templated":true}]}}