{"id":21395,"date":"2025-10-16T14:45:11","date_gmt":"2025-10-16T14:45:11","guid":{"rendered":"https:\/\/www.ghostysky.com\/?post_type=product&#038;p=21395"},"modified":"2025-10-16T14:45:41","modified_gmt":"2025-10-16T14:45:41","slug":"unitree-b2-b2w-remote","status":"publish","type":"product","link":"https:\/\/www.ghostysky.com\/fr\/product\/unitree-b2-b2w-remote\/","title":{"rendered":"T\u00e9l\u00e9commande Unitree B2, B2W"},"content":{"rendered":"<div id=\"model-response-message-contentr_a683f9c59fb9521d\" class=\"markdown markdown-main-panel stronger enable-updated-hr-color\" dir=\"ltr\">\n<p><b>Key Features:<\/b><\/p>\n<ul>\n<li><b><span class=\"citation-478\">Ergonomic Design:<\/span><\/b><span class=\"citation-478 citation-end-478\"> A user-friendly form factor and simple interface allow operators to command the B2\/B2W robot with ease, minimizing fatigue during extended operations.<\/span><\/li>\n<li><b>Intuitive Control:<\/b> Features responsive joysticks (two degrees of freedom each, with output range of <span class=\"math-inline\" data-math=\"[-1.0, 1.0]\"><span class=\"katex\"><span class=\"katex-html\" aria-hidden=\"true\"><span class=\"base\"><span class=\"mopen\">[<\/span><span class=\"mord\">\u2212<\/span><span class=\"mord\">1.0<\/span><span class=\"mpunct\">,<\/span><span class=\"mord\">1.0<\/span><span class=\"mclose\">]<\/span><\/span><\/span><\/span><\/span>) and an array of function keys (L1, R1, A, B, etc.) for commanding movement capabilities like forward, backward, turning, as well as accessing preset actions.<\/li>\n<li><b><span class=\"citation-477\">Extended Range:<\/span><\/b><span class=\"citation-477\"> Provides reliable wireless connectivity with a remote control distance of <\/span><b><span class=\"citation-477\">over 100 meters<\/span><\/b><span class=\"citation-477 citation-end-477\"> (in an open environment), offering flexibility for operations across large areas.<\/span><\/li>\n<li><b>Wireless Connectivity:<\/b><span class=\"citation-476\"> Utilizes a combination of a <\/span><b><span class=\"citation-476\">data transmission module<\/span><\/b><span class=\"citation-476\"> and <\/span><b><span class=\"citation-476\">Bluetooth (Bluetooth 6)<\/span><\/b><span class=\"citation-476 citation-end-476\"> for seamless and reliable communication with the robot.<\/span><\/li>\n<li><b>Long-Lasting Battery:<\/b><span class=\"citation-475\"> Equipped with a <\/span><b><span class=\"citation-475\">780mAh Lithium Battery<\/span><\/b><span class=\"citation-475\"> providing a running time of approximately <\/span><b><span class=\"citation-475\">4.5 to 5 hours<\/span><\/b><span class=\"citation-475 citation-end-475\">, ensuring extended periods of continuous use.<\/span><\/li>\n<li><b>Quick Recharge:<\/b><span class=\"citation-474\"> Supports charging with a <\/span><b><span class=\"citation-474\">5V charging voltage<\/span><\/b><span class=\"citation-474\"> and a <\/span><b><span class=\"citation-474\">2A charging current<\/span><\/b><span class=\"citation-474 citation-end-474\"> (or <\/span><span class=\"math-inline\" data-math=\"700mA\"><span class=\"katex\"><span class=\"katex-html\" aria-hidden=\"true\"><span class=\"base\"><span class=\"mord\">700<\/span><span class=\"mord mathnormal\">m<\/span><span class=\"mord mathnormal\">A<\/span><\/span><\/span><\/span><\/span><span class=\"citation-473 citation-end-473\"> depending on the source).<\/span><\/li>\n<li><b><span class=\"citation-472\">Dual Motion Modes:<\/span><\/b><span class=\"citation-472\"> Allows switching between <\/span><b><span class=\"citation-472\">Regular Motion Control<\/span><\/b><span class=\"citation-472\"> (Mode 1 &#8211; manual input for greater stability) and <\/span><b><span class=\"citation-472\">AI Motion Control<\/span><\/b><span class=\"citation-472 citation-end-472\"> (Mode 2 &#8211; where the B2 autonomously adapts to surroundings).<\/span><\/li>\n<li><b><span class=\"citation-471\">Integration with Unitree Explore App:<\/span><\/b><span class=\"citation-471 citation-end-471\"> Can be bound to the robot via the Unitree Explore App for a seamless connection upon powering on.<\/span><\/li>\n<\/ul>\n<p><span class=\"citation-470 citation-end-470\">The Unitree B2\/B2W Remote Controller is an indispensable accessory, providing reliable, efficient, and extended-range control for optimal interaction with the industrial-grade B2 and B2W quadruped robots.<\/span><\/p>\n<div class=\"source-inline-chip-container ng-star-inserted\"><\/div>\n<\/div>\n","protected":false},"excerpt":{"rendered":"<p><span class=\"citation-479\">Le <\/span><b><span class=\"citation-479\">T\u00e9l\u00e9commande Unitree B2 et B2W<\/span><\/b><span class=\"citation-479 citation-end-479\"> est l&#039;appareil essentiel et convivial con\u00e7u pour une commande intuitive et transparente des robots quadrup\u00e8des professionnels Unitree B2 et B2W.<\/span> Con\u00e7ue pour l&#039;efficacit\u00e9 et la fiabilit\u00e9 dans les environnements industriels, de recherche et \u00e9ducatifs exigeants, cette t\u00e9l\u00e9commande garantit aux op\u00e9rateurs un contr\u00f4le pr\u00e9cis sur les mouvements et les fonctions complexes de leur robot.<\/p>","protected":false},"featured_media":21397,"comment_status":"open","ping_status":"closed","template":"","meta":[],"product_brand":[1087],"product_cat":[1039,1037,1086],"product_tag":[1088,1101,1099,1089],"class_list":{"0":"post-21395","1":"product","2":"type-product","3":"status-publish","4":"has-post-thumbnail","6":"product_brand-unitree","7":"product_cat-quadruped","8":"product_cat-robotics","9":"product_cat-unitree-quad-accessories","10":"product_tag-unitree","11":"product_tag-unitree-a2-b2-accessories","12":"product_tag-unitree-a2b2-series","13":"product_tag-unitree-quadruped","15":"first","16":"onbackorder","17":"taxable","18":"shipping-taxable","19":"purchasable","20":"product-type-simple"},"yoast_head":"<!-- This site is optimized with the Yoast SEO plugin v27.4 - https:\/\/yoast.com\/product\/yoast-seo-wordpress\/ -->\n<title>Unitree B2, B2W Remote - Ghostysky<\/title>\n<meta name=\"description\" content=\"The Unitree B2 &amp; B2W Remote Controller is the essential, user-friendly device designed for intuitive and seamless command of the professional Unitree B2 and B2W quadruped robots. Engineered for efficiency and reliability in demanding industrial, research, and educational environments, this remote ensures operators maintain precise control over their robot&#039;s complex movements and functions.\" \/>\n<meta name=\"robots\" content=\"index, follow, max-snippet:-1, max-image-preview:large, max-video-preview:-1\" \/>\n<link rel=\"canonical\" href=\"https:\/\/www.ghostysky.com\/fr\/product\/unitree-b2-b2w-remote\/\" \/>\n<meta property=\"og:locale\" content=\"fr_FR\" \/>\n<meta property=\"og:type\" content=\"article\" \/>\n<meta property=\"og:title\" content=\"Unitree B2, B2W Remote - Ghostysky\" \/>\n<meta property=\"og:description\" content=\"The Unitree B2 &amp; B2W Remote Controller is the essential, user-friendly device designed for intuitive and seamless command of the professional Unitree B2 and B2W quadruped robots. Engineered for efficiency and reliability in demanding industrial, research, and educational environments, this remote ensures operators maintain precise control over their robot&#039;s complex movements and functions.\" \/>\n<meta property=\"og:url\" content=\"https:\/\/www.ghostysky.com\/fr\/product\/unitree-b2-b2w-remote\/\" \/>\n<meta property=\"og:site_name\" content=\"Ghostysky\" \/>\n<meta property=\"article:publisher\" content=\"https:\/\/www.facebook.com\/people\/Ghostysky\/100057676170234\/\" \/>\n<meta property=\"article:modified_time\" content=\"2025-10-16T14:45:41+00:00\" \/>\n<meta property=\"og:image\" content=\"https:\/\/www.ghostysky.com\/wp-content\/uploads\/2025\/10\/GH_B2-B2W-Remote_1.webp\" \/>\n\t<meta property=\"og:image:width\" content=\"1744\" \/>\n\t<meta property=\"og:image:height\" content=\"1744\" \/>\n\t<meta property=\"og:image:type\" content=\"image\/webp\" \/>\n<meta name=\"twitter:card\" content=\"summary_large_image\" \/>\n<meta name=\"twitter:site\" content=\"@Gh0stysky\" \/>\n<meta name=\"twitter:label1\" content=\"Dur\u00e9e de lecture estim\u00e9e\" \/>\n\t<meta name=\"twitter:data1\" content=\"2 minutes\" \/>\n<script type=\"application\/ld+json\" class=\"yoast-schema-graph\">{\"@context\":\"https:\\\/\\\/schema.org\",\"@graph\":[{\"@type\":\"WebPage\",\"@id\":\"https:\\\/\\\/www.ghostysky.com\\\/product\\\/unitree-b2-b2w-remote\\\/\",\"url\":\"https:\\\/\\\/www.ghostysky.com\\\/product\\\/unitree-b2-b2w-remote\\\/\",\"name\":\"Unitree B2, B2W Remote - Ghostysky\",\"isPartOf\":{\"@id\":\"https:\\\/\\\/www.ghostysky.com\\\/#website\"},\"primaryImageOfPage\":{\"@id\":\"https:\\\/\\\/www.ghostysky.com\\\/product\\\/unitree-b2-b2w-remote\\\/#primaryimage\"},\"image\":{\"@id\":\"https:\\\/\\\/www.ghostysky.com\\\/product\\\/unitree-b2-b2w-remote\\\/#primaryimage\"},\"thumbnailUrl\":\"https:\\\/\\\/www.ghostysky.com\\\/wp-content\\\/uploads\\\/2025\\\/10\\\/GH_B2-B2W-Remote_1.webp\",\"datePublished\":\"2025-10-16T14:45:11+00:00\",\"dateModified\":\"2025-10-16T14:45:41+00:00\",\"description\":\"The Unitree B2 & B2W Remote Controller is the essential, user-friendly device designed for intuitive and seamless command of the professional Unitree B2 and B2W quadruped robots. Engineered for efficiency and reliability in demanding industrial, research, and educational environments, this remote ensures operators maintain precise control over their robot's complex movements and functions.\",\"breadcrumb\":{\"@id\":\"https:\\\/\\\/www.ghostysky.com\\\/product\\\/unitree-b2-b2w-remote\\\/#breadcrumb\"},\"inLanguage\":\"fr-FR\",\"potentialAction\":[{\"@type\":\"ReadAction\",\"target\":[\"https:\\\/\\\/www.ghostysky.com\\\/product\\\/unitree-b2-b2w-remote\\\/\"]}]},{\"@type\":\"ImageObject\",\"inLanguage\":\"fr-FR\",\"@id\":\"https:\\\/\\\/www.ghostysky.com\\\/product\\\/unitree-b2-b2w-remote\\\/#primaryimage\",\"url\":\"https:\\\/\\\/www.ghostysky.com\\\/wp-content\\\/uploads\\\/2025\\\/10\\\/GH_B2-B2W-Remote_1.webp\",\"contentUrl\":\"https:\\\/\\\/www.ghostysky.com\\\/wp-content\\\/uploads\\\/2025\\\/10\\\/GH_B2-B2W-Remote_1.webp\",\"width\":1744,\"height\":1744},{\"@type\":\"BreadcrumbList\",\"@id\":\"https:\\\/\\\/www.ghostysky.com\\\/product\\\/unitree-b2-b2w-remote\\\/#breadcrumb\",\"itemListElement\":[{\"@type\":\"ListItem\",\"position\":1,\"name\":\"Home\",\"item\":\"https:\\\/\\\/www.ghostysky.com\\\/\"},{\"@type\":\"ListItem\",\"position\":2,\"name\":\"Shop\",\"item\":\"https:\\\/\\\/www.ghostysky.com\\\/shop\\\/\"},{\"@type\":\"ListItem\",\"position\":3,\"name\":\"Unitree B2, B2W Remote\"}]},{\"@type\":\"WebSite\",\"@id\":\"https:\\\/\\\/www.ghostysky.com\\\/#website\",\"url\":\"https:\\\/\\\/www.ghostysky.com\\\/\",\"name\":\"Ghostysky\",\"description\":\"Delivering professional drones and robotics solutions\",\"publisher\":{\"@id\":\"https:\\\/\\\/www.ghostysky.com\\\/#organization\"},\"potentialAction\":[{\"@type\":\"SearchAction\",\"target\":{\"@type\":\"EntryPoint\",\"urlTemplate\":\"https:\\\/\\\/www.ghostysky.com\\\/?s={search_term_string}\"},\"query-input\":{\"@type\":\"PropertyValueSpecification\",\"valueRequired\":true,\"valueName\":\"search_term_string\"}}],\"inLanguage\":\"fr-FR\"},{\"@type\":\"Organization\",\"@id\":\"https:\\\/\\\/www.ghostysky.com\\\/#organization\",\"name\":\"Ghostysky\",\"url\":\"https:\\\/\\\/www.ghostysky.com\\\/\",\"logo\":{\"@type\":\"ImageObject\",\"inLanguage\":\"fr-FR\",\"@id\":\"https:\\\/\\\/www.ghostysky.com\\\/#\\\/schema\\\/logo\\\/image\\\/\",\"url\":\"https:\\\/\\\/www.ghostysky.com\\\/wp-content\\\/uploads\\\/2020\\\/06\\\/cropped-ghostyskylogo_text_white2.png\",\"contentUrl\":\"https:\\\/\\\/www.ghostysky.com\\\/wp-content\\\/uploads\\\/2020\\\/06\\\/cropped-ghostyskylogo_text_white2.png\",\"width\":169,\"height\":56,\"caption\":\"Ghostysky\"},\"image\":{\"@id\":\"https:\\\/\\\/www.ghostysky.com\\\/#\\\/schema\\\/logo\\\/image\\\/\"},\"sameAs\":[\"https:\\\/\\\/www.facebook.com\\\/people\\\/Ghostysky\\\/100057676170234\\\/\",\"https:\\\/\\\/x.com\\\/Gh0stysky\",\"https:\\\/\\\/www.linkedin.com\\\/company\\\/34739653\",\"https:\\\/\\\/www.instagram.com\\\/gh0stysky\"]}]}<\/script>\n<!-- \/ Yoast SEO plugin. -->","yoast_head_json":{"title":"T\u00e9l\u00e9commande Unitree B2, B2W - Ghostysky","description":"La t\u00e9l\u00e9commande Unitree B2 et B2W est un appareil essentiel et convivial, con\u00e7u pour une commande intuitive et fluide des robots quadrup\u00e8des professionnels Unitree B2 et B2W. Con\u00e7ue pour offrir efficacit\u00e9 et fiabilit\u00e9 dans les environnements industriels, de recherche et d&#039;enseignement exigeants, cette t\u00e9l\u00e9commande permet aux op\u00e9rateurs de contr\u00f4ler avec pr\u00e9cision les mouvements et fonctions complexes de leur robot.","robots":{"index":"index","follow":"follow","max-snippet":"max-snippet:-1","max-image-preview":"max-image-preview:large","max-video-preview":"max-video-preview:-1"},"canonical":"https:\/\/www.ghostysky.com\/fr\/product\/unitree-b2-b2w-remote\/","og_locale":"fr_FR","og_type":"article","og_title":"Unitree B2, B2W Remote - Ghostysky","og_description":"The Unitree B2 & B2W Remote Controller is the essential, user-friendly device designed for intuitive and seamless command of the professional Unitree B2 and B2W quadruped robots. Engineered for efficiency and reliability in demanding industrial, research, and educational environments, this remote ensures operators maintain precise control over their robot's complex movements and functions.","og_url":"https:\/\/www.ghostysky.com\/fr\/product\/unitree-b2-b2w-remote\/","og_site_name":"Ghostysky","article_publisher":"https:\/\/www.facebook.com\/people\/Ghostysky\/100057676170234\/","article_modified_time":"2025-10-16T14:45:41+00:00","og_image":[{"width":1744,"height":1744,"url":"https:\/\/www.ghostysky.com\/wp-content\/uploads\/2025\/10\/GH_B2-B2W-Remote_1.webp","type":"image\/webp"}],"twitter_card":"summary_large_image","twitter_site":"@Gh0stysky","twitter_misc":{"Dur\u00e9e de lecture estim\u00e9e":"2 minutes"},"schema":{"@context":"https:\/\/schema.org","@graph":[{"@type":"WebPage","@id":"https:\/\/www.ghostysky.com\/product\/unitree-b2-b2w-remote\/","url":"https:\/\/www.ghostysky.com\/product\/unitree-b2-b2w-remote\/","name":"T\u00e9l\u00e9commande Unitree B2, B2W - Ghostysky","isPartOf":{"@id":"https:\/\/www.ghostysky.com\/#website"},"primaryImageOfPage":{"@id":"https:\/\/www.ghostysky.com\/product\/unitree-b2-b2w-remote\/#primaryimage"},"image":{"@id":"https:\/\/www.ghostysky.com\/product\/unitree-b2-b2w-remote\/#primaryimage"},"thumbnailUrl":"https:\/\/www.ghostysky.com\/wp-content\/uploads\/2025\/10\/GH_B2-B2W-Remote_1.webp","datePublished":"2025-10-16T14:45:11+00:00","dateModified":"2025-10-16T14:45:41+00:00","description":"La t\u00e9l\u00e9commande Unitree B2 et B2W est un appareil essentiel et convivial, con\u00e7u pour une commande intuitive et fluide des robots quadrup\u00e8des professionnels Unitree B2 et B2W. Con\u00e7ue pour offrir efficacit\u00e9 et fiabilit\u00e9 dans les environnements industriels, de recherche et d&#039;enseignement exigeants, cette t\u00e9l\u00e9commande permet aux op\u00e9rateurs de contr\u00f4ler avec pr\u00e9cision les mouvements et fonctions complexes de leur robot.","breadcrumb":{"@id":"https:\/\/www.ghostysky.com\/product\/unitree-b2-b2w-remote\/#breadcrumb"},"inLanguage":"fr-FR","potentialAction":[{"@type":"ReadAction","target":["https:\/\/www.ghostysky.com\/product\/unitree-b2-b2w-remote\/"]}]},{"@type":"ImageObject","inLanguage":"fr-FR","@id":"https:\/\/www.ghostysky.com\/product\/unitree-b2-b2w-remote\/#primaryimage","url":"https:\/\/www.ghostysky.com\/wp-content\/uploads\/2025\/10\/GH_B2-B2W-Remote_1.webp","contentUrl":"https:\/\/www.ghostysky.com\/wp-content\/uploads\/2025\/10\/GH_B2-B2W-Remote_1.webp","width":1744,"height":1744},{"@type":"BreadcrumbList","@id":"https:\/\/www.ghostysky.com\/product\/unitree-b2-b2w-remote\/#breadcrumb","itemListElement":[{"@type":"ListItem","position":1,"name":"Home","item":"https:\/\/www.ghostysky.com\/"},{"@type":"ListItem","position":2,"name":"Shop","item":"https:\/\/www.ghostysky.com\/shop\/"},{"@type":"ListItem","position":3,"name":"Unitree B2, B2W Remote"}]},{"@type":"WebSite","@id":"https:\/\/www.ghostysky.com\/#website","url":"https:\/\/www.ghostysky.com\/","name":"Ghostysky","description":"Fourniture de solutions professionnelles en mati\u00e8re de drones et de robotique","publisher":{"@id":"https:\/\/www.ghostysky.com\/#organization"},"potentialAction":[{"@type":"SearchAction","target":{"@type":"EntryPoint","urlTemplate":"https:\/\/www.ghostysky.com\/?s={search_term_string}"},"query-input":{"@type":"PropertyValueSpecification","valueRequired":true,"valueName":"search_term_string"}}],"inLanguage":"fr-FR"},{"@type":"Organization","@id":"https:\/\/www.ghostysky.com\/#organization","name":"Ghostysky","url":"https:\/\/www.ghostysky.com\/","logo":{"@type":"ImageObject","inLanguage":"fr-FR","@id":"https:\/\/www.ghostysky.com\/#\/schema\/logo\/image\/","url":"https:\/\/www.ghostysky.com\/wp-content\/uploads\/2020\/06\/cropped-ghostyskylogo_text_white2.png","contentUrl":"https:\/\/www.ghostysky.com\/wp-content\/uploads\/2020\/06\/cropped-ghostyskylogo_text_white2.png","width":169,"height":56,"caption":"Ghostysky"},"image":{"@id":"https:\/\/www.ghostysky.com\/#\/schema\/logo\/image\/"},"sameAs":["https:\/\/www.facebook.com\/people\/Ghostysky\/100057676170234\/","https:\/\/x.com\/Gh0stysky","https:\/\/www.linkedin.com\/company\/34739653","https:\/\/www.instagram.com\/gh0stysky"]}]}},"_links":{"self":[{"href":"https:\/\/www.ghostysky.com\/fr\/wp-json\/wp\/v2\/product\/21395","targetHints":{"allow":["GET"]}}],"collection":[{"href":"https:\/\/www.ghostysky.com\/fr\/wp-json\/wp\/v2\/product"}],"about":[{"href":"https:\/\/www.ghostysky.com\/fr\/wp-json\/wp\/v2\/types\/product"}],"replies":[{"embeddable":true,"href":"https:\/\/www.ghostysky.com\/fr\/wp-json\/wp\/v2\/comments?post=21395"}],"version-history":[{"count":0,"href":"https:\/\/www.ghostysky.com\/fr\/wp-json\/wp\/v2\/product\/21395\/revisions"}],"wp:featuredmedia":[{"embeddable":true,"href":"https:\/\/www.ghostysky.com\/fr\/wp-json\/wp\/v2\/media\/21397"}],"wp:attachment":[{"href":"https:\/\/www.ghostysky.com\/fr\/wp-json\/wp\/v2\/media?parent=21395"}],"wp:term":[{"taxonomy":"product_brand","embeddable":true,"href":"https:\/\/www.ghostysky.com\/fr\/wp-json\/wp\/v2\/product_brand?post=21395"},{"taxonomy":"product_cat","embeddable":true,"href":"https:\/\/www.ghostysky.com\/fr\/wp-json\/wp\/v2\/product_cat?post=21395"},{"taxonomy":"product_tag","embeddable":true,"href":"https:\/\/www.ghostysky.com\/fr\/wp-json\/wp\/v2\/product_tag?post=21395"}],"curies":[{"name":"wp","href":"https:\/\/api.w.org\/{rel}","templated":true}]}}