{"id":21405,"date":"2025-10-16T14:54:22","date_gmt":"2025-10-16T14:54:22","guid":{"rendered":"https:\/\/www.ghostysky.com\/?post_type=product&#038;p=21405"},"modified":"2025-10-16T14:58:01","modified_gmt":"2025-10-16T14:58:01","slug":"unitree-b2-charger","status":"publish","type":"product","link":"https:\/\/www.ghostysky.com\/fr\/product\/unitree-b2-charger\/","title":{"rendered":"Chargeur Unitree B2"},"content":{"rendered":"<h3><b>Caract\u00e9ristiques principales<\/b><\/h3>\n<ul>\n<li><b><span class=\"citation-532\">Conception d\u00e9di\u00e9e :<\/span><\/b><span class=\"citation-532 citation-end-532\"> Sp\u00e9cialement con\u00e7u pour r\u00e9pondre aux besoins \u00e9nerg\u00e9tiques de la batterie haute capacit\u00e9 du robot Unitree B2 (g\u00e9n\u00e9ralement autour de 45 Ah, 58 V nominal).<\/span><\/li>\n<li><b><span class=\"citation-531\">Performances fiables :<\/span><\/b><span class=\"citation-531 citation-end-531\"> Con\u00e7u pour une charge s\u00fbre et constante, contribuant \u00e0 maintenir la sant\u00e9 et la long\u00e9vit\u00e9 de la puissante batterie du B2.<\/span><\/li>\n<li><b>Large plage de tension d&#039;entr\u00e9e :<\/b><span class=\"citation-530\"> Prend en charge une large tension d&#039;entr\u00e9e de <\/span><b><span class=\"citation-530\">100\u2013240 V<\/span><\/b><span class=\"citation-530 citation-end-530\">, le rendant compatible avec les prises \u00e9lectriques standard dans diverses r\u00e9gions du monde.<\/span><\/li>\n<li><b>Prise en charge de la charge rapide (en fonction de la batterie)\u00a0:<\/b> Associ\u00e9 \u00e0 une batterie haute capacit\u00e9 appropri\u00e9e (comme le mod\u00e8le industriel BT2-12), le chargeur peut faciliter <b>charge rapide<\/b>, atteignant souvent une charge compl\u00e8te en un minimum de temps.<\/li>\n<li><b><span class=\"citation-529\">Compatibilit\u00e9 de charge autonome (en option)\u00a0:<\/span><\/b><span class=\"citation-529\"> La plateforme B2 prend en charge les options <\/span><b><span class=\"citation-529\">solutions de recharge autonome<\/span><\/b><span class=\"citation-529 citation-end-529\"> comme un kit de chargeur de contact et une station de charge.<\/span> <span class=\"citation-528 citation-end-528\">Ce chargeur ou les composants associ\u00e9s sont essentiels pour permettre au robot de se recharger automatiquement avec une intervention humaine minimale, maximisant ainsi l&#039;efficacit\u00e9 op\u00e9rationnelle.<\/span><\/li>\n<\/ul>\n<p>Gardez votre Unitree B2 de qualit\u00e9 industrielle pr\u00eat pour sa prochaine mission avec son chargeur fiable et sp\u00e9cialement con\u00e7u.<\/p>","protected":false},"excerpt":{"rendered":"<p>Le chargeur Unitree B2 est l&#039;accessoire d&#039;alimentation essentiel pour le robot quadrup\u00e8de industriel avanc\u00e9 Unitree B2. <span class=\"citation-533 citation-end-533 interactive-span-hovered\">Con\u00e7u pour l&#039;efficacit\u00e9 et la fiabilit\u00e9, ce chargeur garantit que votre robot B2 maintient une disponibilit\u00e9 maximale pour des op\u00e9rations industrielles et de recherche continues.<\/span><\/p>\n<div class=\"source-inline-chip-container ng-star-inserted\"><\/div>\n<p>&nbsp;<\/p>","protected":false},"featured_media":21407,"comment_status":"open","ping_status":"closed","template":"","meta":[],"product_brand":[1087],"product_cat":[1039,1037,1086],"product_tag":[1088,1101,1099,1089],"class_list":{"0":"post-21405","1":"product","2":"type-product","3":"status-publish","4":"has-post-thumbnail","6":"product_brand-unitree","7":"product_cat-quadruped","8":"product_cat-robotics","9":"product_cat-unitree-quad-accessories","10":"product_tag-unitree","11":"product_tag-unitree-a2-b2-accessories","12":"product_tag-unitree-a2b2-series","13":"product_tag-unitree-quadruped","15":"first","16":"onbackorder","17":"taxable","18":"shipping-taxable","19":"purchasable","20":"product-type-simple"},"yoast_head":"<!-- This site is optimized with the Yoast SEO plugin v27.1.1 - https:\/\/yoast.com\/product\/yoast-seo-wordpress\/ -->\n<title>Unitree B2 Charger - Ghostysky<\/title>\n<meta name=\"description\" content=\"The Unitree B2 Charger is the essential power accessory for the advanced Unitree B2 Industrial Quadruped Robot. Engineered for efficiency and reliability, this charger ensures your B2 robot maintains maximum uptime for continuous industrial and research operations.\" \/>\n<meta name=\"robots\" content=\"index, follow, max-snippet:-1, max-image-preview:large, max-video-preview:-1\" \/>\n<link rel=\"canonical\" href=\"https:\/\/www.ghostysky.com\/fr\/product\/unitree-b2-charger\/\" \/>\n<meta property=\"og:locale\" content=\"fr_FR\" \/>\n<meta property=\"og:type\" content=\"article\" \/>\n<meta property=\"og:title\" content=\"Unitree B2 Charger - Ghostysky\" \/>\n<meta property=\"og:description\" content=\"The Unitree B2 Charger is the essential power accessory for the advanced Unitree B2 Industrial Quadruped Robot. Engineered for efficiency and reliability, this charger ensures your B2 robot maintains maximum uptime for continuous industrial and research operations.\" \/>\n<meta property=\"og:url\" content=\"https:\/\/www.ghostysky.com\/fr\/product\/unitree-b2-charger\/\" \/>\n<meta property=\"og:site_name\" content=\"Ghostysky\" \/>\n<meta property=\"article:publisher\" content=\"https:\/\/www.facebook.com\/people\/Ghostysky\/100057676170234\/\" \/>\n<meta property=\"article:modified_time\" content=\"2025-10-16T14:58:01+00:00\" \/>\n<meta property=\"og:image\" content=\"https:\/\/www.ghostysky.com\/wp-content\/uploads\/2025\/10\/GH_UnitreeB2Charger_1.webp\" \/>\n\t<meta property=\"og:image:width\" content=\"1000\" \/>\n\t<meta property=\"og:image:height\" content=\"1000\" \/>\n\t<meta property=\"og:image:type\" content=\"image\/webp\" \/>\n<meta name=\"twitter:card\" content=\"summary_large_image\" \/>\n<meta name=\"twitter:site\" content=\"@Gh0stysky\" \/>\n<meta name=\"twitter:label1\" content=\"Dur\u00e9e de lecture estim\u00e9e\" \/>\n\t<meta name=\"twitter:data1\" content=\"1 minute\" \/>\n<script type=\"application\/ld+json\" class=\"yoast-schema-graph\">{\"@context\":\"https:\/\/schema.org\",\"@graph\":[{\"@type\":\"WebPage\",\"@id\":\"https:\/\/www.ghostysky.com\/product\/unitree-b2-charger\/\",\"url\":\"https:\/\/www.ghostysky.com\/product\/unitree-b2-charger\/\",\"name\":\"Unitree B2 Charger - Ghostysky\",\"isPartOf\":{\"@id\":\"https:\/\/www.ghostysky.com\/#website\"},\"primaryImageOfPage\":{\"@id\":\"https:\/\/www.ghostysky.com\/product\/unitree-b2-charger\/#primaryimage\"},\"image\":{\"@id\":\"https:\/\/www.ghostysky.com\/product\/unitree-b2-charger\/#primaryimage\"},\"thumbnailUrl\":\"https:\/\/www.ghostysky.com\/wp-content\/uploads\/2025\/10\/GH_UnitreeB2Charger_1.webp\",\"datePublished\":\"2025-10-16T14:54:22+00:00\",\"dateModified\":\"2025-10-16T14:58:01+00:00\",\"description\":\"The Unitree B2 Charger is the essential power accessory for the advanced Unitree B2 Industrial Quadruped Robot. Engineered for efficiency and reliability, this charger ensures your B2 robot maintains maximum uptime for continuous industrial and research operations.\",\"breadcrumb\":{\"@id\":\"https:\/\/www.ghostysky.com\/product\/unitree-b2-charger\/#breadcrumb\"},\"inLanguage\":\"fr-FR\",\"potentialAction\":[{\"@type\":\"ReadAction\",\"target\":[\"https:\/\/www.ghostysky.com\/product\/unitree-b2-charger\/\"]}]},{\"@type\":\"ImageObject\",\"inLanguage\":\"fr-FR\",\"@id\":\"https:\/\/www.ghostysky.com\/product\/unitree-b2-charger\/#primaryimage\",\"url\":\"https:\/\/www.ghostysky.com\/wp-content\/uploads\/2025\/10\/GH_UnitreeB2Charger_1.webp\",\"contentUrl\":\"https:\/\/www.ghostysky.com\/wp-content\/uploads\/2025\/10\/GH_UnitreeB2Charger_1.webp\",\"width\":1000,\"height\":1000},{\"@type\":\"BreadcrumbList\",\"@id\":\"https:\/\/www.ghostysky.com\/product\/unitree-b2-charger\/#breadcrumb\",\"itemListElement\":[{\"@type\":\"ListItem\",\"position\":1,\"name\":\"Home\",\"item\":\"https:\/\/www.ghostysky.com\/\"},{\"@type\":\"ListItem\",\"position\":2,\"name\":\"Shop\",\"item\":\"https:\/\/www.ghostysky.com\/shop\/\"},{\"@type\":\"ListItem\",\"position\":3,\"name\":\"Unitree B2 Charger\"}]},{\"@type\":\"WebSite\",\"@id\":\"https:\/\/www.ghostysky.com\/#website\",\"url\":\"https:\/\/www.ghostysky.com\/\",\"name\":\"Ghostysky\",\"description\":\"Delivering professional drones and services\",\"publisher\":{\"@id\":\"https:\/\/www.ghostysky.com\/#organization\"},\"potentialAction\":[{\"@type\":\"SearchAction\",\"target\":{\"@type\":\"EntryPoint\",\"urlTemplate\":\"https:\/\/www.ghostysky.com\/?s={search_term_string}\"},\"query-input\":{\"@type\":\"PropertyValueSpecification\",\"valueRequired\":true,\"valueName\":\"search_term_string\"}}],\"inLanguage\":\"fr-FR\"},{\"@type\":\"Organization\",\"@id\":\"https:\/\/www.ghostysky.com\/#organization\",\"name\":\"Ghostysky\",\"url\":\"https:\/\/www.ghostysky.com\/\",\"logo\":{\"@type\":\"ImageObject\",\"inLanguage\":\"fr-FR\",\"@id\":\"https:\/\/www.ghostysky.com\/#\/schema\/logo\/image\/\",\"url\":\"https:\/\/www.ghostysky.com\/wp-content\/uploads\/2020\/06\/cropped-ghostyskylogo_text_white2.png\",\"contentUrl\":\"https:\/\/www.ghostysky.com\/wp-content\/uploads\/2020\/06\/cropped-ghostyskylogo_text_white2.png\",\"width\":169,\"height\":56,\"caption\":\"Ghostysky\"},\"image\":{\"@id\":\"https:\/\/www.ghostysky.com\/#\/schema\/logo\/image\/\"},\"sameAs\":[\"https:\/\/www.facebook.com\/people\/Ghostysky\/100057676170234\/\",\"https:\/\/x.com\/Gh0stysky\",\"https:\/\/www.linkedin.com\/company\/34739653\",\"https:\/\/www.instagram.com\/gh0stysky\"]}]}<\/script>\n<!-- \/ Yoast SEO plugin. -->","yoast_head_json":{"title":"Chargeur Unitree B2 - Ghostysky","description":"Le chargeur Unitree B2 est l&#039;accessoire d&#039;alimentation indispensable pour le robot quadrup\u00e8de industriel Unitree B2. Con\u00e7u pour \u00eatre efficace et fiable, ce chargeur assure une disponibilit\u00e9 maximale de votre robot B2 pour des op\u00e9rations industrielles et de recherche continues.","robots":{"index":"index","follow":"follow","max-snippet":"max-snippet:-1","max-image-preview":"max-image-preview:large","max-video-preview":"max-video-preview:-1"},"canonical":"https:\/\/www.ghostysky.com\/fr\/product\/unitree-b2-charger\/","og_locale":"fr_FR","og_type":"article","og_title":"Unitree B2 Charger - Ghostysky","og_description":"The Unitree B2 Charger is the essential power accessory for the advanced Unitree B2 Industrial Quadruped Robot. Engineered for efficiency and reliability, this charger ensures your B2 robot maintains maximum uptime for continuous industrial and research operations.","og_url":"https:\/\/www.ghostysky.com\/fr\/product\/unitree-b2-charger\/","og_site_name":"Ghostysky","article_publisher":"https:\/\/www.facebook.com\/people\/Ghostysky\/100057676170234\/","article_modified_time":"2025-10-16T14:58:01+00:00","og_image":[{"width":1000,"height":1000,"url":"https:\/\/www.ghostysky.com\/wp-content\/uploads\/2025\/10\/GH_UnitreeB2Charger_1.webp","type":"image\/webp"}],"twitter_card":"summary_large_image","twitter_site":"@Gh0stysky","twitter_misc":{"Dur\u00e9e de lecture estim\u00e9e":"1 minute"},"schema":{"@context":"https:\/\/schema.org","@graph":[{"@type":"WebPage","@id":"https:\/\/www.ghostysky.com\/product\/unitree-b2-charger\/","url":"https:\/\/www.ghostysky.com\/product\/unitree-b2-charger\/","name":"Chargeur Unitree B2 - Ghostysky","isPartOf":{"@id":"https:\/\/www.ghostysky.com\/#website"},"primaryImageOfPage":{"@id":"https:\/\/www.ghostysky.com\/product\/unitree-b2-charger\/#primaryimage"},"image":{"@id":"https:\/\/www.ghostysky.com\/product\/unitree-b2-charger\/#primaryimage"},"thumbnailUrl":"https:\/\/www.ghostysky.com\/wp-content\/uploads\/2025\/10\/GH_UnitreeB2Charger_1.webp","datePublished":"2025-10-16T14:54:22+00:00","dateModified":"2025-10-16T14:58:01+00:00","description":"Le chargeur Unitree B2 est l&#039;accessoire d&#039;alimentation indispensable pour le robot quadrup\u00e8de industriel Unitree B2. Con\u00e7u pour \u00eatre efficace et fiable, ce chargeur assure une disponibilit\u00e9 maximale de votre robot B2 pour des op\u00e9rations industrielles et de recherche continues.","breadcrumb":{"@id":"https:\/\/www.ghostysky.com\/product\/unitree-b2-charger\/#breadcrumb"},"inLanguage":"fr-FR","potentialAction":[{"@type":"ReadAction","target":["https:\/\/www.ghostysky.com\/product\/unitree-b2-charger\/"]}]},{"@type":"ImageObject","inLanguage":"fr-FR","@id":"https:\/\/www.ghostysky.com\/product\/unitree-b2-charger\/#primaryimage","url":"https:\/\/www.ghostysky.com\/wp-content\/uploads\/2025\/10\/GH_UnitreeB2Charger_1.webp","contentUrl":"https:\/\/www.ghostysky.com\/wp-content\/uploads\/2025\/10\/GH_UnitreeB2Charger_1.webp","width":1000,"height":1000},{"@type":"BreadcrumbList","@id":"https:\/\/www.ghostysky.com\/product\/unitree-b2-charger\/#breadcrumb","itemListElement":[{"@type":"ListItem","position":1,"name":"Home","item":"https:\/\/www.ghostysky.com\/"},{"@type":"ListItem","position":2,"name":"Shop","item":"https:\/\/www.ghostysky.com\/shop\/"},{"@type":"ListItem","position":3,"name":"Unitree B2 Charger"}]},{"@type":"WebSite","@id":"https:\/\/www.ghostysky.com\/#website","url":"https:\/\/www.ghostysky.com\/","name":"Ghostysky","description":"Livraison de drones et de services professionnels","publisher":{"@id":"https:\/\/www.ghostysky.com\/#organization"},"potentialAction":[{"@type":"SearchAction","target":{"@type":"EntryPoint","urlTemplate":"https:\/\/www.ghostysky.com\/?s={search_term_string}"},"query-input":{"@type":"PropertyValueSpecification","valueRequired":true,"valueName":"search_term_string"}}],"inLanguage":"fr-FR"},{"@type":"Organization","@id":"https:\/\/www.ghostysky.com\/#organization","name":"Ghostysky","url":"https:\/\/www.ghostysky.com\/","logo":{"@type":"ImageObject","inLanguage":"fr-FR","@id":"https:\/\/www.ghostysky.com\/#\/schema\/logo\/image\/","url":"https:\/\/www.ghostysky.com\/wp-content\/uploads\/2020\/06\/cropped-ghostyskylogo_text_white2.png","contentUrl":"https:\/\/www.ghostysky.com\/wp-content\/uploads\/2020\/06\/cropped-ghostyskylogo_text_white2.png","width":169,"height":56,"caption":"Ghostysky"},"image":{"@id":"https:\/\/www.ghostysky.com\/#\/schema\/logo\/image\/"},"sameAs":["https:\/\/www.facebook.com\/people\/Ghostysky\/100057676170234\/","https:\/\/x.com\/Gh0stysky","https:\/\/www.linkedin.com\/company\/34739653","https:\/\/www.instagram.com\/gh0stysky"]}]}},"_links":{"self":[{"href":"https:\/\/www.ghostysky.com\/fr\/wp-json\/wp\/v2\/product\/21405","targetHints":{"allow":["GET"]}}],"collection":[{"href":"https:\/\/www.ghostysky.com\/fr\/wp-json\/wp\/v2\/product"}],"about":[{"href":"https:\/\/www.ghostysky.com\/fr\/wp-json\/wp\/v2\/types\/product"}],"replies":[{"embeddable":true,"href":"https:\/\/www.ghostysky.com\/fr\/wp-json\/wp\/v2\/comments?post=21405"}],"wp:featuredmedia":[{"embeddable":true,"href":"https:\/\/www.ghostysky.com\/fr\/wp-json\/wp\/v2\/media\/21407"}],"wp:attachment":[{"href":"https:\/\/www.ghostysky.com\/fr\/wp-json\/wp\/v2\/media?parent=21405"}],"wp:term":[{"taxonomy":"product_brand","embeddable":true,"href":"https:\/\/www.ghostysky.com\/fr\/wp-json\/wp\/v2\/product_brand?post=21405"},{"taxonomy":"product_cat","embeddable":true,"href":"https:\/\/www.ghostysky.com\/fr\/wp-json\/wp\/v2\/product_cat?post=21405"},{"taxonomy":"product_tag","embeddable":true,"href":"https:\/\/www.ghostysky.com\/fr\/wp-json\/wp\/v2\/product_tag?post=21405"}],"curies":[{"name":"wp","href":"https:\/\/api.w.org\/{rel}","templated":true}]}}