{"id":21409,"date":"2025-10-16T14:58:49","date_gmt":"2025-10-16T14:58:49","guid":{"rendered":"https:\/\/www.ghostysky.com\/?post_type=product&#038;p=21409"},"modified":"2025-10-16T15:01:20","modified_gmt":"2025-10-16T15:01:20","slug":"unitree-b2-foot","status":"publish","type":"product","link":"https:\/\/www.ghostysky.com\/fr\/product\/unitree-b2-foot\/","title":{"rendered":"Pied Unitree B2"},"content":{"rendered":"<p><b>Principales caract\u00e9ristiques du produit\u00a0:<\/b><\/p>\n<ul>\n<li><b><span class=\"citation-546\">Traction et stabilit\u00e9 optimales :<\/span><\/b><span class=\"citation-546 citation-end-546\"> Fabriqu\u00e9 \u00e0 partir d&#039;une combinaison de caoutchouc naturel et de mat\u00e9riaux \u00e0 haute r\u00e9sistance, le repose-pied est con\u00e7u pour offrir une adh\u00e9rence et un \u00e9quilibre optimaux, am\u00e9liorant consid\u00e9rablement la capacit\u00e9 du robot \u00e0 naviguer sur des terrains vari\u00e9s et difficiles.<\/span><\/li>\n<li><b>Durabilit\u00e9 am\u00e9lior\u00e9e :<\/b><span class=\"citation-545 citation-end-545\"> La construction mat\u00e9rielle robuste garantit des performances fiables et contribue \u00e0 la long\u00e9vit\u00e9 de la dur\u00e9e de vie op\u00e9rationnelle de l&#039;Unitree B2, maintenant sa fonctionnalit\u00e9 m\u00eame dans des environnements industriels exigeants.<\/span><\/li>\n<li><b><span class=\"citation-544\">Maintien des performances :<\/span><\/b><span class=\"citation-544 citation-end-544\"> En tant que composant de remplacement critique, il est essentiel pour maintenir les caract\u00e9ristiques de performance sup\u00e9rieures du robot Unitree B2, telles que sa vitesse de fonctionnement (jusqu&#039;\u00e0 <sup class=\"superscript\" data-turn-source-index=\"4\">4<\/sup><\/span><span class=\"math-inline\" data-math=\"&gt;6\">$&gt;6$<\/span><span class=\"citation-543 citation-end-543\"> m\/s pour le robot) et sa capacit\u00e9 \u00e0 surmonter des obstacles comme des escaliers et des surfaces in\u00e9gales.<\/span><\/li>\n<\/ul>\n<p><span class=\"citation-542\">Pour le <\/span><b><span class=\"citation-542\">Unitree B2-W (\u00e0 roues)<\/span><\/b><span class=\"citation-542\"> mod\u00e8le, le \u00ab pied \u00bb est remplac\u00e9 par un <\/span><b><span class=\"citation-542\">jambe \u00e0 roues<\/span><\/b><span class=\"citation-542 citation-end-542\"> module permettant au robot de basculer dynamiquement entre la locomotion \u00e0 pattes pour les obstacles et les terrains escarp\u00e9s, et le mouvement \u00e0 roues pour une port\u00e9e \u00e9tendue et des vitesses plus \u00e9lev\u00e9es sur les surfaces planes.<sup class=\"superscript\" data-turn-source-index=\"6\">6<\/sup><\/span> <span class=\"citation-541 citation-end-541\">Cette conception hybride maximise l\u2019efficacit\u00e9 et la polyvalence.<\/span><\/p>","protected":false},"excerpt":{"rendered":"<p><span class=\"citation-547\">Le pied de l&#039;Unitree B2, souvent vendu comme un <\/span><b><span class=\"citation-547\">Coussinet plantaire<\/span><\/b><span class=\"citation-547 citation-end-547\"> composant de remplacement, est essentiel pour le robot quadrup\u00e8de de qualit\u00e9 industrielle hautes performances.<\/span><\/p>","protected":false},"featured_media":21410,"comment_status":"open","ping_status":"closed","template":"","meta":[],"product_brand":[1087],"product_cat":[1039,1037,1086],"product_tag":[1088,1101,1099,1089],"class_list":{"0":"post-21409","1":"product","2":"type-product","3":"status-publish","4":"has-post-thumbnail","6":"product_brand-unitree","7":"product_cat-quadruped","8":"product_cat-robotics","9":"product_cat-unitree-quad-accessories","10":"product_tag-unitree","11":"product_tag-unitree-a2-b2-accessories","12":"product_tag-unitree-a2b2-series","13":"product_tag-unitree-quadruped","15":"first","16":"onbackorder","17":"taxable","18":"shipping-taxable","19":"purchasable","20":"product-type-simple"},"yoast_head":"<!-- This site is optimized with the Yoast SEO plugin v27.1.1 - https:\/\/yoast.com\/product\/yoast-seo-wordpress\/ -->\n<title>Unitree B2 Foot - Ghostysky<\/title>\n<meta name=\"description\" content=\"The Unitree B2&#039;s foot, often sold as a Foot Pad replacement component, is essential for the high-performance industrial-grade quadruped robot.\" \/>\n<meta name=\"robots\" content=\"index, follow, max-snippet:-1, max-image-preview:large, max-video-preview:-1\" \/>\n<link rel=\"canonical\" href=\"https:\/\/www.ghostysky.com\/fr\/product\/unitree-b2-foot\/\" \/>\n<meta property=\"og:locale\" content=\"fr_FR\" \/>\n<meta property=\"og:type\" content=\"article\" \/>\n<meta property=\"og:title\" content=\"Unitree B2 Foot - Ghostysky\" \/>\n<meta property=\"og:description\" content=\"The Unitree B2&#039;s foot, often sold as a Foot Pad replacement component, is essential for the high-performance industrial-grade quadruped robot.\" \/>\n<meta property=\"og:url\" content=\"https:\/\/www.ghostysky.com\/fr\/product\/unitree-b2-foot\/\" \/>\n<meta property=\"og:site_name\" content=\"Ghostysky\" \/>\n<meta property=\"article:publisher\" content=\"https:\/\/www.facebook.com\/people\/Ghostysky\/100057676170234\/\" \/>\n<meta property=\"article:modified_time\" content=\"2025-10-16T15:01:20+00:00\" \/>\n<meta property=\"og:image\" content=\"https:\/\/www.ghostysky.com\/wp-content\/uploads\/2025\/10\/GH_B2-Foot_1.webp\" \/>\n\t<meta property=\"og:image:width\" content=\"500\" \/>\n\t<meta property=\"og:image:height\" content=\"500\" \/>\n\t<meta property=\"og:image:type\" content=\"image\/webp\" \/>\n<meta name=\"twitter:card\" content=\"summary_large_image\" \/>\n<meta name=\"twitter:site\" content=\"@Gh0stysky\" \/>\n<meta name=\"twitter:label1\" content=\"Dur\u00e9e de lecture estim\u00e9e\" \/>\n\t<meta name=\"twitter:data1\" content=\"1 minute\" \/>\n<script type=\"application\/ld+json\" class=\"yoast-schema-graph\">{\"@context\":\"https:\/\/schema.org\",\"@graph\":[{\"@type\":\"WebPage\",\"@id\":\"https:\/\/www.ghostysky.com\/product\/unitree-b2-foot\/\",\"url\":\"https:\/\/www.ghostysky.com\/product\/unitree-b2-foot\/\",\"name\":\"Unitree B2 Foot - Ghostysky\",\"isPartOf\":{\"@id\":\"https:\/\/www.ghostysky.com\/#website\"},\"primaryImageOfPage\":{\"@id\":\"https:\/\/www.ghostysky.com\/product\/unitree-b2-foot\/#primaryimage\"},\"image\":{\"@id\":\"https:\/\/www.ghostysky.com\/product\/unitree-b2-foot\/#primaryimage\"},\"thumbnailUrl\":\"https:\/\/www.ghostysky.com\/wp-content\/uploads\/2025\/10\/GH_B2-Foot_1.webp\",\"datePublished\":\"2025-10-16T14:58:49+00:00\",\"dateModified\":\"2025-10-16T15:01:20+00:00\",\"description\":\"The Unitree B2's foot, often sold as a Foot Pad replacement component, is essential for the high-performance industrial-grade quadruped robot.\",\"breadcrumb\":{\"@id\":\"https:\/\/www.ghostysky.com\/product\/unitree-b2-foot\/#breadcrumb\"},\"inLanguage\":\"fr-FR\",\"potentialAction\":[{\"@type\":\"ReadAction\",\"target\":[\"https:\/\/www.ghostysky.com\/product\/unitree-b2-foot\/\"]}]},{\"@type\":\"ImageObject\",\"inLanguage\":\"fr-FR\",\"@id\":\"https:\/\/www.ghostysky.com\/product\/unitree-b2-foot\/#primaryimage\",\"url\":\"https:\/\/www.ghostysky.com\/wp-content\/uploads\/2025\/10\/GH_B2-Foot_1.webp\",\"contentUrl\":\"https:\/\/www.ghostysky.com\/wp-content\/uploads\/2025\/10\/GH_B2-Foot_1.webp\",\"width\":500,\"height\":500},{\"@type\":\"BreadcrumbList\",\"@id\":\"https:\/\/www.ghostysky.com\/product\/unitree-b2-foot\/#breadcrumb\",\"itemListElement\":[{\"@type\":\"ListItem\",\"position\":1,\"name\":\"Home\",\"item\":\"https:\/\/www.ghostysky.com\/\"},{\"@type\":\"ListItem\",\"position\":2,\"name\":\"Shop\",\"item\":\"https:\/\/www.ghostysky.com\/shop\/\"},{\"@type\":\"ListItem\",\"position\":3,\"name\":\"Unitree B2 Foot\"}]},{\"@type\":\"WebSite\",\"@id\":\"https:\/\/www.ghostysky.com\/#website\",\"url\":\"https:\/\/www.ghostysky.com\/\",\"name\":\"Ghostysky\",\"description\":\"Delivering professional drones and services\",\"publisher\":{\"@id\":\"https:\/\/www.ghostysky.com\/#organization\"},\"potentialAction\":[{\"@type\":\"SearchAction\",\"target\":{\"@type\":\"EntryPoint\",\"urlTemplate\":\"https:\/\/www.ghostysky.com\/?s={search_term_string}\"},\"query-input\":{\"@type\":\"PropertyValueSpecification\",\"valueRequired\":true,\"valueName\":\"search_term_string\"}}],\"inLanguage\":\"fr-FR\"},{\"@type\":\"Organization\",\"@id\":\"https:\/\/www.ghostysky.com\/#organization\",\"name\":\"Ghostysky\",\"url\":\"https:\/\/www.ghostysky.com\/\",\"logo\":{\"@type\":\"ImageObject\",\"inLanguage\":\"fr-FR\",\"@id\":\"https:\/\/www.ghostysky.com\/#\/schema\/logo\/image\/\",\"url\":\"https:\/\/www.ghostysky.com\/wp-content\/uploads\/2020\/06\/cropped-ghostyskylogo_text_white2.png\",\"contentUrl\":\"https:\/\/www.ghostysky.com\/wp-content\/uploads\/2020\/06\/cropped-ghostyskylogo_text_white2.png\",\"width\":169,\"height\":56,\"caption\":\"Ghostysky\"},\"image\":{\"@id\":\"https:\/\/www.ghostysky.com\/#\/schema\/logo\/image\/\"},\"sameAs\":[\"https:\/\/www.facebook.com\/people\/Ghostysky\/100057676170234\/\",\"https:\/\/x.com\/Gh0stysky\",\"https:\/\/www.linkedin.com\/company\/34739653\",\"https:\/\/www.instagram.com\/gh0stysky\"]}]}<\/script>\n<!-- \/ Yoast SEO plugin. -->","yoast_head_json":{"title":"Pied Unitree B2 - Ghostysky","description":"Le pied de l&#039;Unitree B2, souvent vendu comme composant de remplacement du coussinet de pied, est essentiel pour le robot quadrup\u00e8de de qualit\u00e9 industrielle hautes performances.","robots":{"index":"index","follow":"follow","max-snippet":"max-snippet:-1","max-image-preview":"max-image-preview:large","max-video-preview":"max-video-preview:-1"},"canonical":"https:\/\/www.ghostysky.com\/fr\/product\/unitree-b2-foot\/","og_locale":"fr_FR","og_type":"article","og_title":"Unitree B2 Foot - Ghostysky","og_description":"The Unitree B2's foot, often sold as a Foot Pad replacement component, is essential for the high-performance industrial-grade quadruped robot.","og_url":"https:\/\/www.ghostysky.com\/fr\/product\/unitree-b2-foot\/","og_site_name":"Ghostysky","article_publisher":"https:\/\/www.facebook.com\/people\/Ghostysky\/100057676170234\/","article_modified_time":"2025-10-16T15:01:20+00:00","og_image":[{"width":500,"height":500,"url":"https:\/\/www.ghostysky.com\/wp-content\/uploads\/2025\/10\/GH_B2-Foot_1.webp","type":"image\/webp"}],"twitter_card":"summary_large_image","twitter_site":"@Gh0stysky","twitter_misc":{"Dur\u00e9e de lecture estim\u00e9e":"1 minute"},"schema":{"@context":"https:\/\/schema.org","@graph":[{"@type":"WebPage","@id":"https:\/\/www.ghostysky.com\/product\/unitree-b2-foot\/","url":"https:\/\/www.ghostysky.com\/product\/unitree-b2-foot\/","name":"Pied Unitree B2 - Ghostysky","isPartOf":{"@id":"https:\/\/www.ghostysky.com\/#website"},"primaryImageOfPage":{"@id":"https:\/\/www.ghostysky.com\/product\/unitree-b2-foot\/#primaryimage"},"image":{"@id":"https:\/\/www.ghostysky.com\/product\/unitree-b2-foot\/#primaryimage"},"thumbnailUrl":"https:\/\/www.ghostysky.com\/wp-content\/uploads\/2025\/10\/GH_B2-Foot_1.webp","datePublished":"2025-10-16T14:58:49+00:00","dateModified":"2025-10-16T15:01:20+00:00","description":"Le pied de l&#039;Unitree B2, souvent vendu comme composant de remplacement du coussinet de pied, est essentiel pour le robot quadrup\u00e8de de qualit\u00e9 industrielle hautes performances.","breadcrumb":{"@id":"https:\/\/www.ghostysky.com\/product\/unitree-b2-foot\/#breadcrumb"},"inLanguage":"fr-FR","potentialAction":[{"@type":"ReadAction","target":["https:\/\/www.ghostysky.com\/product\/unitree-b2-foot\/"]}]},{"@type":"ImageObject","inLanguage":"fr-FR","@id":"https:\/\/www.ghostysky.com\/product\/unitree-b2-foot\/#primaryimage","url":"https:\/\/www.ghostysky.com\/wp-content\/uploads\/2025\/10\/GH_B2-Foot_1.webp","contentUrl":"https:\/\/www.ghostysky.com\/wp-content\/uploads\/2025\/10\/GH_B2-Foot_1.webp","width":500,"height":500},{"@type":"BreadcrumbList","@id":"https:\/\/www.ghostysky.com\/product\/unitree-b2-foot\/#breadcrumb","itemListElement":[{"@type":"ListItem","position":1,"name":"Home","item":"https:\/\/www.ghostysky.com\/"},{"@type":"ListItem","position":2,"name":"Shop","item":"https:\/\/www.ghostysky.com\/shop\/"},{"@type":"ListItem","position":3,"name":"Unitree B2 Foot"}]},{"@type":"WebSite","@id":"https:\/\/www.ghostysky.com\/#website","url":"https:\/\/www.ghostysky.com\/","name":"Ghostysky","description":"Livraison de drones et de services professionnels","publisher":{"@id":"https:\/\/www.ghostysky.com\/#organization"},"potentialAction":[{"@type":"SearchAction","target":{"@type":"EntryPoint","urlTemplate":"https:\/\/www.ghostysky.com\/?s={search_term_string}"},"query-input":{"@type":"PropertyValueSpecification","valueRequired":true,"valueName":"search_term_string"}}],"inLanguage":"fr-FR"},{"@type":"Organization","@id":"https:\/\/www.ghostysky.com\/#organization","name":"Ghostysky","url":"https:\/\/www.ghostysky.com\/","logo":{"@type":"ImageObject","inLanguage":"fr-FR","@id":"https:\/\/www.ghostysky.com\/#\/schema\/logo\/image\/","url":"https:\/\/www.ghostysky.com\/wp-content\/uploads\/2020\/06\/cropped-ghostyskylogo_text_white2.png","contentUrl":"https:\/\/www.ghostysky.com\/wp-content\/uploads\/2020\/06\/cropped-ghostyskylogo_text_white2.png","width":169,"height":56,"caption":"Ghostysky"},"image":{"@id":"https:\/\/www.ghostysky.com\/#\/schema\/logo\/image\/"},"sameAs":["https:\/\/www.facebook.com\/people\/Ghostysky\/100057676170234\/","https:\/\/x.com\/Gh0stysky","https:\/\/www.linkedin.com\/company\/34739653","https:\/\/www.instagram.com\/gh0stysky"]}]}},"_links":{"self":[{"href":"https:\/\/www.ghostysky.com\/fr\/wp-json\/wp\/v2\/product\/21409","targetHints":{"allow":["GET"]}}],"collection":[{"href":"https:\/\/www.ghostysky.com\/fr\/wp-json\/wp\/v2\/product"}],"about":[{"href":"https:\/\/www.ghostysky.com\/fr\/wp-json\/wp\/v2\/types\/product"}],"replies":[{"embeddable":true,"href":"https:\/\/www.ghostysky.com\/fr\/wp-json\/wp\/v2\/comments?post=21409"}],"wp:featuredmedia":[{"embeddable":true,"href":"https:\/\/www.ghostysky.com\/fr\/wp-json\/wp\/v2\/media\/21410"}],"wp:attachment":[{"href":"https:\/\/www.ghostysky.com\/fr\/wp-json\/wp\/v2\/media?parent=21409"}],"wp:term":[{"taxonomy":"product_brand","embeddable":true,"href":"https:\/\/www.ghostysky.com\/fr\/wp-json\/wp\/v2\/product_brand?post=21409"},{"taxonomy":"product_cat","embeddable":true,"href":"https:\/\/www.ghostysky.com\/fr\/wp-json\/wp\/v2\/product_cat?post=21409"},{"taxonomy":"product_tag","embeddable":true,"href":"https:\/\/www.ghostysky.com\/fr\/wp-json\/wp\/v2\/product_tag?post=21409"}],"curies":[{"name":"wp","href":"https:\/\/api.w.org\/{rel}","templated":true}]}}