{"id":21423,"date":"2025-10-16T15:53:36","date_gmt":"2025-10-16T15:53:36","guid":{"rendered":"https:\/\/www.ghostysky.com\/?post_type=product&#038;p=21423"},"modified":"2026-01-10T08:13:44","modified_gmt":"2026-01-10T08:13:44","slug":"unitree-h1","status":"publish","type":"product","link":"https:\/\/www.ghostysky.com\/fr\/product\/unitree-h1\/","title":{"rendered":"Unitree H1"},"content":{"rendered":"<h3>Principales caract\u00e9ristiques et performances<\/h3>\n<ul>\n<li><b>Mobilit\u00e9 de classe mondiale :<\/b><span class=\"citation-590 citation-end-590\"> Le H1 b\u00e9n\u00e9ficie d&#039;une d\u00e9marche stable et de capacit\u00e9s de mouvement exceptionnellement flexibles, lui permettant de marcher et de courir de mani\u00e8re autonome sur des terrains complexes.<sup class=\"superscript\" data-turn-source-index=\"2\">2<\/sup><\/span> <span class=\"citation-589\">Il d\u00e9tient une confirmation <\/span><b><span class=\"citation-589\">record du monde de vitesse de d\u00e9placement de 3,3 m\/s (7,38 mph)<\/span><\/b><span class=\"citation-589 citation-end-589\">, avec une mobilit\u00e9 potentielle sup\u00e9rieure \u00e0 5 m\/s.<sup class=\"superscript\" data-turn-source-index=\"3\">3<\/sup><\/span> <span class=\"citation-588 citation-end-588\">C&#039;est \u00e9galement le premier humano\u00efde \u00e9lectrique \u00e0 r\u00e9aliser un salto arri\u00e8re debout.<\/span><\/li>\n<li><b>Haute puissance et dext\u00e9rit\u00e9 :<\/b><span class=\"citation-587\"> Debout environ <\/span><b><span class=\"citation-587\">180 cm de haut<\/span><\/b><span class=\"citation-587\"> et pesant environ <\/span><b><span class=\"citation-587\">47 kg<\/span><\/b><span class=\"citation-587 citation-end-587\">, le H1 est con\u00e7u pour des performances \u00e9lev\u00e9es.<sup class=\"superscript\" data-turn-source-index=\"5\">5<\/sup><\/span> <span class=\"citation-586\">Il utilise le d\u00e9veloppement interne d&#039;Unitree <\/span><b><span class=\"citation-586\">Moteurs \u00e0 joint M107<\/span><\/b><span class=\"citation-586\">, fournissant un couple d&#039;articulation maximal allant jusqu&#039;\u00e0 <\/span><b><span class=\"citation-586\">360 N\u00b7m<\/span><\/b><span class=\"citation-586 citation-end-586\"> au niveau du genou et une densit\u00e9 de couple maximale de <sup class=\"superscript\" data-turn-source-index=\"6\">6<\/sup><\/span><span class=\"math-inline\" data-math=\"189 N \\cdot m\/kg\">$189 N \\cdot m\/kg$<\/span><span class=\"citation-585 citation-end-585\">.<\/span><\/li>\n<li><b><span class=\"citation-584\">Perception avanc\u00e9e :<\/span><\/b><span class=\"citation-584\"> Equip\u00e9 d&#039;un syst\u00e8me sophistiqu\u00e9 <\/span><b><span class=\"citation-584\">LiDAR 3D<\/span><\/b><span class=\"citation-584\"> et un <\/span><b><span class=\"citation-584\">cam\u00e9ra de profondeur<\/span><\/b><span class=\"citation-584 citation-end-584\">, le robot accomplit <sup class=\"superscript\" data-turn-source-index=\"8\">8<\/sup><\/span><span class=\"math-inline\" data-math=\"360^{\\circ}\">$360^{\\circ}$<\/span><span class=\"citation-583 citation-end-583\"> perception de la profondeur, permettant l&#039;acquisition en temps r\u00e9el de donn\u00e9es spatiales de haute pr\u00e9cision et un balayage panoramique pour une navigation intelligente et une interaction environnementale.<\/span><\/li>\n<li><b><span class=\"citation-582\">Conception robuste et modulaire :<\/span><\/b><span class=\"citation-582 citation-end-582\"> Construit \u00e0 partir d&#039;alliages d&#039;aluminium de qualit\u00e9 a\u00e9ronautique et de fibre de carbone pour une structure l\u00e9g\u00e8re mais solide.<sup class=\"superscript\" data-turn-source-index=\"10\">10<\/sup><\/span> <span class=\"citation-581 citation-end-581\">Il dispose d&#039;un <sup class=\"superscript\" data-turn-source-index=\"11\">11<\/sup><\/span><span class=\"math-inline\" data-math=\"864 Wh\">$864 Blanc$<\/span><span class=\"citation-580 citation-end-580\"> batterie rapidement rempla\u00e7able pour une endurance op\u00e9rationnelle prolong\u00e9e.<\/span><\/li>\n<li><b>Pr\u00eat pour le d\u00e9veloppement :<\/b><span class=\"citation-579 citation-end-579\"> Le H1 est une plate-forme ultime pour la R&amp;D s\u00e9rieuse, la recherche universitaire et l\u2019\u00e9ducation.<sup class=\"superscript\" data-turn-source-index=\"13\">13<\/sup><\/span> <span class=\"citation-578 citation-end-578\">Il prend en charge un vaste \u00e9cosyst\u00e8me de d\u00e9veloppement comprenant la simulation (MuJoCo, Isaac Lab), la t\u00e9l\u00e9op\u00e9ration et la programmation SDK en C++, Python et ROS2.<sup class=\"superscript\" data-turn-source-index=\"14\">14<\/sup><\/span> <span class=\"citation-577\">Le contr\u00f4le et la perception sont aliment\u00e9s par des performances \u00e9lev\u00e9es <\/span><b><span class=\"citation-577\">Processeurs Intel Core i5\/i7<\/span><\/b><span class=\"citation-577 citation-end-577\"> (avec des configurations optionnelles disponibles).<\/span><\/li>\n<li><b>Applications polyvalentes :<\/b><span class=\"citation-576 citation-end-576\"> Con\u00e7u pour une large gamme d&#039;applications, notamment l&#039;automatisation industrielle, la logistique, l&#039;assistance \u00e0 domicile, l&#039;inspection, la s\u00e9curit\u00e9 et la recherche g\u00e9n\u00e9rale sur l&#039;IA incarn\u00e9e.<\/span><\/li>\n<\/ul>\n<p><span class=\"citation-575 citation-end-575\">L&#039;Unitree H1 est une v\u00e9ritable repr\u00e9sentation de la prochaine r\u00e9volution industrielle, fusionnant des performances de pointe, une technologie avanc\u00e9e et une IA universelle pour red\u00e9finir ce qu&#039;un robot humano\u00efde \u00e0 usage g\u00e9n\u00e9ral peut accomplir.<\/span><\/p>","protected":false},"excerpt":{"rendered":"<p><span class=\"citation-591\">Pr\u00e9sentation de la <\/span><b><span class=\"citation-591\">Unitree H1 (robot humano\u00efde universel)<\/span><\/b><span class=\"citation-591 citation-end-591\">\u2014un robot bip\u00e8de r\u00e9volutionnaire de taille r\u00e9elle qui \u00e9tablit une nouvelle norme en mati\u00e8re de performance, d&#039;agilit\u00e9 et de puissance dans la robotique humano\u00efde \u00e0 usage g\u00e9n\u00e9ral.<\/span><\/p>","protected":false},"featured_media":23612,"comment_status":"open","ping_status":"closed","template":"","meta":[],"product_brand":[1087],"product_cat":[1038,1037,1103],"product_tag":[1088,1104,1105],"class_list":{"0":"post-21423","1":"product","2":"type-product","3":"status-publish","4":"has-post-thumbnail","6":"product_brand-unitree","7":"product_cat-humanoid","8":"product_cat-robotics","9":"product_cat-unitree-hum-robots","10":"product_tag-unitree","11":"product_tag-unitree-h1-series","12":"product_tag-unitree-humanoid","14":"first","15":"onbackorder","16":"taxable","17":"shipping-taxable","18":"product-type-simple"},"yoast_head":"<!-- This site is optimized with the Yoast SEO plugin v27.4 - https:\/\/yoast.com\/product\/yoast-seo-wordpress\/ -->\n<title>Unitree H1 - Ghostysky<\/title>\n<meta name=\"description\" content=\"Introducing the Unitree H1 (Universal Humanoid Robot)\u2014a groundbreaking, full-size bipedal robot that sets a new standard for performance, agility, and power in general-purpose humanoid robotics.\" \/>\n<meta name=\"robots\" content=\"index, follow, max-snippet:-1, max-image-preview:large, max-video-preview:-1\" \/>\n<link rel=\"canonical\" href=\"https:\/\/www.ghostysky.com\/fr\/product\/unitree-h1\/\" \/>\n<meta property=\"og:locale\" content=\"fr_FR\" \/>\n<meta property=\"og:type\" content=\"article\" \/>\n<meta property=\"og:title\" content=\"Unitree H1 - Ghostysky\" \/>\n<meta property=\"og:description\" content=\"Introducing the Unitree H1 (Universal Humanoid Robot)\u2014a groundbreaking, full-size bipedal robot that sets a new standard for performance, agility, and power in general-purpose humanoid robotics.\" \/>\n<meta property=\"og:url\" content=\"https:\/\/www.ghostysky.com\/fr\/product\/unitree-h1\/\" \/>\n<meta property=\"og:site_name\" content=\"Ghostysky\" \/>\n<meta property=\"article:publisher\" content=\"https:\/\/www.facebook.com\/people\/Ghostysky\/100057676170234\/\" \/>\n<meta property=\"article:modified_time\" content=\"2026-01-10T08:13:44+00:00\" \/>\n<meta property=\"og:image\" content=\"https:\/\/www.ghostysky.com\/wp-content\/uploads\/2025\/10\/GH_Unitree_H1_1.jpg\" \/>\n\t<meta property=\"og:image:width\" content=\"2048\" \/>\n\t<meta property=\"og:image:height\" content=\"1536\" \/>\n\t<meta property=\"og:image:type\" content=\"image\/jpeg\" \/>\n<meta name=\"twitter:card\" content=\"summary_large_image\" \/>\n<meta name=\"twitter:site\" content=\"@Gh0stysky\" \/>\n<meta name=\"twitter:label1\" content=\"Dur\u00e9e de lecture estim\u00e9e\" \/>\n\t<meta name=\"twitter:data1\" content=\"2 minutes\" \/>\n<script type=\"application\/ld+json\" class=\"yoast-schema-graph\">{\"@context\":\"https:\\\/\\\/schema.org\",\"@graph\":[{\"@type\":\"WebPage\",\"@id\":\"https:\\\/\\\/www.ghostysky.com\\\/product\\\/unitree-h1\\\/\",\"url\":\"https:\\\/\\\/www.ghostysky.com\\\/product\\\/unitree-h1\\\/\",\"name\":\"Unitree H1 - Ghostysky\",\"isPartOf\":{\"@id\":\"https:\\\/\\\/www.ghostysky.com\\\/#website\"},\"primaryImageOfPage\":{\"@id\":\"https:\\\/\\\/www.ghostysky.com\\\/product\\\/unitree-h1\\\/#primaryimage\"},\"image\":{\"@id\":\"https:\\\/\\\/www.ghostysky.com\\\/product\\\/unitree-h1\\\/#primaryimage\"},\"thumbnailUrl\":\"https:\\\/\\\/www.ghostysky.com\\\/wp-content\\\/uploads\\\/2025\\\/10\\\/GH_Unitree_H1_1.jpg\",\"datePublished\":\"2025-10-16T15:53:36+00:00\",\"dateModified\":\"2026-01-10T08:13:44+00:00\",\"description\":\"Introducing the Unitree H1 (Universal Humanoid Robot)\u2014a groundbreaking, full-size bipedal robot that sets a new standard for performance, agility, and power in general-purpose humanoid robotics.\",\"breadcrumb\":{\"@id\":\"https:\\\/\\\/www.ghostysky.com\\\/product\\\/unitree-h1\\\/#breadcrumb\"},\"inLanguage\":\"fr-FR\",\"potentialAction\":[{\"@type\":\"ReadAction\",\"target\":[\"https:\\\/\\\/www.ghostysky.com\\\/product\\\/unitree-h1\\\/\"]}]},{\"@type\":\"ImageObject\",\"inLanguage\":\"fr-FR\",\"@id\":\"https:\\\/\\\/www.ghostysky.com\\\/product\\\/unitree-h1\\\/#primaryimage\",\"url\":\"https:\\\/\\\/www.ghostysky.com\\\/wp-content\\\/uploads\\\/2025\\\/10\\\/GH_Unitree_H1_1.jpg\",\"contentUrl\":\"https:\\\/\\\/www.ghostysky.com\\\/wp-content\\\/uploads\\\/2025\\\/10\\\/GH_Unitree_H1_1.jpg\",\"width\":2048,\"height\":1536},{\"@type\":\"BreadcrumbList\",\"@id\":\"https:\\\/\\\/www.ghostysky.com\\\/product\\\/unitree-h1\\\/#breadcrumb\",\"itemListElement\":[{\"@type\":\"ListItem\",\"position\":1,\"name\":\"Home\",\"item\":\"https:\\\/\\\/www.ghostysky.com\\\/\"},{\"@type\":\"ListItem\",\"position\":2,\"name\":\"Shop\",\"item\":\"https:\\\/\\\/www.ghostysky.com\\\/shop\\\/\"},{\"@type\":\"ListItem\",\"position\":3,\"name\":\"Unitree H1\"}]},{\"@type\":\"WebSite\",\"@id\":\"https:\\\/\\\/www.ghostysky.com\\\/#website\",\"url\":\"https:\\\/\\\/www.ghostysky.com\\\/\",\"name\":\"Ghostysky\",\"description\":\"Delivering professional drones and services\",\"publisher\":{\"@id\":\"https:\\\/\\\/www.ghostysky.com\\\/#organization\"},\"potentialAction\":[{\"@type\":\"SearchAction\",\"target\":{\"@type\":\"EntryPoint\",\"urlTemplate\":\"https:\\\/\\\/www.ghostysky.com\\\/?s={search_term_string}\"},\"query-input\":{\"@type\":\"PropertyValueSpecification\",\"valueRequired\":true,\"valueName\":\"search_term_string\"}}],\"inLanguage\":\"fr-FR\"},{\"@type\":\"Organization\",\"@id\":\"https:\\\/\\\/www.ghostysky.com\\\/#organization\",\"name\":\"Ghostysky\",\"url\":\"https:\\\/\\\/www.ghostysky.com\\\/\",\"logo\":{\"@type\":\"ImageObject\",\"inLanguage\":\"fr-FR\",\"@id\":\"https:\\\/\\\/www.ghostysky.com\\\/#\\\/schema\\\/logo\\\/image\\\/\",\"url\":\"https:\\\/\\\/www.ghostysky.com\\\/wp-content\\\/uploads\\\/2020\\\/06\\\/cropped-ghostyskylogo_text_white2.png\",\"contentUrl\":\"https:\\\/\\\/www.ghostysky.com\\\/wp-content\\\/uploads\\\/2020\\\/06\\\/cropped-ghostyskylogo_text_white2.png\",\"width\":169,\"height\":56,\"caption\":\"Ghostysky\"},\"image\":{\"@id\":\"https:\\\/\\\/www.ghostysky.com\\\/#\\\/schema\\\/logo\\\/image\\\/\"},\"sameAs\":[\"https:\\\/\\\/www.facebook.com\\\/people\\\/Ghostysky\\\/100057676170234\\\/\",\"https:\\\/\\\/x.com\\\/Gh0stysky\",\"https:\\\/\\\/www.linkedin.com\\\/company\\\/34739653\",\"https:\\\/\\\/www.instagram.com\\\/gh0stysky\"]}]}<\/script>\n<!-- \/ Yoast SEO plugin. -->","yoast_head_json":{"title":"Unitree H1 - Ghostysky","description":"Pr\u00e9sentation de l&#039;Unitree H1 (Universal Humanoid Robot), un robot bip\u00e8de r\u00e9volutionnaire de taille r\u00e9elle qui \u00e9tablit une nouvelle norme en mati\u00e8re de performances, d&#039;agilit\u00e9 et de puissance dans la robotique humano\u00efde \u00e0 usage g\u00e9n\u00e9ral.","robots":{"index":"index","follow":"follow","max-snippet":"max-snippet:-1","max-image-preview":"max-image-preview:large","max-video-preview":"max-video-preview:-1"},"canonical":"https:\/\/www.ghostysky.com\/fr\/product\/unitree-h1\/","og_locale":"fr_FR","og_type":"article","og_title":"Unitree H1 - Ghostysky","og_description":"Introducing the Unitree H1 (Universal Humanoid Robot)\u2014a groundbreaking, full-size bipedal robot that sets a new standard for performance, agility, and power in general-purpose humanoid robotics.","og_url":"https:\/\/www.ghostysky.com\/fr\/product\/unitree-h1\/","og_site_name":"Ghostysky","article_publisher":"https:\/\/www.facebook.com\/people\/Ghostysky\/100057676170234\/","article_modified_time":"2026-01-10T08:13:44+00:00","og_image":[{"width":2048,"height":1536,"url":"https:\/\/www.ghostysky.com\/wp-content\/uploads\/2025\/10\/GH_Unitree_H1_1.jpg","type":"image\/jpeg"}],"twitter_card":"summary_large_image","twitter_site":"@Gh0stysky","twitter_misc":{"Dur\u00e9e de lecture estim\u00e9e":"2 minutes"},"schema":{"@context":"https:\/\/schema.org","@graph":[{"@type":"WebPage","@id":"https:\/\/www.ghostysky.com\/product\/unitree-h1\/","url":"https:\/\/www.ghostysky.com\/product\/unitree-h1\/","name":"Unitree H1 - Ghostysky","isPartOf":{"@id":"https:\/\/www.ghostysky.com\/#website"},"primaryImageOfPage":{"@id":"https:\/\/www.ghostysky.com\/product\/unitree-h1\/#primaryimage"},"image":{"@id":"https:\/\/www.ghostysky.com\/product\/unitree-h1\/#primaryimage"},"thumbnailUrl":"https:\/\/www.ghostysky.com\/wp-content\/uploads\/2025\/10\/GH_Unitree_H1_1.jpg","datePublished":"2025-10-16T15:53:36+00:00","dateModified":"2026-01-10T08:13:44+00:00","description":"Pr\u00e9sentation de l&#039;Unitree H1 (Universal Humanoid Robot), un robot bip\u00e8de r\u00e9volutionnaire de taille r\u00e9elle qui \u00e9tablit une nouvelle norme en mati\u00e8re de performances, d&#039;agilit\u00e9 et de puissance dans la robotique humano\u00efde \u00e0 usage g\u00e9n\u00e9ral.","breadcrumb":{"@id":"https:\/\/www.ghostysky.com\/product\/unitree-h1\/#breadcrumb"},"inLanguage":"fr-FR","potentialAction":[{"@type":"ReadAction","target":["https:\/\/www.ghostysky.com\/product\/unitree-h1\/"]}]},{"@type":"ImageObject","inLanguage":"fr-FR","@id":"https:\/\/www.ghostysky.com\/product\/unitree-h1\/#primaryimage","url":"https:\/\/www.ghostysky.com\/wp-content\/uploads\/2025\/10\/GH_Unitree_H1_1.jpg","contentUrl":"https:\/\/www.ghostysky.com\/wp-content\/uploads\/2025\/10\/GH_Unitree_H1_1.jpg","width":2048,"height":1536},{"@type":"BreadcrumbList","@id":"https:\/\/www.ghostysky.com\/product\/unitree-h1\/#breadcrumb","itemListElement":[{"@type":"ListItem","position":1,"name":"Home","item":"https:\/\/www.ghostysky.com\/"},{"@type":"ListItem","position":2,"name":"Shop","item":"https:\/\/www.ghostysky.com\/shop\/"},{"@type":"ListItem","position":3,"name":"Unitree H1"}]},{"@type":"WebSite","@id":"https:\/\/www.ghostysky.com\/#website","url":"https:\/\/www.ghostysky.com\/","name":"Ghostysky","description":"Livraison de drones et de services professionnels","publisher":{"@id":"https:\/\/www.ghostysky.com\/#organization"},"potentialAction":[{"@type":"SearchAction","target":{"@type":"EntryPoint","urlTemplate":"https:\/\/www.ghostysky.com\/?s={search_term_string}"},"query-input":{"@type":"PropertyValueSpecification","valueRequired":true,"valueName":"search_term_string"}}],"inLanguage":"fr-FR"},{"@type":"Organization","@id":"https:\/\/www.ghostysky.com\/#organization","name":"Ghostysky","url":"https:\/\/www.ghostysky.com\/","logo":{"@type":"ImageObject","inLanguage":"fr-FR","@id":"https:\/\/www.ghostysky.com\/#\/schema\/logo\/image\/","url":"https:\/\/www.ghostysky.com\/wp-content\/uploads\/2020\/06\/cropped-ghostyskylogo_text_white2.png","contentUrl":"https:\/\/www.ghostysky.com\/wp-content\/uploads\/2020\/06\/cropped-ghostyskylogo_text_white2.png","width":169,"height":56,"caption":"Ghostysky"},"image":{"@id":"https:\/\/www.ghostysky.com\/#\/schema\/logo\/image\/"},"sameAs":["https:\/\/www.facebook.com\/people\/Ghostysky\/100057676170234\/","https:\/\/x.com\/Gh0stysky","https:\/\/www.linkedin.com\/company\/34739653","https:\/\/www.instagram.com\/gh0stysky"]}]}},"_links":{"self":[{"href":"https:\/\/www.ghostysky.com\/fr\/wp-json\/wp\/v2\/product\/21423","targetHints":{"allow":["GET"]}}],"collection":[{"href":"https:\/\/www.ghostysky.com\/fr\/wp-json\/wp\/v2\/product"}],"about":[{"href":"https:\/\/www.ghostysky.com\/fr\/wp-json\/wp\/v2\/types\/product"}],"replies":[{"embeddable":true,"href":"https:\/\/www.ghostysky.com\/fr\/wp-json\/wp\/v2\/comments?post=21423"}],"version-history":[{"count":0,"href":"https:\/\/www.ghostysky.com\/fr\/wp-json\/wp\/v2\/product\/21423\/revisions"}],"wp:featuredmedia":[{"embeddable":true,"href":"https:\/\/www.ghostysky.com\/fr\/wp-json\/wp\/v2\/media\/23612"}],"wp:attachment":[{"href":"https:\/\/www.ghostysky.com\/fr\/wp-json\/wp\/v2\/media?parent=21423"}],"wp:term":[{"taxonomy":"product_brand","embeddable":true,"href":"https:\/\/www.ghostysky.com\/fr\/wp-json\/wp\/v2\/product_brand?post=21423"},{"taxonomy":"product_cat","embeddable":true,"href":"https:\/\/www.ghostysky.com\/fr\/wp-json\/wp\/v2\/product_cat?post=21423"},{"taxonomy":"product_tag","embeddable":true,"href":"https:\/\/www.ghostysky.com\/fr\/wp-json\/wp\/v2\/product_tag?post=21423"}],"curies":[{"name":"wp","href":"https:\/\/api.w.org\/{rel}","templated":true}]}}