{"id":21511,"date":"2025-10-16T16:35:17","date_gmt":"2025-10-16T16:35:17","guid":{"rendered":"https:\/\/www.ghostysky.com\/?post_type=product&#038;p=21511"},"modified":"2025-10-16T16:39:54","modified_gmt":"2025-10-16T16:39:54","slug":"unitree-mid-360-lidar","status":"publish","type":"product","link":"https:\/\/www.ghostysky.com\/fr\/product\/unitree-mid-360-lidar\/","title":{"rendered":"Lidar Unitree Mid 360"},"content":{"rendered":"<div id=\"model-response-message-contentr_e4d8d26172f473a0\" class=\"markdown markdown-main-panel stronger enable-updated-hr-color\" dir=\"ltr\">\n<p><b>Principales caract\u00e9ristiques et capacit\u00e9s\u00a0:<\/b><\/p>\n<ul>\n<li><b><span class=\"citation-713\">Champ de vision omnidirectionnel (FOV) :<\/span><\/b><span class=\"citation-713 citation-end-713\"> B\u00e9n\u00e9ficiant d&#039;une pleine <sup class=\"superscript\" data-turn-source-index=\"3\">3<\/sup><\/span><b><span class=\"math-inline\" data-math=\"360^\\circ\">$360^\\circ$<\/span><span class=\"citation-712\"> horizontal<\/span><\/b><span class=\"citation-712 citation-end-712\"> et un large <sup class=\"superscript\" data-turn-source-index=\"4\">4<\/sup><\/span><b><span class=\"math-inline\" data-math=\"-7^\\circ\">$-7^\\circ$<\/span><span class=\"citation-711 citation-end-711\"> \u00e0 <sup class=\"superscript\" data-turn-source-index=\"5\">5<\/sup><\/span><span class=\"math-inline\" data-math=\"52^\\circ\">$52^\\circ$<\/span><span class=\"citation-710\"> verticale<\/span><\/b><span class=\"citation-710 citation-end-710\"> FOV, le Mid-360 assure une couverture ultra-large avec des angles morts minimes, permettant une reconnaissance compl\u00e8te de tous les terrains.<\/span><\/li>\n<li><b>Haute pr\u00e9cision et port\u00e9e :<\/b><span class=\"citation-709 citation-end-709\"> Il est capable de d\u00e9tecter des objets jusqu&#039;\u00e0 <sup class=\"superscript\" data-turn-source-index=\"7\">7<\/sup><\/span><b><span class=\"math-inline\" data-math=\"70\\text{ m}\">$70\\texte{ m}$<\/span><\/b><span class=\"citation-708 citation-end-708\"> \u00e0 une r\u00e9flectivit\u00e9 de 80% et aussi proche que <sup class=\"superscript\" data-turn-source-index=\"8\">8<\/sup><\/span><b><span class=\"math-inline\" data-math=\"0.1\\text{ m}\">$0.1\\texte{ m}$<\/span><\/b><span class=\"citation-707 citation-end-707\">, offrant d&#039;excellents d\u00e9tails pour la cartographie \u00e0 distance et l&#039;\u00e9vitement des obstacles en champ proche.<\/span><\/li>\n<li><b><span class=\"citation-706\">D\u00e9bit de donn\u00e9es \u00e9lev\u00e9 :<\/span><\/b><span class=\"citation-706 citation-end-706\"> Offre un taux de points de <sup class=\"superscript\" data-turn-source-index=\"10\">10<\/sup><\/span><b><span class=\"math-inline\" data-math=\"200,000\\text{ points\/s}\">$200 000 points de texte\/s$<\/span><\/b><span class=\"citation-705 citation-end-705\"> et une fr\u00e9quence d&#039;images typique de <sup class=\"superscript\" data-turn-source-index=\"11\">11<\/sup><\/span><b><span class=\"math-inline\" data-math=\"10\\text{ Hz}\">$10\\texte{ Hz}$<\/span><\/b><span class=\"citation-704 citation-end-704\">, g\u00e9n\u00e9rant les donn\u00e9es de nuage de points \u00e0 haute densit\u00e9 requises pour la mod\u00e9lisation environnementale 3D d\u00e9taill\u00e9e.<\/span><\/li>\n<li><b><span class=\"citation-703\">Conception compacte et robuste :<\/span><\/b><span class=\"citation-703 citation-end-703\"> Avec des dimensions d&#039;environ <sup class=\"superscript\" data-turn-source-index=\"13\">13<\/sup><\/span><b><span class=\"math-inline\" data-math=\"65 \\times 65 \\times 60\\text{ mm}\">$65 \\fois 65 \\fois 60\\texte{ mm}$<\/span><\/b><span class=\"citation-702 citation-end-702\"> et un poids de seulement <sup class=\"superscript\" data-turn-source-index=\"14\">14<\/sup><\/span><b><span class=\"math-inline\" data-math=\"265\\text{ g}\">$265\\texte{ g}$<\/span><\/b><span class=\"citation-701 citation-end-701\">, le Mid-360 est facile \u00e0 int\u00e9grer sans compromettre la conception du robot.<sup class=\"superscript\" data-turn-source-index=\"15\">15<\/sup><\/span> <span class=\"citation-700\">Il dispose d&#039;un <\/span><b><span class=\"citation-700\">IP67<\/span><\/b><span class=\"citation-700 citation-end-700\"> indice de protection contre la poussi\u00e8re et la p\u00e9n\u00e9tration d&#039;eau, garantissant des performances fiables \u00e0 l&#039;int\u00e9rieur et \u00e0 l&#039;ext\u00e9rieur.<\/span><\/li>\n<li><b>Applications polyvalentes :<\/b> Optimis\u00e9 pour les exigences de la robotique mobile, ses capacit\u00e9s sont essentielles pour :\n<ul>\n<li><span class=\"citation-699 citation-end-699\">Navigation autonome et planification d&#039;itin\u00e9raire.<\/span><\/li>\n<li><span class=\"citation-698 citation-end-698\">SLAM et cartographie 3D de haute pr\u00e9cision.<\/span><\/li>\n<li><span class=\"citation-697 citation-end-697\">D\u00e9tection et \u00e9vitement intelligents des obstacles.<\/span><\/li>\n<li>Recherche, \u00e9ducation et d\u00e9veloppement en robotique.<\/li>\n<\/ul>\n<\/li>\n<\/ul>\n<p>\u00c9quipez votre syst\u00e8me robotique avec le LiDAR Unitree Mid-360 pour b\u00e9n\u00e9ficier d&#039;une compr\u00e9hension environnementale sup\u00e9rieure et repousser les limites des performances autonomes.<\/p>\n<\/div>","protected":false},"excerpt":{"rendered":"<p><span class=\"citation-715 citation-end-715\">Le LiDAR Unitree Mid-360, un module de t\u00e9l\u00e9m\u00e9trie 3D sophistiqu\u00e9, est con\u00e7u pour fournir aux robots mobiles une connaissance spatiale compl\u00e8te et de haute pr\u00e9cision.<\/span> <span class=\"citation-714 citation-end-714\">Id\u00e9al pour l&#039;int\u00e9gration dans des plates-formes avanc\u00e9es comme l&#039;Unitree Go2 EDU Plus, ce capteur compact et l\u00e9ger change la donne pour la navigation autonome, la SLAM (localisation et cartographie simultan\u00e9es) et la perception de l&#039;environnement.<\/span><\/p>","protected":false},"featured_media":21512,"comment_status":"open","ping_status":"closed","template":"","meta":[],"product_brand":[1087],"product_cat":[1038,1037,1102],"product_tag":[1088,1107,1108,1105],"class_list":{"0":"post-21511","1":"product","2":"type-product","3":"status-publish","4":"has-post-thumbnail","6":"product_brand-unitree","7":"product_cat-humanoid","8":"product_cat-robotics","9":"product_cat-unitree-hum-accessories","10":"product_tag-unitree","11":"product_tag-unitree-h1","12":"product_tag-unitree-h1-accessories","13":"product_tag-unitree-humanoid","15":"first","16":"onbackorder","17":"taxable","18":"shipping-taxable","19":"purchasable","20":"product-type-simple"},"yoast_head":"<!-- This site is optimized with the Yoast SEO plugin v27.1.1 - https:\/\/yoast.com\/product\/yoast-seo-wordpress\/ -->\n<title>Unitree Mid 360 lidar - Ghostysky<\/title>\n<meta name=\"description\" content=\"The Unitree Mid-360 LiDAR, a sophisticated 3D ranging module, is engineered to provide mobile robots with comprehensive, high-accuracy spatial awareness. Ideal for integration into advanced platforms like the Unitree Go2 EDU Plus, this compact and lightweight sensor is a game-changer for autonomous navigation, SLAM (Simultaneous Localization and Mapping), and environmental perception.\" \/>\n<meta name=\"robots\" content=\"index, follow, max-snippet:-1, max-image-preview:large, max-video-preview:-1\" \/>\n<link rel=\"canonical\" href=\"https:\/\/www.ghostysky.com\/fr\/product\/unitree-mid-360-lidar\/\" \/>\n<meta property=\"og:locale\" content=\"fr_FR\" \/>\n<meta property=\"og:type\" content=\"article\" \/>\n<meta property=\"og:title\" content=\"Unitree Mid 360 lidar - Ghostysky\" \/>\n<meta property=\"og:description\" content=\"The Unitree Mid-360 LiDAR, a sophisticated 3D ranging module, is engineered to provide mobile robots with comprehensive, high-accuracy spatial awareness. Ideal for integration into advanced platforms like the Unitree Go2 EDU Plus, this compact and lightweight sensor is a game-changer for autonomous navigation, SLAM (Simultaneous Localization and Mapping), and environmental perception.\" \/>\n<meta property=\"og:url\" content=\"https:\/\/www.ghostysky.com\/fr\/product\/unitree-mid-360-lidar\/\" \/>\n<meta property=\"og:site_name\" content=\"Ghostysky\" \/>\n<meta property=\"article:publisher\" content=\"https:\/\/www.facebook.com\/people\/Ghostysky\/100057676170234\/\" \/>\n<meta property=\"article:modified_time\" content=\"2025-10-16T16:39:54+00:00\" \/>\n<meta property=\"og:image\" content=\"https:\/\/www.ghostysky.com\/wp-content\/uploads\/2025\/10\/GH_Mid-360-lidar_1.webp\" \/>\n\t<meta property=\"og:image:width\" content=\"600\" \/>\n\t<meta property=\"og:image:height\" content=\"600\" \/>\n\t<meta property=\"og:image:type\" content=\"image\/webp\" \/>\n<meta name=\"twitter:card\" content=\"summary_large_image\" \/>\n<meta name=\"twitter:site\" content=\"@Gh0stysky\" \/>\n<meta name=\"twitter:label1\" content=\"Dur\u00e9e de lecture estim\u00e9e\" \/>\n\t<meta name=\"twitter:data1\" content=\"2 minutes\" \/>\n<script type=\"application\/ld+json\" class=\"yoast-schema-graph\">{\"@context\":\"https:\/\/schema.org\",\"@graph\":[{\"@type\":\"WebPage\",\"@id\":\"https:\/\/www.ghostysky.com\/product\/unitree-mid-360-lidar\/\",\"url\":\"https:\/\/www.ghostysky.com\/product\/unitree-mid-360-lidar\/\",\"name\":\"Unitree Mid 360 lidar - Ghostysky\",\"isPartOf\":{\"@id\":\"https:\/\/www.ghostysky.com\/#website\"},\"primaryImageOfPage\":{\"@id\":\"https:\/\/www.ghostysky.com\/product\/unitree-mid-360-lidar\/#primaryimage\"},\"image\":{\"@id\":\"https:\/\/www.ghostysky.com\/product\/unitree-mid-360-lidar\/#primaryimage\"},\"thumbnailUrl\":\"https:\/\/www.ghostysky.com\/wp-content\/uploads\/2025\/10\/GH_Mid-360-lidar_1.webp\",\"datePublished\":\"2025-10-16T16:35:17+00:00\",\"dateModified\":\"2025-10-16T16:39:54+00:00\",\"description\":\"The Unitree Mid-360 LiDAR, a sophisticated 3D ranging module, is engineered to provide mobile robots with comprehensive, high-accuracy spatial awareness. Ideal for integration into advanced platforms like the Unitree Go2 EDU Plus, this compact and lightweight sensor is a game-changer for autonomous navigation, SLAM (Simultaneous Localization and Mapping), and environmental perception.\",\"breadcrumb\":{\"@id\":\"https:\/\/www.ghostysky.com\/product\/unitree-mid-360-lidar\/#breadcrumb\"},\"inLanguage\":\"fr-FR\",\"potentialAction\":[{\"@type\":\"ReadAction\",\"target\":[\"https:\/\/www.ghostysky.com\/product\/unitree-mid-360-lidar\/\"]}]},{\"@type\":\"ImageObject\",\"inLanguage\":\"fr-FR\",\"@id\":\"https:\/\/www.ghostysky.com\/product\/unitree-mid-360-lidar\/#primaryimage\",\"url\":\"https:\/\/www.ghostysky.com\/wp-content\/uploads\/2025\/10\/GH_Mid-360-lidar_1.webp\",\"contentUrl\":\"https:\/\/www.ghostysky.com\/wp-content\/uploads\/2025\/10\/GH_Mid-360-lidar_1.webp\",\"width\":600,\"height\":600},{\"@type\":\"BreadcrumbList\",\"@id\":\"https:\/\/www.ghostysky.com\/product\/unitree-mid-360-lidar\/#breadcrumb\",\"itemListElement\":[{\"@type\":\"ListItem\",\"position\":1,\"name\":\"Home\",\"item\":\"https:\/\/www.ghostysky.com\/\"},{\"@type\":\"ListItem\",\"position\":2,\"name\":\"Shop\",\"item\":\"https:\/\/www.ghostysky.com\/shop\/\"},{\"@type\":\"ListItem\",\"position\":3,\"name\":\"Unitree Mid 360 lidar\"}]},{\"@type\":\"WebSite\",\"@id\":\"https:\/\/www.ghostysky.com\/#website\",\"url\":\"https:\/\/www.ghostysky.com\/\",\"name\":\"Ghostysky\",\"description\":\"Delivering professional drones and services\",\"publisher\":{\"@id\":\"https:\/\/www.ghostysky.com\/#organization\"},\"potentialAction\":[{\"@type\":\"SearchAction\",\"target\":{\"@type\":\"EntryPoint\",\"urlTemplate\":\"https:\/\/www.ghostysky.com\/?s={search_term_string}\"},\"query-input\":{\"@type\":\"PropertyValueSpecification\",\"valueRequired\":true,\"valueName\":\"search_term_string\"}}],\"inLanguage\":\"fr-FR\"},{\"@type\":\"Organization\",\"@id\":\"https:\/\/www.ghostysky.com\/#organization\",\"name\":\"Ghostysky\",\"url\":\"https:\/\/www.ghostysky.com\/\",\"logo\":{\"@type\":\"ImageObject\",\"inLanguage\":\"fr-FR\",\"@id\":\"https:\/\/www.ghostysky.com\/#\/schema\/logo\/image\/\",\"url\":\"https:\/\/www.ghostysky.com\/wp-content\/uploads\/2020\/06\/cropped-ghostyskylogo_text_white2.png\",\"contentUrl\":\"https:\/\/www.ghostysky.com\/wp-content\/uploads\/2020\/06\/cropped-ghostyskylogo_text_white2.png\",\"width\":169,\"height\":56,\"caption\":\"Ghostysky\"},\"image\":{\"@id\":\"https:\/\/www.ghostysky.com\/#\/schema\/logo\/image\/\"},\"sameAs\":[\"https:\/\/www.facebook.com\/people\/Ghostysky\/100057676170234\/\",\"https:\/\/x.com\/Gh0stysky\",\"https:\/\/www.linkedin.com\/company\/34739653\",\"https:\/\/www.instagram.com\/gh0stysky\"]}]}<\/script>\n<!-- \/ Yoast SEO plugin. -->","yoast_head_json":{"title":"Lidar Unitree Mid 360 - Ghostysky","description":"Le LiDAR Unitree Mid-360, un module sophistiqu\u00e9 de t\u00e9l\u00e9m\u00e9trie 3D, est con\u00e7u pour fournir aux robots mobiles une perception spatiale compl\u00e8te et pr\u00e9cise. Id\u00e9al pour une int\u00e9gration dans des plateformes avanc\u00e9es comme l&#039;Unitree Go2 EDU Plus, ce capteur compact et l\u00e9ger r\u00e9volutionne la navigation autonome, la localisation et la cartographie simultan\u00e9es (SLAM) et la perception environnementale.","robots":{"index":"index","follow":"follow","max-snippet":"max-snippet:-1","max-image-preview":"max-image-preview:large","max-video-preview":"max-video-preview:-1"},"canonical":"https:\/\/www.ghostysky.com\/fr\/product\/unitree-mid-360-lidar\/","og_locale":"fr_FR","og_type":"article","og_title":"Unitree Mid 360 lidar - Ghostysky","og_description":"The Unitree Mid-360 LiDAR, a sophisticated 3D ranging module, is engineered to provide mobile robots with comprehensive, high-accuracy spatial awareness. Ideal for integration into advanced platforms like the Unitree Go2 EDU Plus, this compact and lightweight sensor is a game-changer for autonomous navigation, SLAM (Simultaneous Localization and Mapping), and environmental perception.","og_url":"https:\/\/www.ghostysky.com\/fr\/product\/unitree-mid-360-lidar\/","og_site_name":"Ghostysky","article_publisher":"https:\/\/www.facebook.com\/people\/Ghostysky\/100057676170234\/","article_modified_time":"2025-10-16T16:39:54+00:00","og_image":[{"width":600,"height":600,"url":"https:\/\/www.ghostysky.com\/wp-content\/uploads\/2025\/10\/GH_Mid-360-lidar_1.webp","type":"image\/webp"}],"twitter_card":"summary_large_image","twitter_site":"@Gh0stysky","twitter_misc":{"Dur\u00e9e de lecture estim\u00e9e":"2 minutes"},"schema":{"@context":"https:\/\/schema.org","@graph":[{"@type":"WebPage","@id":"https:\/\/www.ghostysky.com\/product\/unitree-mid-360-lidar\/","url":"https:\/\/www.ghostysky.com\/product\/unitree-mid-360-lidar\/","name":"Lidar Unitree Mid 360 - Ghostysky","isPartOf":{"@id":"https:\/\/www.ghostysky.com\/#website"},"primaryImageOfPage":{"@id":"https:\/\/www.ghostysky.com\/product\/unitree-mid-360-lidar\/#primaryimage"},"image":{"@id":"https:\/\/www.ghostysky.com\/product\/unitree-mid-360-lidar\/#primaryimage"},"thumbnailUrl":"https:\/\/www.ghostysky.com\/wp-content\/uploads\/2025\/10\/GH_Mid-360-lidar_1.webp","datePublished":"2025-10-16T16:35:17+00:00","dateModified":"2025-10-16T16:39:54+00:00","description":"Le LiDAR Unitree Mid-360, un module sophistiqu\u00e9 de t\u00e9l\u00e9m\u00e9trie 3D, est con\u00e7u pour fournir aux robots mobiles une perception spatiale compl\u00e8te et pr\u00e9cise. Id\u00e9al pour une int\u00e9gration dans des plateformes avanc\u00e9es comme l&#039;Unitree Go2 EDU Plus, ce capteur compact et l\u00e9ger r\u00e9volutionne la navigation autonome, la localisation et la cartographie simultan\u00e9es (SLAM) et la perception environnementale.","breadcrumb":{"@id":"https:\/\/www.ghostysky.com\/product\/unitree-mid-360-lidar\/#breadcrumb"},"inLanguage":"fr-FR","potentialAction":[{"@type":"ReadAction","target":["https:\/\/www.ghostysky.com\/product\/unitree-mid-360-lidar\/"]}]},{"@type":"ImageObject","inLanguage":"fr-FR","@id":"https:\/\/www.ghostysky.com\/product\/unitree-mid-360-lidar\/#primaryimage","url":"https:\/\/www.ghostysky.com\/wp-content\/uploads\/2025\/10\/GH_Mid-360-lidar_1.webp","contentUrl":"https:\/\/www.ghostysky.com\/wp-content\/uploads\/2025\/10\/GH_Mid-360-lidar_1.webp","width":600,"height":600},{"@type":"BreadcrumbList","@id":"https:\/\/www.ghostysky.com\/product\/unitree-mid-360-lidar\/#breadcrumb","itemListElement":[{"@type":"ListItem","position":1,"name":"Home","item":"https:\/\/www.ghostysky.com\/"},{"@type":"ListItem","position":2,"name":"Shop","item":"https:\/\/www.ghostysky.com\/shop\/"},{"@type":"ListItem","position":3,"name":"Unitree Mid 360 lidar"}]},{"@type":"WebSite","@id":"https:\/\/www.ghostysky.com\/#website","url":"https:\/\/www.ghostysky.com\/","name":"Ghostysky","description":"Livraison de drones et de services professionnels","publisher":{"@id":"https:\/\/www.ghostysky.com\/#organization"},"potentialAction":[{"@type":"SearchAction","target":{"@type":"EntryPoint","urlTemplate":"https:\/\/www.ghostysky.com\/?s={search_term_string}"},"query-input":{"@type":"PropertyValueSpecification","valueRequired":true,"valueName":"search_term_string"}}],"inLanguage":"fr-FR"},{"@type":"Organization","@id":"https:\/\/www.ghostysky.com\/#organization","name":"Ghostysky","url":"https:\/\/www.ghostysky.com\/","logo":{"@type":"ImageObject","inLanguage":"fr-FR","@id":"https:\/\/www.ghostysky.com\/#\/schema\/logo\/image\/","url":"https:\/\/www.ghostysky.com\/wp-content\/uploads\/2020\/06\/cropped-ghostyskylogo_text_white2.png","contentUrl":"https:\/\/www.ghostysky.com\/wp-content\/uploads\/2020\/06\/cropped-ghostyskylogo_text_white2.png","width":169,"height":56,"caption":"Ghostysky"},"image":{"@id":"https:\/\/www.ghostysky.com\/#\/schema\/logo\/image\/"},"sameAs":["https:\/\/www.facebook.com\/people\/Ghostysky\/100057676170234\/","https:\/\/x.com\/Gh0stysky","https:\/\/www.linkedin.com\/company\/34739653","https:\/\/www.instagram.com\/gh0stysky"]}]}},"_links":{"self":[{"href":"https:\/\/www.ghostysky.com\/fr\/wp-json\/wp\/v2\/product\/21511","targetHints":{"allow":["GET"]}}],"collection":[{"href":"https:\/\/www.ghostysky.com\/fr\/wp-json\/wp\/v2\/product"}],"about":[{"href":"https:\/\/www.ghostysky.com\/fr\/wp-json\/wp\/v2\/types\/product"}],"replies":[{"embeddable":true,"href":"https:\/\/www.ghostysky.com\/fr\/wp-json\/wp\/v2\/comments?post=21511"}],"wp:featuredmedia":[{"embeddable":true,"href":"https:\/\/www.ghostysky.com\/fr\/wp-json\/wp\/v2\/media\/21512"}],"wp:attachment":[{"href":"https:\/\/www.ghostysky.com\/fr\/wp-json\/wp\/v2\/media?parent=21511"}],"wp:term":[{"taxonomy":"product_brand","embeddable":true,"href":"https:\/\/www.ghostysky.com\/fr\/wp-json\/wp\/v2\/product_brand?post=21511"},{"taxonomy":"product_cat","embeddable":true,"href":"https:\/\/www.ghostysky.com\/fr\/wp-json\/wp\/v2\/product_cat?post=21511"},{"taxonomy":"product_tag","embeddable":true,"href":"https:\/\/www.ghostysky.com\/fr\/wp-json\/wp\/v2\/product_tag?post=21511"}],"curies":[{"name":"wp","href":"https:\/\/api.w.org\/{rel}","templated":true}]}}