{"id":21513,"date":"2025-10-16T16:40:27","date_gmt":"2025-10-16T16:40:27","guid":{"rendered":"https:\/\/www.ghostysky.com\/?post_type=product&#038;p=21513"},"modified":"2025-10-16T16:43:48","modified_gmt":"2025-10-16T16:43:48","slug":"unitree-depth-camera","status":"publish","type":"product","link":"https:\/\/www.ghostysky.com\/fr\/product\/unitree-depth-camera\/","title":{"rendered":"Cam\u00e9ra de profondeur Unitree"},"content":{"rendered":"<div id=\"model-response-message-contentr_e4d8d26172f473a0\" class=\"markdown markdown-main-panel stronger enable-updated-hr-color\" dir=\"ltr\">\n<div id=\"model-response-message-contentr_c8fa68b62b6ed58b\" class=\"markdown markdown-main-panel stronger enable-updated-hr-color\" dir=\"ltr\">\n<p><b>Principales caract\u00e9ristiques et capacit\u00e9s\u00a0:<\/b><\/p>\n<ul>\n<li><b>Cartographie environnementale 3D pr\u00e9cise :<\/b><span class=\"citation-736 citation-end-736\"> Capture des donn\u00e9es de profondeur pr\u00e9cises, permettant au robot de cr\u00e9er des cartes 3D en temps r\u00e9el (SLAM) de son environnement pour la navigation.<\/span><\/li>\n<li><b><span class=\"citation-735\">\u00c9vitement intelligent des obstacles :<\/span><\/b><span class=\"citation-735 citation-end-735\"> Essentiel pour d\u00e9tecter les obstacles, calculer leur distance et leur position et ajuster la trajectoire de mouvement du robot pour une travers\u00e9e s\u00fbre et dynamique.<\/span><\/li>\n<li><b>Imagerie haute r\u00e9solution :<\/b><span class=\"citation-734 citation-end-734\"> Offre une profondeur claire et des flux visuels, souvent avec des r\u00e9solutions allant jusqu&#039;\u00e0 <\/span><span class=\"math-inline\" data-math=\"1280 \\times 720\"><span class=\"katex\"><span class=\"katex-html\" aria-hidden=\"true\"><span class=\"base\"><span class=\"mord\">1280<\/span><span class=\"mbin\">\u00d7<\/span><\/span><span class=\"base\"><span class=\"mord\">720<\/span><\/span><\/span><\/span><\/span><span class=\"citation-733 citation-end-733\"> \u00e0 <\/span><span class=\"math-inline\" data-math=\"30\\text{fps}\"><span class=\"katex\"><span class=\"katex-html\" aria-hidden=\"true\"><span class=\"base\"><span class=\"mord\">30<\/span><span class=\"mord text\"><span class=\"mord\">fps<\/span><\/span><\/span><\/span><\/span><\/span><span class=\"citation-732 citation-end-732\"> (ou sup\u00e9rieur, selon le mod\u00e8le\/l&#039;int\u00e9gration sp\u00e9cifique, comme la variante Intel RealSense D435i).<\/span><\/li>\n<li><b><span class=\"citation-731\">Champ de vision large (FOV) :<\/span><\/b><span class=\"citation-731 citation-end-731\"> Offre une large couverture spatiale, minimisant les \u00ab angles morts \u00bb et garantissant que le robot peut percevoir efficacement une grande zone pour une connaissance compl\u00e8te de la situation.<\/span><\/li>\n<li><b>Autonomie robotique am\u00e9lior\u00e9e :<\/b> Les donn\u00e9es de profondeur sont fondamentales pour les applications robotiques complexes, notamment :\n<ul>\n<li><b>Suivi autonome bas\u00e9 sur la vision<\/b><\/li>\n<li><b>Reconnaissance et interaction d&#039;objets<\/b><\/li>\n<li><b>Manipulation de robots humano\u00efdes<\/b> (pour les mod\u00e8les comme le G1)<\/li>\n<\/ul>\n<\/li>\n<li><b><span class=\"citation-730\">Int\u00e9gration transparente :<\/span><\/b><span class=\"citation-730 citation-end-730\"> Con\u00e7u pour fonctionner avec les syst\u00e8mes de contr\u00f4le Unitree, s&#039;appuyant souvent sur une technologie robuste et \u00e9prouv\u00e9e (comme la s\u00e9rie Intel RealSense) pour une acquisition de donn\u00e9es fiable.<\/span><\/li>\n<li><b>Pr\u00eat pour le d\u00e9veloppement :<\/b><span class=\"citation-729 citation-end-729\"> Prend en charge le d\u00e9veloppement secondaire et l&#039;int\u00e9gration via les SDK et les API d&#039;Unitree, ce qui en fait un outil indispensable pour les chercheurs et les d\u00e9veloppeurs en robotique, en IA et en vision par ordinateur.<\/span><\/li>\n<\/ul>\n<p><span class=\"citation-728 citation-end-728\">Que votre robot Unitree effectue une inspection, des recherches ou des man\u0153uvres complexes, la cam\u00e9ra de profondeur fournit la base visuelle qui lui permet de comprendre et de naviguer de mani\u00e8re experte dans le monde r\u00e9el.<\/span><\/p>\n<div class=\"source-inline-chip-container ng-star-inserted\"><\/div>\n<\/div>\n<\/div>","protected":false},"excerpt":{"rendered":"<p><span class=\"citation-738\">D\u00e9bloquez une conscience spatiale avanc\u00e9e et une autonomie de haut niveau pour votre robot Unitree avec le <\/span><b><span class=\"citation-738\">Cam\u00e9ra de profondeur Unitree<\/span><\/b><span class=\"citation-738 citation-end-738\">.<\/span> <span class=\"citation-737 citation-end-737\">Ce capteur essentiel fournit les donn\u00e9es de perception 3D critiques n\u00e9cessaires \u00e0 une navigation, une interaction et un d\u00e9veloppement sophistiqu\u00e9s.<\/span><\/p>","protected":false},"featured_media":21514,"comment_status":"open","ping_status":"closed","template":"","meta":[],"product_brand":[1087],"product_cat":[1038,1037,1102],"product_tag":[1088,1107,1108,1105],"class_list":{"0":"post-21513","1":"product","2":"type-product","3":"status-publish","4":"has-post-thumbnail","6":"product_brand-unitree","7":"product_cat-humanoid","8":"product_cat-robotics","9":"product_cat-unitree-hum-accessories","10":"product_tag-unitree","11":"product_tag-unitree-h1","12":"product_tag-unitree-h1-accessories","13":"product_tag-unitree-humanoid","15":"first","16":"onbackorder","17":"taxable","18":"shipping-taxable","19":"purchasable","20":"product-type-simple"},"yoast_head":"<!-- This site is optimized with the Yoast SEO plugin v27.1.1 - https:\/\/yoast.com\/product\/yoast-seo-wordpress\/ -->\n<title>Unitree Depth Camera - Ghostysky<\/title>\n<meta name=\"description\" content=\"Unlock advanced spatial awareness and high-level autonomy for your Unitree robot with the integrated Unitree Depth Camera. This essential sensor provides the critical 3D perception data needed for sophisticated navigation, interaction, and development.\" \/>\n<meta name=\"robots\" content=\"index, follow, max-snippet:-1, max-image-preview:large, max-video-preview:-1\" \/>\n<link rel=\"canonical\" href=\"https:\/\/www.ghostysky.com\/fr\/product\/unitree-depth-camera\/\" \/>\n<meta property=\"og:locale\" content=\"fr_FR\" \/>\n<meta property=\"og:type\" content=\"article\" \/>\n<meta property=\"og:title\" content=\"Unitree Depth Camera - Ghostysky\" \/>\n<meta property=\"og:description\" content=\"Unlock advanced spatial awareness and high-level autonomy for your Unitree robot with the integrated Unitree Depth Camera. This essential sensor provides the critical 3D perception data needed for sophisticated navigation, interaction, and development.\" \/>\n<meta property=\"og:url\" content=\"https:\/\/www.ghostysky.com\/fr\/product\/unitree-depth-camera\/\" \/>\n<meta property=\"og:site_name\" content=\"Ghostysky\" \/>\n<meta property=\"article:publisher\" content=\"https:\/\/www.facebook.com\/people\/Ghostysky\/100057676170234\/\" \/>\n<meta property=\"article:modified_time\" content=\"2025-10-16T16:43:48+00:00\" \/>\n<meta property=\"og:image\" content=\"https:\/\/www.ghostysky.com\/wp-content\/uploads\/2025\/10\/GH_Depth-Camera_1.webp\" \/>\n\t<meta property=\"og:image:width\" content=\"1000\" \/>\n\t<meta property=\"og:image:height\" content=\"1000\" \/>\n\t<meta property=\"og:image:type\" content=\"image\/webp\" \/>\n<meta name=\"twitter:card\" content=\"summary_large_image\" \/>\n<meta name=\"twitter:site\" content=\"@Gh0stysky\" \/>\n<meta name=\"twitter:label1\" content=\"Dur\u00e9e de lecture estim\u00e9e\" \/>\n\t<meta name=\"twitter:data1\" content=\"2 minutes\" \/>\n<script type=\"application\/ld+json\" class=\"yoast-schema-graph\">{\"@context\":\"https:\/\/schema.org\",\"@graph\":[{\"@type\":\"WebPage\",\"@id\":\"https:\/\/www.ghostysky.com\/product\/unitree-depth-camera\/\",\"url\":\"https:\/\/www.ghostysky.com\/product\/unitree-depth-camera\/\",\"name\":\"Unitree Depth Camera - Ghostysky\",\"isPartOf\":{\"@id\":\"https:\/\/www.ghostysky.com\/#website\"},\"primaryImageOfPage\":{\"@id\":\"https:\/\/www.ghostysky.com\/product\/unitree-depth-camera\/#primaryimage\"},\"image\":{\"@id\":\"https:\/\/www.ghostysky.com\/product\/unitree-depth-camera\/#primaryimage\"},\"thumbnailUrl\":\"https:\/\/www.ghostysky.com\/wp-content\/uploads\/2025\/10\/GH_Depth-Camera_1.webp\",\"datePublished\":\"2025-10-16T16:40:27+00:00\",\"dateModified\":\"2025-10-16T16:43:48+00:00\",\"description\":\"Unlock advanced spatial awareness and high-level autonomy for your Unitree robot with the integrated Unitree Depth Camera. This essential sensor provides the critical 3D perception data needed for sophisticated navigation, interaction, and development.\",\"breadcrumb\":{\"@id\":\"https:\/\/www.ghostysky.com\/product\/unitree-depth-camera\/#breadcrumb\"},\"inLanguage\":\"fr-FR\",\"potentialAction\":[{\"@type\":\"ReadAction\",\"target\":[\"https:\/\/www.ghostysky.com\/product\/unitree-depth-camera\/\"]}]},{\"@type\":\"ImageObject\",\"inLanguage\":\"fr-FR\",\"@id\":\"https:\/\/www.ghostysky.com\/product\/unitree-depth-camera\/#primaryimage\",\"url\":\"https:\/\/www.ghostysky.com\/wp-content\/uploads\/2025\/10\/GH_Depth-Camera_1.webp\",\"contentUrl\":\"https:\/\/www.ghostysky.com\/wp-content\/uploads\/2025\/10\/GH_Depth-Camera_1.webp\",\"width\":1000,\"height\":1000},{\"@type\":\"BreadcrumbList\",\"@id\":\"https:\/\/www.ghostysky.com\/product\/unitree-depth-camera\/#breadcrumb\",\"itemListElement\":[{\"@type\":\"ListItem\",\"position\":1,\"name\":\"Home\",\"item\":\"https:\/\/www.ghostysky.com\/\"},{\"@type\":\"ListItem\",\"position\":2,\"name\":\"Shop\",\"item\":\"https:\/\/www.ghostysky.com\/shop\/\"},{\"@type\":\"ListItem\",\"position\":3,\"name\":\"Unitree Depth Camera\"}]},{\"@type\":\"WebSite\",\"@id\":\"https:\/\/www.ghostysky.com\/#website\",\"url\":\"https:\/\/www.ghostysky.com\/\",\"name\":\"Ghostysky\",\"description\":\"Delivering professional drones and services\",\"publisher\":{\"@id\":\"https:\/\/www.ghostysky.com\/#organization\"},\"potentialAction\":[{\"@type\":\"SearchAction\",\"target\":{\"@type\":\"EntryPoint\",\"urlTemplate\":\"https:\/\/www.ghostysky.com\/?s={search_term_string}\"},\"query-input\":{\"@type\":\"PropertyValueSpecification\",\"valueRequired\":true,\"valueName\":\"search_term_string\"}}],\"inLanguage\":\"fr-FR\"},{\"@type\":\"Organization\",\"@id\":\"https:\/\/www.ghostysky.com\/#organization\",\"name\":\"Ghostysky\",\"url\":\"https:\/\/www.ghostysky.com\/\",\"logo\":{\"@type\":\"ImageObject\",\"inLanguage\":\"fr-FR\",\"@id\":\"https:\/\/www.ghostysky.com\/#\/schema\/logo\/image\/\",\"url\":\"https:\/\/www.ghostysky.com\/wp-content\/uploads\/2020\/06\/cropped-ghostyskylogo_text_white2.png\",\"contentUrl\":\"https:\/\/www.ghostysky.com\/wp-content\/uploads\/2020\/06\/cropped-ghostyskylogo_text_white2.png\",\"width\":169,\"height\":56,\"caption\":\"Ghostysky\"},\"image\":{\"@id\":\"https:\/\/www.ghostysky.com\/#\/schema\/logo\/image\/\"},\"sameAs\":[\"https:\/\/www.facebook.com\/people\/Ghostysky\/100057676170234\/\",\"https:\/\/x.com\/Gh0stysky\",\"https:\/\/www.linkedin.com\/company\/34739653\",\"https:\/\/www.instagram.com\/gh0stysky\"]}]}<\/script>\n<!-- \/ Yoast SEO plugin. -->","yoast_head_json":{"title":"Cam\u00e9ra de profondeur Unitree - Ghostysky","description":"B\u00e9n\u00e9ficiez d&#039;une perception spatiale avanc\u00e9e et d&#039;une grande autonomie pour votre robot Unitree gr\u00e2ce \u00e0 la cam\u00e9ra de profondeur Unitree int\u00e9gr\u00e9e. Ce capteur essentiel fournit les donn\u00e9es de perception 3D essentielles \u00e0 une navigation, une interaction et un d\u00e9veloppement sophistiqu\u00e9s.","robots":{"index":"index","follow":"follow","max-snippet":"max-snippet:-1","max-image-preview":"max-image-preview:large","max-video-preview":"max-video-preview:-1"},"canonical":"https:\/\/www.ghostysky.com\/fr\/product\/unitree-depth-camera\/","og_locale":"fr_FR","og_type":"article","og_title":"Unitree Depth Camera - Ghostysky","og_description":"Unlock advanced spatial awareness and high-level autonomy for your Unitree robot with the integrated Unitree Depth Camera. This essential sensor provides the critical 3D perception data needed for sophisticated navigation, interaction, and development.","og_url":"https:\/\/www.ghostysky.com\/fr\/product\/unitree-depth-camera\/","og_site_name":"Ghostysky","article_publisher":"https:\/\/www.facebook.com\/people\/Ghostysky\/100057676170234\/","article_modified_time":"2025-10-16T16:43:48+00:00","og_image":[{"width":1000,"height":1000,"url":"https:\/\/www.ghostysky.com\/wp-content\/uploads\/2025\/10\/GH_Depth-Camera_1.webp","type":"image\/webp"}],"twitter_card":"summary_large_image","twitter_site":"@Gh0stysky","twitter_misc":{"Dur\u00e9e de lecture estim\u00e9e":"2 minutes"},"schema":{"@context":"https:\/\/schema.org","@graph":[{"@type":"WebPage","@id":"https:\/\/www.ghostysky.com\/product\/unitree-depth-camera\/","url":"https:\/\/www.ghostysky.com\/product\/unitree-depth-camera\/","name":"Cam\u00e9ra de profondeur Unitree - Ghostysky","isPartOf":{"@id":"https:\/\/www.ghostysky.com\/#website"},"primaryImageOfPage":{"@id":"https:\/\/www.ghostysky.com\/product\/unitree-depth-camera\/#primaryimage"},"image":{"@id":"https:\/\/www.ghostysky.com\/product\/unitree-depth-camera\/#primaryimage"},"thumbnailUrl":"https:\/\/www.ghostysky.com\/wp-content\/uploads\/2025\/10\/GH_Depth-Camera_1.webp","datePublished":"2025-10-16T16:40:27+00:00","dateModified":"2025-10-16T16:43:48+00:00","description":"B\u00e9n\u00e9ficiez d&#039;une perception spatiale avanc\u00e9e et d&#039;une grande autonomie pour votre robot Unitree gr\u00e2ce \u00e0 la cam\u00e9ra de profondeur Unitree int\u00e9gr\u00e9e. Ce capteur essentiel fournit les donn\u00e9es de perception 3D essentielles \u00e0 une navigation, une interaction et un d\u00e9veloppement sophistiqu\u00e9s.","breadcrumb":{"@id":"https:\/\/www.ghostysky.com\/product\/unitree-depth-camera\/#breadcrumb"},"inLanguage":"fr-FR","potentialAction":[{"@type":"ReadAction","target":["https:\/\/www.ghostysky.com\/product\/unitree-depth-camera\/"]}]},{"@type":"ImageObject","inLanguage":"fr-FR","@id":"https:\/\/www.ghostysky.com\/product\/unitree-depth-camera\/#primaryimage","url":"https:\/\/www.ghostysky.com\/wp-content\/uploads\/2025\/10\/GH_Depth-Camera_1.webp","contentUrl":"https:\/\/www.ghostysky.com\/wp-content\/uploads\/2025\/10\/GH_Depth-Camera_1.webp","width":1000,"height":1000},{"@type":"BreadcrumbList","@id":"https:\/\/www.ghostysky.com\/product\/unitree-depth-camera\/#breadcrumb","itemListElement":[{"@type":"ListItem","position":1,"name":"Home","item":"https:\/\/www.ghostysky.com\/"},{"@type":"ListItem","position":2,"name":"Shop","item":"https:\/\/www.ghostysky.com\/shop\/"},{"@type":"ListItem","position":3,"name":"Unitree Depth Camera"}]},{"@type":"WebSite","@id":"https:\/\/www.ghostysky.com\/#website","url":"https:\/\/www.ghostysky.com\/","name":"Ghostysky","description":"Livraison de drones et de services professionnels","publisher":{"@id":"https:\/\/www.ghostysky.com\/#organization"},"potentialAction":[{"@type":"SearchAction","target":{"@type":"EntryPoint","urlTemplate":"https:\/\/www.ghostysky.com\/?s={search_term_string}"},"query-input":{"@type":"PropertyValueSpecification","valueRequired":true,"valueName":"search_term_string"}}],"inLanguage":"fr-FR"},{"@type":"Organization","@id":"https:\/\/www.ghostysky.com\/#organization","name":"Ghostysky","url":"https:\/\/www.ghostysky.com\/","logo":{"@type":"ImageObject","inLanguage":"fr-FR","@id":"https:\/\/www.ghostysky.com\/#\/schema\/logo\/image\/","url":"https:\/\/www.ghostysky.com\/wp-content\/uploads\/2020\/06\/cropped-ghostyskylogo_text_white2.png","contentUrl":"https:\/\/www.ghostysky.com\/wp-content\/uploads\/2020\/06\/cropped-ghostyskylogo_text_white2.png","width":169,"height":56,"caption":"Ghostysky"},"image":{"@id":"https:\/\/www.ghostysky.com\/#\/schema\/logo\/image\/"},"sameAs":["https:\/\/www.facebook.com\/people\/Ghostysky\/100057676170234\/","https:\/\/x.com\/Gh0stysky","https:\/\/www.linkedin.com\/company\/34739653","https:\/\/www.instagram.com\/gh0stysky"]}]}},"_links":{"self":[{"href":"https:\/\/www.ghostysky.com\/fr\/wp-json\/wp\/v2\/product\/21513","targetHints":{"allow":["GET"]}}],"collection":[{"href":"https:\/\/www.ghostysky.com\/fr\/wp-json\/wp\/v2\/product"}],"about":[{"href":"https:\/\/www.ghostysky.com\/fr\/wp-json\/wp\/v2\/types\/product"}],"replies":[{"embeddable":true,"href":"https:\/\/www.ghostysky.com\/fr\/wp-json\/wp\/v2\/comments?post=21513"}],"wp:featuredmedia":[{"embeddable":true,"href":"https:\/\/www.ghostysky.com\/fr\/wp-json\/wp\/v2\/media\/21514"}],"wp:attachment":[{"href":"https:\/\/www.ghostysky.com\/fr\/wp-json\/wp\/v2\/media?parent=21513"}],"wp:term":[{"taxonomy":"product_brand","embeddable":true,"href":"https:\/\/www.ghostysky.com\/fr\/wp-json\/wp\/v2\/product_brand?post=21513"},{"taxonomy":"product_cat","embeddable":true,"href":"https:\/\/www.ghostysky.com\/fr\/wp-json\/wp\/v2\/product_cat?post=21513"},{"taxonomy":"product_tag","embeddable":true,"href":"https:\/\/www.ghostysky.com\/fr\/wp-json\/wp\/v2\/product_tag?post=21513"}],"curies":[{"name":"wp","href":"https:\/\/api.w.org\/{rel}","templated":true}]}}