{"id":21521,"date":"2025-10-16T16:56:03","date_gmt":"2025-10-16T16:56:03","guid":{"rendered":"https:\/\/www.ghostysky.com\/?post_type=product&#038;p=21521"},"modified":"2026-03-20T14:04:46","modified_gmt":"2026-03-20T14:04:46","slug":"unitree-g1-basic","status":"publish","type":"product","link":"https:\/\/www.ghostysky.com\/fr\/product\/unitree-g1-basic\/","title":{"rendered":"Unitree G1 Basic"},"content":{"rendered":"<h3><b>Principales caract\u00e9ristiques du G1 Basic<\/b><\/h3>\n<ul>\n<li><b>Mobilit\u00e9 exceptionnelle :<\/b><span class=\"citation-775\"> Se vante <\/span><b><span class=\"citation-775\">23 degr\u00e9s de libert\u00e9 (DOF)<\/span><\/b><span class=\"citation-775 citation-end-775\"> (6 par jambe, 5 par bras, 1 \u00e0 la taille) avec un espace d&#039;angle de mouvement articulaire extra-large, permettant un mouvement fluide, dynamique et humain.<\/span><\/li>\n<li><b>Compact et agile :<\/b><span class=\"citation-774\"> Mesure environ <\/span><b><span class=\"citation-774\">1,32 m\u00e8tre (4,4 pieds) de hauteur<\/span><\/b><span class=\"citation-774\"> et p\u00e8se environ <\/span><b><span class=\"citation-774\">35 kg<\/span><\/b><span class=\"citation-774 citation-end-774\"> (avec batterie), ce qui le rend maniable dans une vari\u00e9t\u00e9 d&#039;environnements.<\/span><\/li>\n<li><b><span class=\"citation-773\">Haute performance :<\/span><\/b><span class=\"citation-773\"> Atteint des vitesses de marche allant jusqu&#039;\u00e0 <\/span><b><span class=\"citation-773\">2 m\/s<\/span><\/b><span class=\"citation-773\"> et pr\u00e9sente un couple maximal au niveau de l&#039;articulation du genou de <\/span><b><span class=\"citation-773\">90 Nm<\/span><\/b><span class=\"citation-773 citation-end-773\">.<\/span><\/li>\n<li><b><span class=\"citation-772\">Perception intelligente :<\/span><\/b><span class=\"citation-772\"> Equip\u00e9 d&#039;un <\/span><b><span class=\"citation-772\">Cam\u00e9ra de profondeur<\/span><\/b><span class=\"citation-772\"> et <\/span><b><span class=\"citation-772\">LiDAR 3D<\/span><\/b><span class=\"citation-772 citation-end-772\"> pour une connaissance avanc\u00e9e de l&#039;environnement, une navigation pr\u00e9cise et l&#039;\u00e9vitement des obstacles.<\/span><\/li>\n<li><b><span class=\"citation-771\">Noyau pr\u00eat pour l&#039;IA\u00a0:<\/span><\/b><span class=\"citation-771\"> Propuls\u00e9 par un <\/span><b><span class=\"citation-771\">Processeur hautes performances \u00e0 8 c\u0153urs<\/span><\/b><span class=\"citation-771\"> pour g\u00e9rer des calculs complexes en temps r\u00e9el et prend en charge l&#039;intelligence pilot\u00e9e par <\/span><b><span class=\"citation-771\">Apprentissage par imitation et renforcement<\/span><\/b><span class=\"citation-771 citation-end-771\">.<\/span><\/li>\n<li><b><span class=\"citation-770\">Plateforme polyvalente :<\/span><\/b><span class=\"citation-770 citation-end-770\"> Id\u00e9al pour la recherche universitaire, les tests d&#039;IA et le d\u00e9veloppement d&#039;applications dans des domaines tels que l&#039;inspection industrielle et la manutention.<\/span><\/li>\n<li><b><span class=\"citation-769\">Connectivit\u00e9 :<\/span><\/b><span class=\"citation-769\"> Caract\u00e9ristiques <\/span><b><span class=\"citation-769\">Wi-Fi 6<\/span><\/b><span class=\"citation-769\"> et <\/span><b><span class=\"citation-769\">Bluetooth 5.2<\/span><\/b><span class=\"citation-769 citation-end-769\"> pour une communication et un contr\u00f4le transparents.<\/span><\/li>\n<li><b>Endurance:<\/b><span class=\"citation-768\"> Comprend un <\/span><b><span class=\"citation-768\">Batterie intelligente \u00e0 d\u00e9gagement rapide de 9000 mAh<\/span><\/b><span class=\"citation-768\"> offrant une dur\u00e9e d&#039;ex\u00e9cution op\u00e9rationnelle d&#039;environ <\/span><b><span class=\"citation-768\">2 heures<\/span><\/b><span class=\"citation-768 citation-end-768\">.<\/span><\/li>\n<\/ul>\n<p>L&#039;Unitree G1 Basic est la base parfaite pour tous ceux qui cherchent \u00e0 innover avec un robot humano\u00efde de pointe, offrant un puissant \u00e9quilibre entre performances, flexibilit\u00e9 et valeur.<\/p>","protected":false},"excerpt":{"rendered":"<p><span class=\"citation-777\">Pr\u00e9sentation de la <\/span><b><span class=\"citation-777\">Unitree G1 Basic<\/span><\/b><span class=\"citation-777 citation-end-777\">, un agent humano\u00efde compact et hautement performant con\u00e7u pour acc\u00e9l\u00e9rer la recherche, l&#039;\u00e9ducation et les applications industrielles l\u00e9g\u00e8res.<\/span><\/p>\n<p><span class=\"citation-776 citation-end-776\">Le G1 Basic est votre point d&#039;entr\u00e9e dans la prochaine \u00e8re de la robotique, offrant une mobilit\u00e9 et une intelligence impressionnantes dans un ensemble l\u00e9ger et abordable.<\/span><\/p>","protected":false},"featured_media":21524,"comment_status":"open","ping_status":"closed","template":"","meta":[],"product_brand":[1087],"product_cat":[1038,1037,1103],"product_tag":[1088,1110,1109,1105],"class_list":{"0":"post-21521","1":"product","2":"type-product","3":"status-publish","4":"has-post-thumbnail","6":"product_brand-unitree","7":"product_cat-humanoid","8":"product_cat-robotics","9":"product_cat-unitree-hum-robots","10":"product_tag-unitree","11":"product_tag-unitree-g1-robot","12":"product_tag-unitree-g1-series","13":"product_tag-unitree-humanoid","15":"first","16":"onbackorder","17":"taxable","18":"shipping-taxable","19":"purchasable","20":"product-type-simple"},"yoast_head":"<!-- This site is optimized with the Yoast SEO plugin v27.1.1 - https:\/\/yoast.com\/product\/yoast-seo-wordpress\/ -->\n<title>Unitree G1 Basic - Ghostysky<\/title>\n<meta name=\"description\" content=\"Introducing the Unitree G1 Basic, a compact and highly capable humanoid agent designed to accelerate research, education, and light-duty industrial applications.The G1 Basic is your entry point into the next era of robotics, offering impressive mobility and intelligence in a lightweight, affordable package.\" \/>\n<meta name=\"robots\" content=\"index, follow, max-snippet:-1, max-image-preview:large, max-video-preview:-1\" \/>\n<link rel=\"canonical\" href=\"https:\/\/www.ghostysky.com\/fr\/product\/unitree-g1-basic\/\" \/>\n<meta property=\"og:locale\" content=\"fr_FR\" \/>\n<meta property=\"og:type\" content=\"article\" \/>\n<meta property=\"og:title\" content=\"Unitree G1 Basic - Ghostysky\" \/>\n<meta property=\"og:description\" content=\"Introducing the Unitree G1 Basic, a compact and highly capable humanoid agent designed to accelerate research, education, and light-duty industrial applications.The G1 Basic is your entry point into the next era of robotics, offering impressive mobility and intelligence in a lightweight, affordable package.\" \/>\n<meta property=\"og:url\" content=\"https:\/\/www.ghostysky.com\/fr\/product\/unitree-g1-basic\/\" \/>\n<meta property=\"og:site_name\" content=\"Ghostysky\" \/>\n<meta property=\"article:publisher\" content=\"https:\/\/www.facebook.com\/people\/Ghostysky\/100057676170234\/\" \/>\n<meta property=\"article:modified_time\" content=\"2026-03-20T14:04:46+00:00\" \/>\n<meta property=\"og:image\" content=\"https:\/\/www.ghostysky.com\/wp-content\/uploads\/2025\/10\/GH_G1-Humanoid_1.png\" \/>\n\t<meta property=\"og:image:width\" content=\"650\" \/>\n\t<meta property=\"og:image:height\" content=\"650\" \/>\n\t<meta property=\"og:image:type\" content=\"image\/png\" \/>\n<meta name=\"twitter:card\" content=\"summary_large_image\" \/>\n<meta name=\"twitter:site\" content=\"@Gh0stysky\" \/>\n<meta name=\"twitter:label1\" content=\"Dur\u00e9e de lecture estim\u00e9e\" \/>\n\t<meta name=\"twitter:data1\" content=\"2 minutes\" \/>\n<script type=\"application\/ld+json\" class=\"yoast-schema-graph\">{\"@context\":\"https:\/\/schema.org\",\"@graph\":[{\"@type\":\"WebPage\",\"@id\":\"https:\/\/www.ghostysky.com\/product\/unitree-g1-basic\/\",\"url\":\"https:\/\/www.ghostysky.com\/product\/unitree-g1-basic\/\",\"name\":\"Unitree G1 Basic - Ghostysky\",\"isPartOf\":{\"@id\":\"https:\/\/www.ghostysky.com\/#website\"},\"primaryImageOfPage\":{\"@id\":\"https:\/\/www.ghostysky.com\/product\/unitree-g1-basic\/#primaryimage\"},\"image\":{\"@id\":\"https:\/\/www.ghostysky.com\/product\/unitree-g1-basic\/#primaryimage\"},\"thumbnailUrl\":\"https:\/\/www.ghostysky.com\/wp-content\/uploads\/2025\/10\/GH_G1-Humanoid_1.png\",\"datePublished\":\"2025-10-16T16:56:03+00:00\",\"dateModified\":\"2026-03-20T14:04:46+00:00\",\"description\":\"Introducing the Unitree G1 Basic, a compact and highly capable humanoid agent designed to accelerate research, education, and light-duty industrial applications.The G1 Basic is your entry point into the next era of robotics, offering impressive mobility and intelligence in a lightweight, affordable package.\",\"breadcrumb\":{\"@id\":\"https:\/\/www.ghostysky.com\/product\/unitree-g1-basic\/#breadcrumb\"},\"inLanguage\":\"fr-FR\",\"potentialAction\":[{\"@type\":\"ReadAction\",\"target\":[\"https:\/\/www.ghostysky.com\/product\/unitree-g1-basic\/\"]}]},{\"@type\":\"ImageObject\",\"inLanguage\":\"fr-FR\",\"@id\":\"https:\/\/www.ghostysky.com\/product\/unitree-g1-basic\/#primaryimage\",\"url\":\"https:\/\/www.ghostysky.com\/wp-content\/uploads\/2025\/10\/GH_G1-Humanoid_1.png\",\"contentUrl\":\"https:\/\/www.ghostysky.com\/wp-content\/uploads\/2025\/10\/GH_G1-Humanoid_1.png\",\"width\":650,\"height\":650},{\"@type\":\"BreadcrumbList\",\"@id\":\"https:\/\/www.ghostysky.com\/product\/unitree-g1-basic\/#breadcrumb\",\"itemListElement\":[{\"@type\":\"ListItem\",\"position\":1,\"name\":\"Home\",\"item\":\"https:\/\/www.ghostysky.com\/\"},{\"@type\":\"ListItem\",\"position\":2,\"name\":\"Shop\",\"item\":\"https:\/\/www.ghostysky.com\/shop\/\"},{\"@type\":\"ListItem\",\"position\":3,\"name\":\"Unitree G1 Basic\"}]},{\"@type\":\"WebSite\",\"@id\":\"https:\/\/www.ghostysky.com\/#website\",\"url\":\"https:\/\/www.ghostysky.com\/\",\"name\":\"Ghostysky\",\"description\":\"Delivering professional drones and services\",\"publisher\":{\"@id\":\"https:\/\/www.ghostysky.com\/#organization\"},\"potentialAction\":[{\"@type\":\"SearchAction\",\"target\":{\"@type\":\"EntryPoint\",\"urlTemplate\":\"https:\/\/www.ghostysky.com\/?s={search_term_string}\"},\"query-input\":{\"@type\":\"PropertyValueSpecification\",\"valueRequired\":true,\"valueName\":\"search_term_string\"}}],\"inLanguage\":\"fr-FR\"},{\"@type\":\"Organization\",\"@id\":\"https:\/\/www.ghostysky.com\/#organization\",\"name\":\"Ghostysky\",\"url\":\"https:\/\/www.ghostysky.com\/\",\"logo\":{\"@type\":\"ImageObject\",\"inLanguage\":\"fr-FR\",\"@id\":\"https:\/\/www.ghostysky.com\/#\/schema\/logo\/image\/\",\"url\":\"https:\/\/www.ghostysky.com\/wp-content\/uploads\/2020\/06\/cropped-ghostyskylogo_text_white2.png\",\"contentUrl\":\"https:\/\/www.ghostysky.com\/wp-content\/uploads\/2020\/06\/cropped-ghostyskylogo_text_white2.png\",\"width\":169,\"height\":56,\"caption\":\"Ghostysky\"},\"image\":{\"@id\":\"https:\/\/www.ghostysky.com\/#\/schema\/logo\/image\/\"},\"sameAs\":[\"https:\/\/www.facebook.com\/people\/Ghostysky\/100057676170234\/\",\"https:\/\/x.com\/Gh0stysky\",\"https:\/\/www.linkedin.com\/company\/34739653\",\"https:\/\/www.instagram.com\/gh0stysky\"]}]}<\/script>\n<!-- \/ Yoast SEO plugin. -->","yoast_head_json":{"title":"Unitree G1 Basic - Ghostysky","description":"Pr\u00e9sentation de l&#039;Unitree G1 Basic, un agent humano\u00efde compact et hautement performant con\u00e7u pour acc\u00e9l\u00e9rer la recherche, l&#039;\u00e9ducation et les applications industrielles l\u00e9g\u00e8res. Le G1 Basic est votre point d&#039;entr\u00e9e dans la prochaine \u00e8re de la robotique, offrant une mobilit\u00e9 et une intelligence impressionnantes dans un ensemble l\u00e9ger et abordable.","robots":{"index":"index","follow":"follow","max-snippet":"max-snippet:-1","max-image-preview":"max-image-preview:large","max-video-preview":"max-video-preview:-1"},"canonical":"https:\/\/www.ghostysky.com\/fr\/product\/unitree-g1-basic\/","og_locale":"fr_FR","og_type":"article","og_title":"Unitree G1 Basic - Ghostysky","og_description":"Introducing the Unitree G1 Basic, a compact and highly capable humanoid agent designed to accelerate research, education, and light-duty industrial applications.The G1 Basic is your entry point into the next era of robotics, offering impressive mobility and intelligence in a lightweight, affordable package.","og_url":"https:\/\/www.ghostysky.com\/fr\/product\/unitree-g1-basic\/","og_site_name":"Ghostysky","article_publisher":"https:\/\/www.facebook.com\/people\/Ghostysky\/100057676170234\/","article_modified_time":"2026-03-20T14:04:46+00:00","og_image":[{"width":650,"height":650,"url":"https:\/\/www.ghostysky.com\/wp-content\/uploads\/2025\/10\/GH_G1-Humanoid_1.png","type":"image\/png"}],"twitter_card":"summary_large_image","twitter_site":"@Gh0stysky","twitter_misc":{"Dur\u00e9e de lecture estim\u00e9e":"2 minutes"},"schema":{"@context":"https:\/\/schema.org","@graph":[{"@type":"WebPage","@id":"https:\/\/www.ghostysky.com\/product\/unitree-g1-basic\/","url":"https:\/\/www.ghostysky.com\/product\/unitree-g1-basic\/","name":"Unitree G1 Basic - Ghostysky","isPartOf":{"@id":"https:\/\/www.ghostysky.com\/#website"},"primaryImageOfPage":{"@id":"https:\/\/www.ghostysky.com\/product\/unitree-g1-basic\/#primaryimage"},"image":{"@id":"https:\/\/www.ghostysky.com\/product\/unitree-g1-basic\/#primaryimage"},"thumbnailUrl":"https:\/\/www.ghostysky.com\/wp-content\/uploads\/2025\/10\/GH_G1-Humanoid_1.png","datePublished":"2025-10-16T16:56:03+00:00","dateModified":"2026-03-20T14:04:46+00:00","description":"Pr\u00e9sentation de l&#039;Unitree G1 Basic, un agent humano\u00efde compact et hautement performant con\u00e7u pour acc\u00e9l\u00e9rer la recherche, l&#039;\u00e9ducation et les applications industrielles l\u00e9g\u00e8res. Le G1 Basic est votre point d&#039;entr\u00e9e dans la prochaine \u00e8re de la robotique, offrant une mobilit\u00e9 et une intelligence impressionnantes dans un ensemble l\u00e9ger et abordable.","breadcrumb":{"@id":"https:\/\/www.ghostysky.com\/product\/unitree-g1-basic\/#breadcrumb"},"inLanguage":"fr-FR","potentialAction":[{"@type":"ReadAction","target":["https:\/\/www.ghostysky.com\/product\/unitree-g1-basic\/"]}]},{"@type":"ImageObject","inLanguage":"fr-FR","@id":"https:\/\/www.ghostysky.com\/product\/unitree-g1-basic\/#primaryimage","url":"https:\/\/www.ghostysky.com\/wp-content\/uploads\/2025\/10\/GH_G1-Humanoid_1.png","contentUrl":"https:\/\/www.ghostysky.com\/wp-content\/uploads\/2025\/10\/GH_G1-Humanoid_1.png","width":650,"height":650},{"@type":"BreadcrumbList","@id":"https:\/\/www.ghostysky.com\/product\/unitree-g1-basic\/#breadcrumb","itemListElement":[{"@type":"ListItem","position":1,"name":"Home","item":"https:\/\/www.ghostysky.com\/"},{"@type":"ListItem","position":2,"name":"Shop","item":"https:\/\/www.ghostysky.com\/shop\/"},{"@type":"ListItem","position":3,"name":"Unitree G1 Basic"}]},{"@type":"WebSite","@id":"https:\/\/www.ghostysky.com\/#website","url":"https:\/\/www.ghostysky.com\/","name":"Ghostysky","description":"Livraison de drones et de services professionnels","publisher":{"@id":"https:\/\/www.ghostysky.com\/#organization"},"potentialAction":[{"@type":"SearchAction","target":{"@type":"EntryPoint","urlTemplate":"https:\/\/www.ghostysky.com\/?s={search_term_string}"},"query-input":{"@type":"PropertyValueSpecification","valueRequired":true,"valueName":"search_term_string"}}],"inLanguage":"fr-FR"},{"@type":"Organization","@id":"https:\/\/www.ghostysky.com\/#organization","name":"Ghostysky","url":"https:\/\/www.ghostysky.com\/","logo":{"@type":"ImageObject","inLanguage":"fr-FR","@id":"https:\/\/www.ghostysky.com\/#\/schema\/logo\/image\/","url":"https:\/\/www.ghostysky.com\/wp-content\/uploads\/2020\/06\/cropped-ghostyskylogo_text_white2.png","contentUrl":"https:\/\/www.ghostysky.com\/wp-content\/uploads\/2020\/06\/cropped-ghostyskylogo_text_white2.png","width":169,"height":56,"caption":"Ghostysky"},"image":{"@id":"https:\/\/www.ghostysky.com\/#\/schema\/logo\/image\/"},"sameAs":["https:\/\/www.facebook.com\/people\/Ghostysky\/100057676170234\/","https:\/\/x.com\/Gh0stysky","https:\/\/www.linkedin.com\/company\/34739653","https:\/\/www.instagram.com\/gh0stysky"]}]}},"_links":{"self":[{"href":"https:\/\/www.ghostysky.com\/fr\/wp-json\/wp\/v2\/product\/21521","targetHints":{"allow":["GET"]}}],"collection":[{"href":"https:\/\/www.ghostysky.com\/fr\/wp-json\/wp\/v2\/product"}],"about":[{"href":"https:\/\/www.ghostysky.com\/fr\/wp-json\/wp\/v2\/types\/product"}],"replies":[{"embeddable":true,"href":"https:\/\/www.ghostysky.com\/fr\/wp-json\/wp\/v2\/comments?post=21521"}],"wp:featuredmedia":[{"embeddable":true,"href":"https:\/\/www.ghostysky.com\/fr\/wp-json\/wp\/v2\/media\/21524"}],"wp:attachment":[{"href":"https:\/\/www.ghostysky.com\/fr\/wp-json\/wp\/v2\/media?parent=21521"}],"wp:term":[{"taxonomy":"product_brand","embeddable":true,"href":"https:\/\/www.ghostysky.com\/fr\/wp-json\/wp\/v2\/product_brand?post=21521"},{"taxonomy":"product_cat","embeddable":true,"href":"https:\/\/www.ghostysky.com\/fr\/wp-json\/wp\/v2\/product_cat?post=21521"},{"taxonomy":"product_tag","embeddable":true,"href":"https:\/\/www.ghostysky.com\/fr\/wp-json\/wp\/v2\/product_tag?post=21521"}],"curies":[{"name":"wp","href":"https:\/\/api.w.org\/{rel}","templated":true}]}}