{"id":21534,"date":"2025-10-16T17:15:40","date_gmt":"2025-10-16T17:15:40","guid":{"rendered":"https:\/\/www.ghostysky.com\/?post_type=product&#038;p=21534"},"modified":"2026-03-16T09:46:24","modified_gmt":"2026-03-16T09:46:24","slug":"unitree-g1-edu-u6","status":"publish","type":"product","link":"https:\/\/www.ghostysky.com\/fr\/product\/unitree-g1-edu-u6\/","title":{"rendered":"Unitree G1 EDU Ultime D (U6)"},"content":{"rendered":"<div id=\"model-response-message-contentr_c0565deda99f03ad\" class=\"markdown markdown-main-panel stronger enable-updated-hr-color\" dir=\"ltr\">\n<div id=\"model-response-message-contentr_0f28adeca7555db0\" class=\"markdown markdown-main-panel stronger enable-updated-hr-color\" dir=\"ltr\">\n<div id=\"model-response-message-contentr_2df5e3d7da0ab85d\" class=\"markdown markdown-main-panel stronger enable-updated-hr-color\" dir=\"ltr\">\n<h3 data-path-to-node=\"1\">Caract\u00e9ristiques techniques cl\u00e9s<\/h3>\n<p id=\"p-rc_366a1770d96e6a3a-56\" data-path-to-node=\"2\"><span class=\"citation-158 citation-end-158\">La d\u00e9signation \u201c U6 \u201d fait r\u00e9f\u00e9rence \u00e0 une configuration sp\u00e9cifique de la gamme EDU, mettant l&#039;accent sur une mobilit\u00e9 maximale et un retour sensoriel optimal.<\/span><\/p>\n<table data-path-to-node=\"3\">\n<thead>\n<tr>\n<td><strong>Fonctionnalit\u00e9<\/strong><\/td>\n<td><strong>Sp\u00e9cification<\/strong><\/td>\n<\/tr>\n<\/thead>\n<tbody>\n<tr>\n<td><span data-path-to-node=\"3,1,0,0\"><b data-path-to-node=\"3,1,0,0\" data-index-in-node=\"0\">Degr\u00e9s de libert\u00e9 (DoF)<\/b><\/span><\/td>\n<td><span data-path-to-node=\"3,1,1,0\">Jusqu&#039;\u00e0 <b data-path-to-node=\"3,1,1,0\" data-index-in-node=\"6\">43 degr\u00e9s de libert\u00e9<\/b> (y compris une taille \u00e0 3 degr\u00e9s de libert\u00e9 pour une flexibilit\u00e9 comparable \u00e0 celle de l&#039;\u00eatre humain)<\/span><\/td>\n<\/tr>\n<tr>\n<td><span data-path-to-node=\"3,2,0,0\"><b data-path-to-node=\"3,2,0,0\" data-index-in-node=\"0\">Puissance de calcul<\/b><\/span><\/td>\n<td><span data-path-to-node=\"3,2,1,0\"><b data-path-to-node=\"3,2,1,0\" data-index-in-node=\"0\">100 TOPS<\/b> via NVIDIA Jetson Orin NX (traitement natif IA)<\/span><\/td>\n<\/tr>\n<tr>\n<td><span data-path-to-node=\"3,3,0,0\"><b data-path-to-node=\"3,3,0,0\" data-index-in-node=\"0\">effecteurs terminaux<\/b><\/span><\/td>\n<td><span data-path-to-node=\"3,3,1,0\">Double <b data-path-to-node=\"3,3,1,0\" data-index-in-node=\"5\">Inspirer les mains tactiles \u00e0 5 doigts<\/b> (sensible \u00e0 la pression)<\/span><\/td>\n<\/tr>\n<tr>\n<td><span data-path-to-node=\"3,4,0,0\"><b data-path-to-node=\"3,4,0,0\" data-index-in-node=\"0\">Vitesse\/couple maximum<\/b><\/span><\/td>\n<td><span data-path-to-node=\"3,4,1,0\">Vitesse maximale\u00a0: 2,0 m\/s | Couple maximal au genou\u00a0: 120 N\u00b7m<\/span><\/td>\n<\/tr>\n<tr>\n<td><span data-path-to-node=\"3,5,0,0\"><b data-path-to-node=\"3,5,0,0\" data-index-in-node=\"0\">Suite de d\u00e9tection<\/b><\/span><\/td>\n<td><span data-path-to-node=\"3,5,1,0\">LiDAR 3D (Livox Mid-360), cam\u00e9ra de profondeur (Intel RealSense), centrale inertielle<\/span><\/td>\n<\/tr>\n<tr>\n<td><span data-path-to-node=\"3,6,0,0\"><b data-path-to-node=\"3,6,0,0\" data-index-in-node=\"0\">Autonomie de la batterie<\/b><\/span><\/td>\n<td><span data-path-to-node=\"3,6,1,0\">~2 heures (batterie au lithium \u00e0 d\u00e9gagement rapide de 9000 mAh)<\/span><\/td>\n<\/tr>\n<tr>\n<td><span data-path-to-node=\"3,7,0,0\"><b data-path-to-node=\"3,7,0,0\" data-index-in-node=\"0\">Assistance logicielle<\/b><\/span><\/td>\n<td><span data-path-to-node=\"3,7,1,0\">Kit de d\u00e9veloppement logiciel complet, ROS\/ROS2, Python et C++ pour le d\u00e9veloppement secondaire<\/span><\/td>\n<\/tr>\n<\/tbody>\n<\/table>\n<p>&nbsp;<\/p>\n<p>&nbsp;<\/p>\n<h3 data-path-to-node=\"5\">Pourquoi le \u201c Ultimate D \u201d se d\u00e9marque<\/h3>\n<ul data-path-to-node=\"6\">\n<li>\n<p id=\"p-rc_366a1770d96e6a3a-57\" data-path-to-node=\"6,0,0\"><b data-path-to-node=\"6,0,0\" data-index-in-node=\"0\">Dext\u00e9rit\u00e9 de niveau humain\u00a0:<\/b><span class=\"citation-157 citation-end-157\"> Contrairement aux mod\u00e8les standard qui utilisent des pinces de base, le U6 est dot\u00e9 de mains \u00e0 5 doigts \u00e9quip\u00e9es de multiples capteurs tactiles.<\/span> <span class=\"citation-156 citation-end-156\">Cela permet au robot de manipuler des objets fragiles, comme un \u0153uf, ou d&#039;utiliser des outils complexes avec une grande pr\u00e9cision.<\/span><\/p>\n<\/li>\n<li>\n<p id=\"p-rc_366a1770d96e6a3a-58\" data-path-to-node=\"6,1,0\"><b data-path-to-node=\"6,1,0\" data-index-in-node=\"0\"><span class=\"citation-155\">Ma\u00eetrise de la taille \u00e0 3 degr\u00e9s de libert\u00e9\u00a0:<\/span><\/b><span class=\"citation-155 citation-end-155\"> La plupart des robots humano\u00efdes ont une taille rigide ou \u00e0 un seul axe.<\/span> <span class=\"citation-154 citation-end-154\">La taille \u00e0 3 degr\u00e9s de libert\u00e9 de l&#039;Ultimate D lui permet de pivoter, de s&#039;incliner et de stabiliser son centre de gravit\u00e9, ce qui est essentiel pour des t\u00e2ches complexes comme monter des escaliers ou transporter des charges in\u00e9gales.<\/span><\/p>\n<\/li>\n<li>\n<p id=\"p-rc_366a1770d96e6a3a-59\" data-path-to-node=\"6,2,0\"><b data-path-to-node=\"6,2,0\" data-index-in-node=\"0\">Apprentissage avanc\u00e9 en IA\u00a0:<\/b><span class=\"citation-153\"> Con\u00e7u pour soutenir <\/span><b data-path-to-node=\"6,2,0\" data-index-in-node=\"39\"><span class=\"citation-153\">Apprentissage par renforcement<\/span><\/b><span class=\"citation-153\"> et <\/span><b data-path-to-node=\"6,2,0\" data-index-in-node=\"66\"><span class=\"citation-153\">Apprentissage par imitation<\/span><\/b><span class=\"citation-153 citation-end-153\">, Le module embarqu\u00e9 100 TOPS permet au robot de traiter localement les donn\u00e9es environnementales, ce qui lui permet d&#039;apprendre de nouvelles t\u00e2ches par d\u00e9monstration physique ou simulation.<\/span><\/p>\n<\/li>\n<li>\n<p id=\"p-rc_366a1770d96e6a3a-60\" data-path-to-node=\"6,3,0\"><b data-path-to-node=\"6,3,0\" data-index-in-node=\"0\"><span class=\"citation-152\">Durabilit\u00e9 de qualit\u00e9 industrielle\u00a0:<\/span><\/b><span class=\"citation-152 citation-end-152\"> Fabriqu\u00e9 avec des alliages \u00e0 haute r\u00e9sistance et des roulements \u00e0 rouleaux crois\u00e9s de qualit\u00e9 industrielle, il est con\u00e7u pour r\u00e9sister aux rigueurs des tests intensifs en laboratoire et \u00e0 la locomotion en ext\u00e9rieur.<\/span><\/p>\n<div class=\"source-inline-chip-container ng-star-inserted\"><\/div>\n<\/li>\n<\/ul>\n<h3 data-path-to-node=\"7\">Domaines d&#039;application<\/h3>\n<ul data-path-to-node=\"8\">\n<li>\n<p id=\"p-rc_366a1770d96e6a3a-61\" data-path-to-node=\"8,0,0\"><b data-path-to-node=\"8,0,0\" data-index-in-node=\"0\"><span class=\"citation-151\">Recherche acad\u00e9mique:<\/span><\/b><span class=\"citation-151 citation-end-151\"> \u00c9tude de l&#039;\u00e9quilibre bip\u00e8de, de la biom\u00e9canique et de l&#039;interaction homme-robot (IHR).<\/span><\/p>\n<\/li>\n<li>\n<p id=\"p-rc_366a1770d96e6a3a-62\" data-path-to-node=\"8,1,0\"><b data-path-to-node=\"8,1,0\" data-index-in-node=\"0\"><span class=\"citation-150\">Sant\u00e9 :<\/span><\/b><span class=\"citation-150 citation-end-150\"> Prototypage d&#039;assistants pour les soins aux patients ou la manipulation d&#039;\u00e9quipements chirurgicaux.<\/span><\/p>\n<\/li>\n<li>\n<p id=\"p-rc_366a1770d96e6a3a-63\" data-path-to-node=\"8,2,0\"><b data-path-to-node=\"8,2,0\" data-index-in-node=\"0\"><span class=\"citation-149\">Environnements dangereux :<\/span><\/b><span class=\"citation-149 citation-end-149\"> Reconnaissance \u00e0 distance et manipulation d&#039;objets dans des zones dangereuses pour l&#039;homme.<\/span><\/p>\n<\/li>\n<\/ul>\n<\/div>\n<\/div>\n<\/div>","protected":false},"excerpt":{"rendered":"<p><span class=\"citation-159\">Le <\/span><b data-path-to-node=\"0\" data-index-in-node=\"4\"><span class=\"citation-159\">Unitree G1 EDU Ultime D (U6)<\/span><\/b><span class=\"citation-159 citation-end-159\"> est un robot humano\u00efde haut de gamme con\u00e7u sp\u00e9cifiquement pour la recherche avanc\u00e9e en IA, les laboratoires universitaires et la R&amp;D industrielle de pointe.<\/span> Mesurant 127 cm et pesant environ 35 kg, l&#039;Ultimate D repr\u00e9sente le summum de la s\u00e9rie G1 EDU, se distinguant principalement par l&#039;int\u00e9gration de <b data-path-to-node=\"0\" data-index-in-node=\"329\">mains habiles \u00e0 5 doigts dot\u00e9es d&#039;une fonction tactile<\/b>.<\/p>","protected":false},"featured_media":21524,"comment_status":"open","ping_status":"closed","template":"","meta":[],"product_brand":[1087],"product_cat":[1038,1037,1103],"product_tag":[1088,1110,1109,1105],"class_list":{"0":"post-21534","1":"product","2":"type-product","3":"status-publish","4":"has-post-thumbnail","6":"product_brand-unitree","7":"product_cat-humanoid","8":"product_cat-robotics","9":"product_cat-unitree-hum-robots","10":"product_tag-unitree","11":"product_tag-unitree-g1-robot","12":"product_tag-unitree-g1-series","13":"product_tag-unitree-humanoid","15":"first","16":"onbackorder","17":"taxable","18":"shipping-taxable","19":"purchasable","20":"product-type-simple"},"yoast_head":"<!-- This site is optimized with the Yoast SEO plugin v27.1.1 - https:\/\/yoast.com\/product\/yoast-seo-wordpress\/ -->\n<title>Unitree G1 EDU Ultimate D (U6) - Ghostysky<\/title>\n<meta name=\"description\" content=\"The Unitree G1 EDU Ultimate D (U6) is a flagship-tier humanoid robot designed specifically for advanced AI research, university laboratories, and high-end industrial R&amp;D. Standing at 127 cm and weighing approximately 35 kg, the Ultimate D represents the pinnacle of the G1 EDU series, distinguished primarily by its inclusion of tactile-enabled 5-finger dexterous hands.\" \/>\n<meta name=\"robots\" content=\"index, follow, max-snippet:-1, max-image-preview:large, max-video-preview:-1\" \/>\n<link rel=\"canonical\" href=\"https:\/\/www.ghostysky.com\/fr\/product\/unitree-g1-edu-u6\/\" \/>\n<meta property=\"og:locale\" content=\"fr_FR\" \/>\n<meta property=\"og:type\" content=\"article\" \/>\n<meta property=\"og:title\" content=\"Unitree G1 EDU Ultimate D (U6) - Ghostysky\" \/>\n<meta property=\"og:description\" content=\"The Unitree G1 EDU Ultimate D (U6) is a flagship-tier humanoid robot designed specifically for advanced AI research, university laboratories, and high-end industrial R&amp;D. Standing at 127 cm and weighing approximately 35 kg, the Ultimate D represents the pinnacle of the G1 EDU series, distinguished primarily by its inclusion of tactile-enabled 5-finger dexterous hands.\" \/>\n<meta property=\"og:url\" content=\"https:\/\/www.ghostysky.com\/fr\/product\/unitree-g1-edu-u6\/\" \/>\n<meta property=\"og:site_name\" content=\"Ghostysky\" \/>\n<meta property=\"article:publisher\" content=\"https:\/\/www.facebook.com\/people\/Ghostysky\/100057676170234\/\" \/>\n<meta property=\"article:modified_time\" content=\"2026-03-16T09:46:24+00:00\" \/>\n<meta property=\"og:image\" content=\"https:\/\/www.ghostysky.com\/wp-content\/uploads\/2025\/10\/GH_G1-Humanoid_1.png\" \/>\n\t<meta property=\"og:image:width\" content=\"650\" \/>\n\t<meta property=\"og:image:height\" content=\"650\" \/>\n\t<meta property=\"og:image:type\" content=\"image\/png\" \/>\n<meta name=\"twitter:card\" content=\"summary_large_image\" \/>\n<meta name=\"twitter:site\" content=\"@Gh0stysky\" \/>\n<meta name=\"twitter:label1\" content=\"Dur\u00e9e de lecture estim\u00e9e\" \/>\n\t<meta name=\"twitter:data1\" content=\"2 minutes\" \/>\n<script type=\"application\/ld+json\" class=\"yoast-schema-graph\">{\"@context\":\"https:\/\/schema.org\",\"@graph\":[{\"@type\":\"WebPage\",\"@id\":\"https:\/\/www.ghostysky.com\/product\/unitree-g1-edu-u6\/\",\"url\":\"https:\/\/www.ghostysky.com\/product\/unitree-g1-edu-u6\/\",\"name\":\"Unitree G1 EDU Ultimate D (U6) - Ghostysky\",\"isPartOf\":{\"@id\":\"https:\/\/www.ghostysky.com\/#website\"},\"primaryImageOfPage\":{\"@id\":\"https:\/\/www.ghostysky.com\/product\/unitree-g1-edu-u6\/#primaryimage\"},\"image\":{\"@id\":\"https:\/\/www.ghostysky.com\/product\/unitree-g1-edu-u6\/#primaryimage\"},\"thumbnailUrl\":\"https:\/\/www.ghostysky.com\/wp-content\/uploads\/2025\/10\/GH_G1-Humanoid_1.png\",\"datePublished\":\"2025-10-16T17:15:40+00:00\",\"dateModified\":\"2026-03-16T09:46:24+00:00\",\"description\":\"The Unitree G1 EDU Ultimate D (U6) is a flagship-tier humanoid robot designed specifically for advanced AI research, university laboratories, and high-end industrial R&D. Standing at 127 cm and weighing approximately 35 kg, the Ultimate D represents the pinnacle of the G1 EDU series, distinguished primarily by its inclusion of tactile-enabled 5-finger dexterous hands.\",\"breadcrumb\":{\"@id\":\"https:\/\/www.ghostysky.com\/product\/unitree-g1-edu-u6\/#breadcrumb\"},\"inLanguage\":\"fr-FR\",\"potentialAction\":[{\"@type\":\"ReadAction\",\"target\":[\"https:\/\/www.ghostysky.com\/product\/unitree-g1-edu-u6\/\"]}]},{\"@type\":\"ImageObject\",\"inLanguage\":\"fr-FR\",\"@id\":\"https:\/\/www.ghostysky.com\/product\/unitree-g1-edu-u6\/#primaryimage\",\"url\":\"https:\/\/www.ghostysky.com\/wp-content\/uploads\/2025\/10\/GH_G1-Humanoid_1.png\",\"contentUrl\":\"https:\/\/www.ghostysky.com\/wp-content\/uploads\/2025\/10\/GH_G1-Humanoid_1.png\",\"width\":650,\"height\":650},{\"@type\":\"BreadcrumbList\",\"@id\":\"https:\/\/www.ghostysky.com\/product\/unitree-g1-edu-u6\/#breadcrumb\",\"itemListElement\":[{\"@type\":\"ListItem\",\"position\":1,\"name\":\"Home\",\"item\":\"https:\/\/www.ghostysky.com\/\"},{\"@type\":\"ListItem\",\"position\":2,\"name\":\"Shop\",\"item\":\"https:\/\/www.ghostysky.com\/shop\/\"},{\"@type\":\"ListItem\",\"position\":3,\"name\":\"Unitree G1 EDU Ultimate D (U6)\"}]},{\"@type\":\"WebSite\",\"@id\":\"https:\/\/www.ghostysky.com\/#website\",\"url\":\"https:\/\/www.ghostysky.com\/\",\"name\":\"Ghostysky\",\"description\":\"Delivering professional drones and services\",\"publisher\":{\"@id\":\"https:\/\/www.ghostysky.com\/#organization\"},\"potentialAction\":[{\"@type\":\"SearchAction\",\"target\":{\"@type\":\"EntryPoint\",\"urlTemplate\":\"https:\/\/www.ghostysky.com\/?s={search_term_string}\"},\"query-input\":{\"@type\":\"PropertyValueSpecification\",\"valueRequired\":true,\"valueName\":\"search_term_string\"}}],\"inLanguage\":\"fr-FR\"},{\"@type\":\"Organization\",\"@id\":\"https:\/\/www.ghostysky.com\/#organization\",\"name\":\"Ghostysky\",\"url\":\"https:\/\/www.ghostysky.com\/\",\"logo\":{\"@type\":\"ImageObject\",\"inLanguage\":\"fr-FR\",\"@id\":\"https:\/\/www.ghostysky.com\/#\/schema\/logo\/image\/\",\"url\":\"https:\/\/www.ghostysky.com\/wp-content\/uploads\/2020\/06\/cropped-ghostyskylogo_text_white2.png\",\"contentUrl\":\"https:\/\/www.ghostysky.com\/wp-content\/uploads\/2020\/06\/cropped-ghostyskylogo_text_white2.png\",\"width\":169,\"height\":56,\"caption\":\"Ghostysky\"},\"image\":{\"@id\":\"https:\/\/www.ghostysky.com\/#\/schema\/logo\/image\/\"},\"sameAs\":[\"https:\/\/www.facebook.com\/people\/Ghostysky\/100057676170234\/\",\"https:\/\/x.com\/Gh0stysky\",\"https:\/\/www.linkedin.com\/company\/34739653\",\"https:\/\/www.instagram.com\/gh0stysky\"]}]}<\/script>\n<!-- \/ Yoast SEO plugin. -->","yoast_head_json":{"title":"Unitree G1 EDU Ultimate D (U6) - Ghostysky","description":"L&#039;Unitree G1 EDU Ultimate D (U6) est un robot humano\u00efde haut de gamme con\u00e7u sp\u00e9cifiquement pour la recherche avanc\u00e9e en IA, les laboratoires universitaires et la R&amp;D industrielle de pointe. Mesurant 127 cm et pesant environ 35 kg, l&#039;Ultimate D repr\u00e9sente le summum de la s\u00e9rie G1 EDU, se distinguant principalement par ses mains tactiles \u00e0 5 doigts d&#039;une grande dext\u00e9rit\u00e9.","robots":{"index":"index","follow":"follow","max-snippet":"max-snippet:-1","max-image-preview":"max-image-preview:large","max-video-preview":"max-video-preview:-1"},"canonical":"https:\/\/www.ghostysky.com\/fr\/product\/unitree-g1-edu-u6\/","og_locale":"fr_FR","og_type":"article","og_title":"Unitree G1 EDU Ultimate D (U6) - Ghostysky","og_description":"The Unitree G1 EDU Ultimate D (U6) is a flagship-tier humanoid robot designed specifically for advanced AI research, university laboratories, and high-end industrial R&D. Standing at 127 cm and weighing approximately 35 kg, the Ultimate D represents the pinnacle of the G1 EDU series, distinguished primarily by its inclusion of tactile-enabled 5-finger dexterous hands.","og_url":"https:\/\/www.ghostysky.com\/fr\/product\/unitree-g1-edu-u6\/","og_site_name":"Ghostysky","article_publisher":"https:\/\/www.facebook.com\/people\/Ghostysky\/100057676170234\/","article_modified_time":"2026-03-16T09:46:24+00:00","og_image":[{"width":650,"height":650,"url":"https:\/\/www.ghostysky.com\/wp-content\/uploads\/2025\/10\/GH_G1-Humanoid_1.png","type":"image\/png"}],"twitter_card":"summary_large_image","twitter_site":"@Gh0stysky","twitter_misc":{"Dur\u00e9e de lecture estim\u00e9e":"2 minutes"},"schema":{"@context":"https:\/\/schema.org","@graph":[{"@type":"WebPage","@id":"https:\/\/www.ghostysky.com\/product\/unitree-g1-edu-u6\/","url":"https:\/\/www.ghostysky.com\/product\/unitree-g1-edu-u6\/","name":"Unitree G1 EDU Ultimate D (U6) - Ghostysky","isPartOf":{"@id":"https:\/\/www.ghostysky.com\/#website"},"primaryImageOfPage":{"@id":"https:\/\/www.ghostysky.com\/product\/unitree-g1-edu-u6\/#primaryimage"},"image":{"@id":"https:\/\/www.ghostysky.com\/product\/unitree-g1-edu-u6\/#primaryimage"},"thumbnailUrl":"https:\/\/www.ghostysky.com\/wp-content\/uploads\/2025\/10\/GH_G1-Humanoid_1.png","datePublished":"2025-10-16T17:15:40+00:00","dateModified":"2026-03-16T09:46:24+00:00","description":"L&#039;Unitree G1 EDU Ultimate D (U6) est un robot humano\u00efde haut de gamme con\u00e7u sp\u00e9cifiquement pour la recherche avanc\u00e9e en IA, les laboratoires universitaires et la R&amp;D industrielle de pointe. Mesurant 127 cm et pesant environ 35 kg, l&#039;Ultimate D repr\u00e9sente le summum de la s\u00e9rie G1 EDU, se distinguant principalement par ses mains tactiles \u00e0 5 doigts d&#039;une grande dext\u00e9rit\u00e9.","breadcrumb":{"@id":"https:\/\/www.ghostysky.com\/product\/unitree-g1-edu-u6\/#breadcrumb"},"inLanguage":"fr-FR","potentialAction":[{"@type":"ReadAction","target":["https:\/\/www.ghostysky.com\/product\/unitree-g1-edu-u6\/"]}]},{"@type":"ImageObject","inLanguage":"fr-FR","@id":"https:\/\/www.ghostysky.com\/product\/unitree-g1-edu-u6\/#primaryimage","url":"https:\/\/www.ghostysky.com\/wp-content\/uploads\/2025\/10\/GH_G1-Humanoid_1.png","contentUrl":"https:\/\/www.ghostysky.com\/wp-content\/uploads\/2025\/10\/GH_G1-Humanoid_1.png","width":650,"height":650},{"@type":"BreadcrumbList","@id":"https:\/\/www.ghostysky.com\/product\/unitree-g1-edu-u6\/#breadcrumb","itemListElement":[{"@type":"ListItem","position":1,"name":"Home","item":"https:\/\/www.ghostysky.com\/"},{"@type":"ListItem","position":2,"name":"Shop","item":"https:\/\/www.ghostysky.com\/shop\/"},{"@type":"ListItem","position":3,"name":"Unitree G1 EDU Ultimate D (U6)"}]},{"@type":"WebSite","@id":"https:\/\/www.ghostysky.com\/#website","url":"https:\/\/www.ghostysky.com\/","name":"Ghostysky","description":"Livraison de drones et de services professionnels","publisher":{"@id":"https:\/\/www.ghostysky.com\/#organization"},"potentialAction":[{"@type":"SearchAction","target":{"@type":"EntryPoint","urlTemplate":"https:\/\/www.ghostysky.com\/?s={search_term_string}"},"query-input":{"@type":"PropertyValueSpecification","valueRequired":true,"valueName":"search_term_string"}}],"inLanguage":"fr-FR"},{"@type":"Organization","@id":"https:\/\/www.ghostysky.com\/#organization","name":"Ghostysky","url":"https:\/\/www.ghostysky.com\/","logo":{"@type":"ImageObject","inLanguage":"fr-FR","@id":"https:\/\/www.ghostysky.com\/#\/schema\/logo\/image\/","url":"https:\/\/www.ghostysky.com\/wp-content\/uploads\/2020\/06\/cropped-ghostyskylogo_text_white2.png","contentUrl":"https:\/\/www.ghostysky.com\/wp-content\/uploads\/2020\/06\/cropped-ghostyskylogo_text_white2.png","width":169,"height":56,"caption":"Ghostysky"},"image":{"@id":"https:\/\/www.ghostysky.com\/#\/schema\/logo\/image\/"},"sameAs":["https:\/\/www.facebook.com\/people\/Ghostysky\/100057676170234\/","https:\/\/x.com\/Gh0stysky","https:\/\/www.linkedin.com\/company\/34739653","https:\/\/www.instagram.com\/gh0stysky"]}]}},"_links":{"self":[{"href":"https:\/\/www.ghostysky.com\/fr\/wp-json\/wp\/v2\/product\/21534","targetHints":{"allow":["GET"]}}],"collection":[{"href":"https:\/\/www.ghostysky.com\/fr\/wp-json\/wp\/v2\/product"}],"about":[{"href":"https:\/\/www.ghostysky.com\/fr\/wp-json\/wp\/v2\/types\/product"}],"replies":[{"embeddable":true,"href":"https:\/\/www.ghostysky.com\/fr\/wp-json\/wp\/v2\/comments?post=21534"}],"wp:featuredmedia":[{"embeddable":true,"href":"https:\/\/www.ghostysky.com\/fr\/wp-json\/wp\/v2\/media\/21524"}],"wp:attachment":[{"href":"https:\/\/www.ghostysky.com\/fr\/wp-json\/wp\/v2\/media?parent=21534"}],"wp:term":[{"taxonomy":"product_brand","embeddable":true,"href":"https:\/\/www.ghostysky.com\/fr\/wp-json\/wp\/v2\/product_brand?post=21534"},{"taxonomy":"product_cat","embeddable":true,"href":"https:\/\/www.ghostysky.com\/fr\/wp-json\/wp\/v2\/product_cat?post=21534"},{"taxonomy":"product_tag","embeddable":true,"href":"https:\/\/www.ghostysky.com\/fr\/wp-json\/wp\/v2\/product_tag?post=21534"}],"curies":[{"name":"wp","href":"https:\/\/api.w.org\/{rel}","templated":true}]}}