{"id":21551,"date":"2025-10-17T06:04:10","date_gmt":"2025-10-17T06:04:10","guid":{"rendered":"https:\/\/www.ghostysky.com\/?post_type=product&#038;p=21551"},"modified":"2026-02-24T10:39:12","modified_gmt":"2026-02-24T10:39:12","slug":"unitree-g1-battery","status":"publish","type":"product","link":"https:\/\/www.ghostysky.com\/fr\/product\/unitree-g1-battery\/","title":{"rendered":"Batterie Unitree G1"},"content":{"rendered":"<div id=\"model-response-message-contentr_d92c9b4f1f5f8dc0\" class=\"markdown markdown-main-panel stronger enable-updated-hr-color\" dir=\"ltr\">\n<div id=\"model-response-message-contentr_3a463d4df71a25de\" class=\"markdown markdown-main-panel stronger enable-updated-hr-color\" dir=\"ltr\">\n<h3><b>Caract\u00e9ristiques principales<\/b><\/h3>\n<ul>\n<li><b>Haute capacit\u00e9 :<\/b><span class=\"citation-1394\"> Un robuste <\/span><b><span class=\"citation-1394\">9000 mAh<\/span><\/b><span class=\"citation-1394\"> La capacit\u00e9 nominale fournit une puissance substantielle, permettant au robot G1 d&#039;atteindre un temps de fonctionnement d&#039;environ <\/span><b><span class=\"citation-1394\">2 heures<\/span><\/b><span class=\"citation-1394 citation-end-1394\"> sur une seule charge, en fonction de l&#039;intensit\u00e9 de la t\u00e2che.<\/span><\/li>\n<li><b><span class=\"citation-1393\">Conception \u00e0 d\u00e9gagement rapide :<\/span><\/b><span class=\"citation-1393\"> Permet de <\/span><b><span class=\"citation-1393\">remplacement facile et rapide de la batterie<\/span><\/b><span class=\"citation-1393 citation-end-1393\">, minimisant les temps d&#039;arr\u00eat et maximisant la productivit\u00e9 du robot dans les applications exigeantes.<\/span><\/li>\n<li><b><span class=\"citation-1392\">Syst\u00e8me de gestion de batterie (BMS) d\u00e9velopp\u00e9 par nos soins\u00a0:<\/span><\/b><span class=\"citation-1392\"> Le BMS intelligent int\u00e9gr\u00e9 est la technologie exclusive d&#039;Unitree, offrant <\/span><b><span class=\"citation-1392\">protection et gestion compl\u00e8tes<\/span><\/b><span class=\"citation-1392 citation-end-1392\"> pour la s\u00e9curit\u00e9 et la long\u00e9vit\u00e9 de la batterie.<\/span> Cela comprend :\n<ul>\n<li><span class=\"citation-1391 citation-end-1391\">Protection contre les surcharges et les d\u00e9charges excessives<\/span><\/li>\n<li>Protection contre les courts-circuits<\/li>\n<li><span class=\"citation-1390 citation-end-1390\">D\u00e9tection et optimisation de la charge de la batterie<\/span><\/li>\n<li>Protection de charge d&#039;\u00e9quilibre<\/li>\n<li><span class=\"citation-1389 citation-end-1389\">Protection automatique contre l&#039;autod\u00e9charge pendant le stockage pour maintenir la sant\u00e9 des cellules.<\/span><\/li>\n<\/ul>\n<\/li>\n<li><b>Alimentation:<\/b><span class=\"citation-1388\"> C&#039;est un <\/span><b><span class=\"citation-1388\">Batterie au lithium \u00e0 13 cordes<\/span><\/b><span class=\"citation-1388 citation-end-1388\"> pack, con\u00e7u pour s&#039;int\u00e9grer parfaitement au syst\u00e8me d&#039;alimentation du G1 pour une sortie stable et fiable.<\/span><\/li>\n<li><b><span class=\"citation-1387\">Dimensions compactes :<\/span><\/b><span class=\"citation-1387 citation-end-1387\"> Mesurant environ <\/span><b><span class=\"math-inline\" data-math=\"120 \\text{mm} \\times 80 \\text{mm} \\times 182 \\text{mm}\"><span class=\"katex\"><span class=\"katex-html\" aria-hidden=\"true\"><span class=\"base\"><span class=\"mord\">120<\/span><span class=\"mord text\"><span class=\"mord\">mm<\/span><\/span><span class=\"mbin\">\u00d7<\/span><\/span><span class=\"base\"><span class=\"mord\">80<\/span><span class=\"mord text\"><span class=\"mord\">mm<\/span><\/span><span class=\"mbin\">\u00d7<\/span><\/span><span class=\"base\"><span class=\"mord\">182<\/span><span class=\"mord text\"><span class=\"mord\">mm<\/span><\/span><\/span><\/span><\/span><\/span><\/b><span class=\"citation-1386 citation-end-1386\">, sa taille est optimis\u00e9e pour le facteur de forme simplifi\u00e9 du G1.<\/span><\/li>\n<\/ul>\n<p><span class=\"citation-1385 citation-end-1385\">Composant essentiel pour les applications de recherche, d&#039;\u00e9ducation et de divertissement, la batterie Unitree G1 fournit la puissance et l&#039;intelligence n\u00e9cessaires au G1 pour effectuer des mouvements et des t\u00e2ches complexes en toute confiance.<\/span><\/p>\n<div class=\"source-inline-chip-container ng-star-inserted\"><\/div>\n<\/div>\n<\/div>","protected":false},"excerpt":{"rendered":"<p><span class=\"citation-1395\">Le <\/span><b><span class=\"citation-1395\">Batterie intelligente haute performance Unitree G1<\/span><\/b><span class=\"citation-1395 citation-end-1395\"> est la source d&#039;alimentation exclusive con\u00e7ue sp\u00e9cifiquement pour le robot humano\u00efde Unitree G1, garantissant l&#039;endurance et la fiabilit\u00e9 n\u00e9cessaires \u00e0 ses op\u00e9rations avanc\u00e9es.<\/span><\/p>","protected":false},"featured_media":21552,"comment_status":"open","ping_status":"closed","template":"","meta":[],"product_brand":[1087],"product_cat":[1038,1037,1102],"product_tag":[1088,1111,1109,1105],"class_list":{"0":"post-21551","1":"product","2":"type-product","3":"status-publish","4":"has-post-thumbnail","6":"product_brand-unitree","7":"product_cat-humanoid","8":"product_cat-robotics","9":"product_cat-unitree-hum-accessories","10":"product_tag-unitree","11":"product_tag-unitree-g1-accessories","12":"product_tag-unitree-g1-series","13":"product_tag-unitree-humanoid","15":"first","16":"onbackorder","17":"taxable","18":"shipping-taxable","19":"purchasable","20":"product-type-simple"},"yoast_head":"<!-- This site is optimized with the Yoast SEO plugin v27.1.1 - https:\/\/yoast.com\/product\/yoast-seo-wordpress\/ -->\n<title>Unitree G1 Battery - Ghostysky<\/title>\n<meta name=\"description\" content=\"The Unitree G1 High-Performance Smart Battery is the proprietary power source engineered specifically for the Unitree G1 Humanoid Robot, ensuring the necessary endurance and reliability for its advanced operations.\" \/>\n<meta name=\"robots\" content=\"index, follow, max-snippet:-1, max-image-preview:large, max-video-preview:-1\" \/>\n<link rel=\"canonical\" href=\"https:\/\/www.ghostysky.com\/fr\/product\/unitree-g1-battery\/\" \/>\n<meta property=\"og:locale\" content=\"fr_FR\" \/>\n<meta property=\"og:type\" content=\"article\" \/>\n<meta property=\"og:title\" content=\"Unitree G1 Battery - Ghostysky\" \/>\n<meta property=\"og:description\" content=\"The Unitree G1 High-Performance Smart Battery is the proprietary power source engineered specifically for the Unitree G1 Humanoid Robot, ensuring the necessary endurance and reliability for its advanced operations.\" \/>\n<meta property=\"og:url\" content=\"https:\/\/www.ghostysky.com\/fr\/product\/unitree-g1-battery\/\" \/>\n<meta property=\"og:site_name\" content=\"Ghostysky\" \/>\n<meta property=\"article:publisher\" content=\"https:\/\/www.facebook.com\/people\/Ghostysky\/100057676170234\/\" \/>\n<meta property=\"article:modified_time\" content=\"2026-02-24T10:39:12+00:00\" \/>\n<meta property=\"og:image\" content=\"https:\/\/www.ghostysky.com\/wp-content\/uploads\/2025\/10\/GH_Unitree_G1-Battery_1.webp\" \/>\n\t<meta property=\"og:image:width\" content=\"650\" \/>\n\t<meta property=\"og:image:height\" content=\"650\" \/>\n\t<meta property=\"og:image:type\" content=\"image\/webp\" \/>\n<meta name=\"twitter:card\" content=\"summary_large_image\" \/>\n<meta name=\"twitter:site\" content=\"@Gh0stysky\" \/>\n<meta name=\"twitter:label1\" content=\"Dur\u00e9e de lecture estim\u00e9e\" \/>\n\t<meta name=\"twitter:data1\" content=\"1 minute\" \/>\n<script type=\"application\/ld+json\" class=\"yoast-schema-graph\">{\"@context\":\"https:\/\/schema.org\",\"@graph\":[{\"@type\":\"WebPage\",\"@id\":\"https:\/\/www.ghostysky.com\/product\/unitree-g1-battery\/\",\"url\":\"https:\/\/www.ghostysky.com\/product\/unitree-g1-battery\/\",\"name\":\"Unitree G1 Battery - Ghostysky\",\"isPartOf\":{\"@id\":\"https:\/\/www.ghostysky.com\/#website\"},\"primaryImageOfPage\":{\"@id\":\"https:\/\/www.ghostysky.com\/product\/unitree-g1-battery\/#primaryimage\"},\"image\":{\"@id\":\"https:\/\/www.ghostysky.com\/product\/unitree-g1-battery\/#primaryimage\"},\"thumbnailUrl\":\"https:\/\/www.ghostysky.com\/wp-content\/uploads\/2025\/10\/GH_Unitree_G1-Battery_1.webp\",\"datePublished\":\"2025-10-17T06:04:10+00:00\",\"dateModified\":\"2026-02-24T10:39:12+00:00\",\"description\":\"The Unitree G1 High-Performance Smart Battery is the proprietary power source engineered specifically for the Unitree G1 Humanoid Robot, ensuring the necessary endurance and reliability for its advanced operations.\",\"breadcrumb\":{\"@id\":\"https:\/\/www.ghostysky.com\/product\/unitree-g1-battery\/#breadcrumb\"},\"inLanguage\":\"fr-FR\",\"potentialAction\":[{\"@type\":\"ReadAction\",\"target\":[\"https:\/\/www.ghostysky.com\/product\/unitree-g1-battery\/\"]}]},{\"@type\":\"ImageObject\",\"inLanguage\":\"fr-FR\",\"@id\":\"https:\/\/www.ghostysky.com\/product\/unitree-g1-battery\/#primaryimage\",\"url\":\"https:\/\/www.ghostysky.com\/wp-content\/uploads\/2025\/10\/GH_Unitree_G1-Battery_1.webp\",\"contentUrl\":\"https:\/\/www.ghostysky.com\/wp-content\/uploads\/2025\/10\/GH_Unitree_G1-Battery_1.webp\",\"width\":650,\"height\":650},{\"@type\":\"BreadcrumbList\",\"@id\":\"https:\/\/www.ghostysky.com\/product\/unitree-g1-battery\/#breadcrumb\",\"itemListElement\":[{\"@type\":\"ListItem\",\"position\":1,\"name\":\"Home\",\"item\":\"https:\/\/www.ghostysky.com\/\"},{\"@type\":\"ListItem\",\"position\":2,\"name\":\"Shop\",\"item\":\"https:\/\/www.ghostysky.com\/shop\/\"},{\"@type\":\"ListItem\",\"position\":3,\"name\":\"Unitree G1 Battery\"}]},{\"@type\":\"WebSite\",\"@id\":\"https:\/\/www.ghostysky.com\/#website\",\"url\":\"https:\/\/www.ghostysky.com\/\",\"name\":\"Ghostysky\",\"description\":\"Delivering professional drones and services\",\"publisher\":{\"@id\":\"https:\/\/www.ghostysky.com\/#organization\"},\"potentialAction\":[{\"@type\":\"SearchAction\",\"target\":{\"@type\":\"EntryPoint\",\"urlTemplate\":\"https:\/\/www.ghostysky.com\/?s={search_term_string}\"},\"query-input\":{\"@type\":\"PropertyValueSpecification\",\"valueRequired\":true,\"valueName\":\"search_term_string\"}}],\"inLanguage\":\"fr-FR\"},{\"@type\":\"Organization\",\"@id\":\"https:\/\/www.ghostysky.com\/#organization\",\"name\":\"Ghostysky\",\"url\":\"https:\/\/www.ghostysky.com\/\",\"logo\":{\"@type\":\"ImageObject\",\"inLanguage\":\"fr-FR\",\"@id\":\"https:\/\/www.ghostysky.com\/#\/schema\/logo\/image\/\",\"url\":\"https:\/\/www.ghostysky.com\/wp-content\/uploads\/2020\/06\/cropped-ghostyskylogo_text_white2.png\",\"contentUrl\":\"https:\/\/www.ghostysky.com\/wp-content\/uploads\/2020\/06\/cropped-ghostyskylogo_text_white2.png\",\"width\":169,\"height\":56,\"caption\":\"Ghostysky\"},\"image\":{\"@id\":\"https:\/\/www.ghostysky.com\/#\/schema\/logo\/image\/\"},\"sameAs\":[\"https:\/\/www.facebook.com\/people\/Ghostysky\/100057676170234\/\",\"https:\/\/x.com\/Gh0stysky\",\"https:\/\/www.linkedin.com\/company\/34739653\",\"https:\/\/www.instagram.com\/gh0stysky\"]}]}<\/script>\n<!-- \/ Yoast SEO plugin. -->","yoast_head_json":{"title":"Batterie Unitree G1 - Ghostysky","description":"La batterie intelligente haute performance Unitree G1 est la source d&#039;alimentation exclusive con\u00e7ue sp\u00e9cifiquement pour le robot humano\u00efde Unitree G1, garantissant l&#039;endurance et la fiabilit\u00e9 n\u00e9cessaires \u00e0 ses op\u00e9rations avanc\u00e9es.","robots":{"index":"index","follow":"follow","max-snippet":"max-snippet:-1","max-image-preview":"max-image-preview:large","max-video-preview":"max-video-preview:-1"},"canonical":"https:\/\/www.ghostysky.com\/fr\/product\/unitree-g1-battery\/","og_locale":"fr_FR","og_type":"article","og_title":"Unitree G1 Battery - Ghostysky","og_description":"The Unitree G1 High-Performance Smart Battery is the proprietary power source engineered specifically for the Unitree G1 Humanoid Robot, ensuring the necessary endurance and reliability for its advanced operations.","og_url":"https:\/\/www.ghostysky.com\/fr\/product\/unitree-g1-battery\/","og_site_name":"Ghostysky","article_publisher":"https:\/\/www.facebook.com\/people\/Ghostysky\/100057676170234\/","article_modified_time":"2026-02-24T10:39:12+00:00","og_image":[{"width":650,"height":650,"url":"https:\/\/www.ghostysky.com\/wp-content\/uploads\/2025\/10\/GH_Unitree_G1-Battery_1.webp","type":"image\/webp"}],"twitter_card":"summary_large_image","twitter_site":"@Gh0stysky","twitter_misc":{"Dur\u00e9e de lecture estim\u00e9e":"1 minute"},"schema":{"@context":"https:\/\/schema.org","@graph":[{"@type":"WebPage","@id":"https:\/\/www.ghostysky.com\/product\/unitree-g1-battery\/","url":"https:\/\/www.ghostysky.com\/product\/unitree-g1-battery\/","name":"Batterie Unitree G1 - Ghostysky","isPartOf":{"@id":"https:\/\/www.ghostysky.com\/#website"},"primaryImageOfPage":{"@id":"https:\/\/www.ghostysky.com\/product\/unitree-g1-battery\/#primaryimage"},"image":{"@id":"https:\/\/www.ghostysky.com\/product\/unitree-g1-battery\/#primaryimage"},"thumbnailUrl":"https:\/\/www.ghostysky.com\/wp-content\/uploads\/2025\/10\/GH_Unitree_G1-Battery_1.webp","datePublished":"2025-10-17T06:04:10+00:00","dateModified":"2026-02-24T10:39:12+00:00","description":"La batterie intelligente haute performance Unitree G1 est la source d&#039;alimentation exclusive con\u00e7ue sp\u00e9cifiquement pour le robot humano\u00efde Unitree G1, garantissant l&#039;endurance et la fiabilit\u00e9 n\u00e9cessaires \u00e0 ses op\u00e9rations avanc\u00e9es.","breadcrumb":{"@id":"https:\/\/www.ghostysky.com\/product\/unitree-g1-battery\/#breadcrumb"},"inLanguage":"fr-FR","potentialAction":[{"@type":"ReadAction","target":["https:\/\/www.ghostysky.com\/product\/unitree-g1-battery\/"]}]},{"@type":"ImageObject","inLanguage":"fr-FR","@id":"https:\/\/www.ghostysky.com\/product\/unitree-g1-battery\/#primaryimage","url":"https:\/\/www.ghostysky.com\/wp-content\/uploads\/2025\/10\/GH_Unitree_G1-Battery_1.webp","contentUrl":"https:\/\/www.ghostysky.com\/wp-content\/uploads\/2025\/10\/GH_Unitree_G1-Battery_1.webp","width":650,"height":650},{"@type":"BreadcrumbList","@id":"https:\/\/www.ghostysky.com\/product\/unitree-g1-battery\/#breadcrumb","itemListElement":[{"@type":"ListItem","position":1,"name":"Home","item":"https:\/\/www.ghostysky.com\/"},{"@type":"ListItem","position":2,"name":"Shop","item":"https:\/\/www.ghostysky.com\/shop\/"},{"@type":"ListItem","position":3,"name":"Unitree G1 Battery"}]},{"@type":"WebSite","@id":"https:\/\/www.ghostysky.com\/#website","url":"https:\/\/www.ghostysky.com\/","name":"Ghostysky","description":"Livraison de drones et de services professionnels","publisher":{"@id":"https:\/\/www.ghostysky.com\/#organization"},"potentialAction":[{"@type":"SearchAction","target":{"@type":"EntryPoint","urlTemplate":"https:\/\/www.ghostysky.com\/?s={search_term_string}"},"query-input":{"@type":"PropertyValueSpecification","valueRequired":true,"valueName":"search_term_string"}}],"inLanguage":"fr-FR"},{"@type":"Organization","@id":"https:\/\/www.ghostysky.com\/#organization","name":"Ghostysky","url":"https:\/\/www.ghostysky.com\/","logo":{"@type":"ImageObject","inLanguage":"fr-FR","@id":"https:\/\/www.ghostysky.com\/#\/schema\/logo\/image\/","url":"https:\/\/www.ghostysky.com\/wp-content\/uploads\/2020\/06\/cropped-ghostyskylogo_text_white2.png","contentUrl":"https:\/\/www.ghostysky.com\/wp-content\/uploads\/2020\/06\/cropped-ghostyskylogo_text_white2.png","width":169,"height":56,"caption":"Ghostysky"},"image":{"@id":"https:\/\/www.ghostysky.com\/#\/schema\/logo\/image\/"},"sameAs":["https:\/\/www.facebook.com\/people\/Ghostysky\/100057676170234\/","https:\/\/x.com\/Gh0stysky","https:\/\/www.linkedin.com\/company\/34739653","https:\/\/www.instagram.com\/gh0stysky"]}]}},"_links":{"self":[{"href":"https:\/\/www.ghostysky.com\/fr\/wp-json\/wp\/v2\/product\/21551","targetHints":{"allow":["GET"]}}],"collection":[{"href":"https:\/\/www.ghostysky.com\/fr\/wp-json\/wp\/v2\/product"}],"about":[{"href":"https:\/\/www.ghostysky.com\/fr\/wp-json\/wp\/v2\/types\/product"}],"replies":[{"embeddable":true,"href":"https:\/\/www.ghostysky.com\/fr\/wp-json\/wp\/v2\/comments?post=21551"}],"wp:featuredmedia":[{"embeddable":true,"href":"https:\/\/www.ghostysky.com\/fr\/wp-json\/wp\/v2\/media\/21552"}],"wp:attachment":[{"href":"https:\/\/www.ghostysky.com\/fr\/wp-json\/wp\/v2\/media?parent=21551"}],"wp:term":[{"taxonomy":"product_brand","embeddable":true,"href":"https:\/\/www.ghostysky.com\/fr\/wp-json\/wp\/v2\/product_brand?post=21551"},{"taxonomy":"product_cat","embeddable":true,"href":"https:\/\/www.ghostysky.com\/fr\/wp-json\/wp\/v2\/product_cat?post=21551"},{"taxonomy":"product_tag","embeddable":true,"href":"https:\/\/www.ghostysky.com\/fr\/wp-json\/wp\/v2\/product_tag?post=21551"}],"curies":[{"name":"wp","href":"https:\/\/api.w.org\/{rel}","templated":true}]}}