{"id":21557,"date":"2025-10-17T06:14:52","date_gmt":"2025-10-17T06:14:52","guid":{"rendered":"https:\/\/www.ghostysky.com\/?post_type=product&#038;p=21557"},"modified":"2026-02-24T10:33:47","modified_gmt":"2026-02-24T10:33:47","slug":"unitree-g1-remote-control","status":"publish","type":"product","link":"https:\/\/www.ghostysky.com\/fr\/product\/unitree-g1-remote-control\/","title":{"rendered":"T\u00e9l\u00e9commande Unitree G1"},"content":{"rendered":"<div id=\"model-response-message-contentr_d92c9b4f1f5f8dc0\" class=\"markdown markdown-main-panel stronger enable-updated-hr-color\" dir=\"ltr\">\n<div id=\"model-response-message-contentr_3a463d4df71a25de\" class=\"markdown markdown-main-panel stronger enable-updated-hr-color\" dir=\"ltr\">\n<div id=\"model-response-message-contentr_184e190d988257fa\" class=\"markdown markdown-main-panel stronger enable-updated-hr-color\" dir=\"ltr\">\n<div id=\"model-response-message-contentr_7200d7ec45283428\" class=\"markdown markdown-main-panel stronger enable-updated-hr-color\" dir=\"ltr\">\n<h3><b>Caract\u00e9ristiques principales<\/b><\/h3>\n<ul>\n<li><b><span class=\"citation-1437\">Contr\u00f4le pr\u00e9cis en temps r\u00e9el :<\/span><\/b><span class=\"citation-1437 citation-end-1437\"> Con\u00e7u pour l&#039;Unitree G1, ce contr\u00f4leur permet des man\u0153uvres fluides et efficaces, y compris le contr\u00f4le de la posture du robot, des mouvements (avant, arri\u00e8re, rotation, marche selon des sch\u00e9mas d\u00e9finis) et des r\u00e9glages de hauteur.<\/span><\/li>\n<li><b><span class=\"citation-1436\">M\u00e9thodes de communication doubles :<\/span><\/b><span class=\"citation-1436 citation-end-1436\"> Assure une connectivit\u00e9 fiable avec le robot gr\u00e2ce \u00e0 deux m\u00e9thodes sans fil robustes\u00a0:<\/span>\n<ul>\n<li><b><span class=\"citation-1435\">Module de transmission num\u00e9rique 2,4 GHz :<\/span><\/b><span class=\"citation-1435 citation-end-1435\"> Fournit une connexion stable et longue port\u00e9e.<\/span><\/li>\n<li><b><span class=\"citation-1434\">Bluetooth:<\/span><\/b><span class=\"citation-1434 citation-end-1434\"> Offre des options de commodit\u00e9 et de connectivit\u00e9 suppl\u00e9mentaires.<\/span><\/li>\n<\/ul>\n<\/li>\n<li><b>Plage de fonctionnement \u00e9tendue :<\/b><span class=\"citation-1433\"> Gardez le contr\u00f4le de votre Unitree G1 \u00e0 distance de <\/span><b><span class=\"citation-1433\">plus de 100 m\u00e8tres<\/span><\/b><span class=\"citation-1433 citation-end-1433\"> en espace ouvert.<\/span><\/li>\n<li><b><span class=\"citation-1432\">Conception ergonomique :<\/span><\/b><span class=\"citation-1432 citation-end-1432\"> La poign\u00e9e adopte une conception ergonomique pour une prise en main confortable et s\u00fbre lors d&#039;une utilisation prolong\u00e9e.<\/span><\/li>\n<li><b><span class=\"citation-1431\">Batterie longue dur\u00e9e :<\/span><\/b><span class=\"citation-1431\"> Dispose d&#039;une batterie int\u00e9gr\u00e9e qui fournit environ <\/span><b><span class=\"citation-1431\">4,5 heures<\/span><\/b><span class=\"citation-1431 citation-end-1431\"> de temps de fonctionnement continu sur une seule charge.<\/span><\/li>\n<\/ul>\n<h4><b>Sp\u00e9cifications techniques<\/b><\/h4>\n<ul>\n<li><b><span class=\"citation-1430\">Distance de la t\u00e9l\u00e9commande :<\/span><\/b> <span class=\"math-inline\" data-math=\"\\geq 100 \\text{ m}\"><span class=\"katex\"><span class=\"katex-html\" aria-hidden=\"true\"><span class=\"base\"><span class=\"mrel\">\u2265<\/span><\/span><span class=\"base\"><span class=\"mord\">100<\/span><span class=\"mord text\"><span class=\"mord\">\u00a0m<\/span><\/span><\/span><\/span><\/span><\/span><\/li>\n<li><b>Fr\u00e9quence:<\/b> <span class=\"math-inline\" data-math=\"2.4 \\text{ GHz}\"><span class=\"katex\"><span class=\"katex-html\" aria-hidden=\"true\"><span class=\"base\"><span class=\"mord\">2.4<\/span><span class=\"mord text\"><span class=\"mord\">\u00a0GHz<\/span><\/span><\/span><\/span><\/span><\/span><\/li>\n<li><b><span class=\"citation-1428\">Communication:<\/span><\/b><span class=\"citation-1428 citation-end-1428\"> Module de transmission de donn\u00e9es + Bluetooth<\/span><\/li>\n<li><b><span class=\"citation-1427\">Dur\u00e9e de fonctionnement (autonomie de la batterie) :<\/span><\/b> <span class=\"math-inline\" data-math=\"\\sim 4.5 \\text{ hours}\"><span class=\"katex\"><span class=\"katex-html\" aria-hidden=\"true\"><span class=\"base\"><span class=\"mrel\">\u223c<\/span><\/span><span class=\"base\"><span class=\"mord\">4.5<\/span><span class=\"mord text\"><span class=\"mord\">\u00a0heures<\/span><\/span><\/span><\/span><\/span><\/span><\/li>\n<li><b><span class=\"citation-1426\">Tension de charge :<\/span><\/b> <span class=\"math-inline\" data-math=\"5 \\text{ V}\"><span class=\"katex\"><span class=\"katex-html\" aria-hidden=\"true\"><span class=\"base\"><span class=\"mord\">5<\/span><span class=\"mord text\"><span class=\"mord\">\u00a0V<\/span><\/span><\/span><\/span><\/span><\/span><\/li>\n<li><b>Courant de charge :<\/b> <span class=\"math-inline\" data-math=\"2 \\text{ A}\"><span class=\"katex\"><span class=\"katex-html\" aria-hidden=\"true\"><span class=\"base\"><span class=\"mord\">2<\/span><span class=\"mord text\"><span class=\"mord\">\u00a0UN<\/span><\/span><\/span><\/span><\/span><\/span><\/li>\n<li><b>Compatibilit\u00e9:<\/b><span class=\"citation-1424 citation-end-1424\"> De s\u00e9rie avec la version G1 EDU et disponible en option pour les G1 Air et G1 Pro.<\/span><\/li>\n<\/ul>\n<\/div>\n<\/div>\n<\/div>\n<\/div>","protected":false},"excerpt":{"rendered":"<p><span class=\"citation-1439 citation-end-1439\">La t\u00e9l\u00e9commande Unitree G1 est le contr\u00f4leur \u00e0 deux mains essentiel con\u00e7u pour un fonctionnement intuitif et pr\u00e9cis du robot humano\u00efde Unitree G1.<\/span> <span class=\"citation-1438 citation-end-1438\">Il fournit aux utilisateurs des commandes r\u00e9actives et en temps r\u00e9el, que ce soit pour des applications \u00e9ducatives, de recherche ou sur le terrain.<\/span><\/p>","protected":false},"featured_media":21558,"comment_status":"open","ping_status":"closed","template":"","meta":[],"product_brand":[1087],"product_cat":[1038,1037,1102],"product_tag":[1088,1111,1109,1105],"class_list":{"0":"post-21557","1":"product","2":"type-product","3":"status-publish","4":"has-post-thumbnail","6":"product_brand-unitree","7":"product_cat-humanoid","8":"product_cat-robotics","9":"product_cat-unitree-hum-accessories","10":"product_tag-unitree","11":"product_tag-unitree-g1-accessories","12":"product_tag-unitree-g1-series","13":"product_tag-unitree-humanoid","15":"first","16":"instock","17":"taxable","18":"shipping-taxable","19":"purchasable","20":"product-type-simple"},"yoast_head":"<!-- This site is optimized with the Yoast SEO plugin v27.4 - https:\/\/yoast.com\/product\/yoast-seo-wordpress\/ -->\n<title>Unitree G1 Remote Control - Ghostysky<\/title>\n<meta name=\"description\" content=\"The Unitree G1 Remote Control is the essential two-handed controller designed for intuitive and precise operation of the Unitree G1 Humanoid Robot. It provides users with responsive, real-time command, whether for educational, research, or field applications.\" \/>\n<meta name=\"robots\" content=\"index, follow, max-snippet:-1, max-image-preview:large, max-video-preview:-1\" \/>\n<link rel=\"canonical\" href=\"https:\/\/www.ghostysky.com\/fr\/product\/unitree-g1-remote-control\/\" \/>\n<meta property=\"og:locale\" content=\"fr_FR\" \/>\n<meta property=\"og:type\" content=\"article\" \/>\n<meta property=\"og:title\" content=\"Unitree G1 Remote Control - Ghostysky\" \/>\n<meta property=\"og:description\" content=\"The Unitree G1 Remote Control is the essential two-handed controller designed for intuitive and precise operation of the Unitree G1 Humanoid Robot. It provides users with responsive, real-time command, whether for educational, research, or field applications.\" \/>\n<meta property=\"og:url\" content=\"https:\/\/www.ghostysky.com\/fr\/product\/unitree-g1-remote-control\/\" \/>\n<meta property=\"og:site_name\" content=\"Ghostysky\" \/>\n<meta property=\"article:publisher\" content=\"https:\/\/www.facebook.com\/people\/Ghostysky\/100057676170234\/\" \/>\n<meta property=\"article:modified_time\" content=\"2026-02-24T10:33:47+00:00\" \/>\n<meta property=\"og:image\" content=\"https:\/\/www.ghostysky.com\/wp-content\/uploads\/2025\/10\/GH_-Unitree_G1-Remote-Control_1.webp\" \/>\n\t<meta property=\"og:image:width\" content=\"1920\" \/>\n\t<meta property=\"og:image:height\" content=\"1920\" \/>\n\t<meta property=\"og:image:type\" content=\"image\/webp\" \/>\n<meta name=\"twitter:card\" content=\"summary_large_image\" \/>\n<meta name=\"twitter:site\" content=\"@Gh0stysky\" \/>\n<meta name=\"twitter:label1\" content=\"Dur\u00e9e de lecture estim\u00e9e\" \/>\n\t<meta name=\"twitter:data1\" content=\"1 minute\" \/>\n<script type=\"application\/ld+json\" class=\"yoast-schema-graph\">{\"@context\":\"https:\\\/\\\/schema.org\",\"@graph\":[{\"@type\":\"WebPage\",\"@id\":\"https:\\\/\\\/www.ghostysky.com\\\/product\\\/unitree-g1-remote-control\\\/\",\"url\":\"https:\\\/\\\/www.ghostysky.com\\\/product\\\/unitree-g1-remote-control\\\/\",\"name\":\"Unitree G1 Remote Control - Ghostysky\",\"isPartOf\":{\"@id\":\"https:\\\/\\\/www.ghostysky.com\\\/#website\"},\"primaryImageOfPage\":{\"@id\":\"https:\\\/\\\/www.ghostysky.com\\\/product\\\/unitree-g1-remote-control\\\/#primaryimage\"},\"image\":{\"@id\":\"https:\\\/\\\/www.ghostysky.com\\\/product\\\/unitree-g1-remote-control\\\/#primaryimage\"},\"thumbnailUrl\":\"https:\\\/\\\/www.ghostysky.com\\\/wp-content\\\/uploads\\\/2025\\\/10\\\/GH_-Unitree_G1-Remote-Control_1.webp\",\"datePublished\":\"2025-10-17T06:14:52+00:00\",\"dateModified\":\"2026-02-24T10:33:47+00:00\",\"description\":\"The Unitree G1 Remote Control is the essential two-handed controller designed for intuitive and precise operation of the Unitree G1 Humanoid Robot. It provides users with responsive, real-time command, whether for educational, research, or field applications.\",\"breadcrumb\":{\"@id\":\"https:\\\/\\\/www.ghostysky.com\\\/product\\\/unitree-g1-remote-control\\\/#breadcrumb\"},\"inLanguage\":\"fr-FR\",\"potentialAction\":[{\"@type\":\"ReadAction\",\"target\":[\"https:\\\/\\\/www.ghostysky.com\\\/product\\\/unitree-g1-remote-control\\\/\"]}]},{\"@type\":\"ImageObject\",\"inLanguage\":\"fr-FR\",\"@id\":\"https:\\\/\\\/www.ghostysky.com\\\/product\\\/unitree-g1-remote-control\\\/#primaryimage\",\"url\":\"https:\\\/\\\/www.ghostysky.com\\\/wp-content\\\/uploads\\\/2025\\\/10\\\/GH_-Unitree_G1-Remote-Control_1.webp\",\"contentUrl\":\"https:\\\/\\\/www.ghostysky.com\\\/wp-content\\\/uploads\\\/2025\\\/10\\\/GH_-Unitree_G1-Remote-Control_1.webp\",\"width\":1920,\"height\":1920},{\"@type\":\"BreadcrumbList\",\"@id\":\"https:\\\/\\\/www.ghostysky.com\\\/product\\\/unitree-g1-remote-control\\\/#breadcrumb\",\"itemListElement\":[{\"@type\":\"ListItem\",\"position\":1,\"name\":\"Home\",\"item\":\"https:\\\/\\\/www.ghostysky.com\\\/\"},{\"@type\":\"ListItem\",\"position\":2,\"name\":\"Shop\",\"item\":\"https:\\\/\\\/www.ghostysky.com\\\/shop\\\/\"},{\"@type\":\"ListItem\",\"position\":3,\"name\":\"Unitree G1 Remote Control\"}]},{\"@type\":\"WebSite\",\"@id\":\"https:\\\/\\\/www.ghostysky.com\\\/#website\",\"url\":\"https:\\\/\\\/www.ghostysky.com\\\/\",\"name\":\"Ghostysky\",\"description\":\"Delivering professional drones and services\",\"publisher\":{\"@id\":\"https:\\\/\\\/www.ghostysky.com\\\/#organization\"},\"potentialAction\":[{\"@type\":\"SearchAction\",\"target\":{\"@type\":\"EntryPoint\",\"urlTemplate\":\"https:\\\/\\\/www.ghostysky.com\\\/?s={search_term_string}\"},\"query-input\":{\"@type\":\"PropertyValueSpecification\",\"valueRequired\":true,\"valueName\":\"search_term_string\"}}],\"inLanguage\":\"fr-FR\"},{\"@type\":\"Organization\",\"@id\":\"https:\\\/\\\/www.ghostysky.com\\\/#organization\",\"name\":\"Ghostysky\",\"url\":\"https:\\\/\\\/www.ghostysky.com\\\/\",\"logo\":{\"@type\":\"ImageObject\",\"inLanguage\":\"fr-FR\",\"@id\":\"https:\\\/\\\/www.ghostysky.com\\\/#\\\/schema\\\/logo\\\/image\\\/\",\"url\":\"https:\\\/\\\/www.ghostysky.com\\\/wp-content\\\/uploads\\\/2020\\\/06\\\/cropped-ghostyskylogo_text_white2.png\",\"contentUrl\":\"https:\\\/\\\/www.ghostysky.com\\\/wp-content\\\/uploads\\\/2020\\\/06\\\/cropped-ghostyskylogo_text_white2.png\",\"width\":169,\"height\":56,\"caption\":\"Ghostysky\"},\"image\":{\"@id\":\"https:\\\/\\\/www.ghostysky.com\\\/#\\\/schema\\\/logo\\\/image\\\/\"},\"sameAs\":[\"https:\\\/\\\/www.facebook.com\\\/people\\\/Ghostysky\\\/100057676170234\\\/\",\"https:\\\/\\\/x.com\\\/Gh0stysky\",\"https:\\\/\\\/www.linkedin.com\\\/company\\\/34739653\",\"https:\\\/\\\/www.instagram.com\\\/gh0stysky\"]}]}<\/script>\n<!-- \/ Yoast SEO plugin. -->","yoast_head_json":{"title":"T\u00e9l\u00e9commande Unitree G1 - Ghostysky","description":"La t\u00e9l\u00e9commande Unitree G1 est la t\u00e9l\u00e9commande bimanuelle indispensable, con\u00e7ue pour une utilisation intuitive et pr\u00e9cise du robot humano\u00efde Unitree G1. Elle offre aux utilisateurs des commandes r\u00e9actives et en temps r\u00e9el, que ce soit pour des applications p\u00e9dagogiques, de recherche ou de terrain.","robots":{"index":"index","follow":"follow","max-snippet":"max-snippet:-1","max-image-preview":"max-image-preview:large","max-video-preview":"max-video-preview:-1"},"canonical":"https:\/\/www.ghostysky.com\/fr\/product\/unitree-g1-remote-control\/","og_locale":"fr_FR","og_type":"article","og_title":"Unitree G1 Remote Control - Ghostysky","og_description":"The Unitree G1 Remote Control is the essential two-handed controller designed for intuitive and precise operation of the Unitree G1 Humanoid Robot. It provides users with responsive, real-time command, whether for educational, research, or field applications.","og_url":"https:\/\/www.ghostysky.com\/fr\/product\/unitree-g1-remote-control\/","og_site_name":"Ghostysky","article_publisher":"https:\/\/www.facebook.com\/people\/Ghostysky\/100057676170234\/","article_modified_time":"2026-02-24T10:33:47+00:00","og_image":[{"width":1920,"height":1920,"url":"https:\/\/www.ghostysky.com\/wp-content\/uploads\/2025\/10\/GH_-Unitree_G1-Remote-Control_1.webp","type":"image\/webp"}],"twitter_card":"summary_large_image","twitter_site":"@Gh0stysky","twitter_misc":{"Dur\u00e9e de lecture estim\u00e9e":"1 minute"},"schema":{"@context":"https:\/\/schema.org","@graph":[{"@type":"WebPage","@id":"https:\/\/www.ghostysky.com\/product\/unitree-g1-remote-control\/","url":"https:\/\/www.ghostysky.com\/product\/unitree-g1-remote-control\/","name":"T\u00e9l\u00e9commande Unitree G1 - Ghostysky","isPartOf":{"@id":"https:\/\/www.ghostysky.com\/#website"},"primaryImageOfPage":{"@id":"https:\/\/www.ghostysky.com\/product\/unitree-g1-remote-control\/#primaryimage"},"image":{"@id":"https:\/\/www.ghostysky.com\/product\/unitree-g1-remote-control\/#primaryimage"},"thumbnailUrl":"https:\/\/www.ghostysky.com\/wp-content\/uploads\/2025\/10\/GH_-Unitree_G1-Remote-Control_1.webp","datePublished":"2025-10-17T06:14:52+00:00","dateModified":"2026-02-24T10:33:47+00:00","description":"La t\u00e9l\u00e9commande Unitree G1 est la t\u00e9l\u00e9commande bimanuelle indispensable, con\u00e7ue pour une utilisation intuitive et pr\u00e9cise du robot humano\u00efde Unitree G1. Elle offre aux utilisateurs des commandes r\u00e9actives et en temps r\u00e9el, que ce soit pour des applications p\u00e9dagogiques, de recherche ou de terrain.","breadcrumb":{"@id":"https:\/\/www.ghostysky.com\/product\/unitree-g1-remote-control\/#breadcrumb"},"inLanguage":"fr-FR","potentialAction":[{"@type":"ReadAction","target":["https:\/\/www.ghostysky.com\/product\/unitree-g1-remote-control\/"]}]},{"@type":"ImageObject","inLanguage":"fr-FR","@id":"https:\/\/www.ghostysky.com\/product\/unitree-g1-remote-control\/#primaryimage","url":"https:\/\/www.ghostysky.com\/wp-content\/uploads\/2025\/10\/GH_-Unitree_G1-Remote-Control_1.webp","contentUrl":"https:\/\/www.ghostysky.com\/wp-content\/uploads\/2025\/10\/GH_-Unitree_G1-Remote-Control_1.webp","width":1920,"height":1920},{"@type":"BreadcrumbList","@id":"https:\/\/www.ghostysky.com\/product\/unitree-g1-remote-control\/#breadcrumb","itemListElement":[{"@type":"ListItem","position":1,"name":"Home","item":"https:\/\/www.ghostysky.com\/"},{"@type":"ListItem","position":2,"name":"Shop","item":"https:\/\/www.ghostysky.com\/shop\/"},{"@type":"ListItem","position":3,"name":"Unitree G1 Remote Control"}]},{"@type":"WebSite","@id":"https:\/\/www.ghostysky.com\/#website","url":"https:\/\/www.ghostysky.com\/","name":"Ghostysky","description":"Livraison de drones et de services professionnels","publisher":{"@id":"https:\/\/www.ghostysky.com\/#organization"},"potentialAction":[{"@type":"SearchAction","target":{"@type":"EntryPoint","urlTemplate":"https:\/\/www.ghostysky.com\/?s={search_term_string}"},"query-input":{"@type":"PropertyValueSpecification","valueRequired":true,"valueName":"search_term_string"}}],"inLanguage":"fr-FR"},{"@type":"Organization","@id":"https:\/\/www.ghostysky.com\/#organization","name":"Ghostysky","url":"https:\/\/www.ghostysky.com\/","logo":{"@type":"ImageObject","inLanguage":"fr-FR","@id":"https:\/\/www.ghostysky.com\/#\/schema\/logo\/image\/","url":"https:\/\/www.ghostysky.com\/wp-content\/uploads\/2020\/06\/cropped-ghostyskylogo_text_white2.png","contentUrl":"https:\/\/www.ghostysky.com\/wp-content\/uploads\/2020\/06\/cropped-ghostyskylogo_text_white2.png","width":169,"height":56,"caption":"Ghostysky"},"image":{"@id":"https:\/\/www.ghostysky.com\/#\/schema\/logo\/image\/"},"sameAs":["https:\/\/www.facebook.com\/people\/Ghostysky\/100057676170234\/","https:\/\/x.com\/Gh0stysky","https:\/\/www.linkedin.com\/company\/34739653","https:\/\/www.instagram.com\/gh0stysky"]}]}},"_links":{"self":[{"href":"https:\/\/www.ghostysky.com\/fr\/wp-json\/wp\/v2\/product\/21557","targetHints":{"allow":["GET"]}}],"collection":[{"href":"https:\/\/www.ghostysky.com\/fr\/wp-json\/wp\/v2\/product"}],"about":[{"href":"https:\/\/www.ghostysky.com\/fr\/wp-json\/wp\/v2\/types\/product"}],"replies":[{"embeddable":true,"href":"https:\/\/www.ghostysky.com\/fr\/wp-json\/wp\/v2\/comments?post=21557"}],"wp:featuredmedia":[{"embeddable":true,"href":"https:\/\/www.ghostysky.com\/fr\/wp-json\/wp\/v2\/media\/21558"}],"wp:attachment":[{"href":"https:\/\/www.ghostysky.com\/fr\/wp-json\/wp\/v2\/media?parent=21557"}],"wp:term":[{"taxonomy":"product_brand","embeddable":true,"href":"https:\/\/www.ghostysky.com\/fr\/wp-json\/wp\/v2\/product_brand?post=21557"},{"taxonomy":"product_cat","embeddable":true,"href":"https:\/\/www.ghostysky.com\/fr\/wp-json\/wp\/v2\/product_cat?post=21557"},{"taxonomy":"product_tag","embeddable":true,"href":"https:\/\/www.ghostysky.com\/fr\/wp-json\/wp\/v2\/product_tag?post=21557"}],"curies":[{"name":"wp","href":"https:\/\/api.w.org\/{rel}","templated":true}]}}