{"id":21559,"date":"2025-10-17T06:28:14","date_gmt":"2025-10-17T06:28:14","guid":{"rendered":"https:\/\/www.ghostysky.com\/?post_type=product&#038;p=21559"},"modified":"2026-01-10T08:57:37","modified_gmt":"2026-01-10T08:57:37","slug":"unitree-r1-basic-version","status":"publish","type":"product","link":"https:\/\/www.ghostysky.com\/fr\/product\/unitree-r1-basic-version\/","title":{"rendered":"Version de base d&#039;Unitree R1"},"content":{"rendered":"<h3><b>Caract\u00e9ristiques principales<\/b><\/h3>\n<ul>\n<li><b>Humano\u00efde abordable et accessible :<\/b><span class=\"citation-1462 citation-end-1462\"> Positionn\u00e9 comme l\u2019un des robots humano\u00efdes les plus accessibles, il offre une plateforme pour explorer la locomotion bip\u00e8de et l\u2019interaction avec l\u2019IA \u00e0 un prix d\u2019entr\u00e9e nettement inf\u00e9rieur.<\/span><\/li>\n<li><b><span class=\"citation-1461\">Conception agile et l\u00e9g\u00e8re :<\/span><\/b><span class=\"citation-1461\"> Pesant environ <\/span><b><span class=\"citation-1461\">25 kg<\/span><\/b><span class=\"citation-1461\"> et debout autour <\/span><b><span class=\"citation-1461\">1,21 m\u00e8tre<\/span><\/b><span class=\"citation-1461 citation-end-1461\"> De grande taille, son format compact et son poids l\u00e9ger le rendent facile \u00e0 d\u00e9ployer et \u00e0 transporter.<\/span><\/li>\n<li><b>Degr\u00e9s de libert\u00e9 \u00e9lev\u00e9s (DOF) :<\/b><span class=\"citation-1460\"> Caract\u00e9ristiques autour <\/span><b><span class=\"citation-1460\">26 articulations<\/span><\/b><span class=\"citation-1460 citation-end-1460\"> (comprenant 6 DoF par jambe, 5 DoF par bras et 2 DoF au niveau de la taille\/t\u00eate) permettant une large gamme de mouvements humains et de man\u0153uvres dynamiques comme la course, la roue et le poirier.<\/span><\/li>\n<li><b><span class=\"citation-1459\">Int\u00e9gration de l&#039;IA multimodale :<\/span><\/b><span class=\"citation-1459\"> La R1 est \u00e9quip\u00e9e d&#039;un moteur hautes performances <\/span><b><span class=\"citation-1459\">processeur \u00e0 8 c\u0153urs<\/span><\/b><span class=\"citation-1459\"> et int\u00e8gre un <\/span><b><span class=\"citation-1459\">Grand mod\u00e8le multimodal<\/span><\/b><span class=\"citation-1459 citation-end-1459\"> pour une interaction en temps r\u00e9el, avec :<\/span>\n<ul>\n<li><b><span class=\"citation-1458\">Vision:<\/span><\/b><span class=\"citation-1458 citation-end-1458\"> Cam\u00e9ra binoculaire humano\u00efde pour la perception visuelle.<\/span><\/li>\n<li><b>Audio:<\/b><span class=\"citation-1457 citation-end-1457\"> R\u00e9seau de microphones et haut-parleurs pour la reconnaissance vocale et la communication.<\/span><\/li>\n<\/ul>\n<\/li>\n<li><b><span class=\"citation-1456\">Conception ax\u00e9e sur le mouvement :<\/span><\/b><span class=\"citation-1456 citation-end-1456\"> La version de base se concentre sur la mobilit\u00e9 dynamique et d\u00e9montre des capacit\u00e9s de locomotion avanc\u00e9es.<\/span> <span class=\"citation-1455 citation-end-1455\">Il est g\u00e9n\u00e9ralement \u00e9quip\u00e9 de mains simples et non adroites (comme des mains fixes en forme de \u00ab poing \u00bb) sur le mod\u00e8le de base.<\/span><\/li>\n<li><b>Plateforme ouverte pour le d\u00e9veloppement (version EDU) :<\/b><span class=\"citation-1454\"> Alors que la version de base est en grande partie \u00ab pr\u00eate \u00e0 l&#039;emploi \u00bb pour les d\u00e9monstrations, l&#039;architecture R1 prend enti\u00e8rement en charge <\/span><b><span class=\"citation-1454\">interfaces de contr\u00f4le ouvertes<\/span><\/b><span class=\"citation-1454 citation-end-1454\"> pour les articulations et les capteurs, avec une version EDU d\u00e9di\u00e9e disponible pour une programmabilit\u00e9 compl\u00e8te et un d\u00e9veloppement secondaire.<\/span><\/li>\n<li><b><span class=\"citation-1453\">Sp\u00e9cifications pratiques :<\/span><\/b><span class=\"citation-1453\"> Comprend une batterie au lithium facilement rempla\u00e7able fournissant environ <\/span><b><span class=\"citation-1453\">1 heure d&#039;autonomie<\/span><\/b><span class=\"citation-1453\">, <\/span><b><span class=\"citation-1453\">Wi-Fi 6<\/span><\/b><span class=\"citation-1453\"> et <\/span><b><span class=\"citation-1453\">Bluetooth 5.2<\/span><\/b><span class=\"citation-1453 citation-end-1453\"> connectivit\u00e9 et prise en charge des mises \u00e0 jour intelligentes Over-The-Air (OTA).<\/span><\/li>\n<\/ul>\n<p><span class=\"citation-1452 citation-end-1452\">La version de base Unitree R1 est un point de d\u00e9part id\u00e9al pour quiconque souhaite entrer dans le monde de la robotique bip\u00e8de complexe, offrant une agilit\u00e9 de haut niveau et des fonctionnalit\u00e9s d&#039;IA modernes dans un package \u00e9tonnamment abordable.<\/span><\/p>","protected":false},"excerpt":{"rendered":"<p><span class=\"citation-1463\">Le <\/span><b><span class=\"citation-1463\">Version de base d&#039;Unitree R1<\/span><\/b><span class=\"citation-1463 citation-end-1463\"> est un robot humano\u00efde ultra-l\u00e9ger et tr\u00e8s agile con\u00e7u pour d\u00e9mocratiser la robotique avanc\u00e9e pour les chercheurs, les \u00e9ducateurs, les d\u00e9veloppeurs et les passionn\u00e9s.<\/span><\/p>","protected":false},"featured_media":21562,"comment_status":"open","ping_status":"closed","template":"","meta":[],"product_brand":[1087],"product_cat":[1038,1037,1103],"product_tag":[1088,1105,1112,1113],"class_list":{"0":"post-21559","1":"product","2":"type-product","3":"status-publish","4":"has-post-thumbnail","6":"product_brand-unitree","7":"product_cat-humanoid","8":"product_cat-robotics","9":"product_cat-unitree-hum-robots","10":"product_tag-unitree","11":"product_tag-unitree-humanoid","12":"product_tag-unitree-r1","13":"product_tag-unitree-r1-series","15":"first","16":"onbackorder","17":"taxable","18":"shipping-taxable","19":"purchasable","20":"product-type-simple"},"yoast_head":"<!-- This site is optimized with the Yoast SEO plugin v27.1.1 - https:\/\/yoast.com\/product\/yoast-seo-wordpress\/ -->\n<title>Unitree R1 Basic Version - Ghostysky<\/title>\n<meta name=\"description\" content=\"The Unitree R1 Basic Version is an ultra-lightweight and highly agile humanoid robot designed to democratize advanced robotics for researchers, educators, developers, and enthusiasts.\" \/>\n<meta name=\"robots\" content=\"index, follow, max-snippet:-1, max-image-preview:large, max-video-preview:-1\" \/>\n<link rel=\"canonical\" href=\"https:\/\/www.ghostysky.com\/fr\/product\/unitree-r1-basic-version\/\" \/>\n<meta property=\"og:locale\" content=\"fr_FR\" \/>\n<meta property=\"og:type\" content=\"article\" \/>\n<meta property=\"og:title\" content=\"Unitree R1 Basic Version - Ghostysky\" \/>\n<meta property=\"og:description\" content=\"The Unitree R1 Basic Version is an ultra-lightweight and highly agile humanoid robot designed to democratize advanced robotics for researchers, educators, developers, and enthusiasts.\" \/>\n<meta property=\"og:url\" content=\"https:\/\/www.ghostysky.com\/fr\/product\/unitree-r1-basic-version\/\" \/>\n<meta property=\"og:site_name\" content=\"Ghostysky\" \/>\n<meta property=\"article:publisher\" content=\"https:\/\/www.facebook.com\/people\/Ghostysky\/100057676170234\/\" \/>\n<meta property=\"article:modified_time\" content=\"2026-01-10T08:57:37+00:00\" \/>\n<meta property=\"og:image\" content=\"https:\/\/www.ghostysky.com\/wp-content\/uploads\/2025\/10\/GH_R1-Basic-Version_1.jpg\" \/>\n\t<meta property=\"og:image:width\" content=\"225\" \/>\n\t<meta property=\"og:image:height\" content=\"225\" \/>\n\t<meta property=\"og:image:type\" content=\"image\/jpeg\" \/>\n<meta name=\"twitter:card\" content=\"summary_large_image\" \/>\n<meta name=\"twitter:site\" content=\"@Gh0stysky\" \/>\n<meta name=\"twitter:label1\" content=\"Dur\u00e9e de lecture estim\u00e9e\" \/>\n\t<meta name=\"twitter:data1\" content=\"2 minutes\" \/>\n<script type=\"application\/ld+json\" class=\"yoast-schema-graph\">{\"@context\":\"https:\/\/schema.org\",\"@graph\":[{\"@type\":\"WebPage\",\"@id\":\"https:\/\/www.ghostysky.com\/product\/unitree-r1-basic-version\/\",\"url\":\"https:\/\/www.ghostysky.com\/product\/unitree-r1-basic-version\/\",\"name\":\"Unitree R1 Basic Version - Ghostysky\",\"isPartOf\":{\"@id\":\"https:\/\/www.ghostysky.com\/#website\"},\"primaryImageOfPage\":{\"@id\":\"https:\/\/www.ghostysky.com\/product\/unitree-r1-basic-version\/#primaryimage\"},\"image\":{\"@id\":\"https:\/\/www.ghostysky.com\/product\/unitree-r1-basic-version\/#primaryimage\"},\"thumbnailUrl\":\"https:\/\/www.ghostysky.com\/wp-content\/uploads\/2025\/10\/GH_R1-Basic-Version_1.jpg\",\"datePublished\":\"2025-10-17T06:28:14+00:00\",\"dateModified\":\"2026-01-10T08:57:37+00:00\",\"description\":\"The Unitree R1 Basic Version is an ultra-lightweight and highly agile humanoid robot designed to democratize advanced robotics for researchers, educators, developers, and enthusiasts.\",\"breadcrumb\":{\"@id\":\"https:\/\/www.ghostysky.com\/product\/unitree-r1-basic-version\/#breadcrumb\"},\"inLanguage\":\"fr-FR\",\"potentialAction\":[{\"@type\":\"ReadAction\",\"target\":[\"https:\/\/www.ghostysky.com\/product\/unitree-r1-basic-version\/\"]}]},{\"@type\":\"ImageObject\",\"inLanguage\":\"fr-FR\",\"@id\":\"https:\/\/www.ghostysky.com\/product\/unitree-r1-basic-version\/#primaryimage\",\"url\":\"https:\/\/www.ghostysky.com\/wp-content\/uploads\/2025\/10\/GH_R1-Basic-Version_1.jpg\",\"contentUrl\":\"https:\/\/www.ghostysky.com\/wp-content\/uploads\/2025\/10\/GH_R1-Basic-Version_1.jpg\",\"width\":225,\"height\":225},{\"@type\":\"BreadcrumbList\",\"@id\":\"https:\/\/www.ghostysky.com\/product\/unitree-r1-basic-version\/#breadcrumb\",\"itemListElement\":[{\"@type\":\"ListItem\",\"position\":1,\"name\":\"Home\",\"item\":\"https:\/\/www.ghostysky.com\/\"},{\"@type\":\"ListItem\",\"position\":2,\"name\":\"Shop\",\"item\":\"https:\/\/www.ghostysky.com\/shop\/\"},{\"@type\":\"ListItem\",\"position\":3,\"name\":\"Unitree R1 Basic Version\"}]},{\"@type\":\"WebSite\",\"@id\":\"https:\/\/www.ghostysky.com\/#website\",\"url\":\"https:\/\/www.ghostysky.com\/\",\"name\":\"Ghostysky\",\"description\":\"Delivering professional drones and services\",\"publisher\":{\"@id\":\"https:\/\/www.ghostysky.com\/#organization\"},\"potentialAction\":[{\"@type\":\"SearchAction\",\"target\":{\"@type\":\"EntryPoint\",\"urlTemplate\":\"https:\/\/www.ghostysky.com\/?s={search_term_string}\"},\"query-input\":{\"@type\":\"PropertyValueSpecification\",\"valueRequired\":true,\"valueName\":\"search_term_string\"}}],\"inLanguage\":\"fr-FR\"},{\"@type\":\"Organization\",\"@id\":\"https:\/\/www.ghostysky.com\/#organization\",\"name\":\"Ghostysky\",\"url\":\"https:\/\/www.ghostysky.com\/\",\"logo\":{\"@type\":\"ImageObject\",\"inLanguage\":\"fr-FR\",\"@id\":\"https:\/\/www.ghostysky.com\/#\/schema\/logo\/image\/\",\"url\":\"https:\/\/www.ghostysky.com\/wp-content\/uploads\/2020\/06\/cropped-ghostyskylogo_text_white2.png\",\"contentUrl\":\"https:\/\/www.ghostysky.com\/wp-content\/uploads\/2020\/06\/cropped-ghostyskylogo_text_white2.png\",\"width\":169,\"height\":56,\"caption\":\"Ghostysky\"},\"image\":{\"@id\":\"https:\/\/www.ghostysky.com\/#\/schema\/logo\/image\/\"},\"sameAs\":[\"https:\/\/www.facebook.com\/people\/Ghostysky\/100057676170234\/\",\"https:\/\/x.com\/Gh0stysky\",\"https:\/\/www.linkedin.com\/company\/34739653\",\"https:\/\/www.instagram.com\/gh0stysky\"]}]}<\/script>\n<!-- \/ Yoast SEO plugin. -->","yoast_head_json":{"title":"Version de base d&#039;Unitree R1 - Ghostysky","description":"L&#039;Unitree R1 Basic Version est un robot humano\u00efde ultra-l\u00e9ger et tr\u00e8s agile con\u00e7u pour d\u00e9mocratiser la robotique avanc\u00e9e pour les chercheurs, les \u00e9ducateurs, les d\u00e9veloppeurs et les passionn\u00e9s.","robots":{"index":"index","follow":"follow","max-snippet":"max-snippet:-1","max-image-preview":"max-image-preview:large","max-video-preview":"max-video-preview:-1"},"canonical":"https:\/\/www.ghostysky.com\/fr\/product\/unitree-r1-basic-version\/","og_locale":"fr_FR","og_type":"article","og_title":"Unitree R1 Basic Version - Ghostysky","og_description":"The Unitree R1 Basic Version is an ultra-lightweight and highly agile humanoid robot designed to democratize advanced robotics for researchers, educators, developers, and enthusiasts.","og_url":"https:\/\/www.ghostysky.com\/fr\/product\/unitree-r1-basic-version\/","og_site_name":"Ghostysky","article_publisher":"https:\/\/www.facebook.com\/people\/Ghostysky\/100057676170234\/","article_modified_time":"2026-01-10T08:57:37+00:00","og_image":[{"width":225,"height":225,"url":"https:\/\/www.ghostysky.com\/wp-content\/uploads\/2025\/10\/GH_R1-Basic-Version_1.jpg","type":"image\/jpeg"}],"twitter_card":"summary_large_image","twitter_site":"@Gh0stysky","twitter_misc":{"Dur\u00e9e de lecture estim\u00e9e":"2 minutes"},"schema":{"@context":"https:\/\/schema.org","@graph":[{"@type":"WebPage","@id":"https:\/\/www.ghostysky.com\/product\/unitree-r1-basic-version\/","url":"https:\/\/www.ghostysky.com\/product\/unitree-r1-basic-version\/","name":"Version de base d&#039;Unitree R1 - Ghostysky","isPartOf":{"@id":"https:\/\/www.ghostysky.com\/#website"},"primaryImageOfPage":{"@id":"https:\/\/www.ghostysky.com\/product\/unitree-r1-basic-version\/#primaryimage"},"image":{"@id":"https:\/\/www.ghostysky.com\/product\/unitree-r1-basic-version\/#primaryimage"},"thumbnailUrl":"https:\/\/www.ghostysky.com\/wp-content\/uploads\/2025\/10\/GH_R1-Basic-Version_1.jpg","datePublished":"2025-10-17T06:28:14+00:00","dateModified":"2026-01-10T08:57:37+00:00","description":"L&#039;Unitree R1 Basic Version est un robot humano\u00efde ultra-l\u00e9ger et tr\u00e8s agile con\u00e7u pour d\u00e9mocratiser la robotique avanc\u00e9e pour les chercheurs, les \u00e9ducateurs, les d\u00e9veloppeurs et les passionn\u00e9s.","breadcrumb":{"@id":"https:\/\/www.ghostysky.com\/product\/unitree-r1-basic-version\/#breadcrumb"},"inLanguage":"fr-FR","potentialAction":[{"@type":"ReadAction","target":["https:\/\/www.ghostysky.com\/product\/unitree-r1-basic-version\/"]}]},{"@type":"ImageObject","inLanguage":"fr-FR","@id":"https:\/\/www.ghostysky.com\/product\/unitree-r1-basic-version\/#primaryimage","url":"https:\/\/www.ghostysky.com\/wp-content\/uploads\/2025\/10\/GH_R1-Basic-Version_1.jpg","contentUrl":"https:\/\/www.ghostysky.com\/wp-content\/uploads\/2025\/10\/GH_R1-Basic-Version_1.jpg","width":225,"height":225},{"@type":"BreadcrumbList","@id":"https:\/\/www.ghostysky.com\/product\/unitree-r1-basic-version\/#breadcrumb","itemListElement":[{"@type":"ListItem","position":1,"name":"Home","item":"https:\/\/www.ghostysky.com\/"},{"@type":"ListItem","position":2,"name":"Shop","item":"https:\/\/www.ghostysky.com\/shop\/"},{"@type":"ListItem","position":3,"name":"Unitree R1 Basic Version"}]},{"@type":"WebSite","@id":"https:\/\/www.ghostysky.com\/#website","url":"https:\/\/www.ghostysky.com\/","name":"Ghostysky","description":"Livraison de drones et de services professionnels","publisher":{"@id":"https:\/\/www.ghostysky.com\/#organization"},"potentialAction":[{"@type":"SearchAction","target":{"@type":"EntryPoint","urlTemplate":"https:\/\/www.ghostysky.com\/?s={search_term_string}"},"query-input":{"@type":"PropertyValueSpecification","valueRequired":true,"valueName":"search_term_string"}}],"inLanguage":"fr-FR"},{"@type":"Organization","@id":"https:\/\/www.ghostysky.com\/#organization","name":"Ghostysky","url":"https:\/\/www.ghostysky.com\/","logo":{"@type":"ImageObject","inLanguage":"fr-FR","@id":"https:\/\/www.ghostysky.com\/#\/schema\/logo\/image\/","url":"https:\/\/www.ghostysky.com\/wp-content\/uploads\/2020\/06\/cropped-ghostyskylogo_text_white2.png","contentUrl":"https:\/\/www.ghostysky.com\/wp-content\/uploads\/2020\/06\/cropped-ghostyskylogo_text_white2.png","width":169,"height":56,"caption":"Ghostysky"},"image":{"@id":"https:\/\/www.ghostysky.com\/#\/schema\/logo\/image\/"},"sameAs":["https:\/\/www.facebook.com\/people\/Ghostysky\/100057676170234\/","https:\/\/x.com\/Gh0stysky","https:\/\/www.linkedin.com\/company\/34739653","https:\/\/www.instagram.com\/gh0stysky"]}]}},"_links":{"self":[{"href":"https:\/\/www.ghostysky.com\/fr\/wp-json\/wp\/v2\/product\/21559","targetHints":{"allow":["GET"]}}],"collection":[{"href":"https:\/\/www.ghostysky.com\/fr\/wp-json\/wp\/v2\/product"}],"about":[{"href":"https:\/\/www.ghostysky.com\/fr\/wp-json\/wp\/v2\/types\/product"}],"replies":[{"embeddable":true,"href":"https:\/\/www.ghostysky.com\/fr\/wp-json\/wp\/v2\/comments?post=21559"}],"wp:featuredmedia":[{"embeddable":true,"href":"https:\/\/www.ghostysky.com\/fr\/wp-json\/wp\/v2\/media\/21562"}],"wp:attachment":[{"href":"https:\/\/www.ghostysky.com\/fr\/wp-json\/wp\/v2\/media?parent=21559"}],"wp:term":[{"taxonomy":"product_brand","embeddable":true,"href":"https:\/\/www.ghostysky.com\/fr\/wp-json\/wp\/v2\/product_brand?post=21559"},{"taxonomy":"product_cat","embeddable":true,"href":"https:\/\/www.ghostysky.com\/fr\/wp-json\/wp\/v2\/product_cat?post=21559"},{"taxonomy":"product_tag","embeddable":true,"href":"https:\/\/www.ghostysky.com\/fr\/wp-json\/wp\/v2\/product_tag?post=21559"}],"curies":[{"name":"wp","href":"https:\/\/api.w.org\/{rel}","templated":true}]}}