{"id":21568,"date":"2025-10-17T06:44:45","date_gmt":"2025-10-17T06:44:45","guid":{"rendered":"https:\/\/www.ghostysky.com\/?post_type=product&#038;p=21568"},"modified":"2026-03-20T11:40:47","modified_gmt":"2026-03-20T11:40:47","slug":"unitree-r1-edu-u5","status":"publish","type":"product","link":"https:\/\/www.ghostysky.com\/fr\/product\/unitree-r1-edu-u5\/","title":{"rendered":"Unitree R1 Edu Pro C (U5)"},"content":{"rendered":"<div id=\"model-response-message-contentr_ac6a3d62169ccad2\" class=\"markdown markdown-main-panel stronger enable-updated-hr-color\" dir=\"ltr\">\n<div id=\"model-response-message-contentr_ec72f52c99aa473d\" class=\"markdown markdown-main-panel stronger enable-updated-hr-color\" dir=\"ltr\">\n<div id=\"model-response-message-contentr_35753a61cf4863b3\" class=\"markdown markdown-main-panel stronger enable-updated-hr-color\" dir=\"ltr\">\n<div id=\"model-response-message-contentr_5e8ec58436797f36\" class=\"markdown markdown-main-panel stronger enable-updated-hr-color\" dir=\"ltr\">\n<h3 data-path-to-node=\"3\"><b data-path-to-node=\"3\" data-index-in-node=\"0\">Pr\u00e9sentation d&#039;Unitree R1 Edu Pro C (U5)<\/b><\/h3>\n<p id=\"p-rc_be2073fe8361ae15-64\" data-path-to-node=\"4\"><span class=\"citation-137\">Le <\/span><b data-path-to-node=\"4\" data-index-in-node=\"4\"><span class=\"citation-137\">U5 (Pro C)<\/span><\/b><span class=\"citation-137 citation-end-137\"> Ce mod\u00e8le est sp\u00e9cifiquement con\u00e7u pour une manipulation de pr\u00e9cision et un traitement IA \u00e0 haute intensit\u00e9.<\/span> <span class=\"citation-136 citation-end-136\">Contrairement aux mod\u00e8les \u201c Basic \u201d ou \u201c Air \u201d, le U5 comprend des mains agiles et un processeur haute performance, ce qui en fait un \u201c laboratoire vivant \u201d pour l\u2019IA incarn\u00e9e.<\/span><\/p>\n<p>&nbsp;<\/p>\n<h3 data-path-to-node=\"5\"><b data-path-to-node=\"5\" data-index-in-node=\"0\">Caract\u00e9ristiques techniques cl\u00e9s<\/b><\/h3>\n<table data-path-to-node=\"6\">\n<thead>\n<tr>\n<td><strong>Fonctionnalit\u00e9<\/strong><\/td>\n<td><strong>Sp\u00e9cification<\/strong><\/td>\n<\/tr>\n<\/thead>\n<tbody>\n<tr>\n<td><span data-path-to-node=\"6,1,0,0\"><b data-path-to-node=\"6,1,0,0\" data-index-in-node=\"0\">Taille \/ Poids<\/b><\/span><\/td>\n<td><span data-path-to-node=\"6,1,1,0\">121\u2013123 cm<\/span><\/td>\n<\/tr>\n<tr>\n<td><span data-path-to-node=\"6,2,0,0\"><b data-path-to-node=\"6,2,0,0\" data-index-in-node=\"0\">Degr\u00e9s de libert\u00e9 totaux<\/b><\/span><\/td>\n<td><span data-path-to-node=\"6,2,1,0\"><b data-path-to-node=\"6,2,1,0\" data-index-in-node=\"0\">38 degr\u00e9s de libert\u00e9<\/b> (comprend 26 degr\u00e9s de libert\u00e9 pour le corps + des mains agiles)<\/span><\/td>\n<\/tr>\n<tr>\n<td><span data-path-to-node=\"6,3,0,0\"><b data-path-to-node=\"6,3,0,0\" data-index-in-node=\"0\">Informatique embarqu\u00e9e<\/b><\/span><\/td>\n<td><span data-path-to-node=\"6,3,1,0\">NVIDIA Jetson Orin (Jusqu&#039;\u00e0 <b data-path-to-node=\"6,3,1,0\" data-index-in-node=\"26\">100 TOPS<\/b>)<\/span><\/td>\n<\/tr>\n<tr>\n<td><span data-path-to-node=\"6,4,0,0\"><b data-path-to-node=\"6,4,0,0\" data-index-in-node=\"0\">Manipulation<\/b><\/span><\/td>\n<td><span data-path-to-node=\"6,4,1,0\">2 mains agiles (6-7 degr\u00e9s de libert\u00e9 par main)<\/span><\/td>\n<\/tr>\n<tr>\n<td><span data-path-to-node=\"6,5,0,0\"><b data-path-to-node=\"6,5,0,0\" data-index-in-node=\"0\">Capacit\u00e9 de charge utile<\/b><\/span><\/td>\n<td><span data-path-to-node=\"6,5,1,0\">Environ 2 kg par bras<\/span><\/td>\n<\/tr>\n<tr>\n<td><span data-path-to-node=\"6,6,0,0\"><b data-path-to-node=\"6,6,0,0\" data-index-in-node=\"0\">D\u00e9tection<\/b><\/span><\/td>\n<td><span data-path-to-node=\"6,6,1,0\">Cam\u00e9ra de profondeur binoculaire + r\u00e9seau de 4 microphones + double encodeur<\/span><\/td>\n<\/tr>\n<tr>\n<td><span data-path-to-node=\"6,7,0,0\"><b data-path-to-node=\"6,7,0,0\" data-index-in-node=\"0\">Connectivit\u00e9<\/b><\/span><\/td>\n<td><span data-path-to-node=\"6,7,1,0\">WiFi 6, Bluetooth 5.2, USB 3.0 (Type-C)<\/span><\/td>\n<\/tr>\n<tr>\n<td><span data-path-to-node=\"6,8,0,0\"><b data-path-to-node=\"6,8,0,0\" data-index-in-node=\"0\">Autonomie de la batterie<\/b><\/span><\/td>\n<td><span data-path-to-node=\"6,8,1,0\">~1 heure (D\u00e9montage rapide \/ Rempla\u00e7able \u00e0 chaud)<\/span><\/td>\n<\/tr>\n<\/tbody>\n<\/table>\n<\/div>\n<\/div>\n<\/div>\n<\/div>\n<p>&nbsp;<\/p>\n<p>&nbsp;<\/p>\n<div id=\"model-response-message-contentr_ac6a3d62169ccad2\" class=\"markdown markdown-main-panel stronger enable-updated-hr-color\" dir=\"ltr\">\n<div id=\"model-response-message-contentr_ec72f52c99aa473d\" class=\"markdown markdown-main-panel stronger enable-updated-hr-color\" dir=\"ltr\">\n<div id=\"model-response-message-contentr_35753a61cf4863b3\" class=\"markdown markdown-main-panel stronger enable-updated-hr-color\" dir=\"ltr\">\n<div id=\"model-response-message-contentr_5e8ec58436797f36\" class=\"markdown markdown-main-panel stronger enable-updated-hr-color\" dir=\"ltr\">\n<h3 data-path-to-node=\"8\"><b data-path-to-node=\"8\" data-index-in-node=\"0\">Fonctionnalit\u00e9s principales<\/b><\/h3>\n<ul data-path-to-node=\"9\">\n<li>\n<p id=\"p-rc_be2073fe8361ae15-65\" data-path-to-node=\"9,0,0\"><b data-path-to-node=\"9,0,0\" data-index-in-node=\"0\"><span class=\"citation-135\">Manipulation adroite :<\/span><\/b><span class=\"citation-135 citation-end-135\"> La configuration \u201c Pro C \u201d se distingue par ses mains de haute pr\u00e9cision, capables de simuler des mouvements semblables \u00e0 ceux des humains pour des t\u00e2ches telles que le tri d&#039;objets, l&#039;utilisation d&#039;outils et l&#039;interaction gestuelle.<\/span><\/p>\n<\/li>\n<li>\n<p id=\"p-rc_be2073fe8361ae15-66\" data-path-to-node=\"9,1,0\"><b data-path-to-node=\"9,1,0\" data-index-in-node=\"0\"><span class=\"citation-134\">Int\u00e9gration de l&#039;IA incarn\u00e9e et du LLM\u00a0:<\/span><\/b><span class=\"citation-134\"> Le robot g\u00e8re les syst\u00e8mes d&#039;Unitree. <\/span><b data-path-to-node=\"9,1,0\" data-index-in-node=\"56\"><span class=\"citation-134\">UnifoLM<\/span><\/b><span class=\"citation-134 citation-end-134\"> (Unified Robot Large Model), lui permettant de comprendre nativement les commandes vocales et les sc\u00e8nes visuelles.<\/span> <span class=\"citation-133 citation-end-133\">Il peut reconna\u00eetre les visages, les gestes et les instructions complexes en langage naturel.<\/span><\/p>\n<\/li>\n<li>\n<p id=\"p-rc_be2073fe8361ae15-67\" data-path-to-node=\"9,2,0\"><b data-path-to-node=\"9,2,0\" data-index-in-node=\"0\">Cerveau haute performance :<\/b><span class=\"citation-132\"> Equip\u00e9 du <\/span><b data-path-to-node=\"9,2,0\" data-index-in-node=\"44\"><span class=\"citation-132\">NVIDIA Jetson Orin<\/span><\/b><span class=\"citation-132 citation-end-132\"> Le module U5 fournit les 100 TOPS de performances d&#039;IA n\u00e9cessaires \u00e0 l&#039;apprentissage par renforcement en temps r\u00e9el, au SLAM (localisation et cartographie simultan\u00e9es) et \u00e0 l&#039;\u00e9vitement d&#039;obstacles complexes.<\/span><\/p>\n<\/li>\n<li>\n<p data-path-to-node=\"9,3,0\"><b data-path-to-node=\"9,3,0\" data-index-in-node=\"0\">\u00c9cosyst\u00e8me ax\u00e9 sur les d\u00e9veloppeurs\u00a0:<\/b><\/p>\n<ul data-path-to-node=\"9,3,1\">\n<li>\n<p id=\"p-rc_be2073fe8361ae15-68\" data-path-to-node=\"9,3,1,0,0\"><b data-path-to-node=\"9,3,1,0,0\" data-index-in-node=\"0\"><span class=\"citation-131\">Prise en charge compl\u00e8te du SDK\u00a0:<\/span><\/b><span class=\"citation-131 citation-end-131\"> Acc\u00e8s au contr\u00f4le de bas et de haut niveau via C++ et Python.<\/span><\/p>\n<\/li>\n<li>\n<p data-path-to-node=\"9,3,1,1,0\"><b data-path-to-node=\"9,3,1,1,0\" data-index-in-node=\"0\">Pr\u00eat pour la simulation\u00a0:<\/b> Enti\u00e8rement compatible avec NVIDIA Isaac Sim et ROS 2.<\/p>\n<\/li>\n<li>\n<p id=\"p-rc_be2073fe8361ae15-69\" data-path-to-node=\"9,3,1,2,0\"><b data-path-to-node=\"9,3,1,2,0\" data-index-in-node=\"0\">Pr\u00eat pour l&#039;expansion\u00a0:<\/b><span class=\"citation-130 citation-end-130\"> Comprend une base d&#039;extension de calcul et un c\u00e2blage interne (conception \u00e0 arbre creux) pour l&#039;ajout de capteurs ou de mat\u00e9riel personnalis\u00e9s.<\/span><\/p>\n<p>&nbsp;<\/li>\n<\/ul>\n<\/li>\n<\/ul>\n<h3 data-path-to-node=\"10\"><b data-path-to-node=\"10\" data-index-in-node=\"0\">Cas d&#039;utilisation id\u00e9aux<\/b><\/h3>\n<ol start=\"1\" data-path-to-node=\"11\">\n<li>\n<p data-path-to-node=\"11,0,0\"><b data-path-to-node=\"11,0,0\" data-index-in-node=\"0\">Recherche universitaire :<\/b> Id\u00e9al pour les laboratoires ax\u00e9s sur la locomotion bip\u00e8de, l&#039;interaction homme-robot (IHR) et le retour tactile.<\/p>\n<\/li>\n<li>\n<p id=\"p-rc_be2073fe8361ae15-70\" data-path-to-node=\"11,1,0\"><b data-path-to-node=\"11,1,0\" data-index-in-node=\"0\">Prototypage par IA\u00a0:<\/b><span class=\"citation-129 citation-end-129\"> D\u00e9veloppement de mod\u00e8les d&#039;IA localis\u00e9s n\u00e9cessitant une interaction physique sans latence du cloud.<\/span><\/p>\n<\/li>\n<li>\n<p data-path-to-node=\"11,2,0\"><b data-path-to-node=\"11,2,0\" data-index-in-node=\"0\">Service et accueil :<\/b> Tester l&#039;assistance autonome dans des environnements int\u00e9rieurs structur\u00e9s comme les mus\u00e9es ou les bureaux.<\/p>\n<\/li>\n<\/ol>\n<hr data-path-to-node=\"12\" \/>\n<blockquote data-path-to-node=\"13\">\n<p id=\"p-rc_be2073fe8361ae15-71\" data-path-to-node=\"13,0\"><b data-path-to-node=\"13,0\" data-index-in-node=\"0\">Note sur la disponibilit\u00e9\u00a0:<\/b><span class=\"citation-128 citation-end-128\"> \u00c0 compter de mars 2026, la s\u00e9rie R1 a commenc\u00e9 \u00e0 \u00eatre exp\u00e9di\u00e9e progressivement.<\/span> Les versions EDU n\u00e9cessitent g\u00e9n\u00e9ralement un devis direct ou un achat aupr\u00e8s de distributeurs de recherche agr\u00e9\u00e9s en raison du SDK sp\u00e9cialis\u00e9 et des mises \u00e0 niveau mat\u00e9rielles.<\/p>\n<\/blockquote>\n<\/div>\n<\/div>\n<\/div>\n<\/div>","protected":false},"excerpt":{"rendered":"<p data-path-to-node=\"0\"><span class=\"citation-138\">Le <\/span><b data-path-to-node=\"0\" data-index-in-node=\"4\"><span class=\"citation-138\">Unitree R1 Edu Pro C (U5)<\/span><\/b><span class=\"citation-138 citation-end-138\"> est un robot humano\u00efde haute performance, ax\u00e9 sur les d\u00e9veloppeurs, con\u00e7u pour la recherche avanc\u00e9e, le d\u00e9veloppement de l&#039;IA et l&#039;exploration acad\u00e9mique.<\/span> \u00c0 compter de 2026, elle repr\u00e9sente le niveau \u201c Pro \u201d de la s\u00e9rie R1, comblant le foss\u00e9 entre la robotique grand public et les plateformes industrielles haut de gamme.<\/p>\n<p data-path-to-node=\"1\">Vous trouverez ci-dessous une description d\u00e9taill\u00e9e des sp\u00e9cifications et des caract\u00e9ristiques du produit.<\/p>","protected":false},"featured_media":21562,"comment_status":"open","ping_status":"closed","template":"","meta":[],"product_brand":[1087],"product_cat":[1038,1037,1103],"product_tag":[1088,1105,1112,1113],"class_list":{"0":"post-21568","1":"product","2":"type-product","3":"status-publish","4":"has-post-thumbnail","6":"product_brand-unitree","7":"product_cat-humanoid","8":"product_cat-robotics","9":"product_cat-unitree-hum-robots","10":"product_tag-unitree","11":"product_tag-unitree-humanoid","12":"product_tag-unitree-r1","13":"product_tag-unitree-r1-series","15":"first","16":"onbackorder","17":"taxable","18":"shipping-taxable","19":"purchasable","20":"product-type-simple"},"yoast_head":"<!-- This site is optimized with the Yoast SEO plugin v27.4 - https:\/\/yoast.com\/product\/yoast-seo-wordpress\/ -->\n<title>Unitree R1 Edu Pro C (U5) - Ghostysky<\/title>\n<meta name=\"description\" content=\"The Unitree R1 Edu Pro C (U5) is a high-performance, developer-focused humanoid robot designed for advanced research, AI development, and academic exploration. As of 2026, it represents the &quot;Pro&quot; tier of the R1 series, bridging the gap between consumer-grade robotics and high-end industrial platforms.Below is a detailed breakdown of the product&#039;s specifications and features.\" \/>\n<meta name=\"robots\" content=\"index, follow, max-snippet:-1, max-image-preview:large, max-video-preview:-1\" \/>\n<link rel=\"canonical\" href=\"https:\/\/www.ghostysky.com\/fr\/product\/unitree-r1-edu-u5\/\" \/>\n<meta property=\"og:locale\" content=\"fr_FR\" \/>\n<meta property=\"og:type\" content=\"article\" \/>\n<meta property=\"og:title\" content=\"Unitree R1 Edu Pro C (U5) - Ghostysky\" \/>\n<meta property=\"og:description\" content=\"The Unitree R1 Edu Pro C (U5) is a high-performance, developer-focused humanoid robot designed for advanced research, AI development, and academic exploration. As of 2026, it represents the &quot;Pro&quot; tier of the R1 series, bridging the gap between consumer-grade robotics and high-end industrial platforms.Below is a detailed breakdown of the product&#039;s specifications and features.\" \/>\n<meta property=\"og:url\" content=\"https:\/\/www.ghostysky.com\/fr\/product\/unitree-r1-edu-u5\/\" \/>\n<meta property=\"og:site_name\" content=\"Ghostysky\" \/>\n<meta property=\"article:publisher\" content=\"https:\/\/www.facebook.com\/people\/Ghostysky\/100057676170234\/\" \/>\n<meta property=\"article:modified_time\" content=\"2026-03-20T11:40:47+00:00\" \/>\n<meta property=\"og:image\" content=\"https:\/\/www.ghostysky.com\/wp-content\/uploads\/2025\/10\/GH_R1-Basic-Version_1.jpg\" \/>\n\t<meta property=\"og:image:width\" content=\"225\" \/>\n\t<meta property=\"og:image:height\" content=\"225\" \/>\n\t<meta property=\"og:image:type\" content=\"image\/jpeg\" \/>\n<meta name=\"twitter:card\" content=\"summary_large_image\" \/>\n<meta name=\"twitter:site\" content=\"@Gh0stysky\" \/>\n<meta name=\"twitter:label1\" content=\"Dur\u00e9e de lecture estim\u00e9e\" \/>\n\t<meta name=\"twitter:data1\" content=\"2 minutes\" \/>\n<script type=\"application\/ld+json\" class=\"yoast-schema-graph\">{\"@context\":\"https:\\\/\\\/schema.org\",\"@graph\":[{\"@type\":\"WebPage\",\"@id\":\"https:\\\/\\\/www.ghostysky.com\\\/product\\\/unitree-r1-edu-u5\\\/\",\"url\":\"https:\\\/\\\/www.ghostysky.com\\\/product\\\/unitree-r1-edu-u5\\\/\",\"name\":\"Unitree R1 Edu Pro C (U5) - Ghostysky\",\"isPartOf\":{\"@id\":\"https:\\\/\\\/www.ghostysky.com\\\/#website\"},\"primaryImageOfPage\":{\"@id\":\"https:\\\/\\\/www.ghostysky.com\\\/product\\\/unitree-r1-edu-u5\\\/#primaryimage\"},\"image\":{\"@id\":\"https:\\\/\\\/www.ghostysky.com\\\/product\\\/unitree-r1-edu-u5\\\/#primaryimage\"},\"thumbnailUrl\":\"https:\\\/\\\/www.ghostysky.com\\\/wp-content\\\/uploads\\\/2025\\\/10\\\/GH_R1-Basic-Version_1.jpg\",\"datePublished\":\"2025-10-17T06:44:45+00:00\",\"dateModified\":\"2026-03-20T11:40:47+00:00\",\"description\":\"The Unitree R1 Edu Pro C (U5) is a high-performance, developer-focused humanoid robot designed for advanced research, AI development, and academic exploration. As of 2026, it represents the \\\"Pro\\\" tier of the R1 series, bridging the gap between consumer-grade robotics and high-end industrial platforms.Below is a detailed breakdown of the product's specifications and features.\",\"breadcrumb\":{\"@id\":\"https:\\\/\\\/www.ghostysky.com\\\/product\\\/unitree-r1-edu-u5\\\/#breadcrumb\"},\"inLanguage\":\"fr-FR\",\"potentialAction\":[{\"@type\":\"ReadAction\",\"target\":[\"https:\\\/\\\/www.ghostysky.com\\\/product\\\/unitree-r1-edu-u5\\\/\"]}]},{\"@type\":\"ImageObject\",\"inLanguage\":\"fr-FR\",\"@id\":\"https:\\\/\\\/www.ghostysky.com\\\/product\\\/unitree-r1-edu-u5\\\/#primaryimage\",\"url\":\"https:\\\/\\\/www.ghostysky.com\\\/wp-content\\\/uploads\\\/2025\\\/10\\\/GH_R1-Basic-Version_1.jpg\",\"contentUrl\":\"https:\\\/\\\/www.ghostysky.com\\\/wp-content\\\/uploads\\\/2025\\\/10\\\/GH_R1-Basic-Version_1.jpg\",\"width\":225,\"height\":225},{\"@type\":\"BreadcrumbList\",\"@id\":\"https:\\\/\\\/www.ghostysky.com\\\/product\\\/unitree-r1-edu-u5\\\/#breadcrumb\",\"itemListElement\":[{\"@type\":\"ListItem\",\"position\":1,\"name\":\"Home\",\"item\":\"https:\\\/\\\/www.ghostysky.com\\\/\"},{\"@type\":\"ListItem\",\"position\":2,\"name\":\"Shop\",\"item\":\"https:\\\/\\\/www.ghostysky.com\\\/shop\\\/\"},{\"@type\":\"ListItem\",\"position\":3,\"name\":\"Unitree R1 Edu Pro C (U5)\"}]},{\"@type\":\"WebSite\",\"@id\":\"https:\\\/\\\/www.ghostysky.com\\\/#website\",\"url\":\"https:\\\/\\\/www.ghostysky.com\\\/\",\"name\":\"Ghostysky\",\"description\":\"Delivering professional drones and services\",\"publisher\":{\"@id\":\"https:\\\/\\\/www.ghostysky.com\\\/#organization\"},\"potentialAction\":[{\"@type\":\"SearchAction\",\"target\":{\"@type\":\"EntryPoint\",\"urlTemplate\":\"https:\\\/\\\/www.ghostysky.com\\\/?s={search_term_string}\"},\"query-input\":{\"@type\":\"PropertyValueSpecification\",\"valueRequired\":true,\"valueName\":\"search_term_string\"}}],\"inLanguage\":\"fr-FR\"},{\"@type\":\"Organization\",\"@id\":\"https:\\\/\\\/www.ghostysky.com\\\/#organization\",\"name\":\"Ghostysky\",\"url\":\"https:\\\/\\\/www.ghostysky.com\\\/\",\"logo\":{\"@type\":\"ImageObject\",\"inLanguage\":\"fr-FR\",\"@id\":\"https:\\\/\\\/www.ghostysky.com\\\/#\\\/schema\\\/logo\\\/image\\\/\",\"url\":\"https:\\\/\\\/www.ghostysky.com\\\/wp-content\\\/uploads\\\/2020\\\/06\\\/cropped-ghostyskylogo_text_white2.png\",\"contentUrl\":\"https:\\\/\\\/www.ghostysky.com\\\/wp-content\\\/uploads\\\/2020\\\/06\\\/cropped-ghostyskylogo_text_white2.png\",\"width\":169,\"height\":56,\"caption\":\"Ghostysky\"},\"image\":{\"@id\":\"https:\\\/\\\/www.ghostysky.com\\\/#\\\/schema\\\/logo\\\/image\\\/\"},\"sameAs\":[\"https:\\\/\\\/www.facebook.com\\\/people\\\/Ghostysky\\\/100057676170234\\\/\",\"https:\\\/\\\/x.com\\\/Gh0stysky\",\"https:\\\/\\\/www.linkedin.com\\\/company\\\/34739653\",\"https:\\\/\\\/www.instagram.com\\\/gh0stysky\"]}]}<\/script>\n<!-- \/ Yoast SEO plugin. -->","yoast_head_json":{"title":"Unitree R1 Edu Pro C (U5) - Ghostysky","description":"L&#039;Unitree R1 Edu Pro C (U5) est un robot humano\u00efde haute performance destin\u00e9 aux d\u00e9veloppeurs et con\u00e7u pour la recherche avanc\u00e9e, le d\u00e9veloppement de l&#039;IA et l&#039;exploration acad\u00e9mique. \u00c0 partir de 2026, il repr\u00e9sente le niveau \"\u00a0Pro\u00a0\" de la s\u00e9rie R1, faisant le lien entre la robotique grand public et les plateformes industrielles haut de gamme. Vous trouverez ci-dessous une description d\u00e9taill\u00e9e des sp\u00e9cifications et des fonctionnalit\u00e9s du produit.","robots":{"index":"index","follow":"follow","max-snippet":"max-snippet:-1","max-image-preview":"max-image-preview:large","max-video-preview":"max-video-preview:-1"},"canonical":"https:\/\/www.ghostysky.com\/fr\/product\/unitree-r1-edu-u5\/","og_locale":"fr_FR","og_type":"article","og_title":"Unitree R1 Edu Pro C (U5) - Ghostysky","og_description":"The Unitree R1 Edu Pro C (U5) is a high-performance, developer-focused humanoid robot designed for advanced research, AI development, and academic exploration. As of 2026, it represents the \"Pro\" tier of the R1 series, bridging the gap between consumer-grade robotics and high-end industrial platforms.Below is a detailed breakdown of the product's specifications and features.","og_url":"https:\/\/www.ghostysky.com\/fr\/product\/unitree-r1-edu-u5\/","og_site_name":"Ghostysky","article_publisher":"https:\/\/www.facebook.com\/people\/Ghostysky\/100057676170234\/","article_modified_time":"2026-03-20T11:40:47+00:00","og_image":[{"width":225,"height":225,"url":"https:\/\/www.ghostysky.com\/wp-content\/uploads\/2025\/10\/GH_R1-Basic-Version_1.jpg","type":"image\/jpeg"}],"twitter_card":"summary_large_image","twitter_site":"@Gh0stysky","twitter_misc":{"Dur\u00e9e de lecture estim\u00e9e":"2 minutes"},"schema":{"@context":"https:\/\/schema.org","@graph":[{"@type":"WebPage","@id":"https:\/\/www.ghostysky.com\/product\/unitree-r1-edu-u5\/","url":"https:\/\/www.ghostysky.com\/product\/unitree-r1-edu-u5\/","name":"Unitree R1 Edu Pro C (U5) - Ghostysky","isPartOf":{"@id":"https:\/\/www.ghostysky.com\/#website"},"primaryImageOfPage":{"@id":"https:\/\/www.ghostysky.com\/product\/unitree-r1-edu-u5\/#primaryimage"},"image":{"@id":"https:\/\/www.ghostysky.com\/product\/unitree-r1-edu-u5\/#primaryimage"},"thumbnailUrl":"https:\/\/www.ghostysky.com\/wp-content\/uploads\/2025\/10\/GH_R1-Basic-Version_1.jpg","datePublished":"2025-10-17T06:44:45+00:00","dateModified":"2026-03-20T11:40:47+00:00","description":"L&#039;Unitree R1 Edu Pro C (U5) est un robot humano\u00efde haute performance destin\u00e9 aux d\u00e9veloppeurs et con\u00e7u pour la recherche avanc\u00e9e, le d\u00e9veloppement de l&#039;IA et l&#039;exploration acad\u00e9mique. \u00c0 partir de 2026, il repr\u00e9sente le niveau \"\u00a0Pro\u00a0\" de la s\u00e9rie R1, faisant le lien entre la robotique grand public et les plateformes industrielles haut de gamme. Vous trouverez ci-dessous une description d\u00e9taill\u00e9e des sp\u00e9cifications et des fonctionnalit\u00e9s du produit.","breadcrumb":{"@id":"https:\/\/www.ghostysky.com\/product\/unitree-r1-edu-u5\/#breadcrumb"},"inLanguage":"fr-FR","potentialAction":[{"@type":"ReadAction","target":["https:\/\/www.ghostysky.com\/product\/unitree-r1-edu-u5\/"]}]},{"@type":"ImageObject","inLanguage":"fr-FR","@id":"https:\/\/www.ghostysky.com\/product\/unitree-r1-edu-u5\/#primaryimage","url":"https:\/\/www.ghostysky.com\/wp-content\/uploads\/2025\/10\/GH_R1-Basic-Version_1.jpg","contentUrl":"https:\/\/www.ghostysky.com\/wp-content\/uploads\/2025\/10\/GH_R1-Basic-Version_1.jpg","width":225,"height":225},{"@type":"BreadcrumbList","@id":"https:\/\/www.ghostysky.com\/product\/unitree-r1-edu-u5\/#breadcrumb","itemListElement":[{"@type":"ListItem","position":1,"name":"Home","item":"https:\/\/www.ghostysky.com\/"},{"@type":"ListItem","position":2,"name":"Shop","item":"https:\/\/www.ghostysky.com\/shop\/"},{"@type":"ListItem","position":3,"name":"Unitree R1 Edu Pro C (U5)"}]},{"@type":"WebSite","@id":"https:\/\/www.ghostysky.com\/#website","url":"https:\/\/www.ghostysky.com\/","name":"Ghostysky","description":"Livraison de drones et de services professionnels","publisher":{"@id":"https:\/\/www.ghostysky.com\/#organization"},"potentialAction":[{"@type":"SearchAction","target":{"@type":"EntryPoint","urlTemplate":"https:\/\/www.ghostysky.com\/?s={search_term_string}"},"query-input":{"@type":"PropertyValueSpecification","valueRequired":true,"valueName":"search_term_string"}}],"inLanguage":"fr-FR"},{"@type":"Organization","@id":"https:\/\/www.ghostysky.com\/#organization","name":"Ghostysky","url":"https:\/\/www.ghostysky.com\/","logo":{"@type":"ImageObject","inLanguage":"fr-FR","@id":"https:\/\/www.ghostysky.com\/#\/schema\/logo\/image\/","url":"https:\/\/www.ghostysky.com\/wp-content\/uploads\/2020\/06\/cropped-ghostyskylogo_text_white2.png","contentUrl":"https:\/\/www.ghostysky.com\/wp-content\/uploads\/2020\/06\/cropped-ghostyskylogo_text_white2.png","width":169,"height":56,"caption":"Ghostysky"},"image":{"@id":"https:\/\/www.ghostysky.com\/#\/schema\/logo\/image\/"},"sameAs":["https:\/\/www.facebook.com\/people\/Ghostysky\/100057676170234\/","https:\/\/x.com\/Gh0stysky","https:\/\/www.linkedin.com\/company\/34739653","https:\/\/www.instagram.com\/gh0stysky"]}]}},"_links":{"self":[{"href":"https:\/\/www.ghostysky.com\/fr\/wp-json\/wp\/v2\/product\/21568","targetHints":{"allow":["GET"]}}],"collection":[{"href":"https:\/\/www.ghostysky.com\/fr\/wp-json\/wp\/v2\/product"}],"about":[{"href":"https:\/\/www.ghostysky.com\/fr\/wp-json\/wp\/v2\/types\/product"}],"replies":[{"embeddable":true,"href":"https:\/\/www.ghostysky.com\/fr\/wp-json\/wp\/v2\/comments?post=21568"}],"version-history":[{"count":1,"href":"https:\/\/www.ghostysky.com\/fr\/wp-json\/wp\/v2\/product\/21568\/revisions"}],"predecessor-version":[{"id":24497,"href":"https:\/\/www.ghostysky.com\/fr\/wp-json\/wp\/v2\/product\/21568\/revisions\/24497"}],"wp:featuredmedia":[{"embeddable":true,"href":"https:\/\/www.ghostysky.com\/fr\/wp-json\/wp\/v2\/media\/21562"}],"wp:attachment":[{"href":"https:\/\/www.ghostysky.com\/fr\/wp-json\/wp\/v2\/media?parent=21568"}],"wp:term":[{"taxonomy":"product_brand","embeddable":true,"href":"https:\/\/www.ghostysky.com\/fr\/wp-json\/wp\/v2\/product_brand?post=21568"},{"taxonomy":"product_cat","embeddable":true,"href":"https:\/\/www.ghostysky.com\/fr\/wp-json\/wp\/v2\/product_cat?post=21568"},{"taxonomy":"product_tag","embeddable":true,"href":"https:\/\/www.ghostysky.com\/fr\/wp-json\/wp\/v2\/product_tag?post=21568"}],"curies":[{"name":"wp","href":"https:\/\/api.w.org\/{rel}","templated":true}]}}