{"id":21728,"date":"2025-10-17T13:35:17","date_gmt":"2025-10-17T13:35:17","guid":{"rendered":"https:\/\/www.ghostysky.com\/?post_type=product&#038;p=21728"},"modified":"2025-10-17T13:35:49","modified_gmt":"2025-10-17T13:35:49","slug":"dji-matrice-4td-worry-free-flagship-combo-without-battery","status":"publish","type":"product","link":"https:\/\/www.ghostysky.com\/fr\/product\/dji-matrice-4td-worry-free-flagship-combo-without-battery\/","title":{"rendered":"DJI Matrice 4TD Worry-Free Flagship Combo (sans batterie)"},"content":{"rendered":"<div id=\"model-response-message-contentr_dad66f8cedfc2587\" class=\"markdown markdown-main-panel stronger enable-updated-hr-color\" dir=\"ltr\">\n<h3><b>Principales caract\u00e9ristiques du DJI Matrice 4TD<\/b><\/h3>\n<ul>\n<li><b>Charge utile multi-capteurs avanc\u00e9e\u00a0:<\/b><span class=\"citation-996 citation-end-996\"> Le Matrice 4TD est \u00e9quip\u00e9 d&#039;un syst\u00e8me de cam\u00e9ra complet pour une capture de donn\u00e9es polyvalente :<\/span>\n<ul>\n<li><b><span class=\"citation-995\">Cam\u00e9ra grand angle :<\/span><\/b><span class=\"citation-995 citation-end-995\"> Cam\u00e9ra CMOS 48\u00a0MP, 1\/1,3\u00a0pouce.<\/span><\/li>\n<li><b><span class=\"citation-994\">Appareil photo t\u00e9l\u00e9objectif moyen :<\/span><\/b><span class=\"citation-994 citation-end-994\"> CMOS 48MP, 1\/1,3 pouce pour les inspections \u00e0 moyenne port\u00e9e.<\/span><\/li>\n<li><b><span class=\"citation-993\">T\u00e9l\u00e9cam\u00e9ra :<\/span><\/b><span class=\"citation-993 citation-end-993\"> CMOS 48MP, 1\/1,5 pouce, capable de capturer des d\u00e9tails fins \u00e0 longue distance (jusqu&#039;\u00e0 250 m).<\/span><\/li>\n<li><b><span class=\"citation-992\">Cam\u00e9ra thermique infrarouge :<\/span><\/b><span class=\"citation-992 citation-end-992\"> Haute r\u00e9solution <\/span><span class=\"math-inline\" data-math=\"640 \\times 512\"><span class=\"katex\"><span class=\"katex-html\" aria-hidden=\"true\"><span class=\"base\"><span class=\"mord\">640<\/span><span class=\"mbin\">\u00d7<\/span><\/span><span class=\"base\"><span class=\"mord\">512<\/span><\/span><\/span><\/span><\/span><span class=\"citation-991 citation-end-991\"> r\u00e9solution (prenant en charge le mode d&#039;image infrarouge UHR jusqu&#039;\u00e0 <\/span><span class=\"math-inline\" data-math=\"1280 \\times 1024\"><span class=\"katex\"><span class=\"katex-html\" aria-hidden=\"true\"><span class=\"base\"><span class=\"mord\">1280<\/span><span class=\"mbin\">\u00d7<\/span><\/span><span class=\"base\"><span class=\"mord\">1024<\/span><\/span><\/span><\/span><\/span><span class=\"citation-990 citation-end-990\">) pour des lectures pr\u00e9cises de temp\u00e9rature et des analyses thermiques.<\/span><\/li>\n<li><b><span class=\"citation-989\">T\u00e9l\u00e9m\u00e8tre laser :<\/span><\/b><span class=\"citation-989 citation-end-989\"> Mesure des distances jusqu&#039;\u00e0 1800 m pour un positionnement et des donn\u00e9es pr\u00e9cis.<\/span><\/li>\n<li><b><span class=\"citation-988\">Lumi\u00e8re auxiliaire NIR :<\/span><\/b><span class=\"citation-988 citation-end-988\"> Une source de lumi\u00e8re proche infrarouge pour une visibilit\u00e9 am\u00e9lior\u00e9e dans des conditions de faible luminosit\u00e9, couvrant des distances jusqu&#039;\u00e0 100 m.<\/span><\/li>\n<\/ul>\n<\/li>\n<li><b>Performances robustes et fiables :<\/b>\n<ul>\n<li><b><span class=\"citation-987\">Indice de protection IP55 :<\/span><\/b><span class=\"citation-987 citation-end-987\"> Offre une r\u00e9sistance impressionnante \u00e0 la poussi\u00e8re et \u00e0 l&#039;eau, permettant des op\u00e9rations dans des conditions m\u00e9t\u00e9orologiques difficiles.<\/span><\/li>\n<li><b>Dur\u00e9e de vol prolong\u00e9e :<\/b><span class=\"citation-986 citation-end-986\"> Offre jusqu&#039;\u00e0 54 minutes de temps de vol vers l&#039;avant (ou 47 minutes de vol stationnaire) pour une endurance de mission plus longue.<\/span><\/li>\n<li><b><span class=\"citation-985\">H\u00e9lices anti-glace :<\/span><\/b><span class=\"citation-985 citation-end-985\"> Livr\u00e9 en standard avec des h\u00e9lices anti-givrage \u00e0 faible bruit, garantissant un vol stable m\u00eame dans des conditions de pluie vergla\u00e7ante.<\/span><\/li>\n<\/ul>\n<\/li>\n<li><b>S\u00e9curit\u00e9 et autonomie renforc\u00e9es :<\/b>\n<ul>\n<li><b>D\u00e9tection avanc\u00e9e d&#039;obstacles\u00a0:<\/b><span class=\"citation-984\"> Utilise une combinaison de rotation <\/span><b><span class=\"citation-984\">LiDAR<\/span><\/b><span class=\"citation-984\"> et <\/span><b><span class=\"citation-984\">radar \u00e0 ondes millim\u00e9triques<\/span><\/b><span class=\"citation-984 citation-end-984\"> technologie permettant d&#039;\u00e9viter les obstacles avec pr\u00e9cision et dans toutes les directions, m\u00eame en d\u00e9tectant les fils fins.<\/span><\/li>\n<li><b>Excelle dans les conditions de faible luminosit\u00e9\u00a0:<\/b><span class=\"citation-983\"> Comprend un <\/span><b><span class=\"citation-983\">Mode sc\u00e8ne nocturne<\/span><\/b><span class=\"citation-983\"> pour une vision nocturne en couleur, et le Matrice 4TD comprend sp\u00e9cifiquement un <\/span><b><span class=\"citation-983\">Filtre anti-IR<\/span><\/b><span class=\"citation-983 citation-end-983\"> pour des op\u00e9rations fiables 24h\/24 et 7j\/7 dans l&#039;obscurit\u00e9 totale.<\/span><\/li>\n<li><b>Relais a\u00e9roport\u00e9 sans faille :<\/b><span class=\"citation-982\"> Le drone peut fonctionner avec le <\/span><b><span class=\"citation-982\">DJI RC Plus 2 Entreprise<\/span><\/b><span class=\"citation-982 citation-end-982\"> contr\u00f4leur et dispose d&#039;une fonction de relais embarqu\u00e9e, permettant \u00e0 un drone de voler haut comme relais pour \u00e9tendre la port\u00e9e de communication d&#039;un autre, id\u00e9al pour les terrains montagneux.<\/span><\/li>\n<\/ul>\n<\/li>\n<\/ul>\n<p>Le <b>Combo phare sans souci<\/b> Ce drone de pointe est \u00e9quip\u00e9 d&#039;accessoires essentiels et d&#039;un plan de service, garantissant aux professionnels les outils et l&#039;assistance n\u00e9cessaires pour des op\u00e9rations critiques, par tous les temps et 24h\/24 et 7j\/7.<\/p>\n<h4>Dans la bo\u00eete<\/h4>\n<p>1x Matrice 4TD<br \/>\n1x H\u00e9lices anti-glace \u00e0 faible bruit DJI Matrice 4D Series (paire)<br \/>\n1x jeu de tournevis<br \/>\n1x c\u00e2ble de donn\u00e9es USB-A vers USB-C<br \/>\n6 vis de pale d&#039;h\u00e9lice M2.5<br \/>\n6x Rondelles en caoutchouc (pour h\u00e9lices)<br \/>\n4 vis M1.6 pour compartiment de module cellulaire d&#039;avion<\/p>\n<\/div>","protected":false},"excerpt":{"rendered":"<p><span class=\"citation-997 citation-end-997\">Le DJI Matrice 4TD Worry-Free Flagship Combo est une solution de drone hautes performances et r\u00e9sistante aux intemp\u00e9ries con\u00e7ue pour les applications d&#039;entreprise exigeantes telles que l&#039;inspection des infrastructures, les interventions d&#039;urgence, la s\u00e9curit\u00e9 publique et les relev\u00e9s a\u00e9riens d\u00e9taill\u00e9s.<\/span> Le \u00ab Worry-Free Flagship Combo \u00bb comprend g\u00e9n\u00e9ralement le drone lui-m\u00eame, la t\u00e9l\u00e9commande de qualit\u00e9 professionnelle, les batteries, l&#039;\u00e9quipement de charge et souvent un niveau de <b>DJI Care Enterprise Plus<\/b> pour plus de tranquillit\u00e9 d&#039;esprit.<\/p>","protected":false},"featured_media":21732,"comment_status":"open","ping_status":"closed","template":"","meta":[],"product_brand":[1031],"product_cat":[37,1118,1117],"product_tag":[42,1121,1120],"class_list":{"0":"post-21728","1":"product","2":"type-product","3":"status-publish","4":"has-post-thumbnail","6":"product_brand-dji","7":"product_cat-dji","8":"product_cat-dji-matrice-4-drones","9":"product_cat-matrice-4","10":"product_tag-dji","11":"product_tag-dji-matrice-4-drone","12":"product_tag-dji-matrice-4-series","14":"first","15":"onbackorder","16":"taxable","17":"shipping-taxable","18":"purchasable","19":"product-type-simple"},"yoast_head":"<!-- This site is optimized with the Yoast SEO plugin v27.4 - https:\/\/yoast.com\/product\/yoast-seo-wordpress\/ -->\n<title>DJI Matrice 4TD Worry-Free Flagship Combo (without Battery) - Ghostysky<\/title>\n<meta name=\"description\" content=\"The DJI Matrice 4TD Worry-Free Flagship Combo is a high-performance, weather-resistant drone solution designed for demanding enterprise applications such as infrastructure inspection, emergency response, public safety, and detailed aerial surveying. The &quot;Worry-Free Flagship Combo&quot; typically includes the drone itself, the professional-grade remote controller, batteries, charging equipment, and often a level of DJI Care Enterprise Plus for added peace of mind.\" \/>\n<meta name=\"robots\" content=\"index, follow, max-snippet:-1, max-image-preview:large, max-video-preview:-1\" \/>\n<link rel=\"canonical\" href=\"https:\/\/www.ghostysky.com\/fr\/product\/dji-matrice-4td-worry-free-flagship-combo-without-battery\/\" \/>\n<meta property=\"og:locale\" content=\"fr_FR\" \/>\n<meta property=\"og:type\" content=\"article\" \/>\n<meta property=\"og:title\" content=\"DJI Matrice 4TD Worry-Free Flagship Combo (without Battery) - Ghostysky\" \/>\n<meta property=\"og:description\" content=\"The DJI Matrice 4TD Worry-Free Flagship Combo is a high-performance, weather-resistant drone solution designed for demanding enterprise applications such as infrastructure inspection, emergency response, public safety, and detailed aerial surveying. The &quot;Worry-Free Flagship Combo&quot; typically includes the drone itself, the professional-grade remote controller, batteries, charging equipment, and often a level of DJI Care Enterprise Plus for added peace of mind.\" \/>\n<meta property=\"og:url\" content=\"https:\/\/www.ghostysky.com\/fr\/product\/dji-matrice-4td-worry-free-flagship-combo-without-battery\/\" \/>\n<meta property=\"og:site_name\" content=\"Ghostysky\" \/>\n<meta property=\"article:publisher\" content=\"https:\/\/www.facebook.com\/people\/Ghostysky\/100057676170234\/\" \/>\n<meta property=\"article:modified_time\" content=\"2025-10-17T13:35:49+00:00\" \/>\n<meta property=\"og:image\" content=\"https:\/\/www.ghostysky.com\/wp-content\/uploads\/2025\/10\/GH_DJI-Matrice-4TD-Worry-Free-Flagship-Combo-without-Battery_1.jpg\" \/>\n\t<meta property=\"og:image:width\" content=\"800\" \/>\n\t<meta property=\"og:image:height\" content=\"800\" \/>\n\t<meta property=\"og:image:type\" content=\"image\/jpeg\" \/>\n<meta name=\"twitter:card\" content=\"summary_large_image\" \/>\n<meta name=\"twitter:site\" content=\"@Gh0stysky\" \/>\n<meta name=\"twitter:label1\" content=\"Dur\u00e9e de lecture estim\u00e9e\" \/>\n\t<meta name=\"twitter:data1\" content=\"2 minutes\" \/>\n<script type=\"application\/ld+json\" class=\"yoast-schema-graph\">{\"@context\":\"https:\\\/\\\/schema.org\",\"@graph\":[{\"@type\":\"WebPage\",\"@id\":\"https:\\\/\\\/www.ghostysky.com\\\/product\\\/dji-matrice-4td-worry-free-flagship-combo-without-battery\\\/\",\"url\":\"https:\\\/\\\/www.ghostysky.com\\\/product\\\/dji-matrice-4td-worry-free-flagship-combo-without-battery\\\/\",\"name\":\"DJI Matrice 4TD Worry-Free Flagship Combo (without Battery) - Ghostysky\",\"isPartOf\":{\"@id\":\"https:\\\/\\\/www.ghostysky.com\\\/#website\"},\"primaryImageOfPage\":{\"@id\":\"https:\\\/\\\/www.ghostysky.com\\\/product\\\/dji-matrice-4td-worry-free-flagship-combo-without-battery\\\/#primaryimage\"},\"image\":{\"@id\":\"https:\\\/\\\/www.ghostysky.com\\\/product\\\/dji-matrice-4td-worry-free-flagship-combo-without-battery\\\/#primaryimage\"},\"thumbnailUrl\":\"https:\\\/\\\/www.ghostysky.com\\\/wp-content\\\/uploads\\\/2025\\\/10\\\/GH_DJI-Matrice-4TD-Worry-Free-Flagship-Combo-without-Battery_1.jpg\",\"datePublished\":\"2025-10-17T13:35:17+00:00\",\"dateModified\":\"2025-10-17T13:35:49+00:00\",\"description\":\"The DJI Matrice 4TD Worry-Free Flagship Combo is a high-performance, weather-resistant drone solution designed for demanding enterprise applications such as infrastructure inspection, emergency response, public safety, and detailed aerial surveying. The \\\"Worry-Free Flagship Combo\\\" typically includes the drone itself, the professional-grade remote controller, batteries, charging equipment, and often a level of DJI Care Enterprise Plus for added peace of mind.\",\"breadcrumb\":{\"@id\":\"https:\\\/\\\/www.ghostysky.com\\\/product\\\/dji-matrice-4td-worry-free-flagship-combo-without-battery\\\/#breadcrumb\"},\"inLanguage\":\"fr-FR\",\"potentialAction\":[{\"@type\":\"ReadAction\",\"target\":[\"https:\\\/\\\/www.ghostysky.com\\\/product\\\/dji-matrice-4td-worry-free-flagship-combo-without-battery\\\/\"]}]},{\"@type\":\"ImageObject\",\"inLanguage\":\"fr-FR\",\"@id\":\"https:\\\/\\\/www.ghostysky.com\\\/product\\\/dji-matrice-4td-worry-free-flagship-combo-without-battery\\\/#primaryimage\",\"url\":\"https:\\\/\\\/www.ghostysky.com\\\/wp-content\\\/uploads\\\/2025\\\/10\\\/GH_DJI-Matrice-4TD-Worry-Free-Flagship-Combo-without-Battery_1.jpg\",\"contentUrl\":\"https:\\\/\\\/www.ghostysky.com\\\/wp-content\\\/uploads\\\/2025\\\/10\\\/GH_DJI-Matrice-4TD-Worry-Free-Flagship-Combo-without-Battery_1.jpg\",\"width\":800,\"height\":800},{\"@type\":\"BreadcrumbList\",\"@id\":\"https:\\\/\\\/www.ghostysky.com\\\/product\\\/dji-matrice-4td-worry-free-flagship-combo-without-battery\\\/#breadcrumb\",\"itemListElement\":[{\"@type\":\"ListItem\",\"position\":1,\"name\":\"Home\",\"item\":\"https:\\\/\\\/www.ghostysky.com\\\/\"},{\"@type\":\"ListItem\",\"position\":2,\"name\":\"Shop\",\"item\":\"https:\\\/\\\/www.ghostysky.com\\\/shop\\\/\"},{\"@type\":\"ListItem\",\"position\":3,\"name\":\"DJI Matrice 4TD Worry-Free Flagship Combo (without Battery)\"}]},{\"@type\":\"WebSite\",\"@id\":\"https:\\\/\\\/www.ghostysky.com\\\/#website\",\"url\":\"https:\\\/\\\/www.ghostysky.com\\\/\",\"name\":\"Ghostysky\",\"description\":\"Delivering professional drones and robotics solutions\",\"publisher\":{\"@id\":\"https:\\\/\\\/www.ghostysky.com\\\/#organization\"},\"potentialAction\":[{\"@type\":\"SearchAction\",\"target\":{\"@type\":\"EntryPoint\",\"urlTemplate\":\"https:\\\/\\\/www.ghostysky.com\\\/?s={search_term_string}\"},\"query-input\":{\"@type\":\"PropertyValueSpecification\",\"valueRequired\":true,\"valueName\":\"search_term_string\"}}],\"inLanguage\":\"fr-FR\"},{\"@type\":\"Organization\",\"@id\":\"https:\\\/\\\/www.ghostysky.com\\\/#organization\",\"name\":\"Ghostysky\",\"url\":\"https:\\\/\\\/www.ghostysky.com\\\/\",\"logo\":{\"@type\":\"ImageObject\",\"inLanguage\":\"fr-FR\",\"@id\":\"https:\\\/\\\/www.ghostysky.com\\\/#\\\/schema\\\/logo\\\/image\\\/\",\"url\":\"https:\\\/\\\/www.ghostysky.com\\\/wp-content\\\/uploads\\\/2020\\\/06\\\/cropped-ghostyskylogo_text_white2.png\",\"contentUrl\":\"https:\\\/\\\/www.ghostysky.com\\\/wp-content\\\/uploads\\\/2020\\\/06\\\/cropped-ghostyskylogo_text_white2.png\",\"width\":169,\"height\":56,\"caption\":\"Ghostysky\"},\"image\":{\"@id\":\"https:\\\/\\\/www.ghostysky.com\\\/#\\\/schema\\\/logo\\\/image\\\/\"},\"sameAs\":[\"https:\\\/\\\/www.facebook.com\\\/people\\\/Ghostysky\\\/100057676170234\\\/\",\"https:\\\/\\\/x.com\\\/Gh0stysky\",\"https:\\\/\\\/www.linkedin.com\\\/company\\\/34739653\",\"https:\\\/\\\/www.instagram.com\\\/gh0stysky\"]}]}<\/script>\n<!-- \/ Yoast SEO plugin. -->","yoast_head_json":{"title":"DJI Matrice 4TD, pack phare sans souci (sans batterie) - Ghostysky","description":"Le DJI Matrice 4TD Worry-Free Flagship Combo est une solution de drone hautes performances et r\u00e9sistante aux intemp\u00e9ries, con\u00e7ue pour les applications professionnelles exigeantes telles que l&#039;inspection des infrastructures, les interventions d&#039;urgence, la s\u00e9curit\u00e9 publique et les relev\u00e9s a\u00e9riens d\u00e9taill\u00e9s. Ce \u00ab\u00a0Worry-Free Flagship Combo\u00a0\u00bb comprend g\u00e9n\u00e9ralement le drone, la radiocommande professionnelle, les batteries, le chargeur et souvent l&#039;abonnement DJI Care Enterprise Plus pour une plus grande tranquillit\u00e9 d&#039;esprit.","robots":{"index":"index","follow":"follow","max-snippet":"max-snippet:-1","max-image-preview":"max-image-preview:large","max-video-preview":"max-video-preview:-1"},"canonical":"https:\/\/www.ghostysky.com\/fr\/product\/dji-matrice-4td-worry-free-flagship-combo-without-battery\/","og_locale":"fr_FR","og_type":"article","og_title":"DJI Matrice 4TD Worry-Free Flagship Combo (without Battery) - Ghostysky","og_description":"The DJI Matrice 4TD Worry-Free Flagship Combo is a high-performance, weather-resistant drone solution designed for demanding enterprise applications such as infrastructure inspection, emergency response, public safety, and detailed aerial surveying. The \"Worry-Free Flagship Combo\" typically includes the drone itself, the professional-grade remote controller, batteries, charging equipment, and often a level of DJI Care Enterprise Plus for added peace of mind.","og_url":"https:\/\/www.ghostysky.com\/fr\/product\/dji-matrice-4td-worry-free-flagship-combo-without-battery\/","og_site_name":"Ghostysky","article_publisher":"https:\/\/www.facebook.com\/people\/Ghostysky\/100057676170234\/","article_modified_time":"2025-10-17T13:35:49+00:00","og_image":[{"width":800,"height":800,"url":"https:\/\/www.ghostysky.com\/wp-content\/uploads\/2025\/10\/GH_DJI-Matrice-4TD-Worry-Free-Flagship-Combo-without-Battery_1.jpg","type":"image\/jpeg"}],"twitter_card":"summary_large_image","twitter_site":"@Gh0stysky","twitter_misc":{"Dur\u00e9e de lecture estim\u00e9e":"2 minutes"},"schema":{"@context":"https:\/\/schema.org","@graph":[{"@type":"WebPage","@id":"https:\/\/www.ghostysky.com\/product\/dji-matrice-4td-worry-free-flagship-combo-without-battery\/","url":"https:\/\/www.ghostysky.com\/product\/dji-matrice-4td-worry-free-flagship-combo-without-battery\/","name":"DJI Matrice 4TD, pack phare sans souci (sans batterie) - Ghostysky","isPartOf":{"@id":"https:\/\/www.ghostysky.com\/#website"},"primaryImageOfPage":{"@id":"https:\/\/www.ghostysky.com\/product\/dji-matrice-4td-worry-free-flagship-combo-without-battery\/#primaryimage"},"image":{"@id":"https:\/\/www.ghostysky.com\/product\/dji-matrice-4td-worry-free-flagship-combo-without-battery\/#primaryimage"},"thumbnailUrl":"https:\/\/www.ghostysky.com\/wp-content\/uploads\/2025\/10\/GH_DJI-Matrice-4TD-Worry-Free-Flagship-Combo-without-Battery_1.jpg","datePublished":"2025-10-17T13:35:17+00:00","dateModified":"2025-10-17T13:35:49+00:00","description":"Le DJI Matrice 4TD Worry-Free Flagship Combo est une solution de drone hautes performances et r\u00e9sistante aux intemp\u00e9ries, con\u00e7ue pour les applications professionnelles exigeantes telles que l&#039;inspection des infrastructures, les interventions d&#039;urgence, la s\u00e9curit\u00e9 publique et les relev\u00e9s a\u00e9riens d\u00e9taill\u00e9s. Ce \u00ab\u00a0Worry-Free Flagship Combo\u00a0\u00bb comprend g\u00e9n\u00e9ralement le drone, la radiocommande professionnelle, les batteries, le chargeur et souvent l&#039;abonnement DJI Care Enterprise Plus pour une plus grande tranquillit\u00e9 d&#039;esprit.","breadcrumb":{"@id":"https:\/\/www.ghostysky.com\/product\/dji-matrice-4td-worry-free-flagship-combo-without-battery\/#breadcrumb"},"inLanguage":"fr-FR","potentialAction":[{"@type":"ReadAction","target":["https:\/\/www.ghostysky.com\/product\/dji-matrice-4td-worry-free-flagship-combo-without-battery\/"]}]},{"@type":"ImageObject","inLanguage":"fr-FR","@id":"https:\/\/www.ghostysky.com\/product\/dji-matrice-4td-worry-free-flagship-combo-without-battery\/#primaryimage","url":"https:\/\/www.ghostysky.com\/wp-content\/uploads\/2025\/10\/GH_DJI-Matrice-4TD-Worry-Free-Flagship-Combo-without-Battery_1.jpg","contentUrl":"https:\/\/www.ghostysky.com\/wp-content\/uploads\/2025\/10\/GH_DJI-Matrice-4TD-Worry-Free-Flagship-Combo-without-Battery_1.jpg","width":800,"height":800},{"@type":"BreadcrumbList","@id":"https:\/\/www.ghostysky.com\/product\/dji-matrice-4td-worry-free-flagship-combo-without-battery\/#breadcrumb","itemListElement":[{"@type":"ListItem","position":1,"name":"Home","item":"https:\/\/www.ghostysky.com\/"},{"@type":"ListItem","position":2,"name":"Shop","item":"https:\/\/www.ghostysky.com\/shop\/"},{"@type":"ListItem","position":3,"name":"DJI Matrice 4TD Worry-Free Flagship Combo (without Battery)"}]},{"@type":"WebSite","@id":"https:\/\/www.ghostysky.com\/#website","url":"https:\/\/www.ghostysky.com\/","name":"Ghostysky","description":"Fourniture de solutions professionnelles en mati\u00e8re de drones et de robotique","publisher":{"@id":"https:\/\/www.ghostysky.com\/#organization"},"potentialAction":[{"@type":"SearchAction","target":{"@type":"EntryPoint","urlTemplate":"https:\/\/www.ghostysky.com\/?s={search_term_string}"},"query-input":{"@type":"PropertyValueSpecification","valueRequired":true,"valueName":"search_term_string"}}],"inLanguage":"fr-FR"},{"@type":"Organization","@id":"https:\/\/www.ghostysky.com\/#organization","name":"Ghostysky","url":"https:\/\/www.ghostysky.com\/","logo":{"@type":"ImageObject","inLanguage":"fr-FR","@id":"https:\/\/www.ghostysky.com\/#\/schema\/logo\/image\/","url":"https:\/\/www.ghostysky.com\/wp-content\/uploads\/2020\/06\/cropped-ghostyskylogo_text_white2.png","contentUrl":"https:\/\/www.ghostysky.com\/wp-content\/uploads\/2020\/06\/cropped-ghostyskylogo_text_white2.png","width":169,"height":56,"caption":"Ghostysky"},"image":{"@id":"https:\/\/www.ghostysky.com\/#\/schema\/logo\/image\/"},"sameAs":["https:\/\/www.facebook.com\/people\/Ghostysky\/100057676170234\/","https:\/\/x.com\/Gh0stysky","https:\/\/www.linkedin.com\/company\/34739653","https:\/\/www.instagram.com\/gh0stysky"]}]}},"_links":{"self":[{"href":"https:\/\/www.ghostysky.com\/fr\/wp-json\/wp\/v2\/product\/21728","targetHints":{"allow":["GET"]}}],"collection":[{"href":"https:\/\/www.ghostysky.com\/fr\/wp-json\/wp\/v2\/product"}],"about":[{"href":"https:\/\/www.ghostysky.com\/fr\/wp-json\/wp\/v2\/types\/product"}],"replies":[{"embeddable":true,"href":"https:\/\/www.ghostysky.com\/fr\/wp-json\/wp\/v2\/comments?post=21728"}],"version-history":[{"count":0,"href":"https:\/\/www.ghostysky.com\/fr\/wp-json\/wp\/v2\/product\/21728\/revisions"}],"wp:featuredmedia":[{"embeddable":true,"href":"https:\/\/www.ghostysky.com\/fr\/wp-json\/wp\/v2\/media\/21732"}],"wp:attachment":[{"href":"https:\/\/www.ghostysky.com\/fr\/wp-json\/wp\/v2\/media?parent=21728"}],"wp:term":[{"taxonomy":"product_brand","embeddable":true,"href":"https:\/\/www.ghostysky.com\/fr\/wp-json\/wp\/v2\/product_brand?post=21728"},{"taxonomy":"product_cat","embeddable":true,"href":"https:\/\/www.ghostysky.com\/fr\/wp-json\/wp\/v2\/product_cat?post=21728"},{"taxonomy":"product_tag","embeddable":true,"href":"https:\/\/www.ghostysky.com\/fr\/wp-json\/wp\/v2\/product_tag?post=21728"}],"curies":[{"name":"wp","href":"https:\/\/api.w.org\/{rel}","templated":true}]}}