{"id":21735,"date":"2025-10-17T13:37:41","date_gmt":"2025-10-17T13:37:41","guid":{"rendered":"https:\/\/www.ghostysky.com\/?post_type=product&#038;p=21735"},"modified":"2025-10-17T13:45:49","modified_gmt":"2025-10-17T13:45:49","slug":"dji-matrice-4d-worry-free-flagship-combo","status":"publish","type":"product","link":"https:\/\/www.ghostysky.com\/fr\/product\/dji-matrice-4d-worry-free-flagship-combo\/","title":{"rendered":"DJI Matrice 4D Combo phare sans souci"},"content":{"rendered":"<div id=\"model-response-message-contentr_55bc02040a3d26f8\" class=\"markdown markdown-main-panel stronger enable-updated-hr-color\" dir=\"ltr\">\n<h3><b>Principales caract\u00e9ristiques et avantages<\/b><\/h3>\n<ul>\n<li><b><span class=\"citation-1043\">Syst\u00e8me d&#039;imagerie puissant :<\/span><\/b><span class=\"citation-1043 citation-end-1043\"> Le Matrice 4D est \u00e9quip\u00e9 d&#039;une charge utile visuelle haute performance, comprenant :<\/span>\n<ul>\n<li><span class=\"citation-1042\">UN <\/span><b><span class=\"citation-1042\">Appareil photo grand angle 20MP<\/span><\/b><span class=\"citation-1042 citation-end-1042\"> avec un capteur CMOS 4\/3 pour une imagerie a\u00e9rienne haute r\u00e9solution.<\/span><\/li>\n<li><span class=\"citation-1041\">UN <\/span><b><span class=\"citation-1041\">Appareil photo t\u00e9l\u00e9objectif moyen 48MP<\/span><\/b><span class=\"citation-1041 citation-end-1041\"> (\u00e9quivalent 70 mm) pour une inspection d\u00e9taill\u00e9e \u00e0 moyenne port\u00e9e.<\/span><\/li>\n<li><span class=\"citation-1040\">UN <\/span><b><span class=\"citation-1040\">Appareil photo t\u00e9l\u00e9objectif 48MP<\/span><\/b><span class=\"citation-1040 citation-end-1040\"> (\u00e9quivalent 168 mm) pour capturer les d\u00e9tails fins \u00e0 distance (jusqu&#039;\u00e0 <\/span><span class=\"math-inline\" data-math=\"250\\text{ m}\"><span class=\"katex\"><span class=\"katex-html\" aria-hidden=\"true\"><span class=\"base\"><span class=\"mord\">250<\/span><span class=\"mord text\"><span class=\"mord\">\u00a0m<\/span><\/span><\/span><\/span><\/span><\/span><span class=\"citation-1039 citation-end-1039\">), avec une stabilisation de premier plan am\u00e9lior\u00e9e.<\/span><\/li>\n<li><span class=\"citation-1038\">Un syst\u00e8me int\u00e9gr\u00e9 <\/span><b><span class=\"citation-1038\">T\u00e9l\u00e9m\u00e8tre laser<\/span><\/b><span class=\"citation-1038 citation-end-1038\"> pour une mesure pr\u00e9cise de la distance et une capture de donn\u00e9es.<\/span><\/li>\n<\/ul>\n<\/li>\n<li><b>Fonctionnement sans souci :<\/b> L&#039;aspect \u00ab Sans souci \u00bb met en valeur sa robustesse et ses fonctionnalit\u00e9s de s\u00e9curit\u00e9 avanc\u00e9es :\n<ul>\n<li><b>Dur\u00e9e de vol prolong\u00e9e :<\/b><span class=\"citation-1037 citation-end-1037\"> Offres jusqu&#039;\u00e0 <\/span><span class=\"math-inline\" data-math=\"54\\text{ minutes}\"><span class=\"katex\"><span class=\"katex-html\" aria-hidden=\"true\"><span class=\"base\"><span class=\"mord\">54<\/span><span class=\"mord text\"><span class=\"mord\">\u00a0minutes<\/span><\/span><\/span><\/span><\/span><\/span><span class=\"citation-1036 citation-end-1036\"> du temps de vol vers l&#039;avant ou <\/span><span class=\"math-inline\" data-math=\"47\\text{ minutes}\"><span class=\"katex\"><span class=\"katex-html\" aria-hidden=\"true\"><span class=\"base\"><span class=\"mord\">47<\/span><span class=\"mord text\"><span class=\"mord\">\u00a0minutes<\/span><\/span><\/span><\/span><\/span><\/span><span class=\"citation-1035 citation-end-1035\"> du temps de vol stationnaire (avec batterie Matrice s\u00e9rie 4D).<\/span><\/li>\n<li><b>Indice de protection IP55 :<\/b><span class=\"citation-1034 citation-end-1034\"> Assure une r\u00e9sistance robuste \u00e0 la poussi\u00e8re et \u00e0 l&#039;eau, permettant un fonctionnement fiable dans diverses conditions m\u00e9t\u00e9orologiques.<\/span><\/li>\n<li><b>D\u00e9tection avanc\u00e9e d&#039;obstacles\u00a0:<\/b><span class=\"citation-1033\"> Le module de d\u00e9tection d&#039;obstacles combine <\/span><b><span class=\"citation-1033\">LiDAR rotatif<\/span><\/b><span class=\"citation-1033\"> et <\/span><b><span class=\"citation-1033\">radar \u00e0 ondes millim\u00e9triques<\/span><\/b><span class=\"citation-1033 citation-end-1033\"> pour \u00eatre pr\u00e9cis, <\/span><span class=\"math-inline\" data-math=\"12\\text{ mm}\"><span class=\"katex\"><span class=\"katex-html\" aria-hidden=\"true\"><span class=\"base\"><span class=\"mord\">12<\/span><span class=\"mord text\"><span class=\"mord\">\u00a0mm<\/span><\/span><\/span><\/span><\/span><\/span><span class=\"citation-1032 citation-end-1032\"> \u00e9vitement d&#039;obstacles au niveau du fil, m\u00eame \u00e0 des vitesses allant jusqu&#039;\u00e0 <\/span><span class=\"math-inline\" data-math=\"15\\text{ m\/s}\"><span class=\"katex\"><span class=\"katex-html\" aria-hidden=\"true\"><span class=\"base\"><span class=\"mord\">15<\/span><span class=\"mord text\"><span class=\"mord\">\u00a0MS<\/span><\/span><\/span><\/span><\/span><\/span><span class=\"citation-1031 citation-end-1031\"> et dans des conditions de faible luminosit\u00e9.<\/span><\/li>\n<\/ul>\n<\/li>\n<li><b>Performances exceptionnelles en basse lumi\u00e8re :<\/b><span class=\"citation-1030 citation-end-1030\"> Comprend quatre objectifs fisheye haute r\u00e9solution et faible luminosit\u00e9 pour un positionnement visuel am\u00e9lior\u00e9 et une d\u00e9tection d&#039;obstacles.<\/span> Le nouveau <b>Mode sc\u00e8ne nocturne<\/b> offre une vision nocturne en couleur pour une capacit\u00e9 de mission 24h\/24 et 7j\/7.<\/li>\n<li><b><span class=\"citation-1029\">Cartographie et inspection professionnelles :<\/span><\/b><span class=\"citation-1029 citation-end-1029\"> Excelle dans la cartographie de haute pr\u00e9cision avec des fonctions telles qu&#039;une nouvelle photographie oblique \u00e0 5 directions, une orthophotographie \u00e0 3 directions et un suivi du terrain en temps r\u00e9el.<\/span> <span class=\"citation-1028 citation-end-1028\">Il prend en charge des fonctionnalit\u00e9s intelligentes telles que la d\u00e9tection de v\u00e9hicules et de navires via DJI Pilot 2.<\/span><\/li>\n<li><b><span class=\"citation-1027\">Relais a\u00e9roport\u00e9 sans faille :<\/span><\/b><span class=\"citation-1027\"> Lorsqu&#039;il est utilis\u00e9 avec le <\/span><b><span class=\"citation-1027\">DJI RC Plus 2 Entreprise<\/span><\/b><span class=\"citation-1027 citation-end-1027\"> t\u00e9l\u00e9commande (incluse), un drone peut voler haut pour servir de relais, \u00e9tendant consid\u00e9rablement la port\u00e9e de transmission pour les missions en terrain montagneux ou obstru\u00e9.<\/span>\n<div class=\"source-inline-chip-container ng-star-inserted\"><\/div>\n<\/li>\n<\/ul>\n<p><b>Ce qui est inclus dans le combo\u00a0:<\/b><\/p>\n<p>Le Flagship Combo est complet et comprend g\u00e9n\u00e9ralement tout ce qui est n\u00e9cessaire \u00e0 un fonctionnement professionnel et autonome, tel que\u00a0:<\/p>\n<ul>\n<li>Avion DJI Matrice 4D<\/li>\n<li><span class=\"citation-1026 citation-end-1026\">Batterie DJI Matrice s\u00e9rie 4D<\/span><\/li>\n<li><span class=\"citation-1025 citation-end-1025\">T\u00e9l\u00e9commande DJI RC Plus 2 Enterprise<\/span><\/li>\n<li><span class=\"citation-1024 citation-end-1024\">H\u00e9lices de rechange anti-glace \u00e0 faible bruit pour DJI Matrice 4D Series (paire)<\/span><\/li>\n<li><span class=\"citation-1023 citation-end-1023\">Adaptateur secteur et station de charge DJI 240 W<\/span><\/li>\n<li><span class=\"citation-1022 citation-end-1022\">\u00c9tui de rangement et sangle de transport pour DJI Matrice 4D Series<\/span><\/li>\n<li>Divers c\u00e2bles et petits outils.<\/li>\n<\/ul>\n<p>Le <b>DJI Matrice 4D Combo phare sans souci<\/b> est le package complet pour les professionnels \u00e0 la recherche d&#039;une plate-forme durable et haut de gamme pour les inspections d\u00e9taill\u00e9es, les relev\u00e9s et la cartographie, offrant une tranquillit\u00e9 d&#039;esprit avec ses syst\u00e8mes de s\u00e9curit\u00e9 avanc\u00e9s et sa capacit\u00e9 par tous les temps.<\/p>\n<\/div>\n<h4>DANS LA BO\u00ceTE<\/h4>\n<p>1x DJI Matrice 4D<br \/>\n1x batterie DJI Matrice s\u00e9rie 4D<br \/>\n1x DJI RC Plus 2 Enterprise<br \/>\n1x H\u00e9lices anti-glace \u00e0 faible bruit DJI Matrice 4D Series (paire)<br \/>\n1x adaptateur secteur DJI 240 W<br \/>\n1x Station de charge DJI Matrice 4D Series 240 W<br \/>\n1x \u00e9tui de rangement DJI Matrice s\u00e9rie 4D<br \/>\n1x Sangle de transport pour DJI Matrice 4 Series<br \/>\n1x jeu de tournevis<br \/>\n1x Tournevis (pour t\u00e9l\u00e9commande)<br \/>\n1x c\u00e2ble de donn\u00e9es USB-C vers USB-C<br \/>\n1x c\u00e2ble de donn\u00e9es USB-A vers USB-C<br \/>\n1x C\u00e2ble de charge rapide DJI Power pour drones<br \/>\n1x Protecteur de cardan<br \/>\n1x carte microSD<\/p>","protected":false},"excerpt":{"rendered":"<p><span class=\"citation-1045\">Le <\/span><b><span class=\"citation-1045\">DJI Matrice 4D Combo phare sans souci<\/span><\/b><span class=\"citation-1045 citation-end-1045\"> est une solution de drone industriel tout-en-un avanc\u00e9e con\u00e7ue pour une cartographie professionnelle de haute pr\u00e9cision et des inspections de surface d\u00e9taill\u00e9es.<\/span> <span class=\"citation-1044 citation-end-1044\">Ce package phare est con\u00e7u pour la fiabilit\u00e9, le fonctionnement prolong\u00e9 et la s\u00e9curit\u00e9 dans des environnements difficiles.<\/span><\/p>","protected":false},"featured_media":21736,"comment_status":"open","ping_status":"closed","template":"","meta":[],"product_brand":[1031],"product_cat":[37,1118,1117],"product_tag":[42,1121,1120],"class_list":{"0":"post-21735","1":"product","2":"type-product","3":"status-publish","4":"has-post-thumbnail","6":"product_brand-dji","7":"product_cat-dji","8":"product_cat-dji-matrice-4-drones","9":"product_cat-matrice-4","10":"product_tag-dji","11":"product_tag-dji-matrice-4-drone","12":"product_tag-dji-matrice-4-series","14":"first","15":"onbackorder","16":"taxable","17":"shipping-taxable","18":"purchasable","19":"product-type-simple"},"yoast_head":"<!-- This site is optimized with the Yoast SEO plugin v27.1.1 - https:\/\/yoast.com\/product\/yoast-seo-wordpress\/ -->\n<title>DJI Matrice 4D Worry-Free Flagship Combo - Ghostysky<\/title>\n<meta name=\"description\" content=\"The DJI Matrice 4D Worry-Free Flagship Combo is an advanced, all-in-one industrial drone solution designed for professional high-precision mapping and detailed surface inspections. This flagship package is engineered for reliability, extended operation, and safety in challenging environments.\" \/>\n<meta name=\"robots\" content=\"index, follow, max-snippet:-1, max-image-preview:large, max-video-preview:-1\" \/>\n<link rel=\"canonical\" href=\"https:\/\/www.ghostysky.com\/fr\/product\/dji-matrice-4d-worry-free-flagship-combo\/\" \/>\n<meta property=\"og:locale\" content=\"fr_FR\" \/>\n<meta property=\"og:type\" content=\"article\" \/>\n<meta property=\"og:title\" content=\"DJI Matrice 4D Worry-Free Flagship Combo - Ghostysky\" \/>\n<meta property=\"og:description\" content=\"The DJI Matrice 4D Worry-Free Flagship Combo is an advanced, all-in-one industrial drone solution designed for professional high-precision mapping and detailed surface inspections. This flagship package is engineered for reliability, extended operation, and safety in challenging environments.\" \/>\n<meta property=\"og:url\" content=\"https:\/\/www.ghostysky.com\/fr\/product\/dji-matrice-4d-worry-free-flagship-combo\/\" \/>\n<meta property=\"og:site_name\" content=\"Ghostysky\" \/>\n<meta property=\"article:publisher\" content=\"https:\/\/www.facebook.com\/people\/Ghostysky\/100057676170234\/\" \/>\n<meta property=\"article:modified_time\" content=\"2025-10-17T13:45:49+00:00\" \/>\n<meta property=\"og:image\" content=\"https:\/\/www.ghostysky.com\/wp-content\/uploads\/2025\/10\/GH_DJI-Matrice-4D-Worry-Free-Flagship-Combo_1.jpg\" \/>\n\t<meta property=\"og:image:width\" content=\"800\" \/>\n\t<meta property=\"og:image:height\" content=\"800\" \/>\n\t<meta property=\"og:image:type\" content=\"image\/jpeg\" \/>\n<meta name=\"twitter:card\" content=\"summary_large_image\" \/>\n<meta name=\"twitter:site\" content=\"@Gh0stysky\" \/>\n<meta name=\"twitter:label1\" content=\"Dur\u00e9e de lecture estim\u00e9e\" \/>\n\t<meta name=\"twitter:data1\" content=\"3 minutes\" \/>\n<script type=\"application\/ld+json\" class=\"yoast-schema-graph\">{\"@context\":\"https:\/\/schema.org\",\"@graph\":[{\"@type\":\"WebPage\",\"@id\":\"https:\/\/www.ghostysky.com\/product\/dji-matrice-4d-worry-free-flagship-combo\/\",\"url\":\"https:\/\/www.ghostysky.com\/product\/dji-matrice-4d-worry-free-flagship-combo\/\",\"name\":\"DJI Matrice 4D Worry-Free Flagship Combo - Ghostysky\",\"isPartOf\":{\"@id\":\"https:\/\/www.ghostysky.com\/#website\"},\"primaryImageOfPage\":{\"@id\":\"https:\/\/www.ghostysky.com\/product\/dji-matrice-4d-worry-free-flagship-combo\/#primaryimage\"},\"image\":{\"@id\":\"https:\/\/www.ghostysky.com\/product\/dji-matrice-4d-worry-free-flagship-combo\/#primaryimage\"},\"thumbnailUrl\":\"https:\/\/www.ghostysky.com\/wp-content\/uploads\/2025\/10\/GH_DJI-Matrice-4D-Worry-Free-Flagship-Combo_1.jpg\",\"datePublished\":\"2025-10-17T13:37:41+00:00\",\"dateModified\":\"2025-10-17T13:45:49+00:00\",\"description\":\"The DJI Matrice 4D Worry-Free Flagship Combo is an advanced, all-in-one industrial drone solution designed for professional high-precision mapping and detailed surface inspections. This flagship package is engineered for reliability, extended operation, and safety in challenging environments.\",\"breadcrumb\":{\"@id\":\"https:\/\/www.ghostysky.com\/product\/dji-matrice-4d-worry-free-flagship-combo\/#breadcrumb\"},\"inLanguage\":\"fr-FR\",\"potentialAction\":[{\"@type\":\"ReadAction\",\"target\":[\"https:\/\/www.ghostysky.com\/product\/dji-matrice-4d-worry-free-flagship-combo\/\"]}]},{\"@type\":\"ImageObject\",\"inLanguage\":\"fr-FR\",\"@id\":\"https:\/\/www.ghostysky.com\/product\/dji-matrice-4d-worry-free-flagship-combo\/#primaryimage\",\"url\":\"https:\/\/www.ghostysky.com\/wp-content\/uploads\/2025\/10\/GH_DJI-Matrice-4D-Worry-Free-Flagship-Combo_1.jpg\",\"contentUrl\":\"https:\/\/www.ghostysky.com\/wp-content\/uploads\/2025\/10\/GH_DJI-Matrice-4D-Worry-Free-Flagship-Combo_1.jpg\",\"width\":800,\"height\":800},{\"@type\":\"BreadcrumbList\",\"@id\":\"https:\/\/www.ghostysky.com\/product\/dji-matrice-4d-worry-free-flagship-combo\/#breadcrumb\",\"itemListElement\":[{\"@type\":\"ListItem\",\"position\":1,\"name\":\"Home\",\"item\":\"https:\/\/www.ghostysky.com\/\"},{\"@type\":\"ListItem\",\"position\":2,\"name\":\"Shop\",\"item\":\"https:\/\/www.ghostysky.com\/shop\/\"},{\"@type\":\"ListItem\",\"position\":3,\"name\":\"DJI Matrice 4D Worry-Free Flagship Combo\"}]},{\"@type\":\"WebSite\",\"@id\":\"https:\/\/www.ghostysky.com\/#website\",\"url\":\"https:\/\/www.ghostysky.com\/\",\"name\":\"Ghostysky\",\"description\":\"Delivering professional drones and services\",\"publisher\":{\"@id\":\"https:\/\/www.ghostysky.com\/#organization\"},\"potentialAction\":[{\"@type\":\"SearchAction\",\"target\":{\"@type\":\"EntryPoint\",\"urlTemplate\":\"https:\/\/www.ghostysky.com\/?s={search_term_string}\"},\"query-input\":{\"@type\":\"PropertyValueSpecification\",\"valueRequired\":true,\"valueName\":\"search_term_string\"}}],\"inLanguage\":\"fr-FR\"},{\"@type\":\"Organization\",\"@id\":\"https:\/\/www.ghostysky.com\/#organization\",\"name\":\"Ghostysky\",\"url\":\"https:\/\/www.ghostysky.com\/\",\"logo\":{\"@type\":\"ImageObject\",\"inLanguage\":\"fr-FR\",\"@id\":\"https:\/\/www.ghostysky.com\/#\/schema\/logo\/image\/\",\"url\":\"https:\/\/www.ghostysky.com\/wp-content\/uploads\/2020\/06\/cropped-ghostyskylogo_text_white2.png\",\"contentUrl\":\"https:\/\/www.ghostysky.com\/wp-content\/uploads\/2020\/06\/cropped-ghostyskylogo_text_white2.png\",\"width\":169,\"height\":56,\"caption\":\"Ghostysky\"},\"image\":{\"@id\":\"https:\/\/www.ghostysky.com\/#\/schema\/logo\/image\/\"},\"sameAs\":[\"https:\/\/www.facebook.com\/people\/Ghostysky\/100057676170234\/\",\"https:\/\/x.com\/Gh0stysky\",\"https:\/\/www.linkedin.com\/company\/34739653\",\"https:\/\/www.instagram.com\/gh0stysky\"]}]}<\/script>\n<!-- \/ Yoast SEO plugin. -->","yoast_head_json":{"title":"DJI Matrice 4D\u00a0: Combo phare sans soucis\u00a0- Ghostysky","description":"Le DJI Matrice 4D Worry-Free Flagship Combo est une solution de drone industriel tout-en-un avanc\u00e9e, con\u00e7ue pour la cartographie professionnelle de haute pr\u00e9cision et les inspections de surface d\u00e9taill\u00e9es. Ce pack phare est con\u00e7u pour offrir fiabilit\u00e9, fonctionnement prolong\u00e9 et s\u00e9curit\u00e9 dans les environnements difficiles.","robots":{"index":"index","follow":"follow","max-snippet":"max-snippet:-1","max-image-preview":"max-image-preview:large","max-video-preview":"max-video-preview:-1"},"canonical":"https:\/\/www.ghostysky.com\/fr\/product\/dji-matrice-4d-worry-free-flagship-combo\/","og_locale":"fr_FR","og_type":"article","og_title":"DJI Matrice 4D Worry-Free Flagship Combo - Ghostysky","og_description":"The DJI Matrice 4D Worry-Free Flagship Combo is an advanced, all-in-one industrial drone solution designed for professional high-precision mapping and detailed surface inspections. This flagship package is engineered for reliability, extended operation, and safety in challenging environments.","og_url":"https:\/\/www.ghostysky.com\/fr\/product\/dji-matrice-4d-worry-free-flagship-combo\/","og_site_name":"Ghostysky","article_publisher":"https:\/\/www.facebook.com\/people\/Ghostysky\/100057676170234\/","article_modified_time":"2025-10-17T13:45:49+00:00","og_image":[{"width":800,"height":800,"url":"https:\/\/www.ghostysky.com\/wp-content\/uploads\/2025\/10\/GH_DJI-Matrice-4D-Worry-Free-Flagship-Combo_1.jpg","type":"image\/jpeg"}],"twitter_card":"summary_large_image","twitter_site":"@Gh0stysky","twitter_misc":{"Dur\u00e9e de lecture estim\u00e9e":"3 minutes"},"schema":{"@context":"https:\/\/schema.org","@graph":[{"@type":"WebPage","@id":"https:\/\/www.ghostysky.com\/product\/dji-matrice-4d-worry-free-flagship-combo\/","url":"https:\/\/www.ghostysky.com\/product\/dji-matrice-4d-worry-free-flagship-combo\/","name":"DJI Matrice 4D\u00a0: Combo phare sans soucis\u00a0- Ghostysky","isPartOf":{"@id":"https:\/\/www.ghostysky.com\/#website"},"primaryImageOfPage":{"@id":"https:\/\/www.ghostysky.com\/product\/dji-matrice-4d-worry-free-flagship-combo\/#primaryimage"},"image":{"@id":"https:\/\/www.ghostysky.com\/product\/dji-matrice-4d-worry-free-flagship-combo\/#primaryimage"},"thumbnailUrl":"https:\/\/www.ghostysky.com\/wp-content\/uploads\/2025\/10\/GH_DJI-Matrice-4D-Worry-Free-Flagship-Combo_1.jpg","datePublished":"2025-10-17T13:37:41+00:00","dateModified":"2025-10-17T13:45:49+00:00","description":"Le DJI Matrice 4D Worry-Free Flagship Combo est une solution de drone industriel tout-en-un avanc\u00e9e, con\u00e7ue pour la cartographie professionnelle de haute pr\u00e9cision et les inspections de surface d\u00e9taill\u00e9es. Ce pack phare est con\u00e7u pour offrir fiabilit\u00e9, fonctionnement prolong\u00e9 et s\u00e9curit\u00e9 dans les environnements difficiles.","breadcrumb":{"@id":"https:\/\/www.ghostysky.com\/product\/dji-matrice-4d-worry-free-flagship-combo\/#breadcrumb"},"inLanguage":"fr-FR","potentialAction":[{"@type":"ReadAction","target":["https:\/\/www.ghostysky.com\/product\/dji-matrice-4d-worry-free-flagship-combo\/"]}]},{"@type":"ImageObject","inLanguage":"fr-FR","@id":"https:\/\/www.ghostysky.com\/product\/dji-matrice-4d-worry-free-flagship-combo\/#primaryimage","url":"https:\/\/www.ghostysky.com\/wp-content\/uploads\/2025\/10\/GH_DJI-Matrice-4D-Worry-Free-Flagship-Combo_1.jpg","contentUrl":"https:\/\/www.ghostysky.com\/wp-content\/uploads\/2025\/10\/GH_DJI-Matrice-4D-Worry-Free-Flagship-Combo_1.jpg","width":800,"height":800},{"@type":"BreadcrumbList","@id":"https:\/\/www.ghostysky.com\/product\/dji-matrice-4d-worry-free-flagship-combo\/#breadcrumb","itemListElement":[{"@type":"ListItem","position":1,"name":"Home","item":"https:\/\/www.ghostysky.com\/"},{"@type":"ListItem","position":2,"name":"Shop","item":"https:\/\/www.ghostysky.com\/shop\/"},{"@type":"ListItem","position":3,"name":"DJI Matrice 4D Worry-Free Flagship Combo"}]},{"@type":"WebSite","@id":"https:\/\/www.ghostysky.com\/#website","url":"https:\/\/www.ghostysky.com\/","name":"Ghostysky","description":"Livraison de drones et de services professionnels","publisher":{"@id":"https:\/\/www.ghostysky.com\/#organization"},"potentialAction":[{"@type":"SearchAction","target":{"@type":"EntryPoint","urlTemplate":"https:\/\/www.ghostysky.com\/?s={search_term_string}"},"query-input":{"@type":"PropertyValueSpecification","valueRequired":true,"valueName":"search_term_string"}}],"inLanguage":"fr-FR"},{"@type":"Organization","@id":"https:\/\/www.ghostysky.com\/#organization","name":"Ghostysky","url":"https:\/\/www.ghostysky.com\/","logo":{"@type":"ImageObject","inLanguage":"fr-FR","@id":"https:\/\/www.ghostysky.com\/#\/schema\/logo\/image\/","url":"https:\/\/www.ghostysky.com\/wp-content\/uploads\/2020\/06\/cropped-ghostyskylogo_text_white2.png","contentUrl":"https:\/\/www.ghostysky.com\/wp-content\/uploads\/2020\/06\/cropped-ghostyskylogo_text_white2.png","width":169,"height":56,"caption":"Ghostysky"},"image":{"@id":"https:\/\/www.ghostysky.com\/#\/schema\/logo\/image\/"},"sameAs":["https:\/\/www.facebook.com\/people\/Ghostysky\/100057676170234\/","https:\/\/x.com\/Gh0stysky","https:\/\/www.linkedin.com\/company\/34739653","https:\/\/www.instagram.com\/gh0stysky"]}]}},"_links":{"self":[{"href":"https:\/\/www.ghostysky.com\/fr\/wp-json\/wp\/v2\/product\/21735","targetHints":{"allow":["GET"]}}],"collection":[{"href":"https:\/\/www.ghostysky.com\/fr\/wp-json\/wp\/v2\/product"}],"about":[{"href":"https:\/\/www.ghostysky.com\/fr\/wp-json\/wp\/v2\/types\/product"}],"replies":[{"embeddable":true,"href":"https:\/\/www.ghostysky.com\/fr\/wp-json\/wp\/v2\/comments?post=21735"}],"wp:featuredmedia":[{"embeddable":true,"href":"https:\/\/www.ghostysky.com\/fr\/wp-json\/wp\/v2\/media\/21736"}],"wp:attachment":[{"href":"https:\/\/www.ghostysky.com\/fr\/wp-json\/wp\/v2\/media?parent=21735"}],"wp:term":[{"taxonomy":"product_brand","embeddable":true,"href":"https:\/\/www.ghostysky.com\/fr\/wp-json\/wp\/v2\/product_brand?post=21735"},{"taxonomy":"product_cat","embeddable":true,"href":"https:\/\/www.ghostysky.com\/fr\/wp-json\/wp\/v2\/product_cat?post=21735"},{"taxonomy":"product_tag","embeddable":true,"href":"https:\/\/www.ghostysky.com\/fr\/wp-json\/wp\/v2\/product_tag?post=21735"}],"curies":[{"name":"wp","href":"https:\/\/api.w.org\/{rel}","templated":true}]}}