{"id":21740,"date":"2025-10-17T13:47:32","date_gmt":"2025-10-17T13:47:32","guid":{"rendered":"https:\/\/www.ghostysky.com\/?post_type=product&#038;p=21740"},"modified":"2025-10-17T14:21:45","modified_gmt":"2025-10-17T14:21:45","slug":"dji-matrice-4t-worry-free-plus-combo","status":"publish","type":"product","link":"https:\/\/www.ghostysky.com\/fr\/product\/dji-matrice-4t-worry-free-plus-combo\/","title":{"rendered":"Combo DJI Matrice 4T Worry-Free Plus"},"content":{"rendered":"<div id=\"model-response-message-contentr_55bc02040a3d26f8\" class=\"markdown markdown-main-panel stronger enable-updated-hr-color\" dir=\"ltr\">\n<div id=\"model-response-message-contentr_7d191a1853b28634\" class=\"markdown markdown-main-panel stronger enable-updated-hr-color\" dir=\"ltr\">\n<h3><b>Principales caract\u00e9ristiques du DJI Matrice 4T<\/b><\/h3>\n<ul>\n<li><b>Charge utile multi-capteurs puissante\u00a0:<\/b><span class=\"citation-1077 citation-end-1077\"> Le Matrice 4T est \u00e9quip\u00e9 d&#039;un syst\u00e8me de cam\u00e9ra complet :<\/span>\n<ul>\n<li><b><span class=\"citation-1076\">Cam\u00e9ra grand angle :<\/span><\/b><span class=\"citation-1076 citation-end-1076\"> CMOS 1\/1,3 pouce, 48 MP pixels effectifs.<\/span><\/li>\n<li><b><span class=\"citation-1075\">Appareil photo t\u00e9l\u00e9objectif moyen :<\/span><\/b><span class=\"citation-1075 citation-end-1075\"> CMOS 1\/1,3 pouce, 48 MP pixels effectifs.<\/span><\/li>\n<li><b><span class=\"citation-1074\">T\u00e9l\u00e9objectif (zoom optique 7x) :<\/span><\/b><span class=\"citation-1074 citation-end-1074\"> CMOS 1\/1,5 pouce, 48 MP pixels effectifs, capable de capturer des d\u00e9tails jusqu&#039;\u00e0 250 m\u00e8tres de distance.<\/span><\/li>\n<li><b><span class=\"citation-1073\">Cam\u00e9ra thermique infrarouge :<\/span><\/b><span class=\"citation-1073 citation-end-1073\"> R\u00e9solution 640 \u00d7 512 (prend en charge <\/span><span class=\"math-inline\" data-math=\"1280 \\times 1024\"><span class=\"katex\"><span class=\"katex-html\" aria-hidden=\"true\"><span class=\"base\"><span class=\"mord\">1280<\/span><span class=\"mbin\">\u00d7<\/span><\/span><span class=\"base\"><span class=\"mord\">1024<\/span><\/span><\/span><\/span><\/span><span class=\"citation-1072 citation-end-1072\"> Mode Super-R\u00e9solution) pour des lectures thermiques pr\u00e9cises.<\/span><\/li>\n<li><b><span class=\"citation-1071\">T\u00e9l\u00e9m\u00e8tre laser :<\/span><\/b><span class=\"citation-1071 citation-end-1071\"> Fournit des mesures pr\u00e9cises en temps r\u00e9el jusqu&#039;\u00e0 1 800 m\u00e8tres.<\/span><\/li>\n<li><b>Lumi\u00e8re auxiliaire NIR :<\/b><span class=\"citation-1070 citation-end-1070\"> Permet un \u00e9clairage jusqu&#039;\u00e0 100 m\u00e8tres pour un fonctionnement sup\u00e9rieur en basse lumi\u00e8re.<\/span><\/li>\n<\/ul>\n<\/li>\n<li><b>Performances exceptionnelles en basse lumi\u00e8re :<\/b><span class=\"citation-1069\"> Des fonctionnalit\u00e9s telles que <\/span><b><span class=\"citation-1069\">Mode sc\u00e8ne nocturne<\/span><\/b><span class=\"citation-1069\">, <\/span><b><span class=\"citation-1069\">D\u00e9tection omnidirectionnelle Fisheye \u00e0 faible luminosit\u00e9<\/span><\/b><span class=\"citation-1069\">, et le d\u00e9di\u00e9 <\/span><b><span class=\"citation-1069\">Lumi\u00e8re auxiliaire NIR<\/span><\/b><span class=\"citation-1069 citation-end-1069\"> assurer une visibilit\u00e9 claire et un fonctionnement s\u00fbr dans des environnements compl\u00e8tement sombres ou \u00e0 faible luminosit\u00e9.<\/span><\/li>\n<li><b><span class=\"citation-1068\">Op\u00e9rations d&#039;IA intelligentes :<\/span><\/b><span class=\"citation-1068\"> Les mod\u00e8les d&#039;IA int\u00e9gr\u00e9s permettent <\/span><b><span class=\"citation-1068\">Reconnaissance intelligente<\/span><\/b><span class=\"citation-1068 citation-end-1068\"> pour identifier les v\u00e9hicules, les navires et les sujets lors de recherches et de sauvetage ou de vols de routine.<\/span> <span class=\"citation-1067\">Le drone prend en charge des fonctions telles que <\/span><b><span class=\"citation-1067\">Smart Track<\/span><\/b><span class=\"citation-1067\">, <\/span><b><span class=\"citation-1067\">FlyTo<\/span><\/b><span class=\"citation-1067\">, et <\/span><b><span class=\"citation-1067\">POI<\/span><\/b><span class=\"citation-1067 citation-end-1067\"> pour des missions efficaces.<\/span><\/li>\n<li><b>S\u00e9curit\u00e9 de vol am\u00e9lior\u00e9e :<\/b><span class=\"citation-1066\"> Le drone b\u00e9n\u00e9ficie d&#039;un haut niveau de s\u00e9curit\u00e9 gr\u00e2ce \u00e0 son <\/span><b><span class=\"citation-1066\">Syst\u00e8me de positionnement et de navigation int\u00e9gr\u00e9 GNSS et Vision<\/span><\/b><span class=\"citation-1066 citation-end-1066\">, d\u00e9tection d&#039;obstacles omnidirectionnelle et syst\u00e8me de transmission vid\u00e9o fiable O4 Enterprise avec une port\u00e9e de plus de 20 km (FCC).<\/span><\/li>\n<li><b>Cartographie de pr\u00e9cision :<\/b><span class=\"citation-1065 citation-end-1065\"> Prend en charge les modes de capture multidirectionnels pour une \u00e9tude et une mod\u00e9lisation 3D pr\u00e9cises et efficaces.<\/span><\/li>\n<\/ul>\n<h4><b>Inclusion du forfait Worry-Free Plus Combo<\/b><\/h4>\n<p><span class=\"citation-1064\">Le \u00ab Worry-Free Plus Combo \u00bb comprend g\u00e9n\u00e9ralement le drone, le <\/span><b><span class=\"citation-1064\">DJI RC Plus 2 Entreprise<\/span><\/b><span class=\"citation-1064 citation-end-1064\"> t\u00e9l\u00e9commande, une batterie de vol, un concentrateur de charge et plusieurs accessoires, ainsi qu&#039;un plan de service \u00e9tendu offrant des r\u00e9parations gratuites dans la limite de couverture pour les dommages accidentels, offrant une disponibilit\u00e9 maximale et un co\u00fbt total de possession inf\u00e9rieur pour une utilisation professionnelle.<\/span><\/p>\n<p><span class=\"citation-1063 citation-end-1063\">Le DJI Matrice 4T Worry-Free Plus Combo est l&#039;outil a\u00e9rien ultime pour les industries n\u00e9cessitant un drone hautement polyvalent, fiable et avanc\u00e9 avec des capacit\u00e9s d&#039;imagerie et de vol intelligentes exceptionnelles, soutenu par un support complet.<\/span><\/p>\n<h4>DANS LA BO\u00ceTE<\/h4>\n<p>1x DJI Matrice 4T<br \/>\n1x batterie DJI Matrice s\u00e9rie 4 DJI<br \/>\n1x DJI RC Plus 2 Enterprise<br \/>\n1x Adaptateur secteur USB-C DJI 100 W<br \/>\n1x station de charge DJI Matrice s\u00e9rie 4<br \/>\n1x carte MicroSD<br \/>\n1x Protecteur de cardan DJI Matrice 4E<br \/>\n1x DJI Cellular Dongle 2 Pry Bar<br \/>\n3 h\u00e9lices DJI Matrice s\u00e9rie 4<br \/>\n1x c\u00e2ble adaptateur secteur 100 W<br \/>\n1x c\u00e2ble de donn\u00e9es USB-C vers USB-C<br \/>\n1x c\u00e2ble de donn\u00e9es USB-A vers USB-C<br \/>\n1x \u00e9tui de rangement DJI Matrice s\u00e9rie 4<br \/>\n1x DJI Matrice 4 S\u00e9rie S<\/p>\n<div class=\"source-inline-chip-container ng-star-inserted\"><\/div>\n<\/div>\n<\/div>","protected":false},"excerpt":{"rendered":"<p><span class=\"citation-1079\">Le <\/span><b><span class=\"citation-1079\">Combo DJI Matrice 4T Worry-Free Plus<\/span><\/b><span class=\"citation-1079 citation-end-1079\"> est une solution de drone d&#039;entreprise compacte, intelligente et multi-capteurs con\u00e7ue pour les professionnels de la s\u00e9curit\u00e9 publique, de l&#039;inspection, de la recherche et du sauvetage, etc.<\/span> <span class=\"citation-1078 citation-end-1078\">Ce combo offre une plate-forme a\u00e9rienne avanc\u00e9e avec une tranquillit\u00e9 d&#039;esprit gr\u00e2ce \u00e0 une couverture \u00e9tendue.<\/span><\/p>","protected":false},"featured_media":21763,"comment_status":"open","ping_status":"closed","template":"","meta":[],"product_brand":[1031],"product_cat":[37,1118,1117],"product_tag":[42,1121,1120],"class_list":{"0":"post-21740","1":"product","2":"type-product","3":"status-publish","4":"has-post-thumbnail","6":"product_brand-dji","7":"product_cat-dji","8":"product_cat-dji-matrice-4-drones","9":"product_cat-matrice-4","10":"product_tag-dji","11":"product_tag-dji-matrice-4-drone","12":"product_tag-dji-matrice-4-series","14":"first","15":"onbackorder","16":"taxable","17":"shipping-taxable","18":"purchasable","19":"product-type-simple"},"yoast_head":"<!-- This site is optimized with the Yoast SEO plugin v27.1.1 - https:\/\/yoast.com\/product\/yoast-seo-wordpress\/ -->\n<title>DJI Matrice 4T Worry-Free Plus Combo - Ghostysky<\/title>\n<meta name=\"description\" content=\"The DJI Matrice 4T Worry-Free Plus Combo is a compact, intelligent, and multi-sensor enterprise drone solution designed for professionals in public safety, inspection, search and rescue, and more. This combo provides an advanced aerial platform with peace of mind through extended coverage.\" \/>\n<meta name=\"robots\" content=\"index, follow, max-snippet:-1, max-image-preview:large, max-video-preview:-1\" \/>\n<link rel=\"canonical\" href=\"https:\/\/www.ghostysky.com\/fr\/product\/dji-matrice-4t-worry-free-plus-combo\/\" \/>\n<meta property=\"og:locale\" content=\"fr_FR\" \/>\n<meta property=\"og:type\" content=\"article\" \/>\n<meta property=\"og:title\" content=\"DJI Matrice 4T Worry-Free Plus Combo - Ghostysky\" \/>\n<meta property=\"og:description\" content=\"The DJI Matrice 4T Worry-Free Plus Combo is a compact, intelligent, and multi-sensor enterprise drone solution designed for professionals in public safety, inspection, search and rescue, and more. This combo provides an advanced aerial platform with peace of mind through extended coverage.\" \/>\n<meta property=\"og:url\" content=\"https:\/\/www.ghostysky.com\/fr\/product\/dji-matrice-4t-worry-free-plus-combo\/\" \/>\n<meta property=\"og:site_name\" content=\"Ghostysky\" \/>\n<meta property=\"article:publisher\" content=\"https:\/\/www.facebook.com\/people\/Ghostysky\/100057676170234\/\" \/>\n<meta property=\"article:modified_time\" content=\"2025-10-17T14:21:45+00:00\" \/>\n<meta property=\"og:image\" content=\"https:\/\/www.ghostysky.com\/wp-content\/uploads\/2025\/10\/GH_DJI-Matrice-4T-Worry-Free-Plus-Combo_1.jpg\" \/>\n\t<meta property=\"og:image:width\" content=\"800\" \/>\n\t<meta property=\"og:image:height\" content=\"800\" \/>\n\t<meta property=\"og:image:type\" content=\"image\/jpeg\" \/>\n<meta name=\"twitter:card\" content=\"summary_large_image\" \/>\n<meta name=\"twitter:site\" content=\"@Gh0stysky\" \/>\n<meta name=\"twitter:label1\" content=\"Dur\u00e9e de lecture estim\u00e9e\" \/>\n\t<meta name=\"twitter:data1\" content=\"2 minutes\" \/>\n<script type=\"application\/ld+json\" class=\"yoast-schema-graph\">{\"@context\":\"https:\/\/schema.org\",\"@graph\":[{\"@type\":\"WebPage\",\"@id\":\"https:\/\/www.ghostysky.com\/product\/dji-matrice-4t-worry-free-plus-combo\/\",\"url\":\"https:\/\/www.ghostysky.com\/product\/dji-matrice-4t-worry-free-plus-combo\/\",\"name\":\"DJI Matrice 4T Worry-Free Plus Combo - Ghostysky\",\"isPartOf\":{\"@id\":\"https:\/\/www.ghostysky.com\/#website\"},\"primaryImageOfPage\":{\"@id\":\"https:\/\/www.ghostysky.com\/product\/dji-matrice-4t-worry-free-plus-combo\/#primaryimage\"},\"image\":{\"@id\":\"https:\/\/www.ghostysky.com\/product\/dji-matrice-4t-worry-free-plus-combo\/#primaryimage\"},\"thumbnailUrl\":\"https:\/\/www.ghostysky.com\/wp-content\/uploads\/2025\/10\/GH_DJI-Matrice-4T-Worry-Free-Plus-Combo_1.jpg\",\"datePublished\":\"2025-10-17T13:47:32+00:00\",\"dateModified\":\"2025-10-17T14:21:45+00:00\",\"description\":\"The DJI Matrice 4T Worry-Free Plus Combo is a compact, intelligent, and multi-sensor enterprise drone solution designed for professionals in public safety, inspection, search and rescue, and more. This combo provides an advanced aerial platform with peace of mind through extended coverage.\",\"breadcrumb\":{\"@id\":\"https:\/\/www.ghostysky.com\/product\/dji-matrice-4t-worry-free-plus-combo\/#breadcrumb\"},\"inLanguage\":\"fr-FR\",\"potentialAction\":[{\"@type\":\"ReadAction\",\"target\":[\"https:\/\/www.ghostysky.com\/product\/dji-matrice-4t-worry-free-plus-combo\/\"]}]},{\"@type\":\"ImageObject\",\"inLanguage\":\"fr-FR\",\"@id\":\"https:\/\/www.ghostysky.com\/product\/dji-matrice-4t-worry-free-plus-combo\/#primaryimage\",\"url\":\"https:\/\/www.ghostysky.com\/wp-content\/uploads\/2025\/10\/GH_DJI-Matrice-4T-Worry-Free-Plus-Combo_1.jpg\",\"contentUrl\":\"https:\/\/www.ghostysky.com\/wp-content\/uploads\/2025\/10\/GH_DJI-Matrice-4T-Worry-Free-Plus-Combo_1.jpg\",\"width\":800,\"height\":800},{\"@type\":\"BreadcrumbList\",\"@id\":\"https:\/\/www.ghostysky.com\/product\/dji-matrice-4t-worry-free-plus-combo\/#breadcrumb\",\"itemListElement\":[{\"@type\":\"ListItem\",\"position\":1,\"name\":\"Home\",\"item\":\"https:\/\/www.ghostysky.com\/\"},{\"@type\":\"ListItem\",\"position\":2,\"name\":\"Shop\",\"item\":\"https:\/\/www.ghostysky.com\/shop\/\"},{\"@type\":\"ListItem\",\"position\":3,\"name\":\"DJI Matrice 4T Worry-Free Plus Combo\"}]},{\"@type\":\"WebSite\",\"@id\":\"https:\/\/www.ghostysky.com\/#website\",\"url\":\"https:\/\/www.ghostysky.com\/\",\"name\":\"Ghostysky\",\"description\":\"Delivering professional drones and services\",\"publisher\":{\"@id\":\"https:\/\/www.ghostysky.com\/#organization\"},\"potentialAction\":[{\"@type\":\"SearchAction\",\"target\":{\"@type\":\"EntryPoint\",\"urlTemplate\":\"https:\/\/www.ghostysky.com\/?s={search_term_string}\"},\"query-input\":{\"@type\":\"PropertyValueSpecification\",\"valueRequired\":true,\"valueName\":\"search_term_string\"}}],\"inLanguage\":\"fr-FR\"},{\"@type\":\"Organization\",\"@id\":\"https:\/\/www.ghostysky.com\/#organization\",\"name\":\"Ghostysky\",\"url\":\"https:\/\/www.ghostysky.com\/\",\"logo\":{\"@type\":\"ImageObject\",\"inLanguage\":\"fr-FR\",\"@id\":\"https:\/\/www.ghostysky.com\/#\/schema\/logo\/image\/\",\"url\":\"https:\/\/www.ghostysky.com\/wp-content\/uploads\/2020\/06\/cropped-ghostyskylogo_text_white2.png\",\"contentUrl\":\"https:\/\/www.ghostysky.com\/wp-content\/uploads\/2020\/06\/cropped-ghostyskylogo_text_white2.png\",\"width\":169,\"height\":56,\"caption\":\"Ghostysky\"},\"image\":{\"@id\":\"https:\/\/www.ghostysky.com\/#\/schema\/logo\/image\/\"},\"sameAs\":[\"https:\/\/www.facebook.com\/people\/Ghostysky\/100057676170234\/\",\"https:\/\/x.com\/Gh0stysky\",\"https:\/\/www.linkedin.com\/company\/34739653\",\"https:\/\/www.instagram.com\/gh0stysky\"]}]}<\/script>\n<!-- \/ Yoast SEO plugin. -->","yoast_head_json":{"title":"DJI Matrice 4T Worry-Free Plus Combo - Ghostysky","description":"Le DJI Matrice 4T Worry-Free Plus Combo est une solution de drone d&#039;entreprise compacte, intelligente et multi-capteurs, con\u00e7ue pour les professionnels de la s\u00e9curit\u00e9 publique, de l&#039;inspection, de la recherche et du sauvetage, et bien plus encore. Ce combo offre une plateforme a\u00e9rienne avanc\u00e9e et une tranquillit\u00e9 d&#039;esprit gr\u00e2ce \u00e0 une couverture \u00e9tendue.","robots":{"index":"index","follow":"follow","max-snippet":"max-snippet:-1","max-image-preview":"max-image-preview:large","max-video-preview":"max-video-preview:-1"},"canonical":"https:\/\/www.ghostysky.com\/fr\/product\/dji-matrice-4t-worry-free-plus-combo\/","og_locale":"fr_FR","og_type":"article","og_title":"DJI Matrice 4T Worry-Free Plus Combo - Ghostysky","og_description":"The DJI Matrice 4T Worry-Free Plus Combo is a compact, intelligent, and multi-sensor enterprise drone solution designed for professionals in public safety, inspection, search and rescue, and more. This combo provides an advanced aerial platform with peace of mind through extended coverage.","og_url":"https:\/\/www.ghostysky.com\/fr\/product\/dji-matrice-4t-worry-free-plus-combo\/","og_site_name":"Ghostysky","article_publisher":"https:\/\/www.facebook.com\/people\/Ghostysky\/100057676170234\/","article_modified_time":"2025-10-17T14:21:45+00:00","og_image":[{"width":800,"height":800,"url":"https:\/\/www.ghostysky.com\/wp-content\/uploads\/2025\/10\/GH_DJI-Matrice-4T-Worry-Free-Plus-Combo_1.jpg","type":"image\/jpeg"}],"twitter_card":"summary_large_image","twitter_site":"@Gh0stysky","twitter_misc":{"Dur\u00e9e de lecture estim\u00e9e":"2 minutes"},"schema":{"@context":"https:\/\/schema.org","@graph":[{"@type":"WebPage","@id":"https:\/\/www.ghostysky.com\/product\/dji-matrice-4t-worry-free-plus-combo\/","url":"https:\/\/www.ghostysky.com\/product\/dji-matrice-4t-worry-free-plus-combo\/","name":"DJI Matrice 4T Worry-Free Plus Combo - Ghostysky","isPartOf":{"@id":"https:\/\/www.ghostysky.com\/#website"},"primaryImageOfPage":{"@id":"https:\/\/www.ghostysky.com\/product\/dji-matrice-4t-worry-free-plus-combo\/#primaryimage"},"image":{"@id":"https:\/\/www.ghostysky.com\/product\/dji-matrice-4t-worry-free-plus-combo\/#primaryimage"},"thumbnailUrl":"https:\/\/www.ghostysky.com\/wp-content\/uploads\/2025\/10\/GH_DJI-Matrice-4T-Worry-Free-Plus-Combo_1.jpg","datePublished":"2025-10-17T13:47:32+00:00","dateModified":"2025-10-17T14:21:45+00:00","description":"Le DJI Matrice 4T Worry-Free Plus Combo est une solution de drone d&#039;entreprise compacte, intelligente et multi-capteurs, con\u00e7ue pour les professionnels de la s\u00e9curit\u00e9 publique, de l&#039;inspection, de la recherche et du sauvetage, et bien plus encore. Ce combo offre une plateforme a\u00e9rienne avanc\u00e9e et une tranquillit\u00e9 d&#039;esprit gr\u00e2ce \u00e0 une couverture \u00e9tendue.","breadcrumb":{"@id":"https:\/\/www.ghostysky.com\/product\/dji-matrice-4t-worry-free-plus-combo\/#breadcrumb"},"inLanguage":"fr-FR","potentialAction":[{"@type":"ReadAction","target":["https:\/\/www.ghostysky.com\/product\/dji-matrice-4t-worry-free-plus-combo\/"]}]},{"@type":"ImageObject","inLanguage":"fr-FR","@id":"https:\/\/www.ghostysky.com\/product\/dji-matrice-4t-worry-free-plus-combo\/#primaryimage","url":"https:\/\/www.ghostysky.com\/wp-content\/uploads\/2025\/10\/GH_DJI-Matrice-4T-Worry-Free-Plus-Combo_1.jpg","contentUrl":"https:\/\/www.ghostysky.com\/wp-content\/uploads\/2025\/10\/GH_DJI-Matrice-4T-Worry-Free-Plus-Combo_1.jpg","width":800,"height":800},{"@type":"BreadcrumbList","@id":"https:\/\/www.ghostysky.com\/product\/dji-matrice-4t-worry-free-plus-combo\/#breadcrumb","itemListElement":[{"@type":"ListItem","position":1,"name":"Home","item":"https:\/\/www.ghostysky.com\/"},{"@type":"ListItem","position":2,"name":"Shop","item":"https:\/\/www.ghostysky.com\/shop\/"},{"@type":"ListItem","position":3,"name":"DJI Matrice 4T Worry-Free Plus Combo"}]},{"@type":"WebSite","@id":"https:\/\/www.ghostysky.com\/#website","url":"https:\/\/www.ghostysky.com\/","name":"Ghostysky","description":"Livraison de drones et de services professionnels","publisher":{"@id":"https:\/\/www.ghostysky.com\/#organization"},"potentialAction":[{"@type":"SearchAction","target":{"@type":"EntryPoint","urlTemplate":"https:\/\/www.ghostysky.com\/?s={search_term_string}"},"query-input":{"@type":"PropertyValueSpecification","valueRequired":true,"valueName":"search_term_string"}}],"inLanguage":"fr-FR"},{"@type":"Organization","@id":"https:\/\/www.ghostysky.com\/#organization","name":"Ghostysky","url":"https:\/\/www.ghostysky.com\/","logo":{"@type":"ImageObject","inLanguage":"fr-FR","@id":"https:\/\/www.ghostysky.com\/#\/schema\/logo\/image\/","url":"https:\/\/www.ghostysky.com\/wp-content\/uploads\/2020\/06\/cropped-ghostyskylogo_text_white2.png","contentUrl":"https:\/\/www.ghostysky.com\/wp-content\/uploads\/2020\/06\/cropped-ghostyskylogo_text_white2.png","width":169,"height":56,"caption":"Ghostysky"},"image":{"@id":"https:\/\/www.ghostysky.com\/#\/schema\/logo\/image\/"},"sameAs":["https:\/\/www.facebook.com\/people\/Ghostysky\/100057676170234\/","https:\/\/x.com\/Gh0stysky","https:\/\/www.linkedin.com\/company\/34739653","https:\/\/www.instagram.com\/gh0stysky"]}]}},"_links":{"self":[{"href":"https:\/\/www.ghostysky.com\/fr\/wp-json\/wp\/v2\/product\/21740","targetHints":{"allow":["GET"]}}],"collection":[{"href":"https:\/\/www.ghostysky.com\/fr\/wp-json\/wp\/v2\/product"}],"about":[{"href":"https:\/\/www.ghostysky.com\/fr\/wp-json\/wp\/v2\/types\/product"}],"replies":[{"embeddable":true,"href":"https:\/\/www.ghostysky.com\/fr\/wp-json\/wp\/v2\/comments?post=21740"}],"wp:featuredmedia":[{"embeddable":true,"href":"https:\/\/www.ghostysky.com\/fr\/wp-json\/wp\/v2\/media\/21763"}],"wp:attachment":[{"href":"https:\/\/www.ghostysky.com\/fr\/wp-json\/wp\/v2\/media?parent=21740"}],"wp:term":[{"taxonomy":"product_brand","embeddable":true,"href":"https:\/\/www.ghostysky.com\/fr\/wp-json\/wp\/v2\/product_brand?post=21740"},{"taxonomy":"product_cat","embeddable":true,"href":"https:\/\/www.ghostysky.com\/fr\/wp-json\/wp\/v2\/product_cat?post=21740"},{"taxonomy":"product_tag","embeddable":true,"href":"https:\/\/www.ghostysky.com\/fr\/wp-json\/wp\/v2\/product_tag?post=21740"}],"curies":[{"name":"wp","href":"https:\/\/api.w.org\/{rel}","templated":true}]}}