{"id":21741,"date":"2025-10-17T13:57:48","date_gmt":"2025-10-17T13:57:48","guid":{"rendered":"https:\/\/www.ghostysky.com\/?post_type=product&#038;p=21741"},"modified":"2025-10-17T14:09:32","modified_gmt":"2025-10-17T14:09:32","slug":"dji-matrice-4e-worry-free-plus-combo","status":"publish","type":"product","link":"https:\/\/www.ghostysky.com\/fr\/product\/dji-matrice-4e-worry-free-plus-combo\/","title":{"rendered":"Combo DJI Matrice 4E Worry-Free Plus"},"content":{"rendered":"<div id=\"model-response-message-contentr_55bc02040a3d26f8\" class=\"markdown markdown-main-panel stronger enable-updated-hr-color\" dir=\"ltr\">\n<div id=\"model-response-message-contentr_7d191a1853b28634\" class=\"markdown markdown-main-panel stronger enable-updated-hr-color\" dir=\"ltr\">\n<div id=\"model-response-message-contentr_14a4e76b7af9c430\" class=\"markdown markdown-main-panel stronger enable-updated-hr-color\" dir=\"ltr\">\n<h3>Principales caract\u00e9ristiques du Matrice 4E<\/h3>\n<ul>\n<li><b>Charge utile multi-capteurs\u00a0:<\/b><span class=\"citation-1108 citation-end-1108\"> Le Matrice 4E est \u00e9quip\u00e9 pour une capture de donn\u00e9es de pr\u00e9cision :<\/span>\n<ul>\n<li><b><span class=\"citation-1107\">Cam\u00e9ra grand angle :<\/span><\/b><span class=\"citation-1107\"> CMOS 4\/3\u2033, 20MP, avec un <\/span><b><span class=\"citation-1107\">obturateur m\u00e9canique<\/span><\/b><span class=\"citation-1107\"> pour une cartographie de haute pr\u00e9cision et rapide <\/span><b><span class=\"citation-1107\">Prise de vue \u00e0 intervalle de 0,5 seconde<\/span><\/b><span class=\"citation-1107 citation-end-1107\">.<\/span><\/li>\n<li><b><span class=\"citation-1106\">Appareil photo t\u00e9l\u00e9objectif moyen :<\/span><\/b><span class=\"citation-1106 citation-end-1106\"> 48MP pour les t\u00e2ches d&#039;inspection \u00e0 moyenne port\u00e9e, permettant la d\u00e9tection de petits d\u00e9tails comme les vis et les fissures \u00e0 distance.<\/span><\/li>\n<li><b><span class=\"citation-1105\">T\u00e9l\u00e9cam\u00e9ra :<\/span><\/b><span class=\"citation-1105 citation-end-1105\"> 48\u00a0MP pour capturer des d\u00e9tails incroyables de loin avec un zoom hybride jusqu&#039;\u00e0 56x.<\/span><\/li>\n<li><b>T\u00e9l\u00e9m\u00e8tre laser :<\/b><span class=\"citation-1104 citation-end-1104\"> Permet une mesure pr\u00e9cise en temps r\u00e9el, avec une plage de mesure allant jusqu&#039;\u00e0 1800 m.<\/span>\n<div class=\"source-inline-chip-container ng-star-inserted\"><\/div>\n<\/li>\n<\/ul>\n<\/li>\n<li><b>Op\u00e9rations intelligentes :<\/b>\n<ul>\n<li><b><span class=\"citation-1103\">La puissance de l&#039;IA pour des op\u00e9rations plus intelligentes\u00a0:<\/span><\/b><span class=\"citation-1103 citation-end-1103\"> Les mod\u00e8les d\u2019IA int\u00e9gr\u00e9s peuvent identifier les v\u00e9hicules, les navires et les sujets lors des op\u00e9rations de recherche et de sauvetage ou des vols de routine.<\/span><\/li>\n<li><b>Cartographie \u00e0 haute efficacit\u00e9 :<\/b><span class=\"citation-1102 citation-end-1102\"> Prend en charge la nouvelle capture oblique dans 5 directions, ce qui am\u00e9liore consid\u00e9rablement l&#039;efficacit\u00e9 de la cartographie.<\/span><\/li>\n<li><b><span class=\"citation-1101\">Capture 3D intelligente :<\/span><\/b><span class=\"citation-1101 citation-end-1101\"> Permet la cr\u00e9ation de mod\u00e8les bruts sur la t\u00e9l\u00e9commande pour g\u00e9n\u00e9rer des itin\u00e9raires de cartographie pr\u00e9cis pour des structures complexes et irr\u00e9guli\u00e8res.<\/span>\n<div class=\"source-inline-chip-container ng-star-inserted\"><\/div>\n<\/li>\n<\/ul>\n<\/li>\n<li><b>Excellent dans les environnements \u00e0 faible luminosit\u00e9\u00a0:<\/b>\n<ul>\n<li><b>Mode sc\u00e8ne nocturne\u00a0:<\/b><span class=\"citation-1100 citation-end-1100\"> Prend en charge la vision nocturne en couleur, combin\u00e9e \u00e0 un filtre anti-IR, pour les op\u00e9rations au cr\u00e9puscule et la nuit.<\/span><\/li>\n<li><b>D\u00e9tection omnidirectionnelle Fisheye en basse lumi\u00e8re :<\/b><span class=\"citation-1099 citation-end-1099\"> Six capteurs fisheye haute d\u00e9finition \u00e0 faible luminosit\u00e9 am\u00e9liorent le positionnement visuel et l&#039;\u00e9vitement des obstacles dans les environnements urbains sombres.<\/span>\n<div class=\"source-inline-chip-container ng-star-inserted\"><\/div>\n<\/li>\n<\/ul>\n<\/li>\n<li><b>Performances et s\u00e9curit\u00e9 de vol am\u00e9lior\u00e9es\u00a0:<\/b>\n<ul>\n<li><b><span class=\"citation-1098\">Temps de vol maximal<\/span><\/b><span class=\"citation-1098 citation-end-1098\"> jusqu&#039;\u00e0 49 minutes (sans vent).<\/span><\/li>\n<li><b>Positionnement de la fusion :<\/b><span class=\"citation-1097 citation-end-1097\"> Module RTK int\u00e9gr\u00e9 et positionnement GNSS+Vision Fusion pour un vol stationnaire de haute pr\u00e9cision et un retour \u00e0 la maison fiable, m\u00eame sans signaux GNSS puissants.<\/span><\/li>\n<li><b><span class=\"citation-1096\">D\u00e9tection d&#039;obstacles omnidirectionnelle :<\/span><\/b><span class=\"citation-1096 citation-end-1096\"> Assure une s\u00e9curit\u00e9 compl\u00e8te lors de trajectoires de vol complexes.<\/span>\n<div class=\"source-inline-chip-container ng-star-inserted\"><\/div>\n<\/li>\n<\/ul>\n<\/li>\n<\/ul>\n<p>&nbsp;<\/p>\n<h3>Inclusion du forfait Worry-Free Plus\u00a0:<\/h3>\n<p><span class=\"citation-1095\">Le \u00ab Worry-Free Plus Combo \u00bb comprend l&#039;avion et les accessoires essentiels, ainsi que <\/span><b><span class=\"citation-1095\">DJI Care Plus<\/span><\/b><span class=\"citation-1095 citation-end-1095\"> pour une tranquillit\u00e9 d&#039;esprit prolong\u00e9e, offrant g\u00e9n\u00e9ralement deux ans de couverture avec des r\u00e9parations gratuites illimit\u00e9es dans la limite de couverture, garantissant une disponibilit\u00e9 maximale pour une utilisation professionnelle.<\/span><\/p>\n<div class=\"source-inline-chip-container ng-star-inserted\"><\/div>\n<hr \/>\n<p><b>Le DJI Matrice 4E Worry-Free Plus Combo est la plate-forme a\u00e9rienne id\u00e9ale pour les entreprises exigeant une pr\u00e9cision supr\u00eame, des fonctionnalit\u00e9s avanc\u00e9es bas\u00e9es sur l&#039;IA et la fiabilit\u00e9 d&#039;un plan de protection complet pour leurs op\u00e9rations quotidiennes.<\/b><\/p>\n<\/div>\n<h4>DANS LA BO\u00ceTE<\/h4>\n<p>1x DJI Matrice 4E<br \/>\n1x batterie DJI Matrice s\u00e9rie 4<br \/>\n1x DJI RC Plus 2 Enterprise<br \/>\n1x Adaptateur secteur USB-C DJI 100 W<br \/>\n1x station de charge DJI Matrice s\u00e9rie 4<br \/>\n1x carte MicroSD<br \/>\n1x Protecteur de cardan DJI Matrice 4E<br \/>\n1x DJI Cellular Dongle 2 Pry Bar<br \/>\n3 h\u00e9lices DJI Matrice s\u00e9rie 4<br \/>\n1x c\u00e2ble adaptateur secteur 100 W<br \/>\n1x c\u00e2ble de donn\u00e9es USB-C vers USB-C<br \/>\n1x c\u00e2ble de donn\u00e9es USB-A vers USB-C<br \/>\n1x \u00e9tui de rangement DJI Matrice s\u00e9rie 4<br \/>\n1x bandouli\u00e8re pour \u00e9tui de rangement DJI Matrice 4 Series<\/p>\n<\/div>\n<\/div>","protected":false},"excerpt":{"rendered":"<p><span class=\"citation-1109\">Le <\/span><b><span class=\"citation-1109\">Combo DJI Matrice 4E Worry-Free Plus<\/span><\/b><span class=\"citation-1109\"> est un drone multi-capteurs de qualit\u00e9 professionnelle, compact et intelligent, con\u00e7u pour les applications d&#039;entreprise \u00e0 haute efficacit\u00e9, en particulier dans <\/span><b><span class=\"citation-1109\">arpentage, cartographie, construction et exploitation mini\u00e8re<\/span><\/b><span class=\"citation-1109 citation-end-1109\">.<\/span><\/p>\n<p>Ce combo est une solution tout-en-un qui associe l&#039;avion avanc\u00e9 Matrice 4E \u00e0 une protection \u00e9tendue et \u00e0 des accessoires essentiels, garantissant des op\u00e9rations fiables et pr\u00e9cises.<\/p>","protected":false},"featured_media":21745,"comment_status":"open","ping_status":"closed","template":"","meta":[],"product_brand":[1031],"product_cat":[37,1118,1117],"product_tag":[42,1121,1120],"class_list":{"0":"post-21741","1":"product","2":"type-product","3":"status-publish","4":"has-post-thumbnail","6":"product_brand-dji","7":"product_cat-dji","8":"product_cat-dji-matrice-4-drones","9":"product_cat-matrice-4","10":"product_tag-dji","11":"product_tag-dji-matrice-4-drone","12":"product_tag-dji-matrice-4-series","14":"first","15":"onbackorder","16":"taxable","17":"shipping-taxable","18":"purchasable","19":"product-type-simple"},"yoast_head":"<!-- This site is optimized with the Yoast SEO plugin v27.1.1 - https:\/\/yoast.com\/product\/yoast-seo-wordpress\/ -->\n<title>DJI Matrice 4E Worry-Free Plus Combo - Ghostysky<\/title>\n<meta name=\"description\" content=\"The DJI Matrice 4E Worry-Free Plus Combo is a professional-grade, compact, and intelligent multi-sensor drone designed for high-efficiency enterprise applications, particularly in surveying, mapping, construction, and mining.This combo is an all-in-one solution that pairs the advanced Matrice 4E aircraft with extended protection and essential accessories, ensuring reliable and precise operations.\" \/>\n<meta name=\"robots\" content=\"index, follow, max-snippet:-1, max-image-preview:large, max-video-preview:-1\" \/>\n<link rel=\"canonical\" href=\"https:\/\/www.ghostysky.com\/fr\/product\/dji-matrice-4e-worry-free-plus-combo\/\" \/>\n<meta property=\"og:locale\" content=\"fr_FR\" \/>\n<meta property=\"og:type\" content=\"article\" \/>\n<meta property=\"og:title\" content=\"DJI Matrice 4E Worry-Free Plus Combo - Ghostysky\" \/>\n<meta property=\"og:description\" content=\"The DJI Matrice 4E Worry-Free Plus Combo is a professional-grade, compact, and intelligent multi-sensor drone designed for high-efficiency enterprise applications, particularly in surveying, mapping, construction, and mining.This combo is an all-in-one solution that pairs the advanced Matrice 4E aircraft with extended protection and essential accessories, ensuring reliable and precise operations.\" \/>\n<meta property=\"og:url\" content=\"https:\/\/www.ghostysky.com\/fr\/product\/dji-matrice-4e-worry-free-plus-combo\/\" \/>\n<meta property=\"og:site_name\" content=\"Ghostysky\" \/>\n<meta property=\"article:publisher\" content=\"https:\/\/www.facebook.com\/people\/Ghostysky\/100057676170234\/\" \/>\n<meta property=\"article:modified_time\" content=\"2025-10-17T14:09:32+00:00\" \/>\n<meta property=\"og:image\" content=\"https:\/\/www.ghostysky.com\/wp-content\/uploads\/2025\/10\/GH_DJI-Matrice-4E-Worry-Free-Plus-Combo_1.jpg\" \/>\n\t<meta property=\"og:image:width\" content=\"800\" \/>\n\t<meta property=\"og:image:height\" content=\"800\" \/>\n\t<meta property=\"og:image:type\" content=\"image\/jpeg\" \/>\n<meta name=\"twitter:card\" content=\"summary_large_image\" \/>\n<meta name=\"twitter:site\" content=\"@Gh0stysky\" \/>\n<meta name=\"twitter:label1\" content=\"Dur\u00e9e de lecture estim\u00e9e\" \/>\n\t<meta name=\"twitter:data1\" content=\"2 minutes\" \/>\n<script type=\"application\/ld+json\" class=\"yoast-schema-graph\">{\"@context\":\"https:\/\/schema.org\",\"@graph\":[{\"@type\":\"WebPage\",\"@id\":\"https:\/\/www.ghostysky.com\/product\/dji-matrice-4e-worry-free-plus-combo\/\",\"url\":\"https:\/\/www.ghostysky.com\/product\/dji-matrice-4e-worry-free-plus-combo\/\",\"name\":\"DJI Matrice 4E Worry-Free Plus Combo - Ghostysky\",\"isPartOf\":{\"@id\":\"https:\/\/www.ghostysky.com\/#website\"},\"primaryImageOfPage\":{\"@id\":\"https:\/\/www.ghostysky.com\/product\/dji-matrice-4e-worry-free-plus-combo\/#primaryimage\"},\"image\":{\"@id\":\"https:\/\/www.ghostysky.com\/product\/dji-matrice-4e-worry-free-plus-combo\/#primaryimage\"},\"thumbnailUrl\":\"https:\/\/www.ghostysky.com\/wp-content\/uploads\/2025\/10\/GH_DJI-Matrice-4E-Worry-Free-Plus-Combo_1.jpg\",\"datePublished\":\"2025-10-17T13:57:48+00:00\",\"dateModified\":\"2025-10-17T14:09:32+00:00\",\"description\":\"The DJI Matrice 4E Worry-Free Plus Combo is a professional-grade, compact, and intelligent multi-sensor drone designed for high-efficiency enterprise applications, particularly in surveying, mapping, construction, and mining.This combo is an all-in-one solution that pairs the advanced Matrice 4E aircraft with extended protection and essential accessories, ensuring reliable and precise operations.\",\"breadcrumb\":{\"@id\":\"https:\/\/www.ghostysky.com\/product\/dji-matrice-4e-worry-free-plus-combo\/#breadcrumb\"},\"inLanguage\":\"fr-FR\",\"potentialAction\":[{\"@type\":\"ReadAction\",\"target\":[\"https:\/\/www.ghostysky.com\/product\/dji-matrice-4e-worry-free-plus-combo\/\"]}]},{\"@type\":\"ImageObject\",\"inLanguage\":\"fr-FR\",\"@id\":\"https:\/\/www.ghostysky.com\/product\/dji-matrice-4e-worry-free-plus-combo\/#primaryimage\",\"url\":\"https:\/\/www.ghostysky.com\/wp-content\/uploads\/2025\/10\/GH_DJI-Matrice-4E-Worry-Free-Plus-Combo_1.jpg\",\"contentUrl\":\"https:\/\/www.ghostysky.com\/wp-content\/uploads\/2025\/10\/GH_DJI-Matrice-4E-Worry-Free-Plus-Combo_1.jpg\",\"width\":800,\"height\":800},{\"@type\":\"BreadcrumbList\",\"@id\":\"https:\/\/www.ghostysky.com\/product\/dji-matrice-4e-worry-free-plus-combo\/#breadcrumb\",\"itemListElement\":[{\"@type\":\"ListItem\",\"position\":1,\"name\":\"Home\",\"item\":\"https:\/\/www.ghostysky.com\/\"},{\"@type\":\"ListItem\",\"position\":2,\"name\":\"Shop\",\"item\":\"https:\/\/www.ghostysky.com\/shop\/\"},{\"@type\":\"ListItem\",\"position\":3,\"name\":\"DJI Matrice 4E Worry-Free Plus Combo\"}]},{\"@type\":\"WebSite\",\"@id\":\"https:\/\/www.ghostysky.com\/#website\",\"url\":\"https:\/\/www.ghostysky.com\/\",\"name\":\"Ghostysky\",\"description\":\"Delivering professional drones and services\",\"publisher\":{\"@id\":\"https:\/\/www.ghostysky.com\/#organization\"},\"potentialAction\":[{\"@type\":\"SearchAction\",\"target\":{\"@type\":\"EntryPoint\",\"urlTemplate\":\"https:\/\/www.ghostysky.com\/?s={search_term_string}\"},\"query-input\":{\"@type\":\"PropertyValueSpecification\",\"valueRequired\":true,\"valueName\":\"search_term_string\"}}],\"inLanguage\":\"fr-FR\"},{\"@type\":\"Organization\",\"@id\":\"https:\/\/www.ghostysky.com\/#organization\",\"name\":\"Ghostysky\",\"url\":\"https:\/\/www.ghostysky.com\/\",\"logo\":{\"@type\":\"ImageObject\",\"inLanguage\":\"fr-FR\",\"@id\":\"https:\/\/www.ghostysky.com\/#\/schema\/logo\/image\/\",\"url\":\"https:\/\/www.ghostysky.com\/wp-content\/uploads\/2020\/06\/cropped-ghostyskylogo_text_white2.png\",\"contentUrl\":\"https:\/\/www.ghostysky.com\/wp-content\/uploads\/2020\/06\/cropped-ghostyskylogo_text_white2.png\",\"width\":169,\"height\":56,\"caption\":\"Ghostysky\"},\"image\":{\"@id\":\"https:\/\/www.ghostysky.com\/#\/schema\/logo\/image\/\"},\"sameAs\":[\"https:\/\/www.facebook.com\/people\/Ghostysky\/100057676170234\/\",\"https:\/\/x.com\/Gh0stysky\",\"https:\/\/www.linkedin.com\/company\/34739653\",\"https:\/\/www.instagram.com\/gh0stysky\"]}]}<\/script>\n<!-- \/ Yoast SEO plugin. -->","yoast_head_json":{"title":"DJI Matrice 4E Worry-Free Plus Combo - Ghostysky","description":"Le DJI Matrice 4E Worry-Free Plus Combo est un drone multi-capteurs compact et intelligent de qualit\u00e9 professionnelle con\u00e7u pour les applications d&#039;entreprise \u00e0 haute efficacit\u00e9, en particulier dans l&#039;arpentage, la cartographie, la construction et l&#039;exploitation mini\u00e8re. Ce combo est une solution tout-en-un qui associe l&#039;avion avanc\u00e9 Matrice 4E \u00e0 une protection \u00e9tendue et des accessoires essentiels, garantissant des op\u00e9rations fiables et pr\u00e9cises.","robots":{"index":"index","follow":"follow","max-snippet":"max-snippet:-1","max-image-preview":"max-image-preview:large","max-video-preview":"max-video-preview:-1"},"canonical":"https:\/\/www.ghostysky.com\/fr\/product\/dji-matrice-4e-worry-free-plus-combo\/","og_locale":"fr_FR","og_type":"article","og_title":"DJI Matrice 4E Worry-Free Plus Combo - Ghostysky","og_description":"The DJI Matrice 4E Worry-Free Plus Combo is a professional-grade, compact, and intelligent multi-sensor drone designed for high-efficiency enterprise applications, particularly in surveying, mapping, construction, and mining.This combo is an all-in-one solution that pairs the advanced Matrice 4E aircraft with extended protection and essential accessories, ensuring reliable and precise operations.","og_url":"https:\/\/www.ghostysky.com\/fr\/product\/dji-matrice-4e-worry-free-plus-combo\/","og_site_name":"Ghostysky","article_publisher":"https:\/\/www.facebook.com\/people\/Ghostysky\/100057676170234\/","article_modified_time":"2025-10-17T14:09:32+00:00","og_image":[{"width":800,"height":800,"url":"https:\/\/www.ghostysky.com\/wp-content\/uploads\/2025\/10\/GH_DJI-Matrice-4E-Worry-Free-Plus-Combo_1.jpg","type":"image\/jpeg"}],"twitter_card":"summary_large_image","twitter_site":"@Gh0stysky","twitter_misc":{"Dur\u00e9e de lecture estim\u00e9e":"2 minutes"},"schema":{"@context":"https:\/\/schema.org","@graph":[{"@type":"WebPage","@id":"https:\/\/www.ghostysky.com\/product\/dji-matrice-4e-worry-free-plus-combo\/","url":"https:\/\/www.ghostysky.com\/product\/dji-matrice-4e-worry-free-plus-combo\/","name":"DJI Matrice 4E Worry-Free Plus Combo - Ghostysky","isPartOf":{"@id":"https:\/\/www.ghostysky.com\/#website"},"primaryImageOfPage":{"@id":"https:\/\/www.ghostysky.com\/product\/dji-matrice-4e-worry-free-plus-combo\/#primaryimage"},"image":{"@id":"https:\/\/www.ghostysky.com\/product\/dji-matrice-4e-worry-free-plus-combo\/#primaryimage"},"thumbnailUrl":"https:\/\/www.ghostysky.com\/wp-content\/uploads\/2025\/10\/GH_DJI-Matrice-4E-Worry-Free-Plus-Combo_1.jpg","datePublished":"2025-10-17T13:57:48+00:00","dateModified":"2025-10-17T14:09:32+00:00","description":"Le DJI Matrice 4E Worry-Free Plus Combo est un drone multi-capteurs compact et intelligent de qualit\u00e9 professionnelle con\u00e7u pour les applications d&#039;entreprise \u00e0 haute efficacit\u00e9, en particulier dans l&#039;arpentage, la cartographie, la construction et l&#039;exploitation mini\u00e8re. Ce combo est une solution tout-en-un qui associe l&#039;avion avanc\u00e9 Matrice 4E \u00e0 une protection \u00e9tendue et des accessoires essentiels, garantissant des op\u00e9rations fiables et pr\u00e9cises.","breadcrumb":{"@id":"https:\/\/www.ghostysky.com\/product\/dji-matrice-4e-worry-free-plus-combo\/#breadcrumb"},"inLanguage":"fr-FR","potentialAction":[{"@type":"ReadAction","target":["https:\/\/www.ghostysky.com\/product\/dji-matrice-4e-worry-free-plus-combo\/"]}]},{"@type":"ImageObject","inLanguage":"fr-FR","@id":"https:\/\/www.ghostysky.com\/product\/dji-matrice-4e-worry-free-plus-combo\/#primaryimage","url":"https:\/\/www.ghostysky.com\/wp-content\/uploads\/2025\/10\/GH_DJI-Matrice-4E-Worry-Free-Plus-Combo_1.jpg","contentUrl":"https:\/\/www.ghostysky.com\/wp-content\/uploads\/2025\/10\/GH_DJI-Matrice-4E-Worry-Free-Plus-Combo_1.jpg","width":800,"height":800},{"@type":"BreadcrumbList","@id":"https:\/\/www.ghostysky.com\/product\/dji-matrice-4e-worry-free-plus-combo\/#breadcrumb","itemListElement":[{"@type":"ListItem","position":1,"name":"Home","item":"https:\/\/www.ghostysky.com\/"},{"@type":"ListItem","position":2,"name":"Shop","item":"https:\/\/www.ghostysky.com\/shop\/"},{"@type":"ListItem","position":3,"name":"DJI Matrice 4E Worry-Free Plus Combo"}]},{"@type":"WebSite","@id":"https:\/\/www.ghostysky.com\/#website","url":"https:\/\/www.ghostysky.com\/","name":"Ghostysky","description":"Livraison de drones et de services professionnels","publisher":{"@id":"https:\/\/www.ghostysky.com\/#organization"},"potentialAction":[{"@type":"SearchAction","target":{"@type":"EntryPoint","urlTemplate":"https:\/\/www.ghostysky.com\/?s={search_term_string}"},"query-input":{"@type":"PropertyValueSpecification","valueRequired":true,"valueName":"search_term_string"}}],"inLanguage":"fr-FR"},{"@type":"Organization","@id":"https:\/\/www.ghostysky.com\/#organization","name":"Ghostysky","url":"https:\/\/www.ghostysky.com\/","logo":{"@type":"ImageObject","inLanguage":"fr-FR","@id":"https:\/\/www.ghostysky.com\/#\/schema\/logo\/image\/","url":"https:\/\/www.ghostysky.com\/wp-content\/uploads\/2020\/06\/cropped-ghostyskylogo_text_white2.png","contentUrl":"https:\/\/www.ghostysky.com\/wp-content\/uploads\/2020\/06\/cropped-ghostyskylogo_text_white2.png","width":169,"height":56,"caption":"Ghostysky"},"image":{"@id":"https:\/\/www.ghostysky.com\/#\/schema\/logo\/image\/"},"sameAs":["https:\/\/www.facebook.com\/people\/Ghostysky\/100057676170234\/","https:\/\/x.com\/Gh0stysky","https:\/\/www.linkedin.com\/company\/34739653","https:\/\/www.instagram.com\/gh0stysky"]}]}},"_links":{"self":[{"href":"https:\/\/www.ghostysky.com\/fr\/wp-json\/wp\/v2\/product\/21741","targetHints":{"allow":["GET"]}}],"collection":[{"href":"https:\/\/www.ghostysky.com\/fr\/wp-json\/wp\/v2\/product"}],"about":[{"href":"https:\/\/www.ghostysky.com\/fr\/wp-json\/wp\/v2\/types\/product"}],"replies":[{"embeddable":true,"href":"https:\/\/www.ghostysky.com\/fr\/wp-json\/wp\/v2\/comments?post=21741"}],"wp:featuredmedia":[{"embeddable":true,"href":"https:\/\/www.ghostysky.com\/fr\/wp-json\/wp\/v2\/media\/21745"}],"wp:attachment":[{"href":"https:\/\/www.ghostysky.com\/fr\/wp-json\/wp\/v2\/media?parent=21741"}],"wp:term":[{"taxonomy":"product_brand","embeddable":true,"href":"https:\/\/www.ghostysky.com\/fr\/wp-json\/wp\/v2\/product_brand?post=21741"},{"taxonomy":"product_cat","embeddable":true,"href":"https:\/\/www.ghostysky.com\/fr\/wp-json\/wp\/v2\/product_cat?post=21741"},{"taxonomy":"product_tag","embeddable":true,"href":"https:\/\/www.ghostysky.com\/fr\/wp-json\/wp\/v2\/product_tag?post=21741"}],"curies":[{"name":"wp","href":"https:\/\/api.w.org\/{rel}","templated":true}]}}