{"id":21769,"date":"2025-10-17T14:22:03","date_gmt":"2025-10-17T14:22:03","guid":{"rendered":"https:\/\/www.ghostysky.com\/?post_type=product&#038;p=21769"},"modified":"2025-10-18T04:22:58","modified_gmt":"2025-10-18T04:22:58","slug":"dji-rc-plus-2-enterprise-enhanced","status":"publish","type":"product","link":"https:\/\/www.ghostysky.com\/fr\/product\/dji-rc-plus-2-enterprise-enhanced\/","title":{"rendered":"DJI RC Plus 2 Enterprise am\u00e9lior\u00e9"},"content":{"rendered":"<h3><b>Principales caract\u00e9ristiques et points forts<\/b><\/h3>\n<ul>\n<li><b><span class=\"citation-1172\">\u00c9cran ultra-lumineux haute d\u00e9finition :<\/span><\/b><span class=\"citation-1172\"> Dispose d&#039;un grand \u00e9cran tactile HD de 7,02 pouces avec une luminosit\u00e9 allant jusqu&#039;\u00e0 <\/span><b><span class=\"citation-1172\">1400 nits<\/span><\/b><span class=\"citation-1172 citation-end-1172\">, garantissant une visibilit\u00e9 cristalline m\u00eame sous la lumi\u00e8re directe du soleil, ce qui est essentiel pour les op\u00e9rations sur le terrain.<\/span><\/li>\n<li><b>Robuste et r\u00e9sistant aux intemp\u00e9ries :<\/b><span class=\"citation-1171\"> Construit avec un <\/span><b><span class=\"citation-1171\">Indice de protection IP54<\/span><\/b><span class=\"citation-1171 citation-end-1171\"> pour une r\u00e9sistance \u00e0 la poussi\u00e8re et \u00e0 l&#039;eau et une large plage de temp\u00e9ratures de fonctionnement <sup class=\"superscript\" data-turn-source-index=\"3\">3<\/sup><\/span><b><span class=\"math-inline\" data-math=\"-20^\\circ \\text{ to } 50^\\circ \\text{ C}\">$-20^\\circ \\texte{ \u00e0 } 50^\\circ \\texte{ C}$<\/span><\/b><span class=\"citation-1170 citation-end-1170\"> (<sup class=\"superscript\" data-turn-source-index=\"4\">4<\/sup><\/span><span class=\"math-inline\" data-math=\"-4^\\circ \\text{ to } 122^\\circ \\text{ F}\">$-4^\\circ \\texte{ \u00e0 } 122^\\circ \\texte{ F}$<\/span><span class=\"citation-1169 citation-end-1169\">), garantissant des performances fiables dans des conditions environnementales difficiles.<\/span><\/li>\n<li><b><span class=\"citation-1168\">Transmission vid\u00e9o d&#039;entreprise O4\u00a0:<\/span><\/b><span class=\"citation-1168\"> Utilise le puissant <\/span><b><span class=\"citation-1168\">Syst\u00e8me de transmission O4 Enterprise<\/span><\/b><span class=\"citation-1168 citation-end-1168\"> avec un r\u00e9seau d&#039;antennes \u00e0 gain \u00e9lev\u00e9 int\u00e9gr\u00e9 pour fournir un flux vid\u00e9o stable, \u00e0 faible latence et fluide sur de longues distances.<\/span><\/li>\n<li><b>Connectivit\u00e9 am\u00e9lior\u00e9e\u00a0:<\/b><span class=\"citation-1167\"> Prend en charge les deux <\/span><b><span class=\"citation-1167\">Transmission hybride SDR et 4G<\/span><\/b><span class=\"citation-1167 citation-end-1167\"> (avec un module optionnel), offrant une communication stable et ininterrompue m\u00eame dans des environnements complexes comme les immeubles urbains de grande hauteur ou les terrains montagneux.<sup class=\"superscript\" data-turn-source-index=\"7\">7<\/sup><\/span> <span class=\"citation-1166 citation-end-1166\">La version am\u00e9lior\u00e9e ajoute des composants d&#039;interface \u00e9tendus pour la compatibilit\u00e9 avec davantage de produits industriels.<\/span><\/li>\n<li><b><span class=\"citation-1165\">Fonctionnement prolong\u00e9 et continu :<\/span><\/b><span class=\"citation-1165 citation-end-1165\"> Dispose d&#039;une prise en charge de double batterie (batterie interne plus batterie externe WB37 rempla\u00e7able \u00e0 chaud en option) pour une dur\u00e9e de fonctionnement consid\u00e9rablement prolong\u00e9e, permettant de longues heures de vol continu sans interruption de mission.<\/span><\/li>\n<li><b><span class=\"citation-1164\">Contr\u00f4le ergonomique et intuitif :<\/span><\/b><span class=\"citation-1164 citation-end-1164\"> Con\u00e7u avec une poign\u00e9e confortable et ergonomique et des boutons physiques personnalisables, permettant aux pilotes d&#039;acc\u00e9der efficacement aux fonctions essentielles et de rester concentr\u00e9s sur le vol.<\/span><\/li>\n<\/ul>\n<p><span class=\"citation-1163 citation-end-1163\">Le DJI RC Plus 2 Enterprise Enhanced est l&#039;unit\u00e9 de commande centrale qui permet aux \u00e9quipes de s\u00e9curit\u00e9 publique, aux inspecteurs d&#039;infrastructures et aux professionnels de la cartographie de disposer du contr\u00f4le fiable et performant n\u00e9cessaire pour ex\u00e9cuter des missions complexes de mani\u00e8re plus intelligente et plus s\u00fbre.<\/span><\/p>\n<h4>DANS LA BO\u00ceTE<\/h4>\n<p>T\u00e9l\u00e9commande \u00d71<\/p>\n<h4>COMPATIBILIT\u00c9<\/h4>\n<p>DJI Matrice s\u00e9rie 4<br \/>\nAeronave S\u00e9rie DJI Matrice 4T Enterprise<br \/>\nS\u00e9rie Aeronave DJI Matrice 4E Enterprise<br \/>\nS\u00e9rie DJI Matrice 4D<br \/>\nAeronave S\u00e9rie DJI Matrice 4TD Enterprise<br \/>\nS\u00e9rie Aeronave DJI Matrice 4D Enterprise<br \/>\nDJI Matrice 400<\/p>","protected":false},"excerpt":{"rendered":"<p><span class=\"citation-1173 citation-end-1173\">La DJI RC Plus 2 Enterprise Enhanced est la t\u00e9l\u00e9commande de qualit\u00e9 professionnelle ultime, con\u00e7ue pour les pilotes qui exigent des performances, une fiabilit\u00e9 et une pr\u00e9cision de pointe dans les op\u00e9rations de drones d&#039;entreprise difficiles.<\/span> Con\u00e7u pour une int\u00e9gration transparente avec la s\u00e9rie DJI Matrice 4 et d&#039;autres avions d&#039;entreprise compatibles, ce contr\u00f4leur garantit que vos missions sont ex\u00e9cut\u00e9es avec une clart\u00e9 et une stabilit\u00e9 exceptionnelles.<\/p>","protected":false},"featured_media":21771,"comment_status":"open","ping_status":"closed","template":"","meta":[],"product_brand":[1031],"product_cat":[37,1119,29,1117,1125,1127],"product_tag":[42,1123,1120],"class_list":{"0":"post-21769","1":"product","2":"type-product","3":"status-publish","4":"has-post-thumbnail","6":"product_brand-dji","7":"product_cat-dji","8":"product_cat-dji-matrice-4-accessories","9":"product_cat-drones","10":"product_cat-matrice-4","11":"product_cat-matrice-400","12":"product_cat-matrice-400-accessories","13":"product_tag-dji","14":"product_tag-dji-matrice-4-accessories","15":"product_tag-dji-matrice-4-series","17":"first","18":"onbackorder","19":"taxable","20":"shipping-taxable","21":"purchasable","22":"product-type-simple"},"yoast_head":"<!-- This site is optimized with the Yoast SEO plugin v27.1.1 - https:\/\/yoast.com\/product\/yoast-seo-wordpress\/ -->\n<title>DJI RC Plus 2 Enterprise Enhanced - Ghostysky<\/title>\n<meta name=\"description\" content=\"The DJI RC Plus 2 Enterprise Enhanced is the ultimate professional-grade remote controller, engineered for pilots who demand peak performance, reliability, and precision in challenging enterprise drone operations. Built for seamless integration with the DJI Matrice 4 Series and other compatible enterprise aircraft, this controller ensures your missions are executed with exceptional clarity and stab\" \/>\n<meta name=\"robots\" content=\"index, follow, max-snippet:-1, max-image-preview:large, max-video-preview:-1\" \/>\n<link rel=\"canonical\" href=\"https:\/\/www.ghostysky.com\/fr\/product\/dji-rc-plus-2-enterprise-enhanced\/\" \/>\n<meta property=\"og:locale\" content=\"fr_FR\" \/>\n<meta property=\"og:type\" content=\"article\" \/>\n<meta property=\"og:title\" content=\"DJI RC Plus 2 Enterprise Enhanced - Ghostysky\" \/>\n<meta property=\"og:description\" content=\"The DJI RC Plus 2 Enterprise Enhanced is the ultimate professional-grade remote controller, engineered for pilots who demand peak performance, reliability, and precision in challenging enterprise drone operations. Built for seamless integration with the DJI Matrice 4 Series and other compatible enterprise aircraft, this controller ensures your missions are executed with exceptional clarity and stab\" \/>\n<meta property=\"og:url\" content=\"https:\/\/www.ghostysky.com\/fr\/product\/dji-rc-plus-2-enterprise-enhanced\/\" \/>\n<meta property=\"og:site_name\" content=\"Ghostysky\" \/>\n<meta property=\"article:publisher\" content=\"https:\/\/www.facebook.com\/people\/Ghostysky\/100057676170234\/\" \/>\n<meta property=\"article:modified_time\" content=\"2025-10-18T04:22:58+00:00\" \/>\n<meta property=\"og:image\" content=\"https:\/\/www.ghostysky.com\/wp-content\/uploads\/2025\/10\/GH_DJI-RC-Plus-2-Enterprise-Enhanced_3.jpg\" \/>\n\t<meta property=\"og:image:width\" content=\"800\" \/>\n\t<meta property=\"og:image:height\" content=\"800\" \/>\n\t<meta property=\"og:image:type\" content=\"image\/jpeg\" \/>\n<meta name=\"twitter:card\" content=\"summary_large_image\" \/>\n<meta name=\"twitter:site\" content=\"@Gh0stysky\" \/>\n<meta name=\"twitter:label1\" content=\"Dur\u00e9e de lecture estim\u00e9e\" \/>\n\t<meta name=\"twitter:data1\" content=\"2 minutes\" \/>\n<script type=\"application\/ld+json\" class=\"yoast-schema-graph\">{\"@context\":\"https:\/\/schema.org\",\"@graph\":[{\"@type\":\"WebPage\",\"@id\":\"https:\/\/www.ghostysky.com\/product\/dji-rc-plus-2-enterprise-enhanced\/\",\"url\":\"https:\/\/www.ghostysky.com\/product\/dji-rc-plus-2-enterprise-enhanced\/\",\"name\":\"DJI RC Plus 2 Enterprise Enhanced - Ghostysky\",\"isPartOf\":{\"@id\":\"https:\/\/www.ghostysky.com\/#website\"},\"primaryImageOfPage\":{\"@id\":\"https:\/\/www.ghostysky.com\/product\/dji-rc-plus-2-enterprise-enhanced\/#primaryimage\"},\"image\":{\"@id\":\"https:\/\/www.ghostysky.com\/product\/dji-rc-plus-2-enterprise-enhanced\/#primaryimage\"},\"thumbnailUrl\":\"https:\/\/www.ghostysky.com\/wp-content\/uploads\/2025\/10\/GH_DJI-RC-Plus-2-Enterprise-Enhanced_3.jpg\",\"datePublished\":\"2025-10-17T14:22:03+00:00\",\"dateModified\":\"2025-10-18T04:22:58+00:00\",\"description\":\"The DJI RC Plus 2 Enterprise Enhanced is the ultimate professional-grade remote controller, engineered for pilots who demand peak performance, reliability, and precision in challenging enterprise drone operations. Built for seamless integration with the DJI Matrice 4 Series and other compatible enterprise aircraft, this controller ensures your missions are executed with exceptional clarity and stab\",\"breadcrumb\":{\"@id\":\"https:\/\/www.ghostysky.com\/product\/dji-rc-plus-2-enterprise-enhanced\/#breadcrumb\"},\"inLanguage\":\"fr-FR\",\"potentialAction\":[{\"@type\":\"ReadAction\",\"target\":[\"https:\/\/www.ghostysky.com\/product\/dji-rc-plus-2-enterprise-enhanced\/\"]}]},{\"@type\":\"ImageObject\",\"inLanguage\":\"fr-FR\",\"@id\":\"https:\/\/www.ghostysky.com\/product\/dji-rc-plus-2-enterprise-enhanced\/#primaryimage\",\"url\":\"https:\/\/www.ghostysky.com\/wp-content\/uploads\/2025\/10\/GH_DJI-RC-Plus-2-Enterprise-Enhanced_3.jpg\",\"contentUrl\":\"https:\/\/www.ghostysky.com\/wp-content\/uploads\/2025\/10\/GH_DJI-RC-Plus-2-Enterprise-Enhanced_3.jpg\",\"width\":800,\"height\":800},{\"@type\":\"BreadcrumbList\",\"@id\":\"https:\/\/www.ghostysky.com\/product\/dji-rc-plus-2-enterprise-enhanced\/#breadcrumb\",\"itemListElement\":[{\"@type\":\"ListItem\",\"position\":1,\"name\":\"Home\",\"item\":\"https:\/\/www.ghostysky.com\/\"},{\"@type\":\"ListItem\",\"position\":2,\"name\":\"Shop\",\"item\":\"https:\/\/www.ghostysky.com\/shop\/\"},{\"@type\":\"ListItem\",\"position\":3,\"name\":\"DJI RC Plus 2 Enterprise Enhanced\"}]},{\"@type\":\"WebSite\",\"@id\":\"https:\/\/www.ghostysky.com\/#website\",\"url\":\"https:\/\/www.ghostysky.com\/\",\"name\":\"Ghostysky\",\"description\":\"Delivering professional drones and services\",\"publisher\":{\"@id\":\"https:\/\/www.ghostysky.com\/#organization\"},\"potentialAction\":[{\"@type\":\"SearchAction\",\"target\":{\"@type\":\"EntryPoint\",\"urlTemplate\":\"https:\/\/www.ghostysky.com\/?s={search_term_string}\"},\"query-input\":{\"@type\":\"PropertyValueSpecification\",\"valueRequired\":true,\"valueName\":\"search_term_string\"}}],\"inLanguage\":\"fr-FR\"},{\"@type\":\"Organization\",\"@id\":\"https:\/\/www.ghostysky.com\/#organization\",\"name\":\"Ghostysky\",\"url\":\"https:\/\/www.ghostysky.com\/\",\"logo\":{\"@type\":\"ImageObject\",\"inLanguage\":\"fr-FR\",\"@id\":\"https:\/\/www.ghostysky.com\/#\/schema\/logo\/image\/\",\"url\":\"https:\/\/www.ghostysky.com\/wp-content\/uploads\/2020\/06\/cropped-ghostyskylogo_text_white2.png\",\"contentUrl\":\"https:\/\/www.ghostysky.com\/wp-content\/uploads\/2020\/06\/cropped-ghostyskylogo_text_white2.png\",\"width\":169,\"height\":56,\"caption\":\"Ghostysky\"},\"image\":{\"@id\":\"https:\/\/www.ghostysky.com\/#\/schema\/logo\/image\/\"},\"sameAs\":[\"https:\/\/www.facebook.com\/people\/Ghostysky\/100057676170234\/\",\"https:\/\/x.com\/Gh0stysky\",\"https:\/\/www.linkedin.com\/company\/34739653\",\"https:\/\/www.instagram.com\/gh0stysky\"]}]}<\/script>\n<!-- \/ Yoast SEO plugin. -->","yoast_head_json":{"title":"DJI RC Plus 2 Enterprise Enhanced - Ghostysky","description":"La DJI RC Plus 2 Enterprise Enhanced est la radiocommande professionnelle ultime, con\u00e7ue pour les pilotes exigeant des performances, une fiabilit\u00e9 et une pr\u00e9cision optimales lors des op\u00e9rations de drones d&#039;entreprise les plus exigeantes. Con\u00e7ue pour une int\u00e9gration parfaite avec la s\u00e9rie DJI Matrice 4 et d&#039;autres appareils d&#039;entreprise compatibles, cette radiocommande garantit des missions d&#039;une clart\u00e9 et d&#039;une stabilit\u00e9 exceptionnelles.","robots":{"index":"index","follow":"follow","max-snippet":"max-snippet:-1","max-image-preview":"max-image-preview:large","max-video-preview":"max-video-preview:-1"},"canonical":"https:\/\/www.ghostysky.com\/fr\/product\/dji-rc-plus-2-enterprise-enhanced\/","og_locale":"fr_FR","og_type":"article","og_title":"DJI RC Plus 2 Enterprise Enhanced - Ghostysky","og_description":"The DJI RC Plus 2 Enterprise Enhanced is the ultimate professional-grade remote controller, engineered for pilots who demand peak performance, reliability, and precision in challenging enterprise drone operations. Built for seamless integration with the DJI Matrice 4 Series and other compatible enterprise aircraft, this controller ensures your missions are executed with exceptional clarity and stab","og_url":"https:\/\/www.ghostysky.com\/fr\/product\/dji-rc-plus-2-enterprise-enhanced\/","og_site_name":"Ghostysky","article_publisher":"https:\/\/www.facebook.com\/people\/Ghostysky\/100057676170234\/","article_modified_time":"2025-10-18T04:22:58+00:00","og_image":[{"width":800,"height":800,"url":"https:\/\/www.ghostysky.com\/wp-content\/uploads\/2025\/10\/GH_DJI-RC-Plus-2-Enterprise-Enhanced_3.jpg","type":"image\/jpeg"}],"twitter_card":"summary_large_image","twitter_site":"@Gh0stysky","twitter_misc":{"Dur\u00e9e de lecture estim\u00e9e":"2 minutes"},"schema":{"@context":"https:\/\/schema.org","@graph":[{"@type":"WebPage","@id":"https:\/\/www.ghostysky.com\/product\/dji-rc-plus-2-enterprise-enhanced\/","url":"https:\/\/www.ghostysky.com\/product\/dji-rc-plus-2-enterprise-enhanced\/","name":"DJI RC Plus 2 Enterprise Enhanced - Ghostysky","isPartOf":{"@id":"https:\/\/www.ghostysky.com\/#website"},"primaryImageOfPage":{"@id":"https:\/\/www.ghostysky.com\/product\/dji-rc-plus-2-enterprise-enhanced\/#primaryimage"},"image":{"@id":"https:\/\/www.ghostysky.com\/product\/dji-rc-plus-2-enterprise-enhanced\/#primaryimage"},"thumbnailUrl":"https:\/\/www.ghostysky.com\/wp-content\/uploads\/2025\/10\/GH_DJI-RC-Plus-2-Enterprise-Enhanced_3.jpg","datePublished":"2025-10-17T14:22:03+00:00","dateModified":"2025-10-18T04:22:58+00:00","description":"La DJI RC Plus 2 Enterprise Enhanced est la radiocommande professionnelle ultime, con\u00e7ue pour les pilotes exigeant des performances, une fiabilit\u00e9 et une pr\u00e9cision optimales lors des op\u00e9rations de drones d&#039;entreprise les plus exigeantes. Con\u00e7ue pour une int\u00e9gration parfaite avec la s\u00e9rie DJI Matrice 4 et d&#039;autres appareils d&#039;entreprise compatibles, cette radiocommande garantit des missions d&#039;une clart\u00e9 et d&#039;une stabilit\u00e9 exceptionnelles.","breadcrumb":{"@id":"https:\/\/www.ghostysky.com\/product\/dji-rc-plus-2-enterprise-enhanced\/#breadcrumb"},"inLanguage":"fr-FR","potentialAction":[{"@type":"ReadAction","target":["https:\/\/www.ghostysky.com\/product\/dji-rc-plus-2-enterprise-enhanced\/"]}]},{"@type":"ImageObject","inLanguage":"fr-FR","@id":"https:\/\/www.ghostysky.com\/product\/dji-rc-plus-2-enterprise-enhanced\/#primaryimage","url":"https:\/\/www.ghostysky.com\/wp-content\/uploads\/2025\/10\/GH_DJI-RC-Plus-2-Enterprise-Enhanced_3.jpg","contentUrl":"https:\/\/www.ghostysky.com\/wp-content\/uploads\/2025\/10\/GH_DJI-RC-Plus-2-Enterprise-Enhanced_3.jpg","width":800,"height":800},{"@type":"BreadcrumbList","@id":"https:\/\/www.ghostysky.com\/product\/dji-rc-plus-2-enterprise-enhanced\/#breadcrumb","itemListElement":[{"@type":"ListItem","position":1,"name":"Home","item":"https:\/\/www.ghostysky.com\/"},{"@type":"ListItem","position":2,"name":"Shop","item":"https:\/\/www.ghostysky.com\/shop\/"},{"@type":"ListItem","position":3,"name":"DJI RC Plus 2 Enterprise Enhanced"}]},{"@type":"WebSite","@id":"https:\/\/www.ghostysky.com\/#website","url":"https:\/\/www.ghostysky.com\/","name":"Ghostysky","description":"Livraison de drones et de services professionnels","publisher":{"@id":"https:\/\/www.ghostysky.com\/#organization"},"potentialAction":[{"@type":"SearchAction","target":{"@type":"EntryPoint","urlTemplate":"https:\/\/www.ghostysky.com\/?s={search_term_string}"},"query-input":{"@type":"PropertyValueSpecification","valueRequired":true,"valueName":"search_term_string"}}],"inLanguage":"fr-FR"},{"@type":"Organization","@id":"https:\/\/www.ghostysky.com\/#organization","name":"Ghostysky","url":"https:\/\/www.ghostysky.com\/","logo":{"@type":"ImageObject","inLanguage":"fr-FR","@id":"https:\/\/www.ghostysky.com\/#\/schema\/logo\/image\/","url":"https:\/\/www.ghostysky.com\/wp-content\/uploads\/2020\/06\/cropped-ghostyskylogo_text_white2.png","contentUrl":"https:\/\/www.ghostysky.com\/wp-content\/uploads\/2020\/06\/cropped-ghostyskylogo_text_white2.png","width":169,"height":56,"caption":"Ghostysky"},"image":{"@id":"https:\/\/www.ghostysky.com\/#\/schema\/logo\/image\/"},"sameAs":["https:\/\/www.facebook.com\/people\/Ghostysky\/100057676170234\/","https:\/\/x.com\/Gh0stysky","https:\/\/www.linkedin.com\/company\/34739653","https:\/\/www.instagram.com\/gh0stysky"]}]}},"_links":{"self":[{"href":"https:\/\/www.ghostysky.com\/fr\/wp-json\/wp\/v2\/product\/21769","targetHints":{"allow":["GET"]}}],"collection":[{"href":"https:\/\/www.ghostysky.com\/fr\/wp-json\/wp\/v2\/product"}],"about":[{"href":"https:\/\/www.ghostysky.com\/fr\/wp-json\/wp\/v2\/types\/product"}],"replies":[{"embeddable":true,"href":"https:\/\/www.ghostysky.com\/fr\/wp-json\/wp\/v2\/comments?post=21769"}],"wp:featuredmedia":[{"embeddable":true,"href":"https:\/\/www.ghostysky.com\/fr\/wp-json\/wp\/v2\/media\/21771"}],"wp:attachment":[{"href":"https:\/\/www.ghostysky.com\/fr\/wp-json\/wp\/v2\/media?parent=21769"}],"wp:term":[{"taxonomy":"product_brand","embeddable":true,"href":"https:\/\/www.ghostysky.com\/fr\/wp-json\/wp\/v2\/product_brand?post=21769"},{"taxonomy":"product_cat","embeddable":true,"href":"https:\/\/www.ghostysky.com\/fr\/wp-json\/wp\/v2\/product_cat?post=21769"},{"taxonomy":"product_tag","embeddable":true,"href":"https:\/\/www.ghostysky.com\/fr\/wp-json\/wp\/v2\/product_tag?post=21769"}],"curies":[{"name":"wp","href":"https:\/\/api.w.org\/{rel}","templated":true}]}}