{"id":21772,"date":"2025-10-17T14:29:57","date_gmt":"2025-10-17T14:29:57","guid":{"rendered":"https:\/\/www.ghostysky.com\/?post_type=product&#038;p=21772"},"modified":"2025-10-17T16:20:48","modified_gmt":"2025-10-17T16:20:48","slug":"dji-matrice-4-obstacle-sensing-module","status":"publish","type":"product","link":"https:\/\/www.ghostysky.com\/fr\/product\/dji-matrice-4-obstacle-sensing-module\/","title":{"rendered":"Module de d\u00e9tection d&#039;obstacles DJI Matrice 4"},"content":{"rendered":"<h3><b>Caract\u00e9ristiques principales<\/b><\/h3>\n<ul>\n<li><b>Technologie avanc\u00e9e \u00e0 double capteur\u00a0:<\/b><span class=\"citation-1214\"> Il combine <\/span><b><span class=\"citation-1214\">LiDAR rotatif<\/span><\/b><span class=\"citation-1214\"> avec un <\/span><b><span class=\"citation-1214\">radar \u00e0 ondes millim\u00e9triques \u00e0 cinq directions<\/span><\/b><span class=\"citation-1214 citation-end-1214\"> pour offrir une perception spatiale exceptionnelle, en particulier dans des conditions o\u00f9 les syst\u00e8mes de vision standard ont du mal.<\/span><\/li>\n<li><b><span class=\"citation-1213\">Protection omnidirectionnelle :<\/span><\/b><span class=\"citation-1213 citation-end-1213\"> Le module, associ\u00e9 aux syst\u00e8mes int\u00e9gr\u00e9s du drone, permet d&#039;\u00e9viter compl\u00e8tement les obstacles sur tout le pourtour pour une s\u00e9curit\u00e9 op\u00e9rationnelle renforc\u00e9e.<\/span><\/li>\n<li><b><span class=\"citation-1212\">D\u00e9tection de fil de pr\u00e9cision :<\/span><\/b><span class=\"citation-1212\"> Il offre une \u00e9vitement d&#039;obstacles pr\u00e9cis au niveau du fil, capable de d\u00e9tecter des obstacles fins aussi petits que <\/span><b><span class=\"citation-1212\">12 mm<\/span><\/b><span class=\"citation-1212 citation-end-1212\"> de diam\u00e8tre.<\/span><\/li>\n<li><b><span class=\"citation-1211\">S\u00e9curit\u00e9 \u00e0 grande vitesse :<\/span><\/b><span class=\"citation-1211\"> Maintenez un rythme \u00e9lev\u00e9 pendant les missions avec une d\u00e9tection efficace des obstacles \u00e0 des vitesses de vol allant jusqu&#039;\u00e0 <\/span><b><span class=\"citation-1211 citation-end-1211\">15 m\/s (environ<sup class=\"superscript\" data-turn-source-index=\"5\">5<\/sup><\/span> <span class=\"citation-1210\">33 mph)<\/span><\/b><span class=\"citation-1210 citation-end-1210\">.<\/span><\/li>\n<li><b>Positionnement am\u00e9lior\u00e9 en basse lumi\u00e8re\u00a0:<\/b><span class=\"citation-1209 citation-end-1209\"> La technologie int\u00e9gr\u00e9e am\u00e9liore la pr\u00e9cision du positionnement, permettant des op\u00e9rations plus s\u00fbres dans des conditions de faible luminosit\u00e9.<\/span><\/li>\n<li><b><span class=\"citation-1208\">Robuste et fiable :<\/span><\/b><span class=\"citation-1208\"> Avec un <\/span><b><span class=\"citation-1208\">Indice de protection IP55<\/span><\/b><span class=\"citation-1208 citation-end-1208\"> (lorsqu&#039;il est install\u00e9 sur la s\u00e9rie Matrice 4D), le module est con\u00e7u pour r\u00e9sister \u00e0 des conditions exigeantes, notamment les environnements industriels et les conditions m\u00e9t\u00e9orologiques variables.<\/span><\/li>\n<li><b><span class=\"citation-1207\">Id\u00e9al pour les missions critiques\u00a0:<\/span><\/b><span class=\"citation-1207 citation-end-1207\"> Il est sp\u00e9cialement con\u00e7u pour les applications professionnelles exigeantes telles que les inspections des r\u00e9seaux de distribution de lignes \u00e9lectriques et la navigation dans les configurations complexes des sous-stations, o\u00f9 les fils fins et les structures complexes constituent des dangers courants.<\/span>\n<div class=\"source-inline-chip-container ng-star-inserted\"><\/div>\n<\/li>\n<\/ul>\n<h3><b>Sp\u00e9cifications (r\u00e9sum\u00e9)<\/b><\/h3>\n<ul>\n<li><b><span class=\"citation-1206\">Syst\u00e8me de d\u00e9tection :<\/span><\/b><span class=\"citation-1206 citation-end-1206\"> Combinaison d&#039;un LiDAR rotatif et d&#039;un radar \u00e0 ondes millim\u00e9triques \u00e0 cinq directions.<\/span><\/li>\n<li><b><span class=\"citation-1205\">Vitesse de d\u00e9tection effective :<\/span><\/b><span class=\"citation-1205 citation-end-1205\"> <sup class=\"superscript\" data-turn-source-index=\"11\">11<\/sup><\/span><span class=\"math-inline\" data-math=\"\\le 15\">$\\le 15$<\/span><span class=\"citation-1204 citation-end-1204\"> m\/s (pour <sup class=\"superscript\" data-turn-source-index=\"12\">12<\/sup><\/span><span class=\"math-inline\" data-math=\"12\">$12$<\/span><span class=\"citation-1203 citation-end-1203\"> c\u00e2ble \u00e0 \u00e2me en acier de mm comme obstacle).<\/span><\/li>\n<li><b><span class=\"citation-1202\">Temp\u00e9rature de fonctionnement :<\/span><\/b><span class=\"citation-1202 citation-end-1202\"> <sup class=\"superscript\" data-turn-source-index=\"14\">14<\/sup><\/span><span class=\"math-inline\" data-math=\"-20^\\circ\">$-20^\\circ$<\/span><span class=\"citation-1201 citation-end-1201\"> \u00e0 <sup class=\"superscript\" data-turn-source-index=\"15\">15<\/sup><\/span><span class=\"math-inline\" data-math=\"50^\\circ\">$50^\\circ$<\/span><span class=\"citation-1200 citation-end-1200\"> C (<sup class=\"superscript\" data-turn-source-index=\"16\">16<\/sup><\/span><span class=\"math-inline\" data-math=\"-4^\\circ\">$-4^\\circ$<\/span><span class=\"citation-1199 citation-end-1199\"> \u00e0 <sup class=\"superscript\" data-turn-source-index=\"17\">17<\/sup><\/span><span class=\"math-inline\" data-math=\"122^\\circ\">$122^\\circ$<\/span><span class=\"citation-1198 citation-end-1198\"> F).<\/span><\/li>\n<li><b>Indice de protection contre les intrusions :<\/b><span class=\"citation-1197 citation-end-1197\"> IP55 (avec s\u00e9rie Matrice 4D).<\/span><\/li>\n<li><b><span class=\"citation-1196\">Compatibilit\u00e9:<\/span><\/b><span class=\"citation-1196 citation-end-1196\"> S\u00e9rie DJI Matrice 4 et s\u00e9rie DJI Matrice 4D.<\/span><\/li>\n<\/ul>\n<p><span class=\"citation-1195 citation-end-1195\">\u00c9quipez votre plateforme Matrice du module de d\u00e9tection d&#039;obstacles pour atteindre un nouveau niveau de confiance et de s\u00e9curit\u00e9 op\u00e9rationnelle pour vos t\u00e2ches d&#039;inspection et de cartographie industrielles les plus exigeantes.<\/span><\/p>\n<h4>DANS LA BO\u00ceTE<\/h4>\n<p>1x module de d\u00e9tection d&#039;obstacles<br \/>\n1x cl\u00e9 hexagonale H2,5<br \/>\n1x cl\u00e9 hexagonale H1. 5<br \/>\n1x support d&#039;adaptateur (s\u00e9rie Matrice 4)<br \/>\n12 sangles r\u00e9fl\u00e9chissantes (pour DJI Dock)<\/p>\n<h4>COMPATIBILIT\u00c9<\/h4>\n<p>S\u00e9rie DJI Matrice 4D<\/p>","protected":false},"excerpt":{"rendered":"<p>Le module de d\u00e9tection d&#039;obstacles DJI Matrice 4 est un accessoire essentiel et optionnel con\u00e7u pour am\u00e9liorer la s\u00e9curit\u00e9 de vol des drones d&#039;entreprise DJI Matrice 4 et Matrice 4D Series dans des environnements d&#039;exploitation complexes.<\/p>","protected":false},"featured_media":21775,"comment_status":"open","ping_status":"closed","template":"","meta":[],"product_brand":[1031],"product_cat":[37,1119,29,1117],"product_tag":[42,1123,1120],"class_list":{"0":"post-21772","1":"product","2":"type-product","3":"status-publish","4":"has-post-thumbnail","6":"product_brand-dji","7":"product_cat-dji","8":"product_cat-dji-matrice-4-accessories","9":"product_cat-drones","10":"product_cat-matrice-4","11":"product_tag-dji","12":"product_tag-dji-matrice-4-accessories","13":"product_tag-dji-matrice-4-series","15":"first","16":"onbackorder","17":"taxable","18":"shipping-taxable","19":"purchasable","20":"product-type-simple"},"yoast_head":"<!-- This site is optimized with the Yoast SEO plugin v27.1.1 - https:\/\/yoast.com\/product\/yoast-seo-wordpress\/ -->\n<title>DJI Matrice 4 Obstacle Sensing Module - Ghostysky<\/title>\n<meta name=\"description\" content=\"The DJI Matrice 4 Obstacle Sensing Module is a critical, optional accessory designed to elevate flight safety for the DJI Matrice 4 and Matrice 4D Series enterprise drones in complex operating environments.\" \/>\n<meta name=\"robots\" content=\"index, follow, max-snippet:-1, max-image-preview:large, max-video-preview:-1\" \/>\n<link rel=\"canonical\" href=\"https:\/\/www.ghostysky.com\/fr\/product\/dji-matrice-4-obstacle-sensing-module\/\" \/>\n<meta property=\"og:locale\" content=\"fr_FR\" \/>\n<meta property=\"og:type\" content=\"article\" \/>\n<meta property=\"og:title\" content=\"DJI Matrice 4 Obstacle Sensing Module - Ghostysky\" \/>\n<meta property=\"og:description\" content=\"The DJI Matrice 4 Obstacle Sensing Module is a critical, optional accessory designed to elevate flight safety for the DJI Matrice 4 and Matrice 4D Series enterprise drones in complex operating environments.\" \/>\n<meta property=\"og:url\" content=\"https:\/\/www.ghostysky.com\/fr\/product\/dji-matrice-4-obstacle-sensing-module\/\" \/>\n<meta property=\"og:site_name\" content=\"Ghostysky\" \/>\n<meta property=\"article:publisher\" content=\"https:\/\/www.facebook.com\/people\/Ghostysky\/100057676170234\/\" \/>\n<meta property=\"article:modified_time\" content=\"2025-10-17T16:20:48+00:00\" \/>\n<meta property=\"og:image\" content=\"https:\/\/www.ghostysky.com\/wp-content\/uploads\/2025\/10\/GH_DJI-Matrice-4-Obstacle-Sensing-Module_1.jpg\" \/>\n\t<meta property=\"og:image:width\" content=\"800\" \/>\n\t<meta property=\"og:image:height\" content=\"800\" \/>\n\t<meta property=\"og:image:type\" content=\"image\/jpeg\" \/>\n<meta name=\"twitter:card\" content=\"summary_large_image\" \/>\n<meta name=\"twitter:site\" content=\"@Gh0stysky\" \/>\n<meta name=\"twitter:label1\" content=\"Dur\u00e9e de lecture estim\u00e9e\" \/>\n\t<meta name=\"twitter:data1\" content=\"2 minutes\" \/>\n<script type=\"application\/ld+json\" class=\"yoast-schema-graph\">{\"@context\":\"https:\/\/schema.org\",\"@graph\":[{\"@type\":\"WebPage\",\"@id\":\"https:\/\/www.ghostysky.com\/product\/dji-matrice-4-obstacle-sensing-module\/\",\"url\":\"https:\/\/www.ghostysky.com\/product\/dji-matrice-4-obstacle-sensing-module\/\",\"name\":\"DJI Matrice 4 Obstacle Sensing Module - Ghostysky\",\"isPartOf\":{\"@id\":\"https:\/\/www.ghostysky.com\/#website\"},\"primaryImageOfPage\":{\"@id\":\"https:\/\/www.ghostysky.com\/product\/dji-matrice-4-obstacle-sensing-module\/#primaryimage\"},\"image\":{\"@id\":\"https:\/\/www.ghostysky.com\/product\/dji-matrice-4-obstacle-sensing-module\/#primaryimage\"},\"thumbnailUrl\":\"https:\/\/www.ghostysky.com\/wp-content\/uploads\/2025\/10\/GH_DJI-Matrice-4-Obstacle-Sensing-Module_1.jpg\",\"datePublished\":\"2025-10-17T14:29:57+00:00\",\"dateModified\":\"2025-10-17T16:20:48+00:00\",\"description\":\"The DJI Matrice 4 Obstacle Sensing Module is a critical, optional accessory designed to elevate flight safety for the DJI Matrice 4 and Matrice 4D Series enterprise drones in complex operating environments.\",\"breadcrumb\":{\"@id\":\"https:\/\/www.ghostysky.com\/product\/dji-matrice-4-obstacle-sensing-module\/#breadcrumb\"},\"inLanguage\":\"fr-FR\",\"potentialAction\":[{\"@type\":\"ReadAction\",\"target\":[\"https:\/\/www.ghostysky.com\/product\/dji-matrice-4-obstacle-sensing-module\/\"]}]},{\"@type\":\"ImageObject\",\"inLanguage\":\"fr-FR\",\"@id\":\"https:\/\/www.ghostysky.com\/product\/dji-matrice-4-obstacle-sensing-module\/#primaryimage\",\"url\":\"https:\/\/www.ghostysky.com\/wp-content\/uploads\/2025\/10\/GH_DJI-Matrice-4-Obstacle-Sensing-Module_1.jpg\",\"contentUrl\":\"https:\/\/www.ghostysky.com\/wp-content\/uploads\/2025\/10\/GH_DJI-Matrice-4-Obstacle-Sensing-Module_1.jpg\",\"width\":800,\"height\":800},{\"@type\":\"BreadcrumbList\",\"@id\":\"https:\/\/www.ghostysky.com\/product\/dji-matrice-4-obstacle-sensing-module\/#breadcrumb\",\"itemListElement\":[{\"@type\":\"ListItem\",\"position\":1,\"name\":\"Home\",\"item\":\"https:\/\/www.ghostysky.com\/\"},{\"@type\":\"ListItem\",\"position\":2,\"name\":\"Shop\",\"item\":\"https:\/\/www.ghostysky.com\/shop\/\"},{\"@type\":\"ListItem\",\"position\":3,\"name\":\"DJI Matrice 4 Obstacle Sensing Module\"}]},{\"@type\":\"WebSite\",\"@id\":\"https:\/\/www.ghostysky.com\/#website\",\"url\":\"https:\/\/www.ghostysky.com\/\",\"name\":\"Ghostysky\",\"description\":\"Delivering professional drones and services\",\"publisher\":{\"@id\":\"https:\/\/www.ghostysky.com\/#organization\"},\"potentialAction\":[{\"@type\":\"SearchAction\",\"target\":{\"@type\":\"EntryPoint\",\"urlTemplate\":\"https:\/\/www.ghostysky.com\/?s={search_term_string}\"},\"query-input\":{\"@type\":\"PropertyValueSpecification\",\"valueRequired\":true,\"valueName\":\"search_term_string\"}}],\"inLanguage\":\"fr-FR\"},{\"@type\":\"Organization\",\"@id\":\"https:\/\/www.ghostysky.com\/#organization\",\"name\":\"Ghostysky\",\"url\":\"https:\/\/www.ghostysky.com\/\",\"logo\":{\"@type\":\"ImageObject\",\"inLanguage\":\"fr-FR\",\"@id\":\"https:\/\/www.ghostysky.com\/#\/schema\/logo\/image\/\",\"url\":\"https:\/\/www.ghostysky.com\/wp-content\/uploads\/2020\/06\/cropped-ghostyskylogo_text_white2.png\",\"contentUrl\":\"https:\/\/www.ghostysky.com\/wp-content\/uploads\/2020\/06\/cropped-ghostyskylogo_text_white2.png\",\"width\":169,\"height\":56,\"caption\":\"Ghostysky\"},\"image\":{\"@id\":\"https:\/\/www.ghostysky.com\/#\/schema\/logo\/image\/\"},\"sameAs\":[\"https:\/\/www.facebook.com\/people\/Ghostysky\/100057676170234\/\",\"https:\/\/x.com\/Gh0stysky\",\"https:\/\/www.linkedin.com\/company\/34739653\",\"https:\/\/www.instagram.com\/gh0stysky\"]}]}<\/script>\n<!-- \/ Yoast SEO plugin. -->","yoast_head_json":{"title":"Module de d\u00e9tection d&#039;obstacles DJI Matrice 4 - Ghostysky","description":"Le module de d\u00e9tection d&#039;obstacles DJI Matrice 4 est un accessoire essentiel et optionnel con\u00e7u pour am\u00e9liorer la s\u00e9curit\u00e9 de vol des drones d&#039;entreprise DJI Matrice 4 et Matrice 4D Series dans des environnements d&#039;exploitation complexes.","robots":{"index":"index","follow":"follow","max-snippet":"max-snippet:-1","max-image-preview":"max-image-preview:large","max-video-preview":"max-video-preview:-1"},"canonical":"https:\/\/www.ghostysky.com\/fr\/product\/dji-matrice-4-obstacle-sensing-module\/","og_locale":"fr_FR","og_type":"article","og_title":"DJI Matrice 4 Obstacle Sensing Module - Ghostysky","og_description":"The DJI Matrice 4 Obstacle Sensing Module is a critical, optional accessory designed to elevate flight safety for the DJI Matrice 4 and Matrice 4D Series enterprise drones in complex operating environments.","og_url":"https:\/\/www.ghostysky.com\/fr\/product\/dji-matrice-4-obstacle-sensing-module\/","og_site_name":"Ghostysky","article_publisher":"https:\/\/www.facebook.com\/people\/Ghostysky\/100057676170234\/","article_modified_time":"2025-10-17T16:20:48+00:00","og_image":[{"width":800,"height":800,"url":"https:\/\/www.ghostysky.com\/wp-content\/uploads\/2025\/10\/GH_DJI-Matrice-4-Obstacle-Sensing-Module_1.jpg","type":"image\/jpeg"}],"twitter_card":"summary_large_image","twitter_site":"@Gh0stysky","twitter_misc":{"Dur\u00e9e de lecture estim\u00e9e":"2 minutes"},"schema":{"@context":"https:\/\/schema.org","@graph":[{"@type":"WebPage","@id":"https:\/\/www.ghostysky.com\/product\/dji-matrice-4-obstacle-sensing-module\/","url":"https:\/\/www.ghostysky.com\/product\/dji-matrice-4-obstacle-sensing-module\/","name":"Module de d\u00e9tection d&#039;obstacles DJI Matrice 4 - Ghostysky","isPartOf":{"@id":"https:\/\/www.ghostysky.com\/#website"},"primaryImageOfPage":{"@id":"https:\/\/www.ghostysky.com\/product\/dji-matrice-4-obstacle-sensing-module\/#primaryimage"},"image":{"@id":"https:\/\/www.ghostysky.com\/product\/dji-matrice-4-obstacle-sensing-module\/#primaryimage"},"thumbnailUrl":"https:\/\/www.ghostysky.com\/wp-content\/uploads\/2025\/10\/GH_DJI-Matrice-4-Obstacle-Sensing-Module_1.jpg","datePublished":"2025-10-17T14:29:57+00:00","dateModified":"2025-10-17T16:20:48+00:00","description":"Le module de d\u00e9tection d&#039;obstacles DJI Matrice 4 est un accessoire essentiel et optionnel con\u00e7u pour am\u00e9liorer la s\u00e9curit\u00e9 de vol des drones d&#039;entreprise DJI Matrice 4 et Matrice 4D Series dans des environnements d&#039;exploitation complexes.","breadcrumb":{"@id":"https:\/\/www.ghostysky.com\/product\/dji-matrice-4-obstacle-sensing-module\/#breadcrumb"},"inLanguage":"fr-FR","potentialAction":[{"@type":"ReadAction","target":["https:\/\/www.ghostysky.com\/product\/dji-matrice-4-obstacle-sensing-module\/"]}]},{"@type":"ImageObject","inLanguage":"fr-FR","@id":"https:\/\/www.ghostysky.com\/product\/dji-matrice-4-obstacle-sensing-module\/#primaryimage","url":"https:\/\/www.ghostysky.com\/wp-content\/uploads\/2025\/10\/GH_DJI-Matrice-4-Obstacle-Sensing-Module_1.jpg","contentUrl":"https:\/\/www.ghostysky.com\/wp-content\/uploads\/2025\/10\/GH_DJI-Matrice-4-Obstacle-Sensing-Module_1.jpg","width":800,"height":800},{"@type":"BreadcrumbList","@id":"https:\/\/www.ghostysky.com\/product\/dji-matrice-4-obstacle-sensing-module\/#breadcrumb","itemListElement":[{"@type":"ListItem","position":1,"name":"Home","item":"https:\/\/www.ghostysky.com\/"},{"@type":"ListItem","position":2,"name":"Shop","item":"https:\/\/www.ghostysky.com\/shop\/"},{"@type":"ListItem","position":3,"name":"DJI Matrice 4 Obstacle Sensing Module"}]},{"@type":"WebSite","@id":"https:\/\/www.ghostysky.com\/#website","url":"https:\/\/www.ghostysky.com\/","name":"Ghostysky","description":"Livraison de drones et de services professionnels","publisher":{"@id":"https:\/\/www.ghostysky.com\/#organization"},"potentialAction":[{"@type":"SearchAction","target":{"@type":"EntryPoint","urlTemplate":"https:\/\/www.ghostysky.com\/?s={search_term_string}"},"query-input":{"@type":"PropertyValueSpecification","valueRequired":true,"valueName":"search_term_string"}}],"inLanguage":"fr-FR"},{"@type":"Organization","@id":"https:\/\/www.ghostysky.com\/#organization","name":"Ghostysky","url":"https:\/\/www.ghostysky.com\/","logo":{"@type":"ImageObject","inLanguage":"fr-FR","@id":"https:\/\/www.ghostysky.com\/#\/schema\/logo\/image\/","url":"https:\/\/www.ghostysky.com\/wp-content\/uploads\/2020\/06\/cropped-ghostyskylogo_text_white2.png","contentUrl":"https:\/\/www.ghostysky.com\/wp-content\/uploads\/2020\/06\/cropped-ghostyskylogo_text_white2.png","width":169,"height":56,"caption":"Ghostysky"},"image":{"@id":"https:\/\/www.ghostysky.com\/#\/schema\/logo\/image\/"},"sameAs":["https:\/\/www.facebook.com\/people\/Ghostysky\/100057676170234\/","https:\/\/x.com\/Gh0stysky","https:\/\/www.linkedin.com\/company\/34739653","https:\/\/www.instagram.com\/gh0stysky"]}]}},"_links":{"self":[{"href":"https:\/\/www.ghostysky.com\/fr\/wp-json\/wp\/v2\/product\/21772","targetHints":{"allow":["GET"]}}],"collection":[{"href":"https:\/\/www.ghostysky.com\/fr\/wp-json\/wp\/v2\/product"}],"about":[{"href":"https:\/\/www.ghostysky.com\/fr\/wp-json\/wp\/v2\/types\/product"}],"replies":[{"embeddable":true,"href":"https:\/\/www.ghostysky.com\/fr\/wp-json\/wp\/v2\/comments?post=21772"}],"wp:featuredmedia":[{"embeddable":true,"href":"https:\/\/www.ghostysky.com\/fr\/wp-json\/wp\/v2\/media\/21775"}],"wp:attachment":[{"href":"https:\/\/www.ghostysky.com\/fr\/wp-json\/wp\/v2\/media?parent=21772"}],"wp:term":[{"taxonomy":"product_brand","embeddable":true,"href":"https:\/\/www.ghostysky.com\/fr\/wp-json\/wp\/v2\/product_brand?post=21772"},{"taxonomy":"product_cat","embeddable":true,"href":"https:\/\/www.ghostysky.com\/fr\/wp-json\/wp\/v2\/product_cat?post=21772"},{"taxonomy":"product_tag","embeddable":true,"href":"https:\/\/www.ghostysky.com\/fr\/wp-json\/wp\/v2\/product_tag?post=21772"}],"curies":[{"name":"wp","href":"https:\/\/api.w.org\/{rel}","templated":true}]}}