{"id":21780,"date":"2025-10-17T15:55:54","date_gmt":"2025-10-17T15:55:54","guid":{"rendered":"https:\/\/www.ghostysky.com\/?post_type=product&#038;p=21780"},"modified":"2025-10-17T16:18:52","modified_gmt":"2025-10-17T16:18:52","slug":"dji-care-enterprise-plus-dji-matrice-4t-eu","status":"publish","type":"product","link":"https:\/\/www.ghostysky.com\/fr\/product\/dji-care-enterprise-plus-dji-matrice-4t-eu\/","title":{"rendered":"DJI Care Enterprise Plus (DJI Matrice 4T) UE"},"content":{"rendered":"<p><b>Principales caract\u00e9ristiques et avantages<\/b><\/p>\n<ul>\n<li><b><span class=\"citation-1241\">R\u00e9parations\/remplacements gratuits illimit\u00e9s\u00a0:<\/span><\/b><span class=\"citation-1241\"> Dans la limite de couverture du service fixe <\/span><span class=\"citation-1241\">, vous avez droit \u00e0 <\/span><b><span class=\"citation-1241\">r\u00e9parations ou remplacements gratuits illimit\u00e9s<\/span><\/b><span class=\"citation-1241 citation-end-1241\">.<\/span> <span class=\"citation-1240\">Contrairement \u00e0 d\u2019autres plans, il y a <\/span><b><span class=\"citation-1240\">pas de franchise<\/span><\/b><span class=\"citation-1240 citation-end-1240\"> ou des frais de service suppl\u00e9mentaires pour chaque r\u00e9paration.<\/span><\/li>\n<li><b>Couverture compl\u00e8te en cas d&#039;accident :<\/b> Ce plan couvre un large \u00e9ventail de sc\u00e9narios de dommages accidentels courants dans les environnements professionnels exigeants, notamment\u00a0:\n<ul>\n<li><span class=\"citation-1239 citation-end-1239\">Crashs et chutes<\/span><\/li>\n<li>D\u00e9g\u00e2ts d&#039;eau<\/li>\n<li><span class=\"citation-1238 citation-end-1238\">Erreurs d&#039;interf\u00e9rence de signal<\/span><\/li>\n<li><span class=\"citation-1237 citation-end-1237\">Erreur de l&#039;op\u00e9rateur<\/span><\/li>\n<\/ul>\n<\/li>\n<li><b>Couverture Flyaway (le cas \u00e9ch\u00e9ant) :<\/b><span class=\"citation-1236 citation-end-1236\"> Pour les mod\u00e8les pris en charge (consultez les conditions officielles), il inclut \u00e9galement une protection contre les incidents de fuite.<\/span><\/li>\n<li><b>Service acc\u00e9l\u00e9r\u00e9 (DJI Express) :<\/b><span class=\"citation-1235 citation-end-1235\"> Acc\u00e9dez au service DJI Express, offrant un d\u00e9lai d&#039;ex\u00e9cution plus rapide pour les r\u00e9parations ou les remplacements afin de remettre rapidement votre Matrice 4T en vol.<\/span><\/li>\n<li><b>Livraison bidirectionnelle gratuite :<\/b><span class=\"citation-1234 citation-end-1234\"> Tous les frais d&#039;exp\u00e9dition pour l&#039;envoi d&#039;\u00e9quipements endommag\u00e9s pour r\u00e9paration et la r\u00e9ception de l&#039;unit\u00e9 r\u00e9par\u00e9e ou remplac\u00e9e sont couverts par DJI.<\/span><\/li>\n<li><b><span class=\"citation-1233\">Option de gestion de flotte :<\/span><\/b><span class=\"citation-1233 citation-end-1233\"> Le forfait Plus peut offrir la possibilit\u00e9 de partager la couverture sur plusieurs appareils au sein du m\u00eame compte (si activ\u00e9 dans les 30 jours suivant l&#039;achat), id\u00e9al pour les grandes organisations.<\/span><\/li>\n<li><b><span class=\"citation-1232\">Validit\u00e9 initiale de 12 mois :<\/span><\/b><span class=\"citation-1232 citation-end-1232\"> Offre une ann\u00e9e compl\u00e8te de fonctionnement sans souci \u00e0 compter de la date d&#039;activation.<\/span><\/li>\n<li><b><span class=\"citation-1231\">Option de renouvellement :<\/span><\/b><span class=\"citation-1231 citation-end-1231\"> Le service peut g\u00e9n\u00e9ralement \u00eatre prolong\u00e9 jusqu&#039;\u00e0 deux ans suppl\u00e9mentaires, permettant un maximum de 36 mois de protection continue et compl\u00e8te.<\/span>\n<div class=\"source-inline-chip-container ng-star-inserted\"><\/div>\n<\/li>\n<\/ul>\n<p><b><span class=\"citation-1230\">Le DJI Care Enterprise Plus (DJI Matrice 4T) UE<\/span><\/b><span class=\"citation-1230 citation-end-1230\"> est le plan de protection ultime, garantissant la continuit\u00e9 des activit\u00e9s pour les missions critiques de s\u00e9curit\u00e9 publique, d&#039;inspection \u00e9nerg\u00e9tique, d&#039;arpentage et plus encore, en garantissant une r\u00e9solution rapide et gratuite pour presque tout type de dommage accidentel.<\/span><\/p>","protected":false},"excerpt":{"rendered":"<p><span class=\"citation-1243\">Le <\/span><b><span class=\"citation-1243\">DJI Care Enterprise Plus<\/span><\/b><span class=\"citation-1243\"> plan de service pour le <\/span><b><span class=\"citation-1243\">DJI Matrice 4T (UE)<\/span><\/b><span class=\"citation-1243 citation-end-1243\"> est un package de protection essentiel de haut niveau con\u00e7u sp\u00e9cifiquement pour les utilisateurs professionnels d&#039;entreprise.<\/span> <span class=\"citation-1242 citation-end-1242\">Il offre une tranquillit\u00e9 d&#039;esprit totale, garantissant un temps d&#039;arr\u00eat op\u00e9rationnel minimal et une protection pour votre investissement important dans ce drone avanc\u00e9 d&#039;inspection thermique et de s\u00e9curit\u00e9 publique.<\/span><\/p>","protected":false},"featured_media":21781,"comment_status":"open","ping_status":"closed","template":"","meta":[],"product_brand":[1031],"product_cat":[37,1119,29,1117],"product_tag":[42,1123,1120],"class_list":{"0":"post-21780","1":"product","2":"type-product","3":"status-publish","4":"has-post-thumbnail","6":"product_brand-dji","7":"product_cat-dji","8":"product_cat-dji-matrice-4-accessories","9":"product_cat-drones","10":"product_cat-matrice-4","11":"product_tag-dji","12":"product_tag-dji-matrice-4-accessories","13":"product_tag-dji-matrice-4-series","15":"first","16":"instock","17":"taxable","18":"shipping-taxable","19":"purchasable","20":"product-type-simple"},"yoast_head":"<!-- This site is optimized with the Yoast SEO plugin v27.1.1 - https:\/\/yoast.com\/product\/yoast-seo-wordpress\/ -->\n<title>DJI Care Enterprise Plus (DJI Matrice 4T) EU - Ghostysky<\/title>\n<meta name=\"description\" content=\"The DJI Care Enterprise Plus service plan for the DJI Matrice 4T (EU) is an essential, high-level protection package designed specifically for professional enterprise users. It provides total peace of mind, ensuring minimal operational downtime and protection for your significant investment in this advanced thermal inspection and public safety drone.\" \/>\n<meta name=\"robots\" content=\"index, follow, max-snippet:-1, max-image-preview:large, max-video-preview:-1\" \/>\n<link rel=\"canonical\" href=\"https:\/\/www.ghostysky.com\/fr\/product\/dji-care-enterprise-plus-dji-matrice-4t-eu\/\" \/>\n<meta property=\"og:locale\" content=\"fr_FR\" \/>\n<meta property=\"og:type\" content=\"article\" \/>\n<meta property=\"og:title\" content=\"DJI Care Enterprise Plus (DJI Matrice 4T) EU - Ghostysky\" \/>\n<meta property=\"og:description\" content=\"The DJI Care Enterprise Plus service plan for the DJI Matrice 4T (EU) is an essential, high-level protection package designed specifically for professional enterprise users. It provides total peace of mind, ensuring minimal operational downtime and protection for your significant investment in this advanced thermal inspection and public safety drone.\" \/>\n<meta property=\"og:url\" content=\"https:\/\/www.ghostysky.com\/fr\/product\/dji-care-enterprise-plus-dji-matrice-4t-eu\/\" \/>\n<meta property=\"og:site_name\" content=\"Ghostysky\" \/>\n<meta property=\"article:publisher\" content=\"https:\/\/www.facebook.com\/people\/Ghostysky\/100057676170234\/\" \/>\n<meta property=\"article:modified_time\" content=\"2025-10-17T16:18:52+00:00\" \/>\n<meta property=\"og:image\" content=\"https:\/\/www.ghostysky.com\/wp-content\/uploads\/2025\/10\/GH_DJI-Care-Enterprise-Plus-DJI-Matrice-4T-EU_3.jpg\" \/>\n\t<meta property=\"og:image:width\" content=\"800\" \/>\n\t<meta property=\"og:image:height\" content=\"800\" \/>\n\t<meta property=\"og:image:type\" content=\"image\/jpeg\" \/>\n<meta name=\"twitter:card\" content=\"summary_large_image\" \/>\n<meta name=\"twitter:site\" content=\"@Gh0stysky\" \/>\n<meta name=\"twitter:label1\" content=\"Dur\u00e9e de lecture estim\u00e9e\" \/>\n\t<meta name=\"twitter:data1\" content=\"2 minutes\" \/>\n<script type=\"application\/ld+json\" class=\"yoast-schema-graph\">{\"@context\":\"https:\/\/schema.org\",\"@graph\":[{\"@type\":\"WebPage\",\"@id\":\"https:\/\/www.ghostysky.com\/product\/dji-care-enterprise-plus-dji-matrice-4t-eu\/\",\"url\":\"https:\/\/www.ghostysky.com\/product\/dji-care-enterprise-plus-dji-matrice-4t-eu\/\",\"name\":\"DJI Care Enterprise Plus (DJI Matrice 4T) EU - Ghostysky\",\"isPartOf\":{\"@id\":\"https:\/\/www.ghostysky.com\/#website\"},\"primaryImageOfPage\":{\"@id\":\"https:\/\/www.ghostysky.com\/product\/dji-care-enterprise-plus-dji-matrice-4t-eu\/#primaryimage\"},\"image\":{\"@id\":\"https:\/\/www.ghostysky.com\/product\/dji-care-enterprise-plus-dji-matrice-4t-eu\/#primaryimage\"},\"thumbnailUrl\":\"https:\/\/www.ghostysky.com\/wp-content\/uploads\/2025\/10\/GH_DJI-Care-Enterprise-Plus-DJI-Matrice-4T-EU_3.jpg\",\"datePublished\":\"2025-10-17T15:55:54+00:00\",\"dateModified\":\"2025-10-17T16:18:52+00:00\",\"description\":\"The DJI Care Enterprise Plus service plan for the DJI Matrice 4T (EU) is an essential, high-level protection package designed specifically for professional enterprise users. It provides total peace of mind, ensuring minimal operational downtime and protection for your significant investment in this advanced thermal inspection and public safety drone.\",\"breadcrumb\":{\"@id\":\"https:\/\/www.ghostysky.com\/product\/dji-care-enterprise-plus-dji-matrice-4t-eu\/#breadcrumb\"},\"inLanguage\":\"fr-FR\",\"potentialAction\":[{\"@type\":\"ReadAction\",\"target\":[\"https:\/\/www.ghostysky.com\/product\/dji-care-enterprise-plus-dji-matrice-4t-eu\/\"]}]},{\"@type\":\"ImageObject\",\"inLanguage\":\"fr-FR\",\"@id\":\"https:\/\/www.ghostysky.com\/product\/dji-care-enterprise-plus-dji-matrice-4t-eu\/#primaryimage\",\"url\":\"https:\/\/www.ghostysky.com\/wp-content\/uploads\/2025\/10\/GH_DJI-Care-Enterprise-Plus-DJI-Matrice-4T-EU_3.jpg\",\"contentUrl\":\"https:\/\/www.ghostysky.com\/wp-content\/uploads\/2025\/10\/GH_DJI-Care-Enterprise-Plus-DJI-Matrice-4T-EU_3.jpg\",\"width\":800,\"height\":800},{\"@type\":\"BreadcrumbList\",\"@id\":\"https:\/\/www.ghostysky.com\/product\/dji-care-enterprise-plus-dji-matrice-4t-eu\/#breadcrumb\",\"itemListElement\":[{\"@type\":\"ListItem\",\"position\":1,\"name\":\"Home\",\"item\":\"https:\/\/www.ghostysky.com\/\"},{\"@type\":\"ListItem\",\"position\":2,\"name\":\"Shop\",\"item\":\"https:\/\/www.ghostysky.com\/shop\/\"},{\"@type\":\"ListItem\",\"position\":3,\"name\":\"DJI Care Enterprise Plus (DJI Matrice 4T) EU\"}]},{\"@type\":\"WebSite\",\"@id\":\"https:\/\/www.ghostysky.com\/#website\",\"url\":\"https:\/\/www.ghostysky.com\/\",\"name\":\"Ghostysky\",\"description\":\"Delivering professional drones and services\",\"publisher\":{\"@id\":\"https:\/\/www.ghostysky.com\/#organization\"},\"potentialAction\":[{\"@type\":\"SearchAction\",\"target\":{\"@type\":\"EntryPoint\",\"urlTemplate\":\"https:\/\/www.ghostysky.com\/?s={search_term_string}\"},\"query-input\":{\"@type\":\"PropertyValueSpecification\",\"valueRequired\":true,\"valueName\":\"search_term_string\"}}],\"inLanguage\":\"fr-FR\"},{\"@type\":\"Organization\",\"@id\":\"https:\/\/www.ghostysky.com\/#organization\",\"name\":\"Ghostysky\",\"url\":\"https:\/\/www.ghostysky.com\/\",\"logo\":{\"@type\":\"ImageObject\",\"inLanguage\":\"fr-FR\",\"@id\":\"https:\/\/www.ghostysky.com\/#\/schema\/logo\/image\/\",\"url\":\"https:\/\/www.ghostysky.com\/wp-content\/uploads\/2020\/06\/cropped-ghostyskylogo_text_white2.png\",\"contentUrl\":\"https:\/\/www.ghostysky.com\/wp-content\/uploads\/2020\/06\/cropped-ghostyskylogo_text_white2.png\",\"width\":169,\"height\":56,\"caption\":\"Ghostysky\"},\"image\":{\"@id\":\"https:\/\/www.ghostysky.com\/#\/schema\/logo\/image\/\"},\"sameAs\":[\"https:\/\/www.facebook.com\/people\/Ghostysky\/100057676170234\/\",\"https:\/\/x.com\/Gh0stysky\",\"https:\/\/www.linkedin.com\/company\/34739653\",\"https:\/\/www.instagram.com\/gh0stysky\"]}]}<\/script>\n<!-- \/ Yoast SEO plugin. -->","yoast_head_json":{"title":"DJI Care Enterprise Plus (DJI Matrice 4T) EU - Ghostysky","description":"Le contrat de service DJI Care Enterprise Plus pour le DJI Matrice 4T (UE) est une offre de protection essentielle et de haut niveau, sp\u00e9cialement con\u00e7ue pour les professionnels. Il vous offre une tranquillit\u00e9 d&#039;esprit totale, minimise les temps d&#039;arr\u00eat op\u00e9rationnels et prot\u00e8ge votre investissement important dans ce drone d&#039;inspection thermique et de s\u00e9curit\u00e9 publique de pointe.","robots":{"index":"index","follow":"follow","max-snippet":"max-snippet:-1","max-image-preview":"max-image-preview:large","max-video-preview":"max-video-preview:-1"},"canonical":"https:\/\/www.ghostysky.com\/fr\/product\/dji-care-enterprise-plus-dji-matrice-4t-eu\/","og_locale":"fr_FR","og_type":"article","og_title":"DJI Care Enterprise Plus (DJI Matrice 4T) EU - Ghostysky","og_description":"The DJI Care Enterprise Plus service plan for the DJI Matrice 4T (EU) is an essential, high-level protection package designed specifically for professional enterprise users. It provides total peace of mind, ensuring minimal operational downtime and protection for your significant investment in this advanced thermal inspection and public safety drone.","og_url":"https:\/\/www.ghostysky.com\/fr\/product\/dji-care-enterprise-plus-dji-matrice-4t-eu\/","og_site_name":"Ghostysky","article_publisher":"https:\/\/www.facebook.com\/people\/Ghostysky\/100057676170234\/","article_modified_time":"2025-10-17T16:18:52+00:00","og_image":[{"width":800,"height":800,"url":"https:\/\/www.ghostysky.com\/wp-content\/uploads\/2025\/10\/GH_DJI-Care-Enterprise-Plus-DJI-Matrice-4T-EU_3.jpg","type":"image\/jpeg"}],"twitter_card":"summary_large_image","twitter_site":"@Gh0stysky","twitter_misc":{"Dur\u00e9e de lecture estim\u00e9e":"2 minutes"},"schema":{"@context":"https:\/\/schema.org","@graph":[{"@type":"WebPage","@id":"https:\/\/www.ghostysky.com\/product\/dji-care-enterprise-plus-dji-matrice-4t-eu\/","url":"https:\/\/www.ghostysky.com\/product\/dji-care-enterprise-plus-dji-matrice-4t-eu\/","name":"DJI Care Enterprise Plus (DJI Matrice 4T) EU - Ghostysky","isPartOf":{"@id":"https:\/\/www.ghostysky.com\/#website"},"primaryImageOfPage":{"@id":"https:\/\/www.ghostysky.com\/product\/dji-care-enterprise-plus-dji-matrice-4t-eu\/#primaryimage"},"image":{"@id":"https:\/\/www.ghostysky.com\/product\/dji-care-enterprise-plus-dji-matrice-4t-eu\/#primaryimage"},"thumbnailUrl":"https:\/\/www.ghostysky.com\/wp-content\/uploads\/2025\/10\/GH_DJI-Care-Enterprise-Plus-DJI-Matrice-4T-EU_3.jpg","datePublished":"2025-10-17T15:55:54+00:00","dateModified":"2025-10-17T16:18:52+00:00","description":"Le contrat de service DJI Care Enterprise Plus pour le DJI Matrice 4T (UE) est une offre de protection essentielle et de haut niveau, sp\u00e9cialement con\u00e7ue pour les professionnels. Il vous offre une tranquillit\u00e9 d&#039;esprit totale, minimise les temps d&#039;arr\u00eat op\u00e9rationnels et prot\u00e8ge votre investissement important dans ce drone d&#039;inspection thermique et de s\u00e9curit\u00e9 publique de pointe.","breadcrumb":{"@id":"https:\/\/www.ghostysky.com\/product\/dji-care-enterprise-plus-dji-matrice-4t-eu\/#breadcrumb"},"inLanguage":"fr-FR","potentialAction":[{"@type":"ReadAction","target":["https:\/\/www.ghostysky.com\/product\/dji-care-enterprise-plus-dji-matrice-4t-eu\/"]}]},{"@type":"ImageObject","inLanguage":"fr-FR","@id":"https:\/\/www.ghostysky.com\/product\/dji-care-enterprise-plus-dji-matrice-4t-eu\/#primaryimage","url":"https:\/\/www.ghostysky.com\/wp-content\/uploads\/2025\/10\/GH_DJI-Care-Enterprise-Plus-DJI-Matrice-4T-EU_3.jpg","contentUrl":"https:\/\/www.ghostysky.com\/wp-content\/uploads\/2025\/10\/GH_DJI-Care-Enterprise-Plus-DJI-Matrice-4T-EU_3.jpg","width":800,"height":800},{"@type":"BreadcrumbList","@id":"https:\/\/www.ghostysky.com\/product\/dji-care-enterprise-plus-dji-matrice-4t-eu\/#breadcrumb","itemListElement":[{"@type":"ListItem","position":1,"name":"Home","item":"https:\/\/www.ghostysky.com\/"},{"@type":"ListItem","position":2,"name":"Shop","item":"https:\/\/www.ghostysky.com\/shop\/"},{"@type":"ListItem","position":3,"name":"DJI Care Enterprise Plus (DJI Matrice 4T) EU"}]},{"@type":"WebSite","@id":"https:\/\/www.ghostysky.com\/#website","url":"https:\/\/www.ghostysky.com\/","name":"Ghostysky","description":"Livraison de drones et de services professionnels","publisher":{"@id":"https:\/\/www.ghostysky.com\/#organization"},"potentialAction":[{"@type":"SearchAction","target":{"@type":"EntryPoint","urlTemplate":"https:\/\/www.ghostysky.com\/?s={search_term_string}"},"query-input":{"@type":"PropertyValueSpecification","valueRequired":true,"valueName":"search_term_string"}}],"inLanguage":"fr-FR"},{"@type":"Organization","@id":"https:\/\/www.ghostysky.com\/#organization","name":"Ghostysky","url":"https:\/\/www.ghostysky.com\/","logo":{"@type":"ImageObject","inLanguage":"fr-FR","@id":"https:\/\/www.ghostysky.com\/#\/schema\/logo\/image\/","url":"https:\/\/www.ghostysky.com\/wp-content\/uploads\/2020\/06\/cropped-ghostyskylogo_text_white2.png","contentUrl":"https:\/\/www.ghostysky.com\/wp-content\/uploads\/2020\/06\/cropped-ghostyskylogo_text_white2.png","width":169,"height":56,"caption":"Ghostysky"},"image":{"@id":"https:\/\/www.ghostysky.com\/#\/schema\/logo\/image\/"},"sameAs":["https:\/\/www.facebook.com\/people\/Ghostysky\/100057676170234\/","https:\/\/x.com\/Gh0stysky","https:\/\/www.linkedin.com\/company\/34739653","https:\/\/www.instagram.com\/gh0stysky"]}]}},"_links":{"self":[{"href":"https:\/\/www.ghostysky.com\/fr\/wp-json\/wp\/v2\/product\/21780","targetHints":{"allow":["GET"]}}],"collection":[{"href":"https:\/\/www.ghostysky.com\/fr\/wp-json\/wp\/v2\/product"}],"about":[{"href":"https:\/\/www.ghostysky.com\/fr\/wp-json\/wp\/v2\/types\/product"}],"replies":[{"embeddable":true,"href":"https:\/\/www.ghostysky.com\/fr\/wp-json\/wp\/v2\/comments?post=21780"}],"wp:featuredmedia":[{"embeddable":true,"href":"https:\/\/www.ghostysky.com\/fr\/wp-json\/wp\/v2\/media\/21781"}],"wp:attachment":[{"href":"https:\/\/www.ghostysky.com\/fr\/wp-json\/wp\/v2\/media?parent=21780"}],"wp:term":[{"taxonomy":"product_brand","embeddable":true,"href":"https:\/\/www.ghostysky.com\/fr\/wp-json\/wp\/v2\/product_brand?post=21780"},{"taxonomy":"product_cat","embeddable":true,"href":"https:\/\/www.ghostysky.com\/fr\/wp-json\/wp\/v2\/product_cat?post=21780"},{"taxonomy":"product_tag","embeddable":true,"href":"https:\/\/www.ghostysky.com\/fr\/wp-json\/wp\/v2\/product_tag?post=21780"}],"curies":[{"name":"wp","href":"https:\/\/api.w.org\/{rel}","templated":true}]}}