{"id":21790,"date":"2025-10-17T16:20:29","date_gmt":"2025-10-17T16:20:29","guid":{"rendered":"https:\/\/www.ghostysky.com\/?post_type=product&#038;p=21790"},"modified":"2025-10-17T16:23:29","modified_gmt":"2025-10-17T16:23:29","slug":"dji-maintenance-program-standard-service-dji-matrice-4e-eu","status":"publish","type":"product","link":"https:\/\/www.ghostysky.com\/fr\/product\/dji-maintenance-program-standard-service-dji-matrice-4e-eu\/","title":{"rendered":"Service standard du programme de maintenance DJI (DJI Matrice 4E) UE"},"content":{"rendered":"<div id=\"model-response-message-contentr_8ca688bebcf3e727\" class=\"markdown markdown-main-panel stronger enable-updated-hr-color\" dir=\"ltr\">\n<h3>Principaux services inclus<\/h3>\n<ul>\n<li><b><span class=\"citation-1282\">Nettoyage en profondeur :<\/span><\/b><span class=\"citation-1282 citation-end-1282\"> Un nettoyage en profondeur de l&#039;avion pour \u00e9liminer la poussi\u00e8re, les d\u00e9bris et les particules \u00e9trang\u00e8res, ce qui aide \u00e0 maintenir un flux d&#039;air ad\u00e9quat et prot\u00e8ge les composants internes sensibles de l&#039;usure environnementale.<\/span><\/li>\n<li><b><span class=\"citation-1281\">Inspection des pi\u00e8ces :<\/span><\/b><span class=\"citation-1281 citation-end-1281\"> Une v\u00e9rification d\u00e9taill\u00e9e de tous les composants du drone, y compris les moteurs, les h\u00e9lices, le cardan, les capteurs et l&#039;int\u00e9grit\u00e9 structurelle, pour identifier les probl\u00e8mes potentiels avant qu&#039;ils ne provoquent des pannes.<\/span><\/li>\n<li><b><span class=\"citation-1280\">Mise \u00e0 jour et \u00e9talonnage :<\/span><\/b><span class=\"citation-1280\"> Toutes les mises \u00e0 jour du firmware n\u00e9cessaires sont appliqu\u00e9es, suivies d&#039;\u00e9talonnages critiques du syst\u00e8me pour le <\/span><b><span class=\"citation-1280\">IMU, boussole, cardan et barom\u00e8tre<\/span><\/b><span class=\"citation-1280 citation-end-1280\">, garantissant que l&#039;avion fonctionne avec une stabilit\u00e9 et une pr\u00e9cision maximales.<\/span><\/li>\n<li><b>Remplacement des pi\u00e8ces facilement us\u00e9es :<\/b><span class=\"citation-1279\"> C&#039;est la valeur ajout\u00e9e cl\u00e9 du <\/span><b><span class=\"citation-1279\">Service standard<\/span><\/b><span class=\"citation-1279 citation-end-1279\"> sur le Basic.<\/span> Il comprend le remplacement automatique des pi\u00e8ces qui s&#039;usent g\u00e9n\u00e9ralement lors d&#039;une utilisation r\u00e9guli\u00e8re, telles que :\n<ul>\n<li><span class=\"citation-1278 citation-end-1278\">H\u00e9lices<\/span><\/li>\n<li>Amortisseurs \u00e0 cardan<\/li>\n<li>Vis et fixations structurelles<\/li>\n<li><span class=\"citation-1277 citation-end-1277\">Plateformes d&#039;atterrissage\/patins<\/span><\/li>\n<\/ul>\n<\/li>\n<\/ul>\n<p>&nbsp;<\/p>\n<h3>Avantages pour les op\u00e9rations de votre entreprise\u00a0:<\/h3>\n<ul>\n<li><b>Maximiser la disponibilit\u00e9 :<\/b> La maintenance proactive r\u00e9duit le risque de pannes sur le terrain et de temps d&#039;arr\u00eat co\u00fbteux, garantissant que votre Matrice 4E est pr\u00eate pour les missions critiques.<\/li>\n<li><b>Assurer la s\u00e9curit\u00e9 et la performance :<\/b><span class=\"citation-1276 citation-end-1276\"> En rempla\u00e7ant les pi\u00e8ces us\u00e9es et en effectuant un \u00e9talonnage par des experts, le service restaure les caract\u00e9ristiques de vol stables et les performances op\u00e9rationnelles du drone.<\/span><\/li>\n<li><b><span class=\"citation-1275\">Logistique sans tracas :<\/span><\/b><span class=\"citation-1275\"> Le plan comprend <\/span><b><span class=\"citation-1275\">livraison gratuite dans les deux sens<\/span><\/b><span class=\"citation-1275 citation-end-1275\"> dans la r\u00e9gion prise en charge (UE), simplifiant le processus d&#039;envoi de votre drone au centre de service DJI d\u00e9sign\u00e9.<\/span><\/li>\n<li><b><span class=\"citation-1274\">Documentation professionnelle :<\/span><\/b><span class=\"citation-1274\"> Vous recevrez un <\/span><b><span class=\"citation-1274\">rapport d&#039;entretien d\u00e9taill\u00e9 et officiel<\/span><\/b><span class=\"citation-1274 citation-end-1274\"> d\u00e9crivant l&#039;\u00e9tat du syst\u00e8me, les actions de service effectu\u00e9es et les pi\u00e8ces remplac\u00e9es, essentielles pour la tenue des registres et la conformit\u00e9 r\u00e9glementaire.<\/span><\/li>\n<li><b>Assurance experte :<\/b><span class=\"citation-1273 citation-end-1273\"> La maintenance est effectu\u00e9e par des techniciens DJI professionnels utilisant des pi\u00e8ces DJI d&#039;origine et des outils sp\u00e9cialis\u00e9s, garantissant un service de la plus haute qualit\u00e9.<\/span>\n<div class=\"source-inline-chip-container ng-star-inserted\"><\/div>\n<\/li>\n<\/ul>\n<p><span class=\"citation-1272 citation-end-1272\">Le code d&#039;activation du programme est g\u00e9n\u00e9ralement valable 24 mois \u00e0 compter de la date de vente, ce qui vous permet de planifier le service de maintenance au moment qui correspond le mieux \u00e0 votre cycle op\u00e9rationnel.<\/span><\/p>\n<\/div>","protected":false},"excerpt":{"rendered":"<p><span class=\"citation-1283\">Le <\/span><b><span class=\"citation-1283\">Service standard du programme de maintenance DJI<\/span><\/b><span class=\"citation-1283\"> pour le <\/span><b><span class=\"citation-1283\">DJI Matrice 4E (UE)<\/span><\/b><span class=\"citation-1283 citation-end-1283\"> est un plan de service essentiel con\u00e7u pour garantir que votre drone d&#039;entreprise reste dans un \u00e9tat de fonctionnement optimal, maximisant la s\u00e9curit\u00e9, la fiabilit\u00e9 et l&#039;efficacit\u00e9 des vols.<\/span><\/p>\n<p>Ce service de maintenance ponctuel, utilisable au sein de l&#039;Union europ\u00e9enne, comprend un ensemble complet de proc\u00e9dures effectu\u00e9es directement par les experts DJI<\/p>","protected":false},"featured_media":21791,"comment_status":"open","ping_status":"closed","template":"","meta":[],"product_brand":[1031],"product_cat":[37,1119,29,1117],"product_tag":[42,1123,1120],"class_list":{"0":"post-21790","1":"product","2":"type-product","3":"status-publish","4":"has-post-thumbnail","6":"product_brand-dji","7":"product_cat-dji","8":"product_cat-dji-matrice-4-accessories","9":"product_cat-drones","10":"product_cat-matrice-4","11":"product_tag-dji","12":"product_tag-dji-matrice-4-accessories","13":"product_tag-dji-matrice-4-series","15":"first","16":"instock","17":"taxable","18":"shipping-taxable","19":"purchasable","20":"product-type-simple"},"yoast_head":"<!-- This site is optimized with the Yoast SEO plugin v27.1.1 - https:\/\/yoast.com\/product\/yoast-seo-wordpress\/ -->\n<title>DJI Maintenance Program Standard Service (DJI Matrice 4E) EU - Ghostysky<\/title>\n<meta name=\"description\" content=\"The DJI Maintenance Program Standard Service for the DJI Matrice 4E (EU) is an essential service plan designed to ensure your enterprise drone remains in peak operational condition, maximizing flight safety, reliability, and efficiency.This one-time maintenance service, redeemable within the European Union, includes a comprehensive set of procedures performed directly by DJI experts\" \/>\n<meta name=\"robots\" content=\"index, follow, max-snippet:-1, max-image-preview:large, max-video-preview:-1\" \/>\n<link rel=\"canonical\" href=\"https:\/\/www.ghostysky.com\/fr\/product\/dji-maintenance-program-standard-service-dji-matrice-4e-eu\/\" \/>\n<meta property=\"og:locale\" content=\"fr_FR\" \/>\n<meta property=\"og:type\" content=\"article\" \/>\n<meta property=\"og:title\" content=\"DJI Maintenance Program Standard Service (DJI Matrice 4E) EU - Ghostysky\" \/>\n<meta property=\"og:description\" content=\"The DJI Maintenance Program Standard Service for the DJI Matrice 4E (EU) is an essential service plan designed to ensure your enterprise drone remains in peak operational condition, maximizing flight safety, reliability, and efficiency.This one-time maintenance service, redeemable within the European Union, includes a comprehensive set of procedures performed directly by DJI experts\" \/>\n<meta property=\"og:url\" content=\"https:\/\/www.ghostysky.com\/fr\/product\/dji-maintenance-program-standard-service-dji-matrice-4e-eu\/\" \/>\n<meta property=\"og:site_name\" content=\"Ghostysky\" \/>\n<meta property=\"article:publisher\" content=\"https:\/\/www.facebook.com\/people\/Ghostysky\/100057676170234\/\" \/>\n<meta property=\"article:modified_time\" content=\"2025-10-17T16:23:29+00:00\" \/>\n<meta property=\"og:image\" content=\"https:\/\/www.ghostysky.com\/wp-content\/uploads\/2025\/10\/GH_DJI-Maintenance-Program-Standard-Service-DJI-Matrice-4E-EU_3.jpg\" \/>\n\t<meta property=\"og:image:width\" content=\"800\" \/>\n\t<meta property=\"og:image:height\" content=\"800\" \/>\n\t<meta property=\"og:image:type\" content=\"image\/jpeg\" \/>\n<meta name=\"twitter:card\" content=\"summary_large_image\" \/>\n<meta name=\"twitter:site\" content=\"@Gh0stysky\" \/>\n<meta name=\"twitter:label1\" content=\"Dur\u00e9e de lecture estim\u00e9e\" \/>\n\t<meta name=\"twitter:data1\" content=\"2 minutes\" \/>\n<script type=\"application\/ld+json\" class=\"yoast-schema-graph\">{\"@context\":\"https:\/\/schema.org\",\"@graph\":[{\"@type\":\"WebPage\",\"@id\":\"https:\/\/www.ghostysky.com\/product\/dji-maintenance-program-standard-service-dji-matrice-4e-eu\/\",\"url\":\"https:\/\/www.ghostysky.com\/product\/dji-maintenance-program-standard-service-dji-matrice-4e-eu\/\",\"name\":\"DJI Maintenance Program Standard Service (DJI Matrice 4E) EU - Ghostysky\",\"isPartOf\":{\"@id\":\"https:\/\/www.ghostysky.com\/#website\"},\"primaryImageOfPage\":{\"@id\":\"https:\/\/www.ghostysky.com\/product\/dji-maintenance-program-standard-service-dji-matrice-4e-eu\/#primaryimage\"},\"image\":{\"@id\":\"https:\/\/www.ghostysky.com\/product\/dji-maintenance-program-standard-service-dji-matrice-4e-eu\/#primaryimage\"},\"thumbnailUrl\":\"https:\/\/www.ghostysky.com\/wp-content\/uploads\/2025\/10\/GH_DJI-Maintenance-Program-Standard-Service-DJI-Matrice-4E-EU_3.jpg\",\"datePublished\":\"2025-10-17T16:20:29+00:00\",\"dateModified\":\"2025-10-17T16:23:29+00:00\",\"description\":\"The DJI Maintenance Program Standard Service for the DJI Matrice 4E (EU) is an essential service plan designed to ensure your enterprise drone remains in peak operational condition, maximizing flight safety, reliability, and efficiency.This one-time maintenance service, redeemable within the European Union, includes a comprehensive set of procedures performed directly by DJI experts\",\"breadcrumb\":{\"@id\":\"https:\/\/www.ghostysky.com\/product\/dji-maintenance-program-standard-service-dji-matrice-4e-eu\/#breadcrumb\"},\"inLanguage\":\"fr-FR\",\"potentialAction\":[{\"@type\":\"ReadAction\",\"target\":[\"https:\/\/www.ghostysky.com\/product\/dji-maintenance-program-standard-service-dji-matrice-4e-eu\/\"]}]},{\"@type\":\"ImageObject\",\"inLanguage\":\"fr-FR\",\"@id\":\"https:\/\/www.ghostysky.com\/product\/dji-maintenance-program-standard-service-dji-matrice-4e-eu\/#primaryimage\",\"url\":\"https:\/\/www.ghostysky.com\/wp-content\/uploads\/2025\/10\/GH_DJI-Maintenance-Program-Standard-Service-DJI-Matrice-4E-EU_3.jpg\",\"contentUrl\":\"https:\/\/www.ghostysky.com\/wp-content\/uploads\/2025\/10\/GH_DJI-Maintenance-Program-Standard-Service-DJI-Matrice-4E-EU_3.jpg\",\"width\":800,\"height\":800},{\"@type\":\"BreadcrumbList\",\"@id\":\"https:\/\/www.ghostysky.com\/product\/dji-maintenance-program-standard-service-dji-matrice-4e-eu\/#breadcrumb\",\"itemListElement\":[{\"@type\":\"ListItem\",\"position\":1,\"name\":\"Home\",\"item\":\"https:\/\/www.ghostysky.com\/\"},{\"@type\":\"ListItem\",\"position\":2,\"name\":\"Shop\",\"item\":\"https:\/\/www.ghostysky.com\/shop\/\"},{\"@type\":\"ListItem\",\"position\":3,\"name\":\"DJI Maintenance Program Standard Service (DJI Matrice 4E) EU\"}]},{\"@type\":\"WebSite\",\"@id\":\"https:\/\/www.ghostysky.com\/#website\",\"url\":\"https:\/\/www.ghostysky.com\/\",\"name\":\"Ghostysky\",\"description\":\"Delivering professional drones and services\",\"publisher\":{\"@id\":\"https:\/\/www.ghostysky.com\/#organization\"},\"potentialAction\":[{\"@type\":\"SearchAction\",\"target\":{\"@type\":\"EntryPoint\",\"urlTemplate\":\"https:\/\/www.ghostysky.com\/?s={search_term_string}\"},\"query-input\":{\"@type\":\"PropertyValueSpecification\",\"valueRequired\":true,\"valueName\":\"search_term_string\"}}],\"inLanguage\":\"fr-FR\"},{\"@type\":\"Organization\",\"@id\":\"https:\/\/www.ghostysky.com\/#organization\",\"name\":\"Ghostysky\",\"url\":\"https:\/\/www.ghostysky.com\/\",\"logo\":{\"@type\":\"ImageObject\",\"inLanguage\":\"fr-FR\",\"@id\":\"https:\/\/www.ghostysky.com\/#\/schema\/logo\/image\/\",\"url\":\"https:\/\/www.ghostysky.com\/wp-content\/uploads\/2020\/06\/cropped-ghostyskylogo_text_white2.png\",\"contentUrl\":\"https:\/\/www.ghostysky.com\/wp-content\/uploads\/2020\/06\/cropped-ghostyskylogo_text_white2.png\",\"width\":169,\"height\":56,\"caption\":\"Ghostysky\"},\"image\":{\"@id\":\"https:\/\/www.ghostysky.com\/#\/schema\/logo\/image\/\"},\"sameAs\":[\"https:\/\/www.facebook.com\/people\/Ghostysky\/100057676170234\/\",\"https:\/\/x.com\/Gh0stysky\",\"https:\/\/www.linkedin.com\/company\/34739653\",\"https:\/\/www.instagram.com\/gh0stysky\"]}]}<\/script>\n<!-- \/ Yoast SEO plugin. -->","yoast_head_json":{"title":"Service standard du programme de maintenance DJI (DJI Matrice 4E) UE - Ghostysky","description":"Le service standard du programme de maintenance DJI pour le DJI Matrice 4E (UE) est un plan de service essentiel con\u00e7u pour garantir que votre drone d&#039;entreprise reste en parfait \u00e9tat de fonctionnement, maximisant ainsi la s\u00e9curit\u00e9, la fiabilit\u00e9 et l&#039;efficacit\u00e9 des vols. Ce service de maintenance unique, utilisable au sein de l&#039;Union europ\u00e9enne, comprend un ensemble complet de proc\u00e9dures effectu\u00e9es directement par des experts DJI.","robots":{"index":"index","follow":"follow","max-snippet":"max-snippet:-1","max-image-preview":"max-image-preview:large","max-video-preview":"max-video-preview:-1"},"canonical":"https:\/\/www.ghostysky.com\/fr\/product\/dji-maintenance-program-standard-service-dji-matrice-4e-eu\/","og_locale":"fr_FR","og_type":"article","og_title":"DJI Maintenance Program Standard Service (DJI Matrice 4E) EU - Ghostysky","og_description":"The DJI Maintenance Program Standard Service for the DJI Matrice 4E (EU) is an essential service plan designed to ensure your enterprise drone remains in peak operational condition, maximizing flight safety, reliability, and efficiency.This one-time maintenance service, redeemable within the European Union, includes a comprehensive set of procedures performed directly by DJI experts","og_url":"https:\/\/www.ghostysky.com\/fr\/product\/dji-maintenance-program-standard-service-dji-matrice-4e-eu\/","og_site_name":"Ghostysky","article_publisher":"https:\/\/www.facebook.com\/people\/Ghostysky\/100057676170234\/","article_modified_time":"2025-10-17T16:23:29+00:00","og_image":[{"width":800,"height":800,"url":"https:\/\/www.ghostysky.com\/wp-content\/uploads\/2025\/10\/GH_DJI-Maintenance-Program-Standard-Service-DJI-Matrice-4E-EU_3.jpg","type":"image\/jpeg"}],"twitter_card":"summary_large_image","twitter_site":"@Gh0stysky","twitter_misc":{"Dur\u00e9e de lecture estim\u00e9e":"2 minutes"},"schema":{"@context":"https:\/\/schema.org","@graph":[{"@type":"WebPage","@id":"https:\/\/www.ghostysky.com\/product\/dji-maintenance-program-standard-service-dji-matrice-4e-eu\/","url":"https:\/\/www.ghostysky.com\/product\/dji-maintenance-program-standard-service-dji-matrice-4e-eu\/","name":"Service standard du programme de maintenance DJI (DJI Matrice 4E) UE - Ghostysky","isPartOf":{"@id":"https:\/\/www.ghostysky.com\/#website"},"primaryImageOfPage":{"@id":"https:\/\/www.ghostysky.com\/product\/dji-maintenance-program-standard-service-dji-matrice-4e-eu\/#primaryimage"},"image":{"@id":"https:\/\/www.ghostysky.com\/product\/dji-maintenance-program-standard-service-dji-matrice-4e-eu\/#primaryimage"},"thumbnailUrl":"https:\/\/www.ghostysky.com\/wp-content\/uploads\/2025\/10\/GH_DJI-Maintenance-Program-Standard-Service-DJI-Matrice-4E-EU_3.jpg","datePublished":"2025-10-17T16:20:29+00:00","dateModified":"2025-10-17T16:23:29+00:00","description":"Le service standard du programme de maintenance DJI pour le DJI Matrice 4E (UE) est un plan de service essentiel con\u00e7u pour garantir que votre drone d&#039;entreprise reste en parfait \u00e9tat de fonctionnement, maximisant ainsi la s\u00e9curit\u00e9, la fiabilit\u00e9 et l&#039;efficacit\u00e9 des vols. Ce service de maintenance unique, utilisable au sein de l&#039;Union europ\u00e9enne, comprend un ensemble complet de proc\u00e9dures effectu\u00e9es directement par des experts DJI.","breadcrumb":{"@id":"https:\/\/www.ghostysky.com\/product\/dji-maintenance-program-standard-service-dji-matrice-4e-eu\/#breadcrumb"},"inLanguage":"fr-FR","potentialAction":[{"@type":"ReadAction","target":["https:\/\/www.ghostysky.com\/product\/dji-maintenance-program-standard-service-dji-matrice-4e-eu\/"]}]},{"@type":"ImageObject","inLanguage":"fr-FR","@id":"https:\/\/www.ghostysky.com\/product\/dji-maintenance-program-standard-service-dji-matrice-4e-eu\/#primaryimage","url":"https:\/\/www.ghostysky.com\/wp-content\/uploads\/2025\/10\/GH_DJI-Maintenance-Program-Standard-Service-DJI-Matrice-4E-EU_3.jpg","contentUrl":"https:\/\/www.ghostysky.com\/wp-content\/uploads\/2025\/10\/GH_DJI-Maintenance-Program-Standard-Service-DJI-Matrice-4E-EU_3.jpg","width":800,"height":800},{"@type":"BreadcrumbList","@id":"https:\/\/www.ghostysky.com\/product\/dji-maintenance-program-standard-service-dji-matrice-4e-eu\/#breadcrumb","itemListElement":[{"@type":"ListItem","position":1,"name":"Home","item":"https:\/\/www.ghostysky.com\/"},{"@type":"ListItem","position":2,"name":"Shop","item":"https:\/\/www.ghostysky.com\/shop\/"},{"@type":"ListItem","position":3,"name":"DJI Maintenance Program Standard Service (DJI Matrice 4E) EU"}]},{"@type":"WebSite","@id":"https:\/\/www.ghostysky.com\/#website","url":"https:\/\/www.ghostysky.com\/","name":"Ghostysky","description":"Livraison de drones et de services professionnels","publisher":{"@id":"https:\/\/www.ghostysky.com\/#organization"},"potentialAction":[{"@type":"SearchAction","target":{"@type":"EntryPoint","urlTemplate":"https:\/\/www.ghostysky.com\/?s={search_term_string}"},"query-input":{"@type":"PropertyValueSpecification","valueRequired":true,"valueName":"search_term_string"}}],"inLanguage":"fr-FR"},{"@type":"Organization","@id":"https:\/\/www.ghostysky.com\/#organization","name":"Ghostysky","url":"https:\/\/www.ghostysky.com\/","logo":{"@type":"ImageObject","inLanguage":"fr-FR","@id":"https:\/\/www.ghostysky.com\/#\/schema\/logo\/image\/","url":"https:\/\/www.ghostysky.com\/wp-content\/uploads\/2020\/06\/cropped-ghostyskylogo_text_white2.png","contentUrl":"https:\/\/www.ghostysky.com\/wp-content\/uploads\/2020\/06\/cropped-ghostyskylogo_text_white2.png","width":169,"height":56,"caption":"Ghostysky"},"image":{"@id":"https:\/\/www.ghostysky.com\/#\/schema\/logo\/image\/"},"sameAs":["https:\/\/www.facebook.com\/people\/Ghostysky\/100057676170234\/","https:\/\/x.com\/Gh0stysky","https:\/\/www.linkedin.com\/company\/34739653","https:\/\/www.instagram.com\/gh0stysky"]}]}},"_links":{"self":[{"href":"https:\/\/www.ghostysky.com\/fr\/wp-json\/wp\/v2\/product\/21790","targetHints":{"allow":["GET"]}}],"collection":[{"href":"https:\/\/www.ghostysky.com\/fr\/wp-json\/wp\/v2\/product"}],"about":[{"href":"https:\/\/www.ghostysky.com\/fr\/wp-json\/wp\/v2\/types\/product"}],"replies":[{"embeddable":true,"href":"https:\/\/www.ghostysky.com\/fr\/wp-json\/wp\/v2\/comments?post=21790"}],"wp:featuredmedia":[{"embeddable":true,"href":"https:\/\/www.ghostysky.com\/fr\/wp-json\/wp\/v2\/media\/21791"}],"wp:attachment":[{"href":"https:\/\/www.ghostysky.com\/fr\/wp-json\/wp\/v2\/media?parent=21790"}],"wp:term":[{"taxonomy":"product_brand","embeddable":true,"href":"https:\/\/www.ghostysky.com\/fr\/wp-json\/wp\/v2\/product_brand?post=21790"},{"taxonomy":"product_cat","embeddable":true,"href":"https:\/\/www.ghostysky.com\/fr\/wp-json\/wp\/v2\/product_cat?post=21790"},{"taxonomy":"product_tag","embeddable":true,"href":"https:\/\/www.ghostysky.com\/fr\/wp-json\/wp\/v2\/product_tag?post=21790"}],"curies":[{"name":"wp","href":"https:\/\/api.w.org\/{rel}","templated":true}]}}