{"id":21792,"date":"2025-10-17T16:25:10","date_gmt":"2025-10-17T16:25:10","guid":{"rendered":"https:\/\/www.ghostysky.com\/?post_type=product&#038;p=21792"},"modified":"2025-10-17T16:27:12","modified_gmt":"2025-10-17T16:27:12","slug":"dji-maintenance-program-standard-service-dji-matrice-4t-eu","status":"publish","type":"product","link":"https:\/\/www.ghostysky.com\/fr\/product\/dji-maintenance-program-standard-service-dji-matrice-4t-eu\/","title":{"rendered":"Service standard du programme de maintenance DJI (DJI Matrice 4T) UE"},"content":{"rendered":"<div id=\"model-response-message-contentr_8ca688bebcf3e727\" class=\"markdown markdown-main-panel stronger enable-updated-hr-color\" dir=\"ltr\">\n<h3><b>Principales caract\u00e9ristiques du service standard<\/b><\/h3>\n<ul>\n<li><b><span class=\"citation-1303\">Nettoyage en profondeur :<\/span><\/b><span class=\"citation-1303 citation-end-1303\"> \u00c9limination compl\u00e8te de la poussi\u00e8re, du sable et des d\u00e9bris des composants internes et externes pour assurer un refroidissement et un fonctionnement appropri\u00e9s, y compris un traitement protecteur pour les pi\u00e8ces m\u00e9talliques.<\/span><\/li>\n<li><b><span class=\"citation-1302\">Inspection des pi\u00e8ces :<\/span><\/b><span class=\"citation-1302 citation-end-1302\"> Un contr\u00f4le fonctionnel d\u00e9taill\u00e9 et complet des composants critiques, notamment le syst\u00e8me de propulsion, le contr\u00f4leur de vol, le cardan, le syst\u00e8me de transmission, les capteurs et l&#039;int\u00e9grit\u00e9 structurelle.<\/span><\/li>\n<li><b><span class=\"citation-1301\">Mise \u00e0 jour et \u00e9talonnage :<\/span><\/b><span class=\"citation-1301 citation-end-1301\"> Installation du dernier firmware officiel et \u00e9talonnage pr\u00e9cis des capteurs cl\u00e9s tels que l&#039;IMU, la boussole, le syst\u00e8me de vision et le cardan pour maintenir la stabilit\u00e9 du vol et la pr\u00e9cision des donn\u00e9es.<\/span><\/li>\n<li><b><span class=\"citation-1300\">Remplacement des pi\u00e8ces facilement us\u00e9es :<\/span><\/b><span class=\"citation-1300 citation-end-1300\"> Remplacement proactif des composants facilement us\u00e9s (tels que les h\u00e9lices ou les vis, pi\u00e8ces sp\u00e9cifiques selon la liste actuelle de DJI) pour garantir que l&#039;avion conserve d&#039;excellentes performances de vol et r\u00e9duire le risque de pannes inattendues.<\/span><\/li>\n<li><b><span class=\"citation-1299\">Rapport de maintenance officiel :<\/span><\/b><span class=\"citation-1299 citation-end-1299\"> Recevez un rapport d\u00e9taill\u00e9 et professionnel une fois le service termin\u00e9, documentant l&#039;\u00e9tat de l&#039;avion, les r\u00e9sultats de l&#039;inspection et toutes les actions de service effectu\u00e9es pour une meilleure tenue des dossiers et une fiabilit\u00e9 op\u00e9rationnelle.<\/span><\/li>\n<li><b>Assurance qualit\u00e9 professionnelle :<\/b><span class=\"citation-1298 citation-end-1298\"> La maintenance est effectu\u00e9e par des techniciens officiels DJI utilisant des accessoires d&#039;origine, des outils sp\u00e9cialis\u00e9s et des logiciels, garantissant les plus hauts standards de qualit\u00e9.<\/span>\n<div class=\"source-inline-chip-container ng-star-inserted\"><\/div>\n<\/li>\n<\/ul>\n<p><b>Avantages:<\/b><\/p>\n<ul>\n<li><b>Disponibilit\u00e9 maximale\u00a0:<\/b> R\u00e9duit le risque de temps d\u2019arr\u00eat d\u00fb \u00e0 l\u2019usure des composants ou \u00e0 des probl\u00e8mes mineurs.<\/li>\n<li><b>S\u00e9curit\u00e9 renforc\u00e9e :<\/b><span class=\"citation-1297 citation-end-1297\"> Assure des performances stables de l&#039;avion pour des missions plus s\u00fbres et plus fiables.<\/span><\/li>\n<li><b><span class=\"citation-1296\">Efficacit\u00e9 accrue :<\/span><\/b><span class=\"citation-1296 citation-end-1296\"> Maintient votre Matrice 4T en fonctionnement avec une efficacit\u00e9 maximale pour une r\u00e9alisation continue des t\u00e2ches.<\/span><\/li>\n<li><b>Tranquillit\u00e9 d&#039;esprit :<\/b> La confiance de savoir que votre actif d&#039;entreprise de grande valeur est entretenu par les experts du fabricant.<\/li>\n<\/ul>\n<p><b>Logistique de services (UE) :<\/b> <span class=\"citation-1295 citation-end-1295\">Lors de l&#039;achat, vous recevez g\u00e9n\u00e9ralement un code pour utiliser le service via le site Web DJI, qui comprend souvent une \u00e9tiquette d&#039;exp\u00e9dition pr\u00e9pay\u00e9e pour envoyer votre drone \u00e0 un centre de service europ\u00e9en DJI d\u00e9sign\u00e9 sans frais suppl\u00e9mentaires.<\/span> Le service comprend g\u00e9n\u00e9ralement le drone, la t\u00e9l\u00e9commande correspondante et une batterie de vol.<\/p>\n<div class=\"source-inline-chip-container ng-star-inserted\"><\/div>\n<p><b>Recommand\u00e9:<\/b> Il est g\u00e9n\u00e9ralement recommand\u00e9 d&#039;effectuer le service standard p\u00e9riodiquement (par exemple, toutes les 200 heures de vol ou par an \u00e0 compter de l&#039;activation, selon la premi\u00e8re \u00e9ventualit\u00e9) pour maintenir d&#039;excellentes performances de vol et prolonger la dur\u00e9e de vie de votre Matrice 4T.<\/p>\n<\/div>","protected":false},"excerpt":{"rendered":"<p>Assurez la long\u00e9vit\u00e9 et les performances optimales de votre DJI Matrice 4T, un appareil essentiel \u00e0 votre mission, avec le <b>Service standard du programme de maintenance DJI<\/b> adapt\u00e9 \u00e0 la r\u00e9gion europ\u00e9enne.<\/p>\n<p><span class=\"citation-1305 citation-end-1305\">Ce service complet est con\u00e7u pour maintenir votre avion en parfait \u00e9tat, offrant une exp\u00e9rience de vol s\u00fbre et fiable tout au long de sa dur\u00e9e de vie op\u00e9rationnelle.<\/span> <span class=\"citation-1304 citation-end-1304\">Le service standard va au-del\u00e0 des contr\u00f4les de base, en ajoutant le remplacement proactif des pi\u00e8ces couramment us\u00e9es.<\/span><\/p>","protected":false},"featured_media":21791,"comment_status":"open","ping_status":"closed","template":"","meta":[],"product_brand":[1031],"product_cat":[37,1119,29,1117],"product_tag":[42,1123,1120],"class_list":{"0":"post-21792","1":"product","2":"type-product","3":"status-publish","4":"has-post-thumbnail","6":"product_brand-dji","7":"product_cat-dji","8":"product_cat-dji-matrice-4-accessories","9":"product_cat-drones","10":"product_cat-matrice-4","11":"product_tag-dji","12":"product_tag-dji-matrice-4-accessories","13":"product_tag-dji-matrice-4-series","15":"first","16":"instock","17":"taxable","18":"shipping-taxable","19":"purchasable","20":"product-type-simple"},"yoast_head":"<!-- This site is optimized with the Yoast SEO plugin v27.4 - https:\/\/yoast.com\/product\/yoast-seo-wordpress\/ -->\n<title>DJI Maintenance Program Standard Service (DJI Matrice 4T) EU - Ghostysky<\/title>\n<meta name=\"description\" content=\"Ensure the longevity and optimal performance of your mission-critical DJI Matrice 4T with the DJI Maintenance Program Standard Service tailored for the European region.This comprehensive service is designed to keep your aircraft in peak condition, providing a safe and reliable flight experience throughout its operational life. The Standard Service goes beyond basic check-ups, adding proactive replacement of commonly worn parts.\" \/>\n<meta name=\"robots\" content=\"index, follow, max-snippet:-1, max-image-preview:large, max-video-preview:-1\" \/>\n<link rel=\"canonical\" href=\"https:\/\/www.ghostysky.com\/fr\/product\/dji-maintenance-program-standard-service-dji-matrice-4t-eu\/\" \/>\n<meta property=\"og:locale\" content=\"fr_FR\" \/>\n<meta property=\"og:type\" content=\"article\" \/>\n<meta property=\"og:title\" content=\"DJI Maintenance Program Standard Service (DJI Matrice 4T) EU - Ghostysky\" \/>\n<meta property=\"og:description\" content=\"Ensure the longevity and optimal performance of your mission-critical DJI Matrice 4T with the DJI Maintenance Program Standard Service tailored for the European region.This comprehensive service is designed to keep your aircraft in peak condition, providing a safe and reliable flight experience throughout its operational life. The Standard Service goes beyond basic check-ups, adding proactive replacement of commonly worn parts.\" \/>\n<meta property=\"og:url\" content=\"https:\/\/www.ghostysky.com\/fr\/product\/dji-maintenance-program-standard-service-dji-matrice-4t-eu\/\" \/>\n<meta property=\"og:site_name\" content=\"Ghostysky\" \/>\n<meta property=\"article:publisher\" content=\"https:\/\/www.facebook.com\/people\/Ghostysky\/100057676170234\/\" \/>\n<meta property=\"article:modified_time\" content=\"2025-10-17T16:27:12+00:00\" \/>\n<meta property=\"og:image\" content=\"https:\/\/www.ghostysky.com\/wp-content\/uploads\/2025\/10\/GH_DJI-Maintenance-Program-Standard-Service-DJI-Matrice-4E-EU_3.jpg\" \/>\n\t<meta property=\"og:image:width\" content=\"800\" \/>\n\t<meta property=\"og:image:height\" content=\"800\" \/>\n\t<meta property=\"og:image:type\" content=\"image\/jpeg\" \/>\n<meta name=\"twitter:card\" content=\"summary_large_image\" \/>\n<meta name=\"twitter:site\" content=\"@Gh0stysky\" \/>\n<meta name=\"twitter:label1\" content=\"Dur\u00e9e de lecture estim\u00e9e\" \/>\n\t<meta name=\"twitter:data1\" content=\"2 minutes\" \/>\n<script type=\"application\/ld+json\" class=\"yoast-schema-graph\">{\"@context\":\"https:\\\/\\\/schema.org\",\"@graph\":[{\"@type\":\"WebPage\",\"@id\":\"https:\\\/\\\/www.ghostysky.com\\\/product\\\/dji-maintenance-program-standard-service-dji-matrice-4t-eu\\\/\",\"url\":\"https:\\\/\\\/www.ghostysky.com\\\/product\\\/dji-maintenance-program-standard-service-dji-matrice-4t-eu\\\/\",\"name\":\"DJI Maintenance Program Standard Service (DJI Matrice 4T) EU - Ghostysky\",\"isPartOf\":{\"@id\":\"https:\\\/\\\/www.ghostysky.com\\\/#website\"},\"primaryImageOfPage\":{\"@id\":\"https:\\\/\\\/www.ghostysky.com\\\/product\\\/dji-maintenance-program-standard-service-dji-matrice-4t-eu\\\/#primaryimage\"},\"image\":{\"@id\":\"https:\\\/\\\/www.ghostysky.com\\\/product\\\/dji-maintenance-program-standard-service-dji-matrice-4t-eu\\\/#primaryimage\"},\"thumbnailUrl\":\"https:\\\/\\\/www.ghostysky.com\\\/wp-content\\\/uploads\\\/2025\\\/10\\\/GH_DJI-Maintenance-Program-Standard-Service-DJI-Matrice-4E-EU_3.jpg\",\"datePublished\":\"2025-10-17T16:25:10+00:00\",\"dateModified\":\"2025-10-17T16:27:12+00:00\",\"description\":\"Ensure the longevity and optimal performance of your mission-critical DJI Matrice 4T with the DJI Maintenance Program Standard Service tailored for the European region.This comprehensive service is designed to keep your aircraft in peak condition, providing a safe and reliable flight experience throughout its operational life. The Standard Service goes beyond basic check-ups, adding proactive replacement of commonly worn parts.\",\"breadcrumb\":{\"@id\":\"https:\\\/\\\/www.ghostysky.com\\\/product\\\/dji-maintenance-program-standard-service-dji-matrice-4t-eu\\\/#breadcrumb\"},\"inLanguage\":\"fr-FR\",\"potentialAction\":[{\"@type\":\"ReadAction\",\"target\":[\"https:\\\/\\\/www.ghostysky.com\\\/product\\\/dji-maintenance-program-standard-service-dji-matrice-4t-eu\\\/\"]}]},{\"@type\":\"ImageObject\",\"inLanguage\":\"fr-FR\",\"@id\":\"https:\\\/\\\/www.ghostysky.com\\\/product\\\/dji-maintenance-program-standard-service-dji-matrice-4t-eu\\\/#primaryimage\",\"url\":\"https:\\\/\\\/www.ghostysky.com\\\/wp-content\\\/uploads\\\/2025\\\/10\\\/GH_DJI-Maintenance-Program-Standard-Service-DJI-Matrice-4E-EU_3.jpg\",\"contentUrl\":\"https:\\\/\\\/www.ghostysky.com\\\/wp-content\\\/uploads\\\/2025\\\/10\\\/GH_DJI-Maintenance-Program-Standard-Service-DJI-Matrice-4E-EU_3.jpg\",\"width\":800,\"height\":800},{\"@type\":\"BreadcrumbList\",\"@id\":\"https:\\\/\\\/www.ghostysky.com\\\/product\\\/dji-maintenance-program-standard-service-dji-matrice-4t-eu\\\/#breadcrumb\",\"itemListElement\":[{\"@type\":\"ListItem\",\"position\":1,\"name\":\"Home\",\"item\":\"https:\\\/\\\/www.ghostysky.com\\\/\"},{\"@type\":\"ListItem\",\"position\":2,\"name\":\"Shop\",\"item\":\"https:\\\/\\\/www.ghostysky.com\\\/shop\\\/\"},{\"@type\":\"ListItem\",\"position\":3,\"name\":\"DJI Maintenance Program Standard Service (DJI Matrice 4T) EU\"}]},{\"@type\":\"WebSite\",\"@id\":\"https:\\\/\\\/www.ghostysky.com\\\/#website\",\"url\":\"https:\\\/\\\/www.ghostysky.com\\\/\",\"name\":\"Ghostysky\",\"description\":\"Delivering professional drones and robotics solutions\",\"publisher\":{\"@id\":\"https:\\\/\\\/www.ghostysky.com\\\/#organization\"},\"potentialAction\":[{\"@type\":\"SearchAction\",\"target\":{\"@type\":\"EntryPoint\",\"urlTemplate\":\"https:\\\/\\\/www.ghostysky.com\\\/?s={search_term_string}\"},\"query-input\":{\"@type\":\"PropertyValueSpecification\",\"valueRequired\":true,\"valueName\":\"search_term_string\"}}],\"inLanguage\":\"fr-FR\"},{\"@type\":\"Organization\",\"@id\":\"https:\\\/\\\/www.ghostysky.com\\\/#organization\",\"name\":\"Ghostysky\",\"url\":\"https:\\\/\\\/www.ghostysky.com\\\/\",\"logo\":{\"@type\":\"ImageObject\",\"inLanguage\":\"fr-FR\",\"@id\":\"https:\\\/\\\/www.ghostysky.com\\\/#\\\/schema\\\/logo\\\/image\\\/\",\"url\":\"https:\\\/\\\/www.ghostysky.com\\\/wp-content\\\/uploads\\\/2020\\\/06\\\/cropped-ghostyskylogo_text_white2.png\",\"contentUrl\":\"https:\\\/\\\/www.ghostysky.com\\\/wp-content\\\/uploads\\\/2020\\\/06\\\/cropped-ghostyskylogo_text_white2.png\",\"width\":169,\"height\":56,\"caption\":\"Ghostysky\"},\"image\":{\"@id\":\"https:\\\/\\\/www.ghostysky.com\\\/#\\\/schema\\\/logo\\\/image\\\/\"},\"sameAs\":[\"https:\\\/\\\/www.facebook.com\\\/people\\\/Ghostysky\\\/100057676170234\\\/\",\"https:\\\/\\\/x.com\\\/Gh0stysky\",\"https:\\\/\\\/www.linkedin.com\\\/company\\\/34739653\",\"https:\\\/\\\/www.instagram.com\\\/gh0stysky\"]}]}<\/script>\n<!-- \/ Yoast SEO plugin. -->","yoast_head_json":{"title":"Service standard du programme de maintenance DJI (DJI Matrice 4T) UE - Ghostysky","description":"Assurez la long\u00e9vit\u00e9 et les performances optimales de votre DJI Matrice 4T, un appareil essentiel \u00e0 vos missions, gr\u00e2ce au service standard du programme de maintenance DJI, sp\u00e9cialement con\u00e7u pour l&#039;Europe. Ce service complet est con\u00e7u pour maintenir votre appareil en parfait \u00e9tat et vous offrir une exp\u00e9rience de vol s\u00fbre et fiable tout au long de sa dur\u00e9e de vie. Le service standard va au-del\u00e0 des simples contr\u00f4les et inclut le remplacement proactif des pi\u00e8ces d&#039;usure fr\u00e9quentes.","robots":{"index":"index","follow":"follow","max-snippet":"max-snippet:-1","max-image-preview":"max-image-preview:large","max-video-preview":"max-video-preview:-1"},"canonical":"https:\/\/www.ghostysky.com\/fr\/product\/dji-maintenance-program-standard-service-dji-matrice-4t-eu\/","og_locale":"fr_FR","og_type":"article","og_title":"DJI Maintenance Program Standard Service (DJI Matrice 4T) EU - Ghostysky","og_description":"Ensure the longevity and optimal performance of your mission-critical DJI Matrice 4T with the DJI Maintenance Program Standard Service tailored for the European region.This comprehensive service is designed to keep your aircraft in peak condition, providing a safe and reliable flight experience throughout its operational life. The Standard Service goes beyond basic check-ups, adding proactive replacement of commonly worn parts.","og_url":"https:\/\/www.ghostysky.com\/fr\/product\/dji-maintenance-program-standard-service-dji-matrice-4t-eu\/","og_site_name":"Ghostysky","article_publisher":"https:\/\/www.facebook.com\/people\/Ghostysky\/100057676170234\/","article_modified_time":"2025-10-17T16:27:12+00:00","og_image":[{"width":800,"height":800,"url":"https:\/\/www.ghostysky.com\/wp-content\/uploads\/2025\/10\/GH_DJI-Maintenance-Program-Standard-Service-DJI-Matrice-4E-EU_3.jpg","type":"image\/jpeg"}],"twitter_card":"summary_large_image","twitter_site":"@Gh0stysky","twitter_misc":{"Dur\u00e9e de lecture estim\u00e9e":"2 minutes"},"schema":{"@context":"https:\/\/schema.org","@graph":[{"@type":"WebPage","@id":"https:\/\/www.ghostysky.com\/product\/dji-maintenance-program-standard-service-dji-matrice-4t-eu\/","url":"https:\/\/www.ghostysky.com\/product\/dji-maintenance-program-standard-service-dji-matrice-4t-eu\/","name":"Service standard du programme de maintenance DJI (DJI Matrice 4T) UE - Ghostysky","isPartOf":{"@id":"https:\/\/www.ghostysky.com\/#website"},"primaryImageOfPage":{"@id":"https:\/\/www.ghostysky.com\/product\/dji-maintenance-program-standard-service-dji-matrice-4t-eu\/#primaryimage"},"image":{"@id":"https:\/\/www.ghostysky.com\/product\/dji-maintenance-program-standard-service-dji-matrice-4t-eu\/#primaryimage"},"thumbnailUrl":"https:\/\/www.ghostysky.com\/wp-content\/uploads\/2025\/10\/GH_DJI-Maintenance-Program-Standard-Service-DJI-Matrice-4E-EU_3.jpg","datePublished":"2025-10-17T16:25:10+00:00","dateModified":"2025-10-17T16:27:12+00:00","description":"Assurez la long\u00e9vit\u00e9 et les performances optimales de votre DJI Matrice 4T, un appareil essentiel \u00e0 vos missions, gr\u00e2ce au service standard du programme de maintenance DJI, sp\u00e9cialement con\u00e7u pour l&#039;Europe. Ce service complet est con\u00e7u pour maintenir votre appareil en parfait \u00e9tat et vous offrir une exp\u00e9rience de vol s\u00fbre et fiable tout au long de sa dur\u00e9e de vie. Le service standard va au-del\u00e0 des simples contr\u00f4les et inclut le remplacement proactif des pi\u00e8ces d&#039;usure fr\u00e9quentes.","breadcrumb":{"@id":"https:\/\/www.ghostysky.com\/product\/dji-maintenance-program-standard-service-dji-matrice-4t-eu\/#breadcrumb"},"inLanguage":"fr-FR","potentialAction":[{"@type":"ReadAction","target":["https:\/\/www.ghostysky.com\/product\/dji-maintenance-program-standard-service-dji-matrice-4t-eu\/"]}]},{"@type":"ImageObject","inLanguage":"fr-FR","@id":"https:\/\/www.ghostysky.com\/product\/dji-maintenance-program-standard-service-dji-matrice-4t-eu\/#primaryimage","url":"https:\/\/www.ghostysky.com\/wp-content\/uploads\/2025\/10\/GH_DJI-Maintenance-Program-Standard-Service-DJI-Matrice-4E-EU_3.jpg","contentUrl":"https:\/\/www.ghostysky.com\/wp-content\/uploads\/2025\/10\/GH_DJI-Maintenance-Program-Standard-Service-DJI-Matrice-4E-EU_3.jpg","width":800,"height":800},{"@type":"BreadcrumbList","@id":"https:\/\/www.ghostysky.com\/product\/dji-maintenance-program-standard-service-dji-matrice-4t-eu\/#breadcrumb","itemListElement":[{"@type":"ListItem","position":1,"name":"Home","item":"https:\/\/www.ghostysky.com\/"},{"@type":"ListItem","position":2,"name":"Shop","item":"https:\/\/www.ghostysky.com\/shop\/"},{"@type":"ListItem","position":3,"name":"DJI Maintenance Program Standard Service (DJI Matrice 4T) EU"}]},{"@type":"WebSite","@id":"https:\/\/www.ghostysky.com\/#website","url":"https:\/\/www.ghostysky.com\/","name":"Ghostysky","description":"Fourniture de solutions professionnelles en mati\u00e8re de drones et de robotique","publisher":{"@id":"https:\/\/www.ghostysky.com\/#organization"},"potentialAction":[{"@type":"SearchAction","target":{"@type":"EntryPoint","urlTemplate":"https:\/\/www.ghostysky.com\/?s={search_term_string}"},"query-input":{"@type":"PropertyValueSpecification","valueRequired":true,"valueName":"search_term_string"}}],"inLanguage":"fr-FR"},{"@type":"Organization","@id":"https:\/\/www.ghostysky.com\/#organization","name":"Ghostysky","url":"https:\/\/www.ghostysky.com\/","logo":{"@type":"ImageObject","inLanguage":"fr-FR","@id":"https:\/\/www.ghostysky.com\/#\/schema\/logo\/image\/","url":"https:\/\/www.ghostysky.com\/wp-content\/uploads\/2020\/06\/cropped-ghostyskylogo_text_white2.png","contentUrl":"https:\/\/www.ghostysky.com\/wp-content\/uploads\/2020\/06\/cropped-ghostyskylogo_text_white2.png","width":169,"height":56,"caption":"Ghostysky"},"image":{"@id":"https:\/\/www.ghostysky.com\/#\/schema\/logo\/image\/"},"sameAs":["https:\/\/www.facebook.com\/people\/Ghostysky\/100057676170234\/","https:\/\/x.com\/Gh0stysky","https:\/\/www.linkedin.com\/company\/34739653","https:\/\/www.instagram.com\/gh0stysky"]}]}},"_links":{"self":[{"href":"https:\/\/www.ghostysky.com\/fr\/wp-json\/wp\/v2\/product\/21792","targetHints":{"allow":["GET"]}}],"collection":[{"href":"https:\/\/www.ghostysky.com\/fr\/wp-json\/wp\/v2\/product"}],"about":[{"href":"https:\/\/www.ghostysky.com\/fr\/wp-json\/wp\/v2\/types\/product"}],"replies":[{"embeddable":true,"href":"https:\/\/www.ghostysky.com\/fr\/wp-json\/wp\/v2\/comments?post=21792"}],"version-history":[{"count":0,"href":"https:\/\/www.ghostysky.com\/fr\/wp-json\/wp\/v2\/product\/21792\/revisions"}],"wp:featuredmedia":[{"embeddable":true,"href":"https:\/\/www.ghostysky.com\/fr\/wp-json\/wp\/v2\/media\/21791"}],"wp:attachment":[{"href":"https:\/\/www.ghostysky.com\/fr\/wp-json\/wp\/v2\/media?parent=21792"}],"wp:term":[{"taxonomy":"product_brand","embeddable":true,"href":"https:\/\/www.ghostysky.com\/fr\/wp-json\/wp\/v2\/product_brand?post=21792"},{"taxonomy":"product_cat","embeddable":true,"href":"https:\/\/www.ghostysky.com\/fr\/wp-json\/wp\/v2\/product_cat?post=21792"},{"taxonomy":"product_tag","embeddable":true,"href":"https:\/\/www.ghostysky.com\/fr\/wp-json\/wp\/v2\/product_tag?post=21792"}],"curies":[{"name":"wp","href":"https:\/\/api.w.org\/{rel}","templated":true}]}}