{"id":21793,"date":"2025-10-17T16:28:00","date_gmt":"2025-10-17T16:28:00","guid":{"rendered":"https:\/\/www.ghostysky.com\/?post_type=product&#038;p=21793"},"modified":"2025-10-18T04:09:39","modified_gmt":"2025-10-18T04:09:39","slug":"dji-d-rtk-3-survey-pole-and-tripod-kit","status":"publish","type":"product","link":"https:\/\/www.ghostysky.com\/fr\/product\/dji-d-rtk-3-survey-pole-and-tripod-kit\/","title":{"rendered":"Kit de perche d&#039;arpentage et de tr\u00e9pied DJI D-RTK 3"},"content":{"rendered":"<div id=\"model-response-message-contentr_8ca688bebcf3e727\" class=\"markdown markdown-main-panel stronger enable-updated-hr-color\" dir=\"ltr\">\n<h3><b>Caract\u00e9ristiques principales<\/b><\/h3>\n<ul>\n<li><b><span class=\"citation-1328\">Int\u00e9gration transparente :<\/span><\/b><span class=\"citation-1328\"> Con\u00e7u pour fonctionner parfaitement avec le <\/span><b><span class=\"citation-1328\">Station multifonctionnelle DJI D-RTK 3<\/span><\/b><span class=\"citation-1328\"> et <\/span><b><span class=\"citation-1328\">D-RTK 3 AG<\/span><\/b><span class=\"citation-1328 citation-end-1328\">.<sup class=\"superscript\" data-turn-source-index=\"2\">2<\/sup><\/span><\/li>\n<li><b>Configurations flexibles\u00a0:<\/b><span class=\"citation-1327 citation-end-1327\"> Prend en charge plusieurs sc\u00e9narios de fonctionnement pour une efficacit\u00e9 maximale\u00a0:<sup class=\"superscript\" data-turn-source-index=\"3\">3<\/sup><\/span>\n<ul>\n<li><b><span class=\"citation-1326\">Mode station de base\u00a0:<\/span><\/b><span class=\"citation-1326 citation-end-1326\"> Fournit une plate-forme stable, s\u00e9curis\u00e9e et de niveau pour la station D-RTK 3, garantissant des donn\u00e9es de haute pr\u00e9cision pour les missions de drones (par exemple, avec le Matrice 4E\/4T).<sup class=\"superscript\" data-turn-source-index=\"4\">4<\/sup><\/span><\/li>\n<li><b>Mode Station Rover\u00a0:<\/b><span class=\"citation-1325 citation-end-1325\"> La perche d&#039;arpentage autobloquante peut \u00eatre utilis\u00e9e ind\u00e9pendamment pour la collecte pr\u00e9cise des donn\u00e9es des points de contr\u00f4le (CP) et des points de contr\u00f4le au sol.<sup class=\"superscript\" data-turn-source-index=\"5\">5<\/sup><\/span><\/li>\n<\/ul>\n<\/li>\n<li><b>Pr\u00e9cision et facilit\u00e9 d&#039;utilisation :<\/b>\n<ul>\n<li><b>Perche d&#039;arpentage autobloquante :<\/b><span class=\"citation-1324 citation-end-1324\"> Caract\u00e9ristiques r\u00e9glage de la hauteur sans effort (de <sup class=\"superscript\" data-turn-source-index=\"6\">6<\/sup><\/span><span class=\"math-inline\" data-math=\"125 \\text{ cm}\">$125 \\texte{ cm}$<\/span><span class=\"citation-1323 citation-end-1323\"> \u00e0 <sup class=\"superscript\" data-turn-source-index=\"7\">7<\/sup><\/span><span class=\"math-inline\" data-math=\"200 \\text{ cm}\">$200 \\texte{ cm}$<\/span><span class=\"citation-1322 citation-end-1322\">) pour atteindre rapidement la hauteur d&#039;antenne souhait\u00e9e.<sup class=\"superscript\" data-turn-source-index=\"8\">8<\/sup><\/span><\/li>\n<li><b>Tr\u00e9pied \u00e0 double verrouillage :<\/b><span class=\"citation-1321 citation-end-1321\"> Assure un nivellement facile et fiable et une configuration stable sur divers terrains.<sup class=\"superscript\" data-turn-source-index=\"9\">9<\/sup><\/span><\/li>\n<\/ul>\n<\/li>\n<\/ul>\n<h3><b>Dans la bo\u00eete<\/b><\/h3>\n<ul>\n<li><span class=\"citation-1320 citation-end-1320\">Perche d&#039;arpentage autobloquante <sup class=\"superscript\" data-turn-source-index=\"10\">10<\/sup><\/span><span class=\"math-inline\" data-math=\"\\times 1\">$\\fois 1$<\/span><\/li>\n<li><span class=\"citation-1319 citation-end-1319\">Tr\u00e9pied \u00e0 double verrouillage <sup class=\"superscript\" data-turn-source-index=\"11\">11<\/sup><\/span><span class=\"math-inline\" data-math=\"\\times 1\">$\\fois 1$<\/span><\/li>\n<\/ul>\n<p><span class=\"citation-1318 citation-end-1318\">Ce kit est con\u00e7u pour am\u00e9liorer la pr\u00e9cision et la stabilit\u00e9 de votre station multifonctionnelle D-RTK 3, la rendant indispensable pour l&#039;arpentage pr\u00e9cis, la planification de chantiers de construction, la cartographie des champs agricoles et l&#039;inspection des services publics.<sup class=\"superscript\" data-turn-source-index=\"12\">12<\/sup><\/span><\/p>\n<\/div>","protected":false},"excerpt":{"rendered":"<p><span class=\"citation-1329\">Le <\/span><b><span class=\"citation-1329\">Kit de perche d&#039;arpentage et de tr\u00e9pied DJI D-RTK 3<\/span><\/b><span class=\"citation-1329 citation-end-1329\"> est un accessoire essentiel con\u00e7u pour les professionnels qui exigent une pr\u00e9cision au centim\u00e8tre pr\u00e8s dans leurs applications d&#039;arpentage et de cartographie par drone.<\/span><\/p>","protected":false},"featured_media":21794,"comment_status":"open","ping_status":"closed","template":"","meta":[],"product_brand":[1031],"product_cat":[37,1119,29,1117,1125,1127],"product_tag":[42,1123,1120],"class_list":{"0":"post-21793","1":"product","2":"type-product","3":"status-publish","4":"has-post-thumbnail","6":"product_brand-dji","7":"product_cat-dji","8":"product_cat-dji-matrice-4-accessories","9":"product_cat-drones","10":"product_cat-matrice-4","11":"product_cat-matrice-400","12":"product_cat-matrice-400-accessories","13":"product_tag-dji","14":"product_tag-dji-matrice-4-accessories","15":"product_tag-dji-matrice-4-series","17":"first","18":"onbackorder","19":"taxable","20":"shipping-taxable","21":"purchasable","22":"product-type-simple"},"yoast_head":"<!-- This site is optimized with the Yoast SEO plugin v27.4 - https:\/\/yoast.com\/product\/yoast-seo-wordpress\/ -->\n<title>DJI D-RTK 3 Survey Pole and Tripod Kit - Ghostysky<\/title>\n<meta name=\"description\" content=\"The DJI D-RTK 3 Survey Pole and Tripod Kit is an essential accessory designed for professionals who demand centimeter-level accuracy in their surveying and drone-based mapping applications.\" \/>\n<meta name=\"robots\" content=\"index, follow, max-snippet:-1, max-image-preview:large, max-video-preview:-1\" \/>\n<link rel=\"canonical\" href=\"https:\/\/www.ghostysky.com\/fr\/product\/dji-d-rtk-3-survey-pole-and-tripod-kit\/\" \/>\n<meta property=\"og:locale\" content=\"fr_FR\" \/>\n<meta property=\"og:type\" content=\"article\" \/>\n<meta property=\"og:title\" content=\"DJI D-RTK 3 Survey Pole and Tripod Kit - Ghostysky\" \/>\n<meta property=\"og:description\" content=\"The DJI D-RTK 3 Survey Pole and Tripod Kit is an essential accessory designed for professionals who demand centimeter-level accuracy in their surveying and drone-based mapping applications.\" \/>\n<meta property=\"og:url\" content=\"https:\/\/www.ghostysky.com\/fr\/product\/dji-d-rtk-3-survey-pole-and-tripod-kit\/\" \/>\n<meta property=\"og:site_name\" content=\"Ghostysky\" \/>\n<meta property=\"article:publisher\" content=\"https:\/\/www.facebook.com\/people\/Ghostysky\/100057676170234\/\" \/>\n<meta property=\"article:modified_time\" content=\"2025-10-18T04:09:39+00:00\" \/>\n<meta property=\"og:image\" content=\"https:\/\/www.ghostysky.com\/wp-content\/uploads\/2025\/10\/GH_DJI-D-RTK-3-Survey-Pole-and-Tripod-Kit_3.jpg\" \/>\n\t<meta property=\"og:image:width\" content=\"800\" \/>\n\t<meta property=\"og:image:height\" content=\"800\" \/>\n\t<meta property=\"og:image:type\" content=\"image\/jpeg\" \/>\n<meta name=\"twitter:card\" content=\"summary_large_image\" \/>\n<meta name=\"twitter:site\" content=\"@Gh0stysky\" \/>\n<meta name=\"twitter:label1\" content=\"Dur\u00e9e de lecture estim\u00e9e\" \/>\n\t<meta name=\"twitter:data1\" content=\"1 minute\" \/>\n<script type=\"application\/ld+json\" class=\"yoast-schema-graph\">{\"@context\":\"https:\\\/\\\/schema.org\",\"@graph\":[{\"@type\":\"WebPage\",\"@id\":\"https:\\\/\\\/www.ghostysky.com\\\/product\\\/dji-d-rtk-3-survey-pole-and-tripod-kit\\\/\",\"url\":\"https:\\\/\\\/www.ghostysky.com\\\/product\\\/dji-d-rtk-3-survey-pole-and-tripod-kit\\\/\",\"name\":\"DJI D-RTK 3 Survey Pole and Tripod Kit - Ghostysky\",\"isPartOf\":{\"@id\":\"https:\\\/\\\/www.ghostysky.com\\\/#website\"},\"primaryImageOfPage\":{\"@id\":\"https:\\\/\\\/www.ghostysky.com\\\/product\\\/dji-d-rtk-3-survey-pole-and-tripod-kit\\\/#primaryimage\"},\"image\":{\"@id\":\"https:\\\/\\\/www.ghostysky.com\\\/product\\\/dji-d-rtk-3-survey-pole-and-tripod-kit\\\/#primaryimage\"},\"thumbnailUrl\":\"https:\\\/\\\/www.ghostysky.com\\\/wp-content\\\/uploads\\\/2025\\\/10\\\/GH_DJI-D-RTK-3-Survey-Pole-and-Tripod-Kit_3.jpg\",\"datePublished\":\"2025-10-17T16:28:00+00:00\",\"dateModified\":\"2025-10-18T04:09:39+00:00\",\"description\":\"The DJI D-RTK 3 Survey Pole and Tripod Kit is an essential accessory designed for professionals who demand centimeter-level accuracy in their surveying and drone-based mapping applications.\",\"breadcrumb\":{\"@id\":\"https:\\\/\\\/www.ghostysky.com\\\/product\\\/dji-d-rtk-3-survey-pole-and-tripod-kit\\\/#breadcrumb\"},\"inLanguage\":\"fr-FR\",\"potentialAction\":[{\"@type\":\"ReadAction\",\"target\":[\"https:\\\/\\\/www.ghostysky.com\\\/product\\\/dji-d-rtk-3-survey-pole-and-tripod-kit\\\/\"]}]},{\"@type\":\"ImageObject\",\"inLanguage\":\"fr-FR\",\"@id\":\"https:\\\/\\\/www.ghostysky.com\\\/product\\\/dji-d-rtk-3-survey-pole-and-tripod-kit\\\/#primaryimage\",\"url\":\"https:\\\/\\\/www.ghostysky.com\\\/wp-content\\\/uploads\\\/2025\\\/10\\\/GH_DJI-D-RTK-3-Survey-Pole-and-Tripod-Kit_3.jpg\",\"contentUrl\":\"https:\\\/\\\/www.ghostysky.com\\\/wp-content\\\/uploads\\\/2025\\\/10\\\/GH_DJI-D-RTK-3-Survey-Pole-and-Tripod-Kit_3.jpg\",\"width\":800,\"height\":800},{\"@type\":\"BreadcrumbList\",\"@id\":\"https:\\\/\\\/www.ghostysky.com\\\/product\\\/dji-d-rtk-3-survey-pole-and-tripod-kit\\\/#breadcrumb\",\"itemListElement\":[{\"@type\":\"ListItem\",\"position\":1,\"name\":\"Home\",\"item\":\"https:\\\/\\\/www.ghostysky.com\\\/\"},{\"@type\":\"ListItem\",\"position\":2,\"name\":\"Shop\",\"item\":\"https:\\\/\\\/www.ghostysky.com\\\/shop\\\/\"},{\"@type\":\"ListItem\",\"position\":3,\"name\":\"DJI D-RTK 3 Survey Pole and Tripod Kit\"}]},{\"@type\":\"WebSite\",\"@id\":\"https:\\\/\\\/www.ghostysky.com\\\/#website\",\"url\":\"https:\\\/\\\/www.ghostysky.com\\\/\",\"name\":\"Ghostysky\",\"description\":\"Delivering professional drones and services\",\"publisher\":{\"@id\":\"https:\\\/\\\/www.ghostysky.com\\\/#organization\"},\"potentialAction\":[{\"@type\":\"SearchAction\",\"target\":{\"@type\":\"EntryPoint\",\"urlTemplate\":\"https:\\\/\\\/www.ghostysky.com\\\/?s={search_term_string}\"},\"query-input\":{\"@type\":\"PropertyValueSpecification\",\"valueRequired\":true,\"valueName\":\"search_term_string\"}}],\"inLanguage\":\"fr-FR\"},{\"@type\":\"Organization\",\"@id\":\"https:\\\/\\\/www.ghostysky.com\\\/#organization\",\"name\":\"Ghostysky\",\"url\":\"https:\\\/\\\/www.ghostysky.com\\\/\",\"logo\":{\"@type\":\"ImageObject\",\"inLanguage\":\"fr-FR\",\"@id\":\"https:\\\/\\\/www.ghostysky.com\\\/#\\\/schema\\\/logo\\\/image\\\/\",\"url\":\"https:\\\/\\\/www.ghostysky.com\\\/wp-content\\\/uploads\\\/2020\\\/06\\\/cropped-ghostyskylogo_text_white2.png\",\"contentUrl\":\"https:\\\/\\\/www.ghostysky.com\\\/wp-content\\\/uploads\\\/2020\\\/06\\\/cropped-ghostyskylogo_text_white2.png\",\"width\":169,\"height\":56,\"caption\":\"Ghostysky\"},\"image\":{\"@id\":\"https:\\\/\\\/www.ghostysky.com\\\/#\\\/schema\\\/logo\\\/image\\\/\"},\"sameAs\":[\"https:\\\/\\\/www.facebook.com\\\/people\\\/Ghostysky\\\/100057676170234\\\/\",\"https:\\\/\\\/x.com\\\/Gh0stysky\",\"https:\\\/\\\/www.linkedin.com\\\/company\\\/34739653\",\"https:\\\/\\\/www.instagram.com\\\/gh0stysky\"]}]}<\/script>\n<!-- \/ Yoast SEO plugin. -->","yoast_head_json":{"title":"Kit de perche d&#039;arpentage et tr\u00e9pied DJI D-RTK 3 - Ghostysky","description":"Le kit de perche d&#039;arpentage et de tr\u00e9pied DJI D-RTK 3 est un accessoire essentiel con\u00e7u pour les professionnels qui exigent une pr\u00e9cision au centim\u00e8tre pr\u00e8s dans leurs applications d&#039;arpentage et de cartographie par drone.","robots":{"index":"index","follow":"follow","max-snippet":"max-snippet:-1","max-image-preview":"max-image-preview:large","max-video-preview":"max-video-preview:-1"},"canonical":"https:\/\/www.ghostysky.com\/fr\/product\/dji-d-rtk-3-survey-pole-and-tripod-kit\/","og_locale":"fr_FR","og_type":"article","og_title":"DJI D-RTK 3 Survey Pole and Tripod Kit - Ghostysky","og_description":"The DJI D-RTK 3 Survey Pole and Tripod Kit is an essential accessory designed for professionals who demand centimeter-level accuracy in their surveying and drone-based mapping applications.","og_url":"https:\/\/www.ghostysky.com\/fr\/product\/dji-d-rtk-3-survey-pole-and-tripod-kit\/","og_site_name":"Ghostysky","article_publisher":"https:\/\/www.facebook.com\/people\/Ghostysky\/100057676170234\/","article_modified_time":"2025-10-18T04:09:39+00:00","og_image":[{"width":800,"height":800,"url":"https:\/\/www.ghostysky.com\/wp-content\/uploads\/2025\/10\/GH_DJI-D-RTK-3-Survey-Pole-and-Tripod-Kit_3.jpg","type":"image\/jpeg"}],"twitter_card":"summary_large_image","twitter_site":"@Gh0stysky","twitter_misc":{"Dur\u00e9e de lecture estim\u00e9e":"1 minute"},"schema":{"@context":"https:\/\/schema.org","@graph":[{"@type":"WebPage","@id":"https:\/\/www.ghostysky.com\/product\/dji-d-rtk-3-survey-pole-and-tripod-kit\/","url":"https:\/\/www.ghostysky.com\/product\/dji-d-rtk-3-survey-pole-and-tripod-kit\/","name":"Kit de perche d&#039;arpentage et tr\u00e9pied DJI D-RTK 3 - Ghostysky","isPartOf":{"@id":"https:\/\/www.ghostysky.com\/#website"},"primaryImageOfPage":{"@id":"https:\/\/www.ghostysky.com\/product\/dji-d-rtk-3-survey-pole-and-tripod-kit\/#primaryimage"},"image":{"@id":"https:\/\/www.ghostysky.com\/product\/dji-d-rtk-3-survey-pole-and-tripod-kit\/#primaryimage"},"thumbnailUrl":"https:\/\/www.ghostysky.com\/wp-content\/uploads\/2025\/10\/GH_DJI-D-RTK-3-Survey-Pole-and-Tripod-Kit_3.jpg","datePublished":"2025-10-17T16:28:00+00:00","dateModified":"2025-10-18T04:09:39+00:00","description":"Le kit de perche d&#039;arpentage et de tr\u00e9pied DJI D-RTK 3 est un accessoire essentiel con\u00e7u pour les professionnels qui exigent une pr\u00e9cision au centim\u00e8tre pr\u00e8s dans leurs applications d&#039;arpentage et de cartographie par drone.","breadcrumb":{"@id":"https:\/\/www.ghostysky.com\/product\/dji-d-rtk-3-survey-pole-and-tripod-kit\/#breadcrumb"},"inLanguage":"fr-FR","potentialAction":[{"@type":"ReadAction","target":["https:\/\/www.ghostysky.com\/product\/dji-d-rtk-3-survey-pole-and-tripod-kit\/"]}]},{"@type":"ImageObject","inLanguage":"fr-FR","@id":"https:\/\/www.ghostysky.com\/product\/dji-d-rtk-3-survey-pole-and-tripod-kit\/#primaryimage","url":"https:\/\/www.ghostysky.com\/wp-content\/uploads\/2025\/10\/GH_DJI-D-RTK-3-Survey-Pole-and-Tripod-Kit_3.jpg","contentUrl":"https:\/\/www.ghostysky.com\/wp-content\/uploads\/2025\/10\/GH_DJI-D-RTK-3-Survey-Pole-and-Tripod-Kit_3.jpg","width":800,"height":800},{"@type":"BreadcrumbList","@id":"https:\/\/www.ghostysky.com\/product\/dji-d-rtk-3-survey-pole-and-tripod-kit\/#breadcrumb","itemListElement":[{"@type":"ListItem","position":1,"name":"Home","item":"https:\/\/www.ghostysky.com\/"},{"@type":"ListItem","position":2,"name":"Shop","item":"https:\/\/www.ghostysky.com\/shop\/"},{"@type":"ListItem","position":3,"name":"DJI D-RTK 3 Survey Pole and Tripod Kit"}]},{"@type":"WebSite","@id":"https:\/\/www.ghostysky.com\/#website","url":"https:\/\/www.ghostysky.com\/","name":"Ghostysky","description":"Livraison de drones et de services professionnels","publisher":{"@id":"https:\/\/www.ghostysky.com\/#organization"},"potentialAction":[{"@type":"SearchAction","target":{"@type":"EntryPoint","urlTemplate":"https:\/\/www.ghostysky.com\/?s={search_term_string}"},"query-input":{"@type":"PropertyValueSpecification","valueRequired":true,"valueName":"search_term_string"}}],"inLanguage":"fr-FR"},{"@type":"Organization","@id":"https:\/\/www.ghostysky.com\/#organization","name":"Ghostysky","url":"https:\/\/www.ghostysky.com\/","logo":{"@type":"ImageObject","inLanguage":"fr-FR","@id":"https:\/\/www.ghostysky.com\/#\/schema\/logo\/image\/","url":"https:\/\/www.ghostysky.com\/wp-content\/uploads\/2020\/06\/cropped-ghostyskylogo_text_white2.png","contentUrl":"https:\/\/www.ghostysky.com\/wp-content\/uploads\/2020\/06\/cropped-ghostyskylogo_text_white2.png","width":169,"height":56,"caption":"Ghostysky"},"image":{"@id":"https:\/\/www.ghostysky.com\/#\/schema\/logo\/image\/"},"sameAs":["https:\/\/www.facebook.com\/people\/Ghostysky\/100057676170234\/","https:\/\/x.com\/Gh0stysky","https:\/\/www.linkedin.com\/company\/34739653","https:\/\/www.instagram.com\/gh0stysky"]}]}},"_links":{"self":[{"href":"https:\/\/www.ghostysky.com\/fr\/wp-json\/wp\/v2\/product\/21793","targetHints":{"allow":["GET"]}}],"collection":[{"href":"https:\/\/www.ghostysky.com\/fr\/wp-json\/wp\/v2\/product"}],"about":[{"href":"https:\/\/www.ghostysky.com\/fr\/wp-json\/wp\/v2\/types\/product"}],"replies":[{"embeddable":true,"href":"https:\/\/www.ghostysky.com\/fr\/wp-json\/wp\/v2\/comments?post=21793"}],"version-history":[{"count":0,"href":"https:\/\/www.ghostysky.com\/fr\/wp-json\/wp\/v2\/product\/21793\/revisions"}],"wp:featuredmedia":[{"embeddable":true,"href":"https:\/\/www.ghostysky.com\/fr\/wp-json\/wp\/v2\/media\/21794"}],"wp:attachment":[{"href":"https:\/\/www.ghostysky.com\/fr\/wp-json\/wp\/v2\/media?parent=21793"}],"wp:term":[{"taxonomy":"product_brand","embeddable":true,"href":"https:\/\/www.ghostysky.com\/fr\/wp-json\/wp\/v2\/product_brand?post=21793"},{"taxonomy":"product_cat","embeddable":true,"href":"https:\/\/www.ghostysky.com\/fr\/wp-json\/wp\/v2\/product_cat?post=21793"},{"taxonomy":"product_tag","embeddable":true,"href":"https:\/\/www.ghostysky.com\/fr\/wp-json\/wp\/v2\/product_tag?post=21793"}],"curies":[{"name":"wp","href":"https:\/\/api.w.org\/{rel}","templated":true}]}}