{"id":21795,"date":"2025-10-17T16:33:03","date_gmt":"2025-10-17T16:33:03","guid":{"rendered":"https:\/\/www.ghostysky.com\/?post_type=product&#038;p=21795"},"modified":"2025-10-17T16:35:34","modified_gmt":"2025-10-17T16:35:34","slug":"dji-maintenance-program-basic-service-dji-matrice-4t-eu","status":"publish","type":"product","link":"https:\/\/www.ghostysky.com\/fr\/product\/dji-maintenance-program-basic-service-dji-matrice-4t-eu\/","title":{"rendered":"Service de base du programme de maintenance DJI (DJI Matrice 4T) UE"},"content":{"rendered":"<div id=\"model-response-message-contentr_8ca688bebcf3e727\" class=\"markdown markdown-main-panel stronger enable-updated-hr-color\" dir=\"ltr\">\n<h3><b>Principales caract\u00e9ristiques du service de base<\/b><\/h3>\n<ul>\n<li><b>Nettoyage en profondeur :<\/b><span class=\"citation-1344 citation-end-1344\"> \u00c9limination compl\u00e8te de la poussi\u00e8re, du sable et des d\u00e9bris pour \u00e9viter la surchauffe et les interf\u00e9rences des composants internes, essentielles pour maintenir des performances optimales.<\/span><\/li>\n<li><b><span class=\"citation-1343\">Inspection des pi\u00e8ces :<\/span><\/b><span class=\"citation-1343 citation-end-1343\"> Une v\u00e9rification compl\u00e8te des composants critiques, notamment les moteurs, les h\u00e9lices, le cardan, le syst\u00e8me de transmission, les capteurs et le module GPS, pour garantir que tout fonctionne correctement.<\/span><\/li>\n<li><b><span class=\"citation-1342\">Mise \u00e0 jour et \u00e9talonnage :<\/span><\/b><span class=\"citation-1342 citation-end-1342\"> Installation du dernier firmware officiel et calibrage pr\u00e9cis des capteurs cl\u00e9s (IMU, boussole, cardan, barom\u00e8tre) pour garantir la stabilit\u00e9 du vol, la pr\u00e9cision et l&#039;acc\u00e8s aux nouvelles fonctionnalit\u00e9s.<\/span><\/li>\n<li><b><span class=\"citation-1341\">Rapport de maintenance officiel :<\/span><\/b><span class=\"citation-1341 citation-end-1341\"> Recevez un enregistrement d\u00e9taill\u00e9 de l\u2019\u00e9tat du syst\u00e8me, des r\u00e9sultats d\u2019inspection et des actions de service effectu\u00e9es, fournissant une documentation pr\u00e9cieuse pour vos op\u00e9rations.<\/span>\n<div class=\"source-inline-chip-container ng-star-inserted\"><\/div>\n<\/li>\n<\/ul>\n<h4><b>Comment \u00e7a marche (UE)<\/b><\/h4>\n<p><span class=\"citation-1340 citation-end-1340\">Lors de l&#039;achat, vous recevrez g\u00e9n\u00e9ralement un code \u00e0 utiliser sur le site Web DJI, qui fournit une \u00e9tiquette d&#039;affranchissement pr\u00e9pay\u00e9e, vous permettant d&#039;exp\u00e9dier votre Matrice 4T \u00e0 un atelier DJI officiel en Europe sans frais suppl\u00e9mentaires.<\/span><\/p>\n<p><b>Veuillez noter:<\/b><span class=\"citation-1339 citation-end-1339\"> Le service de base se concentre sur l\u2019inspection, le nettoyage et l\u2019\u00e9talonnage.<\/span> <span class=\"citation-1338\">Il <\/span><b><span class=\"citation-1338\">ne fait pas<\/span><\/b><span class=\"citation-1338 citation-end-1338\"> comprennent le remplacement automatique de pi\u00e8ces facilement us\u00e9es (telles que des h\u00e9lices ou des vis) ou de composants essentiels (tels que des moteurs ou des bras).<\/span> Pour ces remplacements, pensez aux programmes de maintenance Standard ou Premium.<\/p>\n<\/div>","protected":false},"excerpt":{"rendered":"<p>Maximisez la fiabilit\u00e9 et les performances de votre DJI Matrice 4T avec le <b>Service de base du programme de maintenance DJI (UE)<\/b>.<\/p>\n<p><span class=\"citation-1345 citation-end-1345\">Con\u00e7u sp\u00e9cifiquement pour les avions DJI Enterprise, ce service pr\u00e9ventif essentiel garantit que votre Matrice 4T reste en parfait \u00e9tat de fonctionnement, r\u00e9duisant ainsi le risque de temps d&#039;arr\u00eat et garantissant la s\u00e9curit\u00e9 des vols.<\/span><\/p>","protected":false},"featured_media":21791,"comment_status":"open","ping_status":"closed","template":"","meta":[],"product_brand":[1031],"product_cat":[37,1119,29,1117],"product_tag":[42,1123,1120],"class_list":{"0":"post-21795","1":"product","2":"type-product","3":"status-publish","4":"has-post-thumbnail","6":"product_brand-dji","7":"product_cat-dji","8":"product_cat-dji-matrice-4-accessories","9":"product_cat-drones","10":"product_cat-matrice-4","11":"product_tag-dji","12":"product_tag-dji-matrice-4-accessories","13":"product_tag-dji-matrice-4-series","15":"first","16":"instock","17":"taxable","18":"shipping-taxable","19":"purchasable","20":"product-type-simple"},"yoast_head":"<!-- This site is optimized with the Yoast SEO plugin v27.1.1 - https:\/\/yoast.com\/product\/yoast-seo-wordpress\/ -->\n<title>DJI Maintenance Program Basic Service (DJI Matrice 4T) EU - Ghostysky<\/title>\n<meta name=\"description\" content=\"Maximize the reliability and performance of your DJI Matrice 4T with the official DJI Maintenance Program Basic Service (EU).Designed specifically for DJI Enterprise aircraft, this essential preventive service ensures your Matrice 4T stays in top operational condition, reducing the risk of downtime and ensuring flight safety.\" \/>\n<meta name=\"robots\" content=\"index, follow, max-snippet:-1, max-image-preview:large, max-video-preview:-1\" \/>\n<link rel=\"canonical\" href=\"https:\/\/www.ghostysky.com\/fr\/product\/dji-maintenance-program-basic-service-dji-matrice-4t-eu\/\" \/>\n<meta property=\"og:locale\" content=\"fr_FR\" \/>\n<meta property=\"og:type\" content=\"article\" \/>\n<meta property=\"og:title\" content=\"DJI Maintenance Program Basic Service (DJI Matrice 4T) EU - Ghostysky\" \/>\n<meta property=\"og:description\" content=\"Maximize the reliability and performance of your DJI Matrice 4T with the official DJI Maintenance Program Basic Service (EU).Designed specifically for DJI Enterprise aircraft, this essential preventive service ensures your Matrice 4T stays in top operational condition, reducing the risk of downtime and ensuring flight safety.\" \/>\n<meta property=\"og:url\" content=\"https:\/\/www.ghostysky.com\/fr\/product\/dji-maintenance-program-basic-service-dji-matrice-4t-eu\/\" \/>\n<meta property=\"og:site_name\" content=\"Ghostysky\" \/>\n<meta property=\"article:publisher\" content=\"https:\/\/www.facebook.com\/people\/Ghostysky\/100057676170234\/\" \/>\n<meta property=\"article:modified_time\" content=\"2025-10-17T16:35:34+00:00\" \/>\n<meta property=\"og:image\" content=\"https:\/\/www.ghostysky.com\/wp-content\/uploads\/2025\/10\/GH_DJI-Maintenance-Program-Standard-Service-DJI-Matrice-4E-EU_3.jpg\" \/>\n\t<meta property=\"og:image:width\" content=\"800\" \/>\n\t<meta property=\"og:image:height\" content=\"800\" \/>\n\t<meta property=\"og:image:type\" content=\"image\/jpeg\" \/>\n<meta name=\"twitter:card\" content=\"summary_large_image\" \/>\n<meta name=\"twitter:site\" content=\"@Gh0stysky\" \/>\n<meta name=\"twitter:label1\" content=\"Dur\u00e9e de lecture estim\u00e9e\" \/>\n\t<meta name=\"twitter:data1\" content=\"2 minutes\" \/>\n<script type=\"application\/ld+json\" class=\"yoast-schema-graph\">{\"@context\":\"https:\/\/schema.org\",\"@graph\":[{\"@type\":\"WebPage\",\"@id\":\"https:\/\/www.ghostysky.com\/product\/dji-maintenance-program-basic-service-dji-matrice-4t-eu\/\",\"url\":\"https:\/\/www.ghostysky.com\/product\/dji-maintenance-program-basic-service-dji-matrice-4t-eu\/\",\"name\":\"DJI Maintenance Program Basic Service (DJI Matrice 4T) EU - Ghostysky\",\"isPartOf\":{\"@id\":\"https:\/\/www.ghostysky.com\/#website\"},\"primaryImageOfPage\":{\"@id\":\"https:\/\/www.ghostysky.com\/product\/dji-maintenance-program-basic-service-dji-matrice-4t-eu\/#primaryimage\"},\"image\":{\"@id\":\"https:\/\/www.ghostysky.com\/product\/dji-maintenance-program-basic-service-dji-matrice-4t-eu\/#primaryimage\"},\"thumbnailUrl\":\"https:\/\/www.ghostysky.com\/wp-content\/uploads\/2025\/10\/GH_DJI-Maintenance-Program-Standard-Service-DJI-Matrice-4E-EU_3.jpg\",\"datePublished\":\"2025-10-17T16:33:03+00:00\",\"dateModified\":\"2025-10-17T16:35:34+00:00\",\"description\":\"Maximize the reliability and performance of your DJI Matrice 4T with the official DJI Maintenance Program Basic Service (EU).Designed specifically for DJI Enterprise aircraft, this essential preventive service ensures your Matrice 4T stays in top operational condition, reducing the risk of downtime and ensuring flight safety.\",\"breadcrumb\":{\"@id\":\"https:\/\/www.ghostysky.com\/product\/dji-maintenance-program-basic-service-dji-matrice-4t-eu\/#breadcrumb\"},\"inLanguage\":\"fr-FR\",\"potentialAction\":[{\"@type\":\"ReadAction\",\"target\":[\"https:\/\/www.ghostysky.com\/product\/dji-maintenance-program-basic-service-dji-matrice-4t-eu\/\"]}]},{\"@type\":\"ImageObject\",\"inLanguage\":\"fr-FR\",\"@id\":\"https:\/\/www.ghostysky.com\/product\/dji-maintenance-program-basic-service-dji-matrice-4t-eu\/#primaryimage\",\"url\":\"https:\/\/www.ghostysky.com\/wp-content\/uploads\/2025\/10\/GH_DJI-Maintenance-Program-Standard-Service-DJI-Matrice-4E-EU_3.jpg\",\"contentUrl\":\"https:\/\/www.ghostysky.com\/wp-content\/uploads\/2025\/10\/GH_DJI-Maintenance-Program-Standard-Service-DJI-Matrice-4E-EU_3.jpg\",\"width\":800,\"height\":800},{\"@type\":\"BreadcrumbList\",\"@id\":\"https:\/\/www.ghostysky.com\/product\/dji-maintenance-program-basic-service-dji-matrice-4t-eu\/#breadcrumb\",\"itemListElement\":[{\"@type\":\"ListItem\",\"position\":1,\"name\":\"Home\",\"item\":\"https:\/\/www.ghostysky.com\/\"},{\"@type\":\"ListItem\",\"position\":2,\"name\":\"Shop\",\"item\":\"https:\/\/www.ghostysky.com\/shop\/\"},{\"@type\":\"ListItem\",\"position\":3,\"name\":\"DJI Maintenance Program Basic Service (DJI Matrice 4T) EU\"}]},{\"@type\":\"WebSite\",\"@id\":\"https:\/\/www.ghostysky.com\/#website\",\"url\":\"https:\/\/www.ghostysky.com\/\",\"name\":\"Ghostysky\",\"description\":\"Delivering professional drones and services\",\"publisher\":{\"@id\":\"https:\/\/www.ghostysky.com\/#organization\"},\"potentialAction\":[{\"@type\":\"SearchAction\",\"target\":{\"@type\":\"EntryPoint\",\"urlTemplate\":\"https:\/\/www.ghostysky.com\/?s={search_term_string}\"},\"query-input\":{\"@type\":\"PropertyValueSpecification\",\"valueRequired\":true,\"valueName\":\"search_term_string\"}}],\"inLanguage\":\"fr-FR\"},{\"@type\":\"Organization\",\"@id\":\"https:\/\/www.ghostysky.com\/#organization\",\"name\":\"Ghostysky\",\"url\":\"https:\/\/www.ghostysky.com\/\",\"logo\":{\"@type\":\"ImageObject\",\"inLanguage\":\"fr-FR\",\"@id\":\"https:\/\/www.ghostysky.com\/#\/schema\/logo\/image\/\",\"url\":\"https:\/\/www.ghostysky.com\/wp-content\/uploads\/2020\/06\/cropped-ghostyskylogo_text_white2.png\",\"contentUrl\":\"https:\/\/www.ghostysky.com\/wp-content\/uploads\/2020\/06\/cropped-ghostyskylogo_text_white2.png\",\"width\":169,\"height\":56,\"caption\":\"Ghostysky\"},\"image\":{\"@id\":\"https:\/\/www.ghostysky.com\/#\/schema\/logo\/image\/\"},\"sameAs\":[\"https:\/\/www.facebook.com\/people\/Ghostysky\/100057676170234\/\",\"https:\/\/x.com\/Gh0stysky\",\"https:\/\/www.linkedin.com\/company\/34739653\",\"https:\/\/www.instagram.com\/gh0stysky\"]}]}<\/script>\n<!-- \/ Yoast SEO plugin. -->","yoast_head_json":{"title":"Service de base du programme de maintenance DJI (DJI Matrice 4T) UE - Ghostysky","description":"Optimisez la fiabilit\u00e9 et les performances de votre DJI Matrice 4T avec le service de base officiel du programme de maintenance DJI (UE). Con\u00e7u sp\u00e9cifiquement pour les avions DJI Enterprise, ce service pr\u00e9ventif essentiel garantit que votre Matrice 4T reste en parfait \u00e9tat de fonctionnement, r\u00e9duisant ainsi le risque de temps d&#039;arr\u00eat et garantissant la s\u00e9curit\u00e9 des vols.","robots":{"index":"index","follow":"follow","max-snippet":"max-snippet:-1","max-image-preview":"max-image-preview:large","max-video-preview":"max-video-preview:-1"},"canonical":"https:\/\/www.ghostysky.com\/fr\/product\/dji-maintenance-program-basic-service-dji-matrice-4t-eu\/","og_locale":"fr_FR","og_type":"article","og_title":"DJI Maintenance Program Basic Service (DJI Matrice 4T) EU - Ghostysky","og_description":"Maximize the reliability and performance of your DJI Matrice 4T with the official DJI Maintenance Program Basic Service (EU).Designed specifically for DJI Enterprise aircraft, this essential preventive service ensures your Matrice 4T stays in top operational condition, reducing the risk of downtime and ensuring flight safety.","og_url":"https:\/\/www.ghostysky.com\/fr\/product\/dji-maintenance-program-basic-service-dji-matrice-4t-eu\/","og_site_name":"Ghostysky","article_publisher":"https:\/\/www.facebook.com\/people\/Ghostysky\/100057676170234\/","article_modified_time":"2025-10-17T16:35:34+00:00","og_image":[{"width":800,"height":800,"url":"https:\/\/www.ghostysky.com\/wp-content\/uploads\/2025\/10\/GH_DJI-Maintenance-Program-Standard-Service-DJI-Matrice-4E-EU_3.jpg","type":"image\/jpeg"}],"twitter_card":"summary_large_image","twitter_site":"@Gh0stysky","twitter_misc":{"Dur\u00e9e de lecture estim\u00e9e":"2 minutes"},"schema":{"@context":"https:\/\/schema.org","@graph":[{"@type":"WebPage","@id":"https:\/\/www.ghostysky.com\/product\/dji-maintenance-program-basic-service-dji-matrice-4t-eu\/","url":"https:\/\/www.ghostysky.com\/product\/dji-maintenance-program-basic-service-dji-matrice-4t-eu\/","name":"Service de base du programme de maintenance DJI (DJI Matrice 4T) UE - Ghostysky","isPartOf":{"@id":"https:\/\/www.ghostysky.com\/#website"},"primaryImageOfPage":{"@id":"https:\/\/www.ghostysky.com\/product\/dji-maintenance-program-basic-service-dji-matrice-4t-eu\/#primaryimage"},"image":{"@id":"https:\/\/www.ghostysky.com\/product\/dji-maintenance-program-basic-service-dji-matrice-4t-eu\/#primaryimage"},"thumbnailUrl":"https:\/\/www.ghostysky.com\/wp-content\/uploads\/2025\/10\/GH_DJI-Maintenance-Program-Standard-Service-DJI-Matrice-4E-EU_3.jpg","datePublished":"2025-10-17T16:33:03+00:00","dateModified":"2025-10-17T16:35:34+00:00","description":"Optimisez la fiabilit\u00e9 et les performances de votre DJI Matrice 4T avec le service de base officiel du programme de maintenance DJI (UE). Con\u00e7u sp\u00e9cifiquement pour les avions DJI Enterprise, ce service pr\u00e9ventif essentiel garantit que votre Matrice 4T reste en parfait \u00e9tat de fonctionnement, r\u00e9duisant ainsi le risque de temps d&#039;arr\u00eat et garantissant la s\u00e9curit\u00e9 des vols.","breadcrumb":{"@id":"https:\/\/www.ghostysky.com\/product\/dji-maintenance-program-basic-service-dji-matrice-4t-eu\/#breadcrumb"},"inLanguage":"fr-FR","potentialAction":[{"@type":"ReadAction","target":["https:\/\/www.ghostysky.com\/product\/dji-maintenance-program-basic-service-dji-matrice-4t-eu\/"]}]},{"@type":"ImageObject","inLanguage":"fr-FR","@id":"https:\/\/www.ghostysky.com\/product\/dji-maintenance-program-basic-service-dji-matrice-4t-eu\/#primaryimage","url":"https:\/\/www.ghostysky.com\/wp-content\/uploads\/2025\/10\/GH_DJI-Maintenance-Program-Standard-Service-DJI-Matrice-4E-EU_3.jpg","contentUrl":"https:\/\/www.ghostysky.com\/wp-content\/uploads\/2025\/10\/GH_DJI-Maintenance-Program-Standard-Service-DJI-Matrice-4E-EU_3.jpg","width":800,"height":800},{"@type":"BreadcrumbList","@id":"https:\/\/www.ghostysky.com\/product\/dji-maintenance-program-basic-service-dji-matrice-4t-eu\/#breadcrumb","itemListElement":[{"@type":"ListItem","position":1,"name":"Home","item":"https:\/\/www.ghostysky.com\/"},{"@type":"ListItem","position":2,"name":"Shop","item":"https:\/\/www.ghostysky.com\/shop\/"},{"@type":"ListItem","position":3,"name":"DJI Maintenance Program Basic Service (DJI Matrice 4T) EU"}]},{"@type":"WebSite","@id":"https:\/\/www.ghostysky.com\/#website","url":"https:\/\/www.ghostysky.com\/","name":"Ghostysky","description":"Livraison de drones et de services professionnels","publisher":{"@id":"https:\/\/www.ghostysky.com\/#organization"},"potentialAction":[{"@type":"SearchAction","target":{"@type":"EntryPoint","urlTemplate":"https:\/\/www.ghostysky.com\/?s={search_term_string}"},"query-input":{"@type":"PropertyValueSpecification","valueRequired":true,"valueName":"search_term_string"}}],"inLanguage":"fr-FR"},{"@type":"Organization","@id":"https:\/\/www.ghostysky.com\/#organization","name":"Ghostysky","url":"https:\/\/www.ghostysky.com\/","logo":{"@type":"ImageObject","inLanguage":"fr-FR","@id":"https:\/\/www.ghostysky.com\/#\/schema\/logo\/image\/","url":"https:\/\/www.ghostysky.com\/wp-content\/uploads\/2020\/06\/cropped-ghostyskylogo_text_white2.png","contentUrl":"https:\/\/www.ghostysky.com\/wp-content\/uploads\/2020\/06\/cropped-ghostyskylogo_text_white2.png","width":169,"height":56,"caption":"Ghostysky"},"image":{"@id":"https:\/\/www.ghostysky.com\/#\/schema\/logo\/image\/"},"sameAs":["https:\/\/www.facebook.com\/people\/Ghostysky\/100057676170234\/","https:\/\/x.com\/Gh0stysky","https:\/\/www.linkedin.com\/company\/34739653","https:\/\/www.instagram.com\/gh0stysky"]}]}},"_links":{"self":[{"href":"https:\/\/www.ghostysky.com\/fr\/wp-json\/wp\/v2\/product\/21795","targetHints":{"allow":["GET"]}}],"collection":[{"href":"https:\/\/www.ghostysky.com\/fr\/wp-json\/wp\/v2\/product"}],"about":[{"href":"https:\/\/www.ghostysky.com\/fr\/wp-json\/wp\/v2\/types\/product"}],"replies":[{"embeddable":true,"href":"https:\/\/www.ghostysky.com\/fr\/wp-json\/wp\/v2\/comments?post=21795"}],"wp:featuredmedia":[{"embeddable":true,"href":"https:\/\/www.ghostysky.com\/fr\/wp-json\/wp\/v2\/media\/21791"}],"wp:attachment":[{"href":"https:\/\/www.ghostysky.com\/fr\/wp-json\/wp\/v2\/media?parent=21795"}],"wp:term":[{"taxonomy":"product_brand","embeddable":true,"href":"https:\/\/www.ghostysky.com\/fr\/wp-json\/wp\/v2\/product_brand?post=21795"},{"taxonomy":"product_cat","embeddable":true,"href":"https:\/\/www.ghostysky.com\/fr\/wp-json\/wp\/v2\/product_cat?post=21795"},{"taxonomy":"product_tag","embeddable":true,"href":"https:\/\/www.ghostysky.com\/fr\/wp-json\/wp\/v2\/product_tag?post=21795"}],"curies":[{"name":"wp","href":"https:\/\/api.w.org\/{rel}","templated":true}]}}