{"id":21796,"date":"2025-10-17T16:36:15","date_gmt":"2025-10-17T16:36:15","guid":{"rendered":"https:\/\/www.ghostysky.com\/?post_type=product&#038;p=21796"},"modified":"2025-10-17T16:38:52","modified_gmt":"2025-10-17T16:38:52","slug":"dji-maintenance-program-basic-service-dji-matrice-4e-eu","status":"publish","type":"product","link":"https:\/\/www.ghostysky.com\/fr\/product\/dji-maintenance-program-basic-service-dji-matrice-4e-eu\/","title":{"rendered":"Service de base du programme de maintenance DJI (DJI Matrice 4E) UE"},"content":{"rendered":"<div id=\"model-response-message-contentr_8ca688bebcf3e727\" class=\"markdown markdown-main-panel stronger enable-updated-hr-color\" dir=\"ltr\">\n<h3><b>Principales caract\u00e9ristiques du service de base<\/b><\/h3>\n<ul>\n<li><b>Nettoyage en profondeur :<\/b><span class=\"citation-1369 citation-end-1369\"> Un processus de nettoyage m\u00e9ticuleux pour \u00e9liminer la poussi\u00e8re, le sable et les d\u00e9bris des syst\u00e8mes de refroidissement et des composants internes de l&#039;avion, garantissant une circulation d&#039;air ad\u00e9quate et prot\u00e9geant les composants \u00e9lectroniques sensibles.<\/span><\/li>\n<li><b><span class=\"citation-1368\">Inspection des pi\u00e8ces :<\/span><\/b><span class=\"citation-1368 citation-end-1368\"> Un contr\u00f4le fonctionnel approfondi et une inspection visuelle des composants critiques, notamment les moteurs, les h\u00e9lices, le cardan, le syst\u00e8me de transmission, les capteurs et l&#039;int\u00e9grit\u00e9 structurelle, pour identifier les probl\u00e8mes potentiels d\u00e8s le d\u00e9but.<\/span><\/li>\n<li><b><span class=\"citation-1367\">Mise \u00e0 jour et \u00e9talonnage du micrologiciel\u00a0:<\/span><\/b><span class=\"citation-1367 citation-end-1367\"> Installation des derni\u00e8res mises \u00e0 jour officielles du firmware pour garantir des performances optimales et une s\u00e9curit\u00e9 de vol am\u00e9lior\u00e9e.<\/span> <span class=\"citation-1366 citation-end-1366\">Ceci est associ\u00e9 \u00e0 un \u00e9talonnage pr\u00e9cis de l&#039;IMU, de la boussole, du cardan et du barom\u00e8tre pour une stabilit\u00e9 et une pr\u00e9cision de vol maximales.<\/span>\n<div class=\"source-inline-chip-container ng-star-inserted\"><\/div>\n<\/li>\n<li><b>Rapport de maintenance officiel :<\/b><span class=\"citation-1365 citation-end-1365\"> Une fois le service termin\u00e9, vous recevrez un rapport de maintenance officiel d\u00e9taill\u00e9 de DJI, documentant l&#039;\u00e9tat du syst\u00e8me, les r\u00e9sultats de l&#039;inspection et toutes les actions de service effectu\u00e9es, fournissant un enregistrement pr\u00e9cieux pour vos op\u00e9rations.<\/span>\n<div class=\"source-inline-chip-container ng-star-inserted\"><\/div>\n<\/li>\n<\/ul>\n<h4><b>Comment cela fonctionne (r\u00e9gion de l&#039;UE)<\/b><\/h4>\n<ol start=\"1\">\n<li><b>Achat:<\/b><span class=\"citation-1364 citation-end-1364\"> Achetez le code de service de base du programme de maintenance DJI.<\/span><\/li>\n<li><b><span class=\"citation-1363\">Racheter:<\/span><\/b><span class=\"citation-1363 citation-end-1363\"> Utilisez le code sur la plateforme officielle DJI lorsque votre avion n\u00e9cessite une r\u00e9paration.<\/span><\/li>\n<li><b><span class=\"citation-1362\">Bateau:<\/span><\/b><span class=\"citation-1362 citation-end-1362\"> Envoyez votre Matrice 4E au centre de service DJI d\u00e9sign\u00e9 dans l&#039;UE \u00e0 l&#039;aide d&#039;une \u00e9tiquette d&#039;exp\u00e9dition pr\u00e9pay\u00e9e fournie (retour gratuit g\u00e9n\u00e9ralement inclus).<\/span><\/li>\n<li><b><span class=\"citation-1361\">Recevoir:<\/span><\/b><span class=\"citation-1361 citation-end-1361\"> Recevez votre drone entretenu, nettoy\u00e9 et calibr\u00e9 par des professionnels, pr\u00eat pour des vols plus s\u00fbrs et plus efficaces.<\/span>\n<div class=\"source-inline-chip-container ng-star-inserted\"><\/div>\n<\/li>\n<\/ol>\n<p>Ce service est un investissement crucial pour les organisations qui s&#039;appuient sur le Matrice 4E pour l&#039;arpentage, la cartographie, l&#039;inspection et d&#039;autres applications d&#039;entreprise, garantissant que le drone fonctionne toujours de mani\u00e8re s\u00fbre et efficace.<\/p>\n<hr \/>\n<p><b>Veuillez noter:<\/b><span class=\"citation-1360 citation-end-1360 interactive-span-hovered\"> Le service de base se concentre sur l\u2019inspection, le nettoyage et l\u2019\u00e9talonnage.<\/span> <span class=\"citation-1359\">Il <\/span><b><span class=\"citation-1359\">ne fait pas<\/span><\/b><span class=\"citation-1359 citation-end-1359\"> comprennent g\u00e9n\u00e9ralement le remplacement automatique des pi\u00e8ces facilement us\u00e9es (comme les h\u00e9lices, les vis ou les plateformes d&#039;atterrissage) ou des composants principaux (comme les bras ou les moteurs) - ceux-ci sont g\u00e9n\u00e9ralement couverts par les niveaux de service Standard ou Premium, ou peuvent \u00eatre r\u00e9par\u00e9s\/remplac\u00e9s moyennant un co\u00fbt suppl\u00e9mentaire si des dommages sont constat\u00e9s en dehors du champ d&#039;application du service de base.<\/span><\/p>\n<\/div>","protected":false},"excerpt":{"rendered":"<p><span class=\"citation-1371\">Le <\/span><b><span class=\"citation-1371\">Programme de maintenance DJI\u00a0: service de base pour le Matrice 4E (UE)<\/span><\/b><span class=\"citation-1371 citation-end-1371\"> est un plan de service essentiel con\u00e7u pour garantir que votre drone professionnel DJI Matrice 4E conserve des performances et une fiabilit\u00e9 optimales tout au long de sa dur\u00e9e de vie op\u00e9rationnelle.<\/span> Con\u00e7u sur mesure pour les utilisateurs de l&#039;Union europ\u00e9enne, ce programme offre un contr\u00f4le complet directement aupr\u00e8s des experts de DJI.<\/p>\n<p><span class=\"citation-1370 citation-end-1370\">Ce service de base est recommand\u00e9 pour un entretien r\u00e9gulier, compensant l&#039;usure due \u00e0 l&#039;utilisation quotidienne et \u00e0 l&#039;environnement d&#039;exploitation pour aider \u00e0 pr\u00e9venir les probl\u00e8mes inattendus et les temps d&#039;arr\u00eat inutiles.<\/span><\/p>","protected":false},"featured_media":21791,"comment_status":"open","ping_status":"closed","template":"","meta":[],"product_brand":[1031],"product_cat":[37,1119,29,1117],"product_tag":[42,1123,1120],"class_list":{"0":"post-21796","1":"product","2":"type-product","3":"status-publish","4":"has-post-thumbnail","6":"product_brand-dji","7":"product_cat-dji","8":"product_cat-dji-matrice-4-accessories","9":"product_cat-drones","10":"product_cat-matrice-4","11":"product_tag-dji","12":"product_tag-dji-matrice-4-accessories","13":"product_tag-dji-matrice-4-series","15":"first","16":"instock","17":"taxable","18":"shipping-taxable","19":"purchasable","20":"product-type-simple"},"yoast_head":"<!-- This site is optimized with the Yoast SEO plugin v27.1.1 - https:\/\/yoast.com\/product\/yoast-seo-wordpress\/ -->\n<title>DJI Maintenance Program Basic Service (DJI Matrice 4E) EU - Ghostysky<\/title>\n<meta name=\"description\" content=\"The DJI Maintenance Program Basic Service for the Matrice 4E (EU) is an essential service plan designed to ensure your professional DJI Matrice 4E drone maintains peak performance and reliability throughout its operational life. Tailored for users in the European Union, this program offers a comprehensive check-up directly from DJI&#039;s experts.This Basic Service is recommended for regular upkeep, counteracting the wear and tear from everyday use and the operating environment to help prevent unexpected issues and unnecessary downtime.\" \/>\n<meta name=\"robots\" content=\"index, follow, max-snippet:-1, max-image-preview:large, max-video-preview:-1\" \/>\n<link rel=\"canonical\" href=\"https:\/\/www.ghostysky.com\/fr\/product\/dji-maintenance-program-basic-service-dji-matrice-4e-eu\/\" \/>\n<meta property=\"og:locale\" content=\"fr_FR\" \/>\n<meta property=\"og:type\" content=\"article\" \/>\n<meta property=\"og:title\" content=\"DJI Maintenance Program Basic Service (DJI Matrice 4E) EU - Ghostysky\" \/>\n<meta property=\"og:description\" content=\"The DJI Maintenance Program Basic Service for the Matrice 4E (EU) is an essential service plan designed to ensure your professional DJI Matrice 4E drone maintains peak performance and reliability throughout its operational life. Tailored for users in the European Union, this program offers a comprehensive check-up directly from DJI&#039;s experts.This Basic Service is recommended for regular upkeep, counteracting the wear and tear from everyday use and the operating environment to help prevent unexpected issues and unnecessary downtime.\" \/>\n<meta property=\"og:url\" content=\"https:\/\/www.ghostysky.com\/fr\/product\/dji-maintenance-program-basic-service-dji-matrice-4e-eu\/\" \/>\n<meta property=\"og:site_name\" content=\"Ghostysky\" \/>\n<meta property=\"article:publisher\" content=\"https:\/\/www.facebook.com\/people\/Ghostysky\/100057676170234\/\" \/>\n<meta property=\"article:modified_time\" content=\"2025-10-17T16:38:52+00:00\" \/>\n<meta property=\"og:image\" content=\"https:\/\/www.ghostysky.com\/wp-content\/uploads\/2025\/10\/GH_DJI-Maintenance-Program-Standard-Service-DJI-Matrice-4E-EU_3.jpg\" \/>\n\t<meta property=\"og:image:width\" content=\"800\" \/>\n\t<meta property=\"og:image:height\" content=\"800\" \/>\n\t<meta property=\"og:image:type\" content=\"image\/jpeg\" \/>\n<meta name=\"twitter:card\" content=\"summary_large_image\" \/>\n<meta name=\"twitter:site\" content=\"@Gh0stysky\" \/>\n<meta name=\"twitter:label1\" content=\"Dur\u00e9e de lecture estim\u00e9e\" \/>\n\t<meta name=\"twitter:data1\" content=\"2 minutes\" \/>\n<script type=\"application\/ld+json\" class=\"yoast-schema-graph\">{\"@context\":\"https:\/\/schema.org\",\"@graph\":[{\"@type\":\"WebPage\",\"@id\":\"https:\/\/www.ghostysky.com\/product\/dji-maintenance-program-basic-service-dji-matrice-4e-eu\/\",\"url\":\"https:\/\/www.ghostysky.com\/product\/dji-maintenance-program-basic-service-dji-matrice-4e-eu\/\",\"name\":\"DJI Maintenance Program Basic Service (DJI Matrice 4E) EU - Ghostysky\",\"isPartOf\":{\"@id\":\"https:\/\/www.ghostysky.com\/#website\"},\"primaryImageOfPage\":{\"@id\":\"https:\/\/www.ghostysky.com\/product\/dji-maintenance-program-basic-service-dji-matrice-4e-eu\/#primaryimage\"},\"image\":{\"@id\":\"https:\/\/www.ghostysky.com\/product\/dji-maintenance-program-basic-service-dji-matrice-4e-eu\/#primaryimage\"},\"thumbnailUrl\":\"https:\/\/www.ghostysky.com\/wp-content\/uploads\/2025\/10\/GH_DJI-Maintenance-Program-Standard-Service-DJI-Matrice-4E-EU_3.jpg\",\"datePublished\":\"2025-10-17T16:36:15+00:00\",\"dateModified\":\"2025-10-17T16:38:52+00:00\",\"description\":\"The DJI Maintenance Program Basic Service for the Matrice 4E (EU) is an essential service plan designed to ensure your professional DJI Matrice 4E drone maintains peak performance and reliability throughout its operational life. Tailored for users in the European Union, this program offers a comprehensive check-up directly from DJI's experts.This Basic Service is recommended for regular upkeep, counteracting the wear and tear from everyday use and the operating environment to help prevent unexpected issues and unnecessary downtime.\",\"breadcrumb\":{\"@id\":\"https:\/\/www.ghostysky.com\/product\/dji-maintenance-program-basic-service-dji-matrice-4e-eu\/#breadcrumb\"},\"inLanguage\":\"fr-FR\",\"potentialAction\":[{\"@type\":\"ReadAction\",\"target\":[\"https:\/\/www.ghostysky.com\/product\/dji-maintenance-program-basic-service-dji-matrice-4e-eu\/\"]}]},{\"@type\":\"ImageObject\",\"inLanguage\":\"fr-FR\",\"@id\":\"https:\/\/www.ghostysky.com\/product\/dji-maintenance-program-basic-service-dji-matrice-4e-eu\/#primaryimage\",\"url\":\"https:\/\/www.ghostysky.com\/wp-content\/uploads\/2025\/10\/GH_DJI-Maintenance-Program-Standard-Service-DJI-Matrice-4E-EU_3.jpg\",\"contentUrl\":\"https:\/\/www.ghostysky.com\/wp-content\/uploads\/2025\/10\/GH_DJI-Maintenance-Program-Standard-Service-DJI-Matrice-4E-EU_3.jpg\",\"width\":800,\"height\":800},{\"@type\":\"BreadcrumbList\",\"@id\":\"https:\/\/www.ghostysky.com\/product\/dji-maintenance-program-basic-service-dji-matrice-4e-eu\/#breadcrumb\",\"itemListElement\":[{\"@type\":\"ListItem\",\"position\":1,\"name\":\"Home\",\"item\":\"https:\/\/www.ghostysky.com\/\"},{\"@type\":\"ListItem\",\"position\":2,\"name\":\"Shop\",\"item\":\"https:\/\/www.ghostysky.com\/shop\/\"},{\"@type\":\"ListItem\",\"position\":3,\"name\":\"DJI Maintenance Program Basic Service (DJI Matrice 4E) EU\"}]},{\"@type\":\"WebSite\",\"@id\":\"https:\/\/www.ghostysky.com\/#website\",\"url\":\"https:\/\/www.ghostysky.com\/\",\"name\":\"Ghostysky\",\"description\":\"Delivering professional drones and services\",\"publisher\":{\"@id\":\"https:\/\/www.ghostysky.com\/#organization\"},\"potentialAction\":[{\"@type\":\"SearchAction\",\"target\":{\"@type\":\"EntryPoint\",\"urlTemplate\":\"https:\/\/www.ghostysky.com\/?s={search_term_string}\"},\"query-input\":{\"@type\":\"PropertyValueSpecification\",\"valueRequired\":true,\"valueName\":\"search_term_string\"}}],\"inLanguage\":\"fr-FR\"},{\"@type\":\"Organization\",\"@id\":\"https:\/\/www.ghostysky.com\/#organization\",\"name\":\"Ghostysky\",\"url\":\"https:\/\/www.ghostysky.com\/\",\"logo\":{\"@type\":\"ImageObject\",\"inLanguage\":\"fr-FR\",\"@id\":\"https:\/\/www.ghostysky.com\/#\/schema\/logo\/image\/\",\"url\":\"https:\/\/www.ghostysky.com\/wp-content\/uploads\/2020\/06\/cropped-ghostyskylogo_text_white2.png\",\"contentUrl\":\"https:\/\/www.ghostysky.com\/wp-content\/uploads\/2020\/06\/cropped-ghostyskylogo_text_white2.png\",\"width\":169,\"height\":56,\"caption\":\"Ghostysky\"},\"image\":{\"@id\":\"https:\/\/www.ghostysky.com\/#\/schema\/logo\/image\/\"},\"sameAs\":[\"https:\/\/www.facebook.com\/people\/Ghostysky\/100057676170234\/\",\"https:\/\/x.com\/Gh0stysky\",\"https:\/\/www.linkedin.com\/company\/34739653\",\"https:\/\/www.instagram.com\/gh0stysky\"]}]}<\/script>\n<!-- \/ Yoast SEO plugin. -->","yoast_head_json":{"title":"Service de base du programme de maintenance DJI (DJI Matrice 4E) UE - Ghostysky","description":"Le service de maintenance de base du programme DJI pour le Matrice 4E (UE) est un contrat d&#039;entretien essentiel con\u00e7u pour garantir \u00e0 votre drone professionnel DJI Matrice 4E des performances et une fiabilit\u00e9 optimales tout au long de sa dur\u00e9e de vie. Adapt\u00e9 aux utilisateurs de l&#039;Union europ\u00e9enne, ce programme offre un contr\u00f4le complet r\u00e9alis\u00e9 directement par les experts DJI. Ce service de base est recommand\u00e9 pour un entretien r\u00e9gulier, compensant l&#039;usure due \u00e0 l&#039;utilisation quotidienne et \u00e0 l&#039;environnement d&#039;exploitation, afin d&#039;\u00e9viter les probl\u00e8mes impr\u00e9vus et les temps d&#039;arr\u00eat inutiles.","robots":{"index":"index","follow":"follow","max-snippet":"max-snippet:-1","max-image-preview":"max-image-preview:large","max-video-preview":"max-video-preview:-1"},"canonical":"https:\/\/www.ghostysky.com\/fr\/product\/dji-maintenance-program-basic-service-dji-matrice-4e-eu\/","og_locale":"fr_FR","og_type":"article","og_title":"DJI Maintenance Program Basic Service (DJI Matrice 4E) EU - Ghostysky","og_description":"The DJI Maintenance Program Basic Service for the Matrice 4E (EU) is an essential service plan designed to ensure your professional DJI Matrice 4E drone maintains peak performance and reliability throughout its operational life. Tailored for users in the European Union, this program offers a comprehensive check-up directly from DJI's experts.This Basic Service is recommended for regular upkeep, counteracting the wear and tear from everyday use and the operating environment to help prevent unexpected issues and unnecessary downtime.","og_url":"https:\/\/www.ghostysky.com\/fr\/product\/dji-maintenance-program-basic-service-dji-matrice-4e-eu\/","og_site_name":"Ghostysky","article_publisher":"https:\/\/www.facebook.com\/people\/Ghostysky\/100057676170234\/","article_modified_time":"2025-10-17T16:38:52+00:00","og_image":[{"width":800,"height":800,"url":"https:\/\/www.ghostysky.com\/wp-content\/uploads\/2025\/10\/GH_DJI-Maintenance-Program-Standard-Service-DJI-Matrice-4E-EU_3.jpg","type":"image\/jpeg"}],"twitter_card":"summary_large_image","twitter_site":"@Gh0stysky","twitter_misc":{"Dur\u00e9e de lecture estim\u00e9e":"2 minutes"},"schema":{"@context":"https:\/\/schema.org","@graph":[{"@type":"WebPage","@id":"https:\/\/www.ghostysky.com\/product\/dji-maintenance-program-basic-service-dji-matrice-4e-eu\/","url":"https:\/\/www.ghostysky.com\/product\/dji-maintenance-program-basic-service-dji-matrice-4e-eu\/","name":"Service de base du programme de maintenance DJI (DJI Matrice 4E) UE - Ghostysky","isPartOf":{"@id":"https:\/\/www.ghostysky.com\/#website"},"primaryImageOfPage":{"@id":"https:\/\/www.ghostysky.com\/product\/dji-maintenance-program-basic-service-dji-matrice-4e-eu\/#primaryimage"},"image":{"@id":"https:\/\/www.ghostysky.com\/product\/dji-maintenance-program-basic-service-dji-matrice-4e-eu\/#primaryimage"},"thumbnailUrl":"https:\/\/www.ghostysky.com\/wp-content\/uploads\/2025\/10\/GH_DJI-Maintenance-Program-Standard-Service-DJI-Matrice-4E-EU_3.jpg","datePublished":"2025-10-17T16:36:15+00:00","dateModified":"2025-10-17T16:38:52+00:00","description":"Le service de maintenance de base du programme DJI pour le Matrice 4E (UE) est un contrat d&#039;entretien essentiel con\u00e7u pour garantir \u00e0 votre drone professionnel DJI Matrice 4E des performances et une fiabilit\u00e9 optimales tout au long de sa dur\u00e9e de vie. Adapt\u00e9 aux utilisateurs de l&#039;Union europ\u00e9enne, ce programme offre un contr\u00f4le complet r\u00e9alis\u00e9 directement par les experts DJI. Ce service de base est recommand\u00e9 pour un entretien r\u00e9gulier, compensant l&#039;usure due \u00e0 l&#039;utilisation quotidienne et \u00e0 l&#039;environnement d&#039;exploitation, afin d&#039;\u00e9viter les probl\u00e8mes impr\u00e9vus et les temps d&#039;arr\u00eat inutiles.","breadcrumb":{"@id":"https:\/\/www.ghostysky.com\/product\/dji-maintenance-program-basic-service-dji-matrice-4e-eu\/#breadcrumb"},"inLanguage":"fr-FR","potentialAction":[{"@type":"ReadAction","target":["https:\/\/www.ghostysky.com\/product\/dji-maintenance-program-basic-service-dji-matrice-4e-eu\/"]}]},{"@type":"ImageObject","inLanguage":"fr-FR","@id":"https:\/\/www.ghostysky.com\/product\/dji-maintenance-program-basic-service-dji-matrice-4e-eu\/#primaryimage","url":"https:\/\/www.ghostysky.com\/wp-content\/uploads\/2025\/10\/GH_DJI-Maintenance-Program-Standard-Service-DJI-Matrice-4E-EU_3.jpg","contentUrl":"https:\/\/www.ghostysky.com\/wp-content\/uploads\/2025\/10\/GH_DJI-Maintenance-Program-Standard-Service-DJI-Matrice-4E-EU_3.jpg","width":800,"height":800},{"@type":"BreadcrumbList","@id":"https:\/\/www.ghostysky.com\/product\/dji-maintenance-program-basic-service-dji-matrice-4e-eu\/#breadcrumb","itemListElement":[{"@type":"ListItem","position":1,"name":"Home","item":"https:\/\/www.ghostysky.com\/"},{"@type":"ListItem","position":2,"name":"Shop","item":"https:\/\/www.ghostysky.com\/shop\/"},{"@type":"ListItem","position":3,"name":"DJI Maintenance Program Basic Service (DJI Matrice 4E) EU"}]},{"@type":"WebSite","@id":"https:\/\/www.ghostysky.com\/#website","url":"https:\/\/www.ghostysky.com\/","name":"Ghostysky","description":"Livraison de drones et de services professionnels","publisher":{"@id":"https:\/\/www.ghostysky.com\/#organization"},"potentialAction":[{"@type":"SearchAction","target":{"@type":"EntryPoint","urlTemplate":"https:\/\/www.ghostysky.com\/?s={search_term_string}"},"query-input":{"@type":"PropertyValueSpecification","valueRequired":true,"valueName":"search_term_string"}}],"inLanguage":"fr-FR"},{"@type":"Organization","@id":"https:\/\/www.ghostysky.com\/#organization","name":"Ghostysky","url":"https:\/\/www.ghostysky.com\/","logo":{"@type":"ImageObject","inLanguage":"fr-FR","@id":"https:\/\/www.ghostysky.com\/#\/schema\/logo\/image\/","url":"https:\/\/www.ghostysky.com\/wp-content\/uploads\/2020\/06\/cropped-ghostyskylogo_text_white2.png","contentUrl":"https:\/\/www.ghostysky.com\/wp-content\/uploads\/2020\/06\/cropped-ghostyskylogo_text_white2.png","width":169,"height":56,"caption":"Ghostysky"},"image":{"@id":"https:\/\/www.ghostysky.com\/#\/schema\/logo\/image\/"},"sameAs":["https:\/\/www.facebook.com\/people\/Ghostysky\/100057676170234\/","https:\/\/x.com\/Gh0stysky","https:\/\/www.linkedin.com\/company\/34739653","https:\/\/www.instagram.com\/gh0stysky"]}]}},"_links":{"self":[{"href":"https:\/\/www.ghostysky.com\/fr\/wp-json\/wp\/v2\/product\/21796","targetHints":{"allow":["GET"]}}],"collection":[{"href":"https:\/\/www.ghostysky.com\/fr\/wp-json\/wp\/v2\/product"}],"about":[{"href":"https:\/\/www.ghostysky.com\/fr\/wp-json\/wp\/v2\/types\/product"}],"replies":[{"embeddable":true,"href":"https:\/\/www.ghostysky.com\/fr\/wp-json\/wp\/v2\/comments?post=21796"}],"wp:featuredmedia":[{"embeddable":true,"href":"https:\/\/www.ghostysky.com\/fr\/wp-json\/wp\/v2\/media\/21791"}],"wp:attachment":[{"href":"https:\/\/www.ghostysky.com\/fr\/wp-json\/wp\/v2\/media?parent=21796"}],"wp:term":[{"taxonomy":"product_brand","embeddable":true,"href":"https:\/\/www.ghostysky.com\/fr\/wp-json\/wp\/v2\/product_brand?post=21796"},{"taxonomy":"product_cat","embeddable":true,"href":"https:\/\/www.ghostysky.com\/fr\/wp-json\/wp\/v2\/product_cat?post=21796"},{"taxonomy":"product_tag","embeddable":true,"href":"https:\/\/www.ghostysky.com\/fr\/wp-json\/wp\/v2\/product_tag?post=21796"}],"curies":[{"name":"wp","href":"https:\/\/api.w.org\/{rel}","templated":true}]}}