{"id":21809,"date":"2025-10-17T17:01:46","date_gmt":"2025-10-17T17:01:46","guid":{"rendered":"https:\/\/www.ghostysky.com\/?post_type=product&#038;p=21809"},"modified":"2025-10-17T17:11:38","modified_gmt":"2025-10-17T17:11:38","slug":"dji-matrice-4d-series-low-noise-anti-lce-propellers","status":"publish","type":"product","link":"https:\/\/www.ghostysky.com\/fr\/product\/dji-matrice-4d-series-low-noise-anti-lce-propellers\/","title":{"rendered":"H\u00e9lices anti-bruit \u00e0 faible bruit DJI Matrice 4D Series"},"content":{"rendered":"<div id=\"model-response-message-contentr_8ca688bebcf3e727\" class=\"markdown markdown-main-panel stronger enable-updated-hr-color\" dir=\"ltr\">\n<div id=\"model-response-message-contentr_84f26e8c4ec7b923\" class=\"markdown markdown-main-panel stronger enable-updated-hr-color\" dir=\"ltr\">\n<h3><b>Caract\u00e9ristiques principales<\/b><\/h3>\n<ul>\n<li><b>Technologie anti-glace :<\/b><span class=\"citation-1477 citation-end-1477\"> Assure un vol stable et s\u00fbr en emp\u00eachant activement l&#039;accumulation de glace sur les pales, maintenant des performances cruciales m\u00eame dans des conditions de pluie vergla\u00e7ante.<\/span><\/li>\n<li><b><span class=\"citation-1476\">Conception \u00e0 faible bruit :<\/span><\/b><span class=\"citation-1476 citation-end-1476\"> La conception silencieuse et a\u00e9rodynamique r\u00e9duit consid\u00e9rablement le bruit de fonctionnement, ce qui les rend id\u00e9ales pour les inspections urbaines, la surveillance de la faune, la s\u00e9curit\u00e9 publique et d&#039;autres applications sensibles.<\/span><\/li>\n<li><b>Efficacit\u00e9 a\u00e9rodynamique am\u00e9lior\u00e9e :<\/b><span class=\"citation-1475 citation-end-1475\"> Chaque pale est soumise \u00e0 des tests d&#039;\u00e9quilibrage dynamique pr\u00e9cis, ce qui se traduit par une efficacit\u00e9 a\u00e9rodynamique sup\u00e9rieure, une consommation d&#039;\u00e9nergie inf\u00e9rieure et un temps de vol potentiellement accru par rapport aux h\u00e9lices standard.<\/span><\/li>\n<li><b>Performances fiables :<\/b><span class=\"citation-1474 citation-end-1474\"> Con\u00e7u pour r\u00e9sister aux conditions les plus exigeantes, garantissant que votre drone Matrice s\u00e9rie 4D reste pr\u00eat pour la mission dans divers environnements m\u00e9t\u00e9orologiques extr\u00eames.<\/span><\/li>\n<li><b>Compatibilit\u00e9 transparente :<\/b><span class=\"citation-1473 citation-end-1473\"> Sp\u00e9cialement con\u00e7u et compatible avec toute la s\u00e9rie DJI Matrice 4D.<\/span><\/li>\n<\/ul>\n<p><span class=\"citation-1472 citation-end-1472\">Am\u00e9liorez votre drone de la s\u00e9rie Matrice 4D avec les h\u00e9lices anti-glace \u00e0 faible bruit pour garantir pr\u00e9cision, s\u00e9curit\u00e9 et fiabilit\u00e9 pour les op\u00e9rations critiques, quel que soit le climat.<\/span><\/p>\n<\/div>\n<\/div>","protected":false},"excerpt":{"rendered":"<p><span class=\"citation-1479 citation-end-1479\">Optimisez vos missions de drone professionnelles avec les h\u00e9lices anti-glace \u00e0 faible bruit DJI Matrice 4D Series.<\/span> <span class=\"citation-1478 citation-end-1478\">Sp\u00e9cialement con\u00e7ues pour la s\u00e9rie DJI Matrice 4D, ces h\u00e9lices avanc\u00e9es offrent des performances de vol fiables, stables et remarquablement silencieuses, m\u00eame dans les environnements les plus difficiles, par temps froid et sensibles au bruit.<\/span><\/p>","protected":false},"featured_media":21816,"comment_status":"open","ping_status":"closed","template":"","meta":[],"product_brand":[1031],"product_cat":[37,1119,29,1117],"product_tag":[42,1123,1120],"class_list":{"0":"post-21809","1":"product","2":"type-product","3":"status-publish","4":"has-post-thumbnail","6":"product_brand-dji","7":"product_cat-dji","8":"product_cat-dji-matrice-4-accessories","9":"product_cat-drones","10":"product_cat-matrice-4","11":"product_tag-dji","12":"product_tag-dji-matrice-4-accessories","13":"product_tag-dji-matrice-4-series","15":"first","16":"onbackorder","17":"taxable","18":"shipping-taxable","19":"purchasable","20":"product-type-simple"},"yoast_head":"<!-- This site is optimized with the Yoast SEO plugin v27.1.1 - https:\/\/yoast.com\/product\/yoast-seo-wordpress\/ -->\n<title>DJI Matrice 4D Series Low-Noise Anti-lce Propellers - Ghostysky<\/title>\n<meta name=\"description\" content=\"Optimize your professional drone missions with the DJI Matrice 4D Series Low-Noise Anti-Ice Propellers. Specifically designed for the DJI Matrice 4D Series, these advanced propellers deliver reliable, stable, and remarkably quiet flight performance even in the most challenging cold-weather and noise-sensitive environments.\" \/>\n<meta name=\"robots\" content=\"index, follow, max-snippet:-1, max-image-preview:large, max-video-preview:-1\" \/>\n<link rel=\"canonical\" href=\"https:\/\/www.ghostysky.com\/fr\/product\/dji-matrice-4d-series-low-noise-anti-lce-propellers\/\" \/>\n<meta property=\"og:locale\" content=\"fr_FR\" \/>\n<meta property=\"og:type\" content=\"article\" \/>\n<meta property=\"og:title\" content=\"DJI Matrice 4D Series Low-Noise Anti-lce Propellers - Ghostysky\" \/>\n<meta property=\"og:description\" content=\"Optimize your professional drone missions with the DJI Matrice 4D Series Low-Noise Anti-Ice Propellers. Specifically designed for the DJI Matrice 4D Series, these advanced propellers deliver reliable, stable, and remarkably quiet flight performance even in the most challenging cold-weather and noise-sensitive environments.\" \/>\n<meta property=\"og:url\" content=\"https:\/\/www.ghostysky.com\/fr\/product\/dji-matrice-4d-series-low-noise-anti-lce-propellers\/\" \/>\n<meta property=\"og:site_name\" content=\"Ghostysky\" \/>\n<meta property=\"article:publisher\" content=\"https:\/\/www.facebook.com\/people\/Ghostysky\/100057676170234\/\" \/>\n<meta property=\"article:modified_time\" content=\"2025-10-17T17:11:38+00:00\" \/>\n<meta property=\"og:image\" content=\"https:\/\/www.ghostysky.com\/wp-content\/uploads\/2025\/10\/GH_DJI-Matrice-4D-Series-Low-Noise-Anti-lce-Propellers_1.jpg\" \/>\n\t<meta property=\"og:image:width\" content=\"800\" \/>\n\t<meta property=\"og:image:height\" content=\"800\" \/>\n\t<meta property=\"og:image:type\" content=\"image\/jpeg\" \/>\n<meta name=\"twitter:card\" content=\"summary_large_image\" \/>\n<meta name=\"twitter:site\" content=\"@Gh0stysky\" \/>\n<meta name=\"twitter:label1\" content=\"Dur\u00e9e de lecture estim\u00e9e\" \/>\n\t<meta name=\"twitter:data1\" content=\"1 minute\" \/>\n<script type=\"application\/ld+json\" class=\"yoast-schema-graph\">{\"@context\":\"https:\/\/schema.org\",\"@graph\":[{\"@type\":\"WebPage\",\"@id\":\"https:\/\/www.ghostysky.com\/product\/dji-matrice-4d-series-low-noise-anti-lce-propellers\/\",\"url\":\"https:\/\/www.ghostysky.com\/product\/dji-matrice-4d-series-low-noise-anti-lce-propellers\/\",\"name\":\"DJI Matrice 4D Series Low-Noise Anti-lce Propellers - Ghostysky\",\"isPartOf\":{\"@id\":\"https:\/\/www.ghostysky.com\/#website\"},\"primaryImageOfPage\":{\"@id\":\"https:\/\/www.ghostysky.com\/product\/dji-matrice-4d-series-low-noise-anti-lce-propellers\/#primaryimage\"},\"image\":{\"@id\":\"https:\/\/www.ghostysky.com\/product\/dji-matrice-4d-series-low-noise-anti-lce-propellers\/#primaryimage\"},\"thumbnailUrl\":\"https:\/\/www.ghostysky.com\/wp-content\/uploads\/2025\/10\/GH_DJI-Matrice-4D-Series-Low-Noise-Anti-lce-Propellers_1.jpg\",\"datePublished\":\"2025-10-17T17:01:46+00:00\",\"dateModified\":\"2025-10-17T17:11:38+00:00\",\"description\":\"Optimize your professional drone missions with the DJI Matrice 4D Series Low-Noise Anti-Ice Propellers. Specifically designed for the DJI Matrice 4D Series, these advanced propellers deliver reliable, stable, and remarkably quiet flight performance even in the most challenging cold-weather and noise-sensitive environments.\",\"breadcrumb\":{\"@id\":\"https:\/\/www.ghostysky.com\/product\/dji-matrice-4d-series-low-noise-anti-lce-propellers\/#breadcrumb\"},\"inLanguage\":\"fr-FR\",\"potentialAction\":[{\"@type\":\"ReadAction\",\"target\":[\"https:\/\/www.ghostysky.com\/product\/dji-matrice-4d-series-low-noise-anti-lce-propellers\/\"]}]},{\"@type\":\"ImageObject\",\"inLanguage\":\"fr-FR\",\"@id\":\"https:\/\/www.ghostysky.com\/product\/dji-matrice-4d-series-low-noise-anti-lce-propellers\/#primaryimage\",\"url\":\"https:\/\/www.ghostysky.com\/wp-content\/uploads\/2025\/10\/GH_DJI-Matrice-4D-Series-Low-Noise-Anti-lce-Propellers_1.jpg\",\"contentUrl\":\"https:\/\/www.ghostysky.com\/wp-content\/uploads\/2025\/10\/GH_DJI-Matrice-4D-Series-Low-Noise-Anti-lce-Propellers_1.jpg\",\"width\":800,\"height\":800},{\"@type\":\"BreadcrumbList\",\"@id\":\"https:\/\/www.ghostysky.com\/product\/dji-matrice-4d-series-low-noise-anti-lce-propellers\/#breadcrumb\",\"itemListElement\":[{\"@type\":\"ListItem\",\"position\":1,\"name\":\"Home\",\"item\":\"https:\/\/www.ghostysky.com\/\"},{\"@type\":\"ListItem\",\"position\":2,\"name\":\"Shop\",\"item\":\"https:\/\/www.ghostysky.com\/shop\/\"},{\"@type\":\"ListItem\",\"position\":3,\"name\":\"DJI Matrice 4D Series Low-Noise Anti-lce Propellers\"}]},{\"@type\":\"WebSite\",\"@id\":\"https:\/\/www.ghostysky.com\/#website\",\"url\":\"https:\/\/www.ghostysky.com\/\",\"name\":\"Ghostysky\",\"description\":\"Delivering professional drones and services\",\"publisher\":{\"@id\":\"https:\/\/www.ghostysky.com\/#organization\"},\"potentialAction\":[{\"@type\":\"SearchAction\",\"target\":{\"@type\":\"EntryPoint\",\"urlTemplate\":\"https:\/\/www.ghostysky.com\/?s={search_term_string}\"},\"query-input\":{\"@type\":\"PropertyValueSpecification\",\"valueRequired\":true,\"valueName\":\"search_term_string\"}}],\"inLanguage\":\"fr-FR\"},{\"@type\":\"Organization\",\"@id\":\"https:\/\/www.ghostysky.com\/#organization\",\"name\":\"Ghostysky\",\"url\":\"https:\/\/www.ghostysky.com\/\",\"logo\":{\"@type\":\"ImageObject\",\"inLanguage\":\"fr-FR\",\"@id\":\"https:\/\/www.ghostysky.com\/#\/schema\/logo\/image\/\",\"url\":\"https:\/\/www.ghostysky.com\/wp-content\/uploads\/2020\/06\/cropped-ghostyskylogo_text_white2.png\",\"contentUrl\":\"https:\/\/www.ghostysky.com\/wp-content\/uploads\/2020\/06\/cropped-ghostyskylogo_text_white2.png\",\"width\":169,\"height\":56,\"caption\":\"Ghostysky\"},\"image\":{\"@id\":\"https:\/\/www.ghostysky.com\/#\/schema\/logo\/image\/\"},\"sameAs\":[\"https:\/\/www.facebook.com\/people\/Ghostysky\/100057676170234\/\",\"https:\/\/x.com\/Gh0stysky\",\"https:\/\/www.linkedin.com\/company\/34739653\",\"https:\/\/www.instagram.com\/gh0stysky\"]}]}<\/script>\n<!-- \/ Yoast SEO plugin. -->","yoast_head_json":{"title":"H\u00e9lices anti-bruit DJI Matrice 4D Series - Ghostysky","description":"Optimisez vos missions professionnelles avec les h\u00e9lices anti-givrage silencieuses DJI Matrice 4D. Sp\u00e9cialement con\u00e7ues pour la s\u00e9rie DJI Matrice 4D, ces h\u00e9lices avanc\u00e9es offrent des performances de vol fiables, stables et remarquablement silencieuses, m\u00eame dans les environnements les plus difficiles, par temps froid et sensibles au bruit.","robots":{"index":"index","follow":"follow","max-snippet":"max-snippet:-1","max-image-preview":"max-image-preview:large","max-video-preview":"max-video-preview:-1"},"canonical":"https:\/\/www.ghostysky.com\/fr\/product\/dji-matrice-4d-series-low-noise-anti-lce-propellers\/","og_locale":"fr_FR","og_type":"article","og_title":"DJI Matrice 4D Series Low-Noise Anti-lce Propellers - Ghostysky","og_description":"Optimize your professional drone missions with the DJI Matrice 4D Series Low-Noise Anti-Ice Propellers. Specifically designed for the DJI Matrice 4D Series, these advanced propellers deliver reliable, stable, and remarkably quiet flight performance even in the most challenging cold-weather and noise-sensitive environments.","og_url":"https:\/\/www.ghostysky.com\/fr\/product\/dji-matrice-4d-series-low-noise-anti-lce-propellers\/","og_site_name":"Ghostysky","article_publisher":"https:\/\/www.facebook.com\/people\/Ghostysky\/100057676170234\/","article_modified_time":"2025-10-17T17:11:38+00:00","og_image":[{"width":800,"height":800,"url":"https:\/\/www.ghostysky.com\/wp-content\/uploads\/2025\/10\/GH_DJI-Matrice-4D-Series-Low-Noise-Anti-lce-Propellers_1.jpg","type":"image\/jpeg"}],"twitter_card":"summary_large_image","twitter_site":"@Gh0stysky","twitter_misc":{"Dur\u00e9e de lecture estim\u00e9e":"1 minute"},"schema":{"@context":"https:\/\/schema.org","@graph":[{"@type":"WebPage","@id":"https:\/\/www.ghostysky.com\/product\/dji-matrice-4d-series-low-noise-anti-lce-propellers\/","url":"https:\/\/www.ghostysky.com\/product\/dji-matrice-4d-series-low-noise-anti-lce-propellers\/","name":"H\u00e9lices anti-bruit DJI Matrice 4D Series - Ghostysky","isPartOf":{"@id":"https:\/\/www.ghostysky.com\/#website"},"primaryImageOfPage":{"@id":"https:\/\/www.ghostysky.com\/product\/dji-matrice-4d-series-low-noise-anti-lce-propellers\/#primaryimage"},"image":{"@id":"https:\/\/www.ghostysky.com\/product\/dji-matrice-4d-series-low-noise-anti-lce-propellers\/#primaryimage"},"thumbnailUrl":"https:\/\/www.ghostysky.com\/wp-content\/uploads\/2025\/10\/GH_DJI-Matrice-4D-Series-Low-Noise-Anti-lce-Propellers_1.jpg","datePublished":"2025-10-17T17:01:46+00:00","dateModified":"2025-10-17T17:11:38+00:00","description":"Optimisez vos missions professionnelles avec les h\u00e9lices anti-givrage silencieuses DJI Matrice 4D. Sp\u00e9cialement con\u00e7ues pour la s\u00e9rie DJI Matrice 4D, ces h\u00e9lices avanc\u00e9es offrent des performances de vol fiables, stables et remarquablement silencieuses, m\u00eame dans les environnements les plus difficiles, par temps froid et sensibles au bruit.","breadcrumb":{"@id":"https:\/\/www.ghostysky.com\/product\/dji-matrice-4d-series-low-noise-anti-lce-propellers\/#breadcrumb"},"inLanguage":"fr-FR","potentialAction":[{"@type":"ReadAction","target":["https:\/\/www.ghostysky.com\/product\/dji-matrice-4d-series-low-noise-anti-lce-propellers\/"]}]},{"@type":"ImageObject","inLanguage":"fr-FR","@id":"https:\/\/www.ghostysky.com\/product\/dji-matrice-4d-series-low-noise-anti-lce-propellers\/#primaryimage","url":"https:\/\/www.ghostysky.com\/wp-content\/uploads\/2025\/10\/GH_DJI-Matrice-4D-Series-Low-Noise-Anti-lce-Propellers_1.jpg","contentUrl":"https:\/\/www.ghostysky.com\/wp-content\/uploads\/2025\/10\/GH_DJI-Matrice-4D-Series-Low-Noise-Anti-lce-Propellers_1.jpg","width":800,"height":800},{"@type":"BreadcrumbList","@id":"https:\/\/www.ghostysky.com\/product\/dji-matrice-4d-series-low-noise-anti-lce-propellers\/#breadcrumb","itemListElement":[{"@type":"ListItem","position":1,"name":"Home","item":"https:\/\/www.ghostysky.com\/"},{"@type":"ListItem","position":2,"name":"Shop","item":"https:\/\/www.ghostysky.com\/shop\/"},{"@type":"ListItem","position":3,"name":"DJI Matrice 4D Series Low-Noise Anti-lce Propellers"}]},{"@type":"WebSite","@id":"https:\/\/www.ghostysky.com\/#website","url":"https:\/\/www.ghostysky.com\/","name":"Ghostysky","description":"Livraison de drones et de services professionnels","publisher":{"@id":"https:\/\/www.ghostysky.com\/#organization"},"potentialAction":[{"@type":"SearchAction","target":{"@type":"EntryPoint","urlTemplate":"https:\/\/www.ghostysky.com\/?s={search_term_string}"},"query-input":{"@type":"PropertyValueSpecification","valueRequired":true,"valueName":"search_term_string"}}],"inLanguage":"fr-FR"},{"@type":"Organization","@id":"https:\/\/www.ghostysky.com\/#organization","name":"Ghostysky","url":"https:\/\/www.ghostysky.com\/","logo":{"@type":"ImageObject","inLanguage":"fr-FR","@id":"https:\/\/www.ghostysky.com\/#\/schema\/logo\/image\/","url":"https:\/\/www.ghostysky.com\/wp-content\/uploads\/2020\/06\/cropped-ghostyskylogo_text_white2.png","contentUrl":"https:\/\/www.ghostysky.com\/wp-content\/uploads\/2020\/06\/cropped-ghostyskylogo_text_white2.png","width":169,"height":56,"caption":"Ghostysky"},"image":{"@id":"https:\/\/www.ghostysky.com\/#\/schema\/logo\/image\/"},"sameAs":["https:\/\/www.facebook.com\/people\/Ghostysky\/100057676170234\/","https:\/\/x.com\/Gh0stysky","https:\/\/www.linkedin.com\/company\/34739653","https:\/\/www.instagram.com\/gh0stysky"]}]}},"_links":{"self":[{"href":"https:\/\/www.ghostysky.com\/fr\/wp-json\/wp\/v2\/product\/21809","targetHints":{"allow":["GET"]}}],"collection":[{"href":"https:\/\/www.ghostysky.com\/fr\/wp-json\/wp\/v2\/product"}],"about":[{"href":"https:\/\/www.ghostysky.com\/fr\/wp-json\/wp\/v2\/types\/product"}],"replies":[{"embeddable":true,"href":"https:\/\/www.ghostysky.com\/fr\/wp-json\/wp\/v2\/comments?post=21809"}],"wp:featuredmedia":[{"embeddable":true,"href":"https:\/\/www.ghostysky.com\/fr\/wp-json\/wp\/v2\/media\/21816"}],"wp:attachment":[{"href":"https:\/\/www.ghostysky.com\/fr\/wp-json\/wp\/v2\/media?parent=21809"}],"wp:term":[{"taxonomy":"product_brand","embeddable":true,"href":"https:\/\/www.ghostysky.com\/fr\/wp-json\/wp\/v2\/product_brand?post=21809"},{"taxonomy":"product_cat","embeddable":true,"href":"https:\/\/www.ghostysky.com\/fr\/wp-json\/wp\/v2\/product_cat?post=21809"},{"taxonomy":"product_tag","embeddable":true,"href":"https:\/\/www.ghostysky.com\/fr\/wp-json\/wp\/v2\/product_tag?post=21809"}],"curies":[{"name":"wp","href":"https:\/\/api.w.org\/{rel}","templated":true}]}}