{"id":21822,"date":"2025-10-17T17:24:24","date_gmt":"2025-10-17T17:24:24","guid":{"rendered":"https:\/\/www.ghostysky.com\/?post_type=product&#038;p=21822"},"modified":"2025-10-17T17:27:41","modified_gmt":"2025-10-17T17:27:41","slug":"dji-matrice-4-series-low-noise-propellers","status":"publish","type":"product","link":"https:\/\/www.ghostysky.com\/fr\/product\/dji-matrice-4-series-low-noise-propellers\/","title":{"rendered":"H\u00e9lices \u00e0 faible bruit DJI Matrice s\u00e9rie 4"},"content":{"rendered":"<div id=\"model-response-message-contentr_8ca688bebcf3e727\" class=\"markdown markdown-main-panel stronger enable-updated-hr-color\" dir=\"ltr\">\n<div id=\"model-response-message-contentr_84f26e8c4ec7b923\" class=\"markdown markdown-main-panel stronger enable-updated-hr-color\" dir=\"ltr\">\n<div id=\"model-response-message-contentr_08ec8215b08ce83c\" class=\"markdown markdown-main-panel stronger enable-updated-hr-color\" dir=\"ltr\">\n<h3><b>Principales caract\u00e9ristiques et avantages<\/b><\/h3>\n<ul>\n<li><b><span class=\"citation-1514\">Fonctionnement ultra-silencieux :<\/span><\/b><span class=\"citation-1514\"> B\u00e9n\u00e9ficiez d&#039;un vol nettement plus silencieux, r\u00e9duisant le niveau sonore jusqu&#039;\u00e0 <\/span><b><span class=\"citation-1514\">2-3,5 dB<\/span><\/b><span class=\"citation-1514 citation-end-1514\"> par rapport aux h\u00e9lices standards.<\/span> <span class=\"citation-1513 citation-end-1513\">Ce profil \u00e0 faible bruit est essentiel pour maintenir la discr\u00e9tion lors des op\u00e9rations dans les zones r\u00e9sidentielles, \u00e0 proximit\u00e9 d&#039;animaux sauvages sensibles ou dans les zones industrielles sensibles au bruit.<\/span><\/li>\n<li><b>Efficacit\u00e9 a\u00e9rodynamique am\u00e9lior\u00e9e :<\/b><span class=\"citation-1512 citation-end-1512\"> La conception optimis\u00e9e est m\u00e9ticuleusement \u00e9quilibr\u00e9e et fa\u00e7onn\u00e9e pour am\u00e9liorer le rapport portance\/tra\u00een\u00e9e.<\/span> <span class=\"citation-1511\">Cela conduit \u00e0 <\/span><b><span class=\"citation-1511\">consommation d&#039;\u00e9nergie r\u00e9duite<\/span><\/b><span class=\"citation-1511\"> et peut contribuer \u00e0 <\/span><b><span class=\"citation-1511\">temps de vol prolong\u00e9<\/span><\/b><span class=\"citation-1511 citation-end-1511\"> et une meilleure endurance pour les missions critiques.<\/span><\/li>\n<li><b>\u00c9quilibr\u00e9 avec pr\u00e9cision pour la stabilit\u00e9 :<\/b><span class=\"citation-1510 citation-end-1510\"> Chaque pale est soumise \u00e0 des tests d&#039;\u00e9quilibrage dynamique pr\u00e9cis, garantissant des vibrations minimales pour un vol plus fluide et plus stable et des performances fiables.<\/span><\/li>\n<li><b><span class=\"citation-1509\">Durabilit\u00e9 professionnelle :<\/span><\/b><span class=\"citation-1509 citation-end-1509\"> Fabriqu\u00e9es \u00e0 partir de mat\u00e9riaux composites \u00e0 haute r\u00e9sistance, ces h\u00e9lices sont con\u00e7ues pour durer et \u00eatre utilis\u00e9es de mani\u00e8re fiable dans des conditions difficiles et exigeantes.<\/span><\/li>\n<li><b><span class=\"citation-1508\">Compatibilit\u00e9 et s\u00e9curit\u00e9 transparentes\u00a0:<\/span><\/b><span class=\"citation-1508 citation-end-1508\"> Con\u00e7us exclusivement pour la s\u00e9rie DJI Matrice 4, ils garantissent un ajustement et une int\u00e9gration parfaits avec le syst\u00e8me de propulsion de votre drone.<\/span> <span class=\"citation-1507 citation-end-1507\">La conception int\u00e8gre \u00e9galement des dispositifs de s\u00e9curit\u00e9 pour att\u00e9nuer les dommages potentiels en cas d\u2019impact inattendu.<\/span><\/li>\n<li><b><span class=\"citation-1506\">Installation rapide et s\u00e9curis\u00e9e :<\/span><\/b><span class=\"citation-1506 citation-end-1506\"> La conception intelligente permet un remplacement rapide et sans outil, minimisant les temps d&#039;arr\u00eat et permettant \u00e0 votre drone de reprendre rapidement son envol.<\/span><\/li>\n<\/ul>\n<p><b>Id\u00e9al pour les applications critiques\u00a0:<\/b><\/p>\n<p><span class=\"citation-1505\">Depuis <\/span><b><span class=\"citation-1505\">s\u00e9curit\u00e9 publique<\/span><\/b><span class=\"citation-1505\"> et <\/span><b><span class=\"citation-1505\">surveillance<\/span><\/b><span class=\"citation-1505\"> \u00e0 <\/span><b><span class=\"citation-1505\">inspection des infrastructures critiques<\/span><\/b><span class=\"citation-1505\"> et <\/span><b><span class=\"citation-1505\">surveillance environnementale<\/span><\/b><span class=\"citation-1505 citation-end-1505\">Les h\u00e9lices \u00e0 faible bruit de la s\u00e9rie Matrice 4 sont la mise \u00e0 niveau essentielle pour les op\u00e9rateurs pour lesquels la discr\u00e9tion est primordiale sans sacrifier les performances robustes de leur drone d&#039;entreprise.<\/span><\/p>\n<p><b>Mettez \u00e0 niveau votre s\u00e9rie Matrice 4 d\u00e8s aujourd&#039;hui et volez avec plus de furtivit\u00e9 et de confiance.<\/b><\/p>\n<h4>DANS LA BO\u00ceTE<\/h4>\n<p>1x H\u00e9lice (paire)<\/p>\n<h4>COMPATIBILIT\u00c9<\/h4>\n<p>DJI Matrice s\u00e9rie 4<\/p>\n<\/div>\n<\/div>\n<\/div>","protected":false},"excerpt":{"rendered":"<p>Am\u00e9liorez vos op\u00e9rations de drones professionnels avec le <b>H\u00e9lices \u00e0 faible bruit DJI Matrice s\u00e9rie 4<\/b>. <span class=\"citation-1515 citation-end-1515\">Con\u00e7us sp\u00e9cifiquement pour la s\u00e9rie Matrice 4 (y compris les mod\u00e8les comme le M4E et le M4T), ces accessoires authentiques offrent un \u00e9quilibre crucial entre furtivit\u00e9, performances et fiabilit\u00e9, essentiel pour les missions sensibles.<\/span><\/p>","protected":false},"featured_media":21821,"comment_status":"open","ping_status":"closed","template":"","meta":[],"product_brand":[1031],"product_cat":[37,1119,29,1117],"product_tag":[42,1123,1120],"class_list":{"0":"post-21822","1":"product","2":"type-product","3":"status-publish","4":"has-post-thumbnail","6":"product_brand-dji","7":"product_cat-dji","8":"product_cat-dji-matrice-4-accessories","9":"product_cat-drones","10":"product_cat-matrice-4","11":"product_tag-dji","12":"product_tag-dji-matrice-4-accessories","13":"product_tag-dji-matrice-4-series","15":"first","16":"onbackorder","17":"taxable","18":"shipping-taxable","19":"purchasable","20":"product-type-simple"},"yoast_head":"<!-- This site is optimized with the Yoast SEO plugin v27.1.1 - https:\/\/yoast.com\/product\/yoast-seo-wordpress\/ -->\n<title>DJI Matrice 4 Series Low-Noise Propellers - Ghostysky<\/title>\n<meta name=\"description\" content=\"Elevate your professional drone operations with the DJI Matrice 4 Series Low-Noise Propellers. Engineered specifically for the Matrice 4 Series (including models like the M4E and M4T), these genuine accessories deliver a crucial balance of stealth, performance, and reliability, essential for sensitive missions.\" \/>\n<meta name=\"robots\" content=\"index, follow, max-snippet:-1, max-image-preview:large, max-video-preview:-1\" \/>\n<link rel=\"canonical\" href=\"https:\/\/www.ghostysky.com\/fr\/product\/dji-matrice-4-series-low-noise-propellers\/\" \/>\n<meta property=\"og:locale\" content=\"fr_FR\" \/>\n<meta property=\"og:type\" content=\"article\" \/>\n<meta property=\"og:title\" content=\"DJI Matrice 4 Series Low-Noise Propellers - Ghostysky\" \/>\n<meta property=\"og:description\" content=\"Elevate your professional drone operations with the DJI Matrice 4 Series Low-Noise Propellers. Engineered specifically for the Matrice 4 Series (including models like the M4E and M4T), these genuine accessories deliver a crucial balance of stealth, performance, and reliability, essential for sensitive missions.\" \/>\n<meta property=\"og:url\" content=\"https:\/\/www.ghostysky.com\/fr\/product\/dji-matrice-4-series-low-noise-propellers\/\" \/>\n<meta property=\"og:site_name\" content=\"Ghostysky\" \/>\n<meta property=\"article:publisher\" content=\"https:\/\/www.facebook.com\/people\/Ghostysky\/100057676170234\/\" \/>\n<meta property=\"article:modified_time\" content=\"2025-10-17T17:27:41+00:00\" \/>\n<meta property=\"og:image\" content=\"https:\/\/www.ghostysky.com\/wp-content\/uploads\/2025\/10\/GH_DJI-Matrice-4-Series-Propellers_1.jpg\" \/>\n\t<meta property=\"og:image:width\" content=\"800\" \/>\n\t<meta property=\"og:image:height\" content=\"800\" \/>\n\t<meta property=\"og:image:type\" content=\"image\/jpeg\" \/>\n<meta name=\"twitter:card\" content=\"summary_large_image\" \/>\n<meta name=\"twitter:site\" content=\"@Gh0stysky\" \/>\n<meta name=\"twitter:label1\" content=\"Dur\u00e9e de lecture estim\u00e9e\" \/>\n\t<meta name=\"twitter:data1\" content=\"2 minutes\" \/>\n<script type=\"application\/ld+json\" class=\"yoast-schema-graph\">{\"@context\":\"https:\/\/schema.org\",\"@graph\":[{\"@type\":\"WebPage\",\"@id\":\"https:\/\/www.ghostysky.com\/product\/dji-matrice-4-series-low-noise-propellers\/\",\"url\":\"https:\/\/www.ghostysky.com\/product\/dji-matrice-4-series-low-noise-propellers\/\",\"name\":\"DJI Matrice 4 Series Low-Noise Propellers - Ghostysky\",\"isPartOf\":{\"@id\":\"https:\/\/www.ghostysky.com\/#website\"},\"primaryImageOfPage\":{\"@id\":\"https:\/\/www.ghostysky.com\/product\/dji-matrice-4-series-low-noise-propellers\/#primaryimage\"},\"image\":{\"@id\":\"https:\/\/www.ghostysky.com\/product\/dji-matrice-4-series-low-noise-propellers\/#primaryimage\"},\"thumbnailUrl\":\"https:\/\/www.ghostysky.com\/wp-content\/uploads\/2025\/10\/GH_DJI-Matrice-4-Series-Propellers_1.jpg\",\"datePublished\":\"2025-10-17T17:24:24+00:00\",\"dateModified\":\"2025-10-17T17:27:41+00:00\",\"description\":\"Elevate your professional drone operations with the DJI Matrice 4 Series Low-Noise Propellers. Engineered specifically for the Matrice 4 Series (including models like the M4E and M4T), these genuine accessories deliver a crucial balance of stealth, performance, and reliability, essential for sensitive missions.\",\"breadcrumb\":{\"@id\":\"https:\/\/www.ghostysky.com\/product\/dji-matrice-4-series-low-noise-propellers\/#breadcrumb\"},\"inLanguage\":\"fr-FR\",\"potentialAction\":[{\"@type\":\"ReadAction\",\"target\":[\"https:\/\/www.ghostysky.com\/product\/dji-matrice-4-series-low-noise-propellers\/\"]}]},{\"@type\":\"ImageObject\",\"inLanguage\":\"fr-FR\",\"@id\":\"https:\/\/www.ghostysky.com\/product\/dji-matrice-4-series-low-noise-propellers\/#primaryimage\",\"url\":\"https:\/\/www.ghostysky.com\/wp-content\/uploads\/2025\/10\/GH_DJI-Matrice-4-Series-Propellers_1.jpg\",\"contentUrl\":\"https:\/\/www.ghostysky.com\/wp-content\/uploads\/2025\/10\/GH_DJI-Matrice-4-Series-Propellers_1.jpg\",\"width\":800,\"height\":800},{\"@type\":\"BreadcrumbList\",\"@id\":\"https:\/\/www.ghostysky.com\/product\/dji-matrice-4-series-low-noise-propellers\/#breadcrumb\",\"itemListElement\":[{\"@type\":\"ListItem\",\"position\":1,\"name\":\"Home\",\"item\":\"https:\/\/www.ghostysky.com\/\"},{\"@type\":\"ListItem\",\"position\":2,\"name\":\"Shop\",\"item\":\"https:\/\/www.ghostysky.com\/shop\/\"},{\"@type\":\"ListItem\",\"position\":3,\"name\":\"DJI Matrice 4 Series Low-Noise Propellers\"}]},{\"@type\":\"WebSite\",\"@id\":\"https:\/\/www.ghostysky.com\/#website\",\"url\":\"https:\/\/www.ghostysky.com\/\",\"name\":\"Ghostysky\",\"description\":\"Delivering professional drones and services\",\"publisher\":{\"@id\":\"https:\/\/www.ghostysky.com\/#organization\"},\"potentialAction\":[{\"@type\":\"SearchAction\",\"target\":{\"@type\":\"EntryPoint\",\"urlTemplate\":\"https:\/\/www.ghostysky.com\/?s={search_term_string}\"},\"query-input\":{\"@type\":\"PropertyValueSpecification\",\"valueRequired\":true,\"valueName\":\"search_term_string\"}}],\"inLanguage\":\"fr-FR\"},{\"@type\":\"Organization\",\"@id\":\"https:\/\/www.ghostysky.com\/#organization\",\"name\":\"Ghostysky\",\"url\":\"https:\/\/www.ghostysky.com\/\",\"logo\":{\"@type\":\"ImageObject\",\"inLanguage\":\"fr-FR\",\"@id\":\"https:\/\/www.ghostysky.com\/#\/schema\/logo\/image\/\",\"url\":\"https:\/\/www.ghostysky.com\/wp-content\/uploads\/2020\/06\/cropped-ghostyskylogo_text_white2.png\",\"contentUrl\":\"https:\/\/www.ghostysky.com\/wp-content\/uploads\/2020\/06\/cropped-ghostyskylogo_text_white2.png\",\"width\":169,\"height\":56,\"caption\":\"Ghostysky\"},\"image\":{\"@id\":\"https:\/\/www.ghostysky.com\/#\/schema\/logo\/image\/\"},\"sameAs\":[\"https:\/\/www.facebook.com\/people\/Ghostysky\/100057676170234\/\",\"https:\/\/x.com\/Gh0stysky\",\"https:\/\/www.linkedin.com\/company\/34739653\",\"https:\/\/www.instagram.com\/gh0stysky\"]}]}<\/script>\n<!-- \/ Yoast SEO plugin. -->","yoast_head_json":{"title":"H\u00e9lices \u00e0 faible bruit DJI Matrice s\u00e9rie 4 - Ghostysky","description":"Optimisez vos op\u00e9rations de drones professionnels gr\u00e2ce aux h\u00e9lices silencieuses DJI Matrice s\u00e9rie 4. Con\u00e7ues sp\u00e9cifiquement pour la s\u00e9rie Matrice 4 (comprenant des mod\u00e8les comme le M4E et le M4T), ces accessoires d&#039;origine offrent un \u00e9quilibre crucial entre discr\u00e9tion, performance et fiabilit\u00e9, essentiel pour les missions sensibles.","robots":{"index":"index","follow":"follow","max-snippet":"max-snippet:-1","max-image-preview":"max-image-preview:large","max-video-preview":"max-video-preview:-1"},"canonical":"https:\/\/www.ghostysky.com\/fr\/product\/dji-matrice-4-series-low-noise-propellers\/","og_locale":"fr_FR","og_type":"article","og_title":"DJI Matrice 4 Series Low-Noise Propellers - Ghostysky","og_description":"Elevate your professional drone operations with the DJI Matrice 4 Series Low-Noise Propellers. Engineered specifically for the Matrice 4 Series (including models like the M4E and M4T), these genuine accessories deliver a crucial balance of stealth, performance, and reliability, essential for sensitive missions.","og_url":"https:\/\/www.ghostysky.com\/fr\/product\/dji-matrice-4-series-low-noise-propellers\/","og_site_name":"Ghostysky","article_publisher":"https:\/\/www.facebook.com\/people\/Ghostysky\/100057676170234\/","article_modified_time":"2025-10-17T17:27:41+00:00","og_image":[{"width":800,"height":800,"url":"https:\/\/www.ghostysky.com\/wp-content\/uploads\/2025\/10\/GH_DJI-Matrice-4-Series-Propellers_1.jpg","type":"image\/jpeg"}],"twitter_card":"summary_large_image","twitter_site":"@Gh0stysky","twitter_misc":{"Dur\u00e9e de lecture estim\u00e9e":"2 minutes"},"schema":{"@context":"https:\/\/schema.org","@graph":[{"@type":"WebPage","@id":"https:\/\/www.ghostysky.com\/product\/dji-matrice-4-series-low-noise-propellers\/","url":"https:\/\/www.ghostysky.com\/product\/dji-matrice-4-series-low-noise-propellers\/","name":"H\u00e9lices \u00e0 faible bruit DJI Matrice s\u00e9rie 4 - Ghostysky","isPartOf":{"@id":"https:\/\/www.ghostysky.com\/#website"},"primaryImageOfPage":{"@id":"https:\/\/www.ghostysky.com\/product\/dji-matrice-4-series-low-noise-propellers\/#primaryimage"},"image":{"@id":"https:\/\/www.ghostysky.com\/product\/dji-matrice-4-series-low-noise-propellers\/#primaryimage"},"thumbnailUrl":"https:\/\/www.ghostysky.com\/wp-content\/uploads\/2025\/10\/GH_DJI-Matrice-4-Series-Propellers_1.jpg","datePublished":"2025-10-17T17:24:24+00:00","dateModified":"2025-10-17T17:27:41+00:00","description":"Optimisez vos op\u00e9rations de drones professionnels gr\u00e2ce aux h\u00e9lices silencieuses DJI Matrice s\u00e9rie 4. Con\u00e7ues sp\u00e9cifiquement pour la s\u00e9rie Matrice 4 (comprenant des mod\u00e8les comme le M4E et le M4T), ces accessoires d&#039;origine offrent un \u00e9quilibre crucial entre discr\u00e9tion, performance et fiabilit\u00e9, essentiel pour les missions sensibles.","breadcrumb":{"@id":"https:\/\/www.ghostysky.com\/product\/dji-matrice-4-series-low-noise-propellers\/#breadcrumb"},"inLanguage":"fr-FR","potentialAction":[{"@type":"ReadAction","target":["https:\/\/www.ghostysky.com\/product\/dji-matrice-4-series-low-noise-propellers\/"]}]},{"@type":"ImageObject","inLanguage":"fr-FR","@id":"https:\/\/www.ghostysky.com\/product\/dji-matrice-4-series-low-noise-propellers\/#primaryimage","url":"https:\/\/www.ghostysky.com\/wp-content\/uploads\/2025\/10\/GH_DJI-Matrice-4-Series-Propellers_1.jpg","contentUrl":"https:\/\/www.ghostysky.com\/wp-content\/uploads\/2025\/10\/GH_DJI-Matrice-4-Series-Propellers_1.jpg","width":800,"height":800},{"@type":"BreadcrumbList","@id":"https:\/\/www.ghostysky.com\/product\/dji-matrice-4-series-low-noise-propellers\/#breadcrumb","itemListElement":[{"@type":"ListItem","position":1,"name":"Home","item":"https:\/\/www.ghostysky.com\/"},{"@type":"ListItem","position":2,"name":"Shop","item":"https:\/\/www.ghostysky.com\/shop\/"},{"@type":"ListItem","position":3,"name":"DJI Matrice 4 Series Low-Noise Propellers"}]},{"@type":"WebSite","@id":"https:\/\/www.ghostysky.com\/#website","url":"https:\/\/www.ghostysky.com\/","name":"Ghostysky","description":"Livraison de drones et de services professionnels","publisher":{"@id":"https:\/\/www.ghostysky.com\/#organization"},"potentialAction":[{"@type":"SearchAction","target":{"@type":"EntryPoint","urlTemplate":"https:\/\/www.ghostysky.com\/?s={search_term_string}"},"query-input":{"@type":"PropertyValueSpecification","valueRequired":true,"valueName":"search_term_string"}}],"inLanguage":"fr-FR"},{"@type":"Organization","@id":"https:\/\/www.ghostysky.com\/#organization","name":"Ghostysky","url":"https:\/\/www.ghostysky.com\/","logo":{"@type":"ImageObject","inLanguage":"fr-FR","@id":"https:\/\/www.ghostysky.com\/#\/schema\/logo\/image\/","url":"https:\/\/www.ghostysky.com\/wp-content\/uploads\/2020\/06\/cropped-ghostyskylogo_text_white2.png","contentUrl":"https:\/\/www.ghostysky.com\/wp-content\/uploads\/2020\/06\/cropped-ghostyskylogo_text_white2.png","width":169,"height":56,"caption":"Ghostysky"},"image":{"@id":"https:\/\/www.ghostysky.com\/#\/schema\/logo\/image\/"},"sameAs":["https:\/\/www.facebook.com\/people\/Ghostysky\/100057676170234\/","https:\/\/x.com\/Gh0stysky","https:\/\/www.linkedin.com\/company\/34739653","https:\/\/www.instagram.com\/gh0stysky"]}]}},"_links":{"self":[{"href":"https:\/\/www.ghostysky.com\/fr\/wp-json\/wp\/v2\/product\/21822","targetHints":{"allow":["GET"]}}],"collection":[{"href":"https:\/\/www.ghostysky.com\/fr\/wp-json\/wp\/v2\/product"}],"about":[{"href":"https:\/\/www.ghostysky.com\/fr\/wp-json\/wp\/v2\/types\/product"}],"replies":[{"embeddable":true,"href":"https:\/\/www.ghostysky.com\/fr\/wp-json\/wp\/v2\/comments?post=21822"}],"wp:featuredmedia":[{"embeddable":true,"href":"https:\/\/www.ghostysky.com\/fr\/wp-json\/wp\/v2\/media\/21821"}],"wp:attachment":[{"href":"https:\/\/www.ghostysky.com\/fr\/wp-json\/wp\/v2\/media?parent=21822"}],"wp:term":[{"taxonomy":"product_brand","embeddable":true,"href":"https:\/\/www.ghostysky.com\/fr\/wp-json\/wp\/v2\/product_brand?post=21822"},{"taxonomy":"product_cat","embeddable":true,"href":"https:\/\/www.ghostysky.com\/fr\/wp-json\/wp\/v2\/product_cat?post=21822"},{"taxonomy":"product_tag","embeddable":true,"href":"https:\/\/www.ghostysky.com\/fr\/wp-json\/wp\/v2\/product_tag?post=21822"}],"curies":[{"name":"wp","href":"https:\/\/api.w.org\/{rel}","templated":true}]}}