{"id":21837,"date":"2025-10-18T03:15:36","date_gmt":"2025-10-18T03:15:36","guid":{"rendered":"https:\/\/www.ghostysky.com\/?post_type=product&#038;p=21837"},"modified":"2025-10-18T03:41:14","modified_gmt":"2025-10-18T03:41:14","slug":"dji-matrice-400-worry-free-plus-combo","status":"publish","type":"product","link":"https:\/\/www.ghostysky.com\/fr\/product\/dji-matrice-400-worry-free-plus-combo\/","title":{"rendered":"DJI Matrice 400 Combo Sans Souci Plus"},"content":{"rendered":"<div id=\"model-response-message-contentr_55bc02040a3d26f8\" class=\"markdown markdown-main-panel stronger enable-updated-hr-color\" dir=\"ltr\">\n<div id=\"model-response-message-contentr_7d191a1853b28634\" class=\"markdown markdown-main-panel stronger enable-updated-hr-color\" dir=\"ltr\">\n<div id=\"model-response-message-contentr_4bdeaa6da8c41b15\" class=\"markdown markdown-main-panel stronger enable-updated-hr-color\" dir=\"ltr\">\n<h3><b>Points forts de la plateforme Matrice 400<\/b><\/h3>\n<ul>\n<li><b>Endurance prolong\u00e9e et fiabilit\u00e9 par tous les temps :<\/b><span class=\"citation-1677\"> B\u00e9n\u00e9ficiant d&#039;un temps de vol vers l&#039;avant remarquable allant jusqu&#039;\u00e0 <\/span><b><span class=\"citation-1677\">59 minutes<\/span><\/b><span class=\"citation-1677\"> et un <\/span><b><span class=\"citation-1677\">Indice de protection IP55<\/span><\/b><span class=\"citation-1677 citation-end-1677\">, le Matrice 400 peut fonctionner de mani\u00e8re fiable dans des conditions difficiles, notamment en cas de forte poussi\u00e8re, de pluie et de temp\u00e9ratures extr\u00eames allant de <\/span><span class=\"math-inline\" data-math=\"-20^\\circ \\text{ to } 50^\\circ \\text{ C}\"><span class=\"katex\"><span class=\"katex-html\" aria-hidden=\"true\"><span class=\"base\"><span class=\"mord\">\u2212<\/span><span class=\"mord\">2<\/span><span class=\"mord\">0<span class=\"msupsub\"><span class=\"vlist-t\"><span class=\"vlist-r\"><span class=\"vlist\"><span class=\"\"><span class=\"sizing reset-size6 size3 mtight\"><span class=\"mbin mtight\">\u2218<\/span><\/span><\/span><\/span><\/span><\/span><\/span><\/span><span class=\"mord text\"><span class=\"mord\">\u00a0\u00e0\u00a0<\/span><\/span><span class=\"mord\">5<\/span><span class=\"mord\">0<span class=\"msupsub\"><span class=\"vlist-t\"><span class=\"vlist-r\"><span class=\"vlist\"><span class=\"\"><span class=\"sizing reset-size6 size3 mtight\"><span class=\"mbin mtight\">\u2218<\/span><\/span><\/span><\/span><\/span><\/span><\/span><\/span><span class=\"mord text\"><span class=\"mord\">\u00a0C<\/span><\/span><\/span><\/span><\/span><\/span><span class=\"citation-1676 citation-end-1676\">.<\/span><\/li>\n<li><b><span class=\"citation-1675\">Capacit\u00e9 de charge utile et polyvalence am\u00e9lior\u00e9es\u00a0:<\/span><\/b><span class=\"citation-1675\"> Avec une capacit\u00e9 de charge utile maximale de <\/span><b><span class=\"citation-1675\">6 kg<\/span><\/b><span class=\"citation-1675 citation-end-1675\">, la plate-forme prend en charge les op\u00e9rations multi-charges utiles.<\/span> <span class=\"citation-1674 citation-end-1674\">Il dispose de plusieurs connecteurs de cardan et E-Port V2, vous permettant de monter simultan\u00e9ment jusqu&#039;\u00e0 sept charges utiles, y compris les s\u00e9ries Zenmuse H30, L2, P1 et des solutions tierces.<\/span><\/li>\n<li><b>D\u00e9tection d&#039;obstacles au niveau des lignes \u00e9lectriques :<\/b><span class=\"citation-1673\"> La s\u00e9curit\u00e9 des vols est primordiale gr\u00e2ce \u00e0 un syst\u00e8me avanc\u00e9 combinant <\/span><b><span class=\"citation-1673\">LiDAR rotatif, radar \u00e0 ondes millim\u00e9triques de haute pr\u00e9cision et capteurs de vision fisheye \u00e0 faible luminosit\u00e9<\/span><\/b><span class=\"citation-1673 citation-end-1673\">.<\/span> <span class=\"citation-1672 citation-end-1672\">Cela permet au drone de d\u00e9tecter et d\u2019\u00e9viter m\u00eame les lignes \u00e9lectriques fines dans des environnements complexes, de jour comme de nuit.<\/span><\/li>\n<li><b>Intelligence et efficacit\u00e9 am\u00e9lior\u00e9es :<\/b><span class=\"citation-1671\"> Le Matrice 400 int\u00e8gre des fonctionnalit\u00e9s intelligentes telles que <\/span><b><span class=\"citation-1671\">D\u00e9tection intelligente<\/span><\/b><span class=\"citation-1671\">, <\/span><b><span class=\"citation-1671\">Projection AR intelligente<\/span><\/b><span class=\"citation-1671\"> (affichage des lignes \u00e9lectriques, des cartes et des trajectoires de vol sur le contr\u00f4leur), <\/span><b><span class=\"citation-1671\">Suivi du terrain en temps r\u00e9el<\/span><\/b><span class=\"citation-1671\">, et le soutien \u00e0 <\/span><b><span class=\"citation-1671\">D\u00e9collage et atterrissage sur les navires<\/span><\/b><span class=\"citation-1671 citation-end-1671\">, rationalisant les missions complexes.<\/span><\/li>\n<li><b><span class=\"citation-1670\">Transmission vid\u00e9o robuste :<\/span><\/b><span class=\"citation-1670\"> Le <\/span><b><span class=\"citation-1670\">Syst\u00e8me de transmission vid\u00e9o am\u00e9lior\u00e9 O4 Enterprise<\/span><\/b><span class=\"citation-1670\"> utilise un r\u00e9seau de dix antennes pour atteindre une port\u00e9e allant jusqu&#039;\u00e0 <\/span><b><span class=\"citation-1670\">40 km<\/span><\/b><span class=\"citation-1670\">, et prend en charge <\/span><b><span class=\"citation-1670\">Transmission vid\u00e9o par relais a\u00e9roport\u00e9<\/span><\/b><span class=\"citation-1670 citation-end-1670\"> pour des op\u00e9rations prolong\u00e9es sur des terrains difficiles d&#039;acc\u00e8s, comme les zones montagneuses.<\/span>\n<div class=\"source-inline-chip-container ng-star-inserted\"><\/div>\n<\/li>\n<\/ul>\n<p><b>L&#039;avantage du combo Worry-Free Plus :<\/b><\/p>\n<p><span class=\"citation-1669 citation-end-1669\">Cet ensemble complet comprend non seulement l&#039;avion de pointe Matrice 400, mais \u00e9galement une suite d&#039;accessoires et de services essentiels pour minimiser les temps d&#039;arr\u00eat et maximiser la productivit\u00e9 :<\/span><\/p>\n<ul>\n<li><b><span class=\"citation-1668\">Plan DJI Care Plus \u00e0 activation automatique d&#039;un an\u00a0:<\/span><\/b><span class=\"citation-1668 citation-end-1668\"> Offrant une couverture \u00e9tendue pour les r\u00e9parations ou le remplacement en cas de dommages accidentels.<\/span><\/li>\n<li><b>Batterie de vol intelligente TB100 :<\/b><span class=\"citation-1667 citation-end-1667\"> Une batterie haute capacit\u00e9 con\u00e7ue pour les missions prolong\u00e9es, avec jusqu&#039;\u00e0 400 cycles de charge.<\/span><\/li>\n<li><b><span class=\"citation-1666\">Station de batterie intelligente BS100 :<\/span><\/b><span class=\"citation-1666 citation-end-1666\"> Une solution puissante et unique pour le chargement, le stockage et le transport de vos batteries.<\/span><\/li>\n<li><b>DJI RC Plus 2 Enterprise am\u00e9lior\u00e9\u00a0:<\/b> Une t\u00e9l\u00e9commande robuste et haute luminosit\u00e9 pour un contr\u00f4le et une visibilit\u00e9 sup\u00e9rieurs sur le terrain.<\/li>\n<li><b><span class=\"citation-1665\">Pi\u00e8ces de rechange et outils essentiels :<\/span><\/b><span class=\"citation-1665\"> Y compris un suppl\u00e9ment <\/span><b><span class=\"citation-1665\">Batterie WB37<\/span><\/b><span class=\"citation-1665\"> pour la t\u00e9l\u00e9commande, des h\u00e9lices suppl\u00e9mentaires et un <\/span><b><span class=\"citation-1665\">\u00c9tui de transport<\/span><\/b><span class=\"citation-1665 citation-end-1665\">.<\/span>\n<div class=\"source-inline-chip-container ng-star-inserted\"><\/div>\n<\/li>\n<\/ul>\n<p><span class=\"citation-1664 citation-end-1664\">Le DJI Matrice 400 Worry-Free Plus Combo est la solution d\u00e9finitive pour les professionnels exigeant une plate-forme a\u00e9rienne performante, polyvalente et s\u00e9curis\u00e9e pour leurs op\u00e9rations d&#039;entreprise les plus critiques.<\/span><\/p>\n<div class=\"source-inline-chip-container ng-star-inserted\">\n<h4>Contenu de la bo\u00eete<\/h4>\n<p>1x DJI Matrice 400<br \/>\n1x Station de charge BS100<br \/>\n1x batterie TB100<br \/>\n1x \u00e9tui de transport<br \/>\n2x h\u00e9lices (paire)<br \/>\n6x Rondelles et vis d&#039;h\u00e9lice<br \/>\n1x t\u00e9l\u00e9commande<br \/>\n1x c\u00e2ble d&#039;alimentation<br \/>\n1x Sangle et support pour t\u00e9l\u00e9commande<br \/>\n1x batterie intelligente WB37<br \/>\n2x trains d&#039;atterrissage<br \/>\n1x c\u00e2ble USB-C vers USB-C<br \/>\n4x vis<br \/>\n1x outil de nettoyage<br \/>\n1x Cache-port en caoutchouc et vis<br \/>\n4x amortisseurs de cardan<\/p>\n<h4>Compatibilit\u00e9<\/h4>\n<p>Cam\u00e9ras \u00e0 cardan<br \/>\nZenmuse H30<br \/>\nZenmuse H30T<br \/>\nZenmuse L2<br \/>\nZenmuse P1<\/p>\n<h4>Accessoires fonctionnels<\/h4>\n<p>Pleins feux sur la Zenmuse S1<br \/>\nEnceinte Zenmuse V1<br \/>\nOrdinateur Manifold 3 Edge<br \/>\nModule SDR DJI RC Plus 2 Sub-2G<br \/>\nCl\u00e9 cellulaire DJI 2<\/p>\n<h4>\u00c9cosyst\u00e8me de d\u00e9veloppeurs et ports<\/h4>\n<p>DJI X-Port<br \/>\nKit de d\u00e9veloppement DJI E-Port V2<br \/>\nKit de c\u00e2bles coaxiaux DJI E-Port V2<br \/>\nEnsemble d&#039;adaptateurs DJI SkyPort V3<br \/>\nKit de c\u00e2bles coaxiaux DJI SkyPort V3<\/p>\n<\/div>\n<\/div>\n<\/div>\n<\/div>","protected":false},"excerpt":{"rendered":"<p><span class=\"citation-1679 citation-end-1679\">Le DJI Matrice 400 Worry-Free Plus Combo est la plate-forme de drone phare d&#039;entreprise ultime, con\u00e7ue pour les applications industrielles exigeantes telles que les interventions d&#039;urgence, les inspections \u00e9lectriques, la cartographie et l&#039;architecture, l&#039;ing\u00e9nierie et la construction (AEC).<\/span> <span class=\"citation-1678 citation-end-1678\">Ce combo garantit une exp\u00e9rience op\u00e9rationnelle compl\u00e8te et fiable en incluant un plan de soins premium et des accessoires essentiels.<\/span><\/p>","protected":false},"featured_media":21840,"comment_status":"open","ping_status":"closed","template":"","meta":[],"product_brand":[1031],"product_cat":[37,1117,1125,1126],"product_tag":[42,1129,1128],"class_list":{"0":"post-21837","1":"product","2":"type-product","3":"status-publish","4":"has-post-thumbnail","6":"product_brand-dji","7":"product_cat-dji","8":"product_cat-matrice-4","9":"product_cat-matrice-400","10":"product_cat-matrice-400-drones","11":"product_tag-dji","12":"product_tag-dji-matrice-400-drones","13":"product_tag-dji-matrice-400-series","15":"first","16":"onbackorder","17":"taxable","18":"shipping-taxable","19":"purchasable","20":"product-type-simple"},"yoast_head":"<!-- This site is optimized with the Yoast SEO plugin v27.4 - https:\/\/yoast.com\/product\/yoast-seo-wordpress\/ -->\n<title>DJI Matrice 400 Worry-Free Plus Combo - Ghostysky<\/title>\n<meta name=\"description\" content=\"The DJI Matrice 400 Worry-Free Plus Combo is the ultimate enterprise flagship drone platform, engineered for demanding industrial applications such as emergency response, power inspections, mapping, and Architecture, Engineering, and Construction (AEC). This combo ensures a comprehensive and reliable operational experience by including a premium care plan and essential accessories.\" \/>\n<meta name=\"robots\" content=\"index, follow, max-snippet:-1, max-image-preview:large, max-video-preview:-1\" \/>\n<link rel=\"canonical\" href=\"https:\/\/www.ghostysky.com\/fr\/product\/dji-matrice-400-worry-free-plus-combo\/\" \/>\n<meta property=\"og:locale\" content=\"fr_FR\" \/>\n<meta property=\"og:type\" content=\"article\" \/>\n<meta property=\"og:title\" content=\"DJI Matrice 400 Worry-Free Plus Combo - Ghostysky\" \/>\n<meta property=\"og:description\" content=\"The DJI Matrice 400 Worry-Free Plus Combo is the ultimate enterprise flagship drone platform, engineered for demanding industrial applications such as emergency response, power inspections, mapping, and Architecture, Engineering, and Construction (AEC). This combo ensures a comprehensive and reliable operational experience by including a premium care plan and essential accessories.\" \/>\n<meta property=\"og:url\" content=\"https:\/\/www.ghostysky.com\/fr\/product\/dji-matrice-400-worry-free-plus-combo\/\" \/>\n<meta property=\"og:site_name\" content=\"Ghostysky\" \/>\n<meta property=\"article:publisher\" content=\"https:\/\/www.facebook.com\/people\/Ghostysky\/100057676170234\/\" \/>\n<meta property=\"article:modified_time\" content=\"2025-10-18T03:41:14+00:00\" \/>\n<meta property=\"og:image\" content=\"https:\/\/www.ghostysky.com\/wp-content\/uploads\/2025\/10\/GH_DJI-Matrice-400-Worry-Free-Plus-Combo_1.jpg\" \/>\n\t<meta property=\"og:image:width\" content=\"800\" \/>\n\t<meta property=\"og:image:height\" content=\"800\" \/>\n\t<meta property=\"og:image:type\" content=\"image\/jpeg\" \/>\n<meta name=\"twitter:card\" content=\"summary_large_image\" \/>\n<meta name=\"twitter:site\" content=\"@Gh0stysky\" \/>\n<meta name=\"twitter:label1\" content=\"Dur\u00e9e de lecture estim\u00e9e\" \/>\n\t<meta name=\"twitter:data1\" content=\"3 minutes\" \/>\n<script type=\"application\/ld+json\" class=\"yoast-schema-graph\">{\"@context\":\"https:\\\/\\\/schema.org\",\"@graph\":[{\"@type\":\"WebPage\",\"@id\":\"https:\\\/\\\/www.ghostysky.com\\\/product\\\/dji-matrice-400-worry-free-plus-combo\\\/\",\"url\":\"https:\\\/\\\/www.ghostysky.com\\\/product\\\/dji-matrice-400-worry-free-plus-combo\\\/\",\"name\":\"DJI Matrice 400 Worry-Free Plus Combo - Ghostysky\",\"isPartOf\":{\"@id\":\"https:\\\/\\\/www.ghostysky.com\\\/#website\"},\"primaryImageOfPage\":{\"@id\":\"https:\\\/\\\/www.ghostysky.com\\\/product\\\/dji-matrice-400-worry-free-plus-combo\\\/#primaryimage\"},\"image\":{\"@id\":\"https:\\\/\\\/www.ghostysky.com\\\/product\\\/dji-matrice-400-worry-free-plus-combo\\\/#primaryimage\"},\"thumbnailUrl\":\"https:\\\/\\\/www.ghostysky.com\\\/wp-content\\\/uploads\\\/2025\\\/10\\\/GH_DJI-Matrice-400-Worry-Free-Plus-Combo_1.jpg\",\"datePublished\":\"2025-10-18T03:15:36+00:00\",\"dateModified\":\"2025-10-18T03:41:14+00:00\",\"description\":\"The DJI Matrice 400 Worry-Free Plus Combo is the ultimate enterprise flagship drone platform, engineered for demanding industrial applications such as emergency response, power inspections, mapping, and Architecture, Engineering, and Construction (AEC). This combo ensures a comprehensive and reliable operational experience by including a premium care plan and essential accessories.\",\"breadcrumb\":{\"@id\":\"https:\\\/\\\/www.ghostysky.com\\\/product\\\/dji-matrice-400-worry-free-plus-combo\\\/#breadcrumb\"},\"inLanguage\":\"fr-FR\",\"potentialAction\":[{\"@type\":\"ReadAction\",\"target\":[\"https:\\\/\\\/www.ghostysky.com\\\/product\\\/dji-matrice-400-worry-free-plus-combo\\\/\"]}]},{\"@type\":\"ImageObject\",\"inLanguage\":\"fr-FR\",\"@id\":\"https:\\\/\\\/www.ghostysky.com\\\/product\\\/dji-matrice-400-worry-free-plus-combo\\\/#primaryimage\",\"url\":\"https:\\\/\\\/www.ghostysky.com\\\/wp-content\\\/uploads\\\/2025\\\/10\\\/GH_DJI-Matrice-400-Worry-Free-Plus-Combo_1.jpg\",\"contentUrl\":\"https:\\\/\\\/www.ghostysky.com\\\/wp-content\\\/uploads\\\/2025\\\/10\\\/GH_DJI-Matrice-400-Worry-Free-Plus-Combo_1.jpg\",\"width\":800,\"height\":800},{\"@type\":\"BreadcrumbList\",\"@id\":\"https:\\\/\\\/www.ghostysky.com\\\/product\\\/dji-matrice-400-worry-free-plus-combo\\\/#breadcrumb\",\"itemListElement\":[{\"@type\":\"ListItem\",\"position\":1,\"name\":\"Home\",\"item\":\"https:\\\/\\\/www.ghostysky.com\\\/\"},{\"@type\":\"ListItem\",\"position\":2,\"name\":\"Shop\",\"item\":\"https:\\\/\\\/www.ghostysky.com\\\/shop\\\/\"},{\"@type\":\"ListItem\",\"position\":3,\"name\":\"DJI Matrice 400 Worry-Free Plus Combo\"}]},{\"@type\":\"WebSite\",\"@id\":\"https:\\\/\\\/www.ghostysky.com\\\/#website\",\"url\":\"https:\\\/\\\/www.ghostysky.com\\\/\",\"name\":\"Ghostysky\",\"description\":\"Delivering professional drones and robotics solutions\",\"publisher\":{\"@id\":\"https:\\\/\\\/www.ghostysky.com\\\/#organization\"},\"potentialAction\":[{\"@type\":\"SearchAction\",\"target\":{\"@type\":\"EntryPoint\",\"urlTemplate\":\"https:\\\/\\\/www.ghostysky.com\\\/?s={search_term_string}\"},\"query-input\":{\"@type\":\"PropertyValueSpecification\",\"valueRequired\":true,\"valueName\":\"search_term_string\"}}],\"inLanguage\":\"fr-FR\"},{\"@type\":\"Organization\",\"@id\":\"https:\\\/\\\/www.ghostysky.com\\\/#organization\",\"name\":\"Ghostysky\",\"url\":\"https:\\\/\\\/www.ghostysky.com\\\/\",\"logo\":{\"@type\":\"ImageObject\",\"inLanguage\":\"fr-FR\",\"@id\":\"https:\\\/\\\/www.ghostysky.com\\\/#\\\/schema\\\/logo\\\/image\\\/\",\"url\":\"https:\\\/\\\/www.ghostysky.com\\\/wp-content\\\/uploads\\\/2020\\\/06\\\/cropped-ghostyskylogo_text_white2.png\",\"contentUrl\":\"https:\\\/\\\/www.ghostysky.com\\\/wp-content\\\/uploads\\\/2020\\\/06\\\/cropped-ghostyskylogo_text_white2.png\",\"width\":169,\"height\":56,\"caption\":\"Ghostysky\"},\"image\":{\"@id\":\"https:\\\/\\\/www.ghostysky.com\\\/#\\\/schema\\\/logo\\\/image\\\/\"},\"sameAs\":[\"https:\\\/\\\/www.facebook.com\\\/people\\\/Ghostysky\\\/100057676170234\\\/\",\"https:\\\/\\\/x.com\\\/Gh0stysky\",\"https:\\\/\\\/www.linkedin.com\\\/company\\\/34739653\",\"https:\\\/\\\/www.instagram.com\\\/gh0stysky\"]}]}<\/script>\n<!-- \/ Yoast SEO plugin. -->","yoast_head_json":{"title":"DJI Matrice 400 Worry-Free Plus Combo - Ghostysky","description":"Le DJI Matrice 400 Worry-Free Plus Combo est la plateforme de drones d&#039;entreprise phare par excellence, con\u00e7ue pour les applications industrielles exigeantes telles que les interventions d&#039;urgence, les inspections \u00e9lectriques, la cartographie et l&#039;architecture, l&#039;ing\u00e9nierie et la construction (AEC). Ce combo garantit une exp\u00e9rience op\u00e9rationnelle compl\u00e8te et fiable gr\u00e2ce \u00e0 un contrat d&#039;entretien premium et aux accessoires essentiels.","robots":{"index":"index","follow":"follow","max-snippet":"max-snippet:-1","max-image-preview":"max-image-preview:large","max-video-preview":"max-video-preview:-1"},"canonical":"https:\/\/www.ghostysky.com\/fr\/product\/dji-matrice-400-worry-free-plus-combo\/","og_locale":"fr_FR","og_type":"article","og_title":"DJI Matrice 400 Worry-Free Plus Combo - Ghostysky","og_description":"The DJI Matrice 400 Worry-Free Plus Combo is the ultimate enterprise flagship drone platform, engineered for demanding industrial applications such as emergency response, power inspections, mapping, and Architecture, Engineering, and Construction (AEC). This combo ensures a comprehensive and reliable operational experience by including a premium care plan and essential accessories.","og_url":"https:\/\/www.ghostysky.com\/fr\/product\/dji-matrice-400-worry-free-plus-combo\/","og_site_name":"Ghostysky","article_publisher":"https:\/\/www.facebook.com\/people\/Ghostysky\/100057676170234\/","article_modified_time":"2025-10-18T03:41:14+00:00","og_image":[{"width":800,"height":800,"url":"https:\/\/www.ghostysky.com\/wp-content\/uploads\/2025\/10\/GH_DJI-Matrice-400-Worry-Free-Plus-Combo_1.jpg","type":"image\/jpeg"}],"twitter_card":"summary_large_image","twitter_site":"@Gh0stysky","twitter_misc":{"Dur\u00e9e de lecture estim\u00e9e":"3 minutes"},"schema":{"@context":"https:\/\/schema.org","@graph":[{"@type":"WebPage","@id":"https:\/\/www.ghostysky.com\/product\/dji-matrice-400-worry-free-plus-combo\/","url":"https:\/\/www.ghostysky.com\/product\/dji-matrice-400-worry-free-plus-combo\/","name":"DJI Matrice 400 Worry-Free Plus Combo - Ghostysky","isPartOf":{"@id":"https:\/\/www.ghostysky.com\/#website"},"primaryImageOfPage":{"@id":"https:\/\/www.ghostysky.com\/product\/dji-matrice-400-worry-free-plus-combo\/#primaryimage"},"image":{"@id":"https:\/\/www.ghostysky.com\/product\/dji-matrice-400-worry-free-plus-combo\/#primaryimage"},"thumbnailUrl":"https:\/\/www.ghostysky.com\/wp-content\/uploads\/2025\/10\/GH_DJI-Matrice-400-Worry-Free-Plus-Combo_1.jpg","datePublished":"2025-10-18T03:15:36+00:00","dateModified":"2025-10-18T03:41:14+00:00","description":"Le DJI Matrice 400 Worry-Free Plus Combo est la plateforme de drones d&#039;entreprise phare par excellence, con\u00e7ue pour les applications industrielles exigeantes telles que les interventions d&#039;urgence, les inspections \u00e9lectriques, la cartographie et l&#039;architecture, l&#039;ing\u00e9nierie et la construction (AEC). Ce combo garantit une exp\u00e9rience op\u00e9rationnelle compl\u00e8te et fiable gr\u00e2ce \u00e0 un contrat d&#039;entretien premium et aux accessoires essentiels.","breadcrumb":{"@id":"https:\/\/www.ghostysky.com\/product\/dji-matrice-400-worry-free-plus-combo\/#breadcrumb"},"inLanguage":"fr-FR","potentialAction":[{"@type":"ReadAction","target":["https:\/\/www.ghostysky.com\/product\/dji-matrice-400-worry-free-plus-combo\/"]}]},{"@type":"ImageObject","inLanguage":"fr-FR","@id":"https:\/\/www.ghostysky.com\/product\/dji-matrice-400-worry-free-plus-combo\/#primaryimage","url":"https:\/\/www.ghostysky.com\/wp-content\/uploads\/2025\/10\/GH_DJI-Matrice-400-Worry-Free-Plus-Combo_1.jpg","contentUrl":"https:\/\/www.ghostysky.com\/wp-content\/uploads\/2025\/10\/GH_DJI-Matrice-400-Worry-Free-Plus-Combo_1.jpg","width":800,"height":800},{"@type":"BreadcrumbList","@id":"https:\/\/www.ghostysky.com\/product\/dji-matrice-400-worry-free-plus-combo\/#breadcrumb","itemListElement":[{"@type":"ListItem","position":1,"name":"Home","item":"https:\/\/www.ghostysky.com\/"},{"@type":"ListItem","position":2,"name":"Shop","item":"https:\/\/www.ghostysky.com\/shop\/"},{"@type":"ListItem","position":3,"name":"DJI Matrice 400 Worry-Free Plus Combo"}]},{"@type":"WebSite","@id":"https:\/\/www.ghostysky.com\/#website","url":"https:\/\/www.ghostysky.com\/","name":"Ghostysky","description":"Fourniture de solutions professionnelles en mati\u00e8re de drones et de robotique","publisher":{"@id":"https:\/\/www.ghostysky.com\/#organization"},"potentialAction":[{"@type":"SearchAction","target":{"@type":"EntryPoint","urlTemplate":"https:\/\/www.ghostysky.com\/?s={search_term_string}"},"query-input":{"@type":"PropertyValueSpecification","valueRequired":true,"valueName":"search_term_string"}}],"inLanguage":"fr-FR"},{"@type":"Organization","@id":"https:\/\/www.ghostysky.com\/#organization","name":"Ghostysky","url":"https:\/\/www.ghostysky.com\/","logo":{"@type":"ImageObject","inLanguage":"fr-FR","@id":"https:\/\/www.ghostysky.com\/#\/schema\/logo\/image\/","url":"https:\/\/www.ghostysky.com\/wp-content\/uploads\/2020\/06\/cropped-ghostyskylogo_text_white2.png","contentUrl":"https:\/\/www.ghostysky.com\/wp-content\/uploads\/2020\/06\/cropped-ghostyskylogo_text_white2.png","width":169,"height":56,"caption":"Ghostysky"},"image":{"@id":"https:\/\/www.ghostysky.com\/#\/schema\/logo\/image\/"},"sameAs":["https:\/\/www.facebook.com\/people\/Ghostysky\/100057676170234\/","https:\/\/x.com\/Gh0stysky","https:\/\/www.linkedin.com\/company\/34739653","https:\/\/www.instagram.com\/gh0stysky"]}]}},"_links":{"self":[{"href":"https:\/\/www.ghostysky.com\/fr\/wp-json\/wp\/v2\/product\/21837","targetHints":{"allow":["GET"]}}],"collection":[{"href":"https:\/\/www.ghostysky.com\/fr\/wp-json\/wp\/v2\/product"}],"about":[{"href":"https:\/\/www.ghostysky.com\/fr\/wp-json\/wp\/v2\/types\/product"}],"replies":[{"embeddable":true,"href":"https:\/\/www.ghostysky.com\/fr\/wp-json\/wp\/v2\/comments?post=21837"}],"version-history":[{"count":0,"href":"https:\/\/www.ghostysky.com\/fr\/wp-json\/wp\/v2\/product\/21837\/revisions"}],"wp:featuredmedia":[{"embeddable":true,"href":"https:\/\/www.ghostysky.com\/fr\/wp-json\/wp\/v2\/media\/21840"}],"wp:attachment":[{"href":"https:\/\/www.ghostysky.com\/fr\/wp-json\/wp\/v2\/media?parent=21837"}],"wp:term":[{"taxonomy":"product_brand","embeddable":true,"href":"https:\/\/www.ghostysky.com\/fr\/wp-json\/wp\/v2\/product_brand?post=21837"},{"taxonomy":"product_cat","embeddable":true,"href":"https:\/\/www.ghostysky.com\/fr\/wp-json\/wp\/v2\/product_cat?post=21837"},{"taxonomy":"product_tag","embeddable":true,"href":"https:\/\/www.ghostysky.com\/fr\/wp-json\/wp\/v2\/product_tag?post=21837"}],"curies":[{"name":"wp","href":"https:\/\/api.w.org\/{rel}","templated":true}]}}