{"id":21841,"date":"2025-10-18T03:36:18","date_gmt":"2025-10-18T03:36:18","guid":{"rendered":"https:\/\/www.ghostysky.com\/?post_type=product&#038;p=21841"},"modified":"2025-10-18T04:16:37","modified_gmt":"2025-10-18T04:16:37","slug":"czi-ir10-infrared-zoom-spotlight","status":"publish","type":"product","link":"https:\/\/www.ghostysky.com\/fr\/product\/czi-ir10-infrared-zoom-spotlight\/","title":{"rendered":"Projecteur zoom infrarouge CZI IR10"},"content":{"rendered":"<div id=\"model-response-message-contentr_55bc02040a3d26f8\" class=\"markdown markdown-main-panel stronger enable-updated-hr-color\" dir=\"ltr\">\n<div id=\"model-response-message-contentr_7d191a1853b28634\" class=\"markdown markdown-main-panel stronger enable-updated-hr-color\" dir=\"ltr\">\n<div id=\"model-response-message-contentr_4bdeaa6da8c41b15\" class=\"markdown markdown-main-panel stronger enable-updated-hr-color\" dir=\"ltr\">\n<div id=\"model-response-message-contentr_e0d74dc8e10239d5\" class=\"markdown markdown-main-panel stronger enable-updated-hr-color\" dir=\"ltr\">\n<h3><b>Caract\u00e9ristiques principales<\/b><\/h3>\n<ul>\n<li><b><span class=\"citation-1700\">\u00c9clairage infrarouge furtif :<\/span><\/b><span class=\"citation-1700\"> Utilise la derni\u00e8re technologie de g\u00e9n\u00e9rateur laser \u00e0 fibre pour produire un puissant faisceau de lumi\u00e8re infrarouge (IR) qui est pratiquement <\/span><b><span class=\"citation-1700\">invisible \u00e0 l&#039;\u0153il humain<\/span><\/b><span class=\"citation-1700 citation-end-1700\">, ce qui le rend id\u00e9al pour les op\u00e9rations furtives et secr\u00e8tes.<\/span><\/li>\n<li><b><span class=\"citation-1699\">Distance efficace ultra-longue :<\/span><\/b><span class=\"citation-1699\"> Fournit une lumi\u00e8re infrarouge claire avec une distance d&#039;\u00e9clairage efficace de <\/span><b><span class=\"citation-1699\">plus de 1000 m\u00e8tres<\/span><\/b><span class=\"citation-1699 citation-end-1699\"> (0,62 mille).<\/span><\/li>\n<li><b><span class=\"citation-1698\">Zoom optique 70x :<\/span><\/b><span class=\"citation-1698\"> Dispose d&#039;un impressionnant <\/span><b><span class=\"citation-1698\">Zoom optique 70x<\/span><\/b><span class=\"citation-1698 citation-end-1698\"> capacit\u00e9 permettant un suivi et une reconnaissance tr\u00e8s pr\u00e9cis avec un contr\u00f4le flexible de la focalisation et de la luminosit\u00e9 du faisceau (gradation lin\u00e9aire).<\/span><\/li>\n<li><b><span class=\"citation-1697\">Imagerie am\u00e9lior\u00e9e :<\/span><\/b><span class=\"citation-1697\"> Fonctionne en conjonction avec des charges utiles compatibles telles que le <\/span><b><span class=\"citation-1697\">DJI Zenmuse H20\/H20T\/H20N<\/span><\/b><span class=\"citation-1697 citation-end-1697\"> (en mode IR) et d&#039;autres cam\u00e9ras \u00e0 zoom \u00e0 cardan pour fournir une lumi\u00e8re suppl\u00e9mentaire nette et claire pour des images nocturnes de haute qualit\u00e9.<\/span><\/li>\n<li><b><span class=\"citation-1696\">Performances toutes saisons :<\/span><\/b><span class=\"citation-1696\"> Disponible en diff\u00e9rentes versions, dont une <\/span><b><span class=\"citation-1696\">940 nm<\/span><\/b><span class=\"citation-1696\"> option pour une exposition IR minimale (la plus secr\u00e8te) et une <\/span><b><span class=\"citation-1696\">808 nm<\/span><\/b><span class=\"citation-1696 citation-end-1696\"> version offrant une excellente p\u00e9n\u00e9tration de la pluie, de la fum\u00e9e et de la brume, assurant une visibilit\u00e9 claire dans des conditions environnementales difficiles.<\/span><\/li>\n<li><b>Construction de qualit\u00e9 industrielle :<\/b><span class=\"citation-1695\"> Construit avec des groupes de lentilles optiques d&#039;imagerie, il est <\/span><b><span class=\"citation-1695\">\u00e9tanche \u00e0 l&#039;eau et \u00e0 la poussi\u00e8re<\/span><\/b><span class=\"citation-1695 citation-end-1695\">, prenant en charge une capacit\u00e9 de d\u00e9marrage \u00e0 froid \u00e0 des temp\u00e9ratures aussi basses que <\/span><span class=\"math-inline\" data-math=\"-35^\\circ \\text{C}\"><span class=\"katex\"><span class=\"katex-html\" aria-hidden=\"true\"><span class=\"base\"><span class=\"mord\">\u2212<\/span><span class=\"mord\">3<\/span><span class=\"mord\">5<span class=\"msupsub\"><span class=\"vlist-t\"><span class=\"vlist-r\"><span class=\"vlist\"><span class=\"\"><span class=\"sizing reset-size6 size3 mtight\"><span class=\"mbin mtight\">\u2218<\/span><\/span><\/span><\/span><\/span><\/span><\/span><\/span><span class=\"mord text\"><span class=\"mord\">C<\/span><\/span><\/span><\/span><\/span><\/span><span class=\"citation-1694 citation-end-1694\">.<\/span><\/li>\n<li><b><span class=\"citation-1693\">Int\u00e9gration transparente des drones\u00a0:<\/span><\/b><span class=\"citation-1693\"> Se monte directement sur les drones DJI Enterprise compatibles, tels que le <\/span><b><span class=\"citation-1693\">S\u00e9ries Matrice 350 RTK, Matrice 300 RTK et Matrice 200 V2<\/span><\/b><span class=\"citation-1693\">, via le <\/span><b><span class=\"citation-1693\">DJI SkyPort V2.0<\/span><\/b><span class=\"citation-1693 citation-end-1693\"> interface.<\/span><\/li>\n<li><b><span class=\"citation-1692\">Fonctionnalit\u00e9s de s\u00e9curit\u00e9 intelligentes\u00a0:<\/span><\/b><span class=\"citation-1692 citation-end-1692\"> Puce intelligente int\u00e9gr\u00e9e pour l&#039;auto-v\u00e9rification de l&#039;\u00e9tat de l&#039;alimentation \u00e9lectrique et de la temp\u00e9rature du panneau lumineux, y compris la protection d&#039;arr\u00eat automatique contre les d\u00e9charges excessives et les surtensions.<\/span>\n<div class=\"source-inline-chip-container ng-star-inserted\"><\/div>\n<\/li>\n<\/ul>\n<p><span class=\"citation-1691\">Le CZI IR10 est un outil indispensable pour les professionnels de <\/span><b><span class=\"citation-1691\">application de la loi, s\u00e9curit\u00e9 publique, recherche et sauvetage et inspection<\/span><\/b><span class=\"citation-1691 citation-end-1691\"> qui n\u00e9cessitent un \u00e9clairage sup\u00e9rieur et discret pour des missions s&#039;\u00e9tendant au-del\u00e0 de l&#039;obscurit\u00e9 visuelle.<\/span><\/p>\n<div class=\"source-inline-chip-container ng-star-inserted\"><\/div>\n<\/div>\n<\/div>\n<\/div>\n<\/div>","protected":false},"excerpt":{"rendered":"<p>Le projecteur zoom infrarouge CZI IR10 est une puissante charge utile d&#039;\u00e9clairage a\u00e9rien longue port\u00e9e con\u00e7ue pour la vision nocturne avanc\u00e9e et la surveillance secr\u00e8te \u00e0 l&#039;aide de drones DJI Enterprise.<\/p>","protected":false},"featured_media":21842,"comment_status":"open","ping_status":"closed","template":"","meta":[],"product_brand":[1031],"product_cat":[37,1125,1127],"product_tag":[42,1131,1128],"class_list":{"0":"post-21841","1":"product","2":"type-product","3":"status-publish","4":"has-post-thumbnail","6":"product_brand-dji","7":"product_cat-dji","8":"product_cat-matrice-400","9":"product_cat-matrice-400-accessories","10":"product_tag-dji","11":"product_tag-dji-matrice-400-accessories","12":"product_tag-dji-matrice-400-series","14":"first","15":"onbackorder","16":"taxable","17":"shipping-taxable","18":"purchasable","19":"product-type-simple"},"yoast_head":"<!-- This site is optimized with the Yoast SEO plugin v27.1.1 - https:\/\/yoast.com\/product\/yoast-seo-wordpress\/ -->\n<title>CZI IR10 Infrared Zoom Spotlight - Ghostysky<\/title>\n<meta name=\"description\" content=\"The CZI IR10 Infrared Zoom Spotlight is a powerful, long-range aerial illumination payload designed for advanced night vision and covert surveillance using DJI Enterprise drones.\" \/>\n<meta name=\"robots\" content=\"index, follow, max-snippet:-1, max-image-preview:large, max-video-preview:-1\" \/>\n<link rel=\"canonical\" href=\"https:\/\/www.ghostysky.com\/fr\/product\/czi-ir10-infrared-zoom-spotlight\/\" \/>\n<meta property=\"og:locale\" content=\"fr_FR\" \/>\n<meta property=\"og:type\" content=\"article\" \/>\n<meta property=\"og:title\" content=\"CZI IR10 Infrared Zoom Spotlight - Ghostysky\" \/>\n<meta property=\"og:description\" content=\"The CZI IR10 Infrared Zoom Spotlight is a powerful, long-range aerial illumination payload designed for advanced night vision and covert surveillance using DJI Enterprise drones.\" \/>\n<meta property=\"og:url\" content=\"https:\/\/www.ghostysky.com\/fr\/product\/czi-ir10-infrared-zoom-spotlight\/\" \/>\n<meta property=\"og:site_name\" content=\"Ghostysky\" \/>\n<meta property=\"article:publisher\" content=\"https:\/\/www.facebook.com\/people\/Ghostysky\/100057676170234\/\" \/>\n<meta property=\"article:modified_time\" content=\"2025-10-18T04:16:37+00:00\" \/>\n<meta property=\"og:image\" content=\"https:\/\/www.ghostysky.com\/wp-content\/uploads\/2025\/10\/GH_CZI-IR10-Infrared-Zoom-Spotlight_1.jpg\" \/>\n\t<meta property=\"og:image:width\" content=\"800\" \/>\n\t<meta property=\"og:image:height\" content=\"800\" \/>\n\t<meta property=\"og:image:type\" content=\"image\/jpeg\" \/>\n<meta name=\"twitter:card\" content=\"summary_large_image\" \/>\n<meta name=\"twitter:site\" content=\"@Gh0stysky\" \/>\n<meta name=\"twitter:label1\" content=\"Dur\u00e9e de lecture estim\u00e9e\" \/>\n\t<meta name=\"twitter:data1\" content=\"2 minutes\" \/>\n<script type=\"application\/ld+json\" class=\"yoast-schema-graph\">{\"@context\":\"https:\/\/schema.org\",\"@graph\":[{\"@type\":\"WebPage\",\"@id\":\"https:\/\/www.ghostysky.com\/product\/czi-ir10-infrared-zoom-spotlight\/\",\"url\":\"https:\/\/www.ghostysky.com\/product\/czi-ir10-infrared-zoom-spotlight\/\",\"name\":\"CZI IR10 Infrared Zoom Spotlight - Ghostysky\",\"isPartOf\":{\"@id\":\"https:\/\/www.ghostysky.com\/#website\"},\"primaryImageOfPage\":{\"@id\":\"https:\/\/www.ghostysky.com\/product\/czi-ir10-infrared-zoom-spotlight\/#primaryimage\"},\"image\":{\"@id\":\"https:\/\/www.ghostysky.com\/product\/czi-ir10-infrared-zoom-spotlight\/#primaryimage\"},\"thumbnailUrl\":\"https:\/\/www.ghostysky.com\/wp-content\/uploads\/2025\/10\/GH_CZI-IR10-Infrared-Zoom-Spotlight_1.jpg\",\"datePublished\":\"2025-10-18T03:36:18+00:00\",\"dateModified\":\"2025-10-18T04:16:37+00:00\",\"description\":\"The CZI IR10 Infrared Zoom Spotlight is a powerful, long-range aerial illumination payload designed for advanced night vision and covert surveillance using DJI Enterprise drones.\",\"breadcrumb\":{\"@id\":\"https:\/\/www.ghostysky.com\/product\/czi-ir10-infrared-zoom-spotlight\/#breadcrumb\"},\"inLanguage\":\"fr-FR\",\"potentialAction\":[{\"@type\":\"ReadAction\",\"target\":[\"https:\/\/www.ghostysky.com\/product\/czi-ir10-infrared-zoom-spotlight\/\"]}]},{\"@type\":\"ImageObject\",\"inLanguage\":\"fr-FR\",\"@id\":\"https:\/\/www.ghostysky.com\/product\/czi-ir10-infrared-zoom-spotlight\/#primaryimage\",\"url\":\"https:\/\/www.ghostysky.com\/wp-content\/uploads\/2025\/10\/GH_CZI-IR10-Infrared-Zoom-Spotlight_1.jpg\",\"contentUrl\":\"https:\/\/www.ghostysky.com\/wp-content\/uploads\/2025\/10\/GH_CZI-IR10-Infrared-Zoom-Spotlight_1.jpg\",\"width\":800,\"height\":800},{\"@type\":\"BreadcrumbList\",\"@id\":\"https:\/\/www.ghostysky.com\/product\/czi-ir10-infrared-zoom-spotlight\/#breadcrumb\",\"itemListElement\":[{\"@type\":\"ListItem\",\"position\":1,\"name\":\"Home\",\"item\":\"https:\/\/www.ghostysky.com\/\"},{\"@type\":\"ListItem\",\"position\":2,\"name\":\"Shop\",\"item\":\"https:\/\/www.ghostysky.com\/shop\/\"},{\"@type\":\"ListItem\",\"position\":3,\"name\":\"CZI IR10 Infrared Zoom Spotlight\"}]},{\"@type\":\"WebSite\",\"@id\":\"https:\/\/www.ghostysky.com\/#website\",\"url\":\"https:\/\/www.ghostysky.com\/\",\"name\":\"Ghostysky\",\"description\":\"Delivering professional drones and services\",\"publisher\":{\"@id\":\"https:\/\/www.ghostysky.com\/#organization\"},\"potentialAction\":[{\"@type\":\"SearchAction\",\"target\":{\"@type\":\"EntryPoint\",\"urlTemplate\":\"https:\/\/www.ghostysky.com\/?s={search_term_string}\"},\"query-input\":{\"@type\":\"PropertyValueSpecification\",\"valueRequired\":true,\"valueName\":\"search_term_string\"}}],\"inLanguage\":\"fr-FR\"},{\"@type\":\"Organization\",\"@id\":\"https:\/\/www.ghostysky.com\/#organization\",\"name\":\"Ghostysky\",\"url\":\"https:\/\/www.ghostysky.com\/\",\"logo\":{\"@type\":\"ImageObject\",\"inLanguage\":\"fr-FR\",\"@id\":\"https:\/\/www.ghostysky.com\/#\/schema\/logo\/image\/\",\"url\":\"https:\/\/www.ghostysky.com\/wp-content\/uploads\/2020\/06\/cropped-ghostyskylogo_text_white2.png\",\"contentUrl\":\"https:\/\/www.ghostysky.com\/wp-content\/uploads\/2020\/06\/cropped-ghostyskylogo_text_white2.png\",\"width\":169,\"height\":56,\"caption\":\"Ghostysky\"},\"image\":{\"@id\":\"https:\/\/www.ghostysky.com\/#\/schema\/logo\/image\/\"},\"sameAs\":[\"https:\/\/www.facebook.com\/people\/Ghostysky\/100057676170234\/\",\"https:\/\/x.com\/Gh0stysky\",\"https:\/\/www.linkedin.com\/company\/34739653\",\"https:\/\/www.instagram.com\/gh0stysky\"]}]}<\/script>\n<!-- \/ Yoast SEO plugin. -->","yoast_head_json":{"title":"Projecteur zoom infrarouge CZI IR10 - Ghostysky","description":"Le projecteur zoom infrarouge CZI IR10 est une puissante charge utile d&#039;\u00e9clairage a\u00e9rien longue port\u00e9e con\u00e7ue pour la vision nocturne avanc\u00e9e et la surveillance secr\u00e8te \u00e0 l&#039;aide de drones DJI Enterprise.","robots":{"index":"index","follow":"follow","max-snippet":"max-snippet:-1","max-image-preview":"max-image-preview:large","max-video-preview":"max-video-preview:-1"},"canonical":"https:\/\/www.ghostysky.com\/fr\/product\/czi-ir10-infrared-zoom-spotlight\/","og_locale":"fr_FR","og_type":"article","og_title":"CZI IR10 Infrared Zoom Spotlight - Ghostysky","og_description":"The CZI IR10 Infrared Zoom Spotlight is a powerful, long-range aerial illumination payload designed for advanced night vision and covert surveillance using DJI Enterprise drones.","og_url":"https:\/\/www.ghostysky.com\/fr\/product\/czi-ir10-infrared-zoom-spotlight\/","og_site_name":"Ghostysky","article_publisher":"https:\/\/www.facebook.com\/people\/Ghostysky\/100057676170234\/","article_modified_time":"2025-10-18T04:16:37+00:00","og_image":[{"width":800,"height":800,"url":"https:\/\/www.ghostysky.com\/wp-content\/uploads\/2025\/10\/GH_CZI-IR10-Infrared-Zoom-Spotlight_1.jpg","type":"image\/jpeg"}],"twitter_card":"summary_large_image","twitter_site":"@Gh0stysky","twitter_misc":{"Dur\u00e9e de lecture estim\u00e9e":"2 minutes"},"schema":{"@context":"https:\/\/schema.org","@graph":[{"@type":"WebPage","@id":"https:\/\/www.ghostysky.com\/product\/czi-ir10-infrared-zoom-spotlight\/","url":"https:\/\/www.ghostysky.com\/product\/czi-ir10-infrared-zoom-spotlight\/","name":"Projecteur zoom infrarouge CZI IR10 - Ghostysky","isPartOf":{"@id":"https:\/\/www.ghostysky.com\/#website"},"primaryImageOfPage":{"@id":"https:\/\/www.ghostysky.com\/product\/czi-ir10-infrared-zoom-spotlight\/#primaryimage"},"image":{"@id":"https:\/\/www.ghostysky.com\/product\/czi-ir10-infrared-zoom-spotlight\/#primaryimage"},"thumbnailUrl":"https:\/\/www.ghostysky.com\/wp-content\/uploads\/2025\/10\/GH_CZI-IR10-Infrared-Zoom-Spotlight_1.jpg","datePublished":"2025-10-18T03:36:18+00:00","dateModified":"2025-10-18T04:16:37+00:00","description":"Le projecteur zoom infrarouge CZI IR10 est une puissante charge utile d&#039;\u00e9clairage a\u00e9rien longue port\u00e9e con\u00e7ue pour la vision nocturne avanc\u00e9e et la surveillance secr\u00e8te \u00e0 l&#039;aide de drones DJI Enterprise.","breadcrumb":{"@id":"https:\/\/www.ghostysky.com\/product\/czi-ir10-infrared-zoom-spotlight\/#breadcrumb"},"inLanguage":"fr-FR","potentialAction":[{"@type":"ReadAction","target":["https:\/\/www.ghostysky.com\/product\/czi-ir10-infrared-zoom-spotlight\/"]}]},{"@type":"ImageObject","inLanguage":"fr-FR","@id":"https:\/\/www.ghostysky.com\/product\/czi-ir10-infrared-zoom-spotlight\/#primaryimage","url":"https:\/\/www.ghostysky.com\/wp-content\/uploads\/2025\/10\/GH_CZI-IR10-Infrared-Zoom-Spotlight_1.jpg","contentUrl":"https:\/\/www.ghostysky.com\/wp-content\/uploads\/2025\/10\/GH_CZI-IR10-Infrared-Zoom-Spotlight_1.jpg","width":800,"height":800},{"@type":"BreadcrumbList","@id":"https:\/\/www.ghostysky.com\/product\/czi-ir10-infrared-zoom-spotlight\/#breadcrumb","itemListElement":[{"@type":"ListItem","position":1,"name":"Home","item":"https:\/\/www.ghostysky.com\/"},{"@type":"ListItem","position":2,"name":"Shop","item":"https:\/\/www.ghostysky.com\/shop\/"},{"@type":"ListItem","position":3,"name":"CZI IR10 Infrared Zoom Spotlight"}]},{"@type":"WebSite","@id":"https:\/\/www.ghostysky.com\/#website","url":"https:\/\/www.ghostysky.com\/","name":"Ghostysky","description":"Livraison de drones et de services professionnels","publisher":{"@id":"https:\/\/www.ghostysky.com\/#organization"},"potentialAction":[{"@type":"SearchAction","target":{"@type":"EntryPoint","urlTemplate":"https:\/\/www.ghostysky.com\/?s={search_term_string}"},"query-input":{"@type":"PropertyValueSpecification","valueRequired":true,"valueName":"search_term_string"}}],"inLanguage":"fr-FR"},{"@type":"Organization","@id":"https:\/\/www.ghostysky.com\/#organization","name":"Ghostysky","url":"https:\/\/www.ghostysky.com\/","logo":{"@type":"ImageObject","inLanguage":"fr-FR","@id":"https:\/\/www.ghostysky.com\/#\/schema\/logo\/image\/","url":"https:\/\/www.ghostysky.com\/wp-content\/uploads\/2020\/06\/cropped-ghostyskylogo_text_white2.png","contentUrl":"https:\/\/www.ghostysky.com\/wp-content\/uploads\/2020\/06\/cropped-ghostyskylogo_text_white2.png","width":169,"height":56,"caption":"Ghostysky"},"image":{"@id":"https:\/\/www.ghostysky.com\/#\/schema\/logo\/image\/"},"sameAs":["https:\/\/www.facebook.com\/people\/Ghostysky\/100057676170234\/","https:\/\/x.com\/Gh0stysky","https:\/\/www.linkedin.com\/company\/34739653","https:\/\/www.instagram.com\/gh0stysky"]}]}},"_links":{"self":[{"href":"https:\/\/www.ghostysky.com\/fr\/wp-json\/wp\/v2\/product\/21841","targetHints":{"allow":["GET"]}}],"collection":[{"href":"https:\/\/www.ghostysky.com\/fr\/wp-json\/wp\/v2\/product"}],"about":[{"href":"https:\/\/www.ghostysky.com\/fr\/wp-json\/wp\/v2\/types\/product"}],"replies":[{"embeddable":true,"href":"https:\/\/www.ghostysky.com\/fr\/wp-json\/wp\/v2\/comments?post=21841"}],"wp:featuredmedia":[{"embeddable":true,"href":"https:\/\/www.ghostysky.com\/fr\/wp-json\/wp\/v2\/media\/21842"}],"wp:attachment":[{"href":"https:\/\/www.ghostysky.com\/fr\/wp-json\/wp\/v2\/media?parent=21841"}],"wp:term":[{"taxonomy":"product_brand","embeddable":true,"href":"https:\/\/www.ghostysky.com\/fr\/wp-json\/wp\/v2\/product_brand?post=21841"},{"taxonomy":"product_cat","embeddable":true,"href":"https:\/\/www.ghostysky.com\/fr\/wp-json\/wp\/v2\/product_cat?post=21841"},{"taxonomy":"product_tag","embeddable":true,"href":"https:\/\/www.ghostysky.com\/fr\/wp-json\/wp\/v2\/product_tag?post=21841"}],"curies":[{"name":"wp","href":"https:\/\/api.w.org\/{rel}","templated":true}]}}