{"id":21860,"date":"2025-10-18T04:11:34","date_gmt":"2025-10-18T04:11:34","guid":{"rendered":"https:\/\/www.ghostysky.com\/?post_type=product&#038;p=21860"},"modified":"2025-10-18T04:20:46","modified_gmt":"2025-10-18T04:20:46","slug":"czi-ir10-infrared-zoom-spotlight-copy","status":"publish","type":"product","link":"https:\/\/www.ghostysky.com\/fr\/product\/czi-ir10-infrared-zoom-spotlight-copy\/","title":{"rendered":"Batterie connect\u00e9e DJI TB100C"},"content":{"rendered":"<div id=\"model-response-message-contentr_55bc02040a3d26f8\" class=\"markdown markdown-main-panel stronger enable-updated-hr-color\" dir=\"ltr\">\n<div id=\"model-response-message-contentr_7d191a1853b28634\" class=\"markdown markdown-main-panel stronger enable-updated-hr-color\" dir=\"ltr\">\n<div id=\"model-response-message-contentr_4bdeaa6da8c41b15\" class=\"markdown markdown-main-panel stronger enable-updated-hr-color\" dir=\"ltr\">\n<div id=\"model-response-message-contentr_e0d74dc8e10239d5\" class=\"markdown markdown-main-panel stronger enable-updated-hr-color\" dir=\"ltr\">\n<h3><b>Principales fonctionnalit\u00e9s et applications<\/b><\/h3>\n<ul>\n<li><b>Distribution d&#039;\u00e9nergie continue :<\/b><span class=\"citation-1724 citation-end-1724\"> Le TB100C est con\u00e7u pour \u00eatre utilis\u00e9 avec des syst\u00e8mes d&#039;alimentation filaires et des stations au sol tiers approuv\u00e9s.<\/span> <span class=\"citation-1723\">Lorsqu&#039;il est connect\u00e9 via un c\u00e2ble, il fournit une alimentation continue au Matrice 400, \u00e9liminant ainsi le besoin de changer de batterie et permettant <\/span><b><span class=\"citation-1723\">vol stationnaire prolong\u00e9 ou op\u00e9rations de longue dur\u00e9e<\/span><\/b><span class=\"citation-1723 citation-end-1723\">.<\/span><\/li>\n<li><b>Puissance haute capacit\u00e9 :<\/b><span class=\"citation-1722\"> Il dispose d&#039;une capacit\u00e9 substantielle de <\/span><b><span class=\"citation-1722\">20 254 mAh<\/span><\/b><span class=\"citation-1722\"> et <\/span><b><span class=\"citation-1722\">977 Wh<\/span><\/b><span class=\"citation-1722 citation-end-1722\"> (Li-ion 13S), fournissant une alimentation de secours robuste et facilitant la fonction d&#039;alimentation continue par c\u00e2ble.<\/span><\/li>\n<li><b>Applications critiques pour la mission :<\/b> Id\u00e9al pour les t\u00e2ches n\u00e9cessitant une pr\u00e9sence a\u00e9rienne persistante, telles que :\n<ul>\n<li><b><span class=\"citation-1721\">Surveillance et s\u00e9curit\u00e9 24 heures sur 24 :<\/span><\/b><span class=\"citation-1721 citation-end-1721\"> Surveillance continue des p\u00e9rim\u00e8tres sensibles.<\/span><\/li>\n<li><b><span class=\"citation-1720\">Relais de communication :<\/span><\/b><span class=\"citation-1720 citation-end-1720\"> Maintenir une station de base de communication a\u00e9roport\u00e9e.<\/span><\/li>\n<li><b><span class=\"citation-1719\">\u00c9clairage a\u00e9rien :<\/span><\/b><span class=\"citation-1719 citation-end-1719\"> Assurer un \u00e9clairage a\u00e9rien de longue dur\u00e9e.<\/span><\/li>\n<li><b><span class=\"citation-1718\">Surveillance statique et inspections fixes :<\/span><\/b><span class=\"citation-1718 citation-end-1718\"> Observation \u00e0 long terme d&#039;infrastructures ou d&#039;\u00e9v\u00e9nements.<\/span>\n<div class=\"source-inline-chip-container ng-star-inserted\"><\/div>\n<\/li>\n<\/ul>\n<\/li>\n<li><b>Prise en charge de l&#039;\u00e9cosyst\u00e8me tiers\u00a0:<\/b><span class=\"citation-1717 citation-end-1717\"> La batterie comprend des ports r\u00e9serv\u00e9s pour prendre en charge le d\u00e9veloppement de produits de stations de recharge automatis\u00e9es, tels que des stations d&#039;accueil pour drones, par des int\u00e9grateurs tiers.<\/span><\/li>\n<li><b>Fonctionnalit\u00e9s intelligentes :<\/b><span class=\"citation-1716 citation-end-1716\"> Prend en charge la gestion intelligente de l&#039;alimentation, la surveillance de la tension, de la temp\u00e9rature et du courant pour une alimentation \u00e9nerg\u00e9tique s\u00fbre et coh\u00e9rente.<\/span> <span class=\"citation-1715\">Il est \u00e9valu\u00e9 jusqu&#039;\u00e0 <\/span><b><span class=\"citation-1715\">400 cycles de charge<\/span><\/b><span class=\"citation-1715 citation-end-1715\">.<\/span><\/li>\n<li><b>Compatibilit\u00e9:<\/b><span class=\"citation-1714\"> Exclusivement compatible avec le <\/span><b><span class=\"citation-1714\">DJI Matrice 400<\/span><\/b><span class=\"citation-1714\"> et le <\/span><b><span class=\"citation-1714\">Station de batterie intelligente DJI BS100<\/span><\/b><span class=\"citation-1714 citation-end-1714\"> pour le chargement dans la bo\u00eete.<\/span><\/li>\n<\/ul>\n<\/div>\n<\/div>\n<\/div>\n<\/div>","protected":false},"excerpt":{"rendered":"<p><span class=\"citation-1725\">La batterie connect\u00e9e DJI TB100C est une solution d&#039;alimentation haute capacit\u00e9 con\u00e7ue sp\u00e9cifiquement pour le <\/span><b><span class=\"citation-1725\">DJI Matrice 400<\/span><\/b><span class=\"citation-1725\"> drone d&#039;entreprise, permettant <\/span><b><span class=\"citation-1725\">temps de vol quasi illimit\u00e9<\/span><\/b><span class=\"citation-1725 citation-end-1725\"> pour des missions \u00e0 position fixe et de longue dur\u00e9e.<\/span><\/p>\n<div class=\"source-inline-chip-container ng-star-inserted\"><\/div>\n<p>&nbsp;<\/p>","protected":false},"featured_media":21864,"comment_status":"open","ping_status":"closed","template":"","meta":[],"product_brand":[1031],"product_cat":[37,1125,1127],"product_tag":[42,1131,1128],"class_list":{"0":"post-21860","1":"product","2":"type-product","3":"status-publish","4":"has-post-thumbnail","6":"product_brand-dji","7":"product_cat-dji","8":"product_cat-matrice-400","9":"product_cat-matrice-400-accessories","10":"product_tag-dji","11":"product_tag-dji-matrice-400-accessories","12":"product_tag-dji-matrice-400-series","14":"first","15":"onbackorder","16":"taxable","17":"shipping-taxable","18":"purchasable","19":"product-type-simple"},"yoast_head":"<!-- This site is optimized with the Yoast SEO plugin v27.4 - https:\/\/yoast.com\/product\/yoast-seo-wordpress\/ -->\n<title>DJI TB100C Tethered Battery - Ghostysky<\/title>\n<meta name=\"description\" content=\"The DJI TB100C Tethered Battery is a high-capacity power solution designed specifically for the DJI Matrice 400 enterprise drone, enabling near-unlimited flight time for fixed-position, long-duration missions.\" \/>\n<meta name=\"robots\" content=\"index, follow, max-snippet:-1, max-image-preview:large, max-video-preview:-1\" \/>\n<link rel=\"canonical\" href=\"https:\/\/www.ghostysky.com\/fr\/product\/czi-ir10-infrared-zoom-spotlight-copy\/\" \/>\n<meta property=\"og:locale\" content=\"fr_FR\" \/>\n<meta property=\"og:type\" content=\"article\" \/>\n<meta property=\"og:title\" content=\"DJI TB100C Tethered Battery - Ghostysky\" \/>\n<meta property=\"og:description\" content=\"The DJI TB100C Tethered Battery is a high-capacity power solution designed specifically for the DJI Matrice 400 enterprise drone, enabling near-unlimited flight time for fixed-position, long-duration missions.\" \/>\n<meta property=\"og:url\" content=\"https:\/\/www.ghostysky.com\/fr\/product\/czi-ir10-infrared-zoom-spotlight-copy\/\" \/>\n<meta property=\"og:site_name\" content=\"Ghostysky\" \/>\n<meta property=\"article:publisher\" content=\"https:\/\/www.facebook.com\/people\/Ghostysky\/100057676170234\/\" \/>\n<meta property=\"article:modified_time\" content=\"2025-10-18T04:20:46+00:00\" \/>\n<meta property=\"og:image\" content=\"https:\/\/www.ghostysky.com\/wp-content\/uploads\/2025\/10\/GH_DJI-TB100C-Tethered-Battery_1.jpg\" \/>\n\t<meta property=\"og:image:width\" content=\"800\" \/>\n\t<meta property=\"og:image:height\" content=\"800\" \/>\n\t<meta property=\"og:image:type\" content=\"image\/jpeg\" \/>\n<meta name=\"twitter:card\" content=\"summary_large_image\" \/>\n<meta name=\"twitter:site\" content=\"@Gh0stysky\" \/>\n<meta name=\"twitter:label1\" content=\"Dur\u00e9e de lecture estim\u00e9e\" \/>\n\t<meta name=\"twitter:data1\" content=\"2 minutes\" \/>\n<script type=\"application\/ld+json\" class=\"yoast-schema-graph\">{\"@context\":\"https:\\\/\\\/schema.org\",\"@graph\":[{\"@type\":\"WebPage\",\"@id\":\"https:\\\/\\\/www.ghostysky.com\\\/product\\\/czi-ir10-infrared-zoom-spotlight-copy\\\/\",\"url\":\"https:\\\/\\\/www.ghostysky.com\\\/product\\\/czi-ir10-infrared-zoom-spotlight-copy\\\/\",\"name\":\"DJI TB100C Tethered Battery - Ghostysky\",\"isPartOf\":{\"@id\":\"https:\\\/\\\/www.ghostysky.com\\\/#website\"},\"primaryImageOfPage\":{\"@id\":\"https:\\\/\\\/www.ghostysky.com\\\/product\\\/czi-ir10-infrared-zoom-spotlight-copy\\\/#primaryimage\"},\"image\":{\"@id\":\"https:\\\/\\\/www.ghostysky.com\\\/product\\\/czi-ir10-infrared-zoom-spotlight-copy\\\/#primaryimage\"},\"thumbnailUrl\":\"https:\\\/\\\/www.ghostysky.com\\\/wp-content\\\/uploads\\\/2025\\\/10\\\/GH_DJI-TB100C-Tethered-Battery_1.jpg\",\"datePublished\":\"2025-10-18T04:11:34+00:00\",\"dateModified\":\"2025-10-18T04:20:46+00:00\",\"description\":\"The DJI TB100C Tethered Battery is a high-capacity power solution designed specifically for the DJI Matrice 400 enterprise drone, enabling near-unlimited flight time for fixed-position, long-duration missions.\",\"breadcrumb\":{\"@id\":\"https:\\\/\\\/www.ghostysky.com\\\/product\\\/czi-ir10-infrared-zoom-spotlight-copy\\\/#breadcrumb\"},\"inLanguage\":\"fr-FR\",\"potentialAction\":[{\"@type\":\"ReadAction\",\"target\":[\"https:\\\/\\\/www.ghostysky.com\\\/product\\\/czi-ir10-infrared-zoom-spotlight-copy\\\/\"]}]},{\"@type\":\"ImageObject\",\"inLanguage\":\"fr-FR\",\"@id\":\"https:\\\/\\\/www.ghostysky.com\\\/product\\\/czi-ir10-infrared-zoom-spotlight-copy\\\/#primaryimage\",\"url\":\"https:\\\/\\\/www.ghostysky.com\\\/wp-content\\\/uploads\\\/2025\\\/10\\\/GH_DJI-TB100C-Tethered-Battery_1.jpg\",\"contentUrl\":\"https:\\\/\\\/www.ghostysky.com\\\/wp-content\\\/uploads\\\/2025\\\/10\\\/GH_DJI-TB100C-Tethered-Battery_1.jpg\",\"width\":800,\"height\":800},{\"@type\":\"BreadcrumbList\",\"@id\":\"https:\\\/\\\/www.ghostysky.com\\\/product\\\/czi-ir10-infrared-zoom-spotlight-copy\\\/#breadcrumb\",\"itemListElement\":[{\"@type\":\"ListItem\",\"position\":1,\"name\":\"Home\",\"item\":\"https:\\\/\\\/www.ghostysky.com\\\/\"},{\"@type\":\"ListItem\",\"position\":2,\"name\":\"Shop\",\"item\":\"https:\\\/\\\/www.ghostysky.com\\\/shop\\\/\"},{\"@type\":\"ListItem\",\"position\":3,\"name\":\"DJI TB100C Tethered Battery\"}]},{\"@type\":\"WebSite\",\"@id\":\"https:\\\/\\\/www.ghostysky.com\\\/#website\",\"url\":\"https:\\\/\\\/www.ghostysky.com\\\/\",\"name\":\"Ghostysky\",\"description\":\"Delivering professional drones and services\",\"publisher\":{\"@id\":\"https:\\\/\\\/www.ghostysky.com\\\/#organization\"},\"potentialAction\":[{\"@type\":\"SearchAction\",\"target\":{\"@type\":\"EntryPoint\",\"urlTemplate\":\"https:\\\/\\\/www.ghostysky.com\\\/?s={search_term_string}\"},\"query-input\":{\"@type\":\"PropertyValueSpecification\",\"valueRequired\":true,\"valueName\":\"search_term_string\"}}],\"inLanguage\":\"fr-FR\"},{\"@type\":\"Organization\",\"@id\":\"https:\\\/\\\/www.ghostysky.com\\\/#organization\",\"name\":\"Ghostysky\",\"url\":\"https:\\\/\\\/www.ghostysky.com\\\/\",\"logo\":{\"@type\":\"ImageObject\",\"inLanguage\":\"fr-FR\",\"@id\":\"https:\\\/\\\/www.ghostysky.com\\\/#\\\/schema\\\/logo\\\/image\\\/\",\"url\":\"https:\\\/\\\/www.ghostysky.com\\\/wp-content\\\/uploads\\\/2020\\\/06\\\/cropped-ghostyskylogo_text_white2.png\",\"contentUrl\":\"https:\\\/\\\/www.ghostysky.com\\\/wp-content\\\/uploads\\\/2020\\\/06\\\/cropped-ghostyskylogo_text_white2.png\",\"width\":169,\"height\":56,\"caption\":\"Ghostysky\"},\"image\":{\"@id\":\"https:\\\/\\\/www.ghostysky.com\\\/#\\\/schema\\\/logo\\\/image\\\/\"},\"sameAs\":[\"https:\\\/\\\/www.facebook.com\\\/people\\\/Ghostysky\\\/100057676170234\\\/\",\"https:\\\/\\\/x.com\\\/Gh0stysky\",\"https:\\\/\\\/www.linkedin.com\\\/company\\\/34739653\",\"https:\\\/\\\/www.instagram.com\\\/gh0stysky\"]}]}<\/script>\n<!-- \/ Yoast SEO plugin. -->","yoast_head_json":{"title":"Batterie connect\u00e9e DJI TB100C - Ghostysky","description":"La batterie connect\u00e9e DJI TB100C est une solution d&#039;alimentation haute capacit\u00e9 con\u00e7ue sp\u00e9cifiquement pour le drone d&#039;entreprise DJI Matrice 400, permettant un temps de vol quasi illimit\u00e9 pour les missions \u00e0 position fixe et de longue dur\u00e9e.","robots":{"index":"index","follow":"follow","max-snippet":"max-snippet:-1","max-image-preview":"max-image-preview:large","max-video-preview":"max-video-preview:-1"},"canonical":"https:\/\/www.ghostysky.com\/fr\/product\/czi-ir10-infrared-zoom-spotlight-copy\/","og_locale":"fr_FR","og_type":"article","og_title":"DJI TB100C Tethered Battery - Ghostysky","og_description":"The DJI TB100C Tethered Battery is a high-capacity power solution designed specifically for the DJI Matrice 400 enterprise drone, enabling near-unlimited flight time for fixed-position, long-duration missions.","og_url":"https:\/\/www.ghostysky.com\/fr\/product\/czi-ir10-infrared-zoom-spotlight-copy\/","og_site_name":"Ghostysky","article_publisher":"https:\/\/www.facebook.com\/people\/Ghostysky\/100057676170234\/","article_modified_time":"2025-10-18T04:20:46+00:00","og_image":[{"width":800,"height":800,"url":"https:\/\/www.ghostysky.com\/wp-content\/uploads\/2025\/10\/GH_DJI-TB100C-Tethered-Battery_1.jpg","type":"image\/jpeg"}],"twitter_card":"summary_large_image","twitter_site":"@Gh0stysky","twitter_misc":{"Dur\u00e9e de lecture estim\u00e9e":"2 minutes"},"schema":{"@context":"https:\/\/schema.org","@graph":[{"@type":"WebPage","@id":"https:\/\/www.ghostysky.com\/product\/czi-ir10-infrared-zoom-spotlight-copy\/","url":"https:\/\/www.ghostysky.com\/product\/czi-ir10-infrared-zoom-spotlight-copy\/","name":"Batterie connect\u00e9e DJI TB100C - Ghostysky","isPartOf":{"@id":"https:\/\/www.ghostysky.com\/#website"},"primaryImageOfPage":{"@id":"https:\/\/www.ghostysky.com\/product\/czi-ir10-infrared-zoom-spotlight-copy\/#primaryimage"},"image":{"@id":"https:\/\/www.ghostysky.com\/product\/czi-ir10-infrared-zoom-spotlight-copy\/#primaryimage"},"thumbnailUrl":"https:\/\/www.ghostysky.com\/wp-content\/uploads\/2025\/10\/GH_DJI-TB100C-Tethered-Battery_1.jpg","datePublished":"2025-10-18T04:11:34+00:00","dateModified":"2025-10-18T04:20:46+00:00","description":"La batterie connect\u00e9e DJI TB100C est une solution d&#039;alimentation haute capacit\u00e9 con\u00e7ue sp\u00e9cifiquement pour le drone d&#039;entreprise DJI Matrice 400, permettant un temps de vol quasi illimit\u00e9 pour les missions \u00e0 position fixe et de longue dur\u00e9e.","breadcrumb":{"@id":"https:\/\/www.ghostysky.com\/product\/czi-ir10-infrared-zoom-spotlight-copy\/#breadcrumb"},"inLanguage":"fr-FR","potentialAction":[{"@type":"ReadAction","target":["https:\/\/www.ghostysky.com\/product\/czi-ir10-infrared-zoom-spotlight-copy\/"]}]},{"@type":"ImageObject","inLanguage":"fr-FR","@id":"https:\/\/www.ghostysky.com\/product\/czi-ir10-infrared-zoom-spotlight-copy\/#primaryimage","url":"https:\/\/www.ghostysky.com\/wp-content\/uploads\/2025\/10\/GH_DJI-TB100C-Tethered-Battery_1.jpg","contentUrl":"https:\/\/www.ghostysky.com\/wp-content\/uploads\/2025\/10\/GH_DJI-TB100C-Tethered-Battery_1.jpg","width":800,"height":800},{"@type":"BreadcrumbList","@id":"https:\/\/www.ghostysky.com\/product\/czi-ir10-infrared-zoom-spotlight-copy\/#breadcrumb","itemListElement":[{"@type":"ListItem","position":1,"name":"Home","item":"https:\/\/www.ghostysky.com\/"},{"@type":"ListItem","position":2,"name":"Shop","item":"https:\/\/www.ghostysky.com\/shop\/"},{"@type":"ListItem","position":3,"name":"DJI TB100C Tethered Battery"}]},{"@type":"WebSite","@id":"https:\/\/www.ghostysky.com\/#website","url":"https:\/\/www.ghostysky.com\/","name":"Ghostysky","description":"Livraison de drones et de services professionnels","publisher":{"@id":"https:\/\/www.ghostysky.com\/#organization"},"potentialAction":[{"@type":"SearchAction","target":{"@type":"EntryPoint","urlTemplate":"https:\/\/www.ghostysky.com\/?s={search_term_string}"},"query-input":{"@type":"PropertyValueSpecification","valueRequired":true,"valueName":"search_term_string"}}],"inLanguage":"fr-FR"},{"@type":"Organization","@id":"https:\/\/www.ghostysky.com\/#organization","name":"Ghostysky","url":"https:\/\/www.ghostysky.com\/","logo":{"@type":"ImageObject","inLanguage":"fr-FR","@id":"https:\/\/www.ghostysky.com\/#\/schema\/logo\/image\/","url":"https:\/\/www.ghostysky.com\/wp-content\/uploads\/2020\/06\/cropped-ghostyskylogo_text_white2.png","contentUrl":"https:\/\/www.ghostysky.com\/wp-content\/uploads\/2020\/06\/cropped-ghostyskylogo_text_white2.png","width":169,"height":56,"caption":"Ghostysky"},"image":{"@id":"https:\/\/www.ghostysky.com\/#\/schema\/logo\/image\/"},"sameAs":["https:\/\/www.facebook.com\/people\/Ghostysky\/100057676170234\/","https:\/\/x.com\/Gh0stysky","https:\/\/www.linkedin.com\/company\/34739653","https:\/\/www.instagram.com\/gh0stysky"]}]}},"_links":{"self":[{"href":"https:\/\/www.ghostysky.com\/fr\/wp-json\/wp\/v2\/product\/21860","targetHints":{"allow":["GET"]}}],"collection":[{"href":"https:\/\/www.ghostysky.com\/fr\/wp-json\/wp\/v2\/product"}],"about":[{"href":"https:\/\/www.ghostysky.com\/fr\/wp-json\/wp\/v2\/types\/product"}],"replies":[{"embeddable":true,"href":"https:\/\/www.ghostysky.com\/fr\/wp-json\/wp\/v2\/comments?post=21860"}],"version-history":[{"count":0,"href":"https:\/\/www.ghostysky.com\/fr\/wp-json\/wp\/v2\/product\/21860\/revisions"}],"wp:featuredmedia":[{"embeddable":true,"href":"https:\/\/www.ghostysky.com\/fr\/wp-json\/wp\/v2\/media\/21864"}],"wp:attachment":[{"href":"https:\/\/www.ghostysky.com\/fr\/wp-json\/wp\/v2\/media?parent=21860"}],"wp:term":[{"taxonomy":"product_brand","embeddable":true,"href":"https:\/\/www.ghostysky.com\/fr\/wp-json\/wp\/v2\/product_brand?post=21860"},{"taxonomy":"product_cat","embeddable":true,"href":"https:\/\/www.ghostysky.com\/fr\/wp-json\/wp\/v2\/product_cat?post=21860"},{"taxonomy":"product_tag","embeddable":true,"href":"https:\/\/www.ghostysky.com\/fr\/wp-json\/wp\/v2\/product_tag?post=21860"}],"curies":[{"name":"wp","href":"https:\/\/api.w.org\/{rel}","templated":true}]}}