{"id":21868,"date":"2025-10-18T04:16:52","date_gmt":"2025-10-18T04:16:52","guid":{"rendered":"https:\/\/www.ghostysky.com\/?post_type=product&#038;p=21868"},"modified":"2025-10-18T04:21:27","modified_gmt":"2025-10-18T04:21:27","slug":"dji-tb100-intelligent-flight-battery","status":"publish","type":"product","link":"https:\/\/www.ghostysky.com\/fr\/product\/dji-tb100-intelligent-flight-battery\/","title":{"rendered":"Batterie de vol intelligente DJI TB100"},"content":{"rendered":"<div id=\"model-response-message-contentr_55bc02040a3d26f8\" class=\"markdown markdown-main-panel stronger enable-updated-hr-color\" dir=\"ltr\">\n<div id=\"model-response-message-contentr_7d191a1853b28634\" class=\"markdown markdown-main-panel stronger enable-updated-hr-color\" dir=\"ltr\">\n<div id=\"model-response-message-contentr_4bdeaa6da8c41b15\" class=\"markdown markdown-main-panel stronger enable-updated-hr-color\" dir=\"ltr\">\n<div id=\"model-response-message-contentr_e0d74dc8e10239d5\" class=\"markdown markdown-main-panel stronger enable-updated-hr-color\" dir=\"ltr\">\n<h3>Principales caract\u00e9ristiques et performances<\/h3>\n<ul>\n<li><b><span class=\"citation-1745\">Capacit\u00e9 ultra-\u00e9lev\u00e9e :<\/span><\/b><span class=\"citation-1745\"> Avec une capacit\u00e9 importante de <\/span><b><span class=\"citation-1745\">20 254 mAh<\/span><\/b><span class=\"citation-1745\"> et <\/span><b><span class=\"citation-1745\">977 Wh<\/span><\/b><span class=\"citation-1745\"> d&#039;\u00e9nergie, le TB100 \u00e9tend votre fen\u00eatre op\u00e9rationnelle, offrant un temps de vol maximal impressionnant de <\/span><b><span class=\"citation-1745\">jusqu&#039;\u00e0 59 minutes<\/span><\/b><span class=\"citation-1745 citation-end-1745\"> (pas de charge utile).<\/span><\/li>\n<li><b>Autogestion intelligente :<\/b><span class=\"citation-1744\"> Le syst\u00e8me de gestion de batterie int\u00e9gr\u00e9 surveille activement la tension, le courant et la temp\u00e9rature, fournissant <\/span><b><span class=\"citation-1744\">protection de s\u00e9curit\u00e9 multicouche<\/span><\/b><span class=\"citation-1744 citation-end-1744\"> contre les surcharges, les d\u00e9charges excessives et les courts-circuits.<\/span><\/li>\n<li><b>Dur\u00e9e de vie prolong\u00e9e :<\/b><span class=\"citation-1743\"> La batterie est dot\u00e9e de cellules \u00e0 haute \u00e9nergie qui prennent en charge jusqu&#039;\u00e0 <\/span><b><span class=\"citation-1743\">400 cycles de charge<\/span><\/b><span class=\"citation-1743 citation-end-1743\">, r\u00e9duisant consid\u00e9rablement le co\u00fbt \u00e0 long terme par vol pour les utilisateurs fr\u00e9quents.<\/span><\/li>\n<li><b>Fiabilit\u00e9 par tous les temps :<\/b><span class=\"citation-1742\"> Le TB100 est \u00e9quip\u00e9 d&#039;un <\/span><b><span class=\"citation-1742\">syst\u00e8me d&#039;auto-chauffage<\/span><\/b><span class=\"citation-1742 citation-end-1742\"> qui s&#039;active automatiquement dans les environnements froids, garantissant des performances fiables \u00e0 des temp\u00e9ratures allant jusqu&#039;\u00e0 <sup class=\"superscript\" data-turn-source-index=\"6\">6<\/sup><\/span><b><span class=\"math-inline\" data-math=\"-20^\\circ \\text{C}\">$-20^\\circ \\texte{C}$<\/span><span class=\"citation-1741 citation-end-1741\"> (<sup class=\"superscript\" data-turn-source-index=\"7\">7<\/sup><\/span><span class=\"math-inline\" data-math=\"-4^\\circ \\text{F}\">$-4^\\circ \\texte{F}$<\/span><span class=\"citation-1740\">)<\/span><\/b><span class=\"citation-1740 citation-end-1740\">.<\/span><\/li>\n<li><b><span class=\"citation-1739\">Conception rempla\u00e7able \u00e0 chaud :<\/span><\/b><span class=\"citation-1739\"> Con\u00e7ue de mani\u00e8re transparente pour fonctionner avec le syst\u00e8me d&#039;alimentation du Matrice 400, la batterie prend en charge <\/span><b><span class=\"citation-1739\">capacit\u00e9s d&#039;\u00e9change \u00e0 chaud<\/span><\/b><span class=\"citation-1739 citation-end-1739\"> pour minimiser les temps d&#039;arr\u00eat et maintenir les missions critiques en vol pendant les changements de batterie.<\/span><\/li>\n<li><b><span class=\"citation-1738\">Charge rapide :<\/span><\/b><span class=\"citation-1738 citation-end-1738\"> Associ\u00e9 \u00e0 une solution de charge compatible, telle que la station de batterie intelligente DJI BS100, le TB100 prend en charge la charge rapide pour remettre votre drone en l&#039;air rapidement.<\/span><\/li>\n<\/ul>\n<p><span class=\"citation-1737 citation-end-1737 interactive-span-hovered\">Le TB100 est plus qu&#039;une simple source d&#039;alimentation ; c&#039;est un composant intelligent qui garantit une alimentation \u00e9lectrique stable, pr\u00e9visible et s\u00fbre pour les op\u00e9rations critiques telles que l&#039;arpentage, l&#039;inspection et la recherche et le sauvetage.<\/span><\/p>\n<h4>Compatibilit\u00e9<\/h4>\n<p>DJI Matrice 400<\/p>\n<\/div>\n<\/div>\n<\/div>\n<\/div>","protected":false},"excerpt":{"rendered":"<p><span class=\"citation-1747\">Le <\/span><b><span class=\"citation-1747\">Batterie de vol intelligente DJI TB100<\/span><\/b><span class=\"citation-1747\"> est une solution d&#039;alimentation haute capacit\u00e9 con\u00e7ue sp\u00e9cifiquement pour les applications de qualit\u00e9 professionnelle <\/span><b><span class=\"citation-1747\">DJI Matrice 400<\/span><\/b><span class=\"citation-1747 citation-end-1747\"> plateforme de drone.<\/span> <span class=\"citation-1746\">Con\u00e7u pour les missions industrielles et d&#039;entreprise de longue dur\u00e9e, le TB100 combine des cellules \u00e9nerg\u00e9tiques hautes performances avec une gestion avanc\u00e9e de la batterie pour offrir <\/span><b><span class=\"citation-1746\">temps de vol maximal<\/span><\/b><span class=\"citation-1746\"> et <\/span><b><span class=\"citation-1746\">une fiabilit\u00e9 sans faille<\/span><\/b><span class=\"citation-1746 citation-end-1746\"> dans des environnements op\u00e9rationnels exigeants.<\/span><\/p>","protected":false},"featured_media":21870,"comment_status":"open","ping_status":"closed","template":"","meta":[],"product_brand":[1031],"product_cat":[37,1125,1127],"product_tag":[42,1131,1128],"class_list":{"0":"post-21868","1":"product","2":"type-product","3":"status-publish","4":"has-post-thumbnail","6":"product_brand-dji","7":"product_cat-dji","8":"product_cat-matrice-400","9":"product_cat-matrice-400-accessories","10":"product_tag-dji","11":"product_tag-dji-matrice-400-accessories","12":"product_tag-dji-matrice-400-series","14":"first","15":"onbackorder","16":"taxable","17":"shipping-taxable","18":"purchasable","19":"product-type-simple"},"yoast_head":"<!-- This site is optimized with the Yoast SEO plugin v27.1.1 - https:\/\/yoast.com\/product\/yoast-seo-wordpress\/ -->\n<title>DJI TB100 Intelligent Flight Battery - Ghostysky<\/title>\n<meta name=\"description\" content=\"The DJI TB100 Intelligent Flight Battery is a high-capacity power solution engineered specifically for the professional-grade DJI Matrice 400 drone platform. Designed for long-duration industrial and enterprise missions, the TB100 combines high-performance energy cells with advanced battery management to deliver maximum flight time and unwavering reliability in demanding operational environments.\" \/>\n<meta name=\"robots\" content=\"index, follow, max-snippet:-1, max-image-preview:large, max-video-preview:-1\" \/>\n<link rel=\"canonical\" href=\"https:\/\/www.ghostysky.com\/fr\/product\/dji-tb100-intelligent-flight-battery\/\" \/>\n<meta property=\"og:locale\" content=\"fr_FR\" \/>\n<meta property=\"og:type\" content=\"article\" \/>\n<meta property=\"og:title\" content=\"DJI TB100 Intelligent Flight Battery - Ghostysky\" \/>\n<meta property=\"og:description\" content=\"The DJI TB100 Intelligent Flight Battery is a high-capacity power solution engineered specifically for the professional-grade DJI Matrice 400 drone platform. Designed for long-duration industrial and enterprise missions, the TB100 combines high-performance energy cells with advanced battery management to deliver maximum flight time and unwavering reliability in demanding operational environments.\" \/>\n<meta property=\"og:url\" content=\"https:\/\/www.ghostysky.com\/fr\/product\/dji-tb100-intelligent-flight-battery\/\" \/>\n<meta property=\"og:site_name\" content=\"Ghostysky\" \/>\n<meta property=\"article:publisher\" content=\"https:\/\/www.facebook.com\/people\/Ghostysky\/100057676170234\/\" \/>\n<meta property=\"article:modified_time\" content=\"2025-10-18T04:21:27+00:00\" \/>\n<meta property=\"og:image\" content=\"https:\/\/www.ghostysky.com\/wp-content\/uploads\/2025\/10\/GH_DJI-TB100-Intelligent-Flight-Battery__.jpg\" \/>\n\t<meta property=\"og:image:width\" content=\"800\" \/>\n\t<meta property=\"og:image:height\" content=\"800\" \/>\n\t<meta property=\"og:image:type\" content=\"image\/jpeg\" \/>\n<meta name=\"twitter:card\" content=\"summary_large_image\" \/>\n<meta name=\"twitter:site\" content=\"@Gh0stysky\" \/>\n<meta name=\"twitter:label1\" content=\"Dur\u00e9e de lecture estim\u00e9e\" \/>\n\t<meta name=\"twitter:data1\" content=\"2 minutes\" \/>\n<script type=\"application\/ld+json\" class=\"yoast-schema-graph\">{\"@context\":\"https:\/\/schema.org\",\"@graph\":[{\"@type\":\"WebPage\",\"@id\":\"https:\/\/www.ghostysky.com\/product\/dji-tb100-intelligent-flight-battery\/\",\"url\":\"https:\/\/www.ghostysky.com\/product\/dji-tb100-intelligent-flight-battery\/\",\"name\":\"DJI TB100 Intelligent Flight Battery - Ghostysky\",\"isPartOf\":{\"@id\":\"https:\/\/www.ghostysky.com\/#website\"},\"primaryImageOfPage\":{\"@id\":\"https:\/\/www.ghostysky.com\/product\/dji-tb100-intelligent-flight-battery\/#primaryimage\"},\"image\":{\"@id\":\"https:\/\/www.ghostysky.com\/product\/dji-tb100-intelligent-flight-battery\/#primaryimage\"},\"thumbnailUrl\":\"https:\/\/www.ghostysky.com\/wp-content\/uploads\/2025\/10\/GH_DJI-TB100-Intelligent-Flight-Battery__.jpg\",\"datePublished\":\"2025-10-18T04:16:52+00:00\",\"dateModified\":\"2025-10-18T04:21:27+00:00\",\"description\":\"The DJI TB100 Intelligent Flight Battery is a high-capacity power solution engineered specifically for the professional-grade DJI Matrice 400 drone platform. Designed for long-duration industrial and enterprise missions, the TB100 combines high-performance energy cells with advanced battery management to deliver maximum flight time and unwavering reliability in demanding operational environments.\",\"breadcrumb\":{\"@id\":\"https:\/\/www.ghostysky.com\/product\/dji-tb100-intelligent-flight-battery\/#breadcrumb\"},\"inLanguage\":\"fr-FR\",\"potentialAction\":[{\"@type\":\"ReadAction\",\"target\":[\"https:\/\/www.ghostysky.com\/product\/dji-tb100-intelligent-flight-battery\/\"]}]},{\"@type\":\"ImageObject\",\"inLanguage\":\"fr-FR\",\"@id\":\"https:\/\/www.ghostysky.com\/product\/dji-tb100-intelligent-flight-battery\/#primaryimage\",\"url\":\"https:\/\/www.ghostysky.com\/wp-content\/uploads\/2025\/10\/GH_DJI-TB100-Intelligent-Flight-Battery__.jpg\",\"contentUrl\":\"https:\/\/www.ghostysky.com\/wp-content\/uploads\/2025\/10\/GH_DJI-TB100-Intelligent-Flight-Battery__.jpg\",\"width\":800,\"height\":800},{\"@type\":\"BreadcrumbList\",\"@id\":\"https:\/\/www.ghostysky.com\/product\/dji-tb100-intelligent-flight-battery\/#breadcrumb\",\"itemListElement\":[{\"@type\":\"ListItem\",\"position\":1,\"name\":\"Home\",\"item\":\"https:\/\/www.ghostysky.com\/\"},{\"@type\":\"ListItem\",\"position\":2,\"name\":\"Shop\",\"item\":\"https:\/\/www.ghostysky.com\/shop\/\"},{\"@type\":\"ListItem\",\"position\":3,\"name\":\"DJI TB100 Intelligent Flight Battery\"}]},{\"@type\":\"WebSite\",\"@id\":\"https:\/\/www.ghostysky.com\/#website\",\"url\":\"https:\/\/www.ghostysky.com\/\",\"name\":\"Ghostysky\",\"description\":\"Delivering professional drones and services\",\"publisher\":{\"@id\":\"https:\/\/www.ghostysky.com\/#organization\"},\"potentialAction\":[{\"@type\":\"SearchAction\",\"target\":{\"@type\":\"EntryPoint\",\"urlTemplate\":\"https:\/\/www.ghostysky.com\/?s={search_term_string}\"},\"query-input\":{\"@type\":\"PropertyValueSpecification\",\"valueRequired\":true,\"valueName\":\"search_term_string\"}}],\"inLanguage\":\"fr-FR\"},{\"@type\":\"Organization\",\"@id\":\"https:\/\/www.ghostysky.com\/#organization\",\"name\":\"Ghostysky\",\"url\":\"https:\/\/www.ghostysky.com\/\",\"logo\":{\"@type\":\"ImageObject\",\"inLanguage\":\"fr-FR\",\"@id\":\"https:\/\/www.ghostysky.com\/#\/schema\/logo\/image\/\",\"url\":\"https:\/\/www.ghostysky.com\/wp-content\/uploads\/2020\/06\/cropped-ghostyskylogo_text_white2.png\",\"contentUrl\":\"https:\/\/www.ghostysky.com\/wp-content\/uploads\/2020\/06\/cropped-ghostyskylogo_text_white2.png\",\"width\":169,\"height\":56,\"caption\":\"Ghostysky\"},\"image\":{\"@id\":\"https:\/\/www.ghostysky.com\/#\/schema\/logo\/image\/\"},\"sameAs\":[\"https:\/\/www.facebook.com\/people\/Ghostysky\/100057676170234\/\",\"https:\/\/x.com\/Gh0stysky\",\"https:\/\/www.linkedin.com\/company\/34739653\",\"https:\/\/www.instagram.com\/gh0stysky\"]}]}<\/script>\n<!-- \/ Yoast SEO plugin. -->","yoast_head_json":{"title":"Batterie de vol intelligente DJI TB100 - Ghostysky","description":"La batterie de vol intelligente DJI TB100 est une solution d&#039;alimentation haute capacit\u00e9 sp\u00e9cialement con\u00e7ue pour le drone professionnel DJI Matrice 400. Con\u00e7ue pour les missions industrielles et professionnelles de longue dur\u00e9e, la TB100 associe des cellules d&#039;\u00e9nergie hautes performances \u00e0 une gestion avanc\u00e9e de la batterie pour une autonomie de vol maximale et une fiabilit\u00e9 \u00e0 toute \u00e9preuve dans les environnements op\u00e9rationnels exigeants.","robots":{"index":"index","follow":"follow","max-snippet":"max-snippet:-1","max-image-preview":"max-image-preview:large","max-video-preview":"max-video-preview:-1"},"canonical":"https:\/\/www.ghostysky.com\/fr\/product\/dji-tb100-intelligent-flight-battery\/","og_locale":"fr_FR","og_type":"article","og_title":"DJI TB100 Intelligent Flight Battery - Ghostysky","og_description":"The DJI TB100 Intelligent Flight Battery is a high-capacity power solution engineered specifically for the professional-grade DJI Matrice 400 drone platform. Designed for long-duration industrial and enterprise missions, the TB100 combines high-performance energy cells with advanced battery management to deliver maximum flight time and unwavering reliability in demanding operational environments.","og_url":"https:\/\/www.ghostysky.com\/fr\/product\/dji-tb100-intelligent-flight-battery\/","og_site_name":"Ghostysky","article_publisher":"https:\/\/www.facebook.com\/people\/Ghostysky\/100057676170234\/","article_modified_time":"2025-10-18T04:21:27+00:00","og_image":[{"width":800,"height":800,"url":"https:\/\/www.ghostysky.com\/wp-content\/uploads\/2025\/10\/GH_DJI-TB100-Intelligent-Flight-Battery__.jpg","type":"image\/jpeg"}],"twitter_card":"summary_large_image","twitter_site":"@Gh0stysky","twitter_misc":{"Dur\u00e9e de lecture estim\u00e9e":"2 minutes"},"schema":{"@context":"https:\/\/schema.org","@graph":[{"@type":"WebPage","@id":"https:\/\/www.ghostysky.com\/product\/dji-tb100-intelligent-flight-battery\/","url":"https:\/\/www.ghostysky.com\/product\/dji-tb100-intelligent-flight-battery\/","name":"Batterie de vol intelligente DJI TB100 - Ghostysky","isPartOf":{"@id":"https:\/\/www.ghostysky.com\/#website"},"primaryImageOfPage":{"@id":"https:\/\/www.ghostysky.com\/product\/dji-tb100-intelligent-flight-battery\/#primaryimage"},"image":{"@id":"https:\/\/www.ghostysky.com\/product\/dji-tb100-intelligent-flight-battery\/#primaryimage"},"thumbnailUrl":"https:\/\/www.ghostysky.com\/wp-content\/uploads\/2025\/10\/GH_DJI-TB100-Intelligent-Flight-Battery__.jpg","datePublished":"2025-10-18T04:16:52+00:00","dateModified":"2025-10-18T04:21:27+00:00","description":"La batterie de vol intelligente DJI TB100 est une solution d&#039;alimentation haute capacit\u00e9 sp\u00e9cialement con\u00e7ue pour le drone professionnel DJI Matrice 400. Con\u00e7ue pour les missions industrielles et professionnelles de longue dur\u00e9e, la TB100 associe des cellules d&#039;\u00e9nergie hautes performances \u00e0 une gestion avanc\u00e9e de la batterie pour une autonomie de vol maximale et une fiabilit\u00e9 \u00e0 toute \u00e9preuve dans les environnements op\u00e9rationnels exigeants.","breadcrumb":{"@id":"https:\/\/www.ghostysky.com\/product\/dji-tb100-intelligent-flight-battery\/#breadcrumb"},"inLanguage":"fr-FR","potentialAction":[{"@type":"ReadAction","target":["https:\/\/www.ghostysky.com\/product\/dji-tb100-intelligent-flight-battery\/"]}]},{"@type":"ImageObject","inLanguage":"fr-FR","@id":"https:\/\/www.ghostysky.com\/product\/dji-tb100-intelligent-flight-battery\/#primaryimage","url":"https:\/\/www.ghostysky.com\/wp-content\/uploads\/2025\/10\/GH_DJI-TB100-Intelligent-Flight-Battery__.jpg","contentUrl":"https:\/\/www.ghostysky.com\/wp-content\/uploads\/2025\/10\/GH_DJI-TB100-Intelligent-Flight-Battery__.jpg","width":800,"height":800},{"@type":"BreadcrumbList","@id":"https:\/\/www.ghostysky.com\/product\/dji-tb100-intelligent-flight-battery\/#breadcrumb","itemListElement":[{"@type":"ListItem","position":1,"name":"Home","item":"https:\/\/www.ghostysky.com\/"},{"@type":"ListItem","position":2,"name":"Shop","item":"https:\/\/www.ghostysky.com\/shop\/"},{"@type":"ListItem","position":3,"name":"DJI TB100 Intelligent Flight Battery"}]},{"@type":"WebSite","@id":"https:\/\/www.ghostysky.com\/#website","url":"https:\/\/www.ghostysky.com\/","name":"Ghostysky","description":"Livraison de drones et de services professionnels","publisher":{"@id":"https:\/\/www.ghostysky.com\/#organization"},"potentialAction":[{"@type":"SearchAction","target":{"@type":"EntryPoint","urlTemplate":"https:\/\/www.ghostysky.com\/?s={search_term_string}"},"query-input":{"@type":"PropertyValueSpecification","valueRequired":true,"valueName":"search_term_string"}}],"inLanguage":"fr-FR"},{"@type":"Organization","@id":"https:\/\/www.ghostysky.com\/#organization","name":"Ghostysky","url":"https:\/\/www.ghostysky.com\/","logo":{"@type":"ImageObject","inLanguage":"fr-FR","@id":"https:\/\/www.ghostysky.com\/#\/schema\/logo\/image\/","url":"https:\/\/www.ghostysky.com\/wp-content\/uploads\/2020\/06\/cropped-ghostyskylogo_text_white2.png","contentUrl":"https:\/\/www.ghostysky.com\/wp-content\/uploads\/2020\/06\/cropped-ghostyskylogo_text_white2.png","width":169,"height":56,"caption":"Ghostysky"},"image":{"@id":"https:\/\/www.ghostysky.com\/#\/schema\/logo\/image\/"},"sameAs":["https:\/\/www.facebook.com\/people\/Ghostysky\/100057676170234\/","https:\/\/x.com\/Gh0stysky","https:\/\/www.linkedin.com\/company\/34739653","https:\/\/www.instagram.com\/gh0stysky"]}]}},"_links":{"self":[{"href":"https:\/\/www.ghostysky.com\/fr\/wp-json\/wp\/v2\/product\/21868","targetHints":{"allow":["GET"]}}],"collection":[{"href":"https:\/\/www.ghostysky.com\/fr\/wp-json\/wp\/v2\/product"}],"about":[{"href":"https:\/\/www.ghostysky.com\/fr\/wp-json\/wp\/v2\/types\/product"}],"replies":[{"embeddable":true,"href":"https:\/\/www.ghostysky.com\/fr\/wp-json\/wp\/v2\/comments?post=21868"}],"wp:featuredmedia":[{"embeddable":true,"href":"https:\/\/www.ghostysky.com\/fr\/wp-json\/wp\/v2\/media\/21870"}],"wp:attachment":[{"href":"https:\/\/www.ghostysky.com\/fr\/wp-json\/wp\/v2\/media?parent=21868"}],"wp:term":[{"taxonomy":"product_brand","embeddable":true,"href":"https:\/\/www.ghostysky.com\/fr\/wp-json\/wp\/v2\/product_brand?post=21868"},{"taxonomy":"product_cat","embeddable":true,"href":"https:\/\/www.ghostysky.com\/fr\/wp-json\/wp\/v2\/product_cat?post=21868"},{"taxonomy":"product_tag","embeddable":true,"href":"https:\/\/www.ghostysky.com\/fr\/wp-json\/wp\/v2\/product_tag?post=21868"}],"curies":[{"name":"wp","href":"https:\/\/api.w.org\/{rel}","templated":true}]}}