{"id":21877,"date":"2025-10-18T04:31:35","date_gmt":"2025-10-18T04:31:35","guid":{"rendered":"https:\/\/www.ghostysky.com\/?post_type=product&#038;p=21877"},"modified":"2025-10-18T04:37:49","modified_gmt":"2025-10-18T04:37:49","slug":"dji-zenmuse-s1","status":"publish","type":"product","link":"https:\/\/www.ghostysky.com\/fr\/product\/dji-zenmuse-s1\/","title":{"rendered":"DJI Zenmuse S1"},"content":{"rendered":"<div id=\"model-response-message-contentr_55bc02040a3d26f8\" class=\"markdown markdown-main-panel stronger enable-updated-hr-color\" dir=\"ltr\">\n<div id=\"model-response-message-contentr_7d191a1853b28634\" class=\"markdown markdown-main-panel stronger enable-updated-hr-color\" dir=\"ltr\">\n<div id=\"model-response-message-contentr_4bdeaa6da8c41b15\" class=\"markdown markdown-main-panel stronger enable-updated-hr-color\" dir=\"ltr\">\n<div id=\"model-response-message-contentr_e0d74dc8e10239d5\" class=\"markdown markdown-main-panel stronger enable-updated-hr-color\" dir=\"ltr\">\n<h3><b>Principales fonctionnalit\u00e9s et applications<\/b><\/h3>\n<ul>\n<li><b><span class=\"citation-1821\">Haute luminosit\u00e9 et longue distance d&#039;\u00e9clairage :<\/span><\/b><span class=\"citation-1821\"> Fournit un \u00e9clairement central maximal jusqu&#039;\u00e0 <\/span><b><span class=\"citation-1821\">35 lux \u00e0 100 m\u00e8tres<\/span><\/b><span class=\"citation-1821\"> (Matrice 350\/300 RTK) et peut atteindre une distance d&#039;\u00e9clairage efficace allant jusqu&#039;\u00e0 <\/span><b><span class=\"citation-1821\">500 m\u00e8tres<\/span><\/b><span class=\"citation-1821 citation-end-1821\"> en mode \u00ab\u00a0Les deux activ\u00e9s\u00a0\u00bb.<\/span><\/li>\n<li><b>Plusieurs modes d&#039;\u00e9clairage pour plus de polyvalence\u00a0:<\/b>\n<ul>\n<li><b><span class=\"citation-1820\">Mode feux de croisement :<\/span><\/b><span class=\"citation-1820\"> Offre une large <\/span><b><span class=\"citation-1820\">Champ de vision (FOV) de 15\u00b0<\/span><\/b><span class=\"citation-1820\"> jusqu&#039;\u00e0 <\/span><b><span class=\"citation-1820\">150 m\u00e8tres<\/span><\/b><span class=\"citation-1820 citation-end-1820\">, adapt\u00e9 \u00e0 la recherche et \u00e0 l&#039;inspection \u00e0 courte port\u00e9e.<\/span><\/li>\n<li><b>Mode feux de route :<\/b><span class=\"citation-1819\"> Utilise la technologie LEP pour une meilleure p\u00e9n\u00e9tration de la lumi\u00e8re avec une lumi\u00e8re \u00e9troite <\/span><b><span class=\"citation-1819\">Champ de vision de 4\u00b0<\/span><\/b><span class=\"citation-1819\"> jusqu&#039;\u00e0 <\/span><b><span class=\"citation-1819\">300 m\u00e8tres<\/span><\/b><span class=\"citation-1819 citation-end-1819\">, id\u00e9al pour l&#039;observation \u00e0 longue distance.<\/span><\/li>\n<li><b>Mode activ\u00e9\u00a0:<\/b><span class=\"citation-1818\"> Engage simultan\u00e9ment les deux faisceaux pour un \u00e9clairage central et une couverture maximum, \u00e9tendant la distance d&#039;observation jusqu&#039;\u00e0 <\/span><b><span class=\"citation-1818\">500 m\u00e8tres<\/span><\/b><span class=\"citation-1818 citation-end-1818\">.<\/span><\/li>\n<li><b>Mode stroboscopique :<\/b><span class=\"citation-1817 citation-end-1817\"> Prend en charge le clignotement haute fr\u00e9quence pour la signalisation, les avertissements ou pour attirer l&#039;attention dans les situations d&#039;urgence.<\/span><\/li>\n<\/ul>\n<\/li>\n<li><b><span class=\"citation-1816\">Op\u00e9rations cibl\u00e9es :<\/span><\/b><span class=\"citation-1816\"> Id\u00e9al pour <\/span><b><span class=\"citation-1816\">s\u00e9curit\u00e9 publique<\/span><\/b><span class=\"citation-1816\">, <\/span><b><span class=\"citation-1816\">sauvetage et recherche d&#039;urgence<\/span><\/b><span class=\"citation-1816\">, <\/span><b><span class=\"citation-1816\">inspections des infrastructures<\/span><\/b><span class=\"citation-1816 citation-end-1816\">, et d\u2019autres op\u00e9rations nocturnes exigeantes.<\/span><\/li>\n<li><b><span class=\"citation-1815\">Efficacit\u00e9 \u00e9nerg\u00e9tique :<\/span><\/b><span class=\"citation-1815\"> Conception optimis\u00e9e, avec une consommation \u00e9lectrique de seulement <\/span><b><span class=\"citation-1815\">17W<\/span><\/b><span class=\"citation-1815 citation-end-1815\"> en mode feux de route, pour r\u00e9duire la charge \u00e9lectrique du drone et aider \u00e0 maintenir le temps de vol.<\/span><\/li>\n<li><b>S\u00e9curit\u00e9 et durabilit\u00e9 :<\/b>\n<ul>\n<li><b><span class=\"citation-1814\">Indice de protection IP54 :<\/span><\/b><span class=\"citation-1814 citation-end-1814\"> Offre une protection contre la poussi\u00e8re et les \u00e9claboussures d&#039;eau.<\/span><\/li>\n<li><b><span class=\"citation-1813\">Protection des yeux :<\/span><\/b><span class=\"citation-1813\"> Limite automatiquement la luminosit\u00e9 \u00e0 <\/span><b><span class=\"citation-1813\">40%<\/span><\/b><span class=\"citation-1813 citation-end-1813\"> lorsque le drone est au sol pour \u00e9viter l&#039;\u00e9blouissement des op\u00e9rateurs.<\/span><\/li>\n<li><b><span class=\"citation-1812\">Protection contre les br\u00fblures :<\/span><\/b><span class=\"citation-1812 citation-end-1812\"> Dispose d&#039;un bo\u00eetier en plastique pour maintenir la temp\u00e9rature de surface en dessous <sup class=\"superscript\" data-turn-source-index=\"12\">12<\/sup><\/span><span class=\"math-inline\" data-math=\"50^\\circ C\">$50^\\circ C$<\/span><span class=\"citation-1811 citation-end-1811\"> (<sup class=\"superscript\" data-turn-source-index=\"13\">13<\/sup><\/span><span class=\"math-inline\" data-math=\"122^\\circ F\">$122^\\circ F$<\/span><span class=\"citation-1810 citation-end-1810\">).<\/span><\/li>\n<li><span class=\"citation-1809\">Int\u00e9gr\u00e9 <\/span><b><span class=\"citation-1809\">Protection de la charge utile<\/span><\/b><span class=\"citation-1809 citation-end-1809\"> contre les probl\u00e8mes de temp\u00e9rature, de surintensit\u00e9 et de puissance.<\/span><\/li>\n<\/ul>\n<\/li>\n<li><b><span class=\"citation-1808\">Int\u00e9gration transparente :<\/span><\/b><span class=\"citation-1808\"> Comprend un <\/span><b><span class=\"citation-1808\">Cardan stabilis\u00e9 \u00e0 3 axes<\/span><\/b><span class=\"citation-1808\"> pour un \u00e9clairage stable, prend en charge <\/span><b><span class=\"citation-1808\">synchronisation du cardan<\/span><\/b><span class=\"citation-1808\"> pour aligner automatiquement le faisceau du projecteur avec la vue de la cam\u00e9ra, et est configurable via <\/span><b><span class=\"citation-1808\">raccourcis de la t\u00e9l\u00e9commande<\/span><\/b><span class=\"citation-1808 citation-end-1808\"> pour une utilisation intuitive.<\/span><\/li>\n<li><b>Montage flexible :<\/b><span class=\"citation-1807 citation-end-1807\"> L\u00e9ger (<sup class=\"superscript\" data-turn-source-index=\"17\">17<\/sup><\/span><span class=\"math-inline\" data-math=\"0.76 \\text{ kg}\">$0,76 \\texte{kg}$<\/span><span class=\"citation-1806 citation-end-1806\">) et peut \u00eatre mont\u00e9 sur n&#039;importe quel connecteur de cardan (simple inf\u00e9rieur, double inf\u00e9rieur ou simple sup\u00e9rieur) des drones compatibles de la s\u00e9rie Matrice.<\/span><\/li>\n<\/ul>\n<p>&nbsp;<\/p>\n<h4>Compatibilit\u00e9<\/h4>\n<p>Matrice 400<br \/>\nMatrice 350 RTK<br \/>\nMatrice 300 RTK (n\u00e9cessite DJI RC Plus)<\/p>\n<\/div>\n<\/div>\n<\/div>\n<\/div>","protected":false},"excerpt":{"rendered":"<p><span class=\"citation-1823\">Le <\/span><b><span class=\"citation-1823\">DJI Zenmuse S1<\/span><\/b><span class=\"citation-1823\"> est une charge utile de projecteur haute performance con\u00e7ue pour fournir un \u00e9clairage puissant et longue port\u00e9e pour les plates-formes de drones d&#039;entreprise multi-charges utiles de DJI, sp\u00e9cifiquement compatibles avec le <\/span><b><span class=\"citation-1823\">Matrice 350 RTK<\/span><\/b><span class=\"citation-1823\"> et <\/span><b><span class=\"citation-1823\">Matrice 300 RTK<\/span><\/b><span class=\"citation-1823 citation-end-1823\">.<\/span> <span class=\"citation-1822\">Utilisation avanc\u00e9e <\/span><b><span class=\"citation-1822\">Technologie du phosphore excit\u00e9 par laser (LEP)<\/span><\/b><span class=\"citation-1822 citation-end-1822\">, le Zenmuse S1 est un outil essentiel pour les op\u00e9rations dans des conditions de faible luminosit\u00e9 ou de nuit.<\/span><\/p>\n<div class=\"source-inline-chip-container ng-star-inserted\"><\/div>\n<div class=\"source-inline-chip-container ng-star-inserted\"><\/div>\n<p>&nbsp;<\/p>","protected":false},"featured_media":21880,"comment_status":"open","ping_status":"closed","template":"","meta":[],"product_brand":[1031],"product_cat":[37,1125,1127],"product_tag":[42,1131,1128],"class_list":{"0":"post-21877","1":"product","2":"type-product","3":"status-publish","4":"has-post-thumbnail","6":"product_brand-dji","7":"product_cat-dji","8":"product_cat-matrice-400","9":"product_cat-matrice-400-accessories","10":"product_tag-dji","11":"product_tag-dji-matrice-400-accessories","12":"product_tag-dji-matrice-400-series","14":"first","15":"onbackorder","16":"taxable","17":"shipping-taxable","18":"purchasable","19":"product-type-simple"},"yoast_head":"<!-- This site is optimized with the Yoast SEO plugin v27.1.1 - https:\/\/yoast.com\/product\/yoast-seo-wordpress\/ -->\n<title>DJI Zenmuse S1 - Ghostysky<\/title>\n<meta name=\"description\" content=\"The DJI Zenmuse S1 is a high-performance spotlight payload designed to provide powerful, long-range illumination for DJI&#039;s multi-payload enterprise drone platforms, specifically compatible with the Matrice 350 RTK and Matrice 300 RTK. Utilizing advanced Laser Excited Phosphor (LEP) technology, the Zenmuse S1 is an essential tool for operations in low-light or nighttime conditions.\" \/>\n<meta name=\"robots\" content=\"index, follow, max-snippet:-1, max-image-preview:large, max-video-preview:-1\" \/>\n<link rel=\"canonical\" href=\"https:\/\/www.ghostysky.com\/fr\/product\/dji-zenmuse-s1\/\" \/>\n<meta property=\"og:locale\" content=\"fr_FR\" \/>\n<meta property=\"og:type\" content=\"article\" \/>\n<meta property=\"og:title\" content=\"DJI Zenmuse S1 - Ghostysky\" \/>\n<meta property=\"og:description\" content=\"The DJI Zenmuse S1 is a high-performance spotlight payload designed to provide powerful, long-range illumination for DJI&#039;s multi-payload enterprise drone platforms, specifically compatible with the Matrice 350 RTK and Matrice 300 RTK. Utilizing advanced Laser Excited Phosphor (LEP) technology, the Zenmuse S1 is an essential tool for operations in low-light or nighttime conditions.\" \/>\n<meta property=\"og:url\" content=\"https:\/\/www.ghostysky.com\/fr\/product\/dji-zenmuse-s1\/\" \/>\n<meta property=\"og:site_name\" content=\"Ghostysky\" \/>\n<meta property=\"article:publisher\" content=\"https:\/\/www.facebook.com\/people\/Ghostysky\/100057676170234\/\" \/>\n<meta property=\"article:modified_time\" content=\"2025-10-18T04:37:49+00:00\" \/>\n<meta property=\"og:image\" content=\"https:\/\/www.ghostysky.com\/wp-content\/uploads\/2025\/10\/GH_DJI-Zenmuse-S1_1.jpg\" \/>\n\t<meta property=\"og:image:width\" content=\"800\" \/>\n\t<meta property=\"og:image:height\" content=\"800\" \/>\n\t<meta property=\"og:image:type\" content=\"image\/jpeg\" \/>\n<meta name=\"twitter:card\" content=\"summary_large_image\" \/>\n<meta name=\"twitter:site\" content=\"@Gh0stysky\" \/>\n<meta name=\"twitter:label1\" content=\"Dur\u00e9e de lecture estim\u00e9e\" \/>\n\t<meta name=\"twitter:data1\" content=\"2 minutes\" \/>\n<script type=\"application\/ld+json\" class=\"yoast-schema-graph\">{\"@context\":\"https:\/\/schema.org\",\"@graph\":[{\"@type\":\"WebPage\",\"@id\":\"https:\/\/www.ghostysky.com\/product\/dji-zenmuse-s1\/\",\"url\":\"https:\/\/www.ghostysky.com\/product\/dji-zenmuse-s1\/\",\"name\":\"DJI Zenmuse S1 - Ghostysky\",\"isPartOf\":{\"@id\":\"https:\/\/www.ghostysky.com\/#website\"},\"primaryImageOfPage\":{\"@id\":\"https:\/\/www.ghostysky.com\/product\/dji-zenmuse-s1\/#primaryimage\"},\"image\":{\"@id\":\"https:\/\/www.ghostysky.com\/product\/dji-zenmuse-s1\/#primaryimage\"},\"thumbnailUrl\":\"https:\/\/www.ghostysky.com\/wp-content\/uploads\/2025\/10\/GH_DJI-Zenmuse-S1_1.jpg\",\"datePublished\":\"2025-10-18T04:31:35+00:00\",\"dateModified\":\"2025-10-18T04:37:49+00:00\",\"description\":\"The DJI Zenmuse S1 is a high-performance spotlight payload designed to provide powerful, long-range illumination for DJI's multi-payload enterprise drone platforms, specifically compatible with the Matrice 350 RTK and Matrice 300 RTK. Utilizing advanced Laser Excited Phosphor (LEP) technology, the Zenmuse S1 is an essential tool for operations in low-light or nighttime conditions.\",\"breadcrumb\":{\"@id\":\"https:\/\/www.ghostysky.com\/product\/dji-zenmuse-s1\/#breadcrumb\"},\"inLanguage\":\"fr-FR\",\"potentialAction\":[{\"@type\":\"ReadAction\",\"target\":[\"https:\/\/www.ghostysky.com\/product\/dji-zenmuse-s1\/\"]}]},{\"@type\":\"ImageObject\",\"inLanguage\":\"fr-FR\",\"@id\":\"https:\/\/www.ghostysky.com\/product\/dji-zenmuse-s1\/#primaryimage\",\"url\":\"https:\/\/www.ghostysky.com\/wp-content\/uploads\/2025\/10\/GH_DJI-Zenmuse-S1_1.jpg\",\"contentUrl\":\"https:\/\/www.ghostysky.com\/wp-content\/uploads\/2025\/10\/GH_DJI-Zenmuse-S1_1.jpg\",\"width\":800,\"height\":800},{\"@type\":\"BreadcrumbList\",\"@id\":\"https:\/\/www.ghostysky.com\/product\/dji-zenmuse-s1\/#breadcrumb\",\"itemListElement\":[{\"@type\":\"ListItem\",\"position\":1,\"name\":\"Home\",\"item\":\"https:\/\/www.ghostysky.com\/\"},{\"@type\":\"ListItem\",\"position\":2,\"name\":\"Shop\",\"item\":\"https:\/\/www.ghostysky.com\/shop\/\"},{\"@type\":\"ListItem\",\"position\":3,\"name\":\"DJI Zenmuse S1\"}]},{\"@type\":\"WebSite\",\"@id\":\"https:\/\/www.ghostysky.com\/#website\",\"url\":\"https:\/\/www.ghostysky.com\/\",\"name\":\"Ghostysky\",\"description\":\"Delivering professional drones and services\",\"publisher\":{\"@id\":\"https:\/\/www.ghostysky.com\/#organization\"},\"potentialAction\":[{\"@type\":\"SearchAction\",\"target\":{\"@type\":\"EntryPoint\",\"urlTemplate\":\"https:\/\/www.ghostysky.com\/?s={search_term_string}\"},\"query-input\":{\"@type\":\"PropertyValueSpecification\",\"valueRequired\":true,\"valueName\":\"search_term_string\"}}],\"inLanguage\":\"fr-FR\"},{\"@type\":\"Organization\",\"@id\":\"https:\/\/www.ghostysky.com\/#organization\",\"name\":\"Ghostysky\",\"url\":\"https:\/\/www.ghostysky.com\/\",\"logo\":{\"@type\":\"ImageObject\",\"inLanguage\":\"fr-FR\",\"@id\":\"https:\/\/www.ghostysky.com\/#\/schema\/logo\/image\/\",\"url\":\"https:\/\/www.ghostysky.com\/wp-content\/uploads\/2020\/06\/cropped-ghostyskylogo_text_white2.png\",\"contentUrl\":\"https:\/\/www.ghostysky.com\/wp-content\/uploads\/2020\/06\/cropped-ghostyskylogo_text_white2.png\",\"width\":169,\"height\":56,\"caption\":\"Ghostysky\"},\"image\":{\"@id\":\"https:\/\/www.ghostysky.com\/#\/schema\/logo\/image\/\"},\"sameAs\":[\"https:\/\/www.facebook.com\/people\/Ghostysky\/100057676170234\/\",\"https:\/\/x.com\/Gh0stysky\",\"https:\/\/www.linkedin.com\/company\/34739653\",\"https:\/\/www.instagram.com\/gh0stysky\"]}]}<\/script>\n<!-- \/ Yoast SEO plugin. -->","yoast_head_json":{"title":"DJI Zenmuse S1 - Ghostysky","description":"La DJI Zenmuse S1 est une charge utile de projecteur haute performance con\u00e7ue pour fournir un \u00e9clairage puissant et longue port\u00e9e aux plateformes de drones d&#039;entreprise multi-charges de DJI, notamment compatibles avec les Matrice 350 RTK et Matrice 300 RTK. Utilisant la technologie avanc\u00e9e de phosphore excit\u00e9 par laser (LEP), la Zenmuse S1 est un outil essentiel pour les op\u00e9rations en faible luminosit\u00e9 ou de nuit.","robots":{"index":"index","follow":"follow","max-snippet":"max-snippet:-1","max-image-preview":"max-image-preview:large","max-video-preview":"max-video-preview:-1"},"canonical":"https:\/\/www.ghostysky.com\/fr\/product\/dji-zenmuse-s1\/","og_locale":"fr_FR","og_type":"article","og_title":"DJI Zenmuse S1 - Ghostysky","og_description":"The DJI Zenmuse S1 is a high-performance spotlight payload designed to provide powerful, long-range illumination for DJI's multi-payload enterprise drone platforms, specifically compatible with the Matrice 350 RTK and Matrice 300 RTK. Utilizing advanced Laser Excited Phosphor (LEP) technology, the Zenmuse S1 is an essential tool for operations in low-light or nighttime conditions.","og_url":"https:\/\/www.ghostysky.com\/fr\/product\/dji-zenmuse-s1\/","og_site_name":"Ghostysky","article_publisher":"https:\/\/www.facebook.com\/people\/Ghostysky\/100057676170234\/","article_modified_time":"2025-10-18T04:37:49+00:00","og_image":[{"width":800,"height":800,"url":"https:\/\/www.ghostysky.com\/wp-content\/uploads\/2025\/10\/GH_DJI-Zenmuse-S1_1.jpg","type":"image\/jpeg"}],"twitter_card":"summary_large_image","twitter_site":"@Gh0stysky","twitter_misc":{"Dur\u00e9e de lecture estim\u00e9e":"2 minutes"},"schema":{"@context":"https:\/\/schema.org","@graph":[{"@type":"WebPage","@id":"https:\/\/www.ghostysky.com\/product\/dji-zenmuse-s1\/","url":"https:\/\/www.ghostysky.com\/product\/dji-zenmuse-s1\/","name":"DJI Zenmuse S1 - Ghostysky","isPartOf":{"@id":"https:\/\/www.ghostysky.com\/#website"},"primaryImageOfPage":{"@id":"https:\/\/www.ghostysky.com\/product\/dji-zenmuse-s1\/#primaryimage"},"image":{"@id":"https:\/\/www.ghostysky.com\/product\/dji-zenmuse-s1\/#primaryimage"},"thumbnailUrl":"https:\/\/www.ghostysky.com\/wp-content\/uploads\/2025\/10\/GH_DJI-Zenmuse-S1_1.jpg","datePublished":"2025-10-18T04:31:35+00:00","dateModified":"2025-10-18T04:37:49+00:00","description":"La DJI Zenmuse S1 est une charge utile de projecteur haute performance con\u00e7ue pour fournir un \u00e9clairage puissant et longue port\u00e9e aux plateformes de drones d&#039;entreprise multi-charges de DJI, notamment compatibles avec les Matrice 350 RTK et Matrice 300 RTK. Utilisant la technologie avanc\u00e9e de phosphore excit\u00e9 par laser (LEP), la Zenmuse S1 est un outil essentiel pour les op\u00e9rations en faible luminosit\u00e9 ou de nuit.","breadcrumb":{"@id":"https:\/\/www.ghostysky.com\/product\/dji-zenmuse-s1\/#breadcrumb"},"inLanguage":"fr-FR","potentialAction":[{"@type":"ReadAction","target":["https:\/\/www.ghostysky.com\/product\/dji-zenmuse-s1\/"]}]},{"@type":"ImageObject","inLanguage":"fr-FR","@id":"https:\/\/www.ghostysky.com\/product\/dji-zenmuse-s1\/#primaryimage","url":"https:\/\/www.ghostysky.com\/wp-content\/uploads\/2025\/10\/GH_DJI-Zenmuse-S1_1.jpg","contentUrl":"https:\/\/www.ghostysky.com\/wp-content\/uploads\/2025\/10\/GH_DJI-Zenmuse-S1_1.jpg","width":800,"height":800},{"@type":"BreadcrumbList","@id":"https:\/\/www.ghostysky.com\/product\/dji-zenmuse-s1\/#breadcrumb","itemListElement":[{"@type":"ListItem","position":1,"name":"Home","item":"https:\/\/www.ghostysky.com\/"},{"@type":"ListItem","position":2,"name":"Shop","item":"https:\/\/www.ghostysky.com\/shop\/"},{"@type":"ListItem","position":3,"name":"DJI Zenmuse S1"}]},{"@type":"WebSite","@id":"https:\/\/www.ghostysky.com\/#website","url":"https:\/\/www.ghostysky.com\/","name":"Ghostysky","description":"Livraison de drones et de services professionnels","publisher":{"@id":"https:\/\/www.ghostysky.com\/#organization"},"potentialAction":[{"@type":"SearchAction","target":{"@type":"EntryPoint","urlTemplate":"https:\/\/www.ghostysky.com\/?s={search_term_string}"},"query-input":{"@type":"PropertyValueSpecification","valueRequired":true,"valueName":"search_term_string"}}],"inLanguage":"fr-FR"},{"@type":"Organization","@id":"https:\/\/www.ghostysky.com\/#organization","name":"Ghostysky","url":"https:\/\/www.ghostysky.com\/","logo":{"@type":"ImageObject","inLanguage":"fr-FR","@id":"https:\/\/www.ghostysky.com\/#\/schema\/logo\/image\/","url":"https:\/\/www.ghostysky.com\/wp-content\/uploads\/2020\/06\/cropped-ghostyskylogo_text_white2.png","contentUrl":"https:\/\/www.ghostysky.com\/wp-content\/uploads\/2020\/06\/cropped-ghostyskylogo_text_white2.png","width":169,"height":56,"caption":"Ghostysky"},"image":{"@id":"https:\/\/www.ghostysky.com\/#\/schema\/logo\/image\/"},"sameAs":["https:\/\/www.facebook.com\/people\/Ghostysky\/100057676170234\/","https:\/\/x.com\/Gh0stysky","https:\/\/www.linkedin.com\/company\/34739653","https:\/\/www.instagram.com\/gh0stysky"]}]}},"_links":{"self":[{"href":"https:\/\/www.ghostysky.com\/fr\/wp-json\/wp\/v2\/product\/21877","targetHints":{"allow":["GET"]}}],"collection":[{"href":"https:\/\/www.ghostysky.com\/fr\/wp-json\/wp\/v2\/product"}],"about":[{"href":"https:\/\/www.ghostysky.com\/fr\/wp-json\/wp\/v2\/types\/product"}],"replies":[{"embeddable":true,"href":"https:\/\/www.ghostysky.com\/fr\/wp-json\/wp\/v2\/comments?post=21877"}],"wp:featuredmedia":[{"embeddable":true,"href":"https:\/\/www.ghostysky.com\/fr\/wp-json\/wp\/v2\/media\/21880"}],"wp:attachment":[{"href":"https:\/\/www.ghostysky.com\/fr\/wp-json\/wp\/v2\/media?parent=21877"}],"wp:term":[{"taxonomy":"product_brand","embeddable":true,"href":"https:\/\/www.ghostysky.com\/fr\/wp-json\/wp\/v2\/product_brand?post=21877"},{"taxonomy":"product_cat","embeddable":true,"href":"https:\/\/www.ghostysky.com\/fr\/wp-json\/wp\/v2\/product_cat?post=21877"},{"taxonomy":"product_tag","embeddable":true,"href":"https:\/\/www.ghostysky.com\/fr\/wp-json\/wp\/v2\/product_tag?post=21877"}],"curies":[{"name":"wp","href":"https:\/\/api.w.org\/{rel}","templated":true}]}}