{"id":21884,"date":"2025-10-18T04:38:45","date_gmt":"2025-10-18T04:38:45","guid":{"rendered":"https:\/\/www.ghostysky.com\/?post_type=product&#038;p=21884"},"modified":"2025-10-18T04:41:40","modified_gmt":"2025-10-18T04:41:40","slug":"czi-th4-four-stage-thrower","status":"publish","type":"product","link":"https:\/\/www.ghostysky.com\/fr\/product\/czi-th4-four-stage-thrower\/","title":{"rendered":"CZI TH4 Lanceur \u00e0 quatre \u00e9tages"},"content":{"rendered":"<div id=\"model-response-message-contentr_55bc02040a3d26f8\" class=\"markdown markdown-main-panel stronger enable-updated-hr-color\" dir=\"ltr\">\n<div id=\"model-response-message-contentr_7d191a1853b28634\" class=\"markdown markdown-main-panel stronger enable-updated-hr-color\" dir=\"ltr\">\n<div id=\"model-response-message-contentr_4bdeaa6da8c41b15\" class=\"markdown markdown-main-panel stronger enable-updated-hr-color\" dir=\"ltr\">\n<div id=\"model-response-message-contentr_e0d74dc8e10239d5\" class=\"markdown markdown-main-panel stronger enable-updated-hr-color\" dir=\"ltr\">\n<h3>Caract\u00e9ristiques principales<\/h3>\n<ul>\n<li><b>Capacit\u00e9 de chute en quatre \u00e9tapes :<\/b><span class=\"citation-1857\"> Permet la lib\u00e9ration ind\u00e9pendante jusqu&#039;\u00e0 <\/span><b><span class=\"citation-1857\">quatre charges utiles distinctes<\/span><\/b><span class=\"citation-1857 citation-end-1857\"> en une seule mission, maximisant l&#039;efficacit\u00e9 des livraisons multipoints.<\/span><\/li>\n<li><b>Capacit\u00e9 de charge utile \u00e9lev\u00e9e :<\/b>\n<ul>\n<li><b>Charge maximale d&#039;un seul crochet :<\/b><span class=\"citation-1856 citation-end-1856\"> Jusqu&#039;\u00e0 <sup class=\"superscript\" data-turn-source-index=\"4\">4<\/sup><\/span><span class=\"math-inline\" data-math=\"10 \\text{ kg}\">$10 \\texte{ kg}$<\/span><span class=\"citation-1855 citation-end-1855\"> (environ<sup class=\"superscript\" data-turn-source-index=\"5\">5<\/sup><\/span> <span class=\"math-inline\" data-math=\"22 \\text{ lbs}\">$22 \\texte{lbs}$<\/span><span class=\"citation-1854\">) \u2013 <\/span><i><span class=\"citation-1854 citation-end-1854\">Remarque\u00a0: la capacit\u00e9 de charge r\u00e9elle est soumise \u00e0 la charge utile maximale autoris\u00e9e du drone.<\/span><\/i><\/li>\n<li><b>Charge de lancer totale :<\/b> Jusqu&#039;\u00e0 <span class=\"math-inline\" data-math=\"40 \\text{ kg}\">$40 \\texte{ kg}$<\/span> (environ <span class=\"math-inline\" data-math=\"88 \\text{ lbs}\">$88 \\texte{lbs}$<\/span><span class=\"citation-1853 citation-end-1853\">) au cours des quatre \u00e9tapes.<\/span><\/li>\n<\/ul>\n<\/li>\n<li><b><span class=\"citation-1852\">Int\u00e9gration transparente de DJI\u00a0:<\/span><\/b><span class=\"citation-1852\"> Se monte rapidement et facilement via le <\/span><b><span class=\"citation-1852\">Interface DJI SkyPort V2.0<\/span><\/b><span class=\"citation-1852 citation-end-1852\">, assurant une connexion s\u00e9curis\u00e9e et fiable.<\/span><\/li>\n<li><b>Contr\u00f4le intuitif :<\/b><span class=\"citation-1851\"> Pas besoin de contr\u00f4leurs tiers ; le syst\u00e8me s&#039;int\u00e8gre directement avec le <\/span><b><span class=\"citation-1851\">Application DJI Pilot<\/span><\/b><span class=\"citation-1851 citation-end-1851\">, reconnaissant automatiquement la charge et fournissant des informations et des conseils en temps r\u00e9el via des messages contextuels.<\/span><\/li>\n<li><b><span class=\"citation-1850\">Conception l\u00e9g\u00e8re :<\/span><\/b><span class=\"citation-1850 citation-end-1850\"> Ne p\u00e8se qu&#039;environ <sup class=\"superscript\" data-turn-source-index=\"10\">10<\/sup><\/span><span class=\"math-inline\" data-math=\"310 \\text{ g}\">$310 \\texte{ g}$<\/span><span class=\"citation-1849 citation-end-1849\"> \u00e0 <sup class=\"superscript\" data-turn-source-index=\"11\">11<\/sup><\/span><span class=\"math-inline\" data-math=\"320 \\text{ g}\">$320 \\texte{ g}$<\/span><span class=\"citation-1848 citation-end-1848\">, minimisant l\u2019impact sur les performances et l\u2019endurance du vol du drone.<\/span><\/li>\n<li><b>S\u00e9curit\u00e9 et fiabilit\u00e9 :<\/b><span class=\"citation-1847 citation-end-1847\"> Comprend plusieurs m\u00e9canismes de s\u00e9curit\u00e9 et un syst\u00e8me de verrouillage anti-chute pour emp\u00eacher la lib\u00e9ration accidentelle de la charge utile, prot\u00e9geant ainsi la pr\u00e9cieuse cargaison.<\/span><\/li>\n<\/ul>\n<h4>Applications<\/h4>\n<p>Le CZI TH4 est un outil indispensable pour les missions critiques, notamment :<\/p>\n<ul>\n<li><b><span class=\"citation-1846\">Intervention d&#039;urgence et SAR :<\/span><\/b><span class=\"citation-1846 citation-end-1846\"> Livraison de fournitures vitales, de kits m\u00e9dicaux, de radios ou de dispositifs de flottaison dans des endroits difficiles d\u2019acc\u00e8s ou dangereux.<\/span><\/li>\n<li><b>Logistique et livraison :<\/b><span class=\"citation-1845 citation-end-1845\"> Transporter du mat\u00e9riel et des \u00e9quipements essentiels vers des zones \u00e9loign\u00e9es ou bloqu\u00e9es.<\/span><\/li>\n<li><b><span class=\"citation-1844\">Topographie et cartographie :<\/span><\/b><span class=\"citation-1844 citation-end-1844\"> D\u00e9poser avec pr\u00e9cision des marqueurs d&#039;enqu\u00eate \u00e0 des points d\u00e9sign\u00e9s sur de vastes zones.<\/span><\/li>\n<li><b><span class=\"citation-1843\">S\u00e9curit\u00e9 publique :<\/span><\/b><span class=\"citation-1843 citation-end-1843\"> D\u00e9ploiement d\u2019outils sans contact ou de syst\u00e8mes de sonorisation.<\/span><\/li>\n<\/ul>\n<p><span class=\"citation-1842 citation-end-1842\">En r\u00e9sum\u00e9, le kit de largage CZI TH4 V2 offre une solution puissante, s\u00fbre et efficace pour les op\u00e9rateurs de drones professionnels n\u00e9cessitant une capacit\u00e9 de livraison a\u00e9rienne pr\u00e9cise en plusieurs \u00e9tapes.<\/span><\/p>\n<\/div>\n<\/div>\n<\/div>\n<\/div>","protected":false},"excerpt":{"rendered":"<p><span class=\"citation-1859 citation-end-1859\">Le lanceur \u00e0 quatre \u00e9tages CZI TH4 (souvent appel\u00e9 kit de largage TH4 V2) est un syst\u00e8me de d\u00e9ploiement de charge utile a\u00e9rienne sp\u00e9cialis\u00e9 con\u00e7u pour \u00eatre int\u00e9gr\u00e9 \u00e0 des drones industriels DJI sp\u00e9cifiques, tels que le Matrice 300 RTK, le Matrice 350 RTK et le Matrice 210 V2.<\/span><\/p>\n<p><span class=\"citation-1858 citation-end-1858\">Ce syst\u00e8me ultra-l\u00e9ger et durable est con\u00e7u pour r\u00e9volutionner la logistique a\u00e9rienne, les interventions d&#039;urgence et la livraison de mat\u00e9riel en permettant plusieurs largages de pr\u00e9cision en un seul vol.<\/span><\/p>","protected":false},"featured_media":21885,"comment_status":"open","ping_status":"closed","template":"","meta":[],"product_brand":[1031],"product_cat":[37,1125,1127],"product_tag":[42,1131,1128],"class_list":{"0":"post-21884","1":"product","2":"type-product","3":"status-publish","4":"has-post-thumbnail","6":"product_brand-dji","7":"product_cat-dji","8":"product_cat-matrice-400","9":"product_cat-matrice-400-accessories","10":"product_tag-dji","11":"product_tag-dji-matrice-400-accessories","12":"product_tag-dji-matrice-400-series","14":"first","15":"onbackorder","16":"taxable","17":"shipping-taxable","18":"purchasable","19":"product-type-simple"},"yoast_head":"<!-- This site is optimized with the Yoast SEO plugin v27.4 - https:\/\/yoast.com\/product\/yoast-seo-wordpress\/ -->\n<title>CZI TH4 Four stage thrower - Ghostysky<\/title>\n<meta name=\"description\" content=\"The CZI TH4 Four-Stage Thrower (often referred to as the TH4 V2 Drop Kit) is a specialized aerial payload deployment system designed for integration with specific DJI industrial drones, such as the Matrice 300 RTK, Matrice 350 RTK, and Matrice 210 V2.This ultra-lightweight and durable system is engineered to revolutionize aerial logistics, emergency response, and material delivery by enabling multiple, precision drops in a single flight.\" \/>\n<meta name=\"robots\" content=\"index, follow, max-snippet:-1, max-image-preview:large, max-video-preview:-1\" \/>\n<link rel=\"canonical\" href=\"https:\/\/www.ghostysky.com\/fr\/product\/czi-th4-four-stage-thrower\/\" \/>\n<meta property=\"og:locale\" content=\"fr_FR\" \/>\n<meta property=\"og:type\" content=\"article\" \/>\n<meta property=\"og:title\" content=\"CZI TH4 Four stage thrower - Ghostysky\" \/>\n<meta property=\"og:description\" content=\"The CZI TH4 Four-Stage Thrower (often referred to as the TH4 V2 Drop Kit) is a specialized aerial payload deployment system designed for integration with specific DJI industrial drones, such as the Matrice 300 RTK, Matrice 350 RTK, and Matrice 210 V2.This ultra-lightweight and durable system is engineered to revolutionize aerial logistics, emergency response, and material delivery by enabling multiple, precision drops in a single flight.\" \/>\n<meta property=\"og:url\" content=\"https:\/\/www.ghostysky.com\/fr\/product\/czi-th4-four-stage-thrower\/\" \/>\n<meta property=\"og:site_name\" content=\"Ghostysky\" \/>\n<meta property=\"article:publisher\" content=\"https:\/\/www.facebook.com\/people\/Ghostysky\/100057676170234\/\" \/>\n<meta property=\"article:modified_time\" content=\"2025-10-18T04:41:40+00:00\" \/>\n<meta property=\"og:image\" content=\"https:\/\/www.ghostysky.com\/wp-content\/uploads\/2025\/10\/GH_CZI-TH4-Four-stage-thrower_1.jpg\" \/>\n\t<meta property=\"og:image:width\" content=\"800\" \/>\n\t<meta property=\"og:image:height\" content=\"800\" \/>\n\t<meta property=\"og:image:type\" content=\"image\/jpeg\" \/>\n<meta name=\"twitter:card\" content=\"summary_large_image\" \/>\n<meta name=\"twitter:site\" content=\"@Gh0stysky\" \/>\n<meta name=\"twitter:label1\" content=\"Dur\u00e9e de lecture estim\u00e9e\" \/>\n\t<meta name=\"twitter:data1\" content=\"2 minutes\" \/>\n<script type=\"application\/ld+json\" class=\"yoast-schema-graph\">{\"@context\":\"https:\\\/\\\/schema.org\",\"@graph\":[{\"@type\":\"WebPage\",\"@id\":\"https:\\\/\\\/www.ghostysky.com\\\/product\\\/czi-th4-four-stage-thrower\\\/\",\"url\":\"https:\\\/\\\/www.ghostysky.com\\\/product\\\/czi-th4-four-stage-thrower\\\/\",\"name\":\"CZI TH4 Four stage thrower - Ghostysky\",\"isPartOf\":{\"@id\":\"https:\\\/\\\/www.ghostysky.com\\\/#website\"},\"primaryImageOfPage\":{\"@id\":\"https:\\\/\\\/www.ghostysky.com\\\/product\\\/czi-th4-four-stage-thrower\\\/#primaryimage\"},\"image\":{\"@id\":\"https:\\\/\\\/www.ghostysky.com\\\/product\\\/czi-th4-four-stage-thrower\\\/#primaryimage\"},\"thumbnailUrl\":\"https:\\\/\\\/www.ghostysky.com\\\/wp-content\\\/uploads\\\/2025\\\/10\\\/GH_CZI-TH4-Four-stage-thrower_1.jpg\",\"datePublished\":\"2025-10-18T04:38:45+00:00\",\"dateModified\":\"2025-10-18T04:41:40+00:00\",\"description\":\"The CZI TH4 Four-Stage Thrower (often referred to as the TH4 V2 Drop Kit) is a specialized aerial payload deployment system designed for integration with specific DJI industrial drones, such as the Matrice 300 RTK, Matrice 350 RTK, and Matrice 210 V2.This ultra-lightweight and durable system is engineered to revolutionize aerial logistics, emergency response, and material delivery by enabling multiple, precision drops in a single flight.\",\"breadcrumb\":{\"@id\":\"https:\\\/\\\/www.ghostysky.com\\\/product\\\/czi-th4-four-stage-thrower\\\/#breadcrumb\"},\"inLanguage\":\"fr-FR\",\"potentialAction\":[{\"@type\":\"ReadAction\",\"target\":[\"https:\\\/\\\/www.ghostysky.com\\\/product\\\/czi-th4-four-stage-thrower\\\/\"]}]},{\"@type\":\"ImageObject\",\"inLanguage\":\"fr-FR\",\"@id\":\"https:\\\/\\\/www.ghostysky.com\\\/product\\\/czi-th4-four-stage-thrower\\\/#primaryimage\",\"url\":\"https:\\\/\\\/www.ghostysky.com\\\/wp-content\\\/uploads\\\/2025\\\/10\\\/GH_CZI-TH4-Four-stage-thrower_1.jpg\",\"contentUrl\":\"https:\\\/\\\/www.ghostysky.com\\\/wp-content\\\/uploads\\\/2025\\\/10\\\/GH_CZI-TH4-Four-stage-thrower_1.jpg\",\"width\":800,\"height\":800},{\"@type\":\"BreadcrumbList\",\"@id\":\"https:\\\/\\\/www.ghostysky.com\\\/product\\\/czi-th4-four-stage-thrower\\\/#breadcrumb\",\"itemListElement\":[{\"@type\":\"ListItem\",\"position\":1,\"name\":\"Home\",\"item\":\"https:\\\/\\\/www.ghostysky.com\\\/\"},{\"@type\":\"ListItem\",\"position\":2,\"name\":\"Shop\",\"item\":\"https:\\\/\\\/www.ghostysky.com\\\/shop\\\/\"},{\"@type\":\"ListItem\",\"position\":3,\"name\":\"CZI TH4 Four stage thrower\"}]},{\"@type\":\"WebSite\",\"@id\":\"https:\\\/\\\/www.ghostysky.com\\\/#website\",\"url\":\"https:\\\/\\\/www.ghostysky.com\\\/\",\"name\":\"Ghostysky\",\"description\":\"Delivering professional drones and robotics solutions\",\"publisher\":{\"@id\":\"https:\\\/\\\/www.ghostysky.com\\\/#organization\"},\"potentialAction\":[{\"@type\":\"SearchAction\",\"target\":{\"@type\":\"EntryPoint\",\"urlTemplate\":\"https:\\\/\\\/www.ghostysky.com\\\/?s={search_term_string}\"},\"query-input\":{\"@type\":\"PropertyValueSpecification\",\"valueRequired\":true,\"valueName\":\"search_term_string\"}}],\"inLanguage\":\"fr-FR\"},{\"@type\":\"Organization\",\"@id\":\"https:\\\/\\\/www.ghostysky.com\\\/#organization\",\"name\":\"Ghostysky\",\"url\":\"https:\\\/\\\/www.ghostysky.com\\\/\",\"logo\":{\"@type\":\"ImageObject\",\"inLanguage\":\"fr-FR\",\"@id\":\"https:\\\/\\\/www.ghostysky.com\\\/#\\\/schema\\\/logo\\\/image\\\/\",\"url\":\"https:\\\/\\\/www.ghostysky.com\\\/wp-content\\\/uploads\\\/2020\\\/06\\\/cropped-ghostyskylogo_text_white2.png\",\"contentUrl\":\"https:\\\/\\\/www.ghostysky.com\\\/wp-content\\\/uploads\\\/2020\\\/06\\\/cropped-ghostyskylogo_text_white2.png\",\"width\":169,\"height\":56,\"caption\":\"Ghostysky\"},\"image\":{\"@id\":\"https:\\\/\\\/www.ghostysky.com\\\/#\\\/schema\\\/logo\\\/image\\\/\"},\"sameAs\":[\"https:\\\/\\\/www.facebook.com\\\/people\\\/Ghostysky\\\/100057676170234\\\/\",\"https:\\\/\\\/x.com\\\/Gh0stysky\",\"https:\\\/\\\/www.linkedin.com\\\/company\\\/34739653\",\"https:\\\/\\\/www.instagram.com\\\/gh0stysky\"]}]}<\/script>\n<!-- \/ Yoast SEO plugin. -->","yoast_head_json":{"title":"Lanceur \u00e0 quatre \u00e9tages CZI TH4 - Ghostysky","description":"Le lanceur \u00e0 quatre \u00e9tages CZI TH4 (souvent appel\u00e9 kit de largage TH4 V2) est un syst\u00e8me de d\u00e9ploiement de charge utile a\u00e9rienne sp\u00e9cialis\u00e9 con\u00e7u pour \u00eatre int\u00e9gr\u00e9 \u00e0 des drones industriels DJI sp\u00e9cifiques, tels que le Matrice 300 RTK, le Matrice 350 RTK et le Matrice 210 V2. Ce syst\u00e8me ultra-l\u00e9ger et durable est con\u00e7u pour r\u00e9volutionner la logistique a\u00e9rienne, les interventions d&#039;urgence et la livraison de mat\u00e9riel en permettant plusieurs largages de pr\u00e9cision en un seul vol.","robots":{"index":"index","follow":"follow","max-snippet":"max-snippet:-1","max-image-preview":"max-image-preview:large","max-video-preview":"max-video-preview:-1"},"canonical":"https:\/\/www.ghostysky.com\/fr\/product\/czi-th4-four-stage-thrower\/","og_locale":"fr_FR","og_type":"article","og_title":"CZI TH4 Four stage thrower - Ghostysky","og_description":"The CZI TH4 Four-Stage Thrower (often referred to as the TH4 V2 Drop Kit) is a specialized aerial payload deployment system designed for integration with specific DJI industrial drones, such as the Matrice 300 RTK, Matrice 350 RTK, and Matrice 210 V2.This ultra-lightweight and durable system is engineered to revolutionize aerial logistics, emergency response, and material delivery by enabling multiple, precision drops in a single flight.","og_url":"https:\/\/www.ghostysky.com\/fr\/product\/czi-th4-four-stage-thrower\/","og_site_name":"Ghostysky","article_publisher":"https:\/\/www.facebook.com\/people\/Ghostysky\/100057676170234\/","article_modified_time":"2025-10-18T04:41:40+00:00","og_image":[{"width":800,"height":800,"url":"https:\/\/www.ghostysky.com\/wp-content\/uploads\/2025\/10\/GH_CZI-TH4-Four-stage-thrower_1.jpg","type":"image\/jpeg"}],"twitter_card":"summary_large_image","twitter_site":"@Gh0stysky","twitter_misc":{"Dur\u00e9e de lecture estim\u00e9e":"2 minutes"},"schema":{"@context":"https:\/\/schema.org","@graph":[{"@type":"WebPage","@id":"https:\/\/www.ghostysky.com\/product\/czi-th4-four-stage-thrower\/","url":"https:\/\/www.ghostysky.com\/product\/czi-th4-four-stage-thrower\/","name":"Lanceur \u00e0 quatre \u00e9tages CZI TH4 - Ghostysky","isPartOf":{"@id":"https:\/\/www.ghostysky.com\/#website"},"primaryImageOfPage":{"@id":"https:\/\/www.ghostysky.com\/product\/czi-th4-four-stage-thrower\/#primaryimage"},"image":{"@id":"https:\/\/www.ghostysky.com\/product\/czi-th4-four-stage-thrower\/#primaryimage"},"thumbnailUrl":"https:\/\/www.ghostysky.com\/wp-content\/uploads\/2025\/10\/GH_CZI-TH4-Four-stage-thrower_1.jpg","datePublished":"2025-10-18T04:38:45+00:00","dateModified":"2025-10-18T04:41:40+00:00","description":"Le lanceur \u00e0 quatre \u00e9tages CZI TH4 (souvent appel\u00e9 kit de largage TH4 V2) est un syst\u00e8me de d\u00e9ploiement de charge utile a\u00e9rienne sp\u00e9cialis\u00e9 con\u00e7u pour \u00eatre int\u00e9gr\u00e9 \u00e0 des drones industriels DJI sp\u00e9cifiques, tels que le Matrice 300 RTK, le Matrice 350 RTK et le Matrice 210 V2. Ce syst\u00e8me ultra-l\u00e9ger et durable est con\u00e7u pour r\u00e9volutionner la logistique a\u00e9rienne, les interventions d&#039;urgence et la livraison de mat\u00e9riel en permettant plusieurs largages de pr\u00e9cision en un seul vol.","breadcrumb":{"@id":"https:\/\/www.ghostysky.com\/product\/czi-th4-four-stage-thrower\/#breadcrumb"},"inLanguage":"fr-FR","potentialAction":[{"@type":"ReadAction","target":["https:\/\/www.ghostysky.com\/product\/czi-th4-four-stage-thrower\/"]}]},{"@type":"ImageObject","inLanguage":"fr-FR","@id":"https:\/\/www.ghostysky.com\/product\/czi-th4-four-stage-thrower\/#primaryimage","url":"https:\/\/www.ghostysky.com\/wp-content\/uploads\/2025\/10\/GH_CZI-TH4-Four-stage-thrower_1.jpg","contentUrl":"https:\/\/www.ghostysky.com\/wp-content\/uploads\/2025\/10\/GH_CZI-TH4-Four-stage-thrower_1.jpg","width":800,"height":800},{"@type":"BreadcrumbList","@id":"https:\/\/www.ghostysky.com\/product\/czi-th4-four-stage-thrower\/#breadcrumb","itemListElement":[{"@type":"ListItem","position":1,"name":"Home","item":"https:\/\/www.ghostysky.com\/"},{"@type":"ListItem","position":2,"name":"Shop","item":"https:\/\/www.ghostysky.com\/shop\/"},{"@type":"ListItem","position":3,"name":"CZI TH4 Four stage thrower"}]},{"@type":"WebSite","@id":"https:\/\/www.ghostysky.com\/#website","url":"https:\/\/www.ghostysky.com\/","name":"Ghostysky","description":"Fourniture de solutions professionnelles en mati\u00e8re de drones et de robotique","publisher":{"@id":"https:\/\/www.ghostysky.com\/#organization"},"potentialAction":[{"@type":"SearchAction","target":{"@type":"EntryPoint","urlTemplate":"https:\/\/www.ghostysky.com\/?s={search_term_string}"},"query-input":{"@type":"PropertyValueSpecification","valueRequired":true,"valueName":"search_term_string"}}],"inLanguage":"fr-FR"},{"@type":"Organization","@id":"https:\/\/www.ghostysky.com\/#organization","name":"Ghostysky","url":"https:\/\/www.ghostysky.com\/","logo":{"@type":"ImageObject","inLanguage":"fr-FR","@id":"https:\/\/www.ghostysky.com\/#\/schema\/logo\/image\/","url":"https:\/\/www.ghostysky.com\/wp-content\/uploads\/2020\/06\/cropped-ghostyskylogo_text_white2.png","contentUrl":"https:\/\/www.ghostysky.com\/wp-content\/uploads\/2020\/06\/cropped-ghostyskylogo_text_white2.png","width":169,"height":56,"caption":"Ghostysky"},"image":{"@id":"https:\/\/www.ghostysky.com\/#\/schema\/logo\/image\/"},"sameAs":["https:\/\/www.facebook.com\/people\/Ghostysky\/100057676170234\/","https:\/\/x.com\/Gh0stysky","https:\/\/www.linkedin.com\/company\/34739653","https:\/\/www.instagram.com\/gh0stysky"]}]}},"_links":{"self":[{"href":"https:\/\/www.ghostysky.com\/fr\/wp-json\/wp\/v2\/product\/21884","targetHints":{"allow":["GET"]}}],"collection":[{"href":"https:\/\/www.ghostysky.com\/fr\/wp-json\/wp\/v2\/product"}],"about":[{"href":"https:\/\/www.ghostysky.com\/fr\/wp-json\/wp\/v2\/types\/product"}],"replies":[{"embeddable":true,"href":"https:\/\/www.ghostysky.com\/fr\/wp-json\/wp\/v2\/comments?post=21884"}],"version-history":[{"count":0,"href":"https:\/\/www.ghostysky.com\/fr\/wp-json\/wp\/v2\/product\/21884\/revisions"}],"wp:featuredmedia":[{"embeddable":true,"href":"https:\/\/www.ghostysky.com\/fr\/wp-json\/wp\/v2\/media\/21885"}],"wp:attachment":[{"href":"https:\/\/www.ghostysky.com\/fr\/wp-json\/wp\/v2\/media?parent=21884"}],"wp:term":[{"taxonomy":"product_brand","embeddable":true,"href":"https:\/\/www.ghostysky.com\/fr\/wp-json\/wp\/v2\/product_brand?post=21884"},{"taxonomy":"product_cat","embeddable":true,"href":"https:\/\/www.ghostysky.com\/fr\/wp-json\/wp\/v2\/product_cat?post=21884"},{"taxonomy":"product_tag","embeddable":true,"href":"https:\/\/www.ghostysky.com\/fr\/wp-json\/wp\/v2\/product_tag?post=21884"}],"curies":[{"name":"wp","href":"https:\/\/api.w.org\/{rel}","templated":true}]}}