{"id":21890,"date":"2025-10-18T04:48:43","date_gmt":"2025-10-18T04:48:43","guid":{"rendered":"https:\/\/www.ghostysky.com\/?post_type=product&#038;p=21890"},"modified":"2025-10-18T04:51:43","modified_gmt":"2025-10-18T04:51:43","slug":"dji-care-enterprise-plus-dji-matrice-400-eu","status":"publish","type":"product","link":"https:\/\/www.ghostysky.com\/fr\/product\/dji-care-enterprise-plus-dji-matrice-400-eu\/","title":{"rendered":"DJI Care Enterprise Plus (DJI Matrice 400) UE"},"content":{"rendered":"<div id=\"model-response-message-contentr_55bc02040a3d26f8\" class=\"markdown markdown-main-panel stronger enable-updated-hr-color\" dir=\"ltr\">\n<div id=\"model-response-message-contentr_7d191a1853b28634\" class=\"markdown markdown-main-panel stronger enable-updated-hr-color\" dir=\"ltr\">\n<div id=\"model-response-message-contentr_4bdeaa6da8c41b15\" class=\"markdown markdown-main-panel stronger enable-updated-hr-color\" dir=\"ltr\">\n<div id=\"model-response-message-contentr_e0d74dc8e10239d5\" class=\"markdown markdown-main-panel stronger enable-updated-hr-color\" dir=\"ltr\">\n<h3><b>Principales caract\u00e9ristiques et avantages<\/b><\/h3>\n<ul>\n<li><b><span class=\"citation-1915\">R\u00e9parations\/remplacements gratuits illimit\u00e9s\u00a0:<\/span><\/b><span class=\"citation-1915\"> Profitez d&#039;un <\/span><b><span class=\"citation-1915\">illimit\u00e9<\/span><\/b><span class=\"citation-1915 citation-end-1915\"> nombre de r\u00e9parations ou de remplacements gratuits dans le cadre du montant total de la couverture assur\u00e9e.<\/span> <span class=\"citation-1914 citation-end-1914\">Cette garantie couvre les dommages accidentels caus\u00e9s par les collisions, les d\u00e9g\u00e2ts des eaux, les interf\u00e9rences de signal et les erreurs de fonctionnement, offrant ainsi une solution sans souci aux op\u00e9rateurs fr\u00e9quents dans des environnements \u00e0 haut risque.<\/span><\/li>\n<li><b>Couverture Flyaway :<\/b><span class=\"citation-1913 citation-end-1913\"> En cas de vol irr\u00e9versible, le plan pr\u00e9voit un avion de remplacement pour une somme modique une fois par an, vous offrant ainsi une tranquillit\u00e9 d&#039;esprit cruciale dans des conditions difficiles.<\/span><\/li>\n<li><b>Livraison bidirectionnelle gratuite :<\/b><span class=\"citation-1912 citation-end-1912\"> Tous les frais d&#039;exp\u00e9dition pour l&#039;envoi de votre \u00e9quipement endommag\u00e9 pour r\u00e9paration et la r\u00e9ception de l&#039;unit\u00e9 r\u00e9par\u00e9e ou de remplacement sont couverts par DJI pendant la p\u00e9riode de service.<\/span><\/li>\n<li><b>Service prioritaire DJI Express\u00a0:<\/b><span class=\"citation-1911 citation-end-1911\"> B\u00e9n\u00e9ficiez d&#039;un canal de r\u00e9paration et de remplacement rationalis\u00e9 et prioritaire pour garantir le d\u00e9lai d&#039;ex\u00e9cution le plus rapide possible, minimiser les temps d&#039;arr\u00eat et maintenir vos projets dans les d\u00e9lais.<\/span><\/li>\n<li><b>Maintenance d&#039;usine gratuite :<\/b><span class=\"citation-1910\"> Comprend <\/span><b><span class=\"citation-1910\">un service de maintenance d&#039;usine gratuit<\/span><\/b><span class=\"citation-1910 citation-end-1910\"> par ann\u00e9e.<\/span> <span class=\"citation-1909 citation-end-1909\">Cette r\u00e9vision compl\u00e8te comprend un nettoyage en profondeur, une inspection compl\u00e8te du syst\u00e8me (propulsion, contr\u00f4leur de vol, cardan, transmission), des mises \u00e0 jour du micrologiciel, un recalibrage des composants cl\u00e9s (IMU, boussole, barom\u00e8tre, cardan) et le remplacement automatique des pi\u00e8ces d&#039;usure courantes (comme les h\u00e9lices et les amortisseurs de cardan).<\/span><\/li>\n<li><b>Service de remplacement de batterie :<\/b><span class=\"citation-1908\"> Offre un <\/span><b><span class=\"citation-1908\">service de renouvellement annuel gratuit pour deux batteries<\/span><\/b><span class=\"citation-1908 citation-end-1908\"> par an pour maintenir des performances \u00e9lev\u00e9es pour les \u00e9quipements soumis \u00e0 des t\u00e2ches de longue dur\u00e9e et de haute intensit\u00e9.<\/span><\/li>\n<li><b>Couverture de flotte partag\u00e9e\u00a0:<\/b><span class=\"citation-1907 citation-end-1907\"> S&#039;ils sont activ\u00e9s dans les 30 jours suivant la premi\u00e8re activation et la liaison, plusieurs produits DJI Enterprise peuvent partager la limite de couverture totale du plan, offrant ainsi une flexibilit\u00e9 pour la gestion d&#039;une flotte multi-appareils.<\/span><\/li>\n<li><b><span class=\"citation-1906\">Licence virtuelle et renouvellement :<\/span><\/b><span class=\"citation-1906 citation-end-1906\"> Le plan est fourni sous forme de licence virtuelle pour une activation sans tracas et offre une option renouvelable pour \u00e9tendre la couverture jusqu&#039;\u00e0 trois ann\u00e9es cons\u00e9cutives.<\/span><\/li>\n<\/ul>\n<p>Avec DJI Care Enterprise Plus, votre DJI Matrice 400, une plateforme de drone d&#039;entreprise phare con\u00e7ue pour une longue endurance, une capacit\u00e9 de charge utile \u00e9lev\u00e9e et une d\u00e9tection d&#039;obstacles au niveau des lignes \u00e9lectriques, est prot\u00e9g\u00e9 par le package d&#039;assistance ultime de DJI, garantissant fiabilit\u00e9 et continuit\u00e9 des op\u00e9rations critiques \u00e0 travers l&#039;Europe.<\/p>\n<\/div>\n<\/div>\n<\/div>\n<\/div>","protected":false},"excerpt":{"rendered":"<p><span class=\"citation-1917 citation-end-1917\">DJI Care Enterprise Plus pour le Matrice 400 est le plan de protection complet et premium con\u00e7u pour les op\u00e9rateurs de drones professionnels en Europe, garantissant une disponibilit\u00e9 maximale et une tranquillit\u00e9 d&#039;esprit pour vos missions d&#039;entreprise.<\/span><\/p>\n<p><span class=\"citation-1916 citation-end-1916\">Ce plan de service offre une couverture \u00e9tendue pour votre flotte DJI Matrice 400 de grande valeur, minimisant les co\u00fbts de r\u00e9paration impr\u00e9vus et r\u00e9duisant les temps d&#039;arr\u00eat op\u00e9rationnels.<\/span><\/p>","protected":false},"featured_media":21891,"comment_status":"open","ping_status":"closed","template":"","meta":[],"product_brand":[1031],"product_cat":[37,1125,1127],"product_tag":[42,1131,1128],"class_list":{"0":"post-21890","1":"product","2":"type-product","3":"status-publish","4":"has-post-thumbnail","6":"product_brand-dji","7":"product_cat-dji","8":"product_cat-matrice-400","9":"product_cat-matrice-400-accessories","10":"product_tag-dji","11":"product_tag-dji-matrice-400-accessories","12":"product_tag-dji-matrice-400-series","14":"first","15":"onbackorder","16":"taxable","17":"shipping-taxable","18":"purchasable","19":"product-type-simple"},"yoast_head":"<!-- This site is optimized with the Yoast SEO plugin v27.1.1 - https:\/\/yoast.com\/product\/yoast-seo-wordpress\/ -->\n<title>DJI Care Enterprise Plus (DJI Matrice 400) EU - Ghostysky<\/title>\n<meta name=\"description\" content=\"DJI Care Enterprise Plus for the Matrice 400 is the premium, comprehensive protection plan designed for professional drone operators in Europe, ensuring maximum uptime and peace of mind for your enterprise missions.This service plan provides extensive coverage for your high-value DJI Matrice 400 fleet, minimizing unexpected repair costs and reducing operational downtime.\" \/>\n<meta name=\"robots\" content=\"index, follow, max-snippet:-1, max-image-preview:large, max-video-preview:-1\" \/>\n<link rel=\"canonical\" href=\"https:\/\/www.ghostysky.com\/fr\/product\/dji-care-enterprise-plus-dji-matrice-400-eu\/\" \/>\n<meta property=\"og:locale\" content=\"fr_FR\" \/>\n<meta property=\"og:type\" content=\"article\" \/>\n<meta property=\"og:title\" content=\"DJI Care Enterprise Plus (DJI Matrice 400) EU - Ghostysky\" \/>\n<meta property=\"og:description\" content=\"DJI Care Enterprise Plus for the Matrice 400 is the premium, comprehensive protection plan designed for professional drone operators in Europe, ensuring maximum uptime and peace of mind for your enterprise missions.This service plan provides extensive coverage for your high-value DJI Matrice 400 fleet, minimizing unexpected repair costs and reducing operational downtime.\" \/>\n<meta property=\"og:url\" content=\"https:\/\/www.ghostysky.com\/fr\/product\/dji-care-enterprise-plus-dji-matrice-400-eu\/\" \/>\n<meta property=\"og:site_name\" content=\"Ghostysky\" \/>\n<meta property=\"article:publisher\" content=\"https:\/\/www.facebook.com\/people\/Ghostysky\/100057676170234\/\" \/>\n<meta property=\"article:modified_time\" content=\"2025-10-18T04:51:43+00:00\" \/>\n<meta property=\"og:image\" content=\"https:\/\/www.ghostysky.com\/wp-content\/uploads\/2025\/10\/GH_DJI-Care-Enterprise-Plus-DJI-Matrice-400-EU_3.jpg\" \/>\n\t<meta property=\"og:image:width\" content=\"800\" \/>\n\t<meta property=\"og:image:height\" content=\"800\" \/>\n\t<meta property=\"og:image:type\" content=\"image\/jpeg\" \/>\n<meta name=\"twitter:card\" content=\"summary_large_image\" \/>\n<meta name=\"twitter:site\" content=\"@Gh0stysky\" \/>\n<meta name=\"twitter:label1\" content=\"Dur\u00e9e de lecture estim\u00e9e\" \/>\n\t<meta name=\"twitter:data1\" content=\"2 minutes\" \/>\n<script type=\"application\/ld+json\" class=\"yoast-schema-graph\">{\"@context\":\"https:\/\/schema.org\",\"@graph\":[{\"@type\":\"WebPage\",\"@id\":\"https:\/\/www.ghostysky.com\/product\/dji-care-enterprise-plus-dji-matrice-400-eu\/\",\"url\":\"https:\/\/www.ghostysky.com\/product\/dji-care-enterprise-plus-dji-matrice-400-eu\/\",\"name\":\"DJI Care Enterprise Plus (DJI Matrice 400) EU - Ghostysky\",\"isPartOf\":{\"@id\":\"https:\/\/www.ghostysky.com\/#website\"},\"primaryImageOfPage\":{\"@id\":\"https:\/\/www.ghostysky.com\/product\/dji-care-enterprise-plus-dji-matrice-400-eu\/#primaryimage\"},\"image\":{\"@id\":\"https:\/\/www.ghostysky.com\/product\/dji-care-enterprise-plus-dji-matrice-400-eu\/#primaryimage\"},\"thumbnailUrl\":\"https:\/\/www.ghostysky.com\/wp-content\/uploads\/2025\/10\/GH_DJI-Care-Enterprise-Plus-DJI-Matrice-400-EU_3.jpg\",\"datePublished\":\"2025-10-18T04:48:43+00:00\",\"dateModified\":\"2025-10-18T04:51:43+00:00\",\"description\":\"DJI Care Enterprise Plus for the Matrice 400 is the premium, comprehensive protection plan designed for professional drone operators in Europe, ensuring maximum uptime and peace of mind for your enterprise missions.This service plan provides extensive coverage for your high-value DJI Matrice 400 fleet, minimizing unexpected repair costs and reducing operational downtime.\",\"breadcrumb\":{\"@id\":\"https:\/\/www.ghostysky.com\/product\/dji-care-enterprise-plus-dji-matrice-400-eu\/#breadcrumb\"},\"inLanguage\":\"fr-FR\",\"potentialAction\":[{\"@type\":\"ReadAction\",\"target\":[\"https:\/\/www.ghostysky.com\/product\/dji-care-enterprise-plus-dji-matrice-400-eu\/\"]}]},{\"@type\":\"ImageObject\",\"inLanguage\":\"fr-FR\",\"@id\":\"https:\/\/www.ghostysky.com\/product\/dji-care-enterprise-plus-dji-matrice-400-eu\/#primaryimage\",\"url\":\"https:\/\/www.ghostysky.com\/wp-content\/uploads\/2025\/10\/GH_DJI-Care-Enterprise-Plus-DJI-Matrice-400-EU_3.jpg\",\"contentUrl\":\"https:\/\/www.ghostysky.com\/wp-content\/uploads\/2025\/10\/GH_DJI-Care-Enterprise-Plus-DJI-Matrice-400-EU_3.jpg\",\"width\":800,\"height\":800},{\"@type\":\"BreadcrumbList\",\"@id\":\"https:\/\/www.ghostysky.com\/product\/dji-care-enterprise-plus-dji-matrice-400-eu\/#breadcrumb\",\"itemListElement\":[{\"@type\":\"ListItem\",\"position\":1,\"name\":\"Home\",\"item\":\"https:\/\/www.ghostysky.com\/\"},{\"@type\":\"ListItem\",\"position\":2,\"name\":\"Shop\",\"item\":\"https:\/\/www.ghostysky.com\/shop\/\"},{\"@type\":\"ListItem\",\"position\":3,\"name\":\"DJI Care Enterprise Plus (DJI Matrice 400) EU\"}]},{\"@type\":\"WebSite\",\"@id\":\"https:\/\/www.ghostysky.com\/#website\",\"url\":\"https:\/\/www.ghostysky.com\/\",\"name\":\"Ghostysky\",\"description\":\"Delivering professional drones and services\",\"publisher\":{\"@id\":\"https:\/\/www.ghostysky.com\/#organization\"},\"potentialAction\":[{\"@type\":\"SearchAction\",\"target\":{\"@type\":\"EntryPoint\",\"urlTemplate\":\"https:\/\/www.ghostysky.com\/?s={search_term_string}\"},\"query-input\":{\"@type\":\"PropertyValueSpecification\",\"valueRequired\":true,\"valueName\":\"search_term_string\"}}],\"inLanguage\":\"fr-FR\"},{\"@type\":\"Organization\",\"@id\":\"https:\/\/www.ghostysky.com\/#organization\",\"name\":\"Ghostysky\",\"url\":\"https:\/\/www.ghostysky.com\/\",\"logo\":{\"@type\":\"ImageObject\",\"inLanguage\":\"fr-FR\",\"@id\":\"https:\/\/www.ghostysky.com\/#\/schema\/logo\/image\/\",\"url\":\"https:\/\/www.ghostysky.com\/wp-content\/uploads\/2020\/06\/cropped-ghostyskylogo_text_white2.png\",\"contentUrl\":\"https:\/\/www.ghostysky.com\/wp-content\/uploads\/2020\/06\/cropped-ghostyskylogo_text_white2.png\",\"width\":169,\"height\":56,\"caption\":\"Ghostysky\"},\"image\":{\"@id\":\"https:\/\/www.ghostysky.com\/#\/schema\/logo\/image\/\"},\"sameAs\":[\"https:\/\/www.facebook.com\/people\/Ghostysky\/100057676170234\/\",\"https:\/\/x.com\/Gh0stysky\",\"https:\/\/www.linkedin.com\/company\/34739653\",\"https:\/\/www.instagram.com\/gh0stysky\"]}]}<\/script>\n<!-- \/ Yoast SEO plugin. -->","yoast_head_json":{"title":"DJI Care Enterprise Plus (DJI Matrice 400) EU - Ghostysky","description":"DJI Care Enterprise Plus pour le Matrice 400 est le plan de protection complet et haut de gamme con\u00e7u pour les op\u00e9rateurs de drones professionnels en Europe, garantissant une disponibilit\u00e9 maximale et une tranquillit\u00e9 d&#039;esprit pour vos missions d&#039;entreprise. Ce plan de service offre une couverture \u00e9tendue pour votre flotte DJI Matrice 400 de grande valeur, minimisant les co\u00fbts de r\u00e9paration impr\u00e9vus et r\u00e9duisant les temps d&#039;arr\u00eat op\u00e9rationnels.","robots":{"index":"index","follow":"follow","max-snippet":"max-snippet:-1","max-image-preview":"max-image-preview:large","max-video-preview":"max-video-preview:-1"},"canonical":"https:\/\/www.ghostysky.com\/fr\/product\/dji-care-enterprise-plus-dji-matrice-400-eu\/","og_locale":"fr_FR","og_type":"article","og_title":"DJI Care Enterprise Plus (DJI Matrice 400) EU - Ghostysky","og_description":"DJI Care Enterprise Plus for the Matrice 400 is the premium, comprehensive protection plan designed for professional drone operators in Europe, ensuring maximum uptime and peace of mind for your enterprise missions.This service plan provides extensive coverage for your high-value DJI Matrice 400 fleet, minimizing unexpected repair costs and reducing operational downtime.","og_url":"https:\/\/www.ghostysky.com\/fr\/product\/dji-care-enterprise-plus-dji-matrice-400-eu\/","og_site_name":"Ghostysky","article_publisher":"https:\/\/www.facebook.com\/people\/Ghostysky\/100057676170234\/","article_modified_time":"2025-10-18T04:51:43+00:00","og_image":[{"width":800,"height":800,"url":"https:\/\/www.ghostysky.com\/wp-content\/uploads\/2025\/10\/GH_DJI-Care-Enterprise-Plus-DJI-Matrice-400-EU_3.jpg","type":"image\/jpeg"}],"twitter_card":"summary_large_image","twitter_site":"@Gh0stysky","twitter_misc":{"Dur\u00e9e de lecture estim\u00e9e":"2 minutes"},"schema":{"@context":"https:\/\/schema.org","@graph":[{"@type":"WebPage","@id":"https:\/\/www.ghostysky.com\/product\/dji-care-enterprise-plus-dji-matrice-400-eu\/","url":"https:\/\/www.ghostysky.com\/product\/dji-care-enterprise-plus-dji-matrice-400-eu\/","name":"DJI Care Enterprise Plus (DJI Matrice 400) EU - Ghostysky","isPartOf":{"@id":"https:\/\/www.ghostysky.com\/#website"},"primaryImageOfPage":{"@id":"https:\/\/www.ghostysky.com\/product\/dji-care-enterprise-plus-dji-matrice-400-eu\/#primaryimage"},"image":{"@id":"https:\/\/www.ghostysky.com\/product\/dji-care-enterprise-plus-dji-matrice-400-eu\/#primaryimage"},"thumbnailUrl":"https:\/\/www.ghostysky.com\/wp-content\/uploads\/2025\/10\/GH_DJI-Care-Enterprise-Plus-DJI-Matrice-400-EU_3.jpg","datePublished":"2025-10-18T04:48:43+00:00","dateModified":"2025-10-18T04:51:43+00:00","description":"DJI Care Enterprise Plus pour le Matrice 400 est le plan de protection complet et haut de gamme con\u00e7u pour les op\u00e9rateurs de drones professionnels en Europe, garantissant une disponibilit\u00e9 maximale et une tranquillit\u00e9 d&#039;esprit pour vos missions d&#039;entreprise. Ce plan de service offre une couverture \u00e9tendue pour votre flotte DJI Matrice 400 de grande valeur, minimisant les co\u00fbts de r\u00e9paration impr\u00e9vus et r\u00e9duisant les temps d&#039;arr\u00eat op\u00e9rationnels.","breadcrumb":{"@id":"https:\/\/www.ghostysky.com\/product\/dji-care-enterprise-plus-dji-matrice-400-eu\/#breadcrumb"},"inLanguage":"fr-FR","potentialAction":[{"@type":"ReadAction","target":["https:\/\/www.ghostysky.com\/product\/dji-care-enterprise-plus-dji-matrice-400-eu\/"]}]},{"@type":"ImageObject","inLanguage":"fr-FR","@id":"https:\/\/www.ghostysky.com\/product\/dji-care-enterprise-plus-dji-matrice-400-eu\/#primaryimage","url":"https:\/\/www.ghostysky.com\/wp-content\/uploads\/2025\/10\/GH_DJI-Care-Enterprise-Plus-DJI-Matrice-400-EU_3.jpg","contentUrl":"https:\/\/www.ghostysky.com\/wp-content\/uploads\/2025\/10\/GH_DJI-Care-Enterprise-Plus-DJI-Matrice-400-EU_3.jpg","width":800,"height":800},{"@type":"BreadcrumbList","@id":"https:\/\/www.ghostysky.com\/product\/dji-care-enterprise-plus-dji-matrice-400-eu\/#breadcrumb","itemListElement":[{"@type":"ListItem","position":1,"name":"Home","item":"https:\/\/www.ghostysky.com\/"},{"@type":"ListItem","position":2,"name":"Shop","item":"https:\/\/www.ghostysky.com\/shop\/"},{"@type":"ListItem","position":3,"name":"DJI Care Enterprise Plus (DJI Matrice 400) EU"}]},{"@type":"WebSite","@id":"https:\/\/www.ghostysky.com\/#website","url":"https:\/\/www.ghostysky.com\/","name":"Ghostysky","description":"Livraison de drones et de services professionnels","publisher":{"@id":"https:\/\/www.ghostysky.com\/#organization"},"potentialAction":[{"@type":"SearchAction","target":{"@type":"EntryPoint","urlTemplate":"https:\/\/www.ghostysky.com\/?s={search_term_string}"},"query-input":{"@type":"PropertyValueSpecification","valueRequired":true,"valueName":"search_term_string"}}],"inLanguage":"fr-FR"},{"@type":"Organization","@id":"https:\/\/www.ghostysky.com\/#organization","name":"Ghostysky","url":"https:\/\/www.ghostysky.com\/","logo":{"@type":"ImageObject","inLanguage":"fr-FR","@id":"https:\/\/www.ghostysky.com\/#\/schema\/logo\/image\/","url":"https:\/\/www.ghostysky.com\/wp-content\/uploads\/2020\/06\/cropped-ghostyskylogo_text_white2.png","contentUrl":"https:\/\/www.ghostysky.com\/wp-content\/uploads\/2020\/06\/cropped-ghostyskylogo_text_white2.png","width":169,"height":56,"caption":"Ghostysky"},"image":{"@id":"https:\/\/www.ghostysky.com\/#\/schema\/logo\/image\/"},"sameAs":["https:\/\/www.facebook.com\/people\/Ghostysky\/100057676170234\/","https:\/\/x.com\/Gh0stysky","https:\/\/www.linkedin.com\/company\/34739653","https:\/\/www.instagram.com\/gh0stysky"]}]}},"_links":{"self":[{"href":"https:\/\/www.ghostysky.com\/fr\/wp-json\/wp\/v2\/product\/21890","targetHints":{"allow":["GET"]}}],"collection":[{"href":"https:\/\/www.ghostysky.com\/fr\/wp-json\/wp\/v2\/product"}],"about":[{"href":"https:\/\/www.ghostysky.com\/fr\/wp-json\/wp\/v2\/types\/product"}],"replies":[{"embeddable":true,"href":"https:\/\/www.ghostysky.com\/fr\/wp-json\/wp\/v2\/comments?post=21890"}],"wp:featuredmedia":[{"embeddable":true,"href":"https:\/\/www.ghostysky.com\/fr\/wp-json\/wp\/v2\/media\/21891"}],"wp:attachment":[{"href":"https:\/\/www.ghostysky.com\/fr\/wp-json\/wp\/v2\/media?parent=21890"}],"wp:term":[{"taxonomy":"product_brand","embeddable":true,"href":"https:\/\/www.ghostysky.com\/fr\/wp-json\/wp\/v2\/product_brand?post=21890"},{"taxonomy":"product_cat","embeddable":true,"href":"https:\/\/www.ghostysky.com\/fr\/wp-json\/wp\/v2\/product_cat?post=21890"},{"taxonomy":"product_tag","embeddable":true,"href":"https:\/\/www.ghostysky.com\/fr\/wp-json\/wp\/v2\/product_tag?post=21890"}],"curies":[{"name":"wp","href":"https:\/\/api.w.org\/{rel}","templated":true}]}}