{"id":21892,"date":"2025-10-18T04:52:37","date_gmt":"2025-10-18T04:52:37","guid":{"rendered":"https:\/\/www.ghostysky.com\/?post_type=product&#038;p=21892"},"modified":"2025-10-18T04:56:16","modified_gmt":"2025-10-18T04:56:16","slug":"dji-skyport-v3-adapter-set","status":"publish","type":"product","link":"https:\/\/www.ghostysky.com\/fr\/product\/dji-skyport-v3-adapter-set\/","title":{"rendered":"Ensemble d&#039;adaptateurs DJI Skyport V3"},"content":{"rendered":"<div id=\"model-response-message-contentr_55bc02040a3d26f8\" class=\"markdown markdown-main-panel stronger enable-updated-hr-color\" dir=\"ltr\">\n<div id=\"model-response-message-contentr_7d191a1853b28634\" class=\"markdown markdown-main-panel stronger enable-updated-hr-color\" dir=\"ltr\">\n<div id=\"model-response-message-contentr_4bdeaa6da8c41b15\" class=\"markdown markdown-main-panel stronger enable-updated-hr-color\" dir=\"ltr\">\n<div id=\"model-response-message-contentr_e0d74dc8e10239d5\" class=\"markdown markdown-main-panel stronger enable-updated-hr-color\" dir=\"ltr\">\n<h3>Principales caract\u00e9ristiques et avantages<\/h3>\n<ul>\n<li><b>Connectivit\u00e9 PSDK transparente\u00a0:<\/b><span class=\"citation-1933\"> Les adaptateurs permettent une liaison fiable et s\u00e9curis\u00e9e entre les charges utiles personnalis\u00e9es d\u00e9velopp\u00e9es \u00e0 l&#039;aide du <\/span><b><span class=\"citation-1933\">Kit de d\u00e9veloppement logiciel (SDK) de charge utile DJI (PSDK)<\/span><\/b><span class=\"citation-1933 citation-end-1933\"> et la plateforme du drone.<\/span><\/li>\n<li><b><span class=\"citation-1932\">Int\u00e9gration de charge utile personnalis\u00e9e\u00a0:<\/span><\/b><span class=\"citation-1932 citation-end-1932\"> Con\u00e7us pour les d\u00e9veloppeurs, les adaptateurs permettent l&#039;int\u00e9gration d&#039;accessoires, de capteurs et de cam\u00e9ras personnalis\u00e9s bas\u00e9s sur les d\u00e9finitions d&#039;interface SkyPort V3 \u00e9tablies.<\/span><\/li>\n<li><b><span class=\"citation-1931\">Performances fiables :<\/span><\/b><span class=\"citation-1931\"> Chaque adaptateur assure <\/span><b><span class=\"citation-1931\">alimentation \u00e9lectrique stable<\/span><\/b><span class=\"citation-1931\"> et <\/span><b><span class=\"citation-1931\">communication de donn\u00e9es s\u00e9curis\u00e9e et haute fid\u00e9lit\u00e9<\/span><\/b><span class=\"citation-1931 citation-end-1931\"> entre la charge utile et le contr\u00f4leur de vol, crucial pour les op\u00e9rations critiques de la mission.<\/span><\/li>\n<li><b><span class=\"citation-1930\">Puce certifi\u00e9e SDK\u00a0:<\/span><\/b><span class=\"citation-1930\"> Chaque unit\u00e9 est \u00e9quip\u00e9e d&#039;un <\/span><b><span class=\"citation-1930\">Puce certifi\u00e9e DJI SDK<\/span><\/b><span class=\"citation-1930 citation-end-1930\">, garantissant une authentification officielle et une compatibilit\u00e9 totale avec la plateforme de vol DJI.<\/span><\/li>\n<li><b>Kit pr\u00eat pour le d\u00e9veloppeur\u00a0:<\/b><span class=\"citation-1929\"> L&#039;ensemble comprend g\u00e9n\u00e9ralement <\/span><b><span class=\"citation-1929\">10 adaptateurs individuels<\/span><\/b><span class=\"citation-1929 citation-end-1929\">, fournissant une solution pr\u00eate \u00e0 l&#039;emploi pour la mise \u00e0 l&#039;\u00e9chelle du d\u00e9veloppement de charges utiles personnalis\u00e9es, les tests ou l&#039;\u00e9quipement d&#039;une petite flotte de drones.<\/span>\n<div class=\"source-inline-chip-container ng-star-inserted\"><\/div>\n<\/li>\n<\/ul>\n<hr \/>\n<p>&nbsp;<\/p>\n<h3>Compatibilit\u00e9<\/h3>\n<p>L&#039;ensemble d&#039;adaptateurs DJI SkyPort V3 est con\u00e7u pour \u00eatre utilis\u00e9 avec\u00a0:<\/p>\n<ul>\n<li><b><span class=\"citation-1928\">DJI Matrice s\u00e9rie 400<\/span><\/b><span class=\"citation-1928 citation-end-1928\"> drones d&#039;entreprise.<\/span><\/li>\n<li><span class=\"citation-1927\">Charges utiles d\u00e9velopp\u00e9es en utilisant le <\/span><b><span class=\"citation-1927\">Kit de d\u00e9veloppement logiciel (SDK) de charge utile DJI (PSDK)<\/span><\/b><\/li>\n<\/ul>\n<h3>Dans la bo\u00eete<\/h3>\n<p>10x Adaptateurs SkyPort V3<\/p>\n<\/div>\n<\/div>\n<\/div>\n<\/div>","protected":false},"excerpt":{"rendered":"<p><span class=\"citation-1935\">Le <\/span><b><span class=\"citation-1935\">Ensemble d&#039;adaptateurs DJI SkyPort V3<\/span><\/b><span class=\"citation-1935\"> fournit aux d\u00e9veloppeurs et aux int\u00e9grateurs de syst\u00e8mes les composants essentiels pour se connecter et s&#039;int\u00e9grer de mani\u00e8re transparente <\/span><b><span class=\"citation-1935\">charges utiles tierces personnalis\u00e9es<\/span><\/b><span class=\"citation-1935\"> avec les plateformes de drones d&#039;entreprise DJI compatibles, principalement les <\/span><b><span class=\"citation-1935\">S\u00e9rie Matrice 400<\/span><\/b><span class=\"citation-1935 citation-end-1935\">.<\/span><\/p>\n<p><span class=\"citation-1934 citation-end-1934\">Cet ensemble est sp\u00e9cialement con\u00e7u pour acc\u00e9l\u00e9rer le d\u00e9veloppement de solutions a\u00e9riennes sp\u00e9cialis\u00e9es pour les applications d&#039;entreprise exigeantes telles que l&#039;inspection, la cartographie, l&#039;arpentage et la s\u00e9curit\u00e9 publique.<\/span><\/p>","protected":false},"featured_media":21894,"comment_status":"open","ping_status":"closed","template":"","meta":[],"product_brand":[1031],"product_cat":[37,1125,1127],"product_tag":[42,1131,1128],"class_list":{"0":"post-21892","1":"product","2":"type-product","3":"status-publish","4":"has-post-thumbnail","6":"product_brand-dji","7":"product_cat-dji","8":"product_cat-matrice-400","9":"product_cat-matrice-400-accessories","10":"product_tag-dji","11":"product_tag-dji-matrice-400-accessories","12":"product_tag-dji-matrice-400-series","14":"first","15":"onbackorder","16":"taxable","17":"shipping-taxable","18":"purchasable","19":"product-type-simple"},"yoast_head":"<!-- This site is optimized with the Yoast SEO plugin v27.1.1 - https:\/\/yoast.com\/product\/yoast-seo-wordpress\/ -->\n<title>DJI Skyport V3 Adapter Set - Ghostysky<\/title>\n<meta name=\"description\" content=\"The DJI SkyPort V3 Adapter Set provides developers and system integrators with the essential components to seamlessly connect and integrate custom third-party payloads with compatible DJI enterprise drone platforms, primarily the Matrice 400 Series.This set is specifically engineered to accelerate the development of specialized aerial solutions for demanding enterprise applications such as inspection, mapping, surveying, and public safety.\" \/>\n<meta name=\"robots\" content=\"index, follow, max-snippet:-1, max-image-preview:large, max-video-preview:-1\" \/>\n<link rel=\"canonical\" href=\"https:\/\/www.ghostysky.com\/fr\/product\/dji-skyport-v3-adapter-set\/\" \/>\n<meta property=\"og:locale\" content=\"fr_FR\" \/>\n<meta property=\"og:type\" content=\"article\" \/>\n<meta property=\"og:title\" content=\"DJI Skyport V3 Adapter Set - Ghostysky\" \/>\n<meta property=\"og:description\" content=\"The DJI SkyPort V3 Adapter Set provides developers and system integrators with the essential components to seamlessly connect and integrate custom third-party payloads with compatible DJI enterprise drone platforms, primarily the Matrice 400 Series.This set is specifically engineered to accelerate the development of specialized aerial solutions for demanding enterprise applications such as inspection, mapping, surveying, and public safety.\" \/>\n<meta property=\"og:url\" content=\"https:\/\/www.ghostysky.com\/fr\/product\/dji-skyport-v3-adapter-set\/\" \/>\n<meta property=\"og:site_name\" content=\"Ghostysky\" \/>\n<meta property=\"article:publisher\" content=\"https:\/\/www.facebook.com\/people\/Ghostysky\/100057676170234\/\" \/>\n<meta property=\"article:modified_time\" content=\"2025-10-18T04:56:16+00:00\" \/>\n<meta property=\"og:image\" content=\"https:\/\/www.ghostysky.com\/wp-content\/uploads\/2025\/10\/GH_DJI-Skyport-V3-Adapter-Set_1.jpg\" \/>\n\t<meta property=\"og:image:width\" content=\"800\" \/>\n\t<meta property=\"og:image:height\" content=\"800\" \/>\n\t<meta property=\"og:image:type\" content=\"image\/jpeg\" \/>\n<meta name=\"twitter:card\" content=\"summary_large_image\" \/>\n<meta name=\"twitter:site\" content=\"@Gh0stysky\" \/>\n<meta name=\"twitter:label1\" content=\"Dur\u00e9e de lecture estim\u00e9e\" \/>\n\t<meta name=\"twitter:data1\" content=\"1 minute\" \/>\n<script type=\"application\/ld+json\" class=\"yoast-schema-graph\">{\"@context\":\"https:\/\/schema.org\",\"@graph\":[{\"@type\":\"WebPage\",\"@id\":\"https:\/\/www.ghostysky.com\/product\/dji-skyport-v3-adapter-set\/\",\"url\":\"https:\/\/www.ghostysky.com\/product\/dji-skyport-v3-adapter-set\/\",\"name\":\"DJI Skyport V3 Adapter Set - Ghostysky\",\"isPartOf\":{\"@id\":\"https:\/\/www.ghostysky.com\/#website\"},\"primaryImageOfPage\":{\"@id\":\"https:\/\/www.ghostysky.com\/product\/dji-skyport-v3-adapter-set\/#primaryimage\"},\"image\":{\"@id\":\"https:\/\/www.ghostysky.com\/product\/dji-skyport-v3-adapter-set\/#primaryimage\"},\"thumbnailUrl\":\"https:\/\/www.ghostysky.com\/wp-content\/uploads\/2025\/10\/GH_DJI-Skyport-V3-Adapter-Set_1.jpg\",\"datePublished\":\"2025-10-18T04:52:37+00:00\",\"dateModified\":\"2025-10-18T04:56:16+00:00\",\"description\":\"The DJI SkyPort V3 Adapter Set provides developers and system integrators with the essential components to seamlessly connect and integrate custom third-party payloads with compatible DJI enterprise drone platforms, primarily the Matrice 400 Series.This set is specifically engineered to accelerate the development of specialized aerial solutions for demanding enterprise applications such as inspection, mapping, surveying, and public safety.\",\"breadcrumb\":{\"@id\":\"https:\/\/www.ghostysky.com\/product\/dji-skyport-v3-adapter-set\/#breadcrumb\"},\"inLanguage\":\"fr-FR\",\"potentialAction\":[{\"@type\":\"ReadAction\",\"target\":[\"https:\/\/www.ghostysky.com\/product\/dji-skyport-v3-adapter-set\/\"]}]},{\"@type\":\"ImageObject\",\"inLanguage\":\"fr-FR\",\"@id\":\"https:\/\/www.ghostysky.com\/product\/dji-skyport-v3-adapter-set\/#primaryimage\",\"url\":\"https:\/\/www.ghostysky.com\/wp-content\/uploads\/2025\/10\/GH_DJI-Skyport-V3-Adapter-Set_1.jpg\",\"contentUrl\":\"https:\/\/www.ghostysky.com\/wp-content\/uploads\/2025\/10\/GH_DJI-Skyport-V3-Adapter-Set_1.jpg\",\"width\":800,\"height\":800},{\"@type\":\"BreadcrumbList\",\"@id\":\"https:\/\/www.ghostysky.com\/product\/dji-skyport-v3-adapter-set\/#breadcrumb\",\"itemListElement\":[{\"@type\":\"ListItem\",\"position\":1,\"name\":\"Home\",\"item\":\"https:\/\/www.ghostysky.com\/\"},{\"@type\":\"ListItem\",\"position\":2,\"name\":\"Shop\",\"item\":\"https:\/\/www.ghostysky.com\/shop\/\"},{\"@type\":\"ListItem\",\"position\":3,\"name\":\"DJI Skyport V3 Adapter Set\"}]},{\"@type\":\"WebSite\",\"@id\":\"https:\/\/www.ghostysky.com\/#website\",\"url\":\"https:\/\/www.ghostysky.com\/\",\"name\":\"Ghostysky\",\"description\":\"Delivering professional drones and services\",\"publisher\":{\"@id\":\"https:\/\/www.ghostysky.com\/#organization\"},\"potentialAction\":[{\"@type\":\"SearchAction\",\"target\":{\"@type\":\"EntryPoint\",\"urlTemplate\":\"https:\/\/www.ghostysky.com\/?s={search_term_string}\"},\"query-input\":{\"@type\":\"PropertyValueSpecification\",\"valueRequired\":true,\"valueName\":\"search_term_string\"}}],\"inLanguage\":\"fr-FR\"},{\"@type\":\"Organization\",\"@id\":\"https:\/\/www.ghostysky.com\/#organization\",\"name\":\"Ghostysky\",\"url\":\"https:\/\/www.ghostysky.com\/\",\"logo\":{\"@type\":\"ImageObject\",\"inLanguage\":\"fr-FR\",\"@id\":\"https:\/\/www.ghostysky.com\/#\/schema\/logo\/image\/\",\"url\":\"https:\/\/www.ghostysky.com\/wp-content\/uploads\/2020\/06\/cropped-ghostyskylogo_text_white2.png\",\"contentUrl\":\"https:\/\/www.ghostysky.com\/wp-content\/uploads\/2020\/06\/cropped-ghostyskylogo_text_white2.png\",\"width\":169,\"height\":56,\"caption\":\"Ghostysky\"},\"image\":{\"@id\":\"https:\/\/www.ghostysky.com\/#\/schema\/logo\/image\/\"},\"sameAs\":[\"https:\/\/www.facebook.com\/people\/Ghostysky\/100057676170234\/\",\"https:\/\/x.com\/Gh0stysky\",\"https:\/\/www.linkedin.com\/company\/34739653\",\"https:\/\/www.instagram.com\/gh0stysky\"]}]}<\/script>\n<!-- \/ Yoast SEO plugin. -->","yoast_head_json":{"title":"Ensemble d&#039;adaptateurs DJI Skyport V3 - Ghostysky","description":"L&#039;ensemble d&#039;adaptateurs DJI SkyPort V3 fournit aux d\u00e9veloppeurs et aux int\u00e9grateurs de syst\u00e8mes les composants essentiels pour connecter et int\u00e9grer de mani\u00e8re transparente des charges utiles tierces personnalis\u00e9es avec des plates-formes de drones d&#039;entreprise DJI compatibles, principalement la s\u00e9rie Matrice 400. Cet ensemble est sp\u00e9cialement con\u00e7u pour acc\u00e9l\u00e9rer le d\u00e9veloppement de solutions a\u00e9riennes sp\u00e9cialis\u00e9es pour les applications d&#039;entreprise exigeantes telles que l&#039;inspection, la cartographie, l&#039;arpentage et la s\u00e9curit\u00e9 publique.","robots":{"index":"index","follow":"follow","max-snippet":"max-snippet:-1","max-image-preview":"max-image-preview:large","max-video-preview":"max-video-preview:-1"},"canonical":"https:\/\/www.ghostysky.com\/fr\/product\/dji-skyport-v3-adapter-set\/","og_locale":"fr_FR","og_type":"article","og_title":"DJI Skyport V3 Adapter Set - Ghostysky","og_description":"The DJI SkyPort V3 Adapter Set provides developers and system integrators with the essential components to seamlessly connect and integrate custom third-party payloads with compatible DJI enterprise drone platforms, primarily the Matrice 400 Series.This set is specifically engineered to accelerate the development of specialized aerial solutions for demanding enterprise applications such as inspection, mapping, surveying, and public safety.","og_url":"https:\/\/www.ghostysky.com\/fr\/product\/dji-skyport-v3-adapter-set\/","og_site_name":"Ghostysky","article_publisher":"https:\/\/www.facebook.com\/people\/Ghostysky\/100057676170234\/","article_modified_time":"2025-10-18T04:56:16+00:00","og_image":[{"width":800,"height":800,"url":"https:\/\/www.ghostysky.com\/wp-content\/uploads\/2025\/10\/GH_DJI-Skyport-V3-Adapter-Set_1.jpg","type":"image\/jpeg"}],"twitter_card":"summary_large_image","twitter_site":"@Gh0stysky","twitter_misc":{"Dur\u00e9e de lecture estim\u00e9e":"1 minute"},"schema":{"@context":"https:\/\/schema.org","@graph":[{"@type":"WebPage","@id":"https:\/\/www.ghostysky.com\/product\/dji-skyport-v3-adapter-set\/","url":"https:\/\/www.ghostysky.com\/product\/dji-skyport-v3-adapter-set\/","name":"Ensemble d&#039;adaptateurs DJI Skyport V3 - Ghostysky","isPartOf":{"@id":"https:\/\/www.ghostysky.com\/#website"},"primaryImageOfPage":{"@id":"https:\/\/www.ghostysky.com\/product\/dji-skyport-v3-adapter-set\/#primaryimage"},"image":{"@id":"https:\/\/www.ghostysky.com\/product\/dji-skyport-v3-adapter-set\/#primaryimage"},"thumbnailUrl":"https:\/\/www.ghostysky.com\/wp-content\/uploads\/2025\/10\/GH_DJI-Skyport-V3-Adapter-Set_1.jpg","datePublished":"2025-10-18T04:52:37+00:00","dateModified":"2025-10-18T04:56:16+00:00","description":"L&#039;ensemble d&#039;adaptateurs DJI SkyPort V3 fournit aux d\u00e9veloppeurs et aux int\u00e9grateurs de syst\u00e8mes les composants essentiels pour connecter et int\u00e9grer de mani\u00e8re transparente des charges utiles tierces personnalis\u00e9es avec des plates-formes de drones d&#039;entreprise DJI compatibles, principalement la s\u00e9rie Matrice 400. Cet ensemble est sp\u00e9cialement con\u00e7u pour acc\u00e9l\u00e9rer le d\u00e9veloppement de solutions a\u00e9riennes sp\u00e9cialis\u00e9es pour les applications d&#039;entreprise exigeantes telles que l&#039;inspection, la cartographie, l&#039;arpentage et la s\u00e9curit\u00e9 publique.","breadcrumb":{"@id":"https:\/\/www.ghostysky.com\/product\/dji-skyport-v3-adapter-set\/#breadcrumb"},"inLanguage":"fr-FR","potentialAction":[{"@type":"ReadAction","target":["https:\/\/www.ghostysky.com\/product\/dji-skyport-v3-adapter-set\/"]}]},{"@type":"ImageObject","inLanguage":"fr-FR","@id":"https:\/\/www.ghostysky.com\/product\/dji-skyport-v3-adapter-set\/#primaryimage","url":"https:\/\/www.ghostysky.com\/wp-content\/uploads\/2025\/10\/GH_DJI-Skyport-V3-Adapter-Set_1.jpg","contentUrl":"https:\/\/www.ghostysky.com\/wp-content\/uploads\/2025\/10\/GH_DJI-Skyport-V3-Adapter-Set_1.jpg","width":800,"height":800},{"@type":"BreadcrumbList","@id":"https:\/\/www.ghostysky.com\/product\/dji-skyport-v3-adapter-set\/#breadcrumb","itemListElement":[{"@type":"ListItem","position":1,"name":"Home","item":"https:\/\/www.ghostysky.com\/"},{"@type":"ListItem","position":2,"name":"Shop","item":"https:\/\/www.ghostysky.com\/shop\/"},{"@type":"ListItem","position":3,"name":"DJI Skyport V3 Adapter Set"}]},{"@type":"WebSite","@id":"https:\/\/www.ghostysky.com\/#website","url":"https:\/\/www.ghostysky.com\/","name":"Ghostysky","description":"Livraison de drones et de services professionnels","publisher":{"@id":"https:\/\/www.ghostysky.com\/#organization"},"potentialAction":[{"@type":"SearchAction","target":{"@type":"EntryPoint","urlTemplate":"https:\/\/www.ghostysky.com\/?s={search_term_string}"},"query-input":{"@type":"PropertyValueSpecification","valueRequired":true,"valueName":"search_term_string"}}],"inLanguage":"fr-FR"},{"@type":"Organization","@id":"https:\/\/www.ghostysky.com\/#organization","name":"Ghostysky","url":"https:\/\/www.ghostysky.com\/","logo":{"@type":"ImageObject","inLanguage":"fr-FR","@id":"https:\/\/www.ghostysky.com\/#\/schema\/logo\/image\/","url":"https:\/\/www.ghostysky.com\/wp-content\/uploads\/2020\/06\/cropped-ghostyskylogo_text_white2.png","contentUrl":"https:\/\/www.ghostysky.com\/wp-content\/uploads\/2020\/06\/cropped-ghostyskylogo_text_white2.png","width":169,"height":56,"caption":"Ghostysky"},"image":{"@id":"https:\/\/www.ghostysky.com\/#\/schema\/logo\/image\/"},"sameAs":["https:\/\/www.facebook.com\/people\/Ghostysky\/100057676170234\/","https:\/\/x.com\/Gh0stysky","https:\/\/www.linkedin.com\/company\/34739653","https:\/\/www.instagram.com\/gh0stysky"]}]}},"_links":{"self":[{"href":"https:\/\/www.ghostysky.com\/fr\/wp-json\/wp\/v2\/product\/21892","targetHints":{"allow":["GET"]}}],"collection":[{"href":"https:\/\/www.ghostysky.com\/fr\/wp-json\/wp\/v2\/product"}],"about":[{"href":"https:\/\/www.ghostysky.com\/fr\/wp-json\/wp\/v2\/types\/product"}],"replies":[{"embeddable":true,"href":"https:\/\/www.ghostysky.com\/fr\/wp-json\/wp\/v2\/comments?post=21892"}],"wp:featuredmedia":[{"embeddable":true,"href":"https:\/\/www.ghostysky.com\/fr\/wp-json\/wp\/v2\/media\/21894"}],"wp:attachment":[{"href":"https:\/\/www.ghostysky.com\/fr\/wp-json\/wp\/v2\/media?parent=21892"}],"wp:term":[{"taxonomy":"product_brand","embeddable":true,"href":"https:\/\/www.ghostysky.com\/fr\/wp-json\/wp\/v2\/product_brand?post=21892"},{"taxonomy":"product_cat","embeddable":true,"href":"https:\/\/www.ghostysky.com\/fr\/wp-json\/wp\/v2\/product_cat?post=21892"},{"taxonomy":"product_tag","embeddable":true,"href":"https:\/\/www.ghostysky.com\/fr\/wp-json\/wp\/v2\/product_tag?post=21892"}],"curies":[{"name":"wp","href":"https:\/\/api.w.org\/{rel}","templated":true}]}}