{"id":21895,"date":"2025-10-18T04:58:11","date_gmt":"2025-10-18T04:58:11","guid":{"rendered":"https:\/\/www.ghostysky.com\/?post_type=product&#038;p=21895"},"modified":"2025-10-18T05:01:44","modified_gmt":"2025-10-18T05:01:44","slug":"dji-matrice-400-2510f-propeller","status":"publish","type":"product","link":"https:\/\/www.ghostysky.com\/fr\/product\/dji-matrice-400-2510f-propeller\/","title":{"rendered":"H\u00e9lice DJI Matrice 400 2510F"},"content":{"rendered":"<div id=\"model-response-message-contentr_55bc02040a3d26f8\" class=\"markdown markdown-main-panel stronger enable-updated-hr-color\" dir=\"ltr\">\n<div id=\"model-response-message-contentr_7d191a1853b28634\" class=\"markdown markdown-main-panel stronger enable-updated-hr-color\" dir=\"ltr\">\n<div id=\"model-response-message-contentr_4bdeaa6da8c41b15\" class=\"markdown markdown-main-panel stronger enable-updated-hr-color\" dir=\"ltr\">\n<div id=\"model-response-message-contentr_e0d74dc8e10239d5\" class=\"markdown markdown-main-panel stronger enable-updated-hr-color\" dir=\"ltr\">\n<h3><b>Caract\u00e9ristiques principales<\/b><\/h3>\n<ul>\n<li><b><span class=\"citation-1963\">Efficacit\u00e9 a\u00e9rodynamique optimale :<\/span><\/b><span class=\"citation-1963\"> Con\u00e7ues avec pr\u00e9cision avec une conception a\u00e9rodynamique avanc\u00e9e, ces h\u00e9lices de 25 pouces contribuent directement aux performances exceptionnelles du Matrice 400, y compris ses records <\/span><b><span class=\"citation-1963\">jusqu&#039;\u00e0 59 minutes de temps de vol maximum<\/span><\/b><span class=\"citation-1963 citation-end-1963\">.<\/span><\/li>\n<li><b><span class=\"citation-1962\">Construction haute r\u00e9sistance et durable :<\/span><\/b><span class=\"citation-1962\"> Fabriqu\u00e9 \u00e0 partir de <\/span><b><span class=\"citation-1962\">composite renforc\u00e9 de fibres de carbone<\/span><\/b><span class=\"citation-1962\"> mat\u00e9riau, les lames sont l\u00e9g\u00e8res mais robustes, maintenant la rigidit\u00e9 sous de lourdes charges pour supporter les M400 <\/span><b><span class=\"citation-1962\">Capacit\u00e9 de charge utile de 6 kg<\/span><\/b><span class=\"citation-1962 citation-end-1962\"> tout en r\u00e9sistant aux contraintes m\u00e9caniques et aux facteurs environnementaux.<\/span><\/li>\n<li><b><span class=\"citation-1961\">Conception pliable :<\/span><\/b><span class=\"citation-1961\"> Le m\u00e9canisme de pliage innovant permet <\/span><b><span class=\"citation-1961\">transport facile et d\u00e9ploiement rapide<\/span><\/b><span class=\"citation-1961 citation-end-1961\">, rationalisant votre flux de travail pour les op\u00e9rations sur le terrain.<\/span><\/li>\n<li><b><span class=\"citation-1960\">Stabilit\u00e9 am\u00e9lior\u00e9e et faibles vibrations :<\/span><\/b><span class=\"citation-1960\"> Chaque h\u00e9lice est <\/span><b><span class=\"citation-1960\">\u00e9quilibr\u00e9 en usine<\/span><\/b><span class=\"citation-1960 citation-end-1960\"> pour minimiser les vibrations parasites, ce qui am\u00e9liore consid\u00e9rablement la stabilit\u00e9 du vol et renforce la pr\u00e9cision et la qualit\u00e9 des donn\u00e9es captur\u00e9es par les capteurs et cam\u00e9ras embarqu\u00e9s sensibles.<\/span><\/li>\n<li><b><span class=\"citation-1959\">Fiabilit\u00e9 par tous les temps :<\/span><\/b><span class=\"citation-1959\"> Con\u00e7u pour fonctionner de mani\u00e8re transparente dans le Matrice 400 <\/span><b><span class=\"citation-1959\">\u00c9tanch\u00e9it\u00e9 environnementale IP55<\/span><\/b><span class=\"citation-1959 citation-end-1959\"> et une large plage de temp\u00e9ratures (par exemple, <sup class=\"superscript\" data-turn-source-index=\"7\">7<\/sup><\/span><span class=\"math-inline\" data-math=\"-20^{\\circ}\\text{C}\">$-20^{\\circ}\\texte{C}$<\/span><span class=\"citation-1958 citation-end-1958\"> \u00e0 <sup class=\"superscript\" data-turn-source-index=\"8\">8<\/sup><\/span><span class=\"math-inline\" data-math=\"50^{\\circ}\\text{C}\">$50^{\\circ}\\texte{C}$<\/span><span class=\"citation-1957 citation-end-1957\">), garantissant des performances fiables dans des conditions difficiles, notamment la poussi\u00e8re et la pluie l\u00e9g\u00e8re.<\/span><\/li>\n<li><b>Performances \u00e0 haute altitude :<\/b><span class=\"citation-1956\"> Le pas optimis\u00e9 (10F) et la conception permettent un vol stable et efficace \u00e0 des altitudes exigeantes, soutenant les op\u00e9rations <\/span><b><span class=\"citation-1956\">jusqu&#039;\u00e0 7 000 m\u00e8tres<\/span><\/b><span class=\"citation-1956 citation-end-1956\"> au-dessus du niveau de la mer.<\/span><\/li>\n<li><b>Compatibilit\u00e9:<\/b><span class=\"citation-1955\"> Exclusivement compatible avec le <\/span><b><span class=\"citation-1955\">DJI Matrice s\u00e9rie 400<\/span><\/b><span class=\"citation-1955 citation-end-1955\"> a\u00e9ronef.<\/span><\/li>\n<\/ul>\n<p><span class=\"citation-1954\">Le <\/span><b><span class=\"citation-1954\">H\u00e9lice DJI Matrice 400 2510F<\/span><\/b><span class=\"citation-1954 citation-end-1954\"> est une pi\u00e8ce de rechange essentielle, repr\u00e9sentant le summum de l&#039;ing\u00e9nierie a\u00e9rodynamique DJI pour maintenir la disponibilit\u00e9 op\u00e9rationnelle de votre Matrice 400 et offrir des performances in\u00e9gal\u00e9es pour les applications d&#039;entreprise critiques telles que l&#039;arpentage, la cartographie, l&#039;inspection et la surveillance.<\/span><\/p>\n<h4><b>Dans la bo\u00eete<\/b><\/h4>\n<ul>\n<li><span class=\"citation-1953 citation-end-1953\">1x h\u00e9lice 2510F dans le sens des aiguilles d&#039;une montre (CW)<\/span><\/li>\n<li><span class=\"citation-1952 citation-end-1952\">1x h\u00e9lice 2510F dans le sens inverse des aiguilles d&#039;une montre (CCW)<\/span><\/li>\n<li><span class=\"citation-1951 citation-end-1951\">6x vis de montage d&#039;h\u00e9lice<\/span><\/li>\n<\/ul>\n<\/div>\n<\/div>\n<\/div>\n<\/div>","protected":false},"excerpt":{"rendered":"<p>Lib\u00e9rez tout le potentiel de vos missions a\u00e9riennes professionnelles avec le <b>H\u00e9lice DJI Matrice 400 2510F<\/b>. <span class=\"citation-1964 citation-end-1964\">Ces rotors hautes performances, adapt\u00e9s en usine, sont sp\u00e9cialement con\u00e7us pour la plate-forme de drone phare DJI Matrice 400 Enterprise, garantissant une pouss\u00e9e, une stabilit\u00e9 et une endurance de vol maximales pour les op\u00e9rations les plus exigeantes.<\/span><\/p>\n<div class=\"source-inline-chip-container ng-star-inserted\"><\/div>\n<p>&nbsp;<\/p>","protected":false},"featured_media":21897,"comment_status":"open","ping_status":"closed","template":"","meta":[],"product_brand":[1031],"product_cat":[37,1125,1127],"product_tag":[42,1131,1128],"class_list":{"0":"post-21895","1":"product","2":"type-product","3":"status-publish","4":"has-post-thumbnail","6":"product_brand-dji","7":"product_cat-dji","8":"product_cat-matrice-400","9":"product_cat-matrice-400-accessories","10":"product_tag-dji","11":"product_tag-dji-matrice-400-accessories","12":"product_tag-dji-matrice-400-series","14":"first","15":"onbackorder","16":"taxable","17":"shipping-taxable","18":"purchasable","19":"product-type-simple"},"yoast_head":"<!-- This site is optimized with the Yoast SEO plugin v27.1.1 - https:\/\/yoast.com\/product\/yoast-seo-wordpress\/ -->\n<title>DJI Matrice 400 2510F Propeller - Ghostysky<\/title>\n<meta name=\"description\" content=\"Unlock the full potential of your professional aerial missions with the DJI Matrice 400 2510F Propeller. These high-performance, factory-matched rotors are specifically designed for the flagship DJI Matrice 400 Enterprise drone platform, ensuring superior thrust, stability, and maximum flight endurance for the most demanding operations.\" \/>\n<meta name=\"robots\" content=\"index, follow, max-snippet:-1, max-image-preview:large, max-video-preview:-1\" \/>\n<link rel=\"canonical\" href=\"https:\/\/www.ghostysky.com\/fr\/product\/dji-matrice-400-2510f-propeller\/\" \/>\n<meta property=\"og:locale\" content=\"fr_FR\" \/>\n<meta property=\"og:type\" content=\"article\" \/>\n<meta property=\"og:title\" content=\"DJI Matrice 400 2510F Propeller - Ghostysky\" \/>\n<meta property=\"og:description\" content=\"Unlock the full potential of your professional aerial missions with the DJI Matrice 400 2510F Propeller. These high-performance, factory-matched rotors are specifically designed for the flagship DJI Matrice 400 Enterprise drone platform, ensuring superior thrust, stability, and maximum flight endurance for the most demanding operations.\" \/>\n<meta property=\"og:url\" content=\"https:\/\/www.ghostysky.com\/fr\/product\/dji-matrice-400-2510f-propeller\/\" \/>\n<meta property=\"og:site_name\" content=\"Ghostysky\" \/>\n<meta property=\"article:publisher\" content=\"https:\/\/www.facebook.com\/people\/Ghostysky\/100057676170234\/\" \/>\n<meta property=\"article:modified_time\" content=\"2025-10-18T05:01:44+00:00\" \/>\n<meta property=\"og:image\" content=\"https:\/\/www.ghostysky.com\/wp-content\/uploads\/2025\/10\/GH_DJI-Matrice-400-2510F-Propeller_1.jpg\" \/>\n\t<meta property=\"og:image:width\" content=\"800\" \/>\n\t<meta property=\"og:image:height\" content=\"800\" \/>\n\t<meta property=\"og:image:type\" content=\"image\/jpeg\" \/>\n<meta name=\"twitter:card\" content=\"summary_large_image\" \/>\n<meta name=\"twitter:site\" content=\"@Gh0stysky\" \/>\n<meta name=\"twitter:label1\" content=\"Dur\u00e9e de lecture estim\u00e9e\" \/>\n\t<meta name=\"twitter:data1\" content=\"2 minutes\" \/>\n<script type=\"application\/ld+json\" class=\"yoast-schema-graph\">{\"@context\":\"https:\/\/schema.org\",\"@graph\":[{\"@type\":\"WebPage\",\"@id\":\"https:\/\/www.ghostysky.com\/product\/dji-matrice-400-2510f-propeller\/\",\"url\":\"https:\/\/www.ghostysky.com\/product\/dji-matrice-400-2510f-propeller\/\",\"name\":\"DJI Matrice 400 2510F Propeller - Ghostysky\",\"isPartOf\":{\"@id\":\"https:\/\/www.ghostysky.com\/#website\"},\"primaryImageOfPage\":{\"@id\":\"https:\/\/www.ghostysky.com\/product\/dji-matrice-400-2510f-propeller\/#primaryimage\"},\"image\":{\"@id\":\"https:\/\/www.ghostysky.com\/product\/dji-matrice-400-2510f-propeller\/#primaryimage\"},\"thumbnailUrl\":\"https:\/\/www.ghostysky.com\/wp-content\/uploads\/2025\/10\/GH_DJI-Matrice-400-2510F-Propeller_1.jpg\",\"datePublished\":\"2025-10-18T04:58:11+00:00\",\"dateModified\":\"2025-10-18T05:01:44+00:00\",\"description\":\"Unlock the full potential of your professional aerial missions with the DJI Matrice 400 2510F Propeller. These high-performance, factory-matched rotors are specifically designed for the flagship DJI Matrice 400 Enterprise drone platform, ensuring superior thrust, stability, and maximum flight endurance for the most demanding operations.\",\"breadcrumb\":{\"@id\":\"https:\/\/www.ghostysky.com\/product\/dji-matrice-400-2510f-propeller\/#breadcrumb\"},\"inLanguage\":\"fr-FR\",\"potentialAction\":[{\"@type\":\"ReadAction\",\"target\":[\"https:\/\/www.ghostysky.com\/product\/dji-matrice-400-2510f-propeller\/\"]}]},{\"@type\":\"ImageObject\",\"inLanguage\":\"fr-FR\",\"@id\":\"https:\/\/www.ghostysky.com\/product\/dji-matrice-400-2510f-propeller\/#primaryimage\",\"url\":\"https:\/\/www.ghostysky.com\/wp-content\/uploads\/2025\/10\/GH_DJI-Matrice-400-2510F-Propeller_1.jpg\",\"contentUrl\":\"https:\/\/www.ghostysky.com\/wp-content\/uploads\/2025\/10\/GH_DJI-Matrice-400-2510F-Propeller_1.jpg\",\"width\":800,\"height\":800},{\"@type\":\"BreadcrumbList\",\"@id\":\"https:\/\/www.ghostysky.com\/product\/dji-matrice-400-2510f-propeller\/#breadcrumb\",\"itemListElement\":[{\"@type\":\"ListItem\",\"position\":1,\"name\":\"Home\",\"item\":\"https:\/\/www.ghostysky.com\/\"},{\"@type\":\"ListItem\",\"position\":2,\"name\":\"Shop\",\"item\":\"https:\/\/www.ghostysky.com\/shop\/\"},{\"@type\":\"ListItem\",\"position\":3,\"name\":\"DJI Matrice 400 2510F Propeller\"}]},{\"@type\":\"WebSite\",\"@id\":\"https:\/\/www.ghostysky.com\/#website\",\"url\":\"https:\/\/www.ghostysky.com\/\",\"name\":\"Ghostysky\",\"description\":\"Delivering professional drones and services\",\"publisher\":{\"@id\":\"https:\/\/www.ghostysky.com\/#organization\"},\"potentialAction\":[{\"@type\":\"SearchAction\",\"target\":{\"@type\":\"EntryPoint\",\"urlTemplate\":\"https:\/\/www.ghostysky.com\/?s={search_term_string}\"},\"query-input\":{\"@type\":\"PropertyValueSpecification\",\"valueRequired\":true,\"valueName\":\"search_term_string\"}}],\"inLanguage\":\"fr-FR\"},{\"@type\":\"Organization\",\"@id\":\"https:\/\/www.ghostysky.com\/#organization\",\"name\":\"Ghostysky\",\"url\":\"https:\/\/www.ghostysky.com\/\",\"logo\":{\"@type\":\"ImageObject\",\"inLanguage\":\"fr-FR\",\"@id\":\"https:\/\/www.ghostysky.com\/#\/schema\/logo\/image\/\",\"url\":\"https:\/\/www.ghostysky.com\/wp-content\/uploads\/2020\/06\/cropped-ghostyskylogo_text_white2.png\",\"contentUrl\":\"https:\/\/www.ghostysky.com\/wp-content\/uploads\/2020\/06\/cropped-ghostyskylogo_text_white2.png\",\"width\":169,\"height\":56,\"caption\":\"Ghostysky\"},\"image\":{\"@id\":\"https:\/\/www.ghostysky.com\/#\/schema\/logo\/image\/\"},\"sameAs\":[\"https:\/\/www.facebook.com\/people\/Ghostysky\/100057676170234\/\",\"https:\/\/x.com\/Gh0stysky\",\"https:\/\/www.linkedin.com\/company\/34739653\",\"https:\/\/www.instagram.com\/gh0stysky\"]}]}<\/script>\n<!-- \/ Yoast SEO plugin. -->","yoast_head_json":{"title":"H\u00e9lice DJI Matrice 400 2510F - Ghostysky","description":"Lib\u00e9rez tout le potentiel de vos missions a\u00e9riennes professionnelles avec l&#039;h\u00e9lice DJI Matrice 400 2510F. Ces rotors hautes performances, adapt\u00e9s en usine, sont sp\u00e9cialement con\u00e7us pour la plateforme phare du drone DJI Matrice 400 Enterprise, garantissant une pouss\u00e9e, une stabilit\u00e9 et une endurance de vol sup\u00e9rieures pour les op\u00e9rations les plus exigeantes.","robots":{"index":"index","follow":"follow","max-snippet":"max-snippet:-1","max-image-preview":"max-image-preview:large","max-video-preview":"max-video-preview:-1"},"canonical":"https:\/\/www.ghostysky.com\/fr\/product\/dji-matrice-400-2510f-propeller\/","og_locale":"fr_FR","og_type":"article","og_title":"DJI Matrice 400 2510F Propeller - Ghostysky","og_description":"Unlock the full potential of your professional aerial missions with the DJI Matrice 400 2510F Propeller. These high-performance, factory-matched rotors are specifically designed for the flagship DJI Matrice 400 Enterprise drone platform, ensuring superior thrust, stability, and maximum flight endurance for the most demanding operations.","og_url":"https:\/\/www.ghostysky.com\/fr\/product\/dji-matrice-400-2510f-propeller\/","og_site_name":"Ghostysky","article_publisher":"https:\/\/www.facebook.com\/people\/Ghostysky\/100057676170234\/","article_modified_time":"2025-10-18T05:01:44+00:00","og_image":[{"width":800,"height":800,"url":"https:\/\/www.ghostysky.com\/wp-content\/uploads\/2025\/10\/GH_DJI-Matrice-400-2510F-Propeller_1.jpg","type":"image\/jpeg"}],"twitter_card":"summary_large_image","twitter_site":"@Gh0stysky","twitter_misc":{"Dur\u00e9e de lecture estim\u00e9e":"2 minutes"},"schema":{"@context":"https:\/\/schema.org","@graph":[{"@type":"WebPage","@id":"https:\/\/www.ghostysky.com\/product\/dji-matrice-400-2510f-propeller\/","url":"https:\/\/www.ghostysky.com\/product\/dji-matrice-400-2510f-propeller\/","name":"H\u00e9lice DJI Matrice 400 2510F - Ghostysky","isPartOf":{"@id":"https:\/\/www.ghostysky.com\/#website"},"primaryImageOfPage":{"@id":"https:\/\/www.ghostysky.com\/product\/dji-matrice-400-2510f-propeller\/#primaryimage"},"image":{"@id":"https:\/\/www.ghostysky.com\/product\/dji-matrice-400-2510f-propeller\/#primaryimage"},"thumbnailUrl":"https:\/\/www.ghostysky.com\/wp-content\/uploads\/2025\/10\/GH_DJI-Matrice-400-2510F-Propeller_1.jpg","datePublished":"2025-10-18T04:58:11+00:00","dateModified":"2025-10-18T05:01:44+00:00","description":"Lib\u00e9rez tout le potentiel de vos missions a\u00e9riennes professionnelles avec l&#039;h\u00e9lice DJI Matrice 400 2510F. Ces rotors hautes performances, adapt\u00e9s en usine, sont sp\u00e9cialement con\u00e7us pour la plateforme phare du drone DJI Matrice 400 Enterprise, garantissant une pouss\u00e9e, une stabilit\u00e9 et une endurance de vol sup\u00e9rieures pour les op\u00e9rations les plus exigeantes.","breadcrumb":{"@id":"https:\/\/www.ghostysky.com\/product\/dji-matrice-400-2510f-propeller\/#breadcrumb"},"inLanguage":"fr-FR","potentialAction":[{"@type":"ReadAction","target":["https:\/\/www.ghostysky.com\/product\/dji-matrice-400-2510f-propeller\/"]}]},{"@type":"ImageObject","inLanguage":"fr-FR","@id":"https:\/\/www.ghostysky.com\/product\/dji-matrice-400-2510f-propeller\/#primaryimage","url":"https:\/\/www.ghostysky.com\/wp-content\/uploads\/2025\/10\/GH_DJI-Matrice-400-2510F-Propeller_1.jpg","contentUrl":"https:\/\/www.ghostysky.com\/wp-content\/uploads\/2025\/10\/GH_DJI-Matrice-400-2510F-Propeller_1.jpg","width":800,"height":800},{"@type":"BreadcrumbList","@id":"https:\/\/www.ghostysky.com\/product\/dji-matrice-400-2510f-propeller\/#breadcrumb","itemListElement":[{"@type":"ListItem","position":1,"name":"Home","item":"https:\/\/www.ghostysky.com\/"},{"@type":"ListItem","position":2,"name":"Shop","item":"https:\/\/www.ghostysky.com\/shop\/"},{"@type":"ListItem","position":3,"name":"DJI Matrice 400 2510F Propeller"}]},{"@type":"WebSite","@id":"https:\/\/www.ghostysky.com\/#website","url":"https:\/\/www.ghostysky.com\/","name":"Ghostysky","description":"Livraison de drones et de services professionnels","publisher":{"@id":"https:\/\/www.ghostysky.com\/#organization"},"potentialAction":[{"@type":"SearchAction","target":{"@type":"EntryPoint","urlTemplate":"https:\/\/www.ghostysky.com\/?s={search_term_string}"},"query-input":{"@type":"PropertyValueSpecification","valueRequired":true,"valueName":"search_term_string"}}],"inLanguage":"fr-FR"},{"@type":"Organization","@id":"https:\/\/www.ghostysky.com\/#organization","name":"Ghostysky","url":"https:\/\/www.ghostysky.com\/","logo":{"@type":"ImageObject","inLanguage":"fr-FR","@id":"https:\/\/www.ghostysky.com\/#\/schema\/logo\/image\/","url":"https:\/\/www.ghostysky.com\/wp-content\/uploads\/2020\/06\/cropped-ghostyskylogo_text_white2.png","contentUrl":"https:\/\/www.ghostysky.com\/wp-content\/uploads\/2020\/06\/cropped-ghostyskylogo_text_white2.png","width":169,"height":56,"caption":"Ghostysky"},"image":{"@id":"https:\/\/www.ghostysky.com\/#\/schema\/logo\/image\/"},"sameAs":["https:\/\/www.facebook.com\/people\/Ghostysky\/100057676170234\/","https:\/\/x.com\/Gh0stysky","https:\/\/www.linkedin.com\/company\/34739653","https:\/\/www.instagram.com\/gh0stysky"]}]}},"_links":{"self":[{"href":"https:\/\/www.ghostysky.com\/fr\/wp-json\/wp\/v2\/product\/21895","targetHints":{"allow":["GET"]}}],"collection":[{"href":"https:\/\/www.ghostysky.com\/fr\/wp-json\/wp\/v2\/product"}],"about":[{"href":"https:\/\/www.ghostysky.com\/fr\/wp-json\/wp\/v2\/types\/product"}],"replies":[{"embeddable":true,"href":"https:\/\/www.ghostysky.com\/fr\/wp-json\/wp\/v2\/comments?post=21895"}],"wp:featuredmedia":[{"embeddable":true,"href":"https:\/\/www.ghostysky.com\/fr\/wp-json\/wp\/v2\/media\/21897"}],"wp:attachment":[{"href":"https:\/\/www.ghostysky.com\/fr\/wp-json\/wp\/v2\/media?parent=21895"}],"wp:term":[{"taxonomy":"product_brand","embeddable":true,"href":"https:\/\/www.ghostysky.com\/fr\/wp-json\/wp\/v2\/product_brand?post=21895"},{"taxonomy":"product_cat","embeddable":true,"href":"https:\/\/www.ghostysky.com\/fr\/wp-json\/wp\/v2\/product_cat?post=21895"},{"taxonomy":"product_tag","embeddable":true,"href":"https:\/\/www.ghostysky.com\/fr\/wp-json\/wp\/v2\/product_tag?post=21895"}],"curies":[{"name":"wp","href":"https:\/\/api.w.org\/{rel}","templated":true}]}}