{"id":21898,"date":"2025-10-18T05:03:34","date_gmt":"2025-10-18T05:03:34","guid":{"rendered":"https:\/\/www.ghostysky.com\/?post_type=product&#038;p=21898"},"modified":"2025-10-18T05:11:11","modified_gmt":"2025-10-18T05:11:11","slug":"dji-cellular-dongle-2","status":"publish","type":"product","link":"https:\/\/www.ghostysky.com\/fr\/product\/dji-cellular-dongle-2\/","title":{"rendered":"Cl\u00e9 cellulaire DJI 2"},"content":{"rendered":"<div id=\"model-response-message-contentr_55bc02040a3d26f8\" class=\"markdown markdown-main-panel stronger enable-updated-hr-color\" dir=\"ltr\">\n<div id=\"model-response-message-contentr_7d191a1853b28634\" class=\"markdown markdown-main-panel stronger enable-updated-hr-color\" dir=\"ltr\">\n<div id=\"model-response-message-contentr_4bdeaa6da8c41b15\" class=\"markdown markdown-main-panel stronger enable-updated-hr-color\" dir=\"ltr\">\n<div id=\"model-response-message-contentr_e0d74dc8e10239d5\" class=\"markdown markdown-main-panel stronger enable-updated-hr-color\" dir=\"ltr\">\n<h3><b>Caract\u00e9ristiques principales<\/b><\/h3>\n<ul>\n<li><b>Connectivit\u00e9 4G stable :<\/b> Permet \u00e0 votre drone DJI ou \u00e0 votre t\u00e9l\u00e9commande compatible de se connecter \u00e0 un r\u00e9seau 4G via une carte Nano-SIM fournie par l&#039;utilisateur, garantissant des services de donn\u00e9es haut d\u00e9bit fiables.<\/li>\n<li><b><span class=\"citation-1983\">Transmission am\u00e9lior\u00e9e :<\/span><\/b><span class=\"citation-1983 citation-end-1983\"> Cette fonctionnalit\u00e9 phare fonctionne en synergie avec le syst\u00e8me de transmission vid\u00e9o d&#039;origine du drone (comme O4).<\/span> <span class=\"citation-1982 citation-end-1982\">Si le signal principal est compromis par des obstacles, des interf\u00e9rences ou la distance, le syst\u00e8me bascule automatiquement et dynamiquement vers le r\u00e9seau 4G, maintenant le contr\u00f4le et le flux vid\u00e9o pour r\u00e9duire consid\u00e9rablement les risques de d\u00e9connexion et am\u00e9liorer la s\u00e9curit\u00e9 des vols.<\/span><\/li>\n<li><b>Performances sup\u00e9rieures :<\/b><span class=\"citation-1981\"> Construit avec <\/span><b><span class=\"citation-1981\">Diversit\u00e9 de commutation d&#039;antenne (ASDIV)<\/span><\/b><span class=\"citation-1981 citation-end-1981\"> technologie pour une r\u00e9ception et une stabilit\u00e9 optimales du signal, notamment dans les environnements difficiles.<\/span><\/li>\n<li><b><span class=\"citation-1980\">Installation int\u00e9gr\u00e9e :<\/span><\/b><span class=\"citation-1980\"> Pour des mod\u00e8les comme le <\/span><b><span class=\"citation-1980\">S\u00e9rie DJI Air 3<\/span><\/b><span class=\"citation-1980 citation-end-1980\">, le Cellular Dongle 2 permet une installation int\u00e9gr\u00e9e, s&#039;ins\u00e9rant directement dans le corps de l&#039;avion sans avoir besoin d&#039;un kit de montage externe<\/span><\/li>\n<li><b>Large compatibilit\u00e9 :<\/b><span class=\"citation-1979\"> Prend en charge une gamme croissante de produits DJI grand public et d&#039;entreprise, y compris le <\/span><b><span class=\"citation-1979\">DJI Air 3\/3S<\/span><\/b><span class=\"citation-1979\">, <\/span><b><span class=\"citation-1979\">DJI Mini 4 Pro<\/span><\/b><span class=\"citation-1979\"> (n\u00e9cessite un kit de montage) et divers <\/span><b><span class=\"citation-1979\">S\u00e9rie DJI Matrice<\/span><\/b><span class=\"citation-1979\"> et <\/span><b><span class=\"citation-1979\">Dock<\/span><\/b><span class=\"citation-1979 citation-end-1979\"> syst\u00e8mes.<\/span>\n<div class=\"source-inline-chip-container ng-star-inserted\"><\/div>\n<\/li>\n<\/ul>\n<h4><b>Dans la bo\u00eete<\/b><\/h4>\n<p><span class=\"citation-1978 citation-end-1978\">Le package comprend g\u00e9n\u00e9ralement le Cellular Dongle 2, un tournevis et un clip de c\u00e2ble.<\/span><\/p>\n<p><b>Note:<\/b><span class=\"citation-1977 citation-end-1977\"> Le service de transmission am\u00e9lior\u00e9e n\u00e9cessite un abonnement actif apr\u00e8s la p\u00e9riode initiale gratuite (souvent un an).<\/span> <span class=\"citation-1976 citation-end-1976\">L&#039;op\u00e9ration n\u00e9cessite une carte Nano-SIM distincte et un forfait de donn\u00e9es mobiles d&#039;un op\u00e9rateur de r\u00e9seau local.<\/span> Respectez toujours les lois et r\u00e9glementations locales lorsque vous voyagez en avion.<\/p>\n<h4>Compatibilit\u00e9<\/h4>\n<p>Station d&#039;accueil DJI 3<br \/>\nDJI Matrice 4D<br \/>\nDJI Matrice 4TD<br \/>\nDJI Air 3S<br \/>\nDJI Air 3<br \/>\nDJI Mini 4 Pro<br \/>\nDJI Matrice 4T<br \/>\nDJI Matrice 4E<br \/>\nDJI Matrice 400<\/p>\n<p>&nbsp;<\/p>\n<\/div>\n<\/div>\n<\/div>\n<\/div>","protected":false},"excerpt":{"rendered":"<p><span class=\"citation-1985\">Am\u00e9liorez vos op\u00e9rations de drones avec la nouvelle g\u00e9n\u00e9ration <\/span><b><span class=\"citation-1985\">Cl\u00e9 cellulaire DJI 2<\/span><\/b><span class=\"citation-1985 citation-end-1985\">, con\u00e7u pour fournir une connectivit\u00e9 r\u00e9seau 4G stable et haut d\u00e9bit pour les \u00e9quipements DJI compatibles.<\/span> <span class=\"citation-1984\">En vedette <\/span><b><span class=\"citation-1984\">Diversit\u00e9 de commutation d&#039;antenne (ASDIV)<\/span><\/b><span class=\"citation-1984 citation-end-1984\"> pour des performances sup\u00e9rieures, ce dongle permet aux utilisateurs de g\u00e9rer des sc\u00e9narios de vol complexes et d&#039;\u00e9tendre la port\u00e9e op\u00e9rationnelle avec une plus grande confiance.<\/span><\/p>\n<div class=\"source-inline-chip-container ng-star-inserted\"><\/div>\n<div class=\"source-inline-chip-container ng-star-inserted\"><\/div>\n<p>&nbsp;<\/p>","protected":false},"featured_media":21901,"comment_status":"open","ping_status":"closed","template":"","meta":[],"product_brand":[1031],"product_cat":[37,1119,1117,1125,1127],"product_tag":[42,1131,1128],"class_list":{"0":"post-21898","1":"product","2":"type-product","3":"status-publish","4":"has-post-thumbnail","6":"product_brand-dji","7":"product_cat-dji","8":"product_cat-dji-matrice-4-accessories","9":"product_cat-matrice-4","10":"product_cat-matrice-400","11":"product_cat-matrice-400-accessories","12":"product_tag-dji","13":"product_tag-dji-matrice-400-accessories","14":"product_tag-dji-matrice-400-series","16":"first","17":"onbackorder","18":"taxable","19":"shipping-taxable","20":"purchasable","21":"product-type-simple"},"yoast_head":"<!-- This site is optimized with the Yoast SEO plugin v27.1.1 - https:\/\/yoast.com\/product\/yoast-seo-wordpress\/ -->\n<title>DJI Cellular Dongle 2 - Ghostysky<\/title>\n<meta name=\"description\" content=\"Elevate your drone operations with the next-generation DJI Cellular Dongle 2, engineered to provide stable, high-speed 4G network connectivity for compatible DJI equipment. Featuring Antenna Switch Diversity (ASDIV) for superior performance, this dongle empowers users to handle complex flight scenarios and extend operational range with greater confidence.\" \/>\n<meta name=\"robots\" content=\"index, follow, max-snippet:-1, max-image-preview:large, max-video-preview:-1\" \/>\n<link rel=\"canonical\" href=\"https:\/\/www.ghostysky.com\/fr\/product\/dji-cellular-dongle-2\/\" \/>\n<meta property=\"og:locale\" content=\"fr_FR\" \/>\n<meta property=\"og:type\" content=\"article\" \/>\n<meta property=\"og:title\" content=\"DJI Cellular Dongle 2 - Ghostysky\" \/>\n<meta property=\"og:description\" content=\"Elevate your drone operations with the next-generation DJI Cellular Dongle 2, engineered to provide stable, high-speed 4G network connectivity for compatible DJI equipment. Featuring Antenna Switch Diversity (ASDIV) for superior performance, this dongle empowers users to handle complex flight scenarios and extend operational range with greater confidence.\" \/>\n<meta property=\"og:url\" content=\"https:\/\/www.ghostysky.com\/fr\/product\/dji-cellular-dongle-2\/\" \/>\n<meta property=\"og:site_name\" content=\"Ghostysky\" \/>\n<meta property=\"article:publisher\" content=\"https:\/\/www.facebook.com\/people\/Ghostysky\/100057676170234\/\" \/>\n<meta property=\"article:modified_time\" content=\"2025-10-18T05:11:11+00:00\" \/>\n<meta property=\"og:image\" content=\"https:\/\/www.ghostysky.com\/wp-content\/uploads\/2025\/10\/GH_DJI_DJI-Cellular-Dongle-1.jpg\" \/>\n\t<meta property=\"og:image:width\" content=\"800\" \/>\n\t<meta property=\"og:image:height\" content=\"800\" \/>\n\t<meta property=\"og:image:type\" content=\"image\/jpeg\" \/>\n<meta name=\"twitter:card\" content=\"summary_large_image\" \/>\n<meta name=\"twitter:site\" content=\"@Gh0stysky\" \/>\n<meta name=\"twitter:label1\" content=\"Dur\u00e9e de lecture estim\u00e9e\" \/>\n\t<meta name=\"twitter:data1\" content=\"2 minutes\" \/>\n<script type=\"application\/ld+json\" class=\"yoast-schema-graph\">{\"@context\":\"https:\/\/schema.org\",\"@graph\":[{\"@type\":\"WebPage\",\"@id\":\"https:\/\/www.ghostysky.com\/product\/dji-cellular-dongle-2\/\",\"url\":\"https:\/\/www.ghostysky.com\/product\/dji-cellular-dongle-2\/\",\"name\":\"DJI Cellular Dongle 2 - Ghostysky\",\"isPartOf\":{\"@id\":\"https:\/\/www.ghostysky.com\/#website\"},\"primaryImageOfPage\":{\"@id\":\"https:\/\/www.ghostysky.com\/product\/dji-cellular-dongle-2\/#primaryimage\"},\"image\":{\"@id\":\"https:\/\/www.ghostysky.com\/product\/dji-cellular-dongle-2\/#primaryimage\"},\"thumbnailUrl\":\"https:\/\/www.ghostysky.com\/wp-content\/uploads\/2025\/10\/GH_DJI_DJI-Cellular-Dongle-1.jpg\",\"datePublished\":\"2025-10-18T05:03:34+00:00\",\"dateModified\":\"2025-10-18T05:11:11+00:00\",\"description\":\"Elevate your drone operations with the next-generation DJI Cellular Dongle 2, engineered to provide stable, high-speed 4G network connectivity for compatible DJI equipment. Featuring Antenna Switch Diversity (ASDIV) for superior performance, this dongle empowers users to handle complex flight scenarios and extend operational range with greater confidence.\",\"breadcrumb\":{\"@id\":\"https:\/\/www.ghostysky.com\/product\/dji-cellular-dongle-2\/#breadcrumb\"},\"inLanguage\":\"fr-FR\",\"potentialAction\":[{\"@type\":\"ReadAction\",\"target\":[\"https:\/\/www.ghostysky.com\/product\/dji-cellular-dongle-2\/\"]}]},{\"@type\":\"ImageObject\",\"inLanguage\":\"fr-FR\",\"@id\":\"https:\/\/www.ghostysky.com\/product\/dji-cellular-dongle-2\/#primaryimage\",\"url\":\"https:\/\/www.ghostysky.com\/wp-content\/uploads\/2025\/10\/GH_DJI_DJI-Cellular-Dongle-1.jpg\",\"contentUrl\":\"https:\/\/www.ghostysky.com\/wp-content\/uploads\/2025\/10\/GH_DJI_DJI-Cellular-Dongle-1.jpg\",\"width\":800,\"height\":800},{\"@type\":\"BreadcrumbList\",\"@id\":\"https:\/\/www.ghostysky.com\/product\/dji-cellular-dongle-2\/#breadcrumb\",\"itemListElement\":[{\"@type\":\"ListItem\",\"position\":1,\"name\":\"Home\",\"item\":\"https:\/\/www.ghostysky.com\/\"},{\"@type\":\"ListItem\",\"position\":2,\"name\":\"Shop\",\"item\":\"https:\/\/www.ghostysky.com\/shop\/\"},{\"@type\":\"ListItem\",\"position\":3,\"name\":\"DJI Cellular Dongle 2\"}]},{\"@type\":\"WebSite\",\"@id\":\"https:\/\/www.ghostysky.com\/#website\",\"url\":\"https:\/\/www.ghostysky.com\/\",\"name\":\"Ghostysky\",\"description\":\"Delivering professional drones and services\",\"publisher\":{\"@id\":\"https:\/\/www.ghostysky.com\/#organization\"},\"potentialAction\":[{\"@type\":\"SearchAction\",\"target\":{\"@type\":\"EntryPoint\",\"urlTemplate\":\"https:\/\/www.ghostysky.com\/?s={search_term_string}\"},\"query-input\":{\"@type\":\"PropertyValueSpecification\",\"valueRequired\":true,\"valueName\":\"search_term_string\"}}],\"inLanguage\":\"fr-FR\"},{\"@type\":\"Organization\",\"@id\":\"https:\/\/www.ghostysky.com\/#organization\",\"name\":\"Ghostysky\",\"url\":\"https:\/\/www.ghostysky.com\/\",\"logo\":{\"@type\":\"ImageObject\",\"inLanguage\":\"fr-FR\",\"@id\":\"https:\/\/www.ghostysky.com\/#\/schema\/logo\/image\/\",\"url\":\"https:\/\/www.ghostysky.com\/wp-content\/uploads\/2020\/06\/cropped-ghostyskylogo_text_white2.png\",\"contentUrl\":\"https:\/\/www.ghostysky.com\/wp-content\/uploads\/2020\/06\/cropped-ghostyskylogo_text_white2.png\",\"width\":169,\"height\":56,\"caption\":\"Ghostysky\"},\"image\":{\"@id\":\"https:\/\/www.ghostysky.com\/#\/schema\/logo\/image\/\"},\"sameAs\":[\"https:\/\/www.facebook.com\/people\/Ghostysky\/100057676170234\/\",\"https:\/\/x.com\/Gh0stysky\",\"https:\/\/www.linkedin.com\/company\/34739653\",\"https:\/\/www.instagram.com\/gh0stysky\"]}]}<\/script>\n<!-- \/ Yoast SEO plugin. -->","yoast_head_json":{"title":"Cl\u00e9 USB DJI Cellular Dongle 2 - Ghostysky","description":"Optimisez vos op\u00e9rations de drones avec le dongle cellulaire DJI 2 nouvelle g\u00e9n\u00e9ration, con\u00e7u pour offrir une connectivit\u00e9 r\u00e9seau 4G stable et haut d\u00e9bit aux \u00e9quipements DJI compatibles. Dot\u00e9 de la technologie ASDIV (Antenna Switch Diversity) pour des performances sup\u00e9rieures, ce dongle permet aux utilisateurs de g\u00e9rer des sc\u00e9narios de vol complexes et d&#039;\u00e9tendre leur port\u00e9e op\u00e9rationnelle en toute confiance.","robots":{"index":"index","follow":"follow","max-snippet":"max-snippet:-1","max-image-preview":"max-image-preview:large","max-video-preview":"max-video-preview:-1"},"canonical":"https:\/\/www.ghostysky.com\/fr\/product\/dji-cellular-dongle-2\/","og_locale":"fr_FR","og_type":"article","og_title":"DJI Cellular Dongle 2 - Ghostysky","og_description":"Elevate your drone operations with the next-generation DJI Cellular Dongle 2, engineered to provide stable, high-speed 4G network connectivity for compatible DJI equipment. Featuring Antenna Switch Diversity (ASDIV) for superior performance, this dongle empowers users to handle complex flight scenarios and extend operational range with greater confidence.","og_url":"https:\/\/www.ghostysky.com\/fr\/product\/dji-cellular-dongle-2\/","og_site_name":"Ghostysky","article_publisher":"https:\/\/www.facebook.com\/people\/Ghostysky\/100057676170234\/","article_modified_time":"2025-10-18T05:11:11+00:00","og_image":[{"width":800,"height":800,"url":"https:\/\/www.ghostysky.com\/wp-content\/uploads\/2025\/10\/GH_DJI_DJI-Cellular-Dongle-1.jpg","type":"image\/jpeg"}],"twitter_card":"summary_large_image","twitter_site":"@Gh0stysky","twitter_misc":{"Dur\u00e9e de lecture estim\u00e9e":"2 minutes"},"schema":{"@context":"https:\/\/schema.org","@graph":[{"@type":"WebPage","@id":"https:\/\/www.ghostysky.com\/product\/dji-cellular-dongle-2\/","url":"https:\/\/www.ghostysky.com\/product\/dji-cellular-dongle-2\/","name":"Cl\u00e9 USB DJI Cellular Dongle 2 - Ghostysky","isPartOf":{"@id":"https:\/\/www.ghostysky.com\/#website"},"primaryImageOfPage":{"@id":"https:\/\/www.ghostysky.com\/product\/dji-cellular-dongle-2\/#primaryimage"},"image":{"@id":"https:\/\/www.ghostysky.com\/product\/dji-cellular-dongle-2\/#primaryimage"},"thumbnailUrl":"https:\/\/www.ghostysky.com\/wp-content\/uploads\/2025\/10\/GH_DJI_DJI-Cellular-Dongle-1.jpg","datePublished":"2025-10-18T05:03:34+00:00","dateModified":"2025-10-18T05:11:11+00:00","description":"Optimisez vos op\u00e9rations de drones avec le dongle cellulaire DJI 2 nouvelle g\u00e9n\u00e9ration, con\u00e7u pour offrir une connectivit\u00e9 r\u00e9seau 4G stable et haut d\u00e9bit aux \u00e9quipements DJI compatibles. Dot\u00e9 de la technologie ASDIV (Antenna Switch Diversity) pour des performances sup\u00e9rieures, ce dongle permet aux utilisateurs de g\u00e9rer des sc\u00e9narios de vol complexes et d&#039;\u00e9tendre leur port\u00e9e op\u00e9rationnelle en toute confiance.","breadcrumb":{"@id":"https:\/\/www.ghostysky.com\/product\/dji-cellular-dongle-2\/#breadcrumb"},"inLanguage":"fr-FR","potentialAction":[{"@type":"ReadAction","target":["https:\/\/www.ghostysky.com\/product\/dji-cellular-dongle-2\/"]}]},{"@type":"ImageObject","inLanguage":"fr-FR","@id":"https:\/\/www.ghostysky.com\/product\/dji-cellular-dongle-2\/#primaryimage","url":"https:\/\/www.ghostysky.com\/wp-content\/uploads\/2025\/10\/GH_DJI_DJI-Cellular-Dongle-1.jpg","contentUrl":"https:\/\/www.ghostysky.com\/wp-content\/uploads\/2025\/10\/GH_DJI_DJI-Cellular-Dongle-1.jpg","width":800,"height":800},{"@type":"BreadcrumbList","@id":"https:\/\/www.ghostysky.com\/product\/dji-cellular-dongle-2\/#breadcrumb","itemListElement":[{"@type":"ListItem","position":1,"name":"Home","item":"https:\/\/www.ghostysky.com\/"},{"@type":"ListItem","position":2,"name":"Shop","item":"https:\/\/www.ghostysky.com\/shop\/"},{"@type":"ListItem","position":3,"name":"DJI Cellular Dongle 2"}]},{"@type":"WebSite","@id":"https:\/\/www.ghostysky.com\/#website","url":"https:\/\/www.ghostysky.com\/","name":"Ghostysky","description":"Livraison de drones et de services professionnels","publisher":{"@id":"https:\/\/www.ghostysky.com\/#organization"},"potentialAction":[{"@type":"SearchAction","target":{"@type":"EntryPoint","urlTemplate":"https:\/\/www.ghostysky.com\/?s={search_term_string}"},"query-input":{"@type":"PropertyValueSpecification","valueRequired":true,"valueName":"search_term_string"}}],"inLanguage":"fr-FR"},{"@type":"Organization","@id":"https:\/\/www.ghostysky.com\/#organization","name":"Ghostysky","url":"https:\/\/www.ghostysky.com\/","logo":{"@type":"ImageObject","inLanguage":"fr-FR","@id":"https:\/\/www.ghostysky.com\/#\/schema\/logo\/image\/","url":"https:\/\/www.ghostysky.com\/wp-content\/uploads\/2020\/06\/cropped-ghostyskylogo_text_white2.png","contentUrl":"https:\/\/www.ghostysky.com\/wp-content\/uploads\/2020\/06\/cropped-ghostyskylogo_text_white2.png","width":169,"height":56,"caption":"Ghostysky"},"image":{"@id":"https:\/\/www.ghostysky.com\/#\/schema\/logo\/image\/"},"sameAs":["https:\/\/www.facebook.com\/people\/Ghostysky\/100057676170234\/","https:\/\/x.com\/Gh0stysky","https:\/\/www.linkedin.com\/company\/34739653","https:\/\/www.instagram.com\/gh0stysky"]}]}},"_links":{"self":[{"href":"https:\/\/www.ghostysky.com\/fr\/wp-json\/wp\/v2\/product\/21898","targetHints":{"allow":["GET"]}}],"collection":[{"href":"https:\/\/www.ghostysky.com\/fr\/wp-json\/wp\/v2\/product"}],"about":[{"href":"https:\/\/www.ghostysky.com\/fr\/wp-json\/wp\/v2\/types\/product"}],"replies":[{"embeddable":true,"href":"https:\/\/www.ghostysky.com\/fr\/wp-json\/wp\/v2\/comments?post=21898"}],"wp:featuredmedia":[{"embeddable":true,"href":"https:\/\/www.ghostysky.com\/fr\/wp-json\/wp\/v2\/media\/21901"}],"wp:attachment":[{"href":"https:\/\/www.ghostysky.com\/fr\/wp-json\/wp\/v2\/media?parent=21898"}],"wp:term":[{"taxonomy":"product_brand","embeddable":true,"href":"https:\/\/www.ghostysky.com\/fr\/wp-json\/wp\/v2\/product_brand?post=21898"},{"taxonomy":"product_cat","embeddable":true,"href":"https:\/\/www.ghostysky.com\/fr\/wp-json\/wp\/v2\/product_cat?post=21898"},{"taxonomy":"product_tag","embeddable":true,"href":"https:\/\/www.ghostysky.com\/fr\/wp-json\/wp\/v2\/product_tag?post=21898"}],"curies":[{"name":"wp","href":"https:\/\/api.w.org\/{rel}","templated":true}]}}