{"id":21942,"date":"2025-10-19T07:54:43","date_gmt":"2025-10-19T07:54:43","guid":{"rendered":"https:\/\/www.ghostysky.com\/?post_type=product&#038;p=21942"},"modified":"2025-10-19T08:23:56","modified_gmt":"2025-10-19T08:23:56","slug":"dji-mini-5-pro-nd-filters-setnd8-32-128","status":"publish","type":"product","link":"https:\/\/www.ghostysky.com\/fr\/product\/dji-mini-5-pro-nd-filters-setnd8-32-128\/","title":{"rendered":"Ensemble de filtres ND pour DJI Mini 5 Pro (ND8\/32\/128)"},"content":{"rendered":"<div id=\"model-response-message-contentr_55bc02040a3d26f8\" class=\"markdown markdown-main-panel stronger enable-updated-hr-color\" dir=\"ltr\">\n<div id=\"model-response-message-contentr_7d191a1853b28634\" class=\"markdown markdown-main-panel stronger enable-updated-hr-color\" dir=\"ltr\">\n<div id=\"model-response-message-contentr_4bdeaa6da8c41b15\" class=\"markdown markdown-main-panel stronger enable-updated-hr-color\" dir=\"ltr\">\n<h3>Principales caract\u00e9ristiques et avantages<\/h3>\n<ul>\n<li><b><span class=\"citation-75\">Contr\u00f4le pr\u00e9cis de l&#039;exposition :<\/span><\/b><span class=\"citation-75 citation-end-75\"> R\u00e9duisez la quantit\u00e9 de lumi\u00e8re entrant dans l\u2019objectif pour obtenir la vitesse d\u2019obturation et les param\u00e8tres d\u2019exposition souhait\u00e9s, m\u00eame en plein soleil.<\/span><\/li>\n<li><b>Images cin\u00e9matographiques :<\/b> Permet le respect des <b>\u00ab\u00a0R\u00e8gle de l&#039;obturateur \u00e0 180 degr\u00e9s\u00a0\u00bb<\/b> (la vitesse d&#039;obturation est le double de la fr\u00e9quence d&#039;images, par exemple 1\/48 s pour une vid\u00e9o \u00e0 24 ips). <span class=\"citation-74\">Cela \u00e9vite les vitesses d&#039;obturation trop rapides en pleine lumi\u00e8re, garantissant ainsi que votre vid\u00e9o a un rendu naturel. <\/span><b><span class=\"citation-74\">flou de mouvement<\/span><\/b><span class=\"citation-74 citation-end-74\"> pour un look fluide, professionnel et cin\u00e9matographique.<\/span><\/li>\n<li><b><span class=\"citation-73\">R\u00e9duction de la lumi\u00e8re polyvalente :<\/span><\/b><span class=\"citation-73 citation-end-73\"> L&#039;ensemble comprend des filtres pour diff\u00e9rents niveaux de lumi\u00e8re :<\/span>\n<ul>\n<li><b><span class=\"citation-72\">ND8 (r\u00e9duction de 3 stops) :<\/span><\/b><span class=\"citation-72 citation-end-72\"> Id\u00e9al pour les journ\u00e9es l\u00e9g\u00e8rement nuageuses ou avec une lumi\u00e8re mod\u00e9r\u00e9e, comme au lever ou au coucher du soleil.<\/span><\/li>\n<li><b><span class=\"citation-71\">ND32 (r\u00e9duction de 5 stops) :<\/span><\/b><span class=\"citation-71 citation-end-71\"> Id\u00e9al pour une utilisation lors de journ\u00e9es tr\u00e8s ensoleill\u00e9es et dans des environnements tr\u00e8s \u00e9clair\u00e9s, offrant une grande flexibilit\u00e9.<\/span><\/li>\n<li><b>ND128 (r\u00e9duction de 7 arr\u00eats) :<\/b><span class=\"citation-70 citation-end-70\"> Convient aux conditions extr\u00eamement lumineuses, comme le tournage sur une montagne enneig\u00e9e ou \u00e0 la plage, et pour la photographie \u00e0 longue exposition pour flouter le mouvement (comme l&#039;eau qui coule ou les nuages).<\/span><\/li>\n<\/ul>\n<\/li>\n<li><b><span class=\"citation-69\">Qualit\u00e9 d&#039;image sup\u00e9rieure :<\/span><\/b><span class=\"citation-69\"> Fabriqu\u00e9 \u00e0 partir de mat\u00e9riaux de r\u00e9duction de la lumi\u00e8re de haute qualit\u00e9 pour garantir <\/span><b><span class=\"citation-69\">reproduction fid\u00e8le des couleurs<\/span><\/b><span class=\"citation-69 citation-end-69\"> et aide \u00e0 pr\u00e9server les d\u00e9tails dans les zones de hautes lumi\u00e8res et de faible luminosit\u00e9.<\/span><\/li>\n<li><b><span class=\"citation-68\">Conception optimis\u00e9e :<\/span><\/b><span class=\"citation-68\"> Comprend un <\/span><b><span class=\"citation-68\">conception pr\u00e9cise des joints \u00e0 encliquetage<\/span><\/b><span class=\"citation-68 citation-end-68\"> pour un ajustement s\u00fbr et fiable sur l&#039;objectif DJI Mini 5 Pro, garantissant que le filtre reste stable pendant le vol et maintient le centre de gravit\u00e9 du cardan.<\/span> Chaque filtre est con\u00e7u pour \u00eatre l\u00e9ger (environ <b><span class=\"citation-67\">1,12 g<\/span><\/b><span class=\"citation-67 citation-end-67\"> par filtre) pour \u00e9viter d&#039;impacter les performances du drone.<\/span><\/li>\n<\/ul>\n<p><span class=\"citation-66 citation-end-66\">Am\u00e9liorez vos images a\u00e9riennes de bonnes \u00e0 spectaculaires en obtenant un contr\u00f4le cr\u00e9atif sur les param\u00e8tres de la cam\u00e9ra de votre drone dans n&#039;importe quel environnement lumineux.<\/span><\/p>\n<div class=\"source-inline-chip-container ng-star-inserted\"><\/div>\n<\/div>\n<\/div>\n<\/div>","protected":false},"excerpt":{"rendered":"<p><span class=\"citation-77\">Le <\/span><b><span class=\"citation-77\">Ensemble de filtres ND pour DJI Mini 5 Pro<\/span><\/b><span class=\"citation-77\"> fournit un contr\u00f4le de la lumi\u00e8re essentiel pour les photographes et vid\u00e9astes a\u00e9riens s\u00e9rieux utilisant le DJI Mini 5 Pro, agissant comme <\/span><b><span class=\"citation-77\">&quot;lunettes de soleil&quot;<\/span><\/b><span class=\"citation-77 citation-end-77\"> pour la cam\u00e9ra de votre drone.<\/span> <span class=\"citation-76\">Cet ensemble comprend trois filtres \u00e0 densit\u00e9 neutre (ND) de haute qualit\u00e9\u00a0:<\/span><b><span class=\"citation-76\">ND8, ND32 et ND128<\/span><\/b><span class=\"citation-76 citation-end-76\">\u2014vous permettant de g\u00e9rer avec pr\u00e9cision l&#039;exposition de votre appareil photo dans diverses conditions d&#039;\u00e9clairage intense sans compromettre la fid\u00e9lit\u00e9 des couleurs.<\/span><\/p>","protected":false},"featured_media":21945,"comment_status":"open","ping_status":"closed","template":"","meta":[],"product_brand":[1031],"product_cat":[37,1133,1137],"product_tag":[42,1138,1135],"class_list":{"0":"post-21942","1":"product","2":"type-product","3":"status-publish","4":"has-post-thumbnail","6":"product_brand-dji","7":"product_cat-dji","8":"product_cat-dji-mini-5-pro","9":"product_cat-dji-mini-5-pro-accessories","10":"product_tag-dji","11":"product_tag-dji-mini-5-pro-accessories","12":"product_tag-dji-mini-5-pro-series","14":"first","15":"onbackorder","16":"taxable","17":"shipping-taxable","18":"purchasable","19":"product-type-simple"},"yoast_head":"<!-- This site is optimized with the Yoast SEO plugin v27.1.1 - https:\/\/yoast.com\/product\/yoast-seo-wordpress\/ -->\n<title>DJI Mini 5 Pro ND Filters Set(ND8\/32\/128) - Ghostysky<\/title>\n<meta name=\"description\" content=\"The DJI Mini 5 Pro ND Filters Set provides essential light control for serious aerial photographers and videographers using the DJI Mini 5 Pro, acting as &quot;sunglasses&quot; for your drone&#039;s camera. This set features three high-quality Neutral Density (ND) filters\u2014ND8, ND32, and ND128\u2014allowing you to precisely manage your camera&#039;s exposure in a variety of bright lighting conditions without compromising color fidelity.\" \/>\n<meta name=\"robots\" content=\"index, follow, max-snippet:-1, max-image-preview:large, max-video-preview:-1\" \/>\n<link rel=\"canonical\" href=\"https:\/\/www.ghostysky.com\/fr\/product\/dji-mini-5-pro-nd-filters-setnd8-32-128\/\" \/>\n<meta property=\"og:locale\" content=\"fr_FR\" \/>\n<meta property=\"og:type\" content=\"article\" \/>\n<meta property=\"og:title\" content=\"DJI Mini 5 Pro ND Filters Set(ND8\/32\/128) - Ghostysky\" \/>\n<meta property=\"og:description\" content=\"The DJI Mini 5 Pro ND Filters Set provides essential light control for serious aerial photographers and videographers using the DJI Mini 5 Pro, acting as &quot;sunglasses&quot; for your drone&#039;s camera. This set features three high-quality Neutral Density (ND) filters\u2014ND8, ND32, and ND128\u2014allowing you to precisely manage your camera&#039;s exposure in a variety of bright lighting conditions without compromising color fidelity.\" \/>\n<meta property=\"og:url\" content=\"https:\/\/www.ghostysky.com\/fr\/product\/dji-mini-5-pro-nd-filters-setnd8-32-128\/\" \/>\n<meta property=\"og:site_name\" content=\"Ghostysky\" \/>\n<meta property=\"article:publisher\" content=\"https:\/\/www.facebook.com\/people\/Ghostysky\/100057676170234\/\" \/>\n<meta property=\"article:modified_time\" content=\"2025-10-19T08:23:56+00:00\" \/>\n<meta property=\"og:image\" content=\"https:\/\/www.ghostysky.com\/wp-content\/uploads\/2025\/10\/GH_DJI-Mini-5-Pro-ND-Filters-Set_ND8_32_128_1.jpg\" \/>\n\t<meta property=\"og:image:width\" content=\"800\" \/>\n\t<meta property=\"og:image:height\" content=\"800\" \/>\n\t<meta property=\"og:image:type\" content=\"image\/jpeg\" \/>\n<meta name=\"twitter:card\" content=\"summary_large_image\" \/>\n<meta name=\"twitter:site\" content=\"@Gh0stysky\" \/>\n<meta name=\"twitter:label1\" content=\"Dur\u00e9e de lecture estim\u00e9e\" \/>\n\t<meta name=\"twitter:data1\" content=\"2 minutes\" \/>\n<script type=\"application\/ld+json\" class=\"yoast-schema-graph\">{\"@context\":\"https:\/\/schema.org\",\"@graph\":[{\"@type\":\"WebPage\",\"@id\":\"https:\/\/www.ghostysky.com\/product\/dji-mini-5-pro-nd-filters-setnd8-32-128\/\",\"url\":\"https:\/\/www.ghostysky.com\/product\/dji-mini-5-pro-nd-filters-setnd8-32-128\/\",\"name\":\"DJI Mini 5 Pro ND Filters Set(ND8\/32\/128) - Ghostysky\",\"isPartOf\":{\"@id\":\"https:\/\/www.ghostysky.com\/#website\"},\"primaryImageOfPage\":{\"@id\":\"https:\/\/www.ghostysky.com\/product\/dji-mini-5-pro-nd-filters-setnd8-32-128\/#primaryimage\"},\"image\":{\"@id\":\"https:\/\/www.ghostysky.com\/product\/dji-mini-5-pro-nd-filters-setnd8-32-128\/#primaryimage\"},\"thumbnailUrl\":\"https:\/\/www.ghostysky.com\/wp-content\/uploads\/2025\/10\/GH_DJI-Mini-5-Pro-ND-Filters-Set_ND8_32_128_1.jpg\",\"datePublished\":\"2025-10-19T07:54:43+00:00\",\"dateModified\":\"2025-10-19T08:23:56+00:00\",\"description\":\"The DJI Mini 5 Pro ND Filters Set provides essential light control for serious aerial photographers and videographers using the DJI Mini 5 Pro, acting as \\\"sunglasses\\\" for your drone's camera. This set features three high-quality Neutral Density (ND) filters\u2014ND8, ND32, and ND128\u2014allowing you to precisely manage your camera's exposure in a variety of bright lighting conditions without compromising color fidelity.\",\"breadcrumb\":{\"@id\":\"https:\/\/www.ghostysky.com\/product\/dji-mini-5-pro-nd-filters-setnd8-32-128\/#breadcrumb\"},\"inLanguage\":\"fr-FR\",\"potentialAction\":[{\"@type\":\"ReadAction\",\"target\":[\"https:\/\/www.ghostysky.com\/product\/dji-mini-5-pro-nd-filters-setnd8-32-128\/\"]}]},{\"@type\":\"ImageObject\",\"inLanguage\":\"fr-FR\",\"@id\":\"https:\/\/www.ghostysky.com\/product\/dji-mini-5-pro-nd-filters-setnd8-32-128\/#primaryimage\",\"url\":\"https:\/\/www.ghostysky.com\/wp-content\/uploads\/2025\/10\/GH_DJI-Mini-5-Pro-ND-Filters-Set_ND8_32_128_1.jpg\",\"contentUrl\":\"https:\/\/www.ghostysky.com\/wp-content\/uploads\/2025\/10\/GH_DJI-Mini-5-Pro-ND-Filters-Set_ND8_32_128_1.jpg\",\"width\":800,\"height\":800},{\"@type\":\"BreadcrumbList\",\"@id\":\"https:\/\/www.ghostysky.com\/product\/dji-mini-5-pro-nd-filters-setnd8-32-128\/#breadcrumb\",\"itemListElement\":[{\"@type\":\"ListItem\",\"position\":1,\"name\":\"Home\",\"item\":\"https:\/\/www.ghostysky.com\/\"},{\"@type\":\"ListItem\",\"position\":2,\"name\":\"Shop\",\"item\":\"https:\/\/www.ghostysky.com\/shop\/\"},{\"@type\":\"ListItem\",\"position\":3,\"name\":\"DJI Mini 5 Pro ND Filters Set(ND8\/32\/128)\"}]},{\"@type\":\"WebSite\",\"@id\":\"https:\/\/www.ghostysky.com\/#website\",\"url\":\"https:\/\/www.ghostysky.com\/\",\"name\":\"Ghostysky\",\"description\":\"Delivering professional drones and services\",\"publisher\":{\"@id\":\"https:\/\/www.ghostysky.com\/#organization\"},\"potentialAction\":[{\"@type\":\"SearchAction\",\"target\":{\"@type\":\"EntryPoint\",\"urlTemplate\":\"https:\/\/www.ghostysky.com\/?s={search_term_string}\"},\"query-input\":{\"@type\":\"PropertyValueSpecification\",\"valueRequired\":true,\"valueName\":\"search_term_string\"}}],\"inLanguage\":\"fr-FR\"},{\"@type\":\"Organization\",\"@id\":\"https:\/\/www.ghostysky.com\/#organization\",\"name\":\"Ghostysky\",\"url\":\"https:\/\/www.ghostysky.com\/\",\"logo\":{\"@type\":\"ImageObject\",\"inLanguage\":\"fr-FR\",\"@id\":\"https:\/\/www.ghostysky.com\/#\/schema\/logo\/image\/\",\"url\":\"https:\/\/www.ghostysky.com\/wp-content\/uploads\/2020\/06\/cropped-ghostyskylogo_text_white2.png\",\"contentUrl\":\"https:\/\/www.ghostysky.com\/wp-content\/uploads\/2020\/06\/cropped-ghostyskylogo_text_white2.png\",\"width\":169,\"height\":56,\"caption\":\"Ghostysky\"},\"image\":{\"@id\":\"https:\/\/www.ghostysky.com\/#\/schema\/logo\/image\/\"},\"sameAs\":[\"https:\/\/www.facebook.com\/people\/Ghostysky\/100057676170234\/\",\"https:\/\/x.com\/Gh0stysky\",\"https:\/\/www.linkedin.com\/company\/34739653\",\"https:\/\/www.instagram.com\/gh0stysky\"]}]}<\/script>\n<!-- \/ Yoast SEO plugin. -->","yoast_head_json":{"title":"Ensemble de filtres ND pour DJI Mini 5 Pro (ND8\/32\/128) - Ghostysky","description":"Le kit de filtres ND pour DJI Mini 5 Pro offre un contr\u00f4le de la lumi\u00e8re essentiel aux photographes et vid\u00e9astes a\u00e9riens exp\u00e9riment\u00e9s utilisant le DJI Mini 5 Pro, agissant comme des \u00ab\u00a0lunettes de soleil\u00a0\u00bb pour la cam\u00e9ra de votre drone. Ce kit comprend trois filtres \u00e0 densit\u00e9 neutre (ND) de haute qualit\u00e9\u00a0: ND8, ND32 et ND128, vous permettant de g\u00e9rer pr\u00e9cis\u00e9ment l&#039;exposition de votre cam\u00e9ra dans diverses conditions de forte luminosit\u00e9, sans compromettre la fid\u00e9lit\u00e9 des couleurs.","robots":{"index":"index","follow":"follow","max-snippet":"max-snippet:-1","max-image-preview":"max-image-preview:large","max-video-preview":"max-video-preview:-1"},"canonical":"https:\/\/www.ghostysky.com\/fr\/product\/dji-mini-5-pro-nd-filters-setnd8-32-128\/","og_locale":"fr_FR","og_type":"article","og_title":"DJI Mini 5 Pro ND Filters Set(ND8\/32\/128) - Ghostysky","og_description":"The DJI Mini 5 Pro ND Filters Set provides essential light control for serious aerial photographers and videographers using the DJI Mini 5 Pro, acting as \"sunglasses\" for your drone's camera. This set features three high-quality Neutral Density (ND) filters\u2014ND8, ND32, and ND128\u2014allowing you to precisely manage your camera's exposure in a variety of bright lighting conditions without compromising color fidelity.","og_url":"https:\/\/www.ghostysky.com\/fr\/product\/dji-mini-5-pro-nd-filters-setnd8-32-128\/","og_site_name":"Ghostysky","article_publisher":"https:\/\/www.facebook.com\/people\/Ghostysky\/100057676170234\/","article_modified_time":"2025-10-19T08:23:56+00:00","og_image":[{"width":800,"height":800,"url":"https:\/\/www.ghostysky.com\/wp-content\/uploads\/2025\/10\/GH_DJI-Mini-5-Pro-ND-Filters-Set_ND8_32_128_1.jpg","type":"image\/jpeg"}],"twitter_card":"summary_large_image","twitter_site":"@Gh0stysky","twitter_misc":{"Dur\u00e9e de lecture estim\u00e9e":"2 minutes"},"schema":{"@context":"https:\/\/schema.org","@graph":[{"@type":"WebPage","@id":"https:\/\/www.ghostysky.com\/product\/dji-mini-5-pro-nd-filters-setnd8-32-128\/","url":"https:\/\/www.ghostysky.com\/product\/dji-mini-5-pro-nd-filters-setnd8-32-128\/","name":"Ensemble de filtres ND pour DJI Mini 5 Pro (ND8\/32\/128) - Ghostysky","isPartOf":{"@id":"https:\/\/www.ghostysky.com\/#website"},"primaryImageOfPage":{"@id":"https:\/\/www.ghostysky.com\/product\/dji-mini-5-pro-nd-filters-setnd8-32-128\/#primaryimage"},"image":{"@id":"https:\/\/www.ghostysky.com\/product\/dji-mini-5-pro-nd-filters-setnd8-32-128\/#primaryimage"},"thumbnailUrl":"https:\/\/www.ghostysky.com\/wp-content\/uploads\/2025\/10\/GH_DJI-Mini-5-Pro-ND-Filters-Set_ND8_32_128_1.jpg","datePublished":"2025-10-19T07:54:43+00:00","dateModified":"2025-10-19T08:23:56+00:00","description":"Le kit de filtres ND pour DJI Mini 5 Pro offre un contr\u00f4le de la lumi\u00e8re essentiel aux photographes et vid\u00e9astes a\u00e9riens exp\u00e9riment\u00e9s utilisant le DJI Mini 5 Pro, agissant comme des \u00ab\u00a0lunettes de soleil\u00a0\u00bb pour la cam\u00e9ra de votre drone. Ce kit comprend trois filtres \u00e0 densit\u00e9 neutre (ND) de haute qualit\u00e9\u00a0: ND8, ND32 et ND128, vous permettant de g\u00e9rer pr\u00e9cis\u00e9ment l&#039;exposition de votre cam\u00e9ra dans diverses conditions de forte luminosit\u00e9, sans compromettre la fid\u00e9lit\u00e9 des couleurs.","breadcrumb":{"@id":"https:\/\/www.ghostysky.com\/product\/dji-mini-5-pro-nd-filters-setnd8-32-128\/#breadcrumb"},"inLanguage":"fr-FR","potentialAction":[{"@type":"ReadAction","target":["https:\/\/www.ghostysky.com\/product\/dji-mini-5-pro-nd-filters-setnd8-32-128\/"]}]},{"@type":"ImageObject","inLanguage":"fr-FR","@id":"https:\/\/www.ghostysky.com\/product\/dji-mini-5-pro-nd-filters-setnd8-32-128\/#primaryimage","url":"https:\/\/www.ghostysky.com\/wp-content\/uploads\/2025\/10\/GH_DJI-Mini-5-Pro-ND-Filters-Set_ND8_32_128_1.jpg","contentUrl":"https:\/\/www.ghostysky.com\/wp-content\/uploads\/2025\/10\/GH_DJI-Mini-5-Pro-ND-Filters-Set_ND8_32_128_1.jpg","width":800,"height":800},{"@type":"BreadcrumbList","@id":"https:\/\/www.ghostysky.com\/product\/dji-mini-5-pro-nd-filters-setnd8-32-128\/#breadcrumb","itemListElement":[{"@type":"ListItem","position":1,"name":"Home","item":"https:\/\/www.ghostysky.com\/"},{"@type":"ListItem","position":2,"name":"Shop","item":"https:\/\/www.ghostysky.com\/shop\/"},{"@type":"ListItem","position":3,"name":"DJI Mini 5 Pro ND Filters Set(ND8\/32\/128)"}]},{"@type":"WebSite","@id":"https:\/\/www.ghostysky.com\/#website","url":"https:\/\/www.ghostysky.com\/","name":"Ghostysky","description":"Livraison de drones et de services professionnels","publisher":{"@id":"https:\/\/www.ghostysky.com\/#organization"},"potentialAction":[{"@type":"SearchAction","target":{"@type":"EntryPoint","urlTemplate":"https:\/\/www.ghostysky.com\/?s={search_term_string}"},"query-input":{"@type":"PropertyValueSpecification","valueRequired":true,"valueName":"search_term_string"}}],"inLanguage":"fr-FR"},{"@type":"Organization","@id":"https:\/\/www.ghostysky.com\/#organization","name":"Ghostysky","url":"https:\/\/www.ghostysky.com\/","logo":{"@type":"ImageObject","inLanguage":"fr-FR","@id":"https:\/\/www.ghostysky.com\/#\/schema\/logo\/image\/","url":"https:\/\/www.ghostysky.com\/wp-content\/uploads\/2020\/06\/cropped-ghostyskylogo_text_white2.png","contentUrl":"https:\/\/www.ghostysky.com\/wp-content\/uploads\/2020\/06\/cropped-ghostyskylogo_text_white2.png","width":169,"height":56,"caption":"Ghostysky"},"image":{"@id":"https:\/\/www.ghostysky.com\/#\/schema\/logo\/image\/"},"sameAs":["https:\/\/www.facebook.com\/people\/Ghostysky\/100057676170234\/","https:\/\/x.com\/Gh0stysky","https:\/\/www.linkedin.com\/company\/34739653","https:\/\/www.instagram.com\/gh0stysky"]}]}},"_links":{"self":[{"href":"https:\/\/www.ghostysky.com\/fr\/wp-json\/wp\/v2\/product\/21942","targetHints":{"allow":["GET"]}}],"collection":[{"href":"https:\/\/www.ghostysky.com\/fr\/wp-json\/wp\/v2\/product"}],"about":[{"href":"https:\/\/www.ghostysky.com\/fr\/wp-json\/wp\/v2\/types\/product"}],"replies":[{"embeddable":true,"href":"https:\/\/www.ghostysky.com\/fr\/wp-json\/wp\/v2\/comments?post=21942"}],"wp:featuredmedia":[{"embeddable":true,"href":"https:\/\/www.ghostysky.com\/fr\/wp-json\/wp\/v2\/media\/21945"}],"wp:attachment":[{"href":"https:\/\/www.ghostysky.com\/fr\/wp-json\/wp\/v2\/media?parent=21942"}],"wp:term":[{"taxonomy":"product_brand","embeddable":true,"href":"https:\/\/www.ghostysky.com\/fr\/wp-json\/wp\/v2\/product_brand?post=21942"},{"taxonomy":"product_cat","embeddable":true,"href":"https:\/\/www.ghostysky.com\/fr\/wp-json\/wp\/v2\/product_cat?post=21942"},{"taxonomy":"product_tag","embeddable":true,"href":"https:\/\/www.ghostysky.com\/fr\/wp-json\/wp\/v2\/product_tag?post=21942"}],"curies":[{"name":"wp","href":"https:\/\/api.w.org\/{rel}","templated":true}]}}