{"id":21967,"date":"2025-10-19T09:04:22","date_gmt":"2025-10-19T09:04:22","guid":{"rendered":"https:\/\/www.ghostysky.com\/?post_type=product&#038;p=21967"},"modified":"2026-02-24T12:22:01","modified_gmt":"2026-02-24T12:22:01","slug":"ouster-osdome-64-rev7","status":"publish","type":"product","link":"https:\/\/www.ghostysky.com\/fr\/product\/ouster-osdome-64-rev7\/","title":{"rendered":"Ouster OSDome-64 Rev7"},"content":{"rendered":"<h3><b>Principales caract\u00e9ristiques et avantages<\/b><\/h3>\n<ul>\n<li><b><span class=\"citation-152 citation-end-152\">H\u00e9misph\u00e9rique <\/span><span class=\"math-inline\" data-math=\"180^{\\circ}\">180\u00ba <\/span><span class=\"citation-151\">Champ de vision vertical :<\/span><\/b><span class=\"citation-151 citation-end-151\"> Offre une couverture du sol au plafond et sur une large zone, \u00e9liminant efficacement les angles morts dans la perception \u00e0 courte port\u00e9e.<\/span><\/li>\n<li><b><span class=\"math-inline\" data-math=\"360^{\\circ}\">360\u00ba <\/span><span class=\"citation-150\">Champ de vision horizontal :<\/span><\/b><span class=\"citation-150 citation-end-150\"> Offre une vue panoramique compl\u00e8te sur les environs.<\/span><\/li>\n<li><b>Haute r\u00e9solution:<\/b> Le mod\u00e8le OSDome-64 dispose <b>64 canaux verticaux<\/b> (les options configurables sont <span class=\"math-inline\" data-math=\"32\">32<\/span> et <span class=\"math-inline\" data-math=\"128\">128<\/span> canaux), avec des r\u00e9solutions horizontales configurables jusqu&#039;\u00e0 <span class=\"math-inline\" data-math=\"2048\">2048<\/span>.<\/li>\n<li><b><span class=\"citation-149\">Aliment\u00e9 par la puce L3\u00a0:<\/span><\/b><span class=\"citation-149 citation-end-149\"> B\u00e9n\u00e9ficie de la toute derni\u00e8re architecture lidar num\u00e9rique d&#039;Ouster, offrant une port\u00e9e am\u00e9lior\u00e9e et une pr\u00e9cision accrue.<\/span><span class=\"citation-148 citation-end-148\">, et une pr\u00e9cision de d\u00e9tection accrue, m\u00eame sur les objets sombres difficiles \u00e0 d\u00e9tecter.<\/span><\/li>\n<li><b>Excellente port\u00e9e en champ proche :<\/b><span class=\"citation-147\"> Propose une gamme allant jusqu&#039;\u00e0 <\/span><b><span class=\"citation-147\">20 m\u00e8tres<\/span><\/b><span class=\"citation-147 citation-end-147\"> sur des cibles avec <\/span><span class=\"math-inline\" data-math=\"10\\%\">10%<\/span><span class=\"citation-146 citation-end-146\">\u00a0r\u00e9flectivit\u00e9, ce qui le rend id\u00e9al pour le suivi en int\u00e9rieur et la navigation des robots mobiles.<\/span><\/li>\n<li><b>Retours doubles :<\/b><span class=\"citation-145 citation-end-145\"> Prend en charge le mode double retour pour des donn\u00e9es de nuage de points plus riches et une d\u00e9tection d&#039;objets am\u00e9lior\u00e9e.<\/span><\/li>\n<li><b><span class=\"citation-144\">Conception compacte et discr\u00e8te :<\/span><\/b><span class=\"citation-144 citation-end-144\"> Son format compact permet une int\u00e9gration discr\u00e8te dans les v\u00e9hicules, les plafonds ou les infrastructures intelligentes.<\/span><\/li>\n<li><b>Robuste et fiable :<\/b><span class=\"citation-143\"> Construit avec un pourcentage \u00e9lev\u00e9 de composants de qualit\u00e9 automobile et dispose d&#039;un <\/span><b><span class=\"citation-143\">IP68\/IP69K<\/span><\/b><span class=\"citation-143 citation-end-143\"> indice de protection contre les intrusions pour un fonctionnement fiable dans des conditions int\u00e9rieures et ext\u00e9rieures difficiles (<\/span><span class=\"math-inline\" data-math=\"\\text{-40}^{\\circ}\\text{C}\">-40\u00b0C <\/span><span class=\"citation-142 citation-end-142\">\u00e0 <\/span><span class=\"math-inline\" data-math=\"\\text{+60}^{\\circ}\\text{C}\">+ 60\u00baC<\/span><span class=\"citation-141 citation-end-141\">\u00a0temp\u00e9rature de fonctionnement).<\/span><\/li>\n<\/ul>\n<p><b>Applications id\u00e9ales :<\/b><\/p>\n<p>L&#039;OSDome-64 Rev7 est parfaitement adapt\u00e9 aux applications n\u00e9cessitant une perception omnidirectionnelle haute r\u00e9solution sans angles morts \u00e0 courte port\u00e9e, notamment\u00a0:<\/p>\n<ul>\n<li><b><span class=\"citation-140\">Robotique:<\/span><\/b><span class=\"citation-140 citation-end-140\"> Robots mobiles autonomes (AMR), chariots \u00e9l\u00e9vateurs et autres v\u00e9hicules n\u00e9cessitant une connaissance de la situation du sol au plafond dans les entrep\u00f4ts et les environnements industriels.<\/span><\/li>\n<li><b>Infrastructure intelligente :<\/b><span class=\"citation-139 citation-end-139\"> Analyse de foule, s\u00e9curit\u00e9, surveillance de l&#039;occupation et d\u00e9tection d&#039;intrus dans les commerces de d\u00e9tail, les lieux publics et les installations s\u00e9curis\u00e9es.<\/span><\/li>\n<li><b><span class=\"citation-138\">Logistique et automatisation industrielle :<\/span><\/b><span class=\"citation-138 citation-end-138\"> Surveillance et cartographie au sein d&#039;environnements industriels complexes.<\/span><\/li>\n<\/ul>","protected":false},"excerpt":{"rendered":"<p><span class=\"citation-155\">L&#039;Ouster OSDome-64 Rev7 est un <\/span><b><span class=\"citation-155\">capteur LiDAR num\u00e9rique haute r\u00e9solution<\/span><\/b><span class=\"citation-155\"> sp\u00e9cialement con\u00e7u pour fournir une <\/span><b><span class=\"citation-155 citation-end-155\">complet <\/span><span class=\"math-inline\" data-math=\"180^{\\circ}\">180\u00ba<\/span><span class=\"citation-154\"> champ de vision h\u00e9misph\u00e9rique (FoV)<\/span><\/b><span class=\"citation-154 citation-end-154\">.<\/span> <span class=\"citation-153 citation-end-153\">Faisant partie de la famille Ouster REV7 et aliment\u00e9 par la puce L3 avanc\u00e9e, ce capteur est con\u00e7u pour offrir une couverture compl\u00e8te et de haute pr\u00e9cision pour les applications \u00e0 courte port\u00e9e dans divers environnements.<\/span><\/p>\n<p>&nbsp;<\/p>","protected":false},"featured_media":21963,"comment_status":"open","ping_status":"closed","template":"","meta":[],"product_brand":[1140],"product_cat":[1139,1037,1040],"product_tag":[1142,1141],"class_list":{"0":"post-21967","1":"product","2":"type-product","3":"status-publish","4":"has-post-thumbnail","6":"product_brand-ouster","7":"product_cat-ouster-lidars","8":"product_cat-robotics","9":"product_cat-sensors-robotics","10":"product_tag-ouster-dome-lidar","11":"product_tag-ouster-lidars","13":"first","14":"onbackorder","15":"taxable","16":"shipping-taxable","17":"purchasable","18":"product-type-simple"},"yoast_head":"<!-- This site is optimized with the Yoast SEO plugin v27.4 - https:\/\/yoast.com\/product\/yoast-seo-wordpress\/ -->\n<title>Ouster OSDome-64 Rev7 - Ghostysky<\/title>\n<meta name=\"description\" content=\"The Ouster OSDome-64 Rev7 is a high-resolution digital LiDAR sensor specifically engineered to provide a full 180\u00ba hemispherical field of view (FoV). Part of the Ouster REV7 family and powered by the advanced L3 chip, this sensor is designed to deliver comprehensive, high-precision coverage for near-range applications in diverse environments.\" \/>\n<meta name=\"robots\" content=\"index, follow, max-snippet:-1, max-image-preview:large, max-video-preview:-1\" \/>\n<link rel=\"canonical\" href=\"https:\/\/www.ghostysky.com\/fr\/product\/ouster-osdome-64-rev7\/\" \/>\n<meta property=\"og:locale\" content=\"fr_FR\" \/>\n<meta property=\"og:type\" content=\"article\" \/>\n<meta property=\"og:title\" content=\"Ouster OSDome-64 Rev7 - Ghostysky\" \/>\n<meta property=\"og:description\" content=\"The Ouster OSDome-64 Rev7 is a high-resolution digital LiDAR sensor specifically engineered to provide a full 180\u00ba hemispherical field of view (FoV). Part of the Ouster REV7 family and powered by the advanced L3 chip, this sensor is designed to deliver comprehensive, high-precision coverage for near-range applications in diverse environments.\" \/>\n<meta property=\"og:url\" content=\"https:\/\/www.ghostysky.com\/fr\/product\/ouster-osdome-64-rev7\/\" \/>\n<meta property=\"og:site_name\" content=\"Ghostysky\" \/>\n<meta property=\"article:publisher\" content=\"https:\/\/www.facebook.com\/people\/Ghostysky\/100057676170234\/\" \/>\n<meta property=\"article:modified_time\" content=\"2026-02-24T12:22:01+00:00\" \/>\n<meta property=\"og:image\" content=\"https:\/\/www.ghostysky.com\/wp-content\/uploads\/2025\/10\/GH_Ouster-osdome-lidar-rev-7_1.webp\" \/>\n\t<meta property=\"og:image:width\" content=\"550\" \/>\n\t<meta property=\"og:image:height\" content=\"550\" \/>\n\t<meta property=\"og:image:type\" content=\"image\/webp\" \/>\n<meta name=\"twitter:card\" content=\"summary_large_image\" \/>\n<meta name=\"twitter:site\" content=\"@Gh0stysky\" \/>\n<meta name=\"twitter:label1\" content=\"Dur\u00e9e de lecture estim\u00e9e\" \/>\n\t<meta name=\"twitter:data1\" content=\"2 minutes\" \/>\n<script type=\"application\/ld+json\" class=\"yoast-schema-graph\">{\"@context\":\"https:\\\/\\\/schema.org\",\"@graph\":[{\"@type\":\"WebPage\",\"@id\":\"https:\\\/\\\/www.ghostysky.com\\\/product\\\/ouster-osdome-64-rev7\\\/\",\"url\":\"https:\\\/\\\/www.ghostysky.com\\\/product\\\/ouster-osdome-64-rev7\\\/\",\"name\":\"Ouster OSDome-64 Rev7 - Ghostysky\",\"isPartOf\":{\"@id\":\"https:\\\/\\\/www.ghostysky.com\\\/#website\"},\"primaryImageOfPage\":{\"@id\":\"https:\\\/\\\/www.ghostysky.com\\\/product\\\/ouster-osdome-64-rev7\\\/#primaryimage\"},\"image\":{\"@id\":\"https:\\\/\\\/www.ghostysky.com\\\/product\\\/ouster-osdome-64-rev7\\\/#primaryimage\"},\"thumbnailUrl\":\"https:\\\/\\\/www.ghostysky.com\\\/wp-content\\\/uploads\\\/2025\\\/10\\\/GH_Ouster-osdome-lidar-rev-7_1.webp\",\"datePublished\":\"2025-10-19T09:04:22+00:00\",\"dateModified\":\"2026-02-24T12:22:01+00:00\",\"description\":\"The Ouster OSDome-64 Rev7 is a high-resolution digital LiDAR sensor specifically engineered to provide a full 180\u00ba hemispherical field of view (FoV). Part of the Ouster REV7 family and powered by the advanced L3 chip, this sensor is designed to deliver comprehensive, high-precision coverage for near-range applications in diverse environments.\",\"breadcrumb\":{\"@id\":\"https:\\\/\\\/www.ghostysky.com\\\/product\\\/ouster-osdome-64-rev7\\\/#breadcrumb\"},\"inLanguage\":\"fr-FR\",\"potentialAction\":[{\"@type\":\"ReadAction\",\"target\":[\"https:\\\/\\\/www.ghostysky.com\\\/product\\\/ouster-osdome-64-rev7\\\/\"]}]},{\"@type\":\"ImageObject\",\"inLanguage\":\"fr-FR\",\"@id\":\"https:\\\/\\\/www.ghostysky.com\\\/product\\\/ouster-osdome-64-rev7\\\/#primaryimage\",\"url\":\"https:\\\/\\\/www.ghostysky.com\\\/wp-content\\\/uploads\\\/2025\\\/10\\\/GH_Ouster-osdome-lidar-rev-7_1.webp\",\"contentUrl\":\"https:\\\/\\\/www.ghostysky.com\\\/wp-content\\\/uploads\\\/2025\\\/10\\\/GH_Ouster-osdome-lidar-rev-7_1.webp\",\"width\":550,\"height\":550},{\"@type\":\"BreadcrumbList\",\"@id\":\"https:\\\/\\\/www.ghostysky.com\\\/product\\\/ouster-osdome-64-rev7\\\/#breadcrumb\",\"itemListElement\":[{\"@type\":\"ListItem\",\"position\":1,\"name\":\"Home\",\"item\":\"https:\\\/\\\/www.ghostysky.com\\\/\"},{\"@type\":\"ListItem\",\"position\":2,\"name\":\"Shop\",\"item\":\"https:\\\/\\\/www.ghostysky.com\\\/shop\\\/\"},{\"@type\":\"ListItem\",\"position\":3,\"name\":\"Ouster OSDome-64 Rev7\"}]},{\"@type\":\"WebSite\",\"@id\":\"https:\\\/\\\/www.ghostysky.com\\\/#website\",\"url\":\"https:\\\/\\\/www.ghostysky.com\\\/\",\"name\":\"Ghostysky\",\"description\":\"Delivering professional drones and services\",\"publisher\":{\"@id\":\"https:\\\/\\\/www.ghostysky.com\\\/#organization\"},\"potentialAction\":[{\"@type\":\"SearchAction\",\"target\":{\"@type\":\"EntryPoint\",\"urlTemplate\":\"https:\\\/\\\/www.ghostysky.com\\\/?s={search_term_string}\"},\"query-input\":{\"@type\":\"PropertyValueSpecification\",\"valueRequired\":true,\"valueName\":\"search_term_string\"}}],\"inLanguage\":\"fr-FR\"},{\"@type\":\"Organization\",\"@id\":\"https:\\\/\\\/www.ghostysky.com\\\/#organization\",\"name\":\"Ghostysky\",\"url\":\"https:\\\/\\\/www.ghostysky.com\\\/\",\"logo\":{\"@type\":\"ImageObject\",\"inLanguage\":\"fr-FR\",\"@id\":\"https:\\\/\\\/www.ghostysky.com\\\/#\\\/schema\\\/logo\\\/image\\\/\",\"url\":\"https:\\\/\\\/www.ghostysky.com\\\/wp-content\\\/uploads\\\/2020\\\/06\\\/cropped-ghostyskylogo_text_white2.png\",\"contentUrl\":\"https:\\\/\\\/www.ghostysky.com\\\/wp-content\\\/uploads\\\/2020\\\/06\\\/cropped-ghostyskylogo_text_white2.png\",\"width\":169,\"height\":56,\"caption\":\"Ghostysky\"},\"image\":{\"@id\":\"https:\\\/\\\/www.ghostysky.com\\\/#\\\/schema\\\/logo\\\/image\\\/\"},\"sameAs\":[\"https:\\\/\\\/www.facebook.com\\\/people\\\/Ghostysky\\\/100057676170234\\\/\",\"https:\\\/\\\/x.com\\\/Gh0stysky\",\"https:\\\/\\\/www.linkedin.com\\\/company\\\/34739653\",\"https:\\\/\\\/www.instagram.com\\\/gh0stysky\"]}]}<\/script>\n<!-- \/ Yoast SEO plugin. -->","yoast_head_json":{"title":"Ouster OSDome-64 Rev7 - Ghostysky","description":"Le capteur LiDAR num\u00e9rique haute r\u00e9solution Ouster OSDome-64 Rev7 est sp\u00e9cialement con\u00e7u pour offrir un champ de vision h\u00e9misph\u00e9rique complet de 180\u00b0. Appartenant \u00e0 la gamme Ouster REV7 et \u00e9quip\u00e9 de la puce L3 avanc\u00e9e, ce capteur assure une couverture \u00e9tendue et de haute pr\u00e9cision pour les applications de courte port\u00e9e dans des environnements vari\u00e9s.","robots":{"index":"index","follow":"follow","max-snippet":"max-snippet:-1","max-image-preview":"max-image-preview:large","max-video-preview":"max-video-preview:-1"},"canonical":"https:\/\/www.ghostysky.com\/fr\/product\/ouster-osdome-64-rev7\/","og_locale":"fr_FR","og_type":"article","og_title":"Ouster OSDome-64 Rev7 - Ghostysky","og_description":"The Ouster OSDome-64 Rev7 is a high-resolution digital LiDAR sensor specifically engineered to provide a full 180\u00ba hemispherical field of view (FoV). Part of the Ouster REV7 family and powered by the advanced L3 chip, this sensor is designed to deliver comprehensive, high-precision coverage for near-range applications in diverse environments.","og_url":"https:\/\/www.ghostysky.com\/fr\/product\/ouster-osdome-64-rev7\/","og_site_name":"Ghostysky","article_publisher":"https:\/\/www.facebook.com\/people\/Ghostysky\/100057676170234\/","article_modified_time":"2026-02-24T12:22:01+00:00","og_image":[{"width":550,"height":550,"url":"https:\/\/www.ghostysky.com\/wp-content\/uploads\/2025\/10\/GH_Ouster-osdome-lidar-rev-7_1.webp","type":"image\/webp"}],"twitter_card":"summary_large_image","twitter_site":"@Gh0stysky","twitter_misc":{"Dur\u00e9e de lecture estim\u00e9e":"2 minutes"},"schema":{"@context":"https:\/\/schema.org","@graph":[{"@type":"WebPage","@id":"https:\/\/www.ghostysky.com\/product\/ouster-osdome-64-rev7\/","url":"https:\/\/www.ghostysky.com\/product\/ouster-osdome-64-rev7\/","name":"Ouster OSDome-64 Rev7 - Ghostysky","isPartOf":{"@id":"https:\/\/www.ghostysky.com\/#website"},"primaryImageOfPage":{"@id":"https:\/\/www.ghostysky.com\/product\/ouster-osdome-64-rev7\/#primaryimage"},"image":{"@id":"https:\/\/www.ghostysky.com\/product\/ouster-osdome-64-rev7\/#primaryimage"},"thumbnailUrl":"https:\/\/www.ghostysky.com\/wp-content\/uploads\/2025\/10\/GH_Ouster-osdome-lidar-rev-7_1.webp","datePublished":"2025-10-19T09:04:22+00:00","dateModified":"2026-02-24T12:22:01+00:00","description":"Le capteur LiDAR num\u00e9rique haute r\u00e9solution Ouster OSDome-64 Rev7 est sp\u00e9cialement con\u00e7u pour offrir un champ de vision h\u00e9misph\u00e9rique complet de 180\u00b0. Appartenant \u00e0 la gamme Ouster REV7 et \u00e9quip\u00e9 de la puce L3 avanc\u00e9e, ce capteur assure une couverture \u00e9tendue et de haute pr\u00e9cision pour les applications de courte port\u00e9e dans des environnements vari\u00e9s.","breadcrumb":{"@id":"https:\/\/www.ghostysky.com\/product\/ouster-osdome-64-rev7\/#breadcrumb"},"inLanguage":"fr-FR","potentialAction":[{"@type":"ReadAction","target":["https:\/\/www.ghostysky.com\/product\/ouster-osdome-64-rev7\/"]}]},{"@type":"ImageObject","inLanguage":"fr-FR","@id":"https:\/\/www.ghostysky.com\/product\/ouster-osdome-64-rev7\/#primaryimage","url":"https:\/\/www.ghostysky.com\/wp-content\/uploads\/2025\/10\/GH_Ouster-osdome-lidar-rev-7_1.webp","contentUrl":"https:\/\/www.ghostysky.com\/wp-content\/uploads\/2025\/10\/GH_Ouster-osdome-lidar-rev-7_1.webp","width":550,"height":550},{"@type":"BreadcrumbList","@id":"https:\/\/www.ghostysky.com\/product\/ouster-osdome-64-rev7\/#breadcrumb","itemListElement":[{"@type":"ListItem","position":1,"name":"Home","item":"https:\/\/www.ghostysky.com\/"},{"@type":"ListItem","position":2,"name":"Shop","item":"https:\/\/www.ghostysky.com\/shop\/"},{"@type":"ListItem","position":3,"name":"Ouster OSDome-64 Rev7"}]},{"@type":"WebSite","@id":"https:\/\/www.ghostysky.com\/#website","url":"https:\/\/www.ghostysky.com\/","name":"Ghostysky","description":"Livraison de drones et de services professionnels","publisher":{"@id":"https:\/\/www.ghostysky.com\/#organization"},"potentialAction":[{"@type":"SearchAction","target":{"@type":"EntryPoint","urlTemplate":"https:\/\/www.ghostysky.com\/?s={search_term_string}"},"query-input":{"@type":"PropertyValueSpecification","valueRequired":true,"valueName":"search_term_string"}}],"inLanguage":"fr-FR"},{"@type":"Organization","@id":"https:\/\/www.ghostysky.com\/#organization","name":"Ghostysky","url":"https:\/\/www.ghostysky.com\/","logo":{"@type":"ImageObject","inLanguage":"fr-FR","@id":"https:\/\/www.ghostysky.com\/#\/schema\/logo\/image\/","url":"https:\/\/www.ghostysky.com\/wp-content\/uploads\/2020\/06\/cropped-ghostyskylogo_text_white2.png","contentUrl":"https:\/\/www.ghostysky.com\/wp-content\/uploads\/2020\/06\/cropped-ghostyskylogo_text_white2.png","width":169,"height":56,"caption":"Ghostysky"},"image":{"@id":"https:\/\/www.ghostysky.com\/#\/schema\/logo\/image\/"},"sameAs":["https:\/\/www.facebook.com\/people\/Ghostysky\/100057676170234\/","https:\/\/x.com\/Gh0stysky","https:\/\/www.linkedin.com\/company\/34739653","https:\/\/www.instagram.com\/gh0stysky"]}]}},"_links":{"self":[{"href":"https:\/\/www.ghostysky.com\/fr\/wp-json\/wp\/v2\/product\/21967","targetHints":{"allow":["GET"]}}],"collection":[{"href":"https:\/\/www.ghostysky.com\/fr\/wp-json\/wp\/v2\/product"}],"about":[{"href":"https:\/\/www.ghostysky.com\/fr\/wp-json\/wp\/v2\/types\/product"}],"replies":[{"embeddable":true,"href":"https:\/\/www.ghostysky.com\/fr\/wp-json\/wp\/v2\/comments?post=21967"}],"wp:featuredmedia":[{"embeddable":true,"href":"https:\/\/www.ghostysky.com\/fr\/wp-json\/wp\/v2\/media\/21963"}],"wp:attachment":[{"href":"https:\/\/www.ghostysky.com\/fr\/wp-json\/wp\/v2\/media?parent=21967"}],"wp:term":[{"taxonomy":"product_brand","embeddable":true,"href":"https:\/\/www.ghostysky.com\/fr\/wp-json\/wp\/v2\/product_brand?post=21967"},{"taxonomy":"product_cat","embeddable":true,"href":"https:\/\/www.ghostysky.com\/fr\/wp-json\/wp\/v2\/product_cat?post=21967"},{"taxonomy":"product_tag","embeddable":true,"href":"https:\/\/www.ghostysky.com\/fr\/wp-json\/wp\/v2\/product_tag?post=21967"}],"curies":[{"name":"wp","href":"https:\/\/api.w.org\/{rel}","templated":true}]}}