{"id":21968,"date":"2025-10-19T09:08:14","date_gmt":"2025-10-19T09:08:14","guid":{"rendered":"https:\/\/www.ghostysky.com\/?post_type=product&#038;p=21968"},"modified":"2025-10-19T09:11:58","modified_gmt":"2025-10-19T09:11:58","slug":"ouster-osdome-128-rev7","status":"publish","type":"product","link":"https:\/\/www.ghostysky.com\/fr\/product\/ouster-osdome-128-rev7\/","title":{"rendered":"Ouster OSDome-128 Rev7"},"content":{"rendered":"<div id=\"model-response-message-contentr_8cade3a3a392d67c\" class=\"markdown markdown-main-panel stronger enable-updated-hr-color\" dir=\"ltr\">\n<h3><b>Principales caract\u00e9ristiques et sp\u00e9cifications<\/b><\/h3>\n<ul>\n<li><b><span class=\"citation-185\">Champ de vision h\u00e9misph\u00e9rique complet (FoV) :<\/span><\/b><span class=\"citation-185 citation-end-185\"> Offre une exp\u00e9rience in\u00e9gal\u00e9e <\/span><b><span class=\"math-inline\" data-math=\"180^\\circ\"><span class=\"katex\"><span class=\"katex-html\" aria-hidden=\"true\"><span class=\"base\"><span class=\"mord\">18<\/span><span class=\"mord\">0<span class=\"msupsub\"><span class=\"vlist-t\"><span class=\"vlist-r\"><span class=\"vlist\"><span class=\"\"><span class=\"sizing reset-size6 size3 mtight\"><span class=\"mbin mtight\">\u2218<\/span><\/span><\/span><\/span><\/span><\/span><\/span><\/span><\/span><\/span><\/span><\/span><span class=\"citation-184\"> verticale<\/span><\/b><span class=\"citation-184 citation-end-184\"> par <\/span><b><span class=\"math-inline\" data-math=\"360^\\circ\"><span class=\"katex\"><span class=\"katex-html\" aria-hidden=\"true\"><span class=\"base\"><span class=\"mord\">36<\/span><span class=\"mord\">0<span class=\"msupsub\"><span class=\"vlist-t\"><span class=\"vlist-r\"><span class=\"vlist\"><span class=\"\"><span class=\"sizing reset-size6 size3 mtight\"><span class=\"mbin mtight\">\u2218<\/span><\/span><\/span><\/span><\/span><\/span><\/span><\/span><\/span><\/span><\/span><\/span><span class=\"citation-183\"> horizontal<\/span><\/b><span class=\"citation-183 citation-end-183\"> FoV, offrant une couverture compl\u00e8te du sol au plafond.<\/span> <span class=\"citation-182 citation-end-182\">Cette conception unique en forme de d\u00f4me est id\u00e9ale pour \u00e9liminer les angles morts dans les environnements encombr\u00e9s ou complexes.<\/span><\/li>\n<li><b><span class=\"citation-181\">Haute r\u00e9solution:<\/span><\/b><span class=\"citation-181\"> Caract\u00e9ristiques <\/span><b><span class=\"citation-181\">128 canaux verticaux<\/span><\/b><span class=\"citation-181 citation-end-181\"> (couches), offrant des d\u00e9tails exceptionnels pour une cartographie 3D pr\u00e9cise, une classification d&#039;objets et un suivi.<\/span> <span class=\"citation-180\">Il g\u00e9n\u00e8re jusqu&#039;\u00e0 <\/span><b><span class=\"citation-180\">5,2 millions de points par seconde<\/span><\/b><span class=\"citation-180 citation-end-180\">.<\/span><\/li>\n<li><b>Port\u00e9e et pr\u00e9cision am\u00e9lior\u00e9es\u00a0:<\/b> L&#039;OSDome (Rev7) a une port\u00e9e maximale allant jusqu&#039;\u00e0 <span class=\"math-inline\" data-math=\"\\sim 45\"><span class=\"katex\"><span class=\"katex-html\" aria-hidden=\"true\"><span class=\"base\"><span class=\"mrel\">\u223c<\/span><\/span><span class=\"base\"><span class=\"mord\">45<\/span><\/span><\/span><\/span><\/span> m\u00e8tres et une gamme typique de <b><span class=\"math-inline\" data-math=\"20\"><span class=\"katex\"><span class=\"katex-html\" aria-hidden=\"true\"><span class=\"base\"><span class=\"mord\">20<\/span><\/span><\/span><\/span><\/span> m\u00e8tres<\/b> sur un <span class=\"math-inline\" data-math=\"10\\%\"><span class=\"katex\"><span class=\"katex-html\" aria-hidden=\"true\"><span class=\"base\"><span class=\"mord\">10%<\/span><\/span><\/span><\/span><\/span> cible r\u00e9fl\u00e9chissante, ce qui la rend parfaite pour l&#039;int\u00e9rieur, les infrastructures intelligentes et la robotique \u00e0 courte port\u00e9e.<\/li>\n<li><b><span class=\"citation-179\">Puce LiDAR num\u00e9rique L3\u00a0:<\/span><\/b><span class=\"citation-179 citation-end-179\"> Cette puce de nouvelle g\u00e9n\u00e9ration am\u00e9liore consid\u00e9rablement les performances avec :<\/span>\n<ul>\n<li><b><span class=\"math-inline\" data-math=\"10\\times\"><span class=\"katex\"><span class=\"katex-html\" aria-hidden=\"true\"><span class=\"base\"><span class=\"mord\">10<\/span><span class=\"mord\">\u00d7<\/span><\/span><\/span><\/span><\/span><span class=\"citation-178\"> augmenter<\/span><\/b><span class=\"citation-178 citation-end-178\"> en sensibilit\u00e9 aux photons.<\/span><\/li>\n<li><b><span class=\"citation-177\">Retours doubles de haute pr\u00e9cision<\/span><\/b><span class=\"citation-177 citation-end-177\"> pour une d\u00e9tection d&#039;objets am\u00e9lior\u00e9e.<\/span><\/li>\n<li><span class=\"citation-176 citation-end-176\">D\u00e9tection am\u00e9lior\u00e9e sur les objets difficiles (comme les v\u00e9hicules noirs, les pneus ou les petits c\u00e2bles).<\/span><\/li>\n<\/ul>\n<\/li>\n<li><b><span class=\"citation-175\">Conception robuste et fiable :<\/span><\/b><span class=\"citation-175\"> Construit avec l&#039;architecture num\u00e9rique simple d&#039;Ouster et des composants de qualit\u00e9 automobile, le capteur est class\u00e9 <\/span><b><span class=\"citation-175\">IP68 et IP69K<\/span><\/b><span class=\"citation-175 citation-end-175\">, ce qui le rend r\u00e9sistant aux conditions extr\u00eames, aux chocs, aux vibrations et m\u00eame au lavage \u00e0 pression.<\/span><\/li>\n<li><b>Facteur de forme discret et compact :<\/b><span class=\"citation-174 citation-end-174\"> Sa petite taille physique, semblable \u00e0 un d\u00f4me, permet une int\u00e9gration discr\u00e8te dans les plafonds, les infrastructures ou la carrosserie d&#039;un v\u00e9hicule, s&#039;int\u00e9grant parfaitement \u00e0 l&#039;environnement.<\/span><\/li>\n<li><b>Applications polyvalentes :<\/b> Id\u00e9al pour :\n<ul>\n<li><b>Infrastructure intelligente :<\/b><span class=\"citation-173\"> Analyse des foules, surveillance de l&#039;occupation et d\u00e9tection de s\u00e9curit\u00e9\/intrusion avec <\/span><b><span class=\"citation-173\">suivi des personnes pr\u00e9servant la vie priv\u00e9e<\/span><\/b><span class=\"citation-173 citation-end-173\"> (il utilise des donn\u00e9es spatiales, pas des images faciales).<\/span><\/li>\n<li><b><span class=\"citation-172\">Robotique et Industrie :<\/span><\/b><span class=\"citation-172 citation-end-172\"> Automatisation des entrep\u00f4ts, robots mobiles autonomes (AMR), connaissance de la situation des chariots \u00e9l\u00e9vateurs avec visibilit\u00e9 du sol au plafond et manutention des mat\u00e9riaux.<\/span><\/li>\n<\/ul>\n<\/li>\n<\/ul>\n<p>L&#039;OSDome-128 Rev7 est la solution ultime pour les applications n\u00e9cessitant une haute fid\u00e9lit\u00e9, une perception spatiale sur une large zone avec une durabilit\u00e9 in\u00e9gal\u00e9e et un encombrement minimal.<\/p>\n<\/div>","protected":false},"excerpt":{"rendered":"<p><span class=\"citation-187 citation-end-187\">L&#039;Ouster OSDome-128 Rev7 est un capteur LiDAR num\u00e9rique de pointe con\u00e7u pour une perception spatiale compl\u00e8te et haute r\u00e9solution, excellant particuli\u00e8rement dans les applications \u00e0 courte et moyenne port\u00e9e.<\/span> <span class=\"citation-186\">Une partie de la famille REV7 avanc\u00e9e d&#039;Ouster aliment\u00e9e par le syst\u00e8me propri\u00e9taire <\/span><b><span class=\"citation-186\">Puce L3<\/span><\/b><span class=\"citation-186 citation-end-186\">, l&#039;OSDome-128 est con\u00e7u pour \u00e9liminer les angles morts et fournir une couverture h\u00e9misph\u00e9rique compl\u00e8te.<\/span><\/p>","protected":false},"featured_media":21963,"comment_status":"open","ping_status":"closed","template":"","meta":[],"product_brand":[1140],"product_cat":[1139,1037,1040],"product_tag":[1142,1141],"class_list":{"0":"post-21968","1":"product","2":"type-product","3":"status-publish","4":"has-post-thumbnail","6":"product_brand-ouster","7":"product_cat-ouster-lidars","8":"product_cat-robotics","9":"product_cat-sensors-robotics","10":"product_tag-ouster-dome-lidar","11":"product_tag-ouster-lidars","13":"first","14":"onbackorder","15":"taxable","16":"shipping-taxable","17":"purchasable","18":"product-type-simple"},"yoast_head":"<!-- This site is optimized with the Yoast SEO plugin v27.1.1 - https:\/\/yoast.com\/product\/yoast-seo-wordpress\/ -->\n<title>Ouster OSDome-128 Rev7 - Ghostysky<\/title>\n<meta name=\"description\" content=\"The Ouster OSDome-128 Rev7 is a cutting-edge digital LiDAR sensor engineered for comprehensive, high-resolution spatial perception, particularly excelling in short to medium-range applications. Part of Ouster&#039;s advanced REV7 family powered by the proprietary L3 chip, the OSDome-128 is designed to eliminate blind spots and provide full hemispherical coverage.\" \/>\n<meta name=\"robots\" content=\"index, follow, max-snippet:-1, max-image-preview:large, max-video-preview:-1\" \/>\n<link rel=\"canonical\" href=\"https:\/\/www.ghostysky.com\/fr\/product\/ouster-osdome-128-rev7\/\" \/>\n<meta property=\"og:locale\" content=\"fr_FR\" \/>\n<meta property=\"og:type\" content=\"article\" \/>\n<meta property=\"og:title\" content=\"Ouster OSDome-128 Rev7 - Ghostysky\" \/>\n<meta property=\"og:description\" content=\"The Ouster OSDome-128 Rev7 is a cutting-edge digital LiDAR sensor engineered for comprehensive, high-resolution spatial perception, particularly excelling in short to medium-range applications. Part of Ouster&#039;s advanced REV7 family powered by the proprietary L3 chip, the OSDome-128 is designed to eliminate blind spots and provide full hemispherical coverage.\" \/>\n<meta property=\"og:url\" content=\"https:\/\/www.ghostysky.com\/fr\/product\/ouster-osdome-128-rev7\/\" \/>\n<meta property=\"og:site_name\" content=\"Ghostysky\" \/>\n<meta property=\"article:publisher\" content=\"https:\/\/www.facebook.com\/people\/Ghostysky\/100057676170234\/\" \/>\n<meta property=\"article:modified_time\" content=\"2025-10-19T09:11:58+00:00\" \/>\n<meta property=\"og:image\" content=\"https:\/\/www.ghostysky.com\/wp-content\/uploads\/2025\/10\/GH_Ouster-osdome-lidar-rev-7_1.webp\" \/>\n\t<meta property=\"og:image:width\" content=\"550\" \/>\n\t<meta property=\"og:image:height\" content=\"550\" \/>\n\t<meta property=\"og:image:type\" content=\"image\/webp\" \/>\n<meta name=\"twitter:card\" content=\"summary_large_image\" \/>\n<meta name=\"twitter:site\" content=\"@Gh0stysky\" \/>\n<meta name=\"twitter:label1\" content=\"Dur\u00e9e de lecture estim\u00e9e\" \/>\n\t<meta name=\"twitter:data1\" content=\"2 minutes\" \/>\n<script type=\"application\/ld+json\" class=\"yoast-schema-graph\">{\"@context\":\"https:\/\/schema.org\",\"@graph\":[{\"@type\":\"WebPage\",\"@id\":\"https:\/\/www.ghostysky.com\/product\/ouster-osdome-128-rev7\/\",\"url\":\"https:\/\/www.ghostysky.com\/product\/ouster-osdome-128-rev7\/\",\"name\":\"Ouster OSDome-128 Rev7 - Ghostysky\",\"isPartOf\":{\"@id\":\"https:\/\/www.ghostysky.com\/#website\"},\"primaryImageOfPage\":{\"@id\":\"https:\/\/www.ghostysky.com\/product\/ouster-osdome-128-rev7\/#primaryimage\"},\"image\":{\"@id\":\"https:\/\/www.ghostysky.com\/product\/ouster-osdome-128-rev7\/#primaryimage\"},\"thumbnailUrl\":\"https:\/\/www.ghostysky.com\/wp-content\/uploads\/2025\/10\/GH_Ouster-osdome-lidar-rev-7_1.webp\",\"datePublished\":\"2025-10-19T09:08:14+00:00\",\"dateModified\":\"2025-10-19T09:11:58+00:00\",\"description\":\"The Ouster OSDome-128 Rev7 is a cutting-edge digital LiDAR sensor engineered for comprehensive, high-resolution spatial perception, particularly excelling in short to medium-range applications. Part of Ouster's advanced REV7 family powered by the proprietary L3 chip, the OSDome-128 is designed to eliminate blind spots and provide full hemispherical coverage.\",\"breadcrumb\":{\"@id\":\"https:\/\/www.ghostysky.com\/product\/ouster-osdome-128-rev7\/#breadcrumb\"},\"inLanguage\":\"fr-FR\",\"potentialAction\":[{\"@type\":\"ReadAction\",\"target\":[\"https:\/\/www.ghostysky.com\/product\/ouster-osdome-128-rev7\/\"]}]},{\"@type\":\"ImageObject\",\"inLanguage\":\"fr-FR\",\"@id\":\"https:\/\/www.ghostysky.com\/product\/ouster-osdome-128-rev7\/#primaryimage\",\"url\":\"https:\/\/www.ghostysky.com\/wp-content\/uploads\/2025\/10\/GH_Ouster-osdome-lidar-rev-7_1.webp\",\"contentUrl\":\"https:\/\/www.ghostysky.com\/wp-content\/uploads\/2025\/10\/GH_Ouster-osdome-lidar-rev-7_1.webp\",\"width\":550,\"height\":550},{\"@type\":\"BreadcrumbList\",\"@id\":\"https:\/\/www.ghostysky.com\/product\/ouster-osdome-128-rev7\/#breadcrumb\",\"itemListElement\":[{\"@type\":\"ListItem\",\"position\":1,\"name\":\"Home\",\"item\":\"https:\/\/www.ghostysky.com\/\"},{\"@type\":\"ListItem\",\"position\":2,\"name\":\"Shop\",\"item\":\"https:\/\/www.ghostysky.com\/shop\/\"},{\"@type\":\"ListItem\",\"position\":3,\"name\":\"Ouster OSDome-128 Rev7\"}]},{\"@type\":\"WebSite\",\"@id\":\"https:\/\/www.ghostysky.com\/#website\",\"url\":\"https:\/\/www.ghostysky.com\/\",\"name\":\"Ghostysky\",\"description\":\"Delivering professional drones and services\",\"publisher\":{\"@id\":\"https:\/\/www.ghostysky.com\/#organization\"},\"potentialAction\":[{\"@type\":\"SearchAction\",\"target\":{\"@type\":\"EntryPoint\",\"urlTemplate\":\"https:\/\/www.ghostysky.com\/?s={search_term_string}\"},\"query-input\":{\"@type\":\"PropertyValueSpecification\",\"valueRequired\":true,\"valueName\":\"search_term_string\"}}],\"inLanguage\":\"fr-FR\"},{\"@type\":\"Organization\",\"@id\":\"https:\/\/www.ghostysky.com\/#organization\",\"name\":\"Ghostysky\",\"url\":\"https:\/\/www.ghostysky.com\/\",\"logo\":{\"@type\":\"ImageObject\",\"inLanguage\":\"fr-FR\",\"@id\":\"https:\/\/www.ghostysky.com\/#\/schema\/logo\/image\/\",\"url\":\"https:\/\/www.ghostysky.com\/wp-content\/uploads\/2020\/06\/cropped-ghostyskylogo_text_white2.png\",\"contentUrl\":\"https:\/\/www.ghostysky.com\/wp-content\/uploads\/2020\/06\/cropped-ghostyskylogo_text_white2.png\",\"width\":169,\"height\":56,\"caption\":\"Ghostysky\"},\"image\":{\"@id\":\"https:\/\/www.ghostysky.com\/#\/schema\/logo\/image\/\"},\"sameAs\":[\"https:\/\/www.facebook.com\/people\/Ghostysky\/100057676170234\/\",\"https:\/\/x.com\/Gh0stysky\",\"https:\/\/www.linkedin.com\/company\/34739653\",\"https:\/\/www.instagram.com\/gh0stysky\"]}]}<\/script>\n<!-- \/ Yoast SEO plugin. -->","yoast_head_json":{"title":"Ouster OSDome-128 Rev7 - Ghostysky","description":"L&#039;Ouster OSDome-128 Rev7 est un capteur LiDAR num\u00e9rique de pointe con\u00e7u pour une perception spatiale compl\u00e8te et haute r\u00e9solution, particuli\u00e8rement performant dans les applications \u00e0 courte et moyenne port\u00e9e. Issu de la gamme REV7 avanc\u00e9e d&#039;Ouster et \u00e9quip\u00e9 de la puce propri\u00e9taire L3, l&#039;OSDome-128 est con\u00e7u pour \u00e9liminer les angles morts et offrir une couverture h\u00e9misph\u00e9rique compl\u00e8te.","robots":{"index":"index","follow":"follow","max-snippet":"max-snippet:-1","max-image-preview":"max-image-preview:large","max-video-preview":"max-video-preview:-1"},"canonical":"https:\/\/www.ghostysky.com\/fr\/product\/ouster-osdome-128-rev7\/","og_locale":"fr_FR","og_type":"article","og_title":"Ouster OSDome-128 Rev7 - Ghostysky","og_description":"The Ouster OSDome-128 Rev7 is a cutting-edge digital LiDAR sensor engineered for comprehensive, high-resolution spatial perception, particularly excelling in short to medium-range applications. Part of Ouster's advanced REV7 family powered by the proprietary L3 chip, the OSDome-128 is designed to eliminate blind spots and provide full hemispherical coverage.","og_url":"https:\/\/www.ghostysky.com\/fr\/product\/ouster-osdome-128-rev7\/","og_site_name":"Ghostysky","article_publisher":"https:\/\/www.facebook.com\/people\/Ghostysky\/100057676170234\/","article_modified_time":"2025-10-19T09:11:58+00:00","og_image":[{"width":550,"height":550,"url":"https:\/\/www.ghostysky.com\/wp-content\/uploads\/2025\/10\/GH_Ouster-osdome-lidar-rev-7_1.webp","type":"image\/webp"}],"twitter_card":"summary_large_image","twitter_site":"@Gh0stysky","twitter_misc":{"Dur\u00e9e de lecture estim\u00e9e":"2 minutes"},"schema":{"@context":"https:\/\/schema.org","@graph":[{"@type":"WebPage","@id":"https:\/\/www.ghostysky.com\/product\/ouster-osdome-128-rev7\/","url":"https:\/\/www.ghostysky.com\/product\/ouster-osdome-128-rev7\/","name":"Ouster OSDome-128 Rev7 - Ghostysky","isPartOf":{"@id":"https:\/\/www.ghostysky.com\/#website"},"primaryImageOfPage":{"@id":"https:\/\/www.ghostysky.com\/product\/ouster-osdome-128-rev7\/#primaryimage"},"image":{"@id":"https:\/\/www.ghostysky.com\/product\/ouster-osdome-128-rev7\/#primaryimage"},"thumbnailUrl":"https:\/\/www.ghostysky.com\/wp-content\/uploads\/2025\/10\/GH_Ouster-osdome-lidar-rev-7_1.webp","datePublished":"2025-10-19T09:08:14+00:00","dateModified":"2025-10-19T09:11:58+00:00","description":"L&#039;Ouster OSDome-128 Rev7 est un capteur LiDAR num\u00e9rique de pointe con\u00e7u pour une perception spatiale compl\u00e8te et haute r\u00e9solution, particuli\u00e8rement performant dans les applications \u00e0 courte et moyenne port\u00e9e. Issu de la gamme REV7 avanc\u00e9e d&#039;Ouster et \u00e9quip\u00e9 de la puce propri\u00e9taire L3, l&#039;OSDome-128 est con\u00e7u pour \u00e9liminer les angles morts et offrir une couverture h\u00e9misph\u00e9rique compl\u00e8te.","breadcrumb":{"@id":"https:\/\/www.ghostysky.com\/product\/ouster-osdome-128-rev7\/#breadcrumb"},"inLanguage":"fr-FR","potentialAction":[{"@type":"ReadAction","target":["https:\/\/www.ghostysky.com\/product\/ouster-osdome-128-rev7\/"]}]},{"@type":"ImageObject","inLanguage":"fr-FR","@id":"https:\/\/www.ghostysky.com\/product\/ouster-osdome-128-rev7\/#primaryimage","url":"https:\/\/www.ghostysky.com\/wp-content\/uploads\/2025\/10\/GH_Ouster-osdome-lidar-rev-7_1.webp","contentUrl":"https:\/\/www.ghostysky.com\/wp-content\/uploads\/2025\/10\/GH_Ouster-osdome-lidar-rev-7_1.webp","width":550,"height":550},{"@type":"BreadcrumbList","@id":"https:\/\/www.ghostysky.com\/product\/ouster-osdome-128-rev7\/#breadcrumb","itemListElement":[{"@type":"ListItem","position":1,"name":"Home","item":"https:\/\/www.ghostysky.com\/"},{"@type":"ListItem","position":2,"name":"Shop","item":"https:\/\/www.ghostysky.com\/shop\/"},{"@type":"ListItem","position":3,"name":"Ouster OSDome-128 Rev7"}]},{"@type":"WebSite","@id":"https:\/\/www.ghostysky.com\/#website","url":"https:\/\/www.ghostysky.com\/","name":"Ghostysky","description":"Livraison de drones et de services professionnels","publisher":{"@id":"https:\/\/www.ghostysky.com\/#organization"},"potentialAction":[{"@type":"SearchAction","target":{"@type":"EntryPoint","urlTemplate":"https:\/\/www.ghostysky.com\/?s={search_term_string}"},"query-input":{"@type":"PropertyValueSpecification","valueRequired":true,"valueName":"search_term_string"}}],"inLanguage":"fr-FR"},{"@type":"Organization","@id":"https:\/\/www.ghostysky.com\/#organization","name":"Ghostysky","url":"https:\/\/www.ghostysky.com\/","logo":{"@type":"ImageObject","inLanguage":"fr-FR","@id":"https:\/\/www.ghostysky.com\/#\/schema\/logo\/image\/","url":"https:\/\/www.ghostysky.com\/wp-content\/uploads\/2020\/06\/cropped-ghostyskylogo_text_white2.png","contentUrl":"https:\/\/www.ghostysky.com\/wp-content\/uploads\/2020\/06\/cropped-ghostyskylogo_text_white2.png","width":169,"height":56,"caption":"Ghostysky"},"image":{"@id":"https:\/\/www.ghostysky.com\/#\/schema\/logo\/image\/"},"sameAs":["https:\/\/www.facebook.com\/people\/Ghostysky\/100057676170234\/","https:\/\/x.com\/Gh0stysky","https:\/\/www.linkedin.com\/company\/34739653","https:\/\/www.instagram.com\/gh0stysky"]}]}},"_links":{"self":[{"href":"https:\/\/www.ghostysky.com\/fr\/wp-json\/wp\/v2\/product\/21968","targetHints":{"allow":["GET"]}}],"collection":[{"href":"https:\/\/www.ghostysky.com\/fr\/wp-json\/wp\/v2\/product"}],"about":[{"href":"https:\/\/www.ghostysky.com\/fr\/wp-json\/wp\/v2\/types\/product"}],"replies":[{"embeddable":true,"href":"https:\/\/www.ghostysky.com\/fr\/wp-json\/wp\/v2\/comments?post=21968"}],"wp:featuredmedia":[{"embeddable":true,"href":"https:\/\/www.ghostysky.com\/fr\/wp-json\/wp\/v2\/media\/21963"}],"wp:attachment":[{"href":"https:\/\/www.ghostysky.com\/fr\/wp-json\/wp\/v2\/media?parent=21968"}],"wp:term":[{"taxonomy":"product_brand","embeddable":true,"href":"https:\/\/www.ghostysky.com\/fr\/wp-json\/wp\/v2\/product_brand?post=21968"},{"taxonomy":"product_cat","embeddable":true,"href":"https:\/\/www.ghostysky.com\/fr\/wp-json\/wp\/v2\/product_cat?post=21968"},{"taxonomy":"product_tag","embeddable":true,"href":"https:\/\/www.ghostysky.com\/fr\/wp-json\/wp\/v2\/product_tag?post=21968"}],"curies":[{"name":"wp","href":"https:\/\/api.w.org\/{rel}","templated":true}]}}