{"id":21986,"date":"2025-10-19T09:26:36","date_gmt":"2025-10-19T09:26:36","guid":{"rendered":"https:\/\/www.ghostysky.com\/?post_type=product&#038;p=21986"},"modified":"2026-02-24T14:03:52","modified_gmt":"2026-02-24T14:03:52","slug":"ouster-os0-64-rev7","status":"publish","type":"product","link":"https:\/\/www.ghostysky.com\/fr\/product\/ouster-os0-64-rev7\/","title":{"rendered":"Ouster OS0-64 Rev7"},"content":{"rendered":"<div id=\"model-response-message-contentr_8cade3a3a392d67c\" class=\"markdown markdown-main-panel stronger enable-updated-hr-color\" dir=\"ltr\">\n<p><span class=\"citation-245\">C&#039;est un capteur id\u00e9al pour la perception en champ proche dans des cas d&#039;utilisation tels que <\/span><b><span class=\"citation-245\">v\u00e9hicules autonomes (VA), robotique, automatisation industrielle et infrastructures intelligentes<\/span><\/b><span class=\"citation-245 citation-end-245\">.<\/span><\/p>\n<div class=\"source-inline-chip-container ng-star-inserted\">\n<h4>Principales caract\u00e9ristiques et avantages<\/h4>\n<table>\n<thead>\n<tr>\n<td><strong>Fonctionnalit\u00e9<\/strong><\/td>\n<td><strong>Sp\u00e9cification \/ Avantage<\/strong><\/td>\n<\/tr>\n<\/thead>\n<tbody>\n<tr>\n<td><b>Champ de vision (FOV)<\/b><\/td>\n<td><b>Ultra-large vertical \u00e0 90\u00b0<\/b> (<span class=\"math-inline\" data-math=\"\\pm 45^\\circ\">\u00b145\u00ba<\/span>) et <b><span class=\"math-inline\" data-math=\"360^\\circ\">360\u00ba<\/span>\u00a0Horizontal<\/b> pour une perception sup\u00e9rieure du champ proche, permettant de voir du sol au plafond ou au-dessus d&#039;objets tels que des bordures et des palettes.<\/td>\n<\/tr>\n<tr>\n<td><b>R\u00e9solution verticale<\/b><\/td>\n<td><b>64 cha\u00eenes<\/b> (couches) pour des donn\u00e9es de nuages de points denses et \u00e0 haute r\u00e9solution.<\/td>\n<\/tr>\n<tr>\n<td><b>Gamme Performance<\/b><\/td>\n<td>Jusqu&#039;\u00e0 <b><span class=\"math-inline\" data-math=\"100\\text{ m}\">100 m<\/span><\/b> port\u00e9e maximale. Voit plus de <b><span class=\"math-inline\" data-math=\"35\\text{ m}\">35 m<\/span><\/b> sur une faible r\u00e9flectivit\u00e9 <b><span class=\"math-inline\" data-math=\"10\\%\">10% <\/span>cible<\/b> (une am\u00e9lioration significative par rapport \u00e0 Rev6).<\/td>\n<\/tr>\n<tr>\n<td><b>Pr\u00e9cision et exactitude<\/b><\/td>\n<td>Pr\u00e9cision am\u00e9lior\u00e9e, g\u00e9n\u00e9ralement comprise entre \u00b1<span class=\"math-inline\" data-math=\"\\pm 0.5\\text{ cm}\"> 0,5 cm<\/span> \u00e0 +-<span class=\"math-inline\" data-math=\"\\pm 5\\text{ cm}\"> 5 cm<\/span>.<\/td>\n<\/tr>\n<tr>\n<td><b>D\u00e9bit de donn\u00e9es<\/b><\/td>\n<td>Sorties jusqu&#039;\u00e0 <b><span class=\"math-inline\" data-math=\"2,621,440\">2,621,440<\/span>\u00a0points par seconde<\/b> (jusqu&#039;\u00e0 <span class=\"math-inline\" data-math=\"5.2\">5.2<\/span>\u00a0millions pour la famille OS0) avec des r\u00e9solutions horizontales configurables (512, 1024 ou 2048).<\/td>\n<\/tr>\n<tr>\n<td><b>Technologie Lidar<\/b><\/td>\n<td><b>Lidar num\u00e9rique<\/b> en utilisant la propri\u00e9t\u00e9 exclusive d&#039;Ouster <b>Puce L3<\/b> (avec r\u00e9tro\u00e9clairage) pour <b><span class=\"math-inline\" data-math=\"10\\times\">10x<\/span> augmentation de la sensibilit\u00e9 aux photons<\/b>, d\u00e9tection d&#039;objets am\u00e9lior\u00e9e et donn\u00e9es claires en plein soleil.<\/td>\n<\/tr>\n<tr>\n<td><b>Durabilit\u00e9<\/b><\/td>\n<td><b>Compact et robuste<\/b> concevoir avec <b>IP68\/IP69K<\/b> protection contre les intrusions et r\u00e9sistance accrue aux chocs et aux vibrations, construit avec environ <span class=\"math-inline\" data-math=\"95\\%\">95%<\/span>\u00a0composants de qualit\u00e9 automobile. Plage de temp\u00e9rature de fonctionnement de <b><span class=\"math-inline\" data-math=\"-40^\\circ \\text{C}\">-40\u00b0C<\/span> \u00e0 <span class=\"math-inline\" data-math=\"+70^\\circ \\text{C}\">+70\u00baC<\/span><\/b>.<\/td>\n<\/tr>\n<tr>\n<td><b>Connectivit\u00e9<\/b><\/td>\n<td>Soutient <b>Gigabit Ethernet (GigE)<\/b> et l&#039;option pour <b>Ethernet automobile 1000BASE-T1<\/b> pour une int\u00e9gration transparente du syst\u00e8me.<\/td>\n<\/tr>\n<tr>\n<td><b>Donn\u00e9es suppl\u00e9mentaires<\/b><\/td>\n<td>Fournit <b>mode de retour double<\/b> pour une classification am\u00e9lior\u00e9e des objets, <b>r\u00e9flectivit\u00e9 calibr\u00e9e<\/b>, et <b>proche infrarouge de qualit\u00e9 cam\u00e9ra<\/b> et les donn\u00e9es de signal.<\/td>\n<\/tr>\n<\/tbody>\n<\/table>\n<\/div>\n<\/div>\n<h4>Applications<\/h4>\n<p><span class=\"citation-244 citation-end-244\">Le champ de vision ultra-large et la pr\u00e9cision \u00e0 courte port\u00e9e de l&#039;OS0-64 Rev7 le rendent particuli\u00e8rement puissant pour les applications o\u00f9 les d\u00e9tails \u00e0 courte port\u00e9e et la large couverture verticale sont essentiels\u00a0:<\/span><\/p>\n<ul>\n<li><b><span class=\"citation-243\">Robots mobiles autonomes (AMR) et logistique :<\/span><\/b><span class=\"citation-243 citation-end-243\"> Couverture du sol au plafond dans les entrep\u00f4ts, navigation et \u00e9vitement d&#039;obstacles dans les espaces int\u00e9rieurs\/ext\u00e9rieurs encombr\u00e9s.<\/span><\/li>\n<li><b>V\u00e9hicules autonomes et ADAS :<\/b><span class=\"citation-242 citation-end-242\"> Perception proche du v\u00e9hicule pour les man\u0153uvres \u00e0 basse vitesse, l&#039;aide au stationnement et l&#039;identification des petits obstacles bas ou a\u00e9riens.<\/span><\/li>\n<li><b><span class=\"citation-241\">Automatisation industrielle :<\/span><\/b><span class=\"citation-241 citation-end-241\"> Guidage, s\u00e9curit\u00e9 et surveillance des machines dans des environnements d&#039;usine ou ext\u00e9rieurs exigeants.<\/span><\/li>\n<li><b>Cartographie et topographie :<\/b><span class=\"citation-240 citation-end-240\"> G\u00e9n\u00e9rer des cartes 3D denses et pr\u00e9cises des environnements locaux.<\/span><\/li>\n<\/ul>","protected":false},"excerpt":{"rendered":"<p><span class=\"citation-247\">Le <\/span><b><span class=\"citation-247\">Ouster OS0-64 Rev7<\/span><\/b><span class=\"citation-247\"> est un compact, hautes performances <\/span><b><span class=\"citation-247\">capteur lidar num\u00e9rique<\/span><\/b><span class=\"citation-247\"> sp\u00e9cialement con\u00e7u pour les applications n\u00e9cessitant <\/span><b><span class=\"citation-247\">champ de vision ultra-large<\/span><\/b><span class=\"citation-247 citation-end-247\"> perception et pr\u00e9cision \u00e0 courte et moyenne port\u00e9e.<\/span> <span class=\"citation-246\">Propuls\u00e9 par la technologie avanc\u00e9e d&#039;Ouster <\/span><b><span class=\"citation-246\">Puce lidar num\u00e9rique L3<\/span><\/b><span class=\"citation-246 citation-end-246\">, l&#039;OS0-64 Rev7 offre un bond en avant significatif en termes de performances, de fiabilit\u00e9 et de qualit\u00e9 des donn\u00e9es par rapport aux g\u00e9n\u00e9rations pr\u00e9c\u00e9dentes.<\/span><\/p>","protected":false},"featured_media":21979,"comment_status":"open","ping_status":"closed","template":"","meta":[],"product_brand":[1140],"product_cat":[1139,1037,1040],"product_tag":[1142,1141],"class_list":{"0":"post-21986","1":"product","2":"type-product","3":"status-publish","4":"has-post-thumbnail","6":"product_brand-ouster","7":"product_cat-ouster-lidars","8":"product_cat-robotics","9":"product_cat-sensors-robotics","10":"product_tag-ouster-dome-lidar","11":"product_tag-ouster-lidars","13":"first","14":"onbackorder","15":"taxable","16":"shipping-taxable","17":"purchasable","18":"product-type-simple"},"yoast_head":"<!-- This site is optimized with the Yoast SEO plugin v27.1.1 - https:\/\/yoast.com\/product\/yoast-seo-wordpress\/ -->\n<title>Ouster OS0-64 Rev7 - Ghostysky<\/title>\n<meta name=\"description\" content=\"The Ouster OS0-64 Rev7 is a compact, high-performance digital lidar sensor specifically engineered for applications requiring ultra-wide field-of-view perception and short to mid-range accuracy. Powered by Ouster&#039;s advanced L3 digital lidar chip, the OS0-64 Rev7 delivers a significant leap in performance, reliability, and data quality compared to previous generations.\" \/>\n<meta name=\"robots\" content=\"index, follow, max-snippet:-1, max-image-preview:large, max-video-preview:-1\" \/>\n<link rel=\"canonical\" href=\"https:\/\/www.ghostysky.com\/fr\/product\/ouster-os0-64-rev7\/\" \/>\n<meta property=\"og:locale\" content=\"fr_FR\" \/>\n<meta property=\"og:type\" content=\"article\" \/>\n<meta property=\"og:title\" content=\"Ouster OS0-64 Rev7 - Ghostysky\" \/>\n<meta property=\"og:description\" content=\"The Ouster OS0-64 Rev7 is a compact, high-performance digital lidar sensor specifically engineered for applications requiring ultra-wide field-of-view perception and short to mid-range accuracy. Powered by Ouster&#039;s advanced L3 digital lidar chip, the OS0-64 Rev7 delivers a significant leap in performance, reliability, and data quality compared to previous generations.\" \/>\n<meta property=\"og:url\" content=\"https:\/\/www.ghostysky.com\/fr\/product\/ouster-os0-64-rev7\/\" \/>\n<meta property=\"og:site_name\" content=\"Ghostysky\" \/>\n<meta property=\"article:publisher\" content=\"https:\/\/www.facebook.com\/people\/Ghostysky\/100057676170234\/\" \/>\n<meta property=\"article:modified_time\" content=\"2026-02-24T14:03:52+00:00\" \/>\n<meta property=\"og:image\" content=\"https:\/\/www.ghostysky.com\/wp-content\/uploads\/2025\/10\/GH_Ouster-Ouster-OS0-32-Rev7_1.png\" \/>\n\t<meta property=\"og:image:width\" content=\"800\" \/>\n\t<meta property=\"og:image:height\" content=\"800\" \/>\n\t<meta property=\"og:image:type\" content=\"image\/png\" \/>\n<meta name=\"twitter:card\" content=\"summary_large_image\" \/>\n<meta name=\"twitter:site\" content=\"@Gh0stysky\" \/>\n<meta name=\"twitter:label1\" content=\"Dur\u00e9e de lecture estim\u00e9e\" \/>\n\t<meta name=\"twitter:data1\" content=\"2 minutes\" \/>\n<script type=\"application\/ld+json\" class=\"yoast-schema-graph\">{\"@context\":\"https:\/\/schema.org\",\"@graph\":[{\"@type\":\"WebPage\",\"@id\":\"https:\/\/www.ghostysky.com\/product\/ouster-os0-64-rev7\/\",\"url\":\"https:\/\/www.ghostysky.com\/product\/ouster-os0-64-rev7\/\",\"name\":\"Ouster OS0-64 Rev7 - Ghostysky\",\"isPartOf\":{\"@id\":\"https:\/\/www.ghostysky.com\/#website\"},\"primaryImageOfPage\":{\"@id\":\"https:\/\/www.ghostysky.com\/product\/ouster-os0-64-rev7\/#primaryimage\"},\"image\":{\"@id\":\"https:\/\/www.ghostysky.com\/product\/ouster-os0-64-rev7\/#primaryimage\"},\"thumbnailUrl\":\"https:\/\/www.ghostysky.com\/wp-content\/uploads\/2025\/10\/GH_Ouster-Ouster-OS0-32-Rev7_1.png\",\"datePublished\":\"2025-10-19T09:26:36+00:00\",\"dateModified\":\"2026-02-24T14:03:52+00:00\",\"description\":\"The Ouster OS0-64 Rev7 is a compact, high-performance digital lidar sensor specifically engineered for applications requiring ultra-wide field-of-view perception and short to mid-range accuracy. Powered by Ouster's advanced L3 digital lidar chip, the OS0-64 Rev7 delivers a significant leap in performance, reliability, and data quality compared to previous generations.\",\"breadcrumb\":{\"@id\":\"https:\/\/www.ghostysky.com\/product\/ouster-os0-64-rev7\/#breadcrumb\"},\"inLanguage\":\"fr-FR\",\"potentialAction\":[{\"@type\":\"ReadAction\",\"target\":[\"https:\/\/www.ghostysky.com\/product\/ouster-os0-64-rev7\/\"]}]},{\"@type\":\"ImageObject\",\"inLanguage\":\"fr-FR\",\"@id\":\"https:\/\/www.ghostysky.com\/product\/ouster-os0-64-rev7\/#primaryimage\",\"url\":\"https:\/\/www.ghostysky.com\/wp-content\/uploads\/2025\/10\/GH_Ouster-Ouster-OS0-32-Rev7_1.png\",\"contentUrl\":\"https:\/\/www.ghostysky.com\/wp-content\/uploads\/2025\/10\/GH_Ouster-Ouster-OS0-32-Rev7_1.png\",\"width\":800,\"height\":800},{\"@type\":\"BreadcrumbList\",\"@id\":\"https:\/\/www.ghostysky.com\/product\/ouster-os0-64-rev7\/#breadcrumb\",\"itemListElement\":[{\"@type\":\"ListItem\",\"position\":1,\"name\":\"Home\",\"item\":\"https:\/\/www.ghostysky.com\/\"},{\"@type\":\"ListItem\",\"position\":2,\"name\":\"Shop\",\"item\":\"https:\/\/www.ghostysky.com\/shop\/\"},{\"@type\":\"ListItem\",\"position\":3,\"name\":\"Ouster OS0-64 Rev7\"}]},{\"@type\":\"WebSite\",\"@id\":\"https:\/\/www.ghostysky.com\/#website\",\"url\":\"https:\/\/www.ghostysky.com\/\",\"name\":\"Ghostysky\",\"description\":\"Delivering professional drones and services\",\"publisher\":{\"@id\":\"https:\/\/www.ghostysky.com\/#organization\"},\"potentialAction\":[{\"@type\":\"SearchAction\",\"target\":{\"@type\":\"EntryPoint\",\"urlTemplate\":\"https:\/\/www.ghostysky.com\/?s={search_term_string}\"},\"query-input\":{\"@type\":\"PropertyValueSpecification\",\"valueRequired\":true,\"valueName\":\"search_term_string\"}}],\"inLanguage\":\"fr-FR\"},{\"@type\":\"Organization\",\"@id\":\"https:\/\/www.ghostysky.com\/#organization\",\"name\":\"Ghostysky\",\"url\":\"https:\/\/www.ghostysky.com\/\",\"logo\":{\"@type\":\"ImageObject\",\"inLanguage\":\"fr-FR\",\"@id\":\"https:\/\/www.ghostysky.com\/#\/schema\/logo\/image\/\",\"url\":\"https:\/\/www.ghostysky.com\/wp-content\/uploads\/2020\/06\/cropped-ghostyskylogo_text_white2.png\",\"contentUrl\":\"https:\/\/www.ghostysky.com\/wp-content\/uploads\/2020\/06\/cropped-ghostyskylogo_text_white2.png\",\"width\":169,\"height\":56,\"caption\":\"Ghostysky\"},\"image\":{\"@id\":\"https:\/\/www.ghostysky.com\/#\/schema\/logo\/image\/\"},\"sameAs\":[\"https:\/\/www.facebook.com\/people\/Ghostysky\/100057676170234\/\",\"https:\/\/x.com\/Gh0stysky\",\"https:\/\/www.linkedin.com\/company\/34739653\",\"https:\/\/www.instagram.com\/gh0stysky\"]}]}<\/script>\n<!-- \/ Yoast SEO plugin. -->","yoast_head_json":{"title":"Ouster OS0-64 Rev7 - Ghostysky","description":"L&#039;Ouster OS0-64 Rev7 est un capteur lidar num\u00e9rique compact et hautes performances, sp\u00e9cialement con\u00e7u pour les applications exigeant un champ de vision ultra-large et une pr\u00e9cision \u00e0 courte et moyenne port\u00e9e. \u00c9quip\u00e9 de la puce lidar num\u00e9rique L3 avanc\u00e9e d&#039;Ouster, l&#039;OS0-64 Rev7 offre un gain significatif en termes de performances, de fiabilit\u00e9 et de qualit\u00e9 des donn\u00e9es par rapport aux g\u00e9n\u00e9rations pr\u00e9c\u00e9dentes.","robots":{"index":"index","follow":"follow","max-snippet":"max-snippet:-1","max-image-preview":"max-image-preview:large","max-video-preview":"max-video-preview:-1"},"canonical":"https:\/\/www.ghostysky.com\/fr\/product\/ouster-os0-64-rev7\/","og_locale":"fr_FR","og_type":"article","og_title":"Ouster OS0-64 Rev7 - Ghostysky","og_description":"The Ouster OS0-64 Rev7 is a compact, high-performance digital lidar sensor specifically engineered for applications requiring ultra-wide field-of-view perception and short to mid-range accuracy. Powered by Ouster's advanced L3 digital lidar chip, the OS0-64 Rev7 delivers a significant leap in performance, reliability, and data quality compared to previous generations.","og_url":"https:\/\/www.ghostysky.com\/fr\/product\/ouster-os0-64-rev7\/","og_site_name":"Ghostysky","article_publisher":"https:\/\/www.facebook.com\/people\/Ghostysky\/100057676170234\/","article_modified_time":"2026-02-24T14:03:52+00:00","og_image":[{"width":800,"height":800,"url":"https:\/\/www.ghostysky.com\/wp-content\/uploads\/2025\/10\/GH_Ouster-Ouster-OS0-32-Rev7_1.png","type":"image\/png"}],"twitter_card":"summary_large_image","twitter_site":"@Gh0stysky","twitter_misc":{"Dur\u00e9e de lecture estim\u00e9e":"2 minutes"},"schema":{"@context":"https:\/\/schema.org","@graph":[{"@type":"WebPage","@id":"https:\/\/www.ghostysky.com\/product\/ouster-os0-64-rev7\/","url":"https:\/\/www.ghostysky.com\/product\/ouster-os0-64-rev7\/","name":"Ouster OS0-64 Rev7 - Ghostysky","isPartOf":{"@id":"https:\/\/www.ghostysky.com\/#website"},"primaryImageOfPage":{"@id":"https:\/\/www.ghostysky.com\/product\/ouster-os0-64-rev7\/#primaryimage"},"image":{"@id":"https:\/\/www.ghostysky.com\/product\/ouster-os0-64-rev7\/#primaryimage"},"thumbnailUrl":"https:\/\/www.ghostysky.com\/wp-content\/uploads\/2025\/10\/GH_Ouster-Ouster-OS0-32-Rev7_1.png","datePublished":"2025-10-19T09:26:36+00:00","dateModified":"2026-02-24T14:03:52+00:00","description":"L&#039;Ouster OS0-64 Rev7 est un capteur lidar num\u00e9rique compact et hautes performances, sp\u00e9cialement con\u00e7u pour les applications exigeant un champ de vision ultra-large et une pr\u00e9cision \u00e0 courte et moyenne port\u00e9e. \u00c9quip\u00e9 de la puce lidar num\u00e9rique L3 avanc\u00e9e d&#039;Ouster, l&#039;OS0-64 Rev7 offre un gain significatif en termes de performances, de fiabilit\u00e9 et de qualit\u00e9 des donn\u00e9es par rapport aux g\u00e9n\u00e9rations pr\u00e9c\u00e9dentes.","breadcrumb":{"@id":"https:\/\/www.ghostysky.com\/product\/ouster-os0-64-rev7\/#breadcrumb"},"inLanguage":"fr-FR","potentialAction":[{"@type":"ReadAction","target":["https:\/\/www.ghostysky.com\/product\/ouster-os0-64-rev7\/"]}]},{"@type":"ImageObject","inLanguage":"fr-FR","@id":"https:\/\/www.ghostysky.com\/product\/ouster-os0-64-rev7\/#primaryimage","url":"https:\/\/www.ghostysky.com\/wp-content\/uploads\/2025\/10\/GH_Ouster-Ouster-OS0-32-Rev7_1.png","contentUrl":"https:\/\/www.ghostysky.com\/wp-content\/uploads\/2025\/10\/GH_Ouster-Ouster-OS0-32-Rev7_1.png","width":800,"height":800},{"@type":"BreadcrumbList","@id":"https:\/\/www.ghostysky.com\/product\/ouster-os0-64-rev7\/#breadcrumb","itemListElement":[{"@type":"ListItem","position":1,"name":"Home","item":"https:\/\/www.ghostysky.com\/"},{"@type":"ListItem","position":2,"name":"Shop","item":"https:\/\/www.ghostysky.com\/shop\/"},{"@type":"ListItem","position":3,"name":"Ouster OS0-64 Rev7"}]},{"@type":"WebSite","@id":"https:\/\/www.ghostysky.com\/#website","url":"https:\/\/www.ghostysky.com\/","name":"Ghostysky","description":"Livraison de drones et de services professionnels","publisher":{"@id":"https:\/\/www.ghostysky.com\/#organization"},"potentialAction":[{"@type":"SearchAction","target":{"@type":"EntryPoint","urlTemplate":"https:\/\/www.ghostysky.com\/?s={search_term_string}"},"query-input":{"@type":"PropertyValueSpecification","valueRequired":true,"valueName":"search_term_string"}}],"inLanguage":"fr-FR"},{"@type":"Organization","@id":"https:\/\/www.ghostysky.com\/#organization","name":"Ghostysky","url":"https:\/\/www.ghostysky.com\/","logo":{"@type":"ImageObject","inLanguage":"fr-FR","@id":"https:\/\/www.ghostysky.com\/#\/schema\/logo\/image\/","url":"https:\/\/www.ghostysky.com\/wp-content\/uploads\/2020\/06\/cropped-ghostyskylogo_text_white2.png","contentUrl":"https:\/\/www.ghostysky.com\/wp-content\/uploads\/2020\/06\/cropped-ghostyskylogo_text_white2.png","width":169,"height":56,"caption":"Ghostysky"},"image":{"@id":"https:\/\/www.ghostysky.com\/#\/schema\/logo\/image\/"},"sameAs":["https:\/\/www.facebook.com\/people\/Ghostysky\/100057676170234\/","https:\/\/x.com\/Gh0stysky","https:\/\/www.linkedin.com\/company\/34739653","https:\/\/www.instagram.com\/gh0stysky"]}]}},"_links":{"self":[{"href":"https:\/\/www.ghostysky.com\/fr\/wp-json\/wp\/v2\/product\/21986","targetHints":{"allow":["GET"]}}],"collection":[{"href":"https:\/\/www.ghostysky.com\/fr\/wp-json\/wp\/v2\/product"}],"about":[{"href":"https:\/\/www.ghostysky.com\/fr\/wp-json\/wp\/v2\/types\/product"}],"replies":[{"embeddable":true,"href":"https:\/\/www.ghostysky.com\/fr\/wp-json\/wp\/v2\/comments?post=21986"}],"wp:featuredmedia":[{"embeddable":true,"href":"https:\/\/www.ghostysky.com\/fr\/wp-json\/wp\/v2\/media\/21979"}],"wp:attachment":[{"href":"https:\/\/www.ghostysky.com\/fr\/wp-json\/wp\/v2\/media?parent=21986"}],"wp:term":[{"taxonomy":"product_brand","embeddable":true,"href":"https:\/\/www.ghostysky.com\/fr\/wp-json\/wp\/v2\/product_brand?post=21986"},{"taxonomy":"product_cat","embeddable":true,"href":"https:\/\/www.ghostysky.com\/fr\/wp-json\/wp\/v2\/product_cat?post=21986"},{"taxonomy":"product_tag","embeddable":true,"href":"https:\/\/www.ghostysky.com\/fr\/wp-json\/wp\/v2\/product_tag?post=21986"}],"curies":[{"name":"wp","href":"https:\/\/api.w.org\/{rel}","templated":true}]}}