{"id":21998,"date":"2025-10-19T09:54:44","date_gmt":"2025-10-19T09:54:44","guid":{"rendered":"https:\/\/www.ghostysky.com\/?post_type=product&#038;p=21998"},"modified":"2025-10-19T09:57:25","modified_gmt":"2025-10-19T09:57:25","slug":"ouster-os1-32-rev7","status":"publish","type":"product","link":"https:\/\/www.ghostysky.com\/fr\/product\/ouster-os1-32-rev7\/","title":{"rendered":"Ouster OS1-32 Rev7"},"content":{"rendered":"<div id=\"model-response-message-contentr_8cade3a3a392d67c\" class=\"markdown markdown-main-panel stronger enable-updated-hr-color\" dir=\"ltr\">\n<div id=\"model-response-message-contentr_13f1f7e95ab2a8ec\" class=\"markdown markdown-main-panel stronger enable-updated-hr-color\" dir=\"ltr\">\n<h3><b>Principales caract\u00e9ristiques et sp\u00e9cifications de l&#039;OS1-32 Rev7<\/b><\/h3>\n<ul>\n<li><b><span class=\"citation-315\">Puce Lidar num\u00e9rique L3 :<\/span><\/b><span class=\"citation-315 citation-end-315\"> La g\u00e9n\u00e9ration Rev7 est aliment\u00e9e par la puce L3, qui offre des am\u00e9liorations de performances significatives, notamment une <\/span><b><span class=\"math-inline\" data-math=\"10\\times\"><span class=\"katex\"><span class=\"katex-html\" aria-hidden=\"true\"><span class=\"base\"><span class=\"mord\">10<\/span><span class=\"mord\">\u00d7<\/span><\/span><\/span><\/span><\/span><span class=\"citation-314\"> augmentation de la sensibilit\u00e9 aux photons<\/span><\/b><span class=\"citation-314 citation-end-314\"> et un <\/span><b><span class=\"math-inline\" data-math=\"2\\times\"><span class=\"katex\"><span class=\"katex-html\" aria-hidden=\"true\"><span class=\"base\"><span class=\"mord\">2<\/span><span class=\"mord\">\u00d7<\/span><\/span><\/span><\/span><\/span><span class=\"citation-313\"> augmentation de la port\u00e9e<\/span><\/b><span class=\"citation-313 citation-end-313\"> par rapport \u00e0 la g\u00e9n\u00e9ration pr\u00e9c\u00e9dente.<\/span><\/li>\n<li><b>Performances de milieu de gamme :<\/b>\n<ul>\n<li><b>Gamme:<\/b><span class=\"citation-312\"> Jusqu&#039;\u00e0 <\/span><b><span class=\"citation-312\">90 m\u00e8tres<\/span><\/b><span class=\"citation-312 citation-end-312\"> sur une cible \u00e0 faible r\u00e9flectivit\u00e9 (10% Lambertian) et jusqu&#039;\u00e0 <\/span><b><span class=\"math-inline\" data-math=\"170\"><span class=\"katex\"><span class=\"katex-html\" aria-hidden=\"true\"><span class=\"base\"><span class=\"mord\">170<\/span><\/span><\/span><\/span><\/span><span class=\"citation-311\"> m\u00e8tres<\/span><\/b><span class=\"citation-311 citation-end-311\"> port\u00e9e sur une cible hautement r\u00e9fl\u00e9chissante (80% Lambertian).<\/span><\/li>\n<li><b>Port\u00e9e maximale :<\/b><span class=\"citation-310 citation-end-310\"> Sur <\/span><b><span class=\"math-inline\" data-math=\"200\"><span class=\"katex\"><span class=\"katex-html\" aria-hidden=\"true\"><span class=\"base\"><span class=\"mord\">200<\/span><\/span><\/span><\/span><\/span><span class=\"citation-309\"> m\u00e8tres<\/span><\/b><span class=\"citation-309 citation-end-309\">.<\/span><\/li>\n<li><b>Pr\u00e9cision:<\/b> Pr\u00e9cision am\u00e9lior\u00e9e avec une plage typique de <b><span class=\"math-inline\" data-math=\"\\pm0.5 \\text{ cm}\"><span class=\"katex\"><span class=\"katex-html\" aria-hidden=\"true\"><span class=\"base\"><span class=\"mord\">\u00b1<\/span><span class=\"mord\">0.5<\/span><span class=\"mord text\"><span class=\"mord\">\u00a0cm<\/span><\/span><\/span><\/span><\/span><\/span> \u00e0 <span class=\"math-inline\" data-math=\"\\pm10 \\text{ cm}\"><span class=\"katex\"><span class=\"katex-html\" aria-hidden=\"true\"><span class=\"base\"><span class=\"mord\">\u00b1<\/span><span class=\"mord\">10<\/span><span class=\"mord text\"><span class=\"mord\">\u00a0cm<\/span><\/span><\/span><\/span><\/span><\/span><\/b>.<\/li>\n<\/ul>\n<\/li>\n<li><b>Haute r\u00e9solution:<\/b>\n<ul>\n<li><b><span class=\"citation-308\">R\u00e9solution verticale:<\/span><\/b> <b><span class=\"citation-308\">32 cha\u00eenes<\/span><\/b><span class=\"citation-308 citation-end-308\"> de r\u00e9solution verticale.<\/span><\/li>\n<li><b><span class=\"citation-307\">R\u00e9solution horizontale:<\/span><\/b><span class=\"citation-307 citation-end-307\"> Configurable \u00e0 512, 1024 ou 2048.<\/span><\/li>\n<li><b>Points par seconde (max)\u00a0:<\/b><span class=\"citation-306 citation-end-306\"> Jusqu&#039;\u00e0 <\/span><b><span class=\"math-inline\" data-math=\"1,310,720\"><span class=\"katex\"><span class=\"katex-html\" aria-hidden=\"true\"><span class=\"base\"><span class=\"mord\">1<\/span><span class=\"mpunct\">,<\/span><span class=\"mord\">310<\/span><span class=\"mpunct\">,<\/span><span class=\"mord\">720<\/span><\/span><\/span><\/span><\/span><\/b><span class=\"citation-305 citation-end-305\"> points par seconde.<\/span><\/li>\n<\/ul>\n<\/li>\n<li><b>Large champ de vision :<\/b>\n<ul>\n<li><b><span class=\"citation-304\">Horizontal:<\/span><\/b> <span class=\"math-inline\" data-math=\"360^{\\circ}\"><span class=\"katex\"><span class=\"katex-html\" aria-hidden=\"true\"><span class=\"base\"><span class=\"mord\">36<\/span><span class=\"mord\">0<span class=\"msupsub\"><span class=\"vlist-t\"><span class=\"vlist-r\"><span class=\"vlist\"><span class=\"\"><span class=\"sizing reset-size6 size3 mtight\"><span class=\"mord mtight\">\u2218<\/span><\/span><\/span><\/span><\/span><\/span><\/span><\/span><\/span><\/span><\/span><\/span><span class=\"citation-303 citation-end-303\"> (Balayage rotationnel complet).<\/span><\/li>\n<li><b>Verticale:<\/b> <span class=\"math-inline\" data-math=\"\\approx 42.4^{\\circ}\"><span class=\"katex\"><span class=\"katex-html\" aria-hidden=\"true\"><span class=\"base\"><span class=\"mrel\">\u2248<\/span><\/span><span class=\"base\"><span class=\"mord\">42.<\/span><span class=\"mord\">4<span class=\"msupsub\"><span class=\"vlist-t\"><span class=\"vlist-r\"><span class=\"vlist\"><span class=\"\"><span class=\"sizing reset-size6 size3 mtight\"><span class=\"mord mtight\">\u2218<\/span><\/span><\/span><\/span><\/span><\/span><\/span><\/span><\/span><\/span><\/span><\/span> \u00e0 <span class=\"math-inline\" data-math=\"45^{\\circ}\"><span class=\"katex\"><span class=\"katex-html\" aria-hidden=\"true\"><span class=\"base\"><span class=\"mord\">4<\/span><span class=\"mord\">5<span class=\"msupsub\"><span class=\"vlist-t\"><span class=\"vlist-r\"><span class=\"vlist\"><span class=\"\"><span class=\"sizing reset-size6 size3 mtight\"><span class=\"mord mtight\">\u2218<\/span><\/span><\/span><\/span><\/span><\/span><\/span><\/span><\/span><\/span><\/span><\/span> (<span class=\"math-inline\" data-math=\"\\approx +21.2^{\\circ}\"><span class=\"katex\"><span class=\"katex-html\" aria-hidden=\"true\"><span class=\"base\"><span class=\"mrel\">\u2248<\/span><\/span><span class=\"base\"><span class=\"mord\">+<\/span><span class=\"mord\">21.<\/span><span class=\"mord\">2<span class=\"msupsub\"><span class=\"vlist-t\"><span class=\"vlist-r\"><span class=\"vlist\"><span class=\"\"><span class=\"sizing reset-size6 size3 mtight\"><span class=\"mord mtight\">\u2218<\/span><\/span><\/span><\/span><\/span><\/span><\/span><\/span><\/span><\/span><\/span><\/span> \u00e0 <span class=\"math-inline\" data-math=\"-21.2^{\\circ}\"><span class=\"katex\"><span class=\"katex-html\" aria-hidden=\"true\"><span class=\"base\"><span class=\"mord\">\u2212<\/span><span class=\"mord\">21.<\/span><span class=\"mord\">2<span class=\"msupsub\"><span class=\"vlist-t\"><span class=\"vlist-r\"><span class=\"vlist\"><span class=\"\"><span class=\"sizing reset-size6 size3 mtight\"><span class=\"mord mtight\">\u2218<\/span><\/span><\/span><\/span><\/span><\/span><\/span><\/span><\/span><\/span><\/span><\/span>).<\/li>\n<\/ul>\n<\/li>\n<li><b>Mode de retour double :<\/b><span class=\"citation-302\"> Capable de capturer <\/span><b><span class=\"citation-302\">deux retours<\/span><\/b><span class=\"citation-302 citation-end-302\"> par tir laser, ce qui am\u00e9liore la d\u00e9tection d&#039;objets dans des environnements avec un feuillage complexe ou des objets obscurcis.<\/span><\/li>\n<li><b><span class=\"citation-301\">Capacit\u00e9s d&#039;imagerie :<\/span><\/b><span class=\"citation-301\"> Fournit <\/span><b><span class=\"citation-301\">donn\u00e9es de signal et proche infrarouge de qualit\u00e9 cam\u00e9ra<\/span><\/b><span class=\"citation-301 citation-end-301\"> parall\u00e8lement aux donn\u00e9es de nuages de points 3D, permettant l&#039;utilisation d&#039;algorithmes de vision par ordinateur sur des donn\u00e9es 2D et 3D parfaitement corr\u00e9l\u00e9es.<\/span><\/li>\n<li><b>Con\u00e7u pour la fiabilit\u00e9 :<\/b>\n<ul>\n<li><b>Rugosit\u00e9:<\/b><span class=\"citation-300 citation-end-300\"> Con\u00e7u pour r\u00e9sister aux chocs et vibrations extr\u00eames.<\/span><\/li>\n<li><b><span class=\"citation-299\">Protection contre les intrusions :<\/span><\/b> <b><span class=\"citation-299\">IP68<\/span><\/b><span class=\"citation-299\"> (submersible) et <\/span><b><span class=\"citation-299\">IP69K<\/span><\/b><span class=\"citation-299 citation-end-299\"> \u00e9valu\u00e9 (r\u00e9sistant aux projections \u00e0 courte port\u00e9e, \u00e0 haute pression et \u00e0 haute temp\u00e9rature).<\/span><\/li>\n<li><b><span class=\"citation-298\">Temp\u00e9rature:<\/span><\/b><span class=\"citation-298 citation-end-298\"> Large plage de temp\u00e9ratures de fonctionnement, g\u00e9n\u00e9ralement <\/span><span class=\"math-inline\" data-math=\"-40^{\\circ}\\text{C}\"><span class=\"katex\"><span class=\"katex-html\" aria-hidden=\"true\"><span class=\"base\"><span class=\"mord\">\u2212<\/span><span class=\"mord\">4<\/span><span class=\"mord\">0<span class=\"msupsub\"><span class=\"vlist-t\"><span class=\"vlist-r\"><span class=\"vlist\"><span class=\"\"><span class=\"sizing reset-size6 size3 mtight\"><span class=\"mord mtight\">\u2218<\/span><\/span><\/span><\/span><\/span><\/span><\/span><\/span><span class=\"mord text\"><span class=\"mord\">C<\/span><\/span><\/span><\/span><\/span><\/span><span class=\"citation-297 citation-end-297\"> \u00e0 <\/span><span class=\"math-inline\" data-math=\"+60^{\\circ}\\text{C}\"><span class=\"katex\"><span class=\"katex-html\" aria-hidden=\"true\"><span class=\"base\"><span class=\"mord\">+<\/span><span class=\"mord\">6<\/span><span class=\"mord\">0<span class=\"msupsub\"><span class=\"vlist-t\"><span class=\"vlist-r\"><span class=\"vlist\"><span class=\"\"><span class=\"sizing reset-size6 size3 mtight\"><span class=\"mord mtight\">\u2218<\/span><\/span><\/span><\/span><\/span><\/span><\/span><\/span><span class=\"mord text\"><span class=\"mord\">C<\/span><\/span><\/span><\/span><\/span><\/span><span class=\"citation-296 citation-end-296\"> (avec un maximum de <\/span><span class=\"math-inline\" data-math=\"+70^{\\circ}\\text{C}\"><span class=\"katex\"><span class=\"katex-html\" aria-hidden=\"true\"><span class=\"base\"><span class=\"mord\">+<\/span><span class=\"mord\">7<\/span><span class=\"mord\">0<span class=\"msupsub\"><span class=\"vlist-t\"><span class=\"vlist-r\"><span class=\"vlist\"><span class=\"\"><span class=\"sizing reset-size6 size3 mtight\"><span class=\"mord mtight\">\u2218<\/span><\/span><\/span><\/span><\/span><\/span><\/span><\/span><span class=\"mord text\"><span class=\"mord\">C<\/span><\/span><\/span><\/span><\/span><\/span><span class=\"citation-295 citation-end-295\"> avant limitation thermique).<\/span><\/li>\n<\/ul>\n<\/li>\n<li><b><span class=\"citation-294\">Pr\u00eat pour l&#039;autonomie :<\/span><\/b><span class=\"citation-294 citation-end-294\"> Des fonctionnalit\u00e9s telles que l&#039;Ethernet automobile 1000BASE-T1, les pilotes ROS\/C++ open source et la suppression de la diaphonie multi-capteurs le rendent id\u00e9al pour les d\u00e9ploiements de flotte \u00e0 grande \u00e9chelle.<\/span><\/li>\n<\/ul>\n<p><span class=\"citation-293 citation-end-293\">L&#039;OS1-32 Rev7 est connu pour fournir des donn\u00e9es propres, denses et tr\u00e8s pr\u00e9cises, ce qui en fait une solution robuste et polyvalente pour les applications n\u00e9cessitant une perception 3D fiable de milieu de gamme.<\/span><\/p>\n<div class=\"source-inline-chip-container ng-star-inserted\"><\/div>\n<\/div>\n<\/div>","protected":false},"excerpt":{"rendered":"<p><span class=\"citation-317\">L&#039;Ouster OS1-32 Rev7 est un capteur LiDAR num\u00e9rique hautes performances de milieu de gamme construit sur la technologie avanc\u00e9e d&#039;Ouster. <\/span><b><span class=\"citation-317\">Puce lidar num\u00e9rique L3<\/span><\/b><span class=\"citation-317 citation-end-317\">, con\u00e7u pour un large \u00e9ventail d&#039;applications exigeantes, notamment l&#039;automatisation industrielle, les v\u00e9hicules autonomes, la robotique et la cartographie.<\/span><\/p>\n<p><span class=\"citation-316 citation-end-316\">En tant que membre de la famille Ouster OS1, l&#039;OS1-32 Rev7 offre un \u00e9quilibre optimal entre port\u00e9e, champ de vision, r\u00e9solution et un facteur de forme compact.<\/span><\/p>","protected":false},"featured_media":21979,"comment_status":"open","ping_status":"closed","template":"","meta":[],"product_brand":[1140],"product_cat":[1139,1037,1040],"product_tag":[1142,1141],"class_list":{"0":"post-21998","1":"product","2":"type-product","3":"status-publish","4":"has-post-thumbnail","6":"product_brand-ouster","7":"product_cat-ouster-lidars","8":"product_cat-robotics","9":"product_cat-sensors-robotics","10":"product_tag-ouster-dome-lidar","11":"product_tag-ouster-lidars","13":"first","14":"onbackorder","15":"taxable","16":"shipping-taxable","17":"purchasable","18":"product-type-simple"},"yoast_head":"<!-- This site is optimized with the Yoast SEO plugin v27.4 - https:\/\/yoast.com\/product\/yoast-seo-wordpress\/ -->\n<title>Ouster OS1-32 Rev7 - Ghostysky<\/title>\n<meta name=\"description\" content=\"The Ouster OS1-32 Rev7 is a high-performance, mid-range digital LiDAR sensor built on Ouster&#039;s advanced L3 digital lidar chip, designed for a wide array of demanding applications including industrial automation, autonomous vehicles, robotics, and mapping.As a member of the Ouster OS1 family, the OS1-32 Rev7 offers an optimal balance of range, field of view, resolution, and a compact form factor.\" \/>\n<meta name=\"robots\" content=\"index, follow, max-snippet:-1, max-image-preview:large, max-video-preview:-1\" \/>\n<link rel=\"canonical\" href=\"https:\/\/www.ghostysky.com\/fr\/product\/ouster-os1-32-rev7\/\" \/>\n<meta property=\"og:locale\" content=\"fr_FR\" \/>\n<meta property=\"og:type\" content=\"article\" \/>\n<meta property=\"og:title\" content=\"Ouster OS1-32 Rev7 - Ghostysky\" \/>\n<meta property=\"og:description\" content=\"The Ouster OS1-32 Rev7 is a high-performance, mid-range digital LiDAR sensor built on Ouster&#039;s advanced L3 digital lidar chip, designed for a wide array of demanding applications including industrial automation, autonomous vehicles, robotics, and mapping.As a member of the Ouster OS1 family, the OS1-32 Rev7 offers an optimal balance of range, field of view, resolution, and a compact form factor.\" \/>\n<meta property=\"og:url\" content=\"https:\/\/www.ghostysky.com\/fr\/product\/ouster-os1-32-rev7\/\" \/>\n<meta property=\"og:site_name\" content=\"Ghostysky\" \/>\n<meta property=\"article:publisher\" content=\"https:\/\/www.facebook.com\/people\/Ghostysky\/100057676170234\/\" \/>\n<meta property=\"article:modified_time\" content=\"2025-10-19T09:57:25+00:00\" \/>\n<meta property=\"og:image\" content=\"https:\/\/www.ghostysky.com\/wp-content\/uploads\/2025\/10\/GH_Ouster-Ouster-OS0-32-Rev7_1.png\" \/>\n\t<meta property=\"og:image:width\" content=\"800\" \/>\n\t<meta property=\"og:image:height\" content=\"800\" \/>\n\t<meta property=\"og:image:type\" content=\"image\/png\" \/>\n<meta name=\"twitter:card\" content=\"summary_large_image\" \/>\n<meta name=\"twitter:site\" content=\"@Gh0stysky\" \/>\n<meta name=\"twitter:label1\" content=\"Dur\u00e9e de lecture estim\u00e9e\" \/>\n\t<meta name=\"twitter:data1\" content=\"2 minutes\" \/>\n<script type=\"application\/ld+json\" class=\"yoast-schema-graph\">{\"@context\":\"https:\\\/\\\/schema.org\",\"@graph\":[{\"@type\":\"WebPage\",\"@id\":\"https:\\\/\\\/www.ghostysky.com\\\/product\\\/ouster-os1-32-rev7\\\/\",\"url\":\"https:\\\/\\\/www.ghostysky.com\\\/product\\\/ouster-os1-32-rev7\\\/\",\"name\":\"Ouster OS1-32 Rev7 - Ghostysky\",\"isPartOf\":{\"@id\":\"https:\\\/\\\/www.ghostysky.com\\\/#website\"},\"primaryImageOfPage\":{\"@id\":\"https:\\\/\\\/www.ghostysky.com\\\/product\\\/ouster-os1-32-rev7\\\/#primaryimage\"},\"image\":{\"@id\":\"https:\\\/\\\/www.ghostysky.com\\\/product\\\/ouster-os1-32-rev7\\\/#primaryimage\"},\"thumbnailUrl\":\"https:\\\/\\\/www.ghostysky.com\\\/wp-content\\\/uploads\\\/2025\\\/10\\\/GH_Ouster-Ouster-OS0-32-Rev7_1.png\",\"datePublished\":\"2025-10-19T09:54:44+00:00\",\"dateModified\":\"2025-10-19T09:57:25+00:00\",\"description\":\"The Ouster OS1-32 Rev7 is a high-performance, mid-range digital LiDAR sensor built on Ouster's advanced L3 digital lidar chip, designed for a wide array of demanding applications including industrial automation, autonomous vehicles, robotics, and mapping.As a member of the Ouster OS1 family, the OS1-32 Rev7 offers an optimal balance of range, field of view, resolution, and a compact form factor.\",\"breadcrumb\":{\"@id\":\"https:\\\/\\\/www.ghostysky.com\\\/product\\\/ouster-os1-32-rev7\\\/#breadcrumb\"},\"inLanguage\":\"fr-FR\",\"potentialAction\":[{\"@type\":\"ReadAction\",\"target\":[\"https:\\\/\\\/www.ghostysky.com\\\/product\\\/ouster-os1-32-rev7\\\/\"]}]},{\"@type\":\"ImageObject\",\"inLanguage\":\"fr-FR\",\"@id\":\"https:\\\/\\\/www.ghostysky.com\\\/product\\\/ouster-os1-32-rev7\\\/#primaryimage\",\"url\":\"https:\\\/\\\/www.ghostysky.com\\\/wp-content\\\/uploads\\\/2025\\\/10\\\/GH_Ouster-Ouster-OS0-32-Rev7_1.png\",\"contentUrl\":\"https:\\\/\\\/www.ghostysky.com\\\/wp-content\\\/uploads\\\/2025\\\/10\\\/GH_Ouster-Ouster-OS0-32-Rev7_1.png\",\"width\":800,\"height\":800},{\"@type\":\"BreadcrumbList\",\"@id\":\"https:\\\/\\\/www.ghostysky.com\\\/product\\\/ouster-os1-32-rev7\\\/#breadcrumb\",\"itemListElement\":[{\"@type\":\"ListItem\",\"position\":1,\"name\":\"Home\",\"item\":\"https:\\\/\\\/www.ghostysky.com\\\/\"},{\"@type\":\"ListItem\",\"position\":2,\"name\":\"Shop\",\"item\":\"https:\\\/\\\/www.ghostysky.com\\\/shop\\\/\"},{\"@type\":\"ListItem\",\"position\":3,\"name\":\"Ouster OS1-32 Rev7\"}]},{\"@type\":\"WebSite\",\"@id\":\"https:\\\/\\\/www.ghostysky.com\\\/#website\",\"url\":\"https:\\\/\\\/www.ghostysky.com\\\/\",\"name\":\"Ghostysky\",\"description\":\"Delivering professional drones and services\",\"publisher\":{\"@id\":\"https:\\\/\\\/www.ghostysky.com\\\/#organization\"},\"potentialAction\":[{\"@type\":\"SearchAction\",\"target\":{\"@type\":\"EntryPoint\",\"urlTemplate\":\"https:\\\/\\\/www.ghostysky.com\\\/?s={search_term_string}\"},\"query-input\":{\"@type\":\"PropertyValueSpecification\",\"valueRequired\":true,\"valueName\":\"search_term_string\"}}],\"inLanguage\":\"fr-FR\"},{\"@type\":\"Organization\",\"@id\":\"https:\\\/\\\/www.ghostysky.com\\\/#organization\",\"name\":\"Ghostysky\",\"url\":\"https:\\\/\\\/www.ghostysky.com\\\/\",\"logo\":{\"@type\":\"ImageObject\",\"inLanguage\":\"fr-FR\",\"@id\":\"https:\\\/\\\/www.ghostysky.com\\\/#\\\/schema\\\/logo\\\/image\\\/\",\"url\":\"https:\\\/\\\/www.ghostysky.com\\\/wp-content\\\/uploads\\\/2020\\\/06\\\/cropped-ghostyskylogo_text_white2.png\",\"contentUrl\":\"https:\\\/\\\/www.ghostysky.com\\\/wp-content\\\/uploads\\\/2020\\\/06\\\/cropped-ghostyskylogo_text_white2.png\",\"width\":169,\"height\":56,\"caption\":\"Ghostysky\"},\"image\":{\"@id\":\"https:\\\/\\\/www.ghostysky.com\\\/#\\\/schema\\\/logo\\\/image\\\/\"},\"sameAs\":[\"https:\\\/\\\/www.facebook.com\\\/people\\\/Ghostysky\\\/100057676170234\\\/\",\"https:\\\/\\\/x.com\\\/Gh0stysky\",\"https:\\\/\\\/www.linkedin.com\\\/company\\\/34739653\",\"https:\\\/\\\/www.instagram.com\\\/gh0stysky\"]}]}<\/script>\n<!-- \/ Yoast SEO plugin. -->","yoast_head_json":{"title":"Ouster OS1-32 Rev7 - Ghostysky","description":"L&#039;Ouster OS1-32 Rev7 est un capteur LiDAR num\u00e9rique hautes performances de milieu de gamme construit sur la puce lidar num\u00e9rique L3 avanc\u00e9e d&#039;Ouster, con\u00e7ue pour un large \u00e9ventail d&#039;applications exigeantes, notamment l&#039;automatisation industrielle, les v\u00e9hicules autonomes, la robotique et la cartographie. En tant que membre de la famille Ouster OS1, l&#039;OS1-32 Rev7 offre un \u00e9quilibre optimal entre port\u00e9e, champ de vision, r\u00e9solution et un facteur de forme compact.","robots":{"index":"index","follow":"follow","max-snippet":"max-snippet:-1","max-image-preview":"max-image-preview:large","max-video-preview":"max-video-preview:-1"},"canonical":"https:\/\/www.ghostysky.com\/fr\/product\/ouster-os1-32-rev7\/","og_locale":"fr_FR","og_type":"article","og_title":"Ouster OS1-32 Rev7 - Ghostysky","og_description":"The Ouster OS1-32 Rev7 is a high-performance, mid-range digital LiDAR sensor built on Ouster's advanced L3 digital lidar chip, designed for a wide array of demanding applications including industrial automation, autonomous vehicles, robotics, and mapping.As a member of the Ouster OS1 family, the OS1-32 Rev7 offers an optimal balance of range, field of view, resolution, and a compact form factor.","og_url":"https:\/\/www.ghostysky.com\/fr\/product\/ouster-os1-32-rev7\/","og_site_name":"Ghostysky","article_publisher":"https:\/\/www.facebook.com\/people\/Ghostysky\/100057676170234\/","article_modified_time":"2025-10-19T09:57:25+00:00","og_image":[{"width":800,"height":800,"url":"https:\/\/www.ghostysky.com\/wp-content\/uploads\/2025\/10\/GH_Ouster-Ouster-OS0-32-Rev7_1.png","type":"image\/png"}],"twitter_card":"summary_large_image","twitter_site":"@Gh0stysky","twitter_misc":{"Dur\u00e9e de lecture estim\u00e9e":"2 minutes"},"schema":{"@context":"https:\/\/schema.org","@graph":[{"@type":"WebPage","@id":"https:\/\/www.ghostysky.com\/product\/ouster-os1-32-rev7\/","url":"https:\/\/www.ghostysky.com\/product\/ouster-os1-32-rev7\/","name":"Ouster OS1-32 Rev7 - Ghostysky","isPartOf":{"@id":"https:\/\/www.ghostysky.com\/#website"},"primaryImageOfPage":{"@id":"https:\/\/www.ghostysky.com\/product\/ouster-os1-32-rev7\/#primaryimage"},"image":{"@id":"https:\/\/www.ghostysky.com\/product\/ouster-os1-32-rev7\/#primaryimage"},"thumbnailUrl":"https:\/\/www.ghostysky.com\/wp-content\/uploads\/2025\/10\/GH_Ouster-Ouster-OS0-32-Rev7_1.png","datePublished":"2025-10-19T09:54:44+00:00","dateModified":"2025-10-19T09:57:25+00:00","description":"L&#039;Ouster OS1-32 Rev7 est un capteur LiDAR num\u00e9rique hautes performances de milieu de gamme construit sur la puce lidar num\u00e9rique L3 avanc\u00e9e d&#039;Ouster, con\u00e7ue pour un large \u00e9ventail d&#039;applications exigeantes, notamment l&#039;automatisation industrielle, les v\u00e9hicules autonomes, la robotique et la cartographie. En tant que membre de la famille Ouster OS1, l&#039;OS1-32 Rev7 offre un \u00e9quilibre optimal entre port\u00e9e, champ de vision, r\u00e9solution et un facteur de forme compact.","breadcrumb":{"@id":"https:\/\/www.ghostysky.com\/product\/ouster-os1-32-rev7\/#breadcrumb"},"inLanguage":"fr-FR","potentialAction":[{"@type":"ReadAction","target":["https:\/\/www.ghostysky.com\/product\/ouster-os1-32-rev7\/"]}]},{"@type":"ImageObject","inLanguage":"fr-FR","@id":"https:\/\/www.ghostysky.com\/product\/ouster-os1-32-rev7\/#primaryimage","url":"https:\/\/www.ghostysky.com\/wp-content\/uploads\/2025\/10\/GH_Ouster-Ouster-OS0-32-Rev7_1.png","contentUrl":"https:\/\/www.ghostysky.com\/wp-content\/uploads\/2025\/10\/GH_Ouster-Ouster-OS0-32-Rev7_1.png","width":800,"height":800},{"@type":"BreadcrumbList","@id":"https:\/\/www.ghostysky.com\/product\/ouster-os1-32-rev7\/#breadcrumb","itemListElement":[{"@type":"ListItem","position":1,"name":"Home","item":"https:\/\/www.ghostysky.com\/"},{"@type":"ListItem","position":2,"name":"Shop","item":"https:\/\/www.ghostysky.com\/shop\/"},{"@type":"ListItem","position":3,"name":"Ouster OS1-32 Rev7"}]},{"@type":"WebSite","@id":"https:\/\/www.ghostysky.com\/#website","url":"https:\/\/www.ghostysky.com\/","name":"Ghostysky","description":"Livraison de drones et de services professionnels","publisher":{"@id":"https:\/\/www.ghostysky.com\/#organization"},"potentialAction":[{"@type":"SearchAction","target":{"@type":"EntryPoint","urlTemplate":"https:\/\/www.ghostysky.com\/?s={search_term_string}"},"query-input":{"@type":"PropertyValueSpecification","valueRequired":true,"valueName":"search_term_string"}}],"inLanguage":"fr-FR"},{"@type":"Organization","@id":"https:\/\/www.ghostysky.com\/#organization","name":"Ghostysky","url":"https:\/\/www.ghostysky.com\/","logo":{"@type":"ImageObject","inLanguage":"fr-FR","@id":"https:\/\/www.ghostysky.com\/#\/schema\/logo\/image\/","url":"https:\/\/www.ghostysky.com\/wp-content\/uploads\/2020\/06\/cropped-ghostyskylogo_text_white2.png","contentUrl":"https:\/\/www.ghostysky.com\/wp-content\/uploads\/2020\/06\/cropped-ghostyskylogo_text_white2.png","width":169,"height":56,"caption":"Ghostysky"},"image":{"@id":"https:\/\/www.ghostysky.com\/#\/schema\/logo\/image\/"},"sameAs":["https:\/\/www.facebook.com\/people\/Ghostysky\/100057676170234\/","https:\/\/x.com\/Gh0stysky","https:\/\/www.linkedin.com\/company\/34739653","https:\/\/www.instagram.com\/gh0stysky"]}]}},"_links":{"self":[{"href":"https:\/\/www.ghostysky.com\/fr\/wp-json\/wp\/v2\/product\/21998","targetHints":{"allow":["GET"]}}],"collection":[{"href":"https:\/\/www.ghostysky.com\/fr\/wp-json\/wp\/v2\/product"}],"about":[{"href":"https:\/\/www.ghostysky.com\/fr\/wp-json\/wp\/v2\/types\/product"}],"replies":[{"embeddable":true,"href":"https:\/\/www.ghostysky.com\/fr\/wp-json\/wp\/v2\/comments?post=21998"}],"version-history":[{"count":0,"href":"https:\/\/www.ghostysky.com\/fr\/wp-json\/wp\/v2\/product\/21998\/revisions"}],"wp:featuredmedia":[{"embeddable":true,"href":"https:\/\/www.ghostysky.com\/fr\/wp-json\/wp\/v2\/media\/21979"}],"wp:attachment":[{"href":"https:\/\/www.ghostysky.com\/fr\/wp-json\/wp\/v2\/media?parent=21998"}],"wp:term":[{"taxonomy":"product_brand","embeddable":true,"href":"https:\/\/www.ghostysky.com\/fr\/wp-json\/wp\/v2\/product_brand?post=21998"},{"taxonomy":"product_cat","embeddable":true,"href":"https:\/\/www.ghostysky.com\/fr\/wp-json\/wp\/v2\/product_cat?post=21998"},{"taxonomy":"product_tag","embeddable":true,"href":"https:\/\/www.ghostysky.com\/fr\/wp-json\/wp\/v2\/product_tag?post=21998"}],"curies":[{"name":"wp","href":"https:\/\/api.w.org\/{rel}","templated":true}]}}