{"id":22004,"date":"2025-10-19T09:59:28","date_gmt":"2025-10-19T09:59:28","guid":{"rendered":"https:\/\/www.ghostysky.com\/?post_type=product&#038;p=22004"},"modified":"2026-02-24T14:05:12","modified_gmt":"2026-02-24T14:05:12","slug":"ouster-os1-64-rev7","status":"publish","type":"product","link":"https:\/\/www.ghostysky.com\/fr\/product\/ouster-os1-64-rev7\/","title":{"rendered":"Ouster OS1-64 Rev7"},"content":{"rendered":"<div id=\"model-response-message-contentr_8cade3a3a392d67c\" class=\"markdown markdown-main-panel stronger enable-updated-hr-color\" dir=\"ltr\">\n<div id=\"model-response-message-contentr_13f1f7e95ab2a8ec\" class=\"markdown markdown-main-panel stronger enable-updated-hr-color\" dir=\"ltr\">\n<h3><b>Principales caract\u00e9ristiques et avantages<\/b><\/h3>\n<ul>\n<li><b>Performances de milieu de gamme :<\/b><span class=\"citation-345\"> L&#039;OS1 est optimis\u00e9 pour les applications de milieu de gamme, avec d\u00e9sormais une gamme de fonctionnalit\u00e9s consid\u00e9rablement \u00e9tendue. <\/span><b><span class=\"citation-345\">90 m\u00e8tres<\/span><\/b><span class=\"citation-345\"> sur une cible r\u00e9fl\u00e9chissante sombre 10% et une port\u00e9e maximale de plus de <\/span><b><span class=\"citation-345\">200 m\u00e8tres<\/span><\/b><span class=\"citation-345 citation-end-345\">.<\/span><\/li>\n<li><b><span class=\"citation-344\">Haute r\u00e9solution:<\/span><\/b><span class=\"citation-344\"> Il offre <\/span><b><span class=\"citation-344\">64 cha\u00eenes<\/span><\/b><span class=\"citation-344 citation-end-344\"> de r\u00e9solution verticale, coupl\u00e9e \u00e0 une r\u00e9solution horizontale configurable jusqu&#039;\u00e0 2048, offrant des nuages de points 3D nets, denses et tr\u00e8s pr\u00e9cis.<\/span> <span class=\"citation-343\">Il peut g\u00e9n\u00e9rer jusqu&#039;\u00e0 <\/span><b><span class=\"citation-343\">2 621 440 points par seconde<\/span><\/b><span class=\"citation-343 citation-end-343\"> (64 canaux, mode double retour).<\/span><\/li>\n<li><b><span class=\"citation-342\">Champ de vision large (FoV) :<\/span><\/b><span class=\"citation-342\"> Fournit une vue d&#039;ensemble compl\u00e8te <\/span><b><span class=\"citation-342\">Champ de vision horizontal \u00e0 360\u00b0<\/span><\/b><span class=\"citation-342\"> et un <\/span><b><span class=\"citation-342\">Champ de vision vertical de 45\u00b0<\/span><\/b><span class=\"citation-342 citation-end-342\"> (<\/span><span class=\"math-inline\" data-math=\"\\pm 22.5^\\circ\">+\/- 22,5\u00ba<\/span><span class=\"citation-341 citation-end-341\">), assurant une excellente couverture de la perception environnementale.<\/span><\/li>\n<li><b>Aliment\u00e9 par la puce L3\u00a0:<\/b><span class=\"citation-340\"> La g\u00e9n\u00e9ration Rev7 est construite sur la puce L3 de pointe d&#039;Ouster, qui offre des am\u00e9liorations significatives par rapport aux versions pr\u00e9c\u00e9dentes, notamment <\/span><b><span class=\"citation-340\">doubler la port\u00e9e<\/span><\/b><span class=\"citation-340\">, <\/span><b><span class=\"citation-340\">sensibilit\u00e9 aux photons jusqu&#039;\u00e0 10 fois sup\u00e9rieure<\/span><\/b><span class=\"citation-340\">, et <\/span><b><span class=\"citation-340\">50% pr\u00e9cision am\u00e9lior\u00e9e<\/span><\/b><span class=\"citation-340 citation-end-340\">.<\/span><\/li>\n<li><b><span class=\"citation-339\">Capacit\u00e9s d&#039;imagerie :<\/span><\/b><span class=\"citation-339 citation-end-339\"> Capture la r\u00e9flectivit\u00e9 calibr\u00e9e et les donn\u00e9es de signal et d&#039;infrarouge proche de qualit\u00e9 cam\u00e9ra, fournissant des images 2D pr\u00e9cieuses et parfaitement corr\u00e9l\u00e9es aux donn\u00e9es 3D.<\/span><\/li>\n<li><b>Durabilit\u00e9 et fiabilit\u00e9 extr\u00eames :<\/b><span class=\"citation-338\"> Con\u00e7u pour le monde r\u00e9el, le capteur est rigoureusement test\u00e9 pour sa robustesse, offrant <\/span><b><span class=\"citation-338\">IP68<\/span><\/b><span class=\"citation-338\"> et <\/span><b><span class=\"citation-338\">IP69K<\/span><\/b><span class=\"citation-338 citation-end-338\"> protection contre les intrusions pour un fonctionnement par tous les temps et con\u00e7u pour r\u00e9sister aux chocs et vibrations extr\u00eames.<\/span>\u00a0<span class=\"citation-337 citation-end-337\">Il dispose \u00e9galement d&#039;une large plage de temp\u00e9ratures de fonctionnement (g\u00e9n\u00e9ralement <\/span><span class=\"math-inline\" data-math=\"-40^\\circ\\text{C}\">-40\u00b0C<\/span><span class=\"citation-336 citation-end-336\"> \u00e0 <\/span><span class=\"math-inline\" data-math=\"+60^\\circ\\text{C}\">+60\u00baC<\/span><span class=\"citation-335 citation-end-335\">, ou sup\u00e9rieur avec un capuchon thermique).<\/span><\/li>\n<li><b><span class=\"citation-334\">Facteur de forme compact :<\/span><\/b><span class=\"citation-334 citation-end-334\"> Maintient l&#039;empreinte petite et l\u00e9g\u00e8re de la famille OS1, facilitant une int\u00e9gration facile dans des plates-formes \u00e0 espace restreint comme les drones, la robotique et les \u00e9quipements d&#039;automatisation industrielle.<\/span><\/li>\n<li><b><span class=\"citation-333\">Applications polyvalentes :<\/span><\/b><span class=\"citation-333\"> L&#039;OS1-64 Rev7 est le capteur de choix pour un large \u00e9ventail de cas d&#039;utilisation, notamment <\/span><b><span class=\"citation-333\">automatisation industrielle<\/span><\/b><span class=\"citation-333\">, <\/span><b><span class=\"citation-333\">robotique<\/span><\/b><span class=\"citation-333\"> (par exemple, les robots mobiles autonomes), <\/span><b><span class=\"citation-333\">cartographie\/arpentage de haute pr\u00e9cision<\/span><\/b><span class=\"citation-333\">, <\/span><b><span class=\"citation-333\">v\u00e9hicules autonomes<\/span><\/b><span class=\"citation-333\">, et <\/span><b><span class=\"citation-333\">infrastructures intelligentes<\/span><\/b><span class=\"citation-333 citation-end-333\"> (ITS, s\u00e9curit\u00e9).<\/span><\/li>\n<\/ul>\n<\/div>\n<\/div>","protected":false},"excerpt":{"rendered":"<p><span class=\"citation-347\">Le <\/span><b><span class=\"citation-347\">Ouster OS1-64 Rev7<\/span><\/b><span class=\"citation-347 citation-end-347\"> est un puissant capteur LiDAR num\u00e9rique de milieu de gamme et haute r\u00e9solution, faisant partie de la gamme avanc\u00e9e Rev7 d&#039;Ouster, aliment\u00e9 par la puce r\u00e9volutionnaire L3.<\/span> <span class=\"citation-346 citation-end-346\">Il offre un \u00e9quilibre de pointe en termes de r\u00e9solution, de port\u00e9e et de format compact, ce qui en fait le choix polyvalent pour les applications exigeantes dans divers secteurs.<\/span><\/p>\n<div class=\"source-inline-chip-container ng-star-inserted\"><\/div>\n<div class=\"source-inline-chip-container ng-star-inserted\"><\/div>\n<p>&nbsp;<\/p>","protected":false},"featured_media":21979,"comment_status":"open","ping_status":"closed","template":"","meta":[],"product_brand":[1140],"product_cat":[1139,1037,1040],"product_tag":[1142,1141],"class_list":{"0":"post-22004","1":"product","2":"type-product","3":"status-publish","4":"has-post-thumbnail","6":"product_brand-ouster","7":"product_cat-ouster-lidars","8":"product_cat-robotics","9":"product_cat-sensors-robotics","10":"product_tag-ouster-dome-lidar","11":"product_tag-ouster-lidars","13":"first","14":"onbackorder","15":"taxable","16":"shipping-taxable","17":"purchasable","18":"product-type-simple"},"yoast_head":"<!-- This site is optimized with the Yoast SEO plugin v27.4 - https:\/\/yoast.com\/product\/yoast-seo-wordpress\/ -->\n<title>Ouster OS1-64 Rev7 - Ghostysky<\/title>\n<meta name=\"description\" content=\"The Ouster OS1-64 Rev7 is a powerful mid-range, high-resolution digital LiDAR sensor, part of Ouster&#039;s advanced Rev7 lineup powered by the revolutionary L3 chip. It strikes an industry-leading balance of resolution, range, and compact form factor, making it the versatile choice for demanding applications across various industries.\" \/>\n<meta name=\"robots\" content=\"index, follow, max-snippet:-1, max-image-preview:large, max-video-preview:-1\" \/>\n<link rel=\"canonical\" href=\"https:\/\/www.ghostysky.com\/fr\/product\/ouster-os1-64-rev7\/\" \/>\n<meta property=\"og:locale\" content=\"fr_FR\" \/>\n<meta property=\"og:type\" content=\"article\" \/>\n<meta property=\"og:title\" content=\"Ouster OS1-64 Rev7 - Ghostysky\" \/>\n<meta property=\"og:description\" content=\"The Ouster OS1-64 Rev7 is a powerful mid-range, high-resolution digital LiDAR sensor, part of Ouster&#039;s advanced Rev7 lineup powered by the revolutionary L3 chip. It strikes an industry-leading balance of resolution, range, and compact form factor, making it the versatile choice for demanding applications across various industries.\" \/>\n<meta property=\"og:url\" content=\"https:\/\/www.ghostysky.com\/fr\/product\/ouster-os1-64-rev7\/\" \/>\n<meta property=\"og:site_name\" content=\"Ghostysky\" \/>\n<meta property=\"article:publisher\" content=\"https:\/\/www.facebook.com\/people\/Ghostysky\/100057676170234\/\" \/>\n<meta property=\"article:modified_time\" content=\"2026-02-24T14:05:12+00:00\" \/>\n<meta property=\"og:image\" content=\"https:\/\/www.ghostysky.com\/wp-content\/uploads\/2025\/10\/GH_Ouster-Ouster-OS0-32-Rev7_1.png\" \/>\n\t<meta property=\"og:image:width\" content=\"800\" \/>\n\t<meta property=\"og:image:height\" content=\"800\" \/>\n\t<meta property=\"og:image:type\" content=\"image\/png\" \/>\n<meta name=\"twitter:card\" content=\"summary_large_image\" \/>\n<meta name=\"twitter:site\" content=\"@Gh0stysky\" \/>\n<meta name=\"twitter:label1\" content=\"Dur\u00e9e de lecture estim\u00e9e\" \/>\n\t<meta name=\"twitter:data1\" content=\"2 minutes\" \/>\n<script type=\"application\/ld+json\" class=\"yoast-schema-graph\">{\"@context\":\"https:\\\/\\\/schema.org\",\"@graph\":[{\"@type\":\"WebPage\",\"@id\":\"https:\\\/\\\/www.ghostysky.com\\\/product\\\/ouster-os1-64-rev7\\\/\",\"url\":\"https:\\\/\\\/www.ghostysky.com\\\/product\\\/ouster-os1-64-rev7\\\/\",\"name\":\"Ouster OS1-64 Rev7 - Ghostysky\",\"isPartOf\":{\"@id\":\"https:\\\/\\\/www.ghostysky.com\\\/#website\"},\"primaryImageOfPage\":{\"@id\":\"https:\\\/\\\/www.ghostysky.com\\\/product\\\/ouster-os1-64-rev7\\\/#primaryimage\"},\"image\":{\"@id\":\"https:\\\/\\\/www.ghostysky.com\\\/product\\\/ouster-os1-64-rev7\\\/#primaryimage\"},\"thumbnailUrl\":\"https:\\\/\\\/www.ghostysky.com\\\/wp-content\\\/uploads\\\/2025\\\/10\\\/GH_Ouster-Ouster-OS0-32-Rev7_1.png\",\"datePublished\":\"2025-10-19T09:59:28+00:00\",\"dateModified\":\"2026-02-24T14:05:12+00:00\",\"description\":\"The Ouster OS1-64 Rev7 is a powerful mid-range, high-resolution digital LiDAR sensor, part of Ouster's advanced Rev7 lineup powered by the revolutionary L3 chip. It strikes an industry-leading balance of resolution, range, and compact form factor, making it the versatile choice for demanding applications across various industries.\",\"breadcrumb\":{\"@id\":\"https:\\\/\\\/www.ghostysky.com\\\/product\\\/ouster-os1-64-rev7\\\/#breadcrumb\"},\"inLanguage\":\"fr-FR\",\"potentialAction\":[{\"@type\":\"ReadAction\",\"target\":[\"https:\\\/\\\/www.ghostysky.com\\\/product\\\/ouster-os1-64-rev7\\\/\"]}]},{\"@type\":\"ImageObject\",\"inLanguage\":\"fr-FR\",\"@id\":\"https:\\\/\\\/www.ghostysky.com\\\/product\\\/ouster-os1-64-rev7\\\/#primaryimage\",\"url\":\"https:\\\/\\\/www.ghostysky.com\\\/wp-content\\\/uploads\\\/2025\\\/10\\\/GH_Ouster-Ouster-OS0-32-Rev7_1.png\",\"contentUrl\":\"https:\\\/\\\/www.ghostysky.com\\\/wp-content\\\/uploads\\\/2025\\\/10\\\/GH_Ouster-Ouster-OS0-32-Rev7_1.png\",\"width\":800,\"height\":800},{\"@type\":\"BreadcrumbList\",\"@id\":\"https:\\\/\\\/www.ghostysky.com\\\/product\\\/ouster-os1-64-rev7\\\/#breadcrumb\",\"itemListElement\":[{\"@type\":\"ListItem\",\"position\":1,\"name\":\"Home\",\"item\":\"https:\\\/\\\/www.ghostysky.com\\\/\"},{\"@type\":\"ListItem\",\"position\":2,\"name\":\"Shop\",\"item\":\"https:\\\/\\\/www.ghostysky.com\\\/shop\\\/\"},{\"@type\":\"ListItem\",\"position\":3,\"name\":\"Ouster OS1-64 Rev7\"}]},{\"@type\":\"WebSite\",\"@id\":\"https:\\\/\\\/www.ghostysky.com\\\/#website\",\"url\":\"https:\\\/\\\/www.ghostysky.com\\\/\",\"name\":\"Ghostysky\",\"description\":\"Delivering professional drones and robotics solutions\",\"publisher\":{\"@id\":\"https:\\\/\\\/www.ghostysky.com\\\/#organization\"},\"potentialAction\":[{\"@type\":\"SearchAction\",\"target\":{\"@type\":\"EntryPoint\",\"urlTemplate\":\"https:\\\/\\\/www.ghostysky.com\\\/?s={search_term_string}\"},\"query-input\":{\"@type\":\"PropertyValueSpecification\",\"valueRequired\":true,\"valueName\":\"search_term_string\"}}],\"inLanguage\":\"fr-FR\"},{\"@type\":\"Organization\",\"@id\":\"https:\\\/\\\/www.ghostysky.com\\\/#organization\",\"name\":\"Ghostysky\",\"url\":\"https:\\\/\\\/www.ghostysky.com\\\/\",\"logo\":{\"@type\":\"ImageObject\",\"inLanguage\":\"fr-FR\",\"@id\":\"https:\\\/\\\/www.ghostysky.com\\\/#\\\/schema\\\/logo\\\/image\\\/\",\"url\":\"https:\\\/\\\/www.ghostysky.com\\\/wp-content\\\/uploads\\\/2020\\\/06\\\/cropped-ghostyskylogo_text_white2.png\",\"contentUrl\":\"https:\\\/\\\/www.ghostysky.com\\\/wp-content\\\/uploads\\\/2020\\\/06\\\/cropped-ghostyskylogo_text_white2.png\",\"width\":169,\"height\":56,\"caption\":\"Ghostysky\"},\"image\":{\"@id\":\"https:\\\/\\\/www.ghostysky.com\\\/#\\\/schema\\\/logo\\\/image\\\/\"},\"sameAs\":[\"https:\\\/\\\/www.facebook.com\\\/people\\\/Ghostysky\\\/100057676170234\\\/\",\"https:\\\/\\\/x.com\\\/Gh0stysky\",\"https:\\\/\\\/www.linkedin.com\\\/company\\\/34739653\",\"https:\\\/\\\/www.instagram.com\\\/gh0stysky\"]}]}<\/script>\n<!-- \/ Yoast SEO plugin. -->","yoast_head_json":{"title":"Ouster OS1-64 Rev7 - Ghostysky","description":"L&#039;Ouster OS1-64 Rev7 est un puissant capteur LiDAR num\u00e9rique haute r\u00e9solution de milieu de gamme, issu de la gamme avanc\u00e9e Rev7 d&#039;Ouster et \u00e9quip\u00e9 de la puce L3 r\u00e9volutionnaire. Il offre un \u00e9quilibre in\u00e9gal\u00e9 entre r\u00e9solution, port\u00e9e et compacit\u00e9, ce qui en fait un choix polyvalent pour les applications exigeantes dans divers secteurs.","robots":{"index":"index","follow":"follow","max-snippet":"max-snippet:-1","max-image-preview":"max-image-preview:large","max-video-preview":"max-video-preview:-1"},"canonical":"https:\/\/www.ghostysky.com\/fr\/product\/ouster-os1-64-rev7\/","og_locale":"fr_FR","og_type":"article","og_title":"Ouster OS1-64 Rev7 - Ghostysky","og_description":"The Ouster OS1-64 Rev7 is a powerful mid-range, high-resolution digital LiDAR sensor, part of Ouster's advanced Rev7 lineup powered by the revolutionary L3 chip. It strikes an industry-leading balance of resolution, range, and compact form factor, making it the versatile choice for demanding applications across various industries.","og_url":"https:\/\/www.ghostysky.com\/fr\/product\/ouster-os1-64-rev7\/","og_site_name":"Ghostysky","article_publisher":"https:\/\/www.facebook.com\/people\/Ghostysky\/100057676170234\/","article_modified_time":"2026-02-24T14:05:12+00:00","og_image":[{"width":800,"height":800,"url":"https:\/\/www.ghostysky.com\/wp-content\/uploads\/2025\/10\/GH_Ouster-Ouster-OS0-32-Rev7_1.png","type":"image\/png"}],"twitter_card":"summary_large_image","twitter_site":"@Gh0stysky","twitter_misc":{"Dur\u00e9e de lecture estim\u00e9e":"2 minutes"},"schema":{"@context":"https:\/\/schema.org","@graph":[{"@type":"WebPage","@id":"https:\/\/www.ghostysky.com\/product\/ouster-os1-64-rev7\/","url":"https:\/\/www.ghostysky.com\/product\/ouster-os1-64-rev7\/","name":"Ouster OS1-64 Rev7 - Ghostysky","isPartOf":{"@id":"https:\/\/www.ghostysky.com\/#website"},"primaryImageOfPage":{"@id":"https:\/\/www.ghostysky.com\/product\/ouster-os1-64-rev7\/#primaryimage"},"image":{"@id":"https:\/\/www.ghostysky.com\/product\/ouster-os1-64-rev7\/#primaryimage"},"thumbnailUrl":"https:\/\/www.ghostysky.com\/wp-content\/uploads\/2025\/10\/GH_Ouster-Ouster-OS0-32-Rev7_1.png","datePublished":"2025-10-19T09:59:28+00:00","dateModified":"2026-02-24T14:05:12+00:00","description":"L&#039;Ouster OS1-64 Rev7 est un puissant capteur LiDAR num\u00e9rique haute r\u00e9solution de milieu de gamme, issu de la gamme avanc\u00e9e Rev7 d&#039;Ouster et \u00e9quip\u00e9 de la puce L3 r\u00e9volutionnaire. Il offre un \u00e9quilibre in\u00e9gal\u00e9 entre r\u00e9solution, port\u00e9e et compacit\u00e9, ce qui en fait un choix polyvalent pour les applications exigeantes dans divers secteurs.","breadcrumb":{"@id":"https:\/\/www.ghostysky.com\/product\/ouster-os1-64-rev7\/#breadcrumb"},"inLanguage":"fr-FR","potentialAction":[{"@type":"ReadAction","target":["https:\/\/www.ghostysky.com\/product\/ouster-os1-64-rev7\/"]}]},{"@type":"ImageObject","inLanguage":"fr-FR","@id":"https:\/\/www.ghostysky.com\/product\/ouster-os1-64-rev7\/#primaryimage","url":"https:\/\/www.ghostysky.com\/wp-content\/uploads\/2025\/10\/GH_Ouster-Ouster-OS0-32-Rev7_1.png","contentUrl":"https:\/\/www.ghostysky.com\/wp-content\/uploads\/2025\/10\/GH_Ouster-Ouster-OS0-32-Rev7_1.png","width":800,"height":800},{"@type":"BreadcrumbList","@id":"https:\/\/www.ghostysky.com\/product\/ouster-os1-64-rev7\/#breadcrumb","itemListElement":[{"@type":"ListItem","position":1,"name":"Home","item":"https:\/\/www.ghostysky.com\/"},{"@type":"ListItem","position":2,"name":"Shop","item":"https:\/\/www.ghostysky.com\/shop\/"},{"@type":"ListItem","position":3,"name":"Ouster OS1-64 Rev7"}]},{"@type":"WebSite","@id":"https:\/\/www.ghostysky.com\/#website","url":"https:\/\/www.ghostysky.com\/","name":"Ghostysky","description":"Fourniture de solutions professionnelles en mati\u00e8re de drones et de robotique","publisher":{"@id":"https:\/\/www.ghostysky.com\/#organization"},"potentialAction":[{"@type":"SearchAction","target":{"@type":"EntryPoint","urlTemplate":"https:\/\/www.ghostysky.com\/?s={search_term_string}"},"query-input":{"@type":"PropertyValueSpecification","valueRequired":true,"valueName":"search_term_string"}}],"inLanguage":"fr-FR"},{"@type":"Organization","@id":"https:\/\/www.ghostysky.com\/#organization","name":"Ghostysky","url":"https:\/\/www.ghostysky.com\/","logo":{"@type":"ImageObject","inLanguage":"fr-FR","@id":"https:\/\/www.ghostysky.com\/#\/schema\/logo\/image\/","url":"https:\/\/www.ghostysky.com\/wp-content\/uploads\/2020\/06\/cropped-ghostyskylogo_text_white2.png","contentUrl":"https:\/\/www.ghostysky.com\/wp-content\/uploads\/2020\/06\/cropped-ghostyskylogo_text_white2.png","width":169,"height":56,"caption":"Ghostysky"},"image":{"@id":"https:\/\/www.ghostysky.com\/#\/schema\/logo\/image\/"},"sameAs":["https:\/\/www.facebook.com\/people\/Ghostysky\/100057676170234\/","https:\/\/x.com\/Gh0stysky","https:\/\/www.linkedin.com\/company\/34739653","https:\/\/www.instagram.com\/gh0stysky"]}]}},"_links":{"self":[{"href":"https:\/\/www.ghostysky.com\/fr\/wp-json\/wp\/v2\/product\/22004","targetHints":{"allow":["GET"]}}],"collection":[{"href":"https:\/\/www.ghostysky.com\/fr\/wp-json\/wp\/v2\/product"}],"about":[{"href":"https:\/\/www.ghostysky.com\/fr\/wp-json\/wp\/v2\/types\/product"}],"replies":[{"embeddable":true,"href":"https:\/\/www.ghostysky.com\/fr\/wp-json\/wp\/v2\/comments?post=22004"}],"version-history":[{"count":0,"href":"https:\/\/www.ghostysky.com\/fr\/wp-json\/wp\/v2\/product\/22004\/revisions"}],"wp:featuredmedia":[{"embeddable":true,"href":"https:\/\/www.ghostysky.com\/fr\/wp-json\/wp\/v2\/media\/21979"}],"wp:attachment":[{"href":"https:\/\/www.ghostysky.com\/fr\/wp-json\/wp\/v2\/media?parent=22004"}],"wp:term":[{"taxonomy":"product_brand","embeddable":true,"href":"https:\/\/www.ghostysky.com\/fr\/wp-json\/wp\/v2\/product_brand?post=22004"},{"taxonomy":"product_cat","embeddable":true,"href":"https:\/\/www.ghostysky.com\/fr\/wp-json\/wp\/v2\/product_cat?post=22004"},{"taxonomy":"product_tag","embeddable":true,"href":"https:\/\/www.ghostysky.com\/fr\/wp-json\/wp\/v2\/product_tag?post=22004"}],"curies":[{"name":"wp","href":"https:\/\/api.w.org\/{rel}","templated":true}]}}