{"id":22006,"date":"2025-10-19T10:06:13","date_gmt":"2025-10-19T10:06:13","guid":{"rendered":"https:\/\/www.ghostysky.com\/?post_type=product&#038;p=22006"},"modified":"2026-02-24T13:40:36","modified_gmt":"2026-02-24T13:40:36","slug":"ouster-os2-32-rev7","status":"publish","type":"product","link":"https:\/\/www.ghostysky.com\/fr\/product\/ouster-os2-32-rev7\/","title":{"rendered":"Ouster OS2-32 Rev7"},"content":{"rendered":"<div id=\"model-response-message-contentr_8cade3a3a392d67c\" class=\"markdown markdown-main-panel stronger enable-updated-hr-color\" dir=\"ltr\">\n<div id=\"model-response-message-contentr_13f1f7e95ab2a8ec\" class=\"markdown markdown-main-panel stronger enable-updated-hr-color\" dir=\"ltr\">\n<div id=\"model-response-message-contentr_30f8c942791a5642\" class=\"markdown markdown-main-panel stronger enable-updated-hr-color\" dir=\"ltr\">\n<p><span class=\"citation-405\">L&#039;\u00e9viction <\/span><b><span class=\"citation-405\">OS2-32 R\u00e9v7<\/span><\/b><span class=\"citation-405 citation-end-405\"> est un capteur LiDAR num\u00e9rique hautes performances et longue port\u00e9e con\u00e7u pour les applications exigeantes telles que les camions autonomes, les robotaxis, les navettes et la surveillance des infrastructures \u00e0 grande \u00e9chelle.<\/span><\/p>\n<p><span class=\"citation-404\">Cela fait partie des derni\u00e8res nouveaut\u00e9s d&#039;Ouster <\/span><b><span class=\"citation-404\">REV7<\/span><\/b><span class=\"citation-404\"> s\u00e9rie, qui est aliment\u00e9e par la perc\u00e9e <\/span><b><span class=\"citation-404\">Puce LiDAR num\u00e9rique L3<\/span><\/b><span class=\"citation-404 citation-end-404\">, offrant des am\u00e9liorations de performances significatives par rapport aux g\u00e9n\u00e9rations pr\u00e9c\u00e9dentes.<\/span><\/p>\n<h4>Principales caract\u00e9ristiques et avantages<\/h4>\n<ul>\n<li><b><span class=\"citation-403\">Port\u00e9e exceptionnelle :<\/span><\/b><span class=\"citation-403\"> Equip\u00e9 de la puce L3, l&#039;OS2 dispose d&#039;une <\/span><b><span class=\"citation-403\">port\u00e9e maximale au-del\u00e0 de 400 m\u00e8tres<\/span><\/b><span class=\"citation-403\"> et peut d\u00e9tecter les cibles r\u00e9fl\u00e9chissantes 10% \u00e0 <\/span><b><span class=\"citation-403\">200 m\u00e8tres<\/span><\/b><span class=\"citation-403 citation-end-403\">, permettant un suivi s\u00fbr et efficace des objets sur un rayon d&#039;un quart de mile.<\/span><\/li>\n<li><b>Nuages de points de haute qualit\u00e9\u00a0:<\/b> Le capteur fournit des donn\u00e9es 3D riches et d\u00e9taill\u00e9es avec une r\u00e9solution verticale de <b>32 cha\u00eenes<\/b> et une puissance maximale de point jusqu&#039;\u00e0 <b>655 360 points par seconde<\/b> (pour la variante 32 canaux). <span class=\"citation-402 citation-end-402\">Il offre un double retour et une r\u00e9flectivit\u00e9 calibr\u00e9e.<\/span><\/li>\n<li><b><span class=\"citation-401\">Large champ de vision :<\/span><\/b><span class=\"citation-401\"> Fournit un <\/span><b><span class=\"citation-401\">Champ de vision horizontal \u00e0 360\u00b0<\/span><\/b><span class=\"citation-401 citation-end-401\"> et un <\/span><b><span class=\"math-inline\" data-math=\"22.5^\\circ\"><span class=\"katex\"><span class=\"katex-html\" aria-hidden=\"true\"><span class=\"base\"><span class=\"mord\">22.<\/span><span class=\"mord\">5<span class=\"msupsub\"><span class=\"vlist-t\"><span class=\"vlist-r\"><span class=\"vlist\"><span class=\"\"><span class=\"sizing reset-size6 size3 mtight\"><span class=\"mbin mtight\">\u2218<\/span><\/span><\/span><\/span><\/span><\/span><\/span><\/span><\/span><\/span><\/span><\/span><span class=\"citation-400\"> champ de vision vertical<\/span><\/b><span class=\"citation-400 citation-end-400\"> (<\/span><span class=\"math-inline\" data-math=\"-11.25^\\circ\"><span class=\"katex\"><span class=\"katex-html\" aria-hidden=\"true\"><span class=\"base\"><span class=\"mord\">\u2212<\/span><span class=\"mord\">11.2<\/span><span class=\"mord\">5<span class=\"msupsub\"><span class=\"vlist-t\"><span class=\"vlist-r\"><span class=\"vlist\"><span class=\"\"><span class=\"sizing reset-size6 size3 mtight\"><span class=\"mbin mtight\">\u2218<\/span><\/span><\/span><\/span><\/span><\/span><\/span><\/span><\/span><\/span><\/span><\/span><span class=\"citation-399 citation-end-399\"> \u00e0 <\/span><span class=\"math-inline\" data-math=\"+11.25^\\circ\"><span class=\"katex\"><span class=\"katex-html\" aria-hidden=\"true\"><span class=\"base\"><span class=\"mord\">+<\/span><span class=\"mord\">11.2<\/span><span class=\"mord\">5<span class=\"msupsub\"><span class=\"vlist-t\"><span class=\"vlist-r\"><span class=\"vlist\"><span class=\"\"><span class=\"sizing reset-size6 size3 mtight\"><span class=\"mbin mtight\">\u2218<\/span><\/span><\/span><\/span><\/span><\/span><\/span><\/span><\/span><\/span><\/span><\/span><span class=\"citation-398 citation-end-398\">).<\/span><\/li>\n<li><b>Pr\u00e9cision et exactitude am\u00e9lior\u00e9es :<\/b><span class=\"citation-397 citation-end-397\"> La g\u00e9n\u00e9ration Rev7 offre une pr\u00e9cision maximale de <\/span><span class=\"math-inline\" data-math=\"\\pm 2.0\\text{ cm}\"><span class=\"katex\"><span class=\"katex-html\" aria-hidden=\"true\"><span class=\"base\"><span class=\"mord\">\u00b1<\/span><span class=\"mord\">2.0<\/span><span class=\"mord text\"><span class=\"mord\">\u00a0cm<\/span><\/span><\/span><\/span><\/span><\/span><span class=\"citation-396 citation-end-396\"> et une pr\u00e9cision d&#039;\u00e9chantillonnage angulaire de <\/span><span class=\"math-inline\" data-math=\"\\pm 0.01^\\circ\"><span class=\"katex\"><span class=\"katex-html\" aria-hidden=\"true\"><span class=\"base\"><span class=\"mord\">\u00b1<\/span><span class=\"mord\">0.0<\/span><span class=\"mord\">1<span class=\"msupsub\"><span class=\"vlist-t\"><span class=\"vlist-r\"><span class=\"vlist\"><span class=\"\"><span class=\"sizing reset-size6 size3 mtight\"><span class=\"mbin mtight\">\u2218<\/span><\/span><\/span><\/span><\/span><\/span><\/span><\/span><\/span><\/span><\/span><\/span><span class=\"citation-395 citation-end-395\"> (Vertical\/Horizontal), am\u00e9liorant la pr\u00e9cision de la cartographie et de la d\u00e9tection des objets.<\/span><\/li>\n<li><b>Robuste et fiable :<\/b><span class=\"citation-394\"> Con\u00e7u pour un d\u00e9ploiement dans le monde r\u00e9el, l&#039;OS2-32 est class\u00e9 <\/span><b><span class=\"citation-394\">IP68\/IP69K<\/span><\/b><span class=\"citation-394 citation-end-394\"> Pour une protection sup\u00e9rieure contre la poussi\u00e8re et l&#039;eau, il a \u00e9t\u00e9 rigoureusement test\u00e9 pour r\u00e9sister aux chocs extr\u00eames, aux vibrations et \u00e0 une large plage de temp\u00e9ratures de fonctionnement (-20 \u00b0C \u00e0 <\/span><span class=\"math-inline\" data-math=\"+60^\\circ \\text{C}\"><span class=\"katex\"><span class=\"katex-html\" aria-hidden=\"true\"><span class=\"base\"><span class=\"mord\">+<\/span><span class=\"mord\">6<\/span><span class=\"mord\">0<span class=\"msupsub\"><span class=\"vlist-t\"><span class=\"vlist-r\"><span class=\"vlist\"><span class=\"\"><span class=\"sizing reset-size6 size3 mtight\"><span class=\"mbin mtight\">\u2218<\/span><\/span><\/span><\/span><\/span><\/span><\/span><\/span><span class=\"mord text\"><span class=\"mord\">C<\/span><\/span><\/span><\/span><\/span><\/span><span class=\"citation-393 citation-end-393\">).<\/span><\/li>\n<li><b>Avantage du LiDAR num\u00e9rique :<\/b><span class=\"citation-392 citation-end-392\"> L&#039;architecture num\u00e9rique d&#039;Ouster est intrins\u00e8quement plus simple, favorisant une fabrication \u00e0 haut volume, une efficacit\u00e9 des co\u00fbts et une plus grande fiabilit\u00e9.<\/span> <span class=\"citation-391\">La puce L3 comprend \u00e9galement une mise \u00e0 niveau majeure du syst\u00e8me embarqu\u00e9 <\/span><b><span class=\"citation-391\">Couche de donn\u00e9es de qualit\u00e9 cam\u00e9ra proche infrarouge (NIR)<\/span><\/b><span class=\"citation-391 citation-end-391\">, qui est parfaitement corr\u00e9l\u00e9 avec les donn\u00e9es LiDAR 3D.<\/span><\/li>\n<li><b><span class=\"citation-390\">Con\u00e7u pour la production :<\/span><\/b><span class=\"citation-390 citation-end-390\"> Avec environ <\/span><span class=\"math-inline\" data-math=\"95\\%\"><span class=\"katex\"><span class=\"katex-html\" aria-hidden=\"true\"><span class=\"base\"><span class=\"mord\">95%<\/span><\/span><\/span><\/span><\/span><span class=\"citation-389 citation-end-389\"> Composants de qualit\u00e9 automobile, la famille de capteurs REV7 est con\u00e7ue pour l&#039;\u00e9volutivit\u00e9 et la longue dur\u00e9e de vie dans les applications de flotte et industrielles.<\/span>\n<div class=\"source-inline-chip-container ng-star-inserted\"><\/div>\n<\/li>\n<\/ul>\n<\/div>\n<\/div>\n<\/div>","protected":false},"excerpt":{"rendered":"<p><span class=\"citation-405\">L&#039;\u00e9viction <\/span><b><span class=\"citation-405\">OS2-32 R\u00e9v7<\/span><\/b><span class=\"citation-405 citation-end-405\"> est un capteur LiDAR num\u00e9rique hautes performances et longue port\u00e9e con\u00e7u pour les applications exigeantes telles que les camions autonomes, les robotaxis, les navettes et la surveillance des infrastructures \u00e0 grande \u00e9chelle.<\/span><\/p>\n<p><span class=\"citation-404\">Cela fait partie des derni\u00e8res nouveaut\u00e9s d&#039;Ouster <\/span><b><span class=\"citation-404\">REV7<\/span><\/b><span class=\"citation-404\"> s\u00e9rie, qui est aliment\u00e9e par la perc\u00e9e <\/span><b><span class=\"citation-404\">Puce LiDAR num\u00e9rique L3<\/span><\/b><span class=\"citation-404 citation-end-404\">, offrant des am\u00e9liorations de performances significatives par rapport aux g\u00e9n\u00e9rations pr\u00e9c\u00e9dentes.<\/span><\/p>","protected":false},"featured_media":21979,"comment_status":"open","ping_status":"closed","template":"","meta":[],"product_brand":[1140],"product_cat":[1139,1037,1040],"product_tag":[1142,1141],"class_list":{"0":"post-22006","1":"product","2":"type-product","3":"status-publish","4":"has-post-thumbnail","6":"product_brand-ouster","7":"product_cat-ouster-lidars","8":"product_cat-robotics","9":"product_cat-sensors-robotics","10":"product_tag-ouster-dome-lidar","11":"product_tag-ouster-lidars","13":"first","14":"onbackorder","15":"taxable","16":"shipping-taxable","17":"purchasable","18":"product-type-simple"},"yoast_head":"<!-- This site is optimized with the Yoast SEO plugin v27.1.1 - https:\/\/yoast.com\/product\/yoast-seo-wordpress\/ -->\n<title>Ouster OS2-32 Rev7 - Ghostysky<\/title>\n<meta name=\"description\" content=\"The Ouster OS2-32 Rev7 is a high-performance, long-range Digital LiDAR sensor designed for demanding applications such as autonomous trucks, robotaxis, shuttles, and large-scale infrastructure monitoring.It is part of Ouster&#039;s latest REV7 series, which is powered by the breakthrough L3 Digital LiDAR Chip, delivering significant performance enhancements over previous generations.\" \/>\n<meta name=\"robots\" content=\"index, follow, max-snippet:-1, max-image-preview:large, max-video-preview:-1\" \/>\n<link rel=\"canonical\" href=\"https:\/\/www.ghostysky.com\/fr\/product\/ouster-os2-32-rev7\/\" \/>\n<meta property=\"og:locale\" content=\"fr_FR\" \/>\n<meta property=\"og:type\" content=\"article\" \/>\n<meta property=\"og:title\" content=\"Ouster OS2-32 Rev7 - Ghostysky\" \/>\n<meta property=\"og:description\" content=\"The Ouster OS2-32 Rev7 is a high-performance, long-range Digital LiDAR sensor designed for demanding applications such as autonomous trucks, robotaxis, shuttles, and large-scale infrastructure monitoring.It is part of Ouster&#039;s latest REV7 series, which is powered by the breakthrough L3 Digital LiDAR Chip, delivering significant performance enhancements over previous generations.\" \/>\n<meta property=\"og:url\" content=\"https:\/\/www.ghostysky.com\/fr\/product\/ouster-os2-32-rev7\/\" \/>\n<meta property=\"og:site_name\" content=\"Ghostysky\" \/>\n<meta property=\"article:publisher\" content=\"https:\/\/www.facebook.com\/people\/Ghostysky\/100057676170234\/\" \/>\n<meta property=\"article:modified_time\" content=\"2026-02-24T13:40:36+00:00\" \/>\n<meta property=\"og:image\" content=\"https:\/\/www.ghostysky.com\/wp-content\/uploads\/2025\/10\/GH_Ouster-Ouster-OS0-32-Rev7_1.png\" \/>\n\t<meta property=\"og:image:width\" content=\"800\" \/>\n\t<meta property=\"og:image:height\" content=\"800\" \/>\n\t<meta property=\"og:image:type\" content=\"image\/png\" \/>\n<meta name=\"twitter:card\" content=\"summary_large_image\" \/>\n<meta name=\"twitter:site\" content=\"@Gh0stysky\" \/>\n<meta name=\"twitter:label1\" content=\"Dur\u00e9e de lecture estim\u00e9e\" \/>\n\t<meta name=\"twitter:data1\" content=\"2 minutes\" \/>\n<script type=\"application\/ld+json\" class=\"yoast-schema-graph\">{\"@context\":\"https:\/\/schema.org\",\"@graph\":[{\"@type\":\"WebPage\",\"@id\":\"https:\/\/www.ghostysky.com\/product\/ouster-os2-32-rev7\/\",\"url\":\"https:\/\/www.ghostysky.com\/product\/ouster-os2-32-rev7\/\",\"name\":\"Ouster OS2-32 Rev7 - Ghostysky\",\"isPartOf\":{\"@id\":\"https:\/\/www.ghostysky.com\/#website\"},\"primaryImageOfPage\":{\"@id\":\"https:\/\/www.ghostysky.com\/product\/ouster-os2-32-rev7\/#primaryimage\"},\"image\":{\"@id\":\"https:\/\/www.ghostysky.com\/product\/ouster-os2-32-rev7\/#primaryimage\"},\"thumbnailUrl\":\"https:\/\/www.ghostysky.com\/wp-content\/uploads\/2025\/10\/GH_Ouster-Ouster-OS0-32-Rev7_1.png\",\"datePublished\":\"2025-10-19T10:06:13+00:00\",\"dateModified\":\"2026-02-24T13:40:36+00:00\",\"description\":\"The Ouster OS2-32 Rev7 is a high-performance, long-range Digital LiDAR sensor designed for demanding applications such as autonomous trucks, robotaxis, shuttles, and large-scale infrastructure monitoring.It is part of Ouster's latest REV7 series, which is powered by the breakthrough L3 Digital LiDAR Chip, delivering significant performance enhancements over previous generations.\",\"breadcrumb\":{\"@id\":\"https:\/\/www.ghostysky.com\/product\/ouster-os2-32-rev7\/#breadcrumb\"},\"inLanguage\":\"fr-FR\",\"potentialAction\":[{\"@type\":\"ReadAction\",\"target\":[\"https:\/\/www.ghostysky.com\/product\/ouster-os2-32-rev7\/\"]}]},{\"@type\":\"ImageObject\",\"inLanguage\":\"fr-FR\",\"@id\":\"https:\/\/www.ghostysky.com\/product\/ouster-os2-32-rev7\/#primaryimage\",\"url\":\"https:\/\/www.ghostysky.com\/wp-content\/uploads\/2025\/10\/GH_Ouster-Ouster-OS0-32-Rev7_1.png\",\"contentUrl\":\"https:\/\/www.ghostysky.com\/wp-content\/uploads\/2025\/10\/GH_Ouster-Ouster-OS0-32-Rev7_1.png\",\"width\":800,\"height\":800},{\"@type\":\"BreadcrumbList\",\"@id\":\"https:\/\/www.ghostysky.com\/product\/ouster-os2-32-rev7\/#breadcrumb\",\"itemListElement\":[{\"@type\":\"ListItem\",\"position\":1,\"name\":\"Home\",\"item\":\"https:\/\/www.ghostysky.com\/\"},{\"@type\":\"ListItem\",\"position\":2,\"name\":\"Shop\",\"item\":\"https:\/\/www.ghostysky.com\/shop\/\"},{\"@type\":\"ListItem\",\"position\":3,\"name\":\"Ouster OS2-32 Rev7\"}]},{\"@type\":\"WebSite\",\"@id\":\"https:\/\/www.ghostysky.com\/#website\",\"url\":\"https:\/\/www.ghostysky.com\/\",\"name\":\"Ghostysky\",\"description\":\"Delivering professional drones and services\",\"publisher\":{\"@id\":\"https:\/\/www.ghostysky.com\/#organization\"},\"potentialAction\":[{\"@type\":\"SearchAction\",\"target\":{\"@type\":\"EntryPoint\",\"urlTemplate\":\"https:\/\/www.ghostysky.com\/?s={search_term_string}\"},\"query-input\":{\"@type\":\"PropertyValueSpecification\",\"valueRequired\":true,\"valueName\":\"search_term_string\"}}],\"inLanguage\":\"fr-FR\"},{\"@type\":\"Organization\",\"@id\":\"https:\/\/www.ghostysky.com\/#organization\",\"name\":\"Ghostysky\",\"url\":\"https:\/\/www.ghostysky.com\/\",\"logo\":{\"@type\":\"ImageObject\",\"inLanguage\":\"fr-FR\",\"@id\":\"https:\/\/www.ghostysky.com\/#\/schema\/logo\/image\/\",\"url\":\"https:\/\/www.ghostysky.com\/wp-content\/uploads\/2020\/06\/cropped-ghostyskylogo_text_white2.png\",\"contentUrl\":\"https:\/\/www.ghostysky.com\/wp-content\/uploads\/2020\/06\/cropped-ghostyskylogo_text_white2.png\",\"width\":169,\"height\":56,\"caption\":\"Ghostysky\"},\"image\":{\"@id\":\"https:\/\/www.ghostysky.com\/#\/schema\/logo\/image\/\"},\"sameAs\":[\"https:\/\/www.facebook.com\/people\/Ghostysky\/100057676170234\/\",\"https:\/\/x.com\/Gh0stysky\",\"https:\/\/www.linkedin.com\/company\/34739653\",\"https:\/\/www.instagram.com\/gh0stysky\"]}]}<\/script>\n<!-- \/ Yoast SEO plugin. -->","yoast_head_json":{"title":"Ouster OS2-32 Rev7 - Ghostysky","description":"L&#039;Ouster OS2-32 Rev7 est un capteur LiDAR num\u00e9rique hautes performances et longue port\u00e9e con\u00e7u pour les applications exigeantes telles que les camions autonomes, les robotaxis, les navettes et la surveillance des infrastructures \u00e0 grande \u00e9chelle. Il fait partie de la derni\u00e8re s\u00e9rie REV7 d&#039;Ouster, qui est aliment\u00e9e par la puce LiDAR num\u00e9rique r\u00e9volutionnaire L3, offrant des am\u00e9liorations de performances significatives par rapport aux g\u00e9n\u00e9rations pr\u00e9c\u00e9dentes.","robots":{"index":"index","follow":"follow","max-snippet":"max-snippet:-1","max-image-preview":"max-image-preview:large","max-video-preview":"max-video-preview:-1"},"canonical":"https:\/\/www.ghostysky.com\/fr\/product\/ouster-os2-32-rev7\/","og_locale":"fr_FR","og_type":"article","og_title":"Ouster OS2-32 Rev7 - Ghostysky","og_description":"The Ouster OS2-32 Rev7 is a high-performance, long-range Digital LiDAR sensor designed for demanding applications such as autonomous trucks, robotaxis, shuttles, and large-scale infrastructure monitoring.It is part of Ouster's latest REV7 series, which is powered by the breakthrough L3 Digital LiDAR Chip, delivering significant performance enhancements over previous generations.","og_url":"https:\/\/www.ghostysky.com\/fr\/product\/ouster-os2-32-rev7\/","og_site_name":"Ghostysky","article_publisher":"https:\/\/www.facebook.com\/people\/Ghostysky\/100057676170234\/","article_modified_time":"2026-02-24T13:40:36+00:00","og_image":[{"width":800,"height":800,"url":"https:\/\/www.ghostysky.com\/wp-content\/uploads\/2025\/10\/GH_Ouster-Ouster-OS0-32-Rev7_1.png","type":"image\/png"}],"twitter_card":"summary_large_image","twitter_site":"@Gh0stysky","twitter_misc":{"Dur\u00e9e de lecture estim\u00e9e":"2 minutes"},"schema":{"@context":"https:\/\/schema.org","@graph":[{"@type":"WebPage","@id":"https:\/\/www.ghostysky.com\/product\/ouster-os2-32-rev7\/","url":"https:\/\/www.ghostysky.com\/product\/ouster-os2-32-rev7\/","name":"Ouster OS2-32 Rev7 - Ghostysky","isPartOf":{"@id":"https:\/\/www.ghostysky.com\/#website"},"primaryImageOfPage":{"@id":"https:\/\/www.ghostysky.com\/product\/ouster-os2-32-rev7\/#primaryimage"},"image":{"@id":"https:\/\/www.ghostysky.com\/product\/ouster-os2-32-rev7\/#primaryimage"},"thumbnailUrl":"https:\/\/www.ghostysky.com\/wp-content\/uploads\/2025\/10\/GH_Ouster-Ouster-OS0-32-Rev7_1.png","datePublished":"2025-10-19T10:06:13+00:00","dateModified":"2026-02-24T13:40:36+00:00","description":"L&#039;Ouster OS2-32 Rev7 est un capteur LiDAR num\u00e9rique hautes performances et longue port\u00e9e con\u00e7u pour les applications exigeantes telles que les camions autonomes, les robotaxis, les navettes et la surveillance des infrastructures \u00e0 grande \u00e9chelle. Il fait partie de la derni\u00e8re s\u00e9rie REV7 d&#039;Ouster, qui est aliment\u00e9e par la puce LiDAR num\u00e9rique r\u00e9volutionnaire L3, offrant des am\u00e9liorations de performances significatives par rapport aux g\u00e9n\u00e9rations pr\u00e9c\u00e9dentes.","breadcrumb":{"@id":"https:\/\/www.ghostysky.com\/product\/ouster-os2-32-rev7\/#breadcrumb"},"inLanguage":"fr-FR","potentialAction":[{"@type":"ReadAction","target":["https:\/\/www.ghostysky.com\/product\/ouster-os2-32-rev7\/"]}]},{"@type":"ImageObject","inLanguage":"fr-FR","@id":"https:\/\/www.ghostysky.com\/product\/ouster-os2-32-rev7\/#primaryimage","url":"https:\/\/www.ghostysky.com\/wp-content\/uploads\/2025\/10\/GH_Ouster-Ouster-OS0-32-Rev7_1.png","contentUrl":"https:\/\/www.ghostysky.com\/wp-content\/uploads\/2025\/10\/GH_Ouster-Ouster-OS0-32-Rev7_1.png","width":800,"height":800},{"@type":"BreadcrumbList","@id":"https:\/\/www.ghostysky.com\/product\/ouster-os2-32-rev7\/#breadcrumb","itemListElement":[{"@type":"ListItem","position":1,"name":"Home","item":"https:\/\/www.ghostysky.com\/"},{"@type":"ListItem","position":2,"name":"Shop","item":"https:\/\/www.ghostysky.com\/shop\/"},{"@type":"ListItem","position":3,"name":"Ouster OS2-32 Rev7"}]},{"@type":"WebSite","@id":"https:\/\/www.ghostysky.com\/#website","url":"https:\/\/www.ghostysky.com\/","name":"Ghostysky","description":"Livraison de drones et de services professionnels","publisher":{"@id":"https:\/\/www.ghostysky.com\/#organization"},"potentialAction":[{"@type":"SearchAction","target":{"@type":"EntryPoint","urlTemplate":"https:\/\/www.ghostysky.com\/?s={search_term_string}"},"query-input":{"@type":"PropertyValueSpecification","valueRequired":true,"valueName":"search_term_string"}}],"inLanguage":"fr-FR"},{"@type":"Organization","@id":"https:\/\/www.ghostysky.com\/#organization","name":"Ghostysky","url":"https:\/\/www.ghostysky.com\/","logo":{"@type":"ImageObject","inLanguage":"fr-FR","@id":"https:\/\/www.ghostysky.com\/#\/schema\/logo\/image\/","url":"https:\/\/www.ghostysky.com\/wp-content\/uploads\/2020\/06\/cropped-ghostyskylogo_text_white2.png","contentUrl":"https:\/\/www.ghostysky.com\/wp-content\/uploads\/2020\/06\/cropped-ghostyskylogo_text_white2.png","width":169,"height":56,"caption":"Ghostysky"},"image":{"@id":"https:\/\/www.ghostysky.com\/#\/schema\/logo\/image\/"},"sameAs":["https:\/\/www.facebook.com\/people\/Ghostysky\/100057676170234\/","https:\/\/x.com\/Gh0stysky","https:\/\/www.linkedin.com\/company\/34739653","https:\/\/www.instagram.com\/gh0stysky"]}]}},"_links":{"self":[{"href":"https:\/\/www.ghostysky.com\/fr\/wp-json\/wp\/v2\/product\/22006","targetHints":{"allow":["GET"]}}],"collection":[{"href":"https:\/\/www.ghostysky.com\/fr\/wp-json\/wp\/v2\/product"}],"about":[{"href":"https:\/\/www.ghostysky.com\/fr\/wp-json\/wp\/v2\/types\/product"}],"replies":[{"embeddable":true,"href":"https:\/\/www.ghostysky.com\/fr\/wp-json\/wp\/v2\/comments?post=22006"}],"wp:featuredmedia":[{"embeddable":true,"href":"https:\/\/www.ghostysky.com\/fr\/wp-json\/wp\/v2\/media\/21979"}],"wp:attachment":[{"href":"https:\/\/www.ghostysky.com\/fr\/wp-json\/wp\/v2\/media?parent=22006"}],"wp:term":[{"taxonomy":"product_brand","embeddable":true,"href":"https:\/\/www.ghostysky.com\/fr\/wp-json\/wp\/v2\/product_brand?post=22006"},{"taxonomy":"product_cat","embeddable":true,"href":"https:\/\/www.ghostysky.com\/fr\/wp-json\/wp\/v2\/product_cat?post=22006"},{"taxonomy":"product_tag","embeddable":true,"href":"https:\/\/www.ghostysky.com\/fr\/wp-json\/wp\/v2\/product_tag?post=22006"}],"curies":[{"name":"wp","href":"https:\/\/api.w.org\/{rel}","templated":true}]}}