{"id":22007,"date":"2025-10-19T10:09:29","date_gmt":"2025-10-19T10:09:29","guid":{"rendered":"https:\/\/www.ghostysky.com\/?post_type=product&#038;p=22007"},"modified":"2026-02-24T13:43:18","modified_gmt":"2026-02-24T13:43:18","slug":"ouster-os2-64-rev7","status":"publish","type":"product","link":"https:\/\/www.ghostysky.com\/fr\/product\/ouster-os2-64-rev7\/","title":{"rendered":"Ouster OS2-64 Rev7"},"content":{"rendered":"<div id=\"model-response-message-contentr_8cade3a3a392d67c\" class=\"markdown markdown-main-panel stronger enable-updated-hr-color\" dir=\"ltr\">\n<div id=\"model-response-message-contentr_13f1f7e95ab2a8ec\" class=\"markdown markdown-main-panel stronger enable-updated-hr-color\" dir=\"ltr\">\n<div id=\"model-response-message-contentr_30f8c942791a5642\" class=\"markdown markdown-main-panel stronger enable-updated-hr-color\" dir=\"ltr\">\n<div class=\"source-inline-chip-container ng-star-inserted\">\n<h4>Principales caract\u00e9ristiques et sp\u00e9cifications<\/h4>\n<ul>\n<li><b><span class=\"citation-451\">Performances \u00e0 longue port\u00e9e :<\/span><\/b><span class=\"citation-451\"> Equip\u00e9 de la puce L3, l&#039;OS2-64 Rev7 offre la plus longue port\u00e9e d&#039;Ouster, capable de d\u00e9tecter une cible r\u00e9fl\u00e9chissante 10% \u00e0 <\/span><b><span class=\"citation-451\">200 m\u00e8tres<\/span><\/b><span class=\"citation-451\"> et b\u00e9n\u00e9ficiant d&#039;une gamme maximale repr\u00e9sentable de plus de <\/span><b><span class=\"citation-451\">400 m\u00e8tres<\/span><\/b><span class=\"citation-451 citation-end-451\">.<\/span> Cela permet un suivi robuste des objets sur de longues distances.<\/li>\n<li><b><span class=\"citation-450\">Haute r\u00e9solution:<\/span><\/b><span class=\"citation-450\"> Il fournit <\/span><b><span class=\"citation-450\">64 cha\u00eenes<\/span><\/b><span class=\"citation-450 citation-end-450\"> de r\u00e9solution verticale avec un\u00a0<\/span><span class=\"math-inline\" data-math=\"22.5^\\circ\">22,5\u00ba<\/span><span class=\"citation-449 citation-end-449\"> champ de vision vertical (FOV) et un <\/span><span class=\"math-inline\" data-math=\"360^\\circ\">360\u00ba<\/span><span class=\"citation-448 citation-end-448\">\u00a0champ de vision horizontal.<\/span> <span class=\"citation-447 citation-end-447\">La r\u00e9solution horizontale est configurable jusqu&#039;\u00e0 2048.<\/span><\/li>\n<li><b>Densit\u00e9 \u00e9lev\u00e9e des nuages ponctuels :<\/b> Le capteur fournit des donn\u00e9es riches et d\u00e9taill\u00e9es avec jusqu&#039;\u00e0 <b>1,3 million de points par seconde<\/b> (en mode 64 canaux).<\/li>\n<li><b>Sortie de donn\u00e9es am\u00e9lior\u00e9e\u00a0:<\/b><span class=\"citation-446\"> Il prend en charge <\/span><b><span class=\"citation-446\">Mode de retour double<\/span><\/b><span class=\"citation-446 citation-end-446\">, qui fournit deux retours (le plus fort et le deuxi\u00e8me plus fort) par tir laser, am\u00e9liorant ainsi les performances de d\u00e9tection dans des environnements complexes.<\/span><\/li>\n<li><b><span class=\"citation-445\">Cam\u00e9ra proche infrarouge (NIR) int\u00e9gr\u00e9e\u00a0:<\/span><\/b><span class=\"citation-445 citation-end-445\"> La puce L3 am\u00e9liore la couche de donn\u00e9es NIR de qualit\u00e9 cam\u00e9ra 2D unique d&#039;Ouster, qui est parfaitement align\u00e9e avec les donn\u00e9es de nuage de points 3D, permettant des algorithmes combin\u00e9s de vision et de perception lidar.<\/span><\/li>\n<li><b><span class=\"citation-444\">Robuste et fiable :<\/span><\/b><span class=\"citation-444\"> Not\u00e9 <\/span><b><span class=\"citation-444\">IP68\/IP69K<\/span><\/b><span class=\"citation-444 citation-end-444\"> pour une protection sup\u00e9rieure contre la poussi\u00e8re, l&#039;eau et les projections \u00e0 haute pression, ce qui le rend adapt\u00e9 \u00e0 un d\u00e9ploiement int\u00e9rieur\/ext\u00e9rieur par tous les temps.<sup class=\"superscript\" data-turn-source-index=\"10\">10<\/sup><\/span> <span class=\"citation-443 citation-end-443\">Il pr\u00e9sente \u00e9galement une plus grande r\u00e9sistance aux chocs et aux vibrations.<\/span><\/li>\n<li><b>Facteur de forme compact :<\/b><span class=\"citation-442 citation-end-442\"> Le Rev7 conserve la m\u00eame conception petite, l\u00e9g\u00e8re (1100 g) et \u00e9conome en \u00e9nergie que les g\u00e9n\u00e9rations pr\u00e9c\u00e9dentes.<\/span><\/li>\n<li><b><span class=\"citation-441\">Pr\u00e9cision:<\/span><\/b><span class=\"citation-441 citation-end-441\"> Le capteur offre une pr\u00e9cision de port\u00e9e \u00e9lev\u00e9e, g\u00e9n\u00e9ralement <span style=\"font-size: 13.3333px;\">+-<\/span><\/span><span class=\"math-inline\" data-math=\"\\pm 2 \\text{ cm}\"> 2 cm<\/span><span class=\"citation-440 citation-end-440\"> \u00e0 +- <\/span><span class=\"math-inline\" data-math=\"\\pm 8 \\text{ cm}\">8 cm<\/span><span class=\"citation-439 citation-end-439\">.<\/span><\/li>\n<li><b><span class=\"citation-438\">IMU int\u00e9gr\u00e9 :<\/span><\/b><span class=\"citation-438 citation-end-438\"> Inclut une unit\u00e9 de mesure inertielle (IMU) int\u00e9gr\u00e9e pour prendre en charge les algorithmes SLAM (localisation et cartographie simultan\u00e9es) et la compensation de mouvement.<\/span><\/li>\n<li><b><span class=\"citation-437\">Configuration du faisceau :<\/span><\/b><span class=\"citation-437 citation-end-437\"> Le mod\u00e8le \u00e0 64 canaux offre des options de faisceau configurables, notamment Uniforme (par d\u00e9faut), Gradient, Au-dessus de l&#039;horizon et Au-dessous de l&#039;horizon pour adapter le champ de vision vertical aux besoins sp\u00e9cifiques de l&#039;application.<\/span><\/li>\n<\/ul>\n<h4>Am\u00e9liorations de la Rev7 (par rapport aux g\u00e9n\u00e9rations pr\u00e9c\u00e9dentes)<\/h4>\n<p><span class=\"citation-436 citation-end-436\">La g\u00e9n\u00e9ration Rev7, notamment gr\u00e2ce \u00e0 la puce L3, offre un certain nombre d&#039;am\u00e9liorations cl\u00e9s :<\/span><\/p>\n<ul>\n<li><b><span class=\"citation-435\">Augmentation de la port\u00e9e 2x<\/span><\/b><span class=\"citation-435 citation-end-435\"> sur les cibles r\u00e9fl\u00e9chissantes 10%.<\/span><\/li>\n<li><b><span class=\"citation-434\">Augmentation de 10x de la sensibilit\u00e9 aux photons<\/span><\/b><span class=\"citation-434 citation-end-434\"> pour une meilleure d\u00e9tection des objets sombres.<\/span><\/li>\n<li><b><span class=\"citation-433\">Port\u00e9e minimale r\u00e9duite<\/span><\/b><span class=\"citation-433 citation-end-433\"> (jusqu&#039;\u00e0 0,8 m\u00e8tre, ou 0 cm avec un firmware sp\u00e9cifique).<\/span><\/li>\n<li><b><span class=\"citation-432\">Temp\u00e9rature de fonctionnement maximale augment\u00e9e<\/span><\/b><span class=\"citation-432 citation-end-432\"> (jusqu&#039;\u00e0 <\/span><span class=\"math-inline\" data-math=\"+65^\\circ\\text{C}\">+65\u00baC<\/span><span class=\"citation-431 citation-end-431\">).<\/span><\/li>\n<li><b><span class=\"citation-430\">Mode de retour double<\/span><\/b><span class=\"citation-430 citation-end-430\"> prise en charge de la sortie de donn\u00e9es am\u00e9lior\u00e9e.<\/span><\/li>\n<\/ul>\n<p>L&#039;Ouster OS2-64 Rev7 est un choix de premier ordre pour les clients \u00e0 la recherche d&#039;une solution lidar num\u00e9rique longue port\u00e9e puissante, fiable et rentable pour les applications critiques pour la s\u00e9curit\u00e9 et les hautes performances.<\/p>\n<\/div>\n<\/div>\n<\/div>\n<\/div>","protected":false},"excerpt":{"rendered":"<p><span class=\"citation-453 citation-end-453\">L&#039;Ouster OS2-64 Rev7 est un capteur LiDAR num\u00e9rique longue port\u00e9e et haute r\u00e9solution con\u00e7u pour les applications exigeantes telles que les v\u00e9hicules autonomes, la robotique et la surveillance industrielle \u00e0 grande \u00e9chelle.<\/span> <span class=\"citation-452\">Il fait partie de la g\u00e9n\u00e9ration Rev7 d&#039;Ouster, qui pr\u00e9sente des am\u00e9liorations de performances significatives aliment\u00e9es par la personnalisation <\/span><b><span class=\"citation-452\">Puce lidar num\u00e9rique L3.<\/span><\/b><\/p>","protected":false},"featured_media":21979,"comment_status":"open","ping_status":"closed","template":"","meta":[],"product_brand":[1140],"product_cat":[1139,1037,1040],"product_tag":[1142,1141],"class_list":{"0":"post-22007","1":"product","2":"type-product","3":"status-publish","4":"has-post-thumbnail","6":"product_brand-ouster","7":"product_cat-ouster-lidars","8":"product_cat-robotics","9":"product_cat-sensors-robotics","10":"product_tag-ouster-dome-lidar","11":"product_tag-ouster-lidars","13":"first","14":"onbackorder","15":"taxable","16":"shipping-taxable","17":"purchasable","18":"product-type-simple"},"yoast_head":"<!-- This site is optimized with the Yoast SEO plugin v27.1.1 - https:\/\/yoast.com\/product\/yoast-seo-wordpress\/ -->\n<title>Ouster OS2-64 Rev7 - Ghostysky<\/title>\n<meta name=\"description\" content=\"The Ouster OS2-64 Rev7 is a long-range, high-resolution digital LiDAR sensor designed for demanding applications such as autonomous vehicles, robotics, and large-scale industrial monitoring. It is part of Ouster&#039;s Rev7 generation, which features significant performance upgrades powered by the custom L3 digital lidar chip.\" \/>\n<meta name=\"robots\" content=\"index, follow, max-snippet:-1, max-image-preview:large, max-video-preview:-1\" \/>\n<link rel=\"canonical\" href=\"https:\/\/www.ghostysky.com\/fr\/product\/ouster-os2-64-rev7\/\" \/>\n<meta property=\"og:locale\" content=\"fr_FR\" \/>\n<meta property=\"og:type\" content=\"article\" \/>\n<meta property=\"og:title\" content=\"Ouster OS2-64 Rev7 - Ghostysky\" \/>\n<meta property=\"og:description\" content=\"The Ouster OS2-64 Rev7 is a long-range, high-resolution digital LiDAR sensor designed for demanding applications such as autonomous vehicles, robotics, and large-scale industrial monitoring. It is part of Ouster&#039;s Rev7 generation, which features significant performance upgrades powered by the custom L3 digital lidar chip.\" \/>\n<meta property=\"og:url\" content=\"https:\/\/www.ghostysky.com\/fr\/product\/ouster-os2-64-rev7\/\" \/>\n<meta property=\"og:site_name\" content=\"Ghostysky\" \/>\n<meta property=\"article:publisher\" content=\"https:\/\/www.facebook.com\/people\/Ghostysky\/100057676170234\/\" \/>\n<meta property=\"article:modified_time\" content=\"2026-02-24T13:43:18+00:00\" \/>\n<meta property=\"og:image\" content=\"https:\/\/www.ghostysky.com\/wp-content\/uploads\/2025\/10\/GH_Ouster-Ouster-OS0-32-Rev7_1.png\" \/>\n\t<meta property=\"og:image:width\" content=\"800\" \/>\n\t<meta property=\"og:image:height\" content=\"800\" \/>\n\t<meta property=\"og:image:type\" content=\"image\/png\" \/>\n<meta name=\"twitter:card\" content=\"summary_large_image\" \/>\n<meta name=\"twitter:site\" content=\"@Gh0stysky\" \/>\n<meta name=\"twitter:label1\" content=\"Dur\u00e9e de lecture estim\u00e9e\" \/>\n\t<meta name=\"twitter:data1\" content=\"2 minutes\" \/>\n<script type=\"application\/ld+json\" class=\"yoast-schema-graph\">{\"@context\":\"https:\/\/schema.org\",\"@graph\":[{\"@type\":\"WebPage\",\"@id\":\"https:\/\/www.ghostysky.com\/product\/ouster-os2-64-rev7\/\",\"url\":\"https:\/\/www.ghostysky.com\/product\/ouster-os2-64-rev7\/\",\"name\":\"Ouster OS2-64 Rev7 - Ghostysky\",\"isPartOf\":{\"@id\":\"https:\/\/www.ghostysky.com\/#website\"},\"primaryImageOfPage\":{\"@id\":\"https:\/\/www.ghostysky.com\/product\/ouster-os2-64-rev7\/#primaryimage\"},\"image\":{\"@id\":\"https:\/\/www.ghostysky.com\/product\/ouster-os2-64-rev7\/#primaryimage\"},\"thumbnailUrl\":\"https:\/\/www.ghostysky.com\/wp-content\/uploads\/2025\/10\/GH_Ouster-Ouster-OS0-32-Rev7_1.png\",\"datePublished\":\"2025-10-19T10:09:29+00:00\",\"dateModified\":\"2026-02-24T13:43:18+00:00\",\"description\":\"The Ouster OS2-64 Rev7 is a long-range, high-resolution digital LiDAR sensor designed for demanding applications such as autonomous vehicles, robotics, and large-scale industrial monitoring. It is part of Ouster's Rev7 generation, which features significant performance upgrades powered by the custom L3 digital lidar chip.\",\"breadcrumb\":{\"@id\":\"https:\/\/www.ghostysky.com\/product\/ouster-os2-64-rev7\/#breadcrumb\"},\"inLanguage\":\"fr-FR\",\"potentialAction\":[{\"@type\":\"ReadAction\",\"target\":[\"https:\/\/www.ghostysky.com\/product\/ouster-os2-64-rev7\/\"]}]},{\"@type\":\"ImageObject\",\"inLanguage\":\"fr-FR\",\"@id\":\"https:\/\/www.ghostysky.com\/product\/ouster-os2-64-rev7\/#primaryimage\",\"url\":\"https:\/\/www.ghostysky.com\/wp-content\/uploads\/2025\/10\/GH_Ouster-Ouster-OS0-32-Rev7_1.png\",\"contentUrl\":\"https:\/\/www.ghostysky.com\/wp-content\/uploads\/2025\/10\/GH_Ouster-Ouster-OS0-32-Rev7_1.png\",\"width\":800,\"height\":800},{\"@type\":\"BreadcrumbList\",\"@id\":\"https:\/\/www.ghostysky.com\/product\/ouster-os2-64-rev7\/#breadcrumb\",\"itemListElement\":[{\"@type\":\"ListItem\",\"position\":1,\"name\":\"Home\",\"item\":\"https:\/\/www.ghostysky.com\/\"},{\"@type\":\"ListItem\",\"position\":2,\"name\":\"Shop\",\"item\":\"https:\/\/www.ghostysky.com\/shop\/\"},{\"@type\":\"ListItem\",\"position\":3,\"name\":\"Ouster OS2-64 Rev7\"}]},{\"@type\":\"WebSite\",\"@id\":\"https:\/\/www.ghostysky.com\/#website\",\"url\":\"https:\/\/www.ghostysky.com\/\",\"name\":\"Ghostysky\",\"description\":\"Delivering professional drones and services\",\"publisher\":{\"@id\":\"https:\/\/www.ghostysky.com\/#organization\"},\"potentialAction\":[{\"@type\":\"SearchAction\",\"target\":{\"@type\":\"EntryPoint\",\"urlTemplate\":\"https:\/\/www.ghostysky.com\/?s={search_term_string}\"},\"query-input\":{\"@type\":\"PropertyValueSpecification\",\"valueRequired\":true,\"valueName\":\"search_term_string\"}}],\"inLanguage\":\"fr-FR\"},{\"@type\":\"Organization\",\"@id\":\"https:\/\/www.ghostysky.com\/#organization\",\"name\":\"Ghostysky\",\"url\":\"https:\/\/www.ghostysky.com\/\",\"logo\":{\"@type\":\"ImageObject\",\"inLanguage\":\"fr-FR\",\"@id\":\"https:\/\/www.ghostysky.com\/#\/schema\/logo\/image\/\",\"url\":\"https:\/\/www.ghostysky.com\/wp-content\/uploads\/2020\/06\/cropped-ghostyskylogo_text_white2.png\",\"contentUrl\":\"https:\/\/www.ghostysky.com\/wp-content\/uploads\/2020\/06\/cropped-ghostyskylogo_text_white2.png\",\"width\":169,\"height\":56,\"caption\":\"Ghostysky\"},\"image\":{\"@id\":\"https:\/\/www.ghostysky.com\/#\/schema\/logo\/image\/\"},\"sameAs\":[\"https:\/\/www.facebook.com\/people\/Ghostysky\/100057676170234\/\",\"https:\/\/x.com\/Gh0stysky\",\"https:\/\/www.linkedin.com\/company\/34739653\",\"https:\/\/www.instagram.com\/gh0stysky\"]}]}<\/script>\n<!-- \/ Yoast SEO plugin. -->","yoast_head_json":{"title":"Ouster OS2-64 Rev7 - Ghostysky","description":"L&#039;Ouster OS2-64 Rev7 est un capteur LiDAR num\u00e9rique longue port\u00e9e et haute r\u00e9solution, con\u00e7u pour des applications exigeantes telles que les v\u00e9hicules autonomes, la robotique et la surveillance industrielle \u00e0 grande \u00e9chelle. Il fait partie de la g\u00e9n\u00e9ration Rev7 d&#039;Ouster, qui b\u00e9n\u00e9ficie d&#039;am\u00e9liorations significatives de performances gr\u00e2ce \u00e0 la puce lidar num\u00e9rique L3 personnalis\u00e9e.","robots":{"index":"index","follow":"follow","max-snippet":"max-snippet:-1","max-image-preview":"max-image-preview:large","max-video-preview":"max-video-preview:-1"},"canonical":"https:\/\/www.ghostysky.com\/fr\/product\/ouster-os2-64-rev7\/","og_locale":"fr_FR","og_type":"article","og_title":"Ouster OS2-64 Rev7 - Ghostysky","og_description":"The Ouster OS2-64 Rev7 is a long-range, high-resolution digital LiDAR sensor designed for demanding applications such as autonomous vehicles, robotics, and large-scale industrial monitoring. It is part of Ouster's Rev7 generation, which features significant performance upgrades powered by the custom L3 digital lidar chip.","og_url":"https:\/\/www.ghostysky.com\/fr\/product\/ouster-os2-64-rev7\/","og_site_name":"Ghostysky","article_publisher":"https:\/\/www.facebook.com\/people\/Ghostysky\/100057676170234\/","article_modified_time":"2026-02-24T13:43:18+00:00","og_image":[{"width":800,"height":800,"url":"https:\/\/www.ghostysky.com\/wp-content\/uploads\/2025\/10\/GH_Ouster-Ouster-OS0-32-Rev7_1.png","type":"image\/png"}],"twitter_card":"summary_large_image","twitter_site":"@Gh0stysky","twitter_misc":{"Dur\u00e9e de lecture estim\u00e9e":"2 minutes"},"schema":{"@context":"https:\/\/schema.org","@graph":[{"@type":"WebPage","@id":"https:\/\/www.ghostysky.com\/product\/ouster-os2-64-rev7\/","url":"https:\/\/www.ghostysky.com\/product\/ouster-os2-64-rev7\/","name":"Ouster OS2-64 Rev7 - Ghostysky","isPartOf":{"@id":"https:\/\/www.ghostysky.com\/#website"},"primaryImageOfPage":{"@id":"https:\/\/www.ghostysky.com\/product\/ouster-os2-64-rev7\/#primaryimage"},"image":{"@id":"https:\/\/www.ghostysky.com\/product\/ouster-os2-64-rev7\/#primaryimage"},"thumbnailUrl":"https:\/\/www.ghostysky.com\/wp-content\/uploads\/2025\/10\/GH_Ouster-Ouster-OS0-32-Rev7_1.png","datePublished":"2025-10-19T10:09:29+00:00","dateModified":"2026-02-24T13:43:18+00:00","description":"L&#039;Ouster OS2-64 Rev7 est un capteur LiDAR num\u00e9rique longue port\u00e9e et haute r\u00e9solution, con\u00e7u pour des applications exigeantes telles que les v\u00e9hicules autonomes, la robotique et la surveillance industrielle \u00e0 grande \u00e9chelle. Il fait partie de la g\u00e9n\u00e9ration Rev7 d&#039;Ouster, qui b\u00e9n\u00e9ficie d&#039;am\u00e9liorations significatives de performances gr\u00e2ce \u00e0 la puce lidar num\u00e9rique L3 personnalis\u00e9e.","breadcrumb":{"@id":"https:\/\/www.ghostysky.com\/product\/ouster-os2-64-rev7\/#breadcrumb"},"inLanguage":"fr-FR","potentialAction":[{"@type":"ReadAction","target":["https:\/\/www.ghostysky.com\/product\/ouster-os2-64-rev7\/"]}]},{"@type":"ImageObject","inLanguage":"fr-FR","@id":"https:\/\/www.ghostysky.com\/product\/ouster-os2-64-rev7\/#primaryimage","url":"https:\/\/www.ghostysky.com\/wp-content\/uploads\/2025\/10\/GH_Ouster-Ouster-OS0-32-Rev7_1.png","contentUrl":"https:\/\/www.ghostysky.com\/wp-content\/uploads\/2025\/10\/GH_Ouster-Ouster-OS0-32-Rev7_1.png","width":800,"height":800},{"@type":"BreadcrumbList","@id":"https:\/\/www.ghostysky.com\/product\/ouster-os2-64-rev7\/#breadcrumb","itemListElement":[{"@type":"ListItem","position":1,"name":"Home","item":"https:\/\/www.ghostysky.com\/"},{"@type":"ListItem","position":2,"name":"Shop","item":"https:\/\/www.ghostysky.com\/shop\/"},{"@type":"ListItem","position":3,"name":"Ouster OS2-64 Rev7"}]},{"@type":"WebSite","@id":"https:\/\/www.ghostysky.com\/#website","url":"https:\/\/www.ghostysky.com\/","name":"Ghostysky","description":"Livraison de drones et de services professionnels","publisher":{"@id":"https:\/\/www.ghostysky.com\/#organization"},"potentialAction":[{"@type":"SearchAction","target":{"@type":"EntryPoint","urlTemplate":"https:\/\/www.ghostysky.com\/?s={search_term_string}"},"query-input":{"@type":"PropertyValueSpecification","valueRequired":true,"valueName":"search_term_string"}}],"inLanguage":"fr-FR"},{"@type":"Organization","@id":"https:\/\/www.ghostysky.com\/#organization","name":"Ghostysky","url":"https:\/\/www.ghostysky.com\/","logo":{"@type":"ImageObject","inLanguage":"fr-FR","@id":"https:\/\/www.ghostysky.com\/#\/schema\/logo\/image\/","url":"https:\/\/www.ghostysky.com\/wp-content\/uploads\/2020\/06\/cropped-ghostyskylogo_text_white2.png","contentUrl":"https:\/\/www.ghostysky.com\/wp-content\/uploads\/2020\/06\/cropped-ghostyskylogo_text_white2.png","width":169,"height":56,"caption":"Ghostysky"},"image":{"@id":"https:\/\/www.ghostysky.com\/#\/schema\/logo\/image\/"},"sameAs":["https:\/\/www.facebook.com\/people\/Ghostysky\/100057676170234\/","https:\/\/x.com\/Gh0stysky","https:\/\/www.linkedin.com\/company\/34739653","https:\/\/www.instagram.com\/gh0stysky"]}]}},"_links":{"self":[{"href":"https:\/\/www.ghostysky.com\/fr\/wp-json\/wp\/v2\/product\/22007","targetHints":{"allow":["GET"]}}],"collection":[{"href":"https:\/\/www.ghostysky.com\/fr\/wp-json\/wp\/v2\/product"}],"about":[{"href":"https:\/\/www.ghostysky.com\/fr\/wp-json\/wp\/v2\/types\/product"}],"replies":[{"embeddable":true,"href":"https:\/\/www.ghostysky.com\/fr\/wp-json\/wp\/v2\/comments?post=22007"}],"wp:featuredmedia":[{"embeddable":true,"href":"https:\/\/www.ghostysky.com\/fr\/wp-json\/wp\/v2\/media\/21979"}],"wp:attachment":[{"href":"https:\/\/www.ghostysky.com\/fr\/wp-json\/wp\/v2\/media?parent=22007"}],"wp:term":[{"taxonomy":"product_brand","embeddable":true,"href":"https:\/\/www.ghostysky.com\/fr\/wp-json\/wp\/v2\/product_brand?post=22007"},{"taxonomy":"product_cat","embeddable":true,"href":"https:\/\/www.ghostysky.com\/fr\/wp-json\/wp\/v2\/product_cat?post=22007"},{"taxonomy":"product_tag","embeddable":true,"href":"https:\/\/www.ghostysky.com\/fr\/wp-json\/wp\/v2\/product_tag?post=22007"}],"curies":[{"name":"wp","href":"https:\/\/api.w.org\/{rel}","templated":true}]}}