{"id":22008,"date":"2025-10-19T10:17:55","date_gmt":"2025-10-19T10:17:55","guid":{"rendered":"https:\/\/www.ghostysky.com\/?post_type=product&#038;p=22008"},"modified":"2026-02-24T13:44:21","modified_gmt":"2026-02-24T13:44:21","slug":"ouster-os2-128-rev7","status":"publish","type":"product","link":"https:\/\/www.ghostysky.com\/fr\/product\/ouster-os2-128-rev7\/","title":{"rendered":"Ouster OS2-128 Rev7"},"content":{"rendered":"<div id=\"model-response-message-contentr_8cade3a3a392d67c\" class=\"markdown markdown-main-panel stronger enable-updated-hr-color\" dir=\"ltr\">\n<div id=\"model-response-message-contentr_13f1f7e95ab2a8ec\" class=\"markdown markdown-main-panel stronger enable-updated-hr-color\" dir=\"ltr\">\n<div id=\"model-response-message-contentr_30f8c942791a5642\" class=\"markdown markdown-main-panel stronger enable-updated-hr-color\" dir=\"ltr\">\n<div class=\"source-inline-chip-container ng-star-inserted\">\n<h4><b>Principales caract\u00e9ristiques et points forts<\/b><\/h4>\n<ul>\n<li><b><span class=\"citation-495\">Port\u00e9e exceptionnelle :<\/span><\/b><span class=\"citation-495\"> \u00c9quip\u00e9 de la perc\u00e9e <\/span><b><span class=\"citation-495\">Puce L3<\/span><\/b><span class=\"citation-495\">, l&#039;OS2-128 Rev7 offre une gamme de pointe, avec un <\/span><b><span class=\"citation-495\">port\u00e9e maximale au-del\u00e0 de 400 m\u00e8tres<\/span><\/b><span class=\"citation-495\"> et la capacit\u00e9 de d\u00e9tecter des cibles r\u00e9fl\u00e9chissantes 10% \u00e0 <\/span><b><span class=\"citation-495\">200 m\u00e8tres<\/span><\/b><span class=\"citation-495 citation-end-495\"> avec une forte probabilit\u00e9.<\/span><\/li>\n<li><b><span class=\"citation-494\">Haute r\u00e9solution:<\/span><\/b><span class=\"citation-494\"> Caract\u00e9ristiques <\/span><b><span class=\"citation-494\">128 cha\u00eenes<\/span><\/b><span class=\"citation-494 citation-end-494\"> de r\u00e9solution verticale et de r\u00e9solutions horizontales configurables (jusqu&#039;\u00e0 2048), permettant la collecte de nuages de points 3D riches et d\u00e9taill\u00e9s.<\/span>\n<ul>\n<li><b>Nombre maximal de points par seconde\u00a0:<\/b><span class=\"citation-493 citation-end-493\"> Jusqu&#039;\u00e0 2,62 millions de points par seconde (avec double retour dans certains modes).<\/span><\/li>\n<li><b>Champ de vision vertical :<\/b><span class=\"citation-492 citation-end-492\">\u00a0<\/span><span class=\"math-inline\" data-math=\"22.5^{\\circ}\">22,5\u00ba<\/span><\/li>\n<li><b><span class=\"citation-491\">Pr\u00e9cision:<\/span><\/b><span class=\"citation-491 citation-end-491\">\u00a0<span style=\"font-size: 13.3333px;\">+-<\/span><\/span><span class=\"math-inline\" data-math=\"\\pm 2\"> 2<\/span><span class=\"citation-490 citation-end-490\">\u00a0cm (minimum).<\/span><\/li>\n<\/ul>\n<\/li>\n<li><b><span class=\"citation-489\">Capacit\u00e9 de retour double :<\/span><\/b><span class=\"citation-489 citation-end-489\"> Fournit les signaux de retour les plus forts et les deuxi\u00e8mes plus forts, am\u00e9liorant la d\u00e9tection d&#039;objets dans des conditions difficiles comme la pluie, le brouillard ou lors de la d\u00e9tection \u00e0 travers un feuillage l\u00e9ger.<\/span><\/li>\n<li><b><span class=\"citation-488\">Robuste et fiable :<\/span><\/b><span class=\"citation-488 citation-end-488\"> Con\u00e7u pour les environnements int\u00e9rieurs\/ext\u00e9rieurs par tous les temps.<\/span>\u00a0<span class=\"citation-487\">Il dispose d&#039;un indice de protection robuste de <\/span><b><span class=\"citation-487\">IP68 et IP69K<\/span><\/b><span class=\"citation-487 citation-end-487\">, le rendant imperm\u00e9able et r\u00e9sistant aux projections \u00e0 haute pression\/haute temp\u00e9rature, ainsi qu&#039;extr\u00eamement r\u00e9sistant aux chocs et aux vibrations.<\/span><\/li>\n<li><b>Avantage du Lidar num\u00e9rique :<\/b><span class=\"citation-486\"> Construit sur l&#039;architecture LiDAR num\u00e9rique d&#039;Ouster, il offre une r\u00e9solution fixe par image, une immunit\u00e9 \u00e0 la diaphonie multi-capteurs et g\u00e9n\u00e8re des donn\u00e9es suppl\u00e9mentaires telles que <\/span><b><span class=\"citation-486\">proche infrarouge de qualit\u00e9 cam\u00e9ra<\/span><\/b><span class=\"citation-486 citation-end-486\"> et des donn\u00e9es de r\u00e9flectivit\u00e9 calibr\u00e9es, combinant la fonctionnalit\u00e9 d&#039;une cam\u00e9ra avec un LiDAR haute r\u00e9solution.<\/span><\/li>\n<li><b>Compact et l\u00e9ger :<\/b><span class=\"citation-485 citation-end-485\"> Malgr\u00e9 ses performances \u00e0 longue port\u00e9e, l&#039;OS2 conserve un format compact et l\u00e9ger (environ 1,5 m).<\/span>\u00a01100 g) pour une int\u00e9gration facile dans les v\u00e9hicules, la robotique et les infrastructures fixes.<\/li>\n<\/ul>\n<p>La combinaison de d\u00e9tection longue port\u00e9e, d&#039;imagerie 3D haute r\u00e9solution et de conception num\u00e9rique robuste de l&#039;OS2-128 Rev7 en fait un choix de premier ordre pour les projets n\u00e9cessitant une perception pr\u00e9cise et fiable sur de longues distances.<\/p>\n<\/div>\n<\/div>\n<\/div>\n<\/div>","protected":false},"excerpt":{"rendered":"<p><span class=\"citation-497\">Le <\/span><b><span class=\"citation-497\">Ouster OS2-128 Rev7<\/span><\/b><span class=\"citation-497 citation-end-497\"> est un capteur LiDAR d&#039;imagerie longue port\u00e9e hautes performances, faisant partie de la deuxi\u00e8me g\u00e9n\u00e9ration de LiDAR num\u00e9rique d&#039;Ouster.<\/span> <span class=\"citation-496 citation-end-496\">Il est con\u00e7u pour offrir une perception haute r\u00e9solution pour des applications exigeantes telles que la conduite autonome \u00e0 grande vitesse, la surveillance des infrastructures \u00e0 grande \u00e9chelle et l&#039;automatisation industrielle \u00e0 longue port\u00e9e.<\/span><\/p>","protected":false},"featured_media":21979,"comment_status":"open","ping_status":"closed","template":"","meta":[],"product_brand":[1140],"product_cat":[1139,1037,1040],"product_tag":[1142,1141],"class_list":{"0":"post-22008","1":"product","2":"type-product","3":"status-publish","4":"has-post-thumbnail","6":"product_brand-ouster","7":"product_cat-ouster-lidars","8":"product_cat-robotics","9":"product_cat-sensors-robotics","10":"product_tag-ouster-dome-lidar","11":"product_tag-ouster-lidars","13":"first","14":"onbackorder","15":"taxable","16":"shipping-taxable","17":"purchasable","18":"product-type-simple"},"yoast_head":"<!-- This site is optimized with the Yoast SEO plugin v27.4 - https:\/\/yoast.com\/product\/yoast-seo-wordpress\/ -->\n<title>Ouster OS2-128 Rev7 - Ghostysky<\/title>\n<meta name=\"description\" content=\"The Ouster OS2-128 Rev7 is a high-performance, long-range imaging LiDAR sensor, part of Ouster&#039;s second generation of digital LiDAR. It is engineered to deliver high-resolution perception for demanding applications such as highway-speed autonomous driving, large-scale infrastructure monitoring, and long-range industrial automation.\" \/>\n<meta name=\"robots\" content=\"index, follow, max-snippet:-1, max-image-preview:large, max-video-preview:-1\" \/>\n<link rel=\"canonical\" href=\"https:\/\/www.ghostysky.com\/fr\/product\/ouster-os2-128-rev7\/\" \/>\n<meta property=\"og:locale\" content=\"fr_FR\" \/>\n<meta property=\"og:type\" content=\"article\" \/>\n<meta property=\"og:title\" content=\"Ouster OS2-128 Rev7 - Ghostysky\" \/>\n<meta property=\"og:description\" content=\"The Ouster OS2-128 Rev7 is a high-performance, long-range imaging LiDAR sensor, part of Ouster&#039;s second generation of digital LiDAR. It is engineered to deliver high-resolution perception for demanding applications such as highway-speed autonomous driving, large-scale infrastructure monitoring, and long-range industrial automation.\" \/>\n<meta property=\"og:url\" content=\"https:\/\/www.ghostysky.com\/fr\/product\/ouster-os2-128-rev7\/\" \/>\n<meta property=\"og:site_name\" content=\"Ghostysky\" \/>\n<meta property=\"article:publisher\" content=\"https:\/\/www.facebook.com\/people\/Ghostysky\/100057676170234\/\" \/>\n<meta property=\"article:modified_time\" content=\"2026-02-24T13:44:21+00:00\" \/>\n<meta property=\"og:image\" content=\"https:\/\/www.ghostysky.com\/wp-content\/uploads\/2025\/10\/GH_Ouster-Ouster-OS0-32-Rev7_1.png\" \/>\n\t<meta property=\"og:image:width\" content=\"800\" \/>\n\t<meta property=\"og:image:height\" content=\"800\" \/>\n\t<meta property=\"og:image:type\" content=\"image\/png\" \/>\n<meta name=\"twitter:card\" content=\"summary_large_image\" \/>\n<meta name=\"twitter:site\" content=\"@Gh0stysky\" \/>\n<meta name=\"twitter:label1\" content=\"Dur\u00e9e de lecture estim\u00e9e\" \/>\n\t<meta name=\"twitter:data1\" content=\"2 minutes\" \/>\n<script type=\"application\/ld+json\" class=\"yoast-schema-graph\">{\"@context\":\"https:\\\/\\\/schema.org\",\"@graph\":[{\"@type\":\"WebPage\",\"@id\":\"https:\\\/\\\/www.ghostysky.com\\\/product\\\/ouster-os2-128-rev7\\\/\",\"url\":\"https:\\\/\\\/www.ghostysky.com\\\/product\\\/ouster-os2-128-rev7\\\/\",\"name\":\"Ouster OS2-128 Rev7 - Ghostysky\",\"isPartOf\":{\"@id\":\"https:\\\/\\\/www.ghostysky.com\\\/#website\"},\"primaryImageOfPage\":{\"@id\":\"https:\\\/\\\/www.ghostysky.com\\\/product\\\/ouster-os2-128-rev7\\\/#primaryimage\"},\"image\":{\"@id\":\"https:\\\/\\\/www.ghostysky.com\\\/product\\\/ouster-os2-128-rev7\\\/#primaryimage\"},\"thumbnailUrl\":\"https:\\\/\\\/www.ghostysky.com\\\/wp-content\\\/uploads\\\/2025\\\/10\\\/GH_Ouster-Ouster-OS0-32-Rev7_1.png\",\"datePublished\":\"2025-10-19T10:17:55+00:00\",\"dateModified\":\"2026-02-24T13:44:21+00:00\",\"description\":\"The Ouster OS2-128 Rev7 is a high-performance, long-range imaging LiDAR sensor, part of Ouster's second generation of digital LiDAR. It is engineered to deliver high-resolution perception for demanding applications such as highway-speed autonomous driving, large-scale infrastructure monitoring, and long-range industrial automation.\",\"breadcrumb\":{\"@id\":\"https:\\\/\\\/www.ghostysky.com\\\/product\\\/ouster-os2-128-rev7\\\/#breadcrumb\"},\"inLanguage\":\"fr-FR\",\"potentialAction\":[{\"@type\":\"ReadAction\",\"target\":[\"https:\\\/\\\/www.ghostysky.com\\\/product\\\/ouster-os2-128-rev7\\\/\"]}]},{\"@type\":\"ImageObject\",\"inLanguage\":\"fr-FR\",\"@id\":\"https:\\\/\\\/www.ghostysky.com\\\/product\\\/ouster-os2-128-rev7\\\/#primaryimage\",\"url\":\"https:\\\/\\\/www.ghostysky.com\\\/wp-content\\\/uploads\\\/2025\\\/10\\\/GH_Ouster-Ouster-OS0-32-Rev7_1.png\",\"contentUrl\":\"https:\\\/\\\/www.ghostysky.com\\\/wp-content\\\/uploads\\\/2025\\\/10\\\/GH_Ouster-Ouster-OS0-32-Rev7_1.png\",\"width\":800,\"height\":800},{\"@type\":\"BreadcrumbList\",\"@id\":\"https:\\\/\\\/www.ghostysky.com\\\/product\\\/ouster-os2-128-rev7\\\/#breadcrumb\",\"itemListElement\":[{\"@type\":\"ListItem\",\"position\":1,\"name\":\"Home\",\"item\":\"https:\\\/\\\/www.ghostysky.com\\\/\"},{\"@type\":\"ListItem\",\"position\":2,\"name\":\"Shop\",\"item\":\"https:\\\/\\\/www.ghostysky.com\\\/shop\\\/\"},{\"@type\":\"ListItem\",\"position\":3,\"name\":\"Ouster OS2-128 Rev7\"}]},{\"@type\":\"WebSite\",\"@id\":\"https:\\\/\\\/www.ghostysky.com\\\/#website\",\"url\":\"https:\\\/\\\/www.ghostysky.com\\\/\",\"name\":\"Ghostysky\",\"description\":\"Delivering professional drones and services\",\"publisher\":{\"@id\":\"https:\\\/\\\/www.ghostysky.com\\\/#organization\"},\"potentialAction\":[{\"@type\":\"SearchAction\",\"target\":{\"@type\":\"EntryPoint\",\"urlTemplate\":\"https:\\\/\\\/www.ghostysky.com\\\/?s={search_term_string}\"},\"query-input\":{\"@type\":\"PropertyValueSpecification\",\"valueRequired\":true,\"valueName\":\"search_term_string\"}}],\"inLanguage\":\"fr-FR\"},{\"@type\":\"Organization\",\"@id\":\"https:\\\/\\\/www.ghostysky.com\\\/#organization\",\"name\":\"Ghostysky\",\"url\":\"https:\\\/\\\/www.ghostysky.com\\\/\",\"logo\":{\"@type\":\"ImageObject\",\"inLanguage\":\"fr-FR\",\"@id\":\"https:\\\/\\\/www.ghostysky.com\\\/#\\\/schema\\\/logo\\\/image\\\/\",\"url\":\"https:\\\/\\\/www.ghostysky.com\\\/wp-content\\\/uploads\\\/2020\\\/06\\\/cropped-ghostyskylogo_text_white2.png\",\"contentUrl\":\"https:\\\/\\\/www.ghostysky.com\\\/wp-content\\\/uploads\\\/2020\\\/06\\\/cropped-ghostyskylogo_text_white2.png\",\"width\":169,\"height\":56,\"caption\":\"Ghostysky\"},\"image\":{\"@id\":\"https:\\\/\\\/www.ghostysky.com\\\/#\\\/schema\\\/logo\\\/image\\\/\"},\"sameAs\":[\"https:\\\/\\\/www.facebook.com\\\/people\\\/Ghostysky\\\/100057676170234\\\/\",\"https:\\\/\\\/x.com\\\/Gh0stysky\",\"https:\\\/\\\/www.linkedin.com\\\/company\\\/34739653\",\"https:\\\/\\\/www.instagram.com\\\/gh0stysky\"]}]}<\/script>\n<!-- \/ Yoast SEO plugin. -->","yoast_head_json":{"title":"Ouster OS2-128 Rev7 - Ghostysky","description":"L&#039;Ouster OS2-128 Rev7 est un capteur LiDAR d&#039;imagerie longue port\u00e9e hautes performances, issu de la deuxi\u00e8me g\u00e9n\u00e9ration de LiDAR num\u00e9rique d&#039;Ouster. Il est con\u00e7u pour offrir une perception haute r\u00e9solution pour des applications exigeantes telles que la conduite autonome sur autoroute, la surveillance des infrastructures \u00e0 grande \u00e9chelle et l&#039;automatisation industrielle longue port\u00e9e.","robots":{"index":"index","follow":"follow","max-snippet":"max-snippet:-1","max-image-preview":"max-image-preview:large","max-video-preview":"max-video-preview:-1"},"canonical":"https:\/\/www.ghostysky.com\/fr\/product\/ouster-os2-128-rev7\/","og_locale":"fr_FR","og_type":"article","og_title":"Ouster OS2-128 Rev7 - Ghostysky","og_description":"The Ouster OS2-128 Rev7 is a high-performance, long-range imaging LiDAR sensor, part of Ouster's second generation of digital LiDAR. It is engineered to deliver high-resolution perception for demanding applications such as highway-speed autonomous driving, large-scale infrastructure monitoring, and long-range industrial automation.","og_url":"https:\/\/www.ghostysky.com\/fr\/product\/ouster-os2-128-rev7\/","og_site_name":"Ghostysky","article_publisher":"https:\/\/www.facebook.com\/people\/Ghostysky\/100057676170234\/","article_modified_time":"2026-02-24T13:44:21+00:00","og_image":[{"width":800,"height":800,"url":"https:\/\/www.ghostysky.com\/wp-content\/uploads\/2025\/10\/GH_Ouster-Ouster-OS0-32-Rev7_1.png","type":"image\/png"}],"twitter_card":"summary_large_image","twitter_site":"@Gh0stysky","twitter_misc":{"Dur\u00e9e de lecture estim\u00e9e":"2 minutes"},"schema":{"@context":"https:\/\/schema.org","@graph":[{"@type":"WebPage","@id":"https:\/\/www.ghostysky.com\/product\/ouster-os2-128-rev7\/","url":"https:\/\/www.ghostysky.com\/product\/ouster-os2-128-rev7\/","name":"Ouster OS2-128 Rev7 - Ghostysky","isPartOf":{"@id":"https:\/\/www.ghostysky.com\/#website"},"primaryImageOfPage":{"@id":"https:\/\/www.ghostysky.com\/product\/ouster-os2-128-rev7\/#primaryimage"},"image":{"@id":"https:\/\/www.ghostysky.com\/product\/ouster-os2-128-rev7\/#primaryimage"},"thumbnailUrl":"https:\/\/www.ghostysky.com\/wp-content\/uploads\/2025\/10\/GH_Ouster-Ouster-OS0-32-Rev7_1.png","datePublished":"2025-10-19T10:17:55+00:00","dateModified":"2026-02-24T13:44:21+00:00","description":"L&#039;Ouster OS2-128 Rev7 est un capteur LiDAR d&#039;imagerie longue port\u00e9e hautes performances, issu de la deuxi\u00e8me g\u00e9n\u00e9ration de LiDAR num\u00e9rique d&#039;Ouster. Il est con\u00e7u pour offrir une perception haute r\u00e9solution pour des applications exigeantes telles que la conduite autonome sur autoroute, la surveillance des infrastructures \u00e0 grande \u00e9chelle et l&#039;automatisation industrielle longue port\u00e9e.","breadcrumb":{"@id":"https:\/\/www.ghostysky.com\/product\/ouster-os2-128-rev7\/#breadcrumb"},"inLanguage":"fr-FR","potentialAction":[{"@type":"ReadAction","target":["https:\/\/www.ghostysky.com\/product\/ouster-os2-128-rev7\/"]}]},{"@type":"ImageObject","inLanguage":"fr-FR","@id":"https:\/\/www.ghostysky.com\/product\/ouster-os2-128-rev7\/#primaryimage","url":"https:\/\/www.ghostysky.com\/wp-content\/uploads\/2025\/10\/GH_Ouster-Ouster-OS0-32-Rev7_1.png","contentUrl":"https:\/\/www.ghostysky.com\/wp-content\/uploads\/2025\/10\/GH_Ouster-Ouster-OS0-32-Rev7_1.png","width":800,"height":800},{"@type":"BreadcrumbList","@id":"https:\/\/www.ghostysky.com\/product\/ouster-os2-128-rev7\/#breadcrumb","itemListElement":[{"@type":"ListItem","position":1,"name":"Home","item":"https:\/\/www.ghostysky.com\/"},{"@type":"ListItem","position":2,"name":"Shop","item":"https:\/\/www.ghostysky.com\/shop\/"},{"@type":"ListItem","position":3,"name":"Ouster OS2-128 Rev7"}]},{"@type":"WebSite","@id":"https:\/\/www.ghostysky.com\/#website","url":"https:\/\/www.ghostysky.com\/","name":"Ghostysky","description":"Livraison de drones et de services professionnels","publisher":{"@id":"https:\/\/www.ghostysky.com\/#organization"},"potentialAction":[{"@type":"SearchAction","target":{"@type":"EntryPoint","urlTemplate":"https:\/\/www.ghostysky.com\/?s={search_term_string}"},"query-input":{"@type":"PropertyValueSpecification","valueRequired":true,"valueName":"search_term_string"}}],"inLanguage":"fr-FR"},{"@type":"Organization","@id":"https:\/\/www.ghostysky.com\/#organization","name":"Ghostysky","url":"https:\/\/www.ghostysky.com\/","logo":{"@type":"ImageObject","inLanguage":"fr-FR","@id":"https:\/\/www.ghostysky.com\/#\/schema\/logo\/image\/","url":"https:\/\/www.ghostysky.com\/wp-content\/uploads\/2020\/06\/cropped-ghostyskylogo_text_white2.png","contentUrl":"https:\/\/www.ghostysky.com\/wp-content\/uploads\/2020\/06\/cropped-ghostyskylogo_text_white2.png","width":169,"height":56,"caption":"Ghostysky"},"image":{"@id":"https:\/\/www.ghostysky.com\/#\/schema\/logo\/image\/"},"sameAs":["https:\/\/www.facebook.com\/people\/Ghostysky\/100057676170234\/","https:\/\/x.com\/Gh0stysky","https:\/\/www.linkedin.com\/company\/34739653","https:\/\/www.instagram.com\/gh0stysky"]}]}},"_links":{"self":[{"href":"https:\/\/www.ghostysky.com\/fr\/wp-json\/wp\/v2\/product\/22008","targetHints":{"allow":["GET"]}}],"collection":[{"href":"https:\/\/www.ghostysky.com\/fr\/wp-json\/wp\/v2\/product"}],"about":[{"href":"https:\/\/www.ghostysky.com\/fr\/wp-json\/wp\/v2\/types\/product"}],"replies":[{"embeddable":true,"href":"https:\/\/www.ghostysky.com\/fr\/wp-json\/wp\/v2\/comments?post=22008"}],"version-history":[{"count":0,"href":"https:\/\/www.ghostysky.com\/fr\/wp-json\/wp\/v2\/product\/22008\/revisions"}],"wp:featuredmedia":[{"embeddable":true,"href":"https:\/\/www.ghostysky.com\/fr\/wp-json\/wp\/v2\/media\/21979"}],"wp:attachment":[{"href":"https:\/\/www.ghostysky.com\/fr\/wp-json\/wp\/v2\/media?parent=22008"}],"wp:term":[{"taxonomy":"product_brand","embeddable":true,"href":"https:\/\/www.ghostysky.com\/fr\/wp-json\/wp\/v2\/product_brand?post=22008"},{"taxonomy":"product_cat","embeddable":true,"href":"https:\/\/www.ghostysky.com\/fr\/wp-json\/wp\/v2\/product_cat?post=22008"},{"taxonomy":"product_tag","embeddable":true,"href":"https:\/\/www.ghostysky.com\/fr\/wp-json\/wp\/v2\/product_tag?post=22008"}],"curies":[{"name":"wp","href":"https:\/\/api.w.org\/{rel}","templated":true}]}}