{"id":22012,"date":"2025-10-19T12:00:09","date_gmt":"2025-10-19T12:00:09","guid":{"rendered":"https:\/\/www.ghostysky.com\/?post_type=product&#038;p=22012"},"modified":"2026-02-24T13:53:35","modified_gmt":"2026-02-24T13:53:35","slug":"ouster-os0-64-rev7-sr","status":"publish","type":"product","link":"https:\/\/www.ghostysky.com\/fr\/product\/ouster-os0-64-rev7-sr\/","title":{"rendered":"Ouster OS0-64 Rev7 SR"},"content":{"rendered":"<div id=\"model-response-message-contentr_8cade3a3a392d67c\" class=\"markdown markdown-main-panel stronger enable-updated-hr-color\" dir=\"ltr\">\n<div id=\"model-response-message-contentr_13f1f7e95ab2a8ec\" class=\"markdown markdown-main-panel stronger enable-updated-hr-color\" dir=\"ltr\">\n<div id=\"model-response-message-contentr_30f8c942791a5642\" class=\"markdown markdown-main-panel stronger enable-updated-hr-color\" dir=\"ltr\">\n<h4>Principales caract\u00e9ristiques et sp\u00e9cifications<\/h4>\n<p><span class=\"citation-543\">L&#039;OS0-64 Rev7 SR exploite la technologie propri\u00e9taire d&#039;Ouster <\/span><b><span class=\"citation-543\">Lidar num\u00e9rique<\/span><\/b><span class=\"citation-543\"> technologie, aliment\u00e9e par le nouveau <\/span><b><span class=\"citation-543\">Puce L3<\/span><\/b><span class=\"citation-543 citation-end-543\">, qui offre une am\u00e9lioration significative des performances, de la pr\u00e9cision et de la fiabilit\u00e9 par rapport aux g\u00e9n\u00e9rations pr\u00e9c\u00e9dentes.<\/span><\/p>\n<table>\n<thead>\n<tr>\n<td><strong>Fonctionnalit\u00e9<\/strong><\/td>\n<td><strong>Sp\u00e9cification \/ D\u00e9tail<\/strong><\/td>\n<\/tr>\n<\/thead>\n<tbody>\n<tr>\n<td><b>Canaux (R\u00e9solution)<\/b><\/td>\n<td>64 canaux verticaux<\/td>\n<\/tr>\n<tr>\n<td><b>Champ de vision (FOV)<\/b><\/td>\n<td><b>90,8\u00b0<\/b> (Verticale) x <b>360\u00b0<\/b> (Horizontal) pour une perception sup\u00e9rieure du champ proche<\/td>\n<\/tr>\n<tr>\n<td><b>Plage maximale repr\u00e9sentable<\/b><\/td>\n<td>207 m\u00e8tres<\/td>\n<\/tr>\n<tr>\n<td><b>Port\u00e9e (r\u00e9flectivit\u00e9 10%)<\/b><\/td>\n<td><span class=\"math-inline\" data-math=\"\\sim 15\\text{ m}\">~~ 15 m<\/span> (&gt;=<span class=\"math-inline\" data-math=\"\\ge 90\\%\"> 90%<\/span> probabilit\u00e9 de d\u00e9tection) dans <span class=\"math-inline\" data-math=\"100\\text{ klx}\">100 klx<\/span>\u00a0soleil<\/td>\n<\/tr>\n<tr>\n<td><b>Port\u00e9e minimale<\/b><\/td>\n<td><span class=\"math-inline\" data-math=\"0.3\\text{ m}\">0,3 m<\/span> (configurable \u00e0 partir de <span class=\"math-inline\" data-math=\"0.5\\text{ m}\">0,5 m<\/span>\u00a0d\u00e9faut)<\/td>\n<\/tr>\n<tr>\n<td><b>Points par seconde<\/b><\/td>\n<td>Jusqu&#039;\u00e0 <span class=\"math-inline\" data-math=\"1,310,720\">1,310,720<\/span>\u00a0(configurable)<\/td>\n<\/tr>\n<tr>\n<td><b>Pr\u00e9cision<\/b><\/td>\n<td><b>Niveau millim\u00e9trique<\/b> pr\u00e9cision, <span class=\"math-inline\" data-math=\"\\pm 2.5\\text{ cm}\">\u00b1 2,5 cm<\/span>\u00a0typique des cibles lambertiennes<\/td>\n<\/tr>\n<tr>\n<td><b>Retours<\/b><\/td>\n<td>Jusqu&#039;\u00e0 <b>Retours doubles<\/b> par impulsion laser pour une classification am\u00e9lior\u00e9e des objets<\/td>\n<\/tr>\n<tr>\n<td><b>Sortir<\/b><\/td>\n<td>Donn\u00e9es 3D en temps r\u00e9el via UDP sur Gigabit Ethernet<\/td>\n<\/tr>\n<tr>\n<td><b>Durabilit\u00e9 et \u00e9valuation<\/b><\/td>\n<td>Facteur de forme robuste et compact avec <b>IP68\/IP69K<\/b> protection contre les intrusions<\/td>\n<\/tr>\n<tr>\n<td><b>Temp\u00e9rature de fonctionnement<\/b><\/td>\n<td><span class=\"math-inline\" data-math=\"-40\\text{ \u00b0C}\">-40 \u00b0C<\/span> \u00e0 <span class=\"math-inline\" data-math=\"+60\\text{ \u00b0C}\">+60 \u00b0C<\/span><\/td>\n<\/tr>\n<tr>\n<td><b>Poids<\/b><\/td>\n<td>L\u00e9ger, environ <span class=\"math-inline\" data-math=\"502\\text{ g}\">502 g<\/span>\u00a0(avec capuchon radial)<\/td>\n<\/tr>\n<tr>\n<td><b>Technologie<\/b><\/td>\n<td>Propri\u00e9taire <b>SPAD<\/b> D\u00e9tecteurs (Single-Photon Avalanche Diode) et puce L3<\/td>\n<\/tr>\n<\/tbody>\n<\/table>\n<h4>Avantages et applications<\/h4>\n<h4>Performance et fiabilit\u00e9<\/h4>\n<ul>\n<li><b>Vue ultra-large :<\/b><span class=\"citation-542 citation-end-542\"> Le <\/span><span class=\"math-inline\" data-math=\"90^{\\circ}\">90\u00ba <\/span><span class=\"citation-541 citation-end-541\">Le champ de vision vertical permet au capteur de voir du sol au plafond\/haut d&#039;un v\u00e9hicule, ce qui est essentiel pour d\u00e9tecter les bordures de trottoir, les palettes ou les obstacles a\u00e9riens \u00e0 proximit\u00e9.<\/span><\/li>\n<li><b><span class=\"citation-540\">Donn\u00e9es de haute qualit\u00e9 :<\/span><\/b><span class=\"citation-540 citation-end-540\"> Il fournit des nuages de points propres et denses ainsi que des donn\u00e9es de signal et de proche infrarouge de qualit\u00e9 cam\u00e9ra 2D align\u00e9es sur les pixels, m\u00eame dans des conditions difficiles comme la poussi\u00e8re ou le brouillard, gr\u00e2ce aux doubles retours et \u00e0 la suppression de la diaphonie multi-capteurs.<\/span><\/li>\n<li><b><span class=\"citation-539\">Conception robuste :<\/span><\/b><span class=\"citation-539 citation-end-539\"> Con\u00e7u pour une fiabilit\u00e9 r\u00e9elle avec des composants de qualit\u00e9 automobile, le capteur r\u00e9siste aux chocs, aux vibrations et aux temp\u00e9ratures extr\u00eames, ce qui le rend adapt\u00e9 aux environnements int\u00e9rieurs et ext\u00e9rieurs par tous les temps.<\/span><\/li>\n<\/ul>\n<h4>Facilit\u00e9 d&#039;int\u00e9gration<\/h4>\n<ul>\n<li><b>Taille compacte :<\/b><span class=\"citation-538 citation-end-538\"> Sa petite taille et son poids l\u00e9ger permettent une int\u00e9gration facile et transparente dans les drones, les robots mobiles et les v\u00e9hicules.<\/span><\/li>\n<li><b>Pr\u00eat pour l&#039;autonomie :<\/b><span class=\"citation-537\"> Prend en charge les normes de l&#039;industrie <\/span><b><span class=\"citation-537\">Ethernet GigE<\/span><\/b><span class=\"citation-537\"> connectivit\u00e9, avec open-source <\/span><b><span class=\"citation-537\">ROS\/ROS2<\/span><\/b><span class=\"citation-537 citation-end-537\"> et les pilotes C++, simplifiant le d\u00e9veloppement et le d\u00e9ploiement.<\/span><\/li>\n<\/ul>\n<h4>Applications id\u00e9ales<\/h4>\n<p>L&#039;OS0-64 Rev7 SR est principalement optimis\u00e9 pour <b>perception \u00e0 courte port\u00e9e et \u00e0 haute r\u00e9solution<\/b> dans des domaines tels que :<\/p>\n<ul>\n<li><b><span class=\"citation-536\">Robots mobiles autonomes (AMR)<\/span><\/b><span class=\"citation-536\"> et <\/span><b><span class=\"citation-536 citation-end-536\">Automatisation des entrep\u00f4ts<\/span><\/b><\/li>\n<li><b>Robotique<\/b> et <b>Drones<\/b><\/li>\n<li><b><span class=\"citation-535\">V\u00e9hicules autonomes (VA)<\/span><\/b><span class=\"citation-535\"> et <\/span><b><span class=\"citation-535\">ADAS<\/span><\/b><span class=\"citation-535 citation-end-535\"> (Syst\u00e8mes avanc\u00e9s d&#039;assistance \u00e0 la conduite) pour la perception en champ proche<\/span><\/li>\n<li><b>Cartographie 3D de haute pr\u00e9cision<\/b> pour les environnements int\u00e9rieurs et urbains<\/li>\n<\/ul>\n<\/div>\n<\/div>\n<\/div>","protected":false},"excerpt":{"rendered":"<p><span class=\"citation-545\">L&#039;Ouster OS0-64 Rev7 SR est un ordinateur portable compact et performant <\/span><b><span class=\"citation-545\">capteur LiDAR num\u00e9rique \u00e0 champ de vision ultra-large (FOV)<\/span><\/b><span class=\"citation-545 citation-end-545\"> con\u00e7u pour la perception \u00e0 courte port\u00e9e et de haute pr\u00e9cision dans des applications exigeantes telles que la robotique, l&#039;automatisation des entrep\u00f4ts et les v\u00e9hicules autonomes (AV).<\/span><\/p>\n<p><span class=\"citation-544\">La d\u00e9signation \u00ab SR \u00bb signifie <\/span><b><span class=\"citation-544\">courte port\u00e9e<\/span><\/b><span class=\"citation-544\">, optimisant le capteur pour la d\u00e9tection rapproch\u00e9e et la cartographie environnementale d\u00e9taill\u00e9e, tandis que le <\/span><b><span class=\"citation-544\">64 cha\u00eenes<\/span><\/b><span class=\"citation-544 citation-end-544\"> fournir un nuage de points dense et \u00e0 haute r\u00e9solution.<\/span><\/p>","protected":false},"featured_media":21979,"comment_status":"open","ping_status":"closed","template":"","meta":[],"product_brand":[1140],"product_cat":[1139,1037,1040],"product_tag":[1142,1141,1143],"class_list":{"0":"post-22012","1":"product","2":"type-product","3":"status-publish","4":"has-post-thumbnail","6":"product_brand-ouster","7":"product_cat-ouster-lidars","8":"product_cat-robotics","9":"product_cat-sensors-robotics","10":"product_tag-ouster-dome-lidar","11":"product_tag-ouster-lidars","12":"product_tag-ouster-rev7-sr-series","14":"first","15":"onbackorder","16":"taxable","17":"shipping-taxable","18":"purchasable","19":"product-type-simple"},"yoast_head":"<!-- This site is optimized with the Yoast SEO plugin v27.1.1 - https:\/\/yoast.com\/product\/yoast-seo-wordpress\/ -->\n<title>Ouster OS0-64 Rev7 SR - Ghostysky<\/title>\n<meta name=\"description\" content=\"The Ouster OS0-64 Rev7 SR is a compact, high-performance ultra-wide field-of-view (FOV) digital LiDAR sensor designed for short-range, high-precision perception in demanding applications like robotics, warehouse automation, and autonomous vehicles (AVs).The &quot;SR&quot; designation stands for Short Range, optimizing the sensor for close-quarters detection and detailed environmental mapping, while the 64 channels provide a high-resolution, dense point cloud.\" \/>\n<meta name=\"robots\" content=\"index, follow, max-snippet:-1, max-image-preview:large, max-video-preview:-1\" \/>\n<link rel=\"canonical\" href=\"https:\/\/www.ghostysky.com\/fr\/product\/ouster-os0-64-rev7-sr\/\" \/>\n<meta property=\"og:locale\" content=\"fr_FR\" \/>\n<meta property=\"og:type\" content=\"article\" \/>\n<meta property=\"og:title\" content=\"Ouster OS0-64 Rev7 SR - Ghostysky\" \/>\n<meta property=\"og:description\" content=\"The Ouster OS0-64 Rev7 SR is a compact, high-performance ultra-wide field-of-view (FOV) digital LiDAR sensor designed for short-range, high-precision perception in demanding applications like robotics, warehouse automation, and autonomous vehicles (AVs).The &quot;SR&quot; designation stands for Short Range, optimizing the sensor for close-quarters detection and detailed environmental mapping, while the 64 channels provide a high-resolution, dense point cloud.\" \/>\n<meta property=\"og:url\" content=\"https:\/\/www.ghostysky.com\/fr\/product\/ouster-os0-64-rev7-sr\/\" \/>\n<meta property=\"og:site_name\" content=\"Ghostysky\" \/>\n<meta property=\"article:publisher\" content=\"https:\/\/www.facebook.com\/people\/Ghostysky\/100057676170234\/\" \/>\n<meta property=\"article:modified_time\" content=\"2026-02-24T13:53:35+00:00\" \/>\n<meta property=\"og:image\" content=\"https:\/\/www.ghostysky.com\/wp-content\/uploads\/2025\/10\/GH_Ouster-Ouster-OS0-32-Rev7_1.png\" \/>\n\t<meta property=\"og:image:width\" content=\"800\" \/>\n\t<meta property=\"og:image:height\" content=\"800\" \/>\n\t<meta property=\"og:image:type\" content=\"image\/png\" \/>\n<meta name=\"twitter:card\" content=\"summary_large_image\" \/>\n<meta name=\"twitter:site\" content=\"@Gh0stysky\" \/>\n<meta name=\"twitter:label1\" content=\"Dur\u00e9e de lecture estim\u00e9e\" \/>\n\t<meta name=\"twitter:data1\" content=\"2 minutes\" \/>\n<script type=\"application\/ld+json\" class=\"yoast-schema-graph\">{\"@context\":\"https:\/\/schema.org\",\"@graph\":[{\"@type\":\"WebPage\",\"@id\":\"https:\/\/www.ghostysky.com\/product\/ouster-os0-64-rev7-sr\/\",\"url\":\"https:\/\/www.ghostysky.com\/product\/ouster-os0-64-rev7-sr\/\",\"name\":\"Ouster OS0-64 Rev7 SR - Ghostysky\",\"isPartOf\":{\"@id\":\"https:\/\/www.ghostysky.com\/#website\"},\"primaryImageOfPage\":{\"@id\":\"https:\/\/www.ghostysky.com\/product\/ouster-os0-64-rev7-sr\/#primaryimage\"},\"image\":{\"@id\":\"https:\/\/www.ghostysky.com\/product\/ouster-os0-64-rev7-sr\/#primaryimage\"},\"thumbnailUrl\":\"https:\/\/www.ghostysky.com\/wp-content\/uploads\/2025\/10\/GH_Ouster-Ouster-OS0-32-Rev7_1.png\",\"datePublished\":\"2025-10-19T12:00:09+00:00\",\"dateModified\":\"2026-02-24T13:53:35+00:00\",\"description\":\"The Ouster OS0-64 Rev7 SR is a compact, high-performance ultra-wide field-of-view (FOV) digital LiDAR sensor designed for short-range, high-precision perception in demanding applications like robotics, warehouse automation, and autonomous vehicles (AVs).The \\\"SR\\\" designation stands for Short Range, optimizing the sensor for close-quarters detection and detailed environmental mapping, while the 64 channels provide a high-resolution, dense point cloud.\",\"breadcrumb\":{\"@id\":\"https:\/\/www.ghostysky.com\/product\/ouster-os0-64-rev7-sr\/#breadcrumb\"},\"inLanguage\":\"fr-FR\",\"potentialAction\":[{\"@type\":\"ReadAction\",\"target\":[\"https:\/\/www.ghostysky.com\/product\/ouster-os0-64-rev7-sr\/\"]}]},{\"@type\":\"ImageObject\",\"inLanguage\":\"fr-FR\",\"@id\":\"https:\/\/www.ghostysky.com\/product\/ouster-os0-64-rev7-sr\/#primaryimage\",\"url\":\"https:\/\/www.ghostysky.com\/wp-content\/uploads\/2025\/10\/GH_Ouster-Ouster-OS0-32-Rev7_1.png\",\"contentUrl\":\"https:\/\/www.ghostysky.com\/wp-content\/uploads\/2025\/10\/GH_Ouster-Ouster-OS0-32-Rev7_1.png\",\"width\":800,\"height\":800},{\"@type\":\"BreadcrumbList\",\"@id\":\"https:\/\/www.ghostysky.com\/product\/ouster-os0-64-rev7-sr\/#breadcrumb\",\"itemListElement\":[{\"@type\":\"ListItem\",\"position\":1,\"name\":\"Home\",\"item\":\"https:\/\/www.ghostysky.com\/\"},{\"@type\":\"ListItem\",\"position\":2,\"name\":\"Shop\",\"item\":\"https:\/\/www.ghostysky.com\/shop\/\"},{\"@type\":\"ListItem\",\"position\":3,\"name\":\"Ouster OS0-64 Rev7 SR\"}]},{\"@type\":\"WebSite\",\"@id\":\"https:\/\/www.ghostysky.com\/#website\",\"url\":\"https:\/\/www.ghostysky.com\/\",\"name\":\"Ghostysky\",\"description\":\"Delivering professional drones and services\",\"publisher\":{\"@id\":\"https:\/\/www.ghostysky.com\/#organization\"},\"potentialAction\":[{\"@type\":\"SearchAction\",\"target\":{\"@type\":\"EntryPoint\",\"urlTemplate\":\"https:\/\/www.ghostysky.com\/?s={search_term_string}\"},\"query-input\":{\"@type\":\"PropertyValueSpecification\",\"valueRequired\":true,\"valueName\":\"search_term_string\"}}],\"inLanguage\":\"fr-FR\"},{\"@type\":\"Organization\",\"@id\":\"https:\/\/www.ghostysky.com\/#organization\",\"name\":\"Ghostysky\",\"url\":\"https:\/\/www.ghostysky.com\/\",\"logo\":{\"@type\":\"ImageObject\",\"inLanguage\":\"fr-FR\",\"@id\":\"https:\/\/www.ghostysky.com\/#\/schema\/logo\/image\/\",\"url\":\"https:\/\/www.ghostysky.com\/wp-content\/uploads\/2020\/06\/cropped-ghostyskylogo_text_white2.png\",\"contentUrl\":\"https:\/\/www.ghostysky.com\/wp-content\/uploads\/2020\/06\/cropped-ghostyskylogo_text_white2.png\",\"width\":169,\"height\":56,\"caption\":\"Ghostysky\"},\"image\":{\"@id\":\"https:\/\/www.ghostysky.com\/#\/schema\/logo\/image\/\"},\"sameAs\":[\"https:\/\/www.facebook.com\/people\/Ghostysky\/100057676170234\/\",\"https:\/\/x.com\/Gh0stysky\",\"https:\/\/www.linkedin.com\/company\/34739653\",\"https:\/\/www.instagram.com\/gh0stysky\"]}]}<\/script>\n<!-- \/ Yoast SEO plugin. -->","yoast_head_json":{"title":"Ouster OS0-64 Rev7 SR - Ghostysky","description":"L&#039;Ouster OS0-64 Rev7 SR est un capteur LiDAR num\u00e9rique compact et hautes performances \u00e0 champ de vision ultra-large (FOV) con\u00e7u pour une perception \u00e0 courte port\u00e9e et de haute pr\u00e9cision dans des applications exigeantes telles que la robotique, l&#039;automatisation des entrep\u00f4ts et les v\u00e9hicules autonomes (AV). La d\u00e9signation \u00ab SR \u00bb signifie Short Range, optimisant le capteur pour la d\u00e9tection rapproch\u00e9e et la cartographie environnementale d\u00e9taill\u00e9e, tandis que les 64 canaux fournissent un nuage de points dense et haute r\u00e9solution.","robots":{"index":"index","follow":"follow","max-snippet":"max-snippet:-1","max-image-preview":"max-image-preview:large","max-video-preview":"max-video-preview:-1"},"canonical":"https:\/\/www.ghostysky.com\/fr\/product\/ouster-os0-64-rev7-sr\/","og_locale":"fr_FR","og_type":"article","og_title":"Ouster OS0-64 Rev7 SR - Ghostysky","og_description":"The Ouster OS0-64 Rev7 SR is a compact, high-performance ultra-wide field-of-view (FOV) digital LiDAR sensor designed for short-range, high-precision perception in demanding applications like robotics, warehouse automation, and autonomous vehicles (AVs).The \"SR\" designation stands for Short Range, optimizing the sensor for close-quarters detection and detailed environmental mapping, while the 64 channels provide a high-resolution, dense point cloud.","og_url":"https:\/\/www.ghostysky.com\/fr\/product\/ouster-os0-64-rev7-sr\/","og_site_name":"Ghostysky","article_publisher":"https:\/\/www.facebook.com\/people\/Ghostysky\/100057676170234\/","article_modified_time":"2026-02-24T13:53:35+00:00","og_image":[{"width":800,"height":800,"url":"https:\/\/www.ghostysky.com\/wp-content\/uploads\/2025\/10\/GH_Ouster-Ouster-OS0-32-Rev7_1.png","type":"image\/png"}],"twitter_card":"summary_large_image","twitter_site":"@Gh0stysky","twitter_misc":{"Dur\u00e9e de lecture estim\u00e9e":"2 minutes"},"schema":{"@context":"https:\/\/schema.org","@graph":[{"@type":"WebPage","@id":"https:\/\/www.ghostysky.com\/product\/ouster-os0-64-rev7-sr\/","url":"https:\/\/www.ghostysky.com\/product\/ouster-os0-64-rev7-sr\/","name":"Ouster OS0-64 Rev7 SR - Ghostysky","isPartOf":{"@id":"https:\/\/www.ghostysky.com\/#website"},"primaryImageOfPage":{"@id":"https:\/\/www.ghostysky.com\/product\/ouster-os0-64-rev7-sr\/#primaryimage"},"image":{"@id":"https:\/\/www.ghostysky.com\/product\/ouster-os0-64-rev7-sr\/#primaryimage"},"thumbnailUrl":"https:\/\/www.ghostysky.com\/wp-content\/uploads\/2025\/10\/GH_Ouster-Ouster-OS0-32-Rev7_1.png","datePublished":"2025-10-19T12:00:09+00:00","dateModified":"2026-02-24T13:53:35+00:00","description":"L&#039;Ouster OS0-64 Rev7 SR est un capteur LiDAR num\u00e9rique compact et hautes performances \u00e0 champ de vision ultra-large (FOV) con\u00e7u pour une perception \u00e0 courte port\u00e9e et de haute pr\u00e9cision dans des applications exigeantes telles que la robotique, l&#039;automatisation des entrep\u00f4ts et les v\u00e9hicules autonomes (AV). La d\u00e9signation \u00ab SR \u00bb signifie Short Range, optimisant le capteur pour la d\u00e9tection rapproch\u00e9e et la cartographie environnementale d\u00e9taill\u00e9e, tandis que les 64 canaux fournissent un nuage de points dense et haute r\u00e9solution.","breadcrumb":{"@id":"https:\/\/www.ghostysky.com\/product\/ouster-os0-64-rev7-sr\/#breadcrumb"},"inLanguage":"fr-FR","potentialAction":[{"@type":"ReadAction","target":["https:\/\/www.ghostysky.com\/product\/ouster-os0-64-rev7-sr\/"]}]},{"@type":"ImageObject","inLanguage":"fr-FR","@id":"https:\/\/www.ghostysky.com\/product\/ouster-os0-64-rev7-sr\/#primaryimage","url":"https:\/\/www.ghostysky.com\/wp-content\/uploads\/2025\/10\/GH_Ouster-Ouster-OS0-32-Rev7_1.png","contentUrl":"https:\/\/www.ghostysky.com\/wp-content\/uploads\/2025\/10\/GH_Ouster-Ouster-OS0-32-Rev7_1.png","width":800,"height":800},{"@type":"BreadcrumbList","@id":"https:\/\/www.ghostysky.com\/product\/ouster-os0-64-rev7-sr\/#breadcrumb","itemListElement":[{"@type":"ListItem","position":1,"name":"Home","item":"https:\/\/www.ghostysky.com\/"},{"@type":"ListItem","position":2,"name":"Shop","item":"https:\/\/www.ghostysky.com\/shop\/"},{"@type":"ListItem","position":3,"name":"Ouster OS0-64 Rev7 SR"}]},{"@type":"WebSite","@id":"https:\/\/www.ghostysky.com\/#website","url":"https:\/\/www.ghostysky.com\/","name":"Ghostysky","description":"Livraison de drones et de services professionnels","publisher":{"@id":"https:\/\/www.ghostysky.com\/#organization"},"potentialAction":[{"@type":"SearchAction","target":{"@type":"EntryPoint","urlTemplate":"https:\/\/www.ghostysky.com\/?s={search_term_string}"},"query-input":{"@type":"PropertyValueSpecification","valueRequired":true,"valueName":"search_term_string"}}],"inLanguage":"fr-FR"},{"@type":"Organization","@id":"https:\/\/www.ghostysky.com\/#organization","name":"Ghostysky","url":"https:\/\/www.ghostysky.com\/","logo":{"@type":"ImageObject","inLanguage":"fr-FR","@id":"https:\/\/www.ghostysky.com\/#\/schema\/logo\/image\/","url":"https:\/\/www.ghostysky.com\/wp-content\/uploads\/2020\/06\/cropped-ghostyskylogo_text_white2.png","contentUrl":"https:\/\/www.ghostysky.com\/wp-content\/uploads\/2020\/06\/cropped-ghostyskylogo_text_white2.png","width":169,"height":56,"caption":"Ghostysky"},"image":{"@id":"https:\/\/www.ghostysky.com\/#\/schema\/logo\/image\/"},"sameAs":["https:\/\/www.facebook.com\/people\/Ghostysky\/100057676170234\/","https:\/\/x.com\/Gh0stysky","https:\/\/www.linkedin.com\/company\/34739653","https:\/\/www.instagram.com\/gh0stysky"]}]}},"_links":{"self":[{"href":"https:\/\/www.ghostysky.com\/fr\/wp-json\/wp\/v2\/product\/22012","targetHints":{"allow":["GET"]}}],"collection":[{"href":"https:\/\/www.ghostysky.com\/fr\/wp-json\/wp\/v2\/product"}],"about":[{"href":"https:\/\/www.ghostysky.com\/fr\/wp-json\/wp\/v2\/types\/product"}],"replies":[{"embeddable":true,"href":"https:\/\/www.ghostysky.com\/fr\/wp-json\/wp\/v2\/comments?post=22012"}],"wp:featuredmedia":[{"embeddable":true,"href":"https:\/\/www.ghostysky.com\/fr\/wp-json\/wp\/v2\/media\/21979"}],"wp:attachment":[{"href":"https:\/\/www.ghostysky.com\/fr\/wp-json\/wp\/v2\/media?parent=22012"}],"wp:term":[{"taxonomy":"product_brand","embeddable":true,"href":"https:\/\/www.ghostysky.com\/fr\/wp-json\/wp\/v2\/product_brand?post=22012"},{"taxonomy":"product_cat","embeddable":true,"href":"https:\/\/www.ghostysky.com\/fr\/wp-json\/wp\/v2\/product_cat?post=22012"},{"taxonomy":"product_tag","embeddable":true,"href":"https:\/\/www.ghostysky.com\/fr\/wp-json\/wp\/v2\/product_tag?post=22012"}],"curies":[{"name":"wp","href":"https:\/\/api.w.org\/{rel}","templated":true}]}}